{"id":10803,"date":"2019-02-03T18:03:30","date_gmt":"2019-02-03T18:03:30","guid":{"rendered":"https:\/\/www.doctoragibert.com\/?page_id=10803"},"modified":"2021-09-12T15:39:24","modified_gmt":"2021-09-12T15:39:24","slug":"prevenir-cancer","status":"publish","type":"page","link":"https:\/\/www.doctoragibert.com\/es\/pacientes\/prevencion-en-ginecologia\/prevenir-cancer\/","title":{"rendered":"PREVENIR EL C\u00c1NCER: porque es insensato enfermar o morir si se puede evitar f\u00e1cilmente"},"content":{"rendered":"\t\t<div data-elementor-type=\"wp-page\" data-elementor-id=\"10803\" class=\"elementor elementor-10803 elementor-10797\">\n\t\t\t\t\t\t<section class=\"elementor-section elementor-top-section elementor-element elementor-element-f8c48cd elementor-section-boxed elementor-section-height-default elementor-section-height-default\" data-id=\"f8c48cd\" data-element_type=\"section\" data-settings=\"{&quot;background_background&quot;:&quot;classic&quot;}\">\n\t\t\t\t\t\t<div class=\"elementor-container elementor-column-gap-default\">\n\t\t\t\t\t<div class=\"elementor-column elementor-col-100 elementor-top-column elementor-element elementor-element-2eb5c40\" data-id=\"2eb5c40\" data-element_type=\"column\">\n\t\t\t<div class=\"elementor-widget-wrap elementor-element-populated\">\n\t\t\t\t\t\t<div class=\"elementor-element elementor-element-e04c246 elementor-widget elementor-widget-spacer\" data-id=\"e04c246\" data-element_type=\"widget\" data-widget_type=\"spacer.default\">\n\t\t\t\t<div class=\"elementor-widget-container\">\n\t\t\t\t\t\t\t<div class=\"elementor-spacer\">\n\t\t\t<div class=\"elementor-spacer-inner\"><\/div>\n\t\t<\/div>\n\t\t\t\t\t\t<\/div>\n\t\t\t\t<\/div>\n\t\t\t\t<div class=\"elementor-element elementor-element-82214c9 elementor-widget elementor-widget-heading\" data-id=\"82214c9\" data-element_type=\"widget\" data-widget_type=\"heading.default\">\n\t\t\t\t<div class=\"elementor-widget-container\">\n\t\t\t\t\t<h2 class=\"elementor-heading-title elementor-size-default\">PREVENIR EL C\u00c1NCER: porque es insensato enfermar o morir si se puede evitar f\u00e1cilmente<\/h2>\t\t\t\t<\/div>\n\t\t\t\t<\/div>\n\t\t\t\t<div class=\"elementor-element elementor-element-3f0b44b elementor-widget-divider--view-line elementor-widget elementor-widget-divider\" data-id=\"3f0b44b\" data-element_type=\"widget\" data-widget_type=\"divider.default\">\n\t\t\t\t<div class=\"elementor-widget-container\">\n\t\t\t\t\t\t\t<div class=\"elementor-divider\">\n\t\t\t<span class=\"elementor-divider-separator\">\n\t\t\t\t\t\t<\/span>\n\t\t<\/div>\n\t\t\t\t\t\t<\/div>\n\t\t\t\t<\/div>\n\t\t\t\t<div class=\"elementor-element elementor-element-ec21c6a migasdepan elementor-widget elementor-widget-wp-widget-bcn_widget\" data-id=\"ec21c6a\" data-element_type=\"widget\" data-widget_type=\"wp-widget-bcn_widget.default\">\n\t\t\t\t<div class=\"elementor-widget-container\">\n\t\t\t\t\t<div class=\"breadcrumbs\" vocab=\"https:\/\/schema.org\/\" typeof=\"BreadcrumbList\"><!-- Breadcrumb NavXT 7.4.1 -->\n<span property=\"itemListElement\" typeof=\"ListItem\"><a property=\"item\" typeof=\"WebPage\" title=\"Ir a DRA. GIBERT.\" href=\"https:\/\/www.doctoragibert.com\/es\/\" class=\"home\" aria-current=\"page\"><span property=\"name\">DRA. GIBERT<\/span><\/a><meta property=\"position\" content=\"1\"><\/span><\/div>\t\t\t\t<\/div>\n\t\t\t\t<\/div>\n\t\t\t\t<div class=\"elementor-element elementor-element-17def38 elementor-widget elementor-widget-spacer\" data-id=\"17def38\" data-element_type=\"widget\" data-widget_type=\"spacer.default\">\n\t\t\t\t<div class=\"elementor-widget-container\">\n\t\t\t\t\t\t\t<div class=\"elementor-spacer\">\n\t\t\t<div class=\"elementor-spacer-inner\"><\/div>\n\t\t<\/div>\n\t\t\t\t\t\t<\/div>\n\t\t\t\t<\/div>\n\t\t\t\t\t<\/div>\n\t\t<\/div>\n\t\t\t\t\t<\/div>\n\t\t<\/section>\n\t\t\t\t<section class=\"elementor-section elementor-top-section elementor-element elementor-element-3a68a7df elementor-section-boxed elementor-section-height-default elementor-section-height-default\" data-id=\"3a68a7df\" data-element_type=\"section\">\n\t\t\t\t\t\t<div class=\"elementor-container elementor-column-gap-default\">\n\t\t\t\t\t<div class=\"elementor-column elementor-col-100 elementor-top-column elementor-element elementor-element-6068c90a\" data-id=\"6068c90a\" data-element_type=\"column\">\n\t\t\t<div class=\"elementor-widget-wrap elementor-element-populated\">\n\t\t\t\t\t\t<div class=\"elementor-element elementor-element-18898b12 elementor-widget elementor-widget-text-editor\" data-id=\"18898b12\" data-element_type=\"widget\" data-widget_type=\"text-editor.default\">\n\t\t\t\t<div class=\"elementor-widget-container\">\n\t\t\t\t\t\t\t\t\t<p><em>Autora:<\/em> Dra. MJ Gibert.<br \/><em>Fecha de actualizaci\u00f3n: <\/em>3-2-19.<\/p><p><a href=\"https:\/\/www.doctoragibert.com\/wp-content\/uploads\/2021\/08\/prevenir-cancer-cat.jpg\"><img fetchpriority=\"high\" decoding=\"async\" class=\"size-full wp-image-15984 alignright\" src=\"https:\/\/www.doctoragibert.com\/wp-content\/uploads\/2021\/08\/prevenir-cancer-cat.jpg\" alt=\"\" width=\"768\" height=\"576\" \/><\/a><\/p><p>Todos conocemos alg\u00fan caso de c\u00e1ncer en nuestro entorno, algunas veces l@s enferm@s somos o hemos sido nosotr@s. El c\u00e1ncer tiene cada vez mejor pron\u00f3stico, gracias a los avances m\u00e9dicos. Aun con todo, considerando los c\u00e1nceres de modo global, la supervivencia a los 5 a\u00f1os supera escasamente la mitad de los casos. Si el c\u00e1ncer se diagnostica precozmente, \u00aba tiempo\u00bb en otras palabras, y seg\u00fan el tipo de c\u00e1ncer, la curaci\u00f3n puede alcanzar el 80%-90% a los 5 a\u00f1os. Pero, ya veis, incluso en los casos m\u00e1s favorables, siempre queda la posibilidad de morir por esta enfermedad, un camino de a\u00f1os con una espada de Damocles encima, con la posibilidad de reca\u00edda planeando sobre nuestro horizonte.<\/p><p>En este contexto, lo mejor es prevenir el c\u00e1ncer, evitar que llegue a nuestras vidas mediante el seguimiento de una serie de consejos sencillos. Porque <strong>al menos 1\/3 parte de los c\u00e1nceres son evitables<\/strong>, y es tonter\u00eda padecer o morir por algo que se hubiera podido impedir, por no saber qu\u00e9 va bien y qu\u00e9 no va bien para impedir el c\u00e1ncer.<\/p><p>Ya os contamos <a href=\"https:\/\/www.doctoragibert.com\/es\/pacientes\/cancer-ginecologico\/enfermos-de-cancer-por-que-hay-tantos\/\" target=\"_blank\" rel=\"noopener\">en otra entrada<\/a> que nuestra edad es un factor crucial, a m\u00e1s edad, m\u00e1s c\u00e1ncer, pero no podemos hacer retroceder el reloj. Entonces, centr\u00e9monos en lo que s\u00ed podemos modificar:<\/p><ol><li><em>TABACO:<\/em> es la principal causa de muerte por c\u00e1ncer entre los hombres y, de forma creciente, entre las mujeres. Incluye ser fumador activo, pasivo y mascar tabaco. El tabaco aumenta el riesgo de los siguientes c\u00e1nceres: pulm\u00f3n, es\u00f3fago, est\u00f3mago, laringe, cavidad oral, ri\u00f1\u00f3n, vejiga, colon y cuello uterino. En Ginecolog\u00eda, diagnosticamos el c\u00e1ncer de c\u00e9rvix y sus lesiones precursoras, muchas de ellas en fumadoras y es que, al virus causante, el del papiloma humano, se queda en entornos con mucha nicotina\u2026 Adem\u00e1s, el tabaco participa de las causas de otras enfermedades no cancerosas como infarto de miocardio o bronquitis cr\u00f3nica. Los beneficios de dejar de fumar son inmediatos: te cansas menos, recuperas el sentido del gusto y del olfato, el aspecto de la piel mejora espectacularmente. Si eres fumador y piensas que tu vida y la de tu entorno mejorar\u00e1 con el abandono del h\u00e1bito, te dejamos <a href=\"https:\/\/fundaciondelcorazon.com\/prevencion\/riesgo-cardiovascular\/fumar-tabaco-tabaquismo.html\" target=\"_blank\" rel=\"noopener\">este v\u00eddeo ilustrativo<\/a>\u00a0y recuerda que tu m\u00e9dico de familia y tu otorrinolaring\u00f3logo te pueden ayudar.<\/li><li><em>FALTA DE ACTIVIDAD F\u00cdSICA, SOBREPESO Y OBESIDAD:<\/em> la falta de actividad f\u00edsica contribuye a la acumulaci\u00f3n de grasa y favorece el padecimiento de c\u00e1ncer de mama, colon y \u00fatero (endometrio). 20% de las muertes por c\u00e1ncer de mama y el 25% de las causadas por el c\u00e1ncer colorrectal se pueden atribuir al continuo inactividad-sobrepeso-obesidad. En cuanto al c\u00e1ncer de \u00fatero, casi la mitad son obesas, y es muy triste tener que aplicar tratamientos agresivos a mujeres que han descuidado su condici\u00f3n f\u00edsica por sobrevaloraci\u00f3n de sus necesidades nutricionales y por quedar en casa, a resultas de la poca movilidad derivada de su sobrepeso. El ac\u00famulo de grasa se asocia tambi\u00e9n con artrosis en las rodillas, c\u00e1lculos en la ves\u00edcula biliar, hipertensi\u00f3n arterial, diabetes mellitus, hipercolesterolemia, enfermedades cardiovasculares\u2026 Si deseas saber si est\u00e1s o no en el peso correcto, puedes <a href=\"http:\/\/calculoimc.com\/\" target=\"_blank\" rel=\"noopener\">calcular aqu\u00ed tu IMC<\/a> (\u00edndice de masa corporal) . Si el resultado supera el 25 tienes sobrepeso, y si supera el 30 ya tienes obesidad. Pero, hay una buena noticia, nos est\u00e1s leyendo porque quieres vivir muchos a\u00f1os y\/o quieres vivir con calidad, y tomar conciencia es el primer paso para mejorar.<\/li><li><em>ALCOHOL:<\/em> nos pone en riesgo de c\u00e1nceres del tubo digestivo (boca, faringe, es\u00f3fago, est\u00f3mago, colorrectal e h\u00edgado), de laringe y de mama. Tambi\u00e9n produce hepatitis cr\u00f3nica y cirrosis hep\u00e1tica. Como ver\u00e9is, algunos c\u00e1nceres de la lista coinciden con los causados por el tabaco, y es que fumar y beber son una combinaci\u00f3n altamente perjudicial.<\/li><li><em>INFECCIONES:<\/em> el virus de la hepatitis B causa el 50% de los c\u00e1nceres de h\u00edgado en todo el mundo, y el de la C el 20%. Por esto <strong>es importante que vacunes a tus hijos contra la hepatitis B<\/strong> y que te cerciores de si has sido vacunad@ o no. En general, los nacidos a partir de 1980 est\u00e1n vacunados en nuestro pa\u00eds, pero cualquiera se puede vacunar, aunque sea m\u00e1s mayor. Habla con tu m\u00e9dico de familia. Las vacunas son un acto de salud p\u00fablica y las incluidas en el Programa Vacunal no tienen ning\u00fan coste directo. Si ya has sido infectado, no descuides los seguimientos de tu infecci\u00f3n. Si sufres <strong>hepatitis C<\/strong>, tienes la suerte de disponer del sofosbuvir que aniquila el virus en m\u00e1s del 95% de las ocasiones. En cuanto a Ginecolog\u00eda, tenemos el <strong>virus del papiloma humano (VPH<\/strong>) que produce casi todos los casos de c\u00e1ncer de cuello uterino, enfermedad que afecta a gente joven, con emocionantes proyectos vitales y, frecuentemente, con hijos peque\u00f1os. Si eres ni\u00f1a o mujer y has nacido <strong>a partir de 1994<\/strong>, tienes derecho a <a href=\"https:\/\/www.doctoragibert.com\/es\/segona-oportunitat-para-vacunar-gratuitament-contra-el-virus-de-la-papiloma-huma-a-les-dones-nascudes-el-1994-i-mes-joves\" target=\"_blank\" rel=\"noopener\">la vacunaci\u00f3n gratuita en tu Centro de Salud<\/a>. Seg\u00fan tus h\u00e1bitos sexuales, es una buena opci\u00f3n vacunarte, fuera del calendario vacunal, pues no s\u00f3lo prevendr\u00e1s el c\u00e1ncer de cuello uterino, sino de vagina, vulva, faringe y anal. Hoy en d\u00eda, en Espa\u00f1a no se vacuna a los ni\u00f1os o a los hombres por un tema econ\u00f3mico (cada dosis de vacuna son al menos 120 \u20ac), puesto que tanto mujeres como hombres son transmisores de la enfermedad. En otro articulo de nuestra web, <a href=\"https:\/\/www.doctoragibert.com\/es\/pacientes\/prevencion-en-ginecologia\/la-vacuna-contra-el-virus-del-papiloma-humano-mitos-y-realidades\/\" target=\"_blank\" rel=\"noopener\">os explicamos con detalle esta vacuna<\/a>.<\/li><li><em>CONTAMINACI\u00d3N AMBIENTAL:<\/em> las sustancias carcinog\u00e9nicas que \u00abviajan\u00bb en el agua, el aire o el suelo causan hasta el 5% de los c\u00e1nceres. En los pa\u00edses en v\u00edas de desarrollo la exposici\u00f3n en locales cerrados a las cocinas de carb\u00f3n o el consumo de alimentos por sustancias como aflatoxinas (en alimentos contaminados con hongos) o dioxinas (hablamos de su presencia en los pescados grandes <a href=\"https:\/\/www.doctoragibert.com\/es\/pacientes\/embarazo-y-parto\/pescado\/\" target=\"_blank\" rel=\"noopener\">en otra parte de nuestra web<\/a>.<\/li><li><em>CARCIN\u00d3GENOS LABORALES:<\/em> hay m\u00e1s de 40 sustancias catalogadas como t\u00f3xicas y que pueden producir c\u00e1ncer de laringe, pulm\u00f3n, piel, vejiga y leucemia. El mesotelioma (c\u00e1ncer de la cubierta de los pulmones o pleura) est\u00e1 muy relacionado con la exposici\u00f3n laboral al amianto o \u00abUralita\u00bb cuyo uso est\u00e1 prohibido en Espa\u00f1a desde 2002. Se cree que hasta 1\/3 de los hombres y hasta 1\/5 de las mujeres pueden haber estado expuestos a carcin\u00f3genos pulmonares, lo que equivale al <strong>10% de c\u00e1nceres de pulm\u00f3n de todo el mundo<\/strong>. El 2% de leucemias tambi\u00e9n se atribuyen a exposici\u00f3n laboral. Por suerte, la legislaci\u00f3n espa\u00f1ola contempla la mayor parte de estos aspectos, pero no resulta de m\u00e1s estar informados de los riesgos de nuestro lugar de trabajo, sobre todo, si son industrias.<\/li><li><em>RADIACIONES:<\/em> las radiaciones ionizantes tanto si son de origen natural como artificial (pruebas radiol\u00f3gicas, radioterapia) pueden provocar cualquier tipo de c\u00e1ncer, pero especialmente, leucemia, c\u00e1nceres de pulm\u00f3n, tiroides y mama. La exposici\u00f3n dom\u00e9stica a gas rad\u00f3n es especialmente frecuente en Galicia. Las radiaciones ultravioleta (exposici\u00f3n al sol, camas bronceadoras) causan c\u00e1ncer de piel en todas sus variedades, incluso la m\u00e1s agresiva o melanoma.<\/li><\/ol><p><strong>Otras acciones preventivas<\/strong> son no retrasar el deseo reproductivo (tener los hijos pronto, tener varios hijos, darles el pecho) reducen los riesgos de c\u00e1ncer de mama, endometrio y de ovario, aunque somos bien conscientes de que la procreaci\u00f3n es una decisi\u00f3n muy personal, que obedece a muchos otros factores. En cuanto al uso de anticonceptivos hormonales (pastillas, parches, anillos, implantes, DIU), sus beneficios superan ampliamente los riesgos, esto es, reducen el riesgo de c\u00e1ncer de ovario, endometrio y colorrectal, sin protegernos contra el c\u00e1ncer de mama.<\/p><p><strong>Fuentes de la informaci\u00f3n:<\/strong><\/p><p>Organizaci\u00f3n Mundial de la Salud. Prevenci\u00f3n del c\u00e1ncer. [acceso 3-2-19], Disponible en: https:\/\/www.who.int\/cancer\/prevention\/es\/<\/p>\t\t\t\t\t\t\t\t<\/div>\n\t\t\t\t<\/div>\n\t\t\t\t\t<\/div>\n\t\t<\/div>\n\t\t\t\t\t<\/div>\n\t\t<\/section>\n\t\t\t\t<section class=\"elementor-section elementor-top-section elementor-element elementor-element-38fa5a1 elementor-section-boxed elementor-section-height-default elementor-section-height-default\" data-id=\"38fa5a1\" data-element_type=\"section\">\n\t\t\t\t\t\t<div class=\"elementor-container elementor-column-gap-default\">\n\t\t\t\t\t<div class=\"elementor-column elementor-col-100 elementor-top-column elementor-element elementor-element-634353d\" data-id=\"634353d\" data-element_type=\"column\">\n\t\t\t<div class=\"elementor-widget-wrap elementor-element-populated\">\n\t\t\t\t\t\t<div class=\"elementor-element elementor-element-18cc2e8 elementor-widget elementor-widget-shortcode\" data-id=\"18cc2e8\" data-element_type=\"widget\" data-widget_type=\"shortcode.default\">\n\t\t\t\t<div class=\"elementor-widget-container\">\n\t\t\t\t\t\t\t<div class=\"elementor-shortcode\">[ssba-buttons]<\/div>\n\t\t\t\t\t\t<\/div>\n\t\t\t\t<\/div>\n\t\t\t\t\t<\/div>\n\t\t<\/div>\n\t\t\t\t\t<\/div>\n\t\t<\/section>\n\t\t\t\t<\/div>\n\t\t","protected":false},"excerpt":{"rendered":"<p>PREVENIR EL C\u00c1NCER: porque es insensato enfermar o morir si se puede evitar f\u00e1cilmente Autora: Dra. MJ Gibert.Fecha de actualizaci\u00f3n: 3-2-19. Todos conocemos alg\u00fan caso de c\u00e1ncer en nuestro entorno, algunas veces l@s enferm@s somos o hemos sido nosotr@s. El c\u00e1ncer tiene cada vez mejor pron\u00f3stico, gracias a los avances m\u00e9dicos. Aun con todo, considerando [&hellip;]<\/p>\n","protected":false},"author":12,"featured_media":0,"parent":15303,"menu_order":0,"comment_status":"closed","ping_status":"closed","template":"elementor_header_footer","meta":{"footnotes":""},"class_list":["post-10803","page","type-page","status-publish","hentry"],"yoast_head":"<!-- This site is optimized with the Yoast SEO plugin v25.0 - https:\/\/yoast.com\/wordpress\/plugins\/seo\/ -->\n<title>PREVENIR EL C\u00c1NCER: porque es insensato enfermar o morir si se puede evitar f\u00e1cilmente - DRA. GIBERT<\/title>\n<meta name=\"robots\" content=\"index, follow, max-snippet:-1, max-image-preview:large, max-video-preview:-1\" \/>\n<link rel=\"canonical\" href=\"https:\/\/www.doctoragibert.com\/es\/pacientes\/prevencion-en-ginecologia\/prevenir-cancer\/\" \/>\n<meta property=\"og:locale\" content=\"es_ES\" \/>\n<meta property=\"og:type\" content=\"article\" \/>\n<meta property=\"og:title\" content=\"PREVENIR EL C\u00c1NCER: porque es insensato enfermar o morir si se puede evitar f\u00e1cilmente - DRA. GIBERT\" \/>\n<meta property=\"og:description\" content=\"PREVENIR EL C\u00c1NCER: porque es insensato enfermar o morir si se puede evitar f\u00e1cilmente Autora: Dra. MJ Gibert.Fecha de actualizaci\u00f3n: 3-2-19. Todos conocemos alg\u00fan caso de c\u00e1ncer en nuestro entorno, algunas veces l@s enferm@s somos o hemos sido nosotr@s. El c\u00e1ncer tiene cada vez mejor pron\u00f3stico, gracias a los avances m\u00e9dicos. Aun con todo, considerando [&hellip;]\" \/>\n<meta property=\"og:url\" content=\"https:\/\/www.doctoragibert.com\/es\/pacientes\/prevencion-en-ginecologia\/prevenir-cancer\/\" \/>\n<meta property=\"og:site_name\" content=\"DRA. GIBERT\" \/>\n<meta property=\"article:publisher\" content=\"https:\/\/www.facebook.com\/doctoragibert\" \/>\n<meta property=\"article:modified_time\" content=\"2021-09-12T15:39:24+00:00\" \/>\n<meta property=\"og:image\" content=\"https:\/\/www.doctoragibert.com\/wp-content\/uploads\/2021\/08\/prevenir-cancer-cat.jpg\" \/>\n<meta name=\"twitter:label1\" content=\"Tiempo de lectura\" \/>\n\t<meta name=\"twitter:data1\" content=\"7 minutos\" \/>\n<script type=\"application\/ld+json\" class=\"yoast-schema-graph\">{\"@context\":\"https:\/\/schema.org\",\"@graph\":[{\"@type\":\"WebPage\",\"@id\":\"https:\/\/www.doctoragibert.com\/es\/pacientes\/prevencion-en-ginecologia\/prevenir-cancer\/\",\"url\":\"https:\/\/www.doctoragibert.com\/es\/pacientes\/prevencion-en-ginecologia\/prevenir-cancer\/\",\"name\":\"PREVENIR EL C\u00c1NCER: porque es insensato enfermar o morir si se puede evitar f\u00e1cilmente - DRA. GIBERT\",\"isPartOf\":{\"@id\":\"https:\/\/www.doctoragibert.com\/es\/#website\"},\"primaryImageOfPage\":{\"@id\":\"https:\/\/www.doctoragibert.com\/es\/pacientes\/prevencion-en-ginecologia\/prevenir-cancer\/#primaryimage\"},\"image\":{\"@id\":\"https:\/\/www.doctoragibert.com\/es\/pacientes\/prevencion-en-ginecologia\/prevenir-cancer\/#primaryimage\"},\"thumbnailUrl\":\"https:\/\/www.doctoragibert.com\/wp-content\/uploads\/2021\/08\/prevenir-cancer-cat.jpg\",\"datePublished\":\"2019-02-03T18:03:30+00:00\",\"dateModified\":\"2021-09-12T15:39:24+00:00\",\"breadcrumb\":{\"@id\":\"https:\/\/www.doctoragibert.com\/es\/pacientes\/prevencion-en-ginecologia\/prevenir-cancer\/#breadcrumb\"},\"inLanguage\":\"es\",\"potentialAction\":[{\"@type\":\"ReadAction\",\"target\":[\"https:\/\/www.doctoragibert.com\/es\/pacientes\/prevencion-en-ginecologia\/prevenir-cancer\/\"]}]},{\"@type\":\"ImageObject\",\"inLanguage\":\"es\",\"@id\":\"https:\/\/www.doctoragibert.com\/es\/pacientes\/prevencion-en-ginecologia\/prevenir-cancer\/#primaryimage\",\"url\":\"https:\/\/www.doctoragibert.com\/wp-content\/uploads\/2021\/08\/prevenir-cancer-cat.jpg\",\"contentUrl\":\"https:\/\/www.doctoragibert.com\/wp-content\/uploads\/2021\/08\/prevenir-cancer-cat.jpg\"},{\"@type\":\"BreadcrumbList\",\"@id\":\"https:\/\/www.doctoragibert.com\/es\/pacientes\/prevencion-en-ginecologia\/prevenir-cancer\/#breadcrumb\",\"itemListElement\":[{\"@type\":\"ListItem\",\"position\":1,\"name\":\"PACIENTES\",\"item\":\"https:\/\/www.doctoragibert.com\/es\/pacientes\/\"},{\"@type\":\"ListItem\",\"position\":2,\"name\":\"PREVENCI\u00d3N EN GINECOLOG\u00cdA\",\"item\":\"https:\/\/www.doctoragibert.com\/es\/pacientes\/prevencion-en-ginecologia\/\"},{\"@type\":\"ListItem\",\"position\":3,\"name\":\"PREVENIR EL C\u00c1NCER: porque es insensato enfermar o morir si se puede evitar f\u00e1cilmente\"}]},{\"@type\":\"WebSite\",\"@id\":\"https:\/\/www.doctoragibert.com\/es\/#website\",\"url\":\"https:\/\/www.doctoragibert.com\/es\/\",\"name\":\"DRA. GIBERT\",\"description\":\"Ginecologia i obstetricia\",\"potentialAction\":[{\"@type\":\"SearchAction\",\"target\":{\"@type\":\"EntryPoint\",\"urlTemplate\":\"https:\/\/www.doctoragibert.com\/es\/?s={search_term_string}\"},\"query-input\":{\"@type\":\"PropertyValueSpecification\",\"valueRequired\":true,\"valueName\":\"search_term_string\"}}],\"inLanguage\":\"es\"}]}<\/script>\n<!-- \/ Yoast SEO plugin. -->","yoast_head_json":{"title":"PREVENIR EL C\u00c1NCER: porque es insensato enfermar o morir si se puede evitar f\u00e1cilmente - DRA. GIBERT","robots":{"index":"index","follow":"follow","max-snippet":"max-snippet:-1","max-image-preview":"max-image-preview:large","max-video-preview":"max-video-preview:-1"},"canonical":"https:\/\/www.doctoragibert.com\/es\/pacientes\/prevencion-en-ginecologia\/prevenir-cancer\/","og_locale":"es_ES","og_type":"article","og_title":"PREVENIR EL C\u00c1NCER: porque es insensato enfermar o morir si se puede evitar f\u00e1cilmente - DRA. GIBERT","og_description":"PREVENIR EL C\u00c1NCER: porque es insensato enfermar o morir si se puede evitar f\u00e1cilmente Autora: Dra. MJ Gibert.Fecha de actualizaci\u00f3n: 3-2-19. Todos conocemos alg\u00fan caso de c\u00e1ncer en nuestro entorno, algunas veces l@s enferm@s somos o hemos sido nosotr@s. El c\u00e1ncer tiene cada vez mejor pron\u00f3stico, gracias a los avances m\u00e9dicos. Aun con todo, considerando [&hellip;]","og_url":"https:\/\/www.doctoragibert.com\/es\/pacientes\/prevencion-en-ginecologia\/prevenir-cancer\/","og_site_name":"DRA. GIBERT","article_publisher":"https:\/\/www.facebook.com\/doctoragibert","article_modified_time":"2021-09-12T15:39:24+00:00","og_image":[{"url":"https:\/\/www.doctoragibert.com\/wp-content\/uploads\/2021\/08\/prevenir-cancer-cat.jpg","type":"","width":"","height":""}],"twitter_misc":{"Tiempo de lectura":"7 minutos"},"schema":{"@context":"https:\/\/schema.org","@graph":[{"@type":"WebPage","@id":"https:\/\/www.doctoragibert.com\/es\/pacientes\/prevencion-en-ginecologia\/prevenir-cancer\/","url":"https:\/\/www.doctoragibert.com\/es\/pacientes\/prevencion-en-ginecologia\/prevenir-cancer\/","name":"PREVENIR EL C\u00c1NCER: porque es insensato enfermar o morir si se puede evitar f\u00e1cilmente - DRA. GIBERT","isPartOf":{"@id":"https:\/\/www.doctoragibert.com\/es\/#website"},"primaryImageOfPage":{"@id":"https:\/\/www.doctoragibert.com\/es\/pacientes\/prevencion-en-ginecologia\/prevenir-cancer\/#primaryimage"},"image":{"@id":"https:\/\/www.doctoragibert.com\/es\/pacientes\/prevencion-en-ginecologia\/prevenir-cancer\/#primaryimage"},"thumbnailUrl":"https:\/\/www.doctoragibert.com\/wp-content\/uploads\/2021\/08\/prevenir-cancer-cat.jpg","datePublished":"2019-02-03T18:03:30+00:00","dateModified":"2021-09-12T15:39:24+00:00","breadcrumb":{"@id":"https:\/\/www.doctoragibert.com\/es\/pacientes\/prevencion-en-ginecologia\/prevenir-cancer\/#breadcrumb"},"inLanguage":"es","potentialAction":[{"@type":"ReadAction","target":["https:\/\/www.doctoragibert.com\/es\/pacientes\/prevencion-en-ginecologia\/prevenir-cancer\/"]}]},{"@type":"ImageObject","inLanguage":"es","@id":"https:\/\/www.doctoragibert.com\/es\/pacientes\/prevencion-en-ginecologia\/prevenir-cancer\/#primaryimage","url":"https:\/\/www.doctoragibert.com\/wp-content\/uploads\/2021\/08\/prevenir-cancer-cat.jpg","contentUrl":"https:\/\/www.doctoragibert.com\/wp-content\/uploads\/2021\/08\/prevenir-cancer-cat.jpg"},{"@type":"BreadcrumbList","@id":"https:\/\/www.doctoragibert.com\/es\/pacientes\/prevencion-en-ginecologia\/prevenir-cancer\/#breadcrumb","itemListElement":[{"@type":"ListItem","position":1,"name":"PACIENTES","item":"https:\/\/www.doctoragibert.com\/es\/pacientes\/"},{"@type":"ListItem","position":2,"name":"PREVENCI\u00d3N EN GINECOLOG\u00cdA","item":"https:\/\/www.doctoragibert.com\/es\/pacientes\/prevencion-en-ginecologia\/"},{"@type":"ListItem","position":3,"name":"PREVENIR EL C\u00c1NCER: porque es insensato enfermar o morir si se puede evitar f\u00e1cilmente"}]},{"@type":"WebSite","@id":"https:\/\/www.doctoragibert.com\/es\/#website","url":"https:\/\/www.doctoragibert.com\/es\/","name":"DRA. GIBERT","description":"Ginecologia i obstetricia","potentialAction":[{"@type":"SearchAction","target":{"@type":"EntryPoint","urlTemplate":"https:\/\/www.doctoragibert.com\/es\/?s={search_term_string}"},"query-input":{"@type":"PropertyValueSpecification","valueRequired":true,"valueName":"search_term_string"}}],"inLanguage":"es"}]}},"_links":{"self":[{"href":"https:\/\/www.doctoragibert.com\/es\/wp-json\/wp\/v2\/pages\/10803","targetHints":{"allow":["GET"]}}],"collection":[{"href":"https:\/\/www.doctoragibert.com\/es\/wp-json\/wp\/v2\/pages"}],"about":[{"href":"https:\/\/www.doctoragibert.com\/es\/wp-json\/wp\/v2\/types\/page"}],"author":[{"embeddable":true,"href":"https:\/\/www.doctoragibert.com\/es\/wp-json\/wp\/v2\/users\/12"}],"replies":[{"embeddable":true,"href":"https:\/\/www.doctoragibert.com\/es\/wp-json\/wp\/v2\/comments?post=10803"}],"version-history":[{"count":5,"href":"https:\/\/www.doctoragibert.com\/es\/wp-json\/wp\/v2\/pages\/10803\/revisions"}],"predecessor-version":[{"id":17944,"href":"https:\/\/www.doctoragibert.com\/es\/wp-json\/wp\/v2\/pages\/10803\/revisions\/17944"}],"up":[{"embeddable":true,"href":"https:\/\/www.doctoragibert.com\/es\/wp-json\/wp\/v2\/pages\/15303"}],"wp:attachment":[{"href":"https:\/\/www.doctoragibert.com\/es\/wp-json\/wp\/v2\/media?parent=10803"}],"curies":[{"name":"wp","href":"https:\/\/api.w.org\/{rel}","templated":true}]}}