{"id":10993,"date":"2019-09-07T21:21:28","date_gmt":"2019-09-07T21:21:28","guid":{"rendered":"https:\/\/www.doctoragibert.com\/?page_id=10993"},"modified":"2023-06-06T20:51:18","modified_gmt":"2023-06-06T20:51:18","slug":"tests-dovulacio","status":"publish","type":"page","link":"https:\/\/www.doctoragibert.com\/es\/pacientes\/reproduccion\/tests-dovulacio\/","title":{"rendered":"RELACIONES SEXUALES PROGRAMADAS: \u00bfs\u00f3n \u00fatiles?, \u00bfqu\u00e9 fiabilidad tienen los tests de ovulaci\u00f3n?"},"content":{"rendered":"<p><em>Autora:<\/em> Dra. MJ Gibert.<br \/>\n<em>Fecha de actualizaci\u00f3n:<\/em> 31\/5\/23.<br \/>\n<em>Fechas de versiones previas:<\/em> 7\/9\/19.<\/p>\n<p>&nbsp;<\/p>\n<h3><span style=\"color: #008080;\">\u00bfNOS QUEDAMOS EMBARAZADAS EL MISMO D\u00cdA EN QUE TENEMOS RELACIONES?<\/span><\/h3>\n<p>Algunas mujeres, cuando vienen a hacerse la primera ecograf\u00eda de su embarazo, me dicen que saben exactamente el d\u00eda en que se quedaron embarazadas.<\/p>\n<p>Si no se tienen relaciones con mucha frecuencia, es probable que identifiquen el d\u00eda exacto, pero \u00e9ste no siempre coincide con el de la fecundaci\u00f3n o fusi\u00f3n del \u00f3vulo con el espermatozoide, fen\u00f3meno que marca el inicio de un nuevo ser. De hecho, <strong>la fecundaci\u00f3n puede coincidir o ser algo posterior al d\u00eda de la relaci\u00f3n.<\/strong><\/p>\n<p><a href=\"https:\/\/www.doctoragibert.com\/wp-content\/uploads\/2021\/08\/Tests_ovulacio-768x576-1.jpg\"><img fetchpriority=\"high\" decoding=\"async\" class=\"alignleft\" src=\"https:\/\/www.doctoragibert.com\/wp-content\/uploads\/2021\/08\/Tests_ovulacio-768x576-1.jpg\" alt=\"\" width=\"388\" height=\"291\" \/><\/a><\/p>\n<p>Una vez producida la ovulaci\u00f3n, eclosi\u00f3n de una peque\u00f1a ves\u00edcula de l\u00edquido en la superficie del ovario que contiene <strong>un \u00f3vulo maduro<\/strong>, \u00e9ste <strong>es aspirado por las trompas de Falopio y ah\u00ed se queda, esperando que alg\u00fan espermatozoide lo fecunde, pero el tiempo es limitado, s\u00f3lo 12 horas.<\/strong><\/p>\n<p>Por suerte, las eyaculaciones dan m\u00e1s cancha. En el primer instante, ya tenemos un pelot\u00f3n de espermatozoides subiendo como locos hasta que llegan a las trompas y, si un \u00f3vulo les espera, lo fecundan, pero, si no lo hay, tambi\u00e9n hay posibilidades.<\/p>\n<p>Quedan grup\u00fasculos de espermatozoides, pelotones de cola en definitiva, que hacen una primera parada en unos recovecos del cuello uterino (las criptas endocervicales) y se quedan por ah\u00ed para reponer fuerzas y, una vez que lo han hecho, se van de excursi\u00f3n hacia las trompas, a ver qu\u00e9 encuentran.<\/p>\n<p>Son menos soldados que en el primer pelot\u00f3n, pero es que basta con un espermatozoide para fecundar el \u00f3vulo. <strong>Los espermatozoides pueden permanecer vivos durante 4, 5 o 6 d\u00edas<\/strong>, dependiendo de lo cuantiosos y movidos que sean.<\/p>\n<p>&nbsp;<\/p>\n<hr \/>\n<h1 style=\"text-align: center;\"><span style=\"color: #008080;\">Los \u00f3vulos son fecundables menos de 24 horas, mientras que los espermatozoides pueden fecundar durante los 5 d\u00edas posteriores a la eyaculaci\u00f3n<\/span><\/h1>\n<hr \/>\n<p>&nbsp;<\/p>\n<p>Y es que no todos los s\u00e9menes embarazan igual y la capacidad de procrear depende de cada uno de los miembros de la pareja. <strong>Si uno de ellos es muy f\u00e9rtil compensa al otro si lo es menos.<\/strong><\/p>\n<p>Una vez producida la fecundaci\u00f3n, se forma un embri\u00f3n que viaja por las trompas hasta llegar al \u00fatero, y all\u00ed se siembra a los 6-10 d\u00edas de la ovulaci\u00f3n, en el seno del tejido que recubre el \u00fatero por dentro o endometrio. A partir de este momento, la hormona del embarazo se libera a la sangre y <a href=\"https:\/\/www.doctoragibert.com\/es\/pacientes\/reproduccion\/test-embarazo-cual-comprar\/\" target=\"_blank\" rel=\"noopener\">el test de embarazo en orina<\/a> sale ya positivo, incluso antes de la primera falta.<\/p>\n<p>De cualquier modo, <strong>la mitad de los embarazos pasan totalmente desapercibidos<\/strong>, es decir, el test en orina es positivo, pero tenemos la regla m\u00e1s o menos cuando toca. Estos embarazos detectados por un test y que no se llegan a ver nunca en una ecograf\u00eda, son los <strong>embarazos bioqu\u00edmicos<\/strong>. En definitiva, hay m\u00e1s llamados que elegidos.<\/p>\n<p>&nbsp;<\/p>\n<hr \/>\n<h1 style=\"text-align: center;\"><span style=\"color: #008080;\">La mitad de los embarazos s\u00f3lo se detectan por pruebas de embarazo y no se ver\u00e1n jam\u00e1s por ecograf\u00eda: son los embarazos bioqu\u00edmicos<\/span><\/h1>\n<hr \/>\n<p>&nbsp;<\/p>\n<h3><span style=\"color: #008080;\">\u00bfCU\u00c1NTO HEMOS DE TENER RELACIONES SI NOS QUEREMOS EMBARAZAR PRONTO?<\/span><\/h3>\n<p>En el contexto explicado, es l\u00f3gico pensar que, si tenemos relaciones cerca de la ovulaci\u00f3n, nuestra posibilidad de conseguir una gestaci\u00f3n aumentar\u00e1. Esto es de especial inter\u00e9s para las parejas con dificultad para concebir y para las que les interesa parir un hijo en unos meses concretos por motivos sociales varios. Con esta finalidad, se venden pruebas de ovulaci\u00f3n que se realizan sobre una muestra de orina.<\/p>\n<p>Lamentablemente, <strong>una revisi\u00f3n de la Colaboraci\u00f3n Cochrane<\/strong>, instituci\u00f3n que selecciona y sintetiza las investigaciones de mayor calidad sobre temas m\u00e9dicos, <strong>concluye que los tests de ovulaci\u00f3n son muy poco efectivos para aumentar las probabilidades de embarazo<\/strong>.<\/p>\n<p>&nbsp;<\/p>\n<hr \/>\n<h1 style=\"text-align: center;\"><span style=\"color: #008080;\">Los tests de ovulaci\u00f3n no son aconsejables para guiar el acto sexual, pues pueden darnos informaci\u00f3n err\u00f3nea y condicionan la espontaneidad de las relaciones<\/span><\/h1>\n<hr \/>\n<p>&nbsp;<\/p>\n<p>Otro tema es la capacidad predictiva de los <strong>tests de ovulaci\u00f3n en orina<\/strong> comercializados, que <strong>nos pueden despistar hasta en el 7% de los casos<\/strong>, esto es, nos dicen que hemos ovulado y ello en realidad no ha llegado a ocurrir. De hecho, <strong>los cambios en el moco cervical<\/strong> (consistencia como clara de huevo antes de la ovulaci\u00f3n y gelatinosa postovulaci\u00f3n) <strong>predicen mejor la ovulaci\u00f3n<\/strong><br \/>\n<strong>que los tests en orina y el de la temperatura basal<\/strong>, ya obsoleto.<\/p>\n<p>Y no os preocup\u00e9is por la ovulaci\u00f3n, ya que las mujeres somos \u00abtransparentes\u00bb en este sentido. Tener las reglas con cierta regularidad y\/o las ecograf\u00edas que os hacemos en la consulta predicen la ovulaci\u00f3n con una fiabilidad muy elevada.<\/p>\n<p>As\u00ed que ya lo sab\u00e9is, <strong>si quer\u00e9is conseguir un embarazo, basta con tener relaciones cada 2-3 d\u00edas, sin agobios y si os apetece<\/strong>. Entonces, aseguramos que haya siempre un grupo de espermatozoides dentro de nuestro aparato genital dispuestos a fecundar el \u00f3vulo.<\/p>\n<p>&nbsp;<\/p>\n<h4><span style=\"color: #008080;\">FUENTES DE LA INFORMACI\u00d3N:<\/span><\/h4>\n<ul>\n<li>Manders M, McLindon L, Schulze B, Beckmann MM, Kremer JA, Farquhar C. Timed intercourse for couples trying to conceive. Cochrane Database Syst Rev 2015; (3): CD011345.<\/li>\n<li>O\u2019Flynn N. Assessment and treatment for people with fertility problems: NICE guideline. Br J Gen Pract. 2014; 64: 50-1.<\/li>\n<li>Practice Committee of the American Society for Reproductive Medicine. Diagnostic evaluation of the infertile female: a committee opinion. Fertil Steril. 2015; 103: e44-50.<\/li>\n<\/ul>\n","protected":false},"excerpt":{"rendered":"<p>Autora: Dra. MJ Gibert. Fecha de actualizaci\u00f3n: 31\/5\/23. Fechas de versiones previas: 7\/9\/19. &nbsp; \u00bfNOS QUEDAMOS EMBARAZADAS EL MISMO D\u00cdA EN QUE TENEMOS RELACIONES? Algunas mujeres, cuando vienen a hacerse la primera ecograf\u00eda de su embarazo, me dicen que saben exactamente el d\u00eda en que se quedaron embarazadas. Si no se tienen relaciones con mucha [&hellip;]<\/p>\n","protected":false},"author":12,"featured_media":0,"parent":15317,"menu_order":0,"comment_status":"closed","ping_status":"closed","template":"page-limpia.php","meta":{"footnotes":""},"class_list":["post-10993","page","type-page","status-publish","hentry"],"yoast_head":"<!-- This site is optimized with the Yoast SEO plugin v25.0 - https:\/\/yoast.com\/wordpress\/plugins\/seo\/ -->\n<title>RELACIONES SEXUALES PROGRAMADAS: \u00bfs\u00f3n \u00fatiles?, \u00bfqu\u00e9 fiabilidad tienen los tests de ovulaci\u00f3n? - DRA. GIBERT<\/title>\n<meta name=\"robots\" content=\"index, follow, max-snippet:-1, max-image-preview:large, max-video-preview:-1\" \/>\n<link rel=\"canonical\" href=\"https:\/\/www.doctoragibert.com\/es\/pacientes\/reproduccion\/tests-dovulacio\/\" \/>\n<meta property=\"og:locale\" content=\"es_ES\" \/>\n<meta property=\"og:type\" content=\"article\" \/>\n<meta property=\"og:title\" content=\"RELACIONES SEXUALES PROGRAMADAS: \u00bfs\u00f3n \u00fatiles?, \u00bfqu\u00e9 fiabilidad tienen los tests de ovulaci\u00f3n? - DRA. GIBERT\" \/>\n<meta property=\"og:description\" content=\"Autora: Dra. MJ Gibert. Fecha de actualizaci\u00f3n: 31\/5\/23. Fechas de versiones previas: 7\/9\/19. &nbsp; \u00bfNOS QUEDAMOS EMBARAZADAS EL MISMO D\u00cdA EN QUE TENEMOS RELACIONES? Algunas mujeres, cuando vienen a hacerse la primera ecograf\u00eda de su embarazo, me dicen que saben exactamente el d\u00eda en que se quedaron embarazadas. Si no se tienen relaciones con mucha [&hellip;]\" \/>\n<meta property=\"og:url\" content=\"https:\/\/www.doctoragibert.com\/es\/pacientes\/reproduccion\/tests-dovulacio\/\" \/>\n<meta property=\"og:site_name\" content=\"DRA. GIBERT\" \/>\n<meta property=\"article:publisher\" content=\"https:\/\/www.facebook.com\/doctoragibert\" \/>\n<meta property=\"article:modified_time\" content=\"2023-06-06T20:51:18+00:00\" \/>\n<meta property=\"og:image\" content=\"https:\/\/www.doctoragibert.com\/wp-content\/uploads\/2021\/08\/Tests_ovulacio-768x576-1.jpg\" \/>\n<meta name=\"twitter:label1\" content=\"Tiempo de lectura\" \/>\n\t<meta name=\"twitter:data1\" content=\"4 minutos\" \/>\n<script type=\"application\/ld+json\" class=\"yoast-schema-graph\">{\"@context\":\"https:\/\/schema.org\",\"@graph\":[{\"@type\":\"WebPage\",\"@id\":\"https:\/\/www.doctoragibert.com\/es\/pacientes\/reproduccion\/tests-dovulacio\/\",\"url\":\"https:\/\/www.doctoragibert.com\/es\/pacientes\/reproduccion\/tests-dovulacio\/\",\"name\":\"RELACIONES SEXUALES PROGRAMADAS: \u00bfs\u00f3n \u00fatiles?, \u00bfqu\u00e9 fiabilidad tienen los tests de ovulaci\u00f3n? - DRA. GIBERT\",\"isPartOf\":{\"@id\":\"https:\/\/www.doctoragibert.com\/es\/#website\"},\"primaryImageOfPage\":{\"@id\":\"https:\/\/www.doctoragibert.com\/es\/pacientes\/reproduccion\/tests-dovulacio\/#primaryimage\"},\"image\":{\"@id\":\"https:\/\/www.doctoragibert.com\/es\/pacientes\/reproduccion\/tests-dovulacio\/#primaryimage\"},\"thumbnailUrl\":\"https:\/\/www.doctoragibert.com\/wp-content\/uploads\/2021\/08\/Tests_ovulacio-768x576-1.jpg\",\"datePublished\":\"2019-09-07T21:21:28+00:00\",\"dateModified\":\"2023-06-06T20:51:18+00:00\",\"breadcrumb\":{\"@id\":\"https:\/\/www.doctoragibert.com\/es\/pacientes\/reproduccion\/tests-dovulacio\/#breadcrumb\"},\"inLanguage\":\"es\",\"potentialAction\":[{\"@type\":\"ReadAction\",\"target\":[\"https:\/\/www.doctoragibert.com\/es\/pacientes\/reproduccion\/tests-dovulacio\/\"]}]},{\"@type\":\"ImageObject\",\"inLanguage\":\"es\",\"@id\":\"https:\/\/www.doctoragibert.com\/es\/pacientes\/reproduccion\/tests-dovulacio\/#primaryimage\",\"url\":\"https:\/\/www.doctoragibert.com\/wp-content\/uploads\/2021\/08\/Tests_ovulacio-768x576-1.jpg\",\"contentUrl\":\"https:\/\/www.doctoragibert.com\/wp-content\/uploads\/2021\/08\/Tests_ovulacio-768x576-1.jpg\"},{\"@type\":\"BreadcrumbList\",\"@id\":\"https:\/\/www.doctoragibert.com\/es\/pacientes\/reproduccion\/tests-dovulacio\/#breadcrumb\",\"itemListElement\":[{\"@type\":\"ListItem\",\"position\":1,\"name\":\"PACIENTES\",\"item\":\"https:\/\/www.doctoragibert.com\/es\/pacientes\/\"},{\"@type\":\"ListItem\",\"position\":2,\"name\":\"REPRODUCCI\u00d3N\",\"item\":\"https:\/\/www.doctoragibert.com\/es\/pacientes\/reproduccion\/\"},{\"@type\":\"ListItem\",\"position\":3,\"name\":\"RELACIONES SEXUALES PROGRAMADAS: \u00bfs\u00f3n \u00fatiles?, \u00bfqu\u00e9 fiabilidad tienen los tests de ovulaci\u00f3n?\"}]},{\"@type\":\"WebSite\",\"@id\":\"https:\/\/www.doctoragibert.com\/es\/#website\",\"url\":\"https:\/\/www.doctoragibert.com\/es\/\",\"name\":\"DRA. GIBERT\",\"description\":\"Ginecologia i obstetricia\",\"potentialAction\":[{\"@type\":\"SearchAction\",\"target\":{\"@type\":\"EntryPoint\",\"urlTemplate\":\"https:\/\/www.doctoragibert.com\/es\/?s={search_term_string}\"},\"query-input\":{\"@type\":\"PropertyValueSpecification\",\"valueRequired\":true,\"valueName\":\"search_term_string\"}}],\"inLanguage\":\"es\"}]}<\/script>\n<!-- \/ Yoast SEO plugin. -->","yoast_head_json":{"title":"RELACIONES SEXUALES PROGRAMADAS: \u00bfs\u00f3n \u00fatiles?, \u00bfqu\u00e9 fiabilidad tienen los tests de ovulaci\u00f3n? - DRA. GIBERT","robots":{"index":"index","follow":"follow","max-snippet":"max-snippet:-1","max-image-preview":"max-image-preview:large","max-video-preview":"max-video-preview:-1"},"canonical":"https:\/\/www.doctoragibert.com\/es\/pacientes\/reproduccion\/tests-dovulacio\/","og_locale":"es_ES","og_type":"article","og_title":"RELACIONES SEXUALES PROGRAMADAS: \u00bfs\u00f3n \u00fatiles?, \u00bfqu\u00e9 fiabilidad tienen los tests de ovulaci\u00f3n? - DRA. GIBERT","og_description":"Autora: Dra. MJ Gibert. Fecha de actualizaci\u00f3n: 31\/5\/23. Fechas de versiones previas: 7\/9\/19. &nbsp; \u00bfNOS QUEDAMOS EMBARAZADAS EL MISMO D\u00cdA EN QUE TENEMOS RELACIONES? Algunas mujeres, cuando vienen a hacerse la primera ecograf\u00eda de su embarazo, me dicen que saben exactamente el d\u00eda en que se quedaron embarazadas. Si no se tienen relaciones con mucha [&hellip;]","og_url":"https:\/\/www.doctoragibert.com\/es\/pacientes\/reproduccion\/tests-dovulacio\/","og_site_name":"DRA. GIBERT","article_publisher":"https:\/\/www.facebook.com\/doctoragibert","article_modified_time":"2023-06-06T20:51:18+00:00","og_image":[{"url":"https:\/\/www.doctoragibert.com\/wp-content\/uploads\/2021\/08\/Tests_ovulacio-768x576-1.jpg","type":"","width":"","height":""}],"twitter_misc":{"Tiempo de lectura":"4 minutos"},"schema":{"@context":"https:\/\/schema.org","@graph":[{"@type":"WebPage","@id":"https:\/\/www.doctoragibert.com\/es\/pacientes\/reproduccion\/tests-dovulacio\/","url":"https:\/\/www.doctoragibert.com\/es\/pacientes\/reproduccion\/tests-dovulacio\/","name":"RELACIONES SEXUALES PROGRAMADAS: \u00bfs\u00f3n \u00fatiles?, \u00bfqu\u00e9 fiabilidad tienen los tests de ovulaci\u00f3n? - DRA. GIBERT","isPartOf":{"@id":"https:\/\/www.doctoragibert.com\/es\/#website"},"primaryImageOfPage":{"@id":"https:\/\/www.doctoragibert.com\/es\/pacientes\/reproduccion\/tests-dovulacio\/#primaryimage"},"image":{"@id":"https:\/\/www.doctoragibert.com\/es\/pacientes\/reproduccion\/tests-dovulacio\/#primaryimage"},"thumbnailUrl":"https:\/\/www.doctoragibert.com\/wp-content\/uploads\/2021\/08\/Tests_ovulacio-768x576-1.jpg","datePublished":"2019-09-07T21:21:28+00:00","dateModified":"2023-06-06T20:51:18+00:00","breadcrumb":{"@id":"https:\/\/www.doctoragibert.com\/es\/pacientes\/reproduccion\/tests-dovulacio\/#breadcrumb"},"inLanguage":"es","potentialAction":[{"@type":"ReadAction","target":["https:\/\/www.doctoragibert.com\/es\/pacientes\/reproduccion\/tests-dovulacio\/"]}]},{"@type":"ImageObject","inLanguage":"es","@id":"https:\/\/www.doctoragibert.com\/es\/pacientes\/reproduccion\/tests-dovulacio\/#primaryimage","url":"https:\/\/www.doctoragibert.com\/wp-content\/uploads\/2021\/08\/Tests_ovulacio-768x576-1.jpg","contentUrl":"https:\/\/www.doctoragibert.com\/wp-content\/uploads\/2021\/08\/Tests_ovulacio-768x576-1.jpg"},{"@type":"BreadcrumbList","@id":"https:\/\/www.doctoragibert.com\/es\/pacientes\/reproduccion\/tests-dovulacio\/#breadcrumb","itemListElement":[{"@type":"ListItem","position":1,"name":"PACIENTES","item":"https:\/\/www.doctoragibert.com\/es\/pacientes\/"},{"@type":"ListItem","position":2,"name":"REPRODUCCI\u00d3N","item":"https:\/\/www.doctoragibert.com\/es\/pacientes\/reproduccion\/"},{"@type":"ListItem","position":3,"name":"RELACIONES SEXUALES PROGRAMADAS: \u00bfs\u00f3n \u00fatiles?, \u00bfqu\u00e9 fiabilidad tienen los tests de ovulaci\u00f3n?"}]},{"@type":"WebSite","@id":"https:\/\/www.doctoragibert.com\/es\/#website","url":"https:\/\/www.doctoragibert.com\/es\/","name":"DRA. GIBERT","description":"Ginecologia i obstetricia","potentialAction":[{"@type":"SearchAction","target":{"@type":"EntryPoint","urlTemplate":"https:\/\/www.doctoragibert.com\/es\/?s={search_term_string}"},"query-input":{"@type":"PropertyValueSpecification","valueRequired":true,"valueName":"search_term_string"}}],"inLanguage":"es"}]}},"_links":{"self":[{"href":"https:\/\/www.doctoragibert.com\/es\/wp-json\/wp\/v2\/pages\/10993","targetHints":{"allow":["GET"]}}],"collection":[{"href":"https:\/\/www.doctoragibert.com\/es\/wp-json\/wp\/v2\/pages"}],"about":[{"href":"https:\/\/www.doctoragibert.com\/es\/wp-json\/wp\/v2\/types\/page"}],"author":[{"embeddable":true,"href":"https:\/\/www.doctoragibert.com\/es\/wp-json\/wp\/v2\/users\/12"}],"replies":[{"embeddable":true,"href":"https:\/\/www.doctoragibert.com\/es\/wp-json\/wp\/v2\/comments?post=10993"}],"version-history":[{"count":5,"href":"https:\/\/www.doctoragibert.com\/es\/wp-json\/wp\/v2\/pages\/10993\/revisions"}],"predecessor-version":[{"id":21523,"href":"https:\/\/www.doctoragibert.com\/es\/wp-json\/wp\/v2\/pages\/10993\/revisions\/21523"}],"up":[{"embeddable":true,"href":"https:\/\/www.doctoragibert.com\/es\/wp-json\/wp\/v2\/pages\/15317"}],"wp:attachment":[{"href":"https:\/\/www.doctoragibert.com\/es\/wp-json\/wp\/v2\/media?parent=10993"}],"curies":[{"name":"wp","href":"https:\/\/api.w.org\/{rel}","templated":true}]}}