{"id":11248,"date":"2020-03-16T12:05:00","date_gmt":"2020-03-16T12:05:00","guid":{"rendered":"https:\/\/www.doctoragibert.com\/altres\/coronavirus\/"},"modified":"2022-01-18T17:59:29","modified_gmt":"2022-01-18T17:59:29","slug":"coronavirus","status":"publish","type":"page","link":"https:\/\/www.doctoragibert.com\/es\/pacientes\/otros\/coronavirus\/","title":{"rendered":"CORONAVIRUS: qu\u00e9 es, qu\u00e9 nos puede traer y c\u00f3mo lo podemos evitar"},"content":{"rendered":"\t\t<div data-elementor-type=\"wp-page\" data-elementor-id=\"11248\" class=\"elementor elementor-11248 elementor-11242\">\n\t\t\t\t\t\t<section class=\"elementor-section elementor-top-section elementor-element elementor-element-8b2a760 elementor-section-boxed elementor-section-height-default elementor-section-height-default\" data-id=\"8b2a760\" data-element_type=\"section\" data-settings=\"{&quot;background_background&quot;:&quot;classic&quot;}\">\n\t\t\t\t\t\t<div class=\"elementor-container elementor-column-gap-default\">\n\t\t\t\t\t<div class=\"elementor-column elementor-col-100 elementor-top-column elementor-element elementor-element-e50487c\" data-id=\"e50487c\" data-element_type=\"column\">\n\t\t\t<div class=\"elementor-widget-wrap elementor-element-populated\">\n\t\t\t\t\t\t<div class=\"elementor-element elementor-element-f779cf3 elementor-widget elementor-widget-spacer\" data-id=\"f779cf3\" data-element_type=\"widget\" data-widget_type=\"spacer.default\">\n\t\t\t\t<div class=\"elementor-widget-container\">\n\t\t\t\t\t\t\t<div class=\"elementor-spacer\">\n\t\t\t<div class=\"elementor-spacer-inner\"><\/div>\n\t\t<\/div>\n\t\t\t\t\t\t<\/div>\n\t\t\t\t<\/div>\n\t\t\t\t<div class=\"elementor-element elementor-element-b26bf74 elementor-widget elementor-widget-heading\" data-id=\"b26bf74\" data-element_type=\"widget\" data-widget_type=\"heading.default\">\n\t\t\t\t<div class=\"elementor-widget-container\">\n\t\t\t\t\t<h2 class=\"elementor-heading-title elementor-size-default\">CORONAVIRUS: qu\u00e9 es, c\u00f3mo se comporta y se diagnostica<\/h2>\t\t\t\t<\/div>\n\t\t\t\t<\/div>\n\t\t\t\t<div class=\"elementor-element elementor-element-0bebee9 elementor-widget-divider--view-line elementor-widget elementor-widget-divider\" data-id=\"0bebee9\" data-element_type=\"widget\" data-widget_type=\"divider.default\">\n\t\t\t\t<div class=\"elementor-widget-container\">\n\t\t\t\t\t\t\t<div class=\"elementor-divider\">\n\t\t\t<span class=\"elementor-divider-separator\">\n\t\t\t\t\t\t<\/span>\n\t\t<\/div>\n\t\t\t\t\t\t<\/div>\n\t\t\t\t<\/div>\n\t\t\t\t<div class=\"elementor-element elementor-element-4674fdf migasdepan elementor-widget elementor-widget-wp-widget-bcn_widget\" data-id=\"4674fdf\" data-element_type=\"widget\" data-widget_type=\"wp-widget-bcn_widget.default\">\n\t\t\t\t<div class=\"elementor-widget-container\">\n\t\t\t\t\t<div class=\"breadcrumbs\" vocab=\"https:\/\/schema.org\/\" typeof=\"BreadcrumbList\"><!-- Breadcrumb NavXT 7.4.1 -->\n<span property=\"itemListElement\" typeof=\"ListItem\"><a property=\"item\" typeof=\"WebPage\" title=\"Ir a DRA. GIBERT.\" href=\"https:\/\/www.doctoragibert.com\/es\/\" class=\"home\" aria-current=\"page\"><span property=\"name\">DRA. GIBERT<\/span><\/a><meta property=\"position\" content=\"1\"><\/span><\/div>\t\t\t\t<\/div>\n\t\t\t\t<\/div>\n\t\t\t\t<div class=\"elementor-element elementor-element-9ac449a elementor-widget elementor-widget-spacer\" data-id=\"9ac449a\" data-element_type=\"widget\" data-widget_type=\"spacer.default\">\n\t\t\t\t<div class=\"elementor-widget-container\">\n\t\t\t\t\t\t\t<div class=\"elementor-spacer\">\n\t\t\t<div class=\"elementor-spacer-inner\"><\/div>\n\t\t<\/div>\n\t\t\t\t\t\t<\/div>\n\t\t\t\t<\/div>\n\t\t\t\t\t<\/div>\n\t\t<\/div>\n\t\t\t\t\t<\/div>\n\t\t<\/section>\n\t\t\t\t<section class=\"elementor-section elementor-top-section elementor-element elementor-element-3e39bdfd elementor-section-boxed elementor-section-height-default elementor-section-height-default\" data-id=\"3e39bdfd\" data-element_type=\"section\">\n\t\t\t\t\t\t<div class=\"elementor-container elementor-column-gap-default\">\n\t\t\t\t\t<div class=\"elementor-column elementor-col-100 elementor-top-column elementor-element elementor-element-783fbc3\" data-id=\"783fbc3\" data-element_type=\"column\">\n\t\t\t<div class=\"elementor-widget-wrap elementor-element-populated\">\n\t\t\t\t\t\t<div class=\"elementor-element elementor-element-17ead64c elementor-widget elementor-widget-text-editor\" data-id=\"17ead64c\" data-element_type=\"widget\" data-widget_type=\"text-editor.default\">\n\t\t\t\t<div class=\"elementor-widget-container\">\n\t\t\t\t\t\t\t\t\t<p><em>Autora:<\/em>\u00a0Dra. MJ Gibert.<br \/><em>Fecha de actualizaci\u00f3n: <\/em>9\/1\/22.<br \/><em>Fecha de versiones previas:<\/em> 5\/9\/20.<\/p><p>El <strong>Coronavirus es una familia viral muy antigua<\/strong>, que infecta sobre todo a los animales\u00a0y, despu\u00e9s de mucho tiempo, ha conseguido llegar a la especie humana.<\/p><p>Estos virus residen en los <strong>murci\u00e9lagos<\/strong> de todo el mundo que son, por tanto, su casa o reservorio natural. En el caso que nos ocupa, el virus se ha adaptado tanto a los humanos que hemos acabado siendo tambi\u00e9n su reservorio. El murci\u00e9lago es un mam\u00edfero que puede portar multitud de virus sin que \u00e9stos le perjudiquen. El problema surge cuando interact\u00faa con otra especie a la que estos virus pueden hacer da\u00f1o. Tanto es as\u00ed que los virus de las paperas, el sarampi\u00f3n, la bronquiolitis de los beb\u00e9s, el moquillo de los perros, el \u00c9bola y la pandemia actual nos han llegado a los humanos <em>\u201cv\u00eda murci\u00e9lago\u201d<\/em>.<\/p><p><img fetchpriority=\"high\" decoding=\"async\" class=\"alignright size-full wp-image-11224\" src=\"https:\/\/www.doctoragibert.com\/wp-content\/uploads\/2020\/03\/Covid-19_1.jpg\" alt=\"Covid-19_1\" width=\"440\" height=\"170\" srcset=\"https:\/\/www.doctoragibert.com\/wp-content\/uploads\/2020\/03\/Covid-19_1.jpg 1297w, https:\/\/www.doctoragibert.com\/wp-content\/uploads\/2020\/03\/Covid-19_1-300x116.jpg 300w, https:\/\/www.doctoragibert.com\/wp-content\/uploads\/2020\/03\/Covid-19_1-768x296.jpg 768w, https:\/\/www.doctoragibert.com\/wp-content\/uploads\/2020\/03\/Covid-19_1-1024x395.jpg 1024w\" sizes=\"(max-width: 440px) 100vw, 440px\" \/><\/p><p>El <strong>nombre de Coronavirus obedece a un motivo muy simpl\u00f3n<\/strong>: tienen su superficie poblada de estructuras globulares que le dan apariencia de corona.<\/p><p>En los humanos puede producir un resfriado sin m\u00e1s consecuencias y, por ello, ni se diagnostica.\u00a0<strong>En el siglo XXI<\/strong>, sin embargo, caus\u00f3\u00a0<strong>dos epidemias de neumon\u00eda con cierta mortalidad<\/strong>, una de ellas en 2002 (SARS o s\u00edndrome agudo respiratorio severo) y la otra en 2012 (MERS o s\u00edndrome respiratorio de Oriente Medio). El coronavirus causante del SARS o SARS-CoV-1 desapareci\u00f3 sin dejar rastro. El MERS-CoV, responsable del MERS, infect\u00f3 a 14 personas, durante el 2021, 5 de las cuales fallecieron. Se transmite por la saliva de los camellos y dromedarios.<\/p><p>El\u00a0<strong>COVID-19<\/strong> es la denominaci\u00f3n de consenso para la enfermedad causada por el Coronavirus de 2019 (<strong>CO<\/strong>rona<strong>VI<\/strong>rus <strong>D<\/strong>isease-20<strong>19<\/strong>). Al nuevo virus se le llama SARS-CoV-2, ya que sus genes se parecen mucho al de la epidemia de 2002, aunque, como es obvio, son dos enfermedades diferentes.<\/p><p>El virus original siempre muta porque su \u201cfotocopiadora\u201d o polimerasa se equivoca al copiarlo. Estas mutaciones no suelen tener demasiadas consecuencias, salvo que, por azar, el virus mutado se contagie mejor, cause una enfermedad m\u00e1s grave o sea m\u00e1s resistente a las vacunas, es lo que se llama <strong>variante de preocupaci\u00f3n<\/strong>. Hasta hoy se han descrito las variantes <strong>alfa<\/strong> originaria de Reino Unido, la <strong>beta<\/strong> proveniente de Sud\u00e1frica, la <strong>gamma<\/strong> de Brasil, la <strong>delta<\/strong> o india, la <strong>\u00f3micron<\/strong>, detectada en Bostwana y Sud\u00e1frica en noviembre de 2021, y otras que han deca\u00eddo por s\u00ed solas. En verano de 2021, la variante delta fue la predominante, pero <strong>desde finales de diciembre la \u00f3micron es la hegem\u00f3nica<\/strong>. Una vez ha entrado en un pa\u00eds, tarda s\u00f3lo un mes en desplazar a la variante delta. En Sud\u00e1frica, la gr\u00e1fica de contagios fue espectacular, tal y como se puede comprobar en la imagen adjunta.<\/p><p>\u00a0<\/p><p><img decoding=\"async\" class=\" wp-image-18997 alignleft\" src=\"https:\/\/www.doctoragibert.com\/wp-content\/uploads\/2022\/01\/COVID_Sudafrica.png\" alt=\"\" width=\"438\" height=\"309\" srcset=\"https:\/\/www.doctoragibert.com\/wp-content\/uploads\/2022\/01\/COVID_Sudafrica.png 3400w, https:\/\/www.doctoragibert.com\/wp-content\/uploads\/2022\/01\/COVID_Sudafrica-1536x1084.png 1536w, https:\/\/www.doctoragibert.com\/wp-content\/uploads\/2022\/01\/COVID_Sudafrica-2048x1446.png 2048w\" sizes=\"(max-width: 438px) 100vw, 438px\" \/><\/p><p>Las repercusiones en hospitalizaci\u00f3n, por suerte, no fueron en paralelo, quiz\u00e1 porque los infectados son en promedio m\u00e1s j\u00f3venes y por la vacunaci\u00f3n. La cuesti\u00f3n es <strong>que un mes y medio despu\u00e9s, el pico all\u00ed ha cedido y es lo que esperamos que ocurra en Espa\u00f1a a mediados de febrero<\/strong>.<\/p><p>La\u00a0<strong>contagiosidad<\/strong> o la rapidez de propagaci\u00f3n de virus se mide seg\u00fan el R0 o n\u00famero b\u00e1sico de reproducci\u00f3n. Se define como la cifra de casos que va a causar una persona infectada durante todo el per\u00edodo de contagio. El virus original (Wuhan) se estima que tiene un R0 entre 2 y 4, esto es, una persona enferma infecta entre 2 y 4 personas, mientras que la variante \u00f3micron, la m\u00e1s r\u00e1pida conocida, tiene un R0 de 10.<\/p><p>Los <strong>modos de transmisi\u00f3n<\/strong> son persona a persona y por v\u00eda a\u00e9rea. Las gotas emitidas durante la respiraci\u00f3n flotan en el aire hasta que se depositan sobre las superficies, donde el virus vive 2-3 d\u00edas si son met\u00e1licas o de pl\u00e1stico.<\/p><p>El\u00a0<strong>periodo de incubaci\u00f3n m\u00e1ximo<\/strong>\u00a0es de 14 d\u00edas, lo que marc\u00f3 con la duraci\u00f3n inicial de la cuarentena seg\u00fan la OMS, aunque la verdad es que el 95% de personas tienen s\u00edntomas a los 7 d\u00edas o antes, de ah\u00ed que la duraci\u00f3n de las cuarentenas se ha ido reduciendo a medida que han aumentado la proporci\u00f3n de vacunados y el conocimiento de la enfermedad. La variante \u00f3micron tiene un per\u00edodo de incubaci\u00f3n que dura la mitad de sus predecesores.<\/p><p><strong>Las repercusiones son variadas: al principio de la pandemia, <\/strong>el\u00a080% ten\u00eda pocos o ning\u00fan s\u00edntoma, el 15% necesitaba ingreso hospitalario, el 5% pasaba a UCI y el 2,5% mor\u00eda. Desde hace meses, <strong>en Espa\u00f1a, la proporci\u00f3n de enfermos que muere est\u00e1 sobre el 1%.<\/strong><\/p><p>\u00a0<\/p><blockquote><h2 style=\"text-align: center;\"><span style=\"color: #008080;\">Si bien los fallecidos por COVID-19 suelen ser mayores y enfermos, tambi\u00e9n tenemos decesos de gente joven y sana<\/span><\/h2><\/blockquote><p>\u00a0<\/p><p><strong>Aunque la enfermedad es m\u00e1s grave entre los adultos mayores, nadie est\u00e1 totalmente fuera de peligro.<\/strong>\u00a0De hecho, al principio, <strong>el 80% de los enfermos ten\u00edan entre 30 y 80 a\u00f1os<\/strong>, en los \u00faltimos brotes la edad ha ido bajando y <strong>la variante \u00f3micron afecta a individuos m\u00e1s j\u00f3venes, m\u00e1s de la mitad tienen entre 20 y 40 a\u00f1os<\/strong>. Eso s\u00ed, las posibilidades de morir aumentan a mayor edad y a m\u00e1s enfermedades coincidentes (diabetes, bronquitis cr\u00f3nica, problemas de coraz\u00f3n, c\u00e1ncer\u2026), pero puede morir gente de todas las edades. La evoluci\u00f3n de la enfermedad grave la explica muy bien la <a href=\"https:\/\/www.latimes.com\/espanol\/opinion\/articulo\/2021-08-27\/las-siete-etapas-del-covid-19-vistas-por-un-medico-especialista\" target=\"_blank\" rel=\"noopener\">fisioterapeuta Karen Gallardo en la edici\u00f3n del 3\/1\/22 de Los Angeles Times<\/a>. Y, lamentablemente, en <a href=\"https:\/\/www.diariodemallorca.es\/mallorca\/2021\/08\/23\/joven-19-anos-patologias-previas-muere-coronaviurs-56473054.html\" target=\"_blank\" rel=\"noopener\">Mallorca tuvimos dos decesos por COVID-19 de j\u00f3venes sin enfermedades previas<\/a>, uno de un joven de 25 a\u00f1os en Navidad de 2020, y un segundo en una mujer de 19 a\u00f1os en agosto de 2021, ninguno de los dos estaba vacunado. Aunque son casos poco frecuentes, no hay que confiarse jam\u00e1s.<\/p><p><strong>Los ni\u00f1os infectados o no muestran s\u00edntomas, o suelen ser leves.<\/strong> En el poco probable caso de que tengan una enfermedad grave, se suelen recuperar bien. La mortalidad infantil por COVID-19 es excepcional.<\/p><p>Entre los\u00a0<strong>s\u00edntomas de la enfermedad<\/strong>\u00a0destacamos de mayor a menor frecuencia: fiebre, fatiga y tos seca. La recuperaci\u00f3n tarda entre dos semanas para los casos m\u00e1s leves y seis para los m\u00e1s graves. <strong>La p\u00e9rdida del gusto y del olfato es muy t\u00edpica<\/strong> de la COVID-19, pero es menos frecuente en la variante \u00f3micron.<\/p><p>La <strong>reinfecci\u00f3n por COVID-19<\/strong> es posible y <strong>ocurre en el 10% de los casos<\/strong>.<\/p><p>El <strong>diagn\u00f3stico<\/strong> se hace mediante el test de ant\u00edgenos y las PCRs. Las pruebas de ant\u00edgenos detectan s\u00f3lo aquellas personas que eliminan m\u00e1s virus y, por tanto, tienen m\u00e1s capacidad de infectar, mientras que la PCR se hace positiva con cargas virales m\u00e1s bajas. Se cree que <strong>el rendimiento de los tests de ant\u00edgenos ser\u00e1 menor en los vacunados, pues tienen menos carga viral.<\/strong> Puede ocurrir que alguien sea portador del virus y la prueba de ant\u00edgenos sea negativa. Entonces, <strong>si tienes s\u00edntomas pero el test es negativo, mejor a\u00edslate y rep\u00edtelo a las 12-24 horas, pues puede pasar a positivo cuando aumente la carga viral<\/strong>.<\/p><h4>\u00a0<\/h4><h4>FUENTES DE LA INFORMACI\u00d3N:<\/h4><ul><li>Centers for Disease Control and Prevention [Internet]. Coronavirus disease 2019 (COVID-19). Disponible en: <a href=\"https:\/\/www.cdc.gov\/coronavirus\/2019-nCoV\/hcp\/index.html\">https:\/\/www.cdc.gov\/coronavirus\/2019-nCoV\/hcp\/index.html<\/a><\/li><\/ul>\t\t\t\t\t\t\t\t<\/div>\n\t\t\t\t<\/div>\n\t\t\t\t\t<\/div>\n\t\t<\/div>\n\t\t\t\t\t<\/div>\n\t\t<\/section>\n\t\t\t\t<section class=\"elementor-section elementor-top-section elementor-element elementor-element-fc7f72e elementor-section-boxed elementor-section-height-default elementor-section-height-default\" data-id=\"fc7f72e\" data-element_type=\"section\">\n\t\t\t\t\t\t<div class=\"elementor-container elementor-column-gap-default\">\n\t\t\t\t\t<div class=\"elementor-column elementor-col-100 elementor-top-column elementor-element elementor-element-8e7de49\" data-id=\"8e7de49\" data-element_type=\"column\">\n\t\t\t<div class=\"elementor-widget-wrap elementor-element-populated\">\n\t\t\t\t\t\t<div class=\"elementor-element elementor-element-d58c574 elementor-widget elementor-widget-shortcode\" data-id=\"d58c574\" data-element_type=\"widget\" data-widget_type=\"shortcode.default\">\n\t\t\t\t<div class=\"elementor-widget-container\">\n\t\t\t\t\t\t\t<div class=\"elementor-shortcode\">[ssba-buttons]<\/div>\n\t\t\t\t\t\t<\/div>\n\t\t\t\t<\/div>\n\t\t\t\t\t<\/div>\n\t\t<\/div>\n\t\t\t\t\t<\/div>\n\t\t<\/section>\n\t\t\t\t<\/div>\n\t\t","protected":false},"excerpt":{"rendered":"<p>CORONAVIRUS: qu\u00e9 es, c\u00f3mo se comporta y se diagnostica Autora:\u00a0Dra. MJ Gibert.Fecha de actualizaci\u00f3n: 9\/1\/22.Fecha de versiones previas: 5\/9\/20. El Coronavirus es una familia viral muy antigua, que infecta sobre todo a los animales\u00a0y, despu\u00e9s de mucho tiempo, ha conseguido llegar a la especie humana. Estos virus residen en los murci\u00e9lagos de todo el mundo [&hellip;]<\/p>\n","protected":false},"author":12,"featured_media":0,"parent":15353,"menu_order":0,"comment_status":"closed","ping_status":"closed","template":"elementor_header_footer","meta":{"footnotes":""},"class_list":["post-11248","page","type-page","status-publish","hentry"],"yoast_head":"<!-- This site is optimized with the Yoast SEO plugin v25.0 - https:\/\/yoast.com\/wordpress\/plugins\/seo\/ -->\n<title>CORONAVIRUS: qu\u00e9 es, qu\u00e9 nos puede traer y c\u00f3mo lo podemos evitar - DRA. GIBERT<\/title>\n<meta name=\"robots\" content=\"index, follow, max-snippet:-1, max-image-preview:large, max-video-preview:-1\" \/>\n<link rel=\"canonical\" href=\"https:\/\/www.doctoragibert.com\/es\/pacientes\/otros\/coronavirus\/\" \/>\n<meta property=\"og:locale\" content=\"es_ES\" \/>\n<meta property=\"og:type\" content=\"article\" \/>\n<meta property=\"og:title\" content=\"CORONAVIRUS: qu\u00e9 es, qu\u00e9 nos puede traer y c\u00f3mo lo podemos evitar - DRA. GIBERT\" \/>\n<meta property=\"og:description\" content=\"CORONAVIRUS: qu\u00e9 es, c\u00f3mo se comporta y se diagnostica Autora:\u00a0Dra. MJ Gibert.Fecha de actualizaci\u00f3n: 9\/1\/22.Fecha de versiones previas: 5\/9\/20. El Coronavirus es una familia viral muy antigua, que infecta sobre todo a los animales\u00a0y, despu\u00e9s de mucho tiempo, ha conseguido llegar a la especie humana. Estos virus residen en los murci\u00e9lagos de todo el mundo [&hellip;]\" \/>\n<meta property=\"og:url\" content=\"https:\/\/www.doctoragibert.com\/es\/pacientes\/otros\/coronavirus\/\" \/>\n<meta property=\"og:site_name\" content=\"DRA. GIBERT\" \/>\n<meta property=\"article:publisher\" content=\"https:\/\/www.facebook.com\/doctoragibert\" \/>\n<meta property=\"article:modified_time\" content=\"2022-01-18T17:59:29+00:00\" \/>\n<meta property=\"og:image\" content=\"https:\/\/www.doctoragibert.com\/wp-content\/uploads\/2020\/03\/Covid-19_1.jpg\" \/>\n<meta name=\"twitter:label1\" content=\"Tiempo de lectura\" \/>\n\t<meta name=\"twitter:data1\" content=\"7 minutos\" \/>\n<script type=\"application\/ld+json\" class=\"yoast-schema-graph\">{\"@context\":\"https:\/\/schema.org\",\"@graph\":[{\"@type\":\"WebPage\",\"@id\":\"https:\/\/www.doctoragibert.com\/es\/pacientes\/otros\/coronavirus\/\",\"url\":\"https:\/\/www.doctoragibert.com\/es\/pacientes\/otros\/coronavirus\/\",\"name\":\"CORONAVIRUS: qu\u00e9 es, qu\u00e9 nos puede traer y c\u00f3mo lo podemos evitar - DRA. GIBERT\",\"isPartOf\":{\"@id\":\"https:\/\/www.doctoragibert.com\/es\/#website\"},\"primaryImageOfPage\":{\"@id\":\"https:\/\/www.doctoragibert.com\/es\/pacientes\/otros\/coronavirus\/#primaryimage\"},\"image\":{\"@id\":\"https:\/\/www.doctoragibert.com\/es\/pacientes\/otros\/coronavirus\/#primaryimage\"},\"thumbnailUrl\":\"https:\/\/www.doctoragibert.com\/wp-content\/uploads\/2020\/03\/Covid-19_1.jpg\",\"datePublished\":\"2020-03-16T12:05:00+00:00\",\"dateModified\":\"2022-01-18T17:59:29+00:00\",\"breadcrumb\":{\"@id\":\"https:\/\/www.doctoragibert.com\/es\/pacientes\/otros\/coronavirus\/#breadcrumb\"},\"inLanguage\":\"es\",\"potentialAction\":[{\"@type\":\"ReadAction\",\"target\":[\"https:\/\/www.doctoragibert.com\/es\/pacientes\/otros\/coronavirus\/\"]}]},{\"@type\":\"ImageObject\",\"inLanguage\":\"es\",\"@id\":\"https:\/\/www.doctoragibert.com\/es\/pacientes\/otros\/coronavirus\/#primaryimage\",\"url\":\"https:\/\/www.doctoragibert.com\/wp-content\/uploads\/2020\/03\/Covid-19_1.jpg\",\"contentUrl\":\"https:\/\/www.doctoragibert.com\/wp-content\/uploads\/2020\/03\/Covid-19_1.jpg\"},{\"@type\":\"BreadcrumbList\",\"@id\":\"https:\/\/www.doctoragibert.com\/es\/pacientes\/otros\/coronavirus\/#breadcrumb\",\"itemListElement\":[{\"@type\":\"ListItem\",\"position\":1,\"name\":\"PACIENTES\",\"item\":\"https:\/\/www.doctoragibert.com\/es\/pacientes\/\"},{\"@type\":\"ListItem\",\"position\":2,\"name\":\"OTROS\",\"item\":\"https:\/\/www.doctoragibert.com\/es\/pacientes\/otros\/\"},{\"@type\":\"ListItem\",\"position\":3,\"name\":\"CORONAVIRUS: qu\u00e9 es, qu\u00e9 nos puede traer y c\u00f3mo lo podemos evitar\"}]},{\"@type\":\"WebSite\",\"@id\":\"https:\/\/www.doctoragibert.com\/es\/#website\",\"url\":\"https:\/\/www.doctoragibert.com\/es\/\",\"name\":\"DRA. GIBERT\",\"description\":\"Ginecologia i obstetricia\",\"potentialAction\":[{\"@type\":\"SearchAction\",\"target\":{\"@type\":\"EntryPoint\",\"urlTemplate\":\"https:\/\/www.doctoragibert.com\/es\/?s={search_term_string}\"},\"query-input\":{\"@type\":\"PropertyValueSpecification\",\"valueRequired\":true,\"valueName\":\"search_term_string\"}}],\"inLanguage\":\"es\"}]}<\/script>\n<!-- \/ Yoast SEO plugin. -->","yoast_head_json":{"title":"CORONAVIRUS: qu\u00e9 es, qu\u00e9 nos puede traer y c\u00f3mo lo podemos evitar - DRA. GIBERT","robots":{"index":"index","follow":"follow","max-snippet":"max-snippet:-1","max-image-preview":"max-image-preview:large","max-video-preview":"max-video-preview:-1"},"canonical":"https:\/\/www.doctoragibert.com\/es\/pacientes\/otros\/coronavirus\/","og_locale":"es_ES","og_type":"article","og_title":"CORONAVIRUS: qu\u00e9 es, qu\u00e9 nos puede traer y c\u00f3mo lo podemos evitar - DRA. GIBERT","og_description":"CORONAVIRUS: qu\u00e9 es, c\u00f3mo se comporta y se diagnostica Autora:\u00a0Dra. MJ Gibert.Fecha de actualizaci\u00f3n: 9\/1\/22.Fecha de versiones previas: 5\/9\/20. El Coronavirus es una familia viral muy antigua, que infecta sobre todo a los animales\u00a0y, despu\u00e9s de mucho tiempo, ha conseguido llegar a la especie humana. Estos virus residen en los murci\u00e9lagos de todo el mundo [&hellip;]","og_url":"https:\/\/www.doctoragibert.com\/es\/pacientes\/otros\/coronavirus\/","og_site_name":"DRA. GIBERT","article_publisher":"https:\/\/www.facebook.com\/doctoragibert","article_modified_time":"2022-01-18T17:59:29+00:00","og_image":[{"url":"https:\/\/www.doctoragibert.com\/wp-content\/uploads\/2020\/03\/Covid-19_1.jpg","type":"","width":"","height":""}],"twitter_misc":{"Tiempo de lectura":"7 minutos"},"schema":{"@context":"https:\/\/schema.org","@graph":[{"@type":"WebPage","@id":"https:\/\/www.doctoragibert.com\/es\/pacientes\/otros\/coronavirus\/","url":"https:\/\/www.doctoragibert.com\/es\/pacientes\/otros\/coronavirus\/","name":"CORONAVIRUS: qu\u00e9 es, qu\u00e9 nos puede traer y c\u00f3mo lo podemos evitar - DRA. GIBERT","isPartOf":{"@id":"https:\/\/www.doctoragibert.com\/es\/#website"},"primaryImageOfPage":{"@id":"https:\/\/www.doctoragibert.com\/es\/pacientes\/otros\/coronavirus\/#primaryimage"},"image":{"@id":"https:\/\/www.doctoragibert.com\/es\/pacientes\/otros\/coronavirus\/#primaryimage"},"thumbnailUrl":"https:\/\/www.doctoragibert.com\/wp-content\/uploads\/2020\/03\/Covid-19_1.jpg","datePublished":"2020-03-16T12:05:00+00:00","dateModified":"2022-01-18T17:59:29+00:00","breadcrumb":{"@id":"https:\/\/www.doctoragibert.com\/es\/pacientes\/otros\/coronavirus\/#breadcrumb"},"inLanguage":"es","potentialAction":[{"@type":"ReadAction","target":["https:\/\/www.doctoragibert.com\/es\/pacientes\/otros\/coronavirus\/"]}]},{"@type":"ImageObject","inLanguage":"es","@id":"https:\/\/www.doctoragibert.com\/es\/pacientes\/otros\/coronavirus\/#primaryimage","url":"https:\/\/www.doctoragibert.com\/wp-content\/uploads\/2020\/03\/Covid-19_1.jpg","contentUrl":"https:\/\/www.doctoragibert.com\/wp-content\/uploads\/2020\/03\/Covid-19_1.jpg"},{"@type":"BreadcrumbList","@id":"https:\/\/www.doctoragibert.com\/es\/pacientes\/otros\/coronavirus\/#breadcrumb","itemListElement":[{"@type":"ListItem","position":1,"name":"PACIENTES","item":"https:\/\/www.doctoragibert.com\/es\/pacientes\/"},{"@type":"ListItem","position":2,"name":"OTROS","item":"https:\/\/www.doctoragibert.com\/es\/pacientes\/otros\/"},{"@type":"ListItem","position":3,"name":"CORONAVIRUS: qu\u00e9 es, qu\u00e9 nos puede traer y c\u00f3mo lo podemos evitar"}]},{"@type":"WebSite","@id":"https:\/\/www.doctoragibert.com\/es\/#website","url":"https:\/\/www.doctoragibert.com\/es\/","name":"DRA. GIBERT","description":"Ginecologia i obstetricia","potentialAction":[{"@type":"SearchAction","target":{"@type":"EntryPoint","urlTemplate":"https:\/\/www.doctoragibert.com\/es\/?s={search_term_string}"},"query-input":{"@type":"PropertyValueSpecification","valueRequired":true,"valueName":"search_term_string"}}],"inLanguage":"es"}]}},"_links":{"self":[{"href":"https:\/\/www.doctoragibert.com\/es\/wp-json\/wp\/v2\/pages\/11248","targetHints":{"allow":["GET"]}}],"collection":[{"href":"https:\/\/www.doctoragibert.com\/es\/wp-json\/wp\/v2\/pages"}],"about":[{"href":"https:\/\/www.doctoragibert.com\/es\/wp-json\/wp\/v2\/types\/page"}],"author":[{"embeddable":true,"href":"https:\/\/www.doctoragibert.com\/es\/wp-json\/wp\/v2\/users\/12"}],"replies":[{"embeddable":true,"href":"https:\/\/www.doctoragibert.com\/es\/wp-json\/wp\/v2\/comments?post=11248"}],"version-history":[{"count":5,"href":"https:\/\/www.doctoragibert.com\/es\/wp-json\/wp\/v2\/pages\/11248\/revisions"}],"predecessor-version":[{"id":19347,"href":"https:\/\/www.doctoragibert.com\/es\/wp-json\/wp\/v2\/pages\/11248\/revisions\/19347"}],"up":[{"embeddable":true,"href":"https:\/\/www.doctoragibert.com\/es\/wp-json\/wp\/v2\/pages\/15353"}],"wp:attachment":[{"href":"https:\/\/www.doctoragibert.com\/es\/wp-json\/wp\/v2\/media?parent=11248"}],"curies":[{"name":"wp","href":"https:\/\/api.w.org\/{rel}","templated":true}]}}