{"id":11473,"date":"2013-03-05T11:58:48","date_gmt":"2013-03-05T11:58:48","guid":{"rendered":"https:\/\/www.doctoragibert.com\/home-1-3\/"},"modified":"2021-08-11T12:42:27","modified_gmt":"2021-08-11T12:42:27","slug":"home-1-3","status":"publish","type":"page","link":"https:\/\/www.doctoragibert.com\/es\/","title":{"rendered":"Inicio"},"content":{"rendered":"\t\t<div data-elementor-type=\"wp-page\" data-elementor-id=\"11473\" class=\"elementor elementor-11473 elementor-6915\">\n\t\t\t\t\t\t<section class=\"elementor-section elementor-top-section elementor-element elementor-element-2dde3f3 elementor-section-full_width elementor-section-stretched elementor-section-height-default elementor-section-height-default\" data-id=\"2dde3f3\" data-element_type=\"section\" data-settings=\"{&quot;stretch_section&quot;:&quot;section-stretched&quot;}\">\n\t\t\t\t\t\t<div class=\"elementor-container elementor-column-gap-default\">\n\t\t\t\t\t<div class=\"elementor-column elementor-col-100 elementor-top-column elementor-element elementor-element-2192c46\" data-id=\"2192c46\" data-element_type=\"column\">\n\t\t\t<div class=\"elementor-widget-wrap elementor-element-populated\">\n\t\t\t\t\t\t<div class=\"elementor-element elementor-element-7c217e7 elementor-arrows-position-inside elementor-widget elementor-widget-image-carousel\" data-id=\"7c217e7\" data-element_type=\"widget\" data-settings=\"{&quot;slides_to_show&quot;:&quot;1&quot;,&quot;navigation&quot;:&quot;arrows&quot;,&quot;autoplay_speed&quot;:3000,&quot;autoplay&quot;:&quot;yes&quot;,&quot;pause_on_hover&quot;:&quot;yes&quot;,&quot;pause_on_interaction&quot;:&quot;yes&quot;,&quot;infinite&quot;:&quot;yes&quot;,&quot;effect&quot;:&quot;slide&quot;,&quot;speed&quot;:500}\" data-widget_type=\"image-carousel.default\">\n\t\t\t\t<div class=\"elementor-widget-container\">\n\t\t\t\t\t\t\t<div class=\"elementor-image-carousel-wrapper swiper\" role=\"region\" aria-roledescription=\"carousel\" aria-label=\"Carrusel de im\u00e1genes\" dir=\"ltr\">\n\t\t\t<div class=\"elementor-image-carousel swiper-wrapper\" aria-live=\"off\">\n\t\t\t\t\t\t\t\t<div class=\"swiper-slide\" role=\"group\" aria-roledescription=\"slide\" aria-label=\"1 de 8\"><figure class=\"swiper-slide-inner\"><img decoding=\"async\" class=\"swiper-slide-image\" src=\"https:\/\/www.doctoragibert.com\/wp-content\/uploads\/elementor\/thumbs\/slider01-pculuunqqugr528p6ok58zrizitczyj3pab6yiv5gk.jpg\" alt=\"slider01\" \/><\/figure><\/div><div class=\"swiper-slide\" role=\"group\" aria-roledescription=\"slide\" aria-label=\"2 de 8\"><figure class=\"swiper-slide-inner\"><img decoding=\"async\" class=\"swiper-slide-image\" src=\"https:\/\/www.doctoragibert.com\/wp-content\/uploads\/elementor\/thumbs\/gibert-home-12-pculuunqqugr528p6ok58zrizitczyj3pab6yiv5gk.jpg\" alt=\"gibert-home-12\" \/><\/figure><\/div><div class=\"swiper-slide\" role=\"group\" aria-roledescription=\"slide\" aria-label=\"3 de 8\"><figure class=\"swiper-slide-inner\"><img decoding=\"async\" class=\"swiper-slide-image\" src=\"https:\/\/www.doctoragibert.com\/wp-content\/uploads\/elementor\/thumbs\/gibert-home-3-pculuunqqugr528p6ok58zrizitczyj3pab6yiv5gk.jpg\" alt=\"gibert-home-3\" \/><\/figure><\/div><div class=\"swiper-slide\" role=\"group\" aria-roledescription=\"slide\" aria-label=\"4 de 8\"><figure class=\"swiper-slide-inner\"><img decoding=\"async\" class=\"swiper-slide-image\" src=\"https:\/\/www.doctoragibert.com\/wp-content\/uploads\/elementor\/thumbs\/slider02-pculuunqqugr528p6ok58zrizitczyj3pab6yiv5gk.jpg\" alt=\"slider02\" \/><\/figure><\/div><div class=\"swiper-slide\" role=\"group\" aria-roledescription=\"slide\" aria-label=\"5 de 8\"><figure class=\"swiper-slide-inner\"><img decoding=\"async\" class=\"swiper-slide-image\" src=\"https:\/\/www.doctoragibert.com\/wp-content\/uploads\/elementor\/thumbs\/17-pculuunqqugr528p6ok58zrizitczyj3pab6yiv5gk.jpg\" alt=\"17\" \/><\/figure><\/div><div class=\"swiper-slide\" role=\"group\" aria-roledescription=\"slide\" aria-label=\"6 de 8\"><figure class=\"swiper-slide-inner\"><img decoding=\"async\" class=\"swiper-slide-image\" src=\"https:\/\/www.doctoragibert.com\/wp-content\/uploads\/elementor\/thumbs\/doctora-gibert-nado-pculuunqqugr528p6ok58zrizitczyj3pab6yiv5gk.jpg\" alt=\"doctora-gibert-nado\" \/><\/figure><\/div><div class=\"swiper-slide\" role=\"group\" aria-roledescription=\"slide\" aria-label=\"7 de 8\"><figure class=\"swiper-slide-inner\"><img decoding=\"async\" class=\"swiper-slide-image\" src=\"https:\/\/www.doctoragibert.com\/wp-content\/uploads\/elementor\/thumbs\/gibert-home-7-pculuunqqugr528p6ok58zrizitczyj3pab6yiv5gk.jpg\" alt=\"gibert-home-7\" \/><\/figure><\/div><div class=\"swiper-slide\" role=\"group\" aria-roledescription=\"slide\" aria-label=\"8 de 8\"><figure class=\"swiper-slide-inner\"><img decoding=\"async\" class=\"swiper-slide-image\" src=\"https:\/\/www.doctoragibert.com\/wp-content\/uploads\/elementor\/thumbs\/gibert-home-15-pculuunqqugr528p6ok58zrizitczyj3pab6yiv5gk.jpg\" alt=\"gibert-home-15\" \/><\/figure><\/div>\t\t\t<\/div>\n\t\t\t\t\t\t\t\t\t\t\t\t<div class=\"elementor-swiper-button elementor-swiper-button-prev\" role=\"button\" tabindex=\"0\">\n\t\t\t\t\t\t<i aria-hidden=\"true\" class=\"eicon-chevron-left\"><\/i>\t\t\t\t\t<\/div>\n\t\t\t\t\t<div class=\"elementor-swiper-button elementor-swiper-button-next\" role=\"button\" tabindex=\"0\">\n\t\t\t\t\t\t<i aria-hidden=\"true\" class=\"eicon-chevron-right\"><\/i>\t\t\t\t\t<\/div>\n\t\t\t\t\n\t\t\t\t\t\t\t\t\t<\/div>\n\t\t\t\t\t\t<\/div>\n\t\t\t\t<\/div>\n\t\t\t\t\t<\/div>\n\t\t<\/div>\n\t\t\t\t\t<\/div>\n\t\t<\/section>\n\t\t\t\t<section class=\"elementor-section elementor-top-section elementor-element elementor-element-67d2ee37 elementor-section-boxed elementor-section-height-default elementor-section-height-default\" data-id=\"67d2ee37\" data-element_type=\"section\">\n\t\t\t\t\t\t<div class=\"elementor-container elementor-column-gap-default\">\n\t\t\t\t\t<div class=\"elementor-column elementor-col-100 elementor-top-column elementor-element elementor-element-496cb222\" data-id=\"496cb222\" data-element_type=\"column\">\n\t\t\t<div class=\"elementor-widget-wrap elementor-element-populated\">\n\t\t\t\t\t\t<div class=\"elementor-element elementor-element-240699f elementor-widget elementor-widget-heading\" data-id=\"240699f\" data-element_type=\"widget\" data-widget_type=\"heading.default\">\n\t\t\t\t<div class=\"elementor-widget-container\">\n\t\t\t\t\t<h2 class=\"elementor-heading-title elementor-size-default\">Noticias<\/h2>\t\t\t\t<\/div>\n\t\t\t\t<\/div>\n\t\t\t\t<div class=\"elementor-element elementor-element-31fee9e elementor-widget-divider--view-line elementor-widget elementor-widget-divider\" data-id=\"31fee9e\" data-element_type=\"widget\" data-widget_type=\"divider.default\">\n\t\t\t\t<div class=\"elementor-widget-container\">\n\t\t\t\t\t\t\t<div class=\"elementor-divider\">\n\t\t\t<span class=\"elementor-divider-separator\">\n\t\t\t\t\t\t<\/span>\n\t\t<\/div>\n\t\t\t\t\t\t<\/div>\n\t\t\t\t<\/div>\n\t\t\t\t<div class=\"elementor-element elementor-element-6ea7eec elementor-widget elementor-widget-spacer\" data-id=\"6ea7eec\" data-element_type=\"widget\" data-widget_type=\"spacer.default\">\n\t\t\t\t<div class=\"elementor-widget-container\">\n\t\t\t\t\t\t\t<div class=\"elementor-spacer\">\n\t\t\t<div class=\"elementor-spacer-inner\"><\/div>\n\t\t<\/div>\n\t\t\t\t\t\t<\/div>\n\t\t\t\t<\/div>\n\t\t\t\t<div class=\"elementor-element elementor-element-390d9fc elementor-grid-eael-col-3 elementor-grid-tablet-eael-col-2 elementor-grid-mobile-eael-col-1 elementor-widget elementor-widget-eael-post-grid\" data-id=\"390d9fc\" data-element_type=\"widget\" data-settings=\"{&quot;eael_post_grid_columns&quot;:&quot;eael-col-3&quot;,&quot;eael_post_grid_columns_tablet&quot;:&quot;eael-col-2&quot;,&quot;eael_post_grid_columns_mobile&quot;:&quot;eael-col-1&quot;}\" data-widget_type=\"eael-post-grid.default\">\n\t\t\t\t<div class=\"elementor-widget-container\">\n\t\t\t\t\t<div id=\"eael-post-grid-390d9fc\" class=\"eael-post-grid-container\">\n            <div class=\"eael-post-grid eael-post-appender eael-post-appender-390d9fc eael-post-grid-style-one\" data-layout-mode=\"grid\"><article class=\"eael-grid-post eael-post-grid-column\" data-id=\"23586\">\n        <div class=\"eael-grid-post-holder\">\n            <div class=\"eael-grid-post-holder-inner\"><div class=\"eael-entry-media\"><div class=\"eael-entry-overlay fade-in\"><i class=\"fas fa-long-arrow-alt-right\" aria-hidden=\"true\"><\/i><a href=\"https:\/\/www.doctoragibert.com\/es\/felices-fiestas-25-26\/\"><\/a><\/div><div class=\"eael-entry-thumbnail \">\n                <img fetchpriority=\"high\" decoding=\"async\" width=\"300\" height=\"300\" src=\"https:\/\/www.doctoragibert.com\/wp-content\/uploads\/2025\/12\/Xarxes_CASTELLA-300x300.png\" class=\"attachment-medium size-medium wp-image-23594\" alt=\"\" srcset=\"https:\/\/www.doctoragibert.com\/wp-content\/uploads\/2025\/12\/Xarxes_CASTELLA-300x300.png 300w, https:\/\/www.doctoragibert.com\/wp-content\/uploads\/2025\/12\/Xarxes_CASTELLA-1024x1024.png 1024w, https:\/\/www.doctoragibert.com\/wp-content\/uploads\/2025\/12\/Xarxes_CASTELLA-150x150.png 150w, https:\/\/www.doctoragibert.com\/wp-content\/uploads\/2025\/12\/Xarxes_CASTELLA-768x768.png 768w\" sizes=\"(max-width: 300px) 100vw, 300px\" \/>\n            <\/div>\n        <\/div><div class=\"eael-entry-wrapper\"><header class=\"eael-entry-header\"><h2 class=\"eael-entry-title\"><a\n                        class=\"eael-grid-post-link\"\n                        href=\"https:\/\/www.doctoragibert.com\/es\/felices-fiestas-25-26\/\"\n                        title=\"\u00a1Felices fiestas!\">\u00a1Felices fiestas!<\/a><\/h2><\/header><div class=\"eael-entry-content\">\n                        <div class=\"eael-grid-post-excerpt\"><p>Queridas pacientes, familias y amigos, Volvemos a ser aqu\u00ed y no queremos perder la ocasi\u00f3n que la web y las redes nos ofrecen para sentirnos...<\/p><a href=\"https:\/\/www.doctoragibert.com\/es\/felices-fiestas-25-26\/\" class=\"eael-post-elements-readmore-btn\">Llegir m\u00e9s<\/a><\/div>\n                    <\/div><\/div><\/div>\n        <\/div>\n    <\/article><article class=\"eael-grid-post eael-post-grid-column\" data-id=\"23294\">\n        <div class=\"eael-grid-post-holder\">\n            <div class=\"eael-grid-post-holder-inner\"><div class=\"eael-entry-media\"><div class=\"eael-entry-overlay fade-in\"><i class=\"fas fa-long-arrow-alt-right\" aria-hidden=\"true\"><\/i><a href=\"https:\/\/www.doctoragibert.com\/es\/v_jornada_ssr\/\"><\/a><\/div><div class=\"eael-entry-thumbnail \">\n                <img decoding=\"async\" width=\"300\" height=\"300\" src=\"https:\/\/www.doctoragibert.com\/wp-content\/uploads\/2025\/05\/Cartell_V_Jornada_SSR-300x300.png\" class=\"attachment-medium size-medium wp-image-23299\" alt=\"\" srcset=\"https:\/\/www.doctoragibert.com\/wp-content\/uploads\/2025\/05\/Cartell_V_Jornada_SSR-300x300.png 300w, https:\/\/www.doctoragibert.com\/wp-content\/uploads\/2025\/05\/Cartell_V_Jornada_SSR-1024x1024.png 1024w, https:\/\/www.doctoragibert.com\/wp-content\/uploads\/2025\/05\/Cartell_V_Jornada_SSR-150x150.png 150w, https:\/\/www.doctoragibert.com\/wp-content\/uploads\/2025\/05\/Cartell_V_Jornada_SSR-768x768.png 768w\" sizes=\"(max-width: 300px) 100vw, 300px\" \/>\n            <\/div>\n        <\/div><div class=\"eael-entry-wrapper\"><header class=\"eael-entry-header\"><h2 class=\"eael-entry-title\"><a\n                        class=\"eael-grid-post-link\"\n                        href=\"https:\/\/www.doctoragibert.com\/es\/v_jornada_ssr\/\"\n                        title=\"Avanzamos todos juntos gracias a la tarea de la Sociedad Balear de Anticoncepci\u00f3n\">Avanzamos todos juntos gracias a la tarea de la Sociedad Balear de Anticoncepci\u00f3n<\/a><\/h2><\/header><div class=\"eael-entry-content\">\n                        <div class=\"eael-grid-post-excerpt\"><p>La Sociedad Balear de Anticoncepci\u00f3n (SBA)\u00a0es la filial auton\u00f3mica de la\u00a0Sociedad\u00a0Espa\u00f1ola\u00a0de\u00a0Contracepci\u00f3n, organismo sin \u00e1nimo de lucro que lucha para mejorar la Salud Sexual y Reproductiva...<\/p><a href=\"https:\/\/www.doctoragibert.com\/es\/v_jornada_ssr\/\" class=\"eael-post-elements-readmore-btn\">Llegir m\u00e9s<\/a><\/div>\n                    <\/div><\/div><\/div>\n        <\/div>\n    <\/article><article class=\"eael-grid-post eael-post-grid-column\" data-id=\"23228\">\n        <div class=\"eael-grid-post-holder\">\n            <div class=\"eael-grid-post-holder-inner\"><div class=\"eael-entry-media\"><div class=\"eael-entry-overlay fade-in\"><i class=\"fas fa-long-arrow-alt-right\" aria-hidden=\"true\"><\/i><a href=\"https:\/\/www.doctoragibert.com\/es\/curso-anticoncepcion-menorca-25\/\"><\/a><\/div><div class=\"eael-entry-thumbnail \">\n                <img decoding=\"async\" width=\"300\" height=\"300\" src=\"https:\/\/www.doctoragibert.com\/wp-content\/uploads\/2025\/02\/WhatsApp_Image_2025-02-07_at_11.57.04-300x300.jpeg\" class=\"attachment-medium size-medium wp-image-23218\" alt=\"\" srcset=\"https:\/\/www.doctoragibert.com\/wp-content\/uploads\/2025\/02\/WhatsApp_Image_2025-02-07_at_11.57.04-300x300.jpeg 300w, https:\/\/www.doctoragibert.com\/wp-content\/uploads\/2025\/02\/WhatsApp_Image_2025-02-07_at_11.57.04-1024x1024.jpeg 1024w, https:\/\/www.doctoragibert.com\/wp-content\/uploads\/2025\/02\/WhatsApp_Image_2025-02-07_at_11.57.04-150x150.jpeg 150w, https:\/\/www.doctoragibert.com\/wp-content\/uploads\/2025\/02\/WhatsApp_Image_2025-02-07_at_11.57.04-768x768.jpeg 768w\" sizes=\"(max-width: 300px) 100vw, 300px\" \/>\n            <\/div>\n        <\/div><div class=\"eael-entry-wrapper\"><header class=\"eael-entry-header\"><h2 class=\"eael-entry-title\"><a\n                        class=\"eael-grid-post-link\"\n                        href=\"https:\/\/www.doctoragibert.com\/es\/curso-anticoncepcion-menorca-25\/\"\n                        title=\"La Dra. Gibert ha sido ponente del Curso de Actualizaci\u00f3n en Anticoncepci\u00f3n en Menorca\">La Dra. Gibert ha sido ponente del Curso de Actualizaci\u00f3n en Anticoncepci\u00f3n en Menorca<\/a><\/h2><\/header><div class=\"eael-entry-content\">\n                        <div class=\"eael-grid-post-excerpt\"><p>La Dra. Gibert lleva su compromiso con las mujeres a todos los \u00e1mbitos, independientemente del lugar, la financiaci\u00f3n y el tipo de actuaci\u00f3n requerida. Desde...<\/p><a href=\"https:\/\/www.doctoragibert.com\/es\/curso-anticoncepcion-menorca-25\/\" class=\"eael-post-elements-readmore-btn\">Llegir m\u00e9s<\/a><\/div>\n                    <\/div><\/div><\/div>\n        <\/div>\n    <\/article><\/div>\n            <div class=\"clearfix\"><\/div>\n        <\/div>            <div class=\"eael-load-more-button-wrap eael-force-hide\">\n                <button class=\"eael-load-more-button\" id=\"eael-load-more-btn-390d9fc\" data-widget-id=\"390d9fc\" data-widget=\"390d9fc\" data-page-id=\"11473\" data-template=\"{&quot;dir&quot;:&quot;lite&quot;,&quot;file_name&quot;:&quot;default.php&quot;,&quot;name&quot;:&quot;Post-Grid&quot;}\" data-class=\"Essential_Addons_Elementor\\Elements\\Post_Grid\" data-layout=\"grid\" data-page=\"1\" data-args=\"orderby=date&amp;order=desc&amp;ignore_sticky_posts=1&amp;post_status=publish&amp;posts_per_page=3&amp;offset=0&amp;post_type=post\" data-max-page=\"45\">\n                    <span class=\"eael-btn-loader button__loader\"><\/span>\n                    <span class=\"eael_load_more_text\">Load More<\/span>\n                <\/button>\n            <\/div>\n            \t\t\t\t<\/div>\n\t\t\t\t<\/div>\n\t\t\t\t\t<\/div>\n\t\t<\/div>\n\t\t\t\t\t<\/div>\n\t\t<\/section>\n\t\t\t\t<section class=\"elementor-section elementor-top-section elementor-element elementor-element-b0f9a41 elementor-section-boxed elementor-section-height-default elementor-section-height-default\" data-id=\"b0f9a41\" data-element_type=\"section\">\n\t\t\t\t\t\t<div class=\"elementor-container elementor-column-gap-default\">\n\t\t\t\t\t<div class=\"elementor-column elementor-col-100 elementor-top-column elementor-element elementor-element-dbbcfc3\" data-id=\"dbbcfc3\" data-element_type=\"column\">\n\t\t\t<div class=\"elementor-widget-wrap elementor-element-populated\">\n\t\t\t\t\t\t<div class=\"elementor-element elementor-element-1b4319f elementor-widget elementor-widget-image\" data-id=\"1b4319f\" data-element_type=\"widget\" data-widget_type=\"image.default\">\n\t\t\t\t<div class=\"elementor-widget-container\">\n\t\t\t\t\t\t\t\t\t\t\t\t\t\t\t\t<a href=\"https:\/\/www.doctoragibert.com\/es\/encuesta-de-satisfaccion\/\">\n\t\t\t\t\t\t\t<img loading=\"lazy\" decoding=\"async\" width=\"894\" height=\"210\" src=\"https:\/\/www.doctoragibert.com\/wp-content\/uploads\/2021\/08\/doctora-gibert-banner-encuesta-satisfaccion.jpg\" class=\"attachment-full size-full wp-image-16160\" alt=\"\" \/>\t\t\t\t\t\t\t\t<\/a>\n\t\t\t\t\t\t\t\t\t\t\t\t\t\t\t<\/div>\n\t\t\t\t<\/div>\n\t\t\t\t\t<\/div>\n\t\t<\/div>\n\t\t\t\t\t<\/div>\n\t\t<\/section>\n\t\t\t\t<\/div>\n\t\t","protected":false},"excerpt":{"rendered":"<p>Anterior Siguiente Noticias Entramos en la Semana Mundial de la Incontinencia 2021 Llega el verano, pero la actividad sanitaria no para por vacaciones. As\u00ed, a partir del lunes 21, dedicaremos toda la semana a tomar conciencia de&#8230; Llegir m\u00e9s 31 de mayo: D\u00eda Mundial Sin Tabaco La Organizaci\u00f3n Mundial de la Salud propone cada a\u00f1o [&hellip;]<\/p>\n","protected":false},"author":12,"featured_media":0,"parent":0,"menu_order":0,"comment_status":"closed","ping_status":"closed","template":"elementor_header_footer","meta":{"footnotes":""},"class_list":["post-11473","page","type-page","status-publish","hentry"],"yoast_head":"<!-- This site is optimized with the Yoast SEO plugin v25.0 - https:\/\/yoast.com\/wordpress\/plugins\/seo\/ -->\n<title>DOCTORA MJ GIBERT, Ginecologia y obstetr\u00edcia en Mallorca<\/title>\n<meta name=\"description\" content=\"Portal web sobre Obstetr\u00edcia y Ginecologia destinado a informar y asesorar a las mujeres, gestionada por la ginec\u00f3loga Maria Josep Gibert.\" \/>\n<meta name=\"robots\" content=\"index, follow, max-snippet:-1, max-image-preview:large, max-video-preview:-1\" \/>\n<link rel=\"canonical\" href=\"https:\/\/www.doctoragibert.com\/es\/\" \/>\n<meta property=\"og:locale\" content=\"es_ES\" \/>\n<meta property=\"og:type\" content=\"article\" \/>\n<meta property=\"og:title\" content=\"DOCTORA MJ GIBERT, Ginecologia y obstetr\u00edcia en Mallorca\" \/>\n<meta property=\"og:description\" content=\"Portal web sobre Obstetr\u00edcia y Ginecologia destinado a informar y asesorar a las mujeres, gestionada por la ginec\u00f3loga Maria Josep Gibert.\" \/>\n<meta property=\"og:url\" content=\"https:\/\/www.doctoragibert.com\/es\/\" \/>\n<meta property=\"og:site_name\" content=\"DRA. GIBERT\" \/>\n<meta property=\"article:publisher\" content=\"https:\/\/www.facebook.com\/doctoragibert\" \/>\n<meta property=\"article:modified_time\" content=\"2021-08-11T12:42:27+00:00\" \/>\n<meta property=\"og:image\" content=\"https:\/\/www.doctoragibert.com\/wp-content\/uploads\/elementor\/thumbs\/slider01-p5sozihleim0iypxoaainhz7ufjzkp4mxdvpxq7v50.jpg\" \/>\n<meta name=\"twitter:label1\" content=\"Tiempo de lectura\" \/>\n\t<meta name=\"twitter:data1\" content=\"3 minutos\" \/>\n<script type=\"application\/ld+json\" class=\"yoast-schema-graph\">{\"@context\":\"https:\/\/schema.org\",\"@graph\":[{\"@type\":\"WebPage\",\"@id\":\"https:\/\/www.doctoragibert.com\/es\/\",\"url\":\"https:\/\/www.doctoragibert.com\/es\/\",\"name\":\"DOCTORA MJ GIBERT, Ginecologia y obstetr\u00edcia en Mallorca\",\"isPartOf\":{\"@id\":\"https:\/\/www.doctoragibert.com\/es\/#website\"},\"primaryImageOfPage\":{\"@id\":\"https:\/\/www.doctoragibert.com\/es\/#primaryimage\"},\"image\":{\"@id\":\"https:\/\/www.doctoragibert.com\/es\/#primaryimage\"},\"thumbnailUrl\":\"https:\/\/www.doctoragibert.com\/wp-content\/uploads\/elementor\/thumbs\/slider01-p5sozihleim0iypxoaainhz7ufjzkp4mxdvpxq7v50.jpg\",\"datePublished\":\"2013-03-05T11:58:48+00:00\",\"dateModified\":\"2021-08-11T12:42:27+00:00\",\"description\":\"Portal web sobre Obstetr\u00edcia y Ginecologia destinado a informar y asesorar a las mujeres, gestionada por la ginec\u00f3loga Maria Josep Gibert.\",\"inLanguage\":\"es\",\"potentialAction\":[{\"@type\":\"ReadAction\",\"target\":[\"https:\/\/www.doctoragibert.com\/es\/\"]}]},{\"@type\":\"ImageObject\",\"inLanguage\":\"es\",\"@id\":\"https:\/\/www.doctoragibert.com\/es\/#primaryimage\",\"url\":\"https:\/\/www.doctoragibert.com\/wp-content\/uploads\/elementor\/thumbs\/slider01-p5sozihleim0iypxoaainhz7ufjzkp4mxdvpxq7v50.jpg\",\"contentUrl\":\"https:\/\/www.doctoragibert.com\/wp-content\/uploads\/elementor\/thumbs\/slider01-p5sozihleim0iypxoaainhz7ufjzkp4mxdvpxq7v50.jpg\"},{\"@type\":\"WebSite\",\"@id\":\"https:\/\/www.doctoragibert.com\/es\/#website\",\"url\":\"https:\/\/www.doctoragibert.com\/es\/\",\"name\":\"DRA. GIBERT\",\"description\":\"Ginecologia i obstetricia\",\"potentialAction\":[{\"@type\":\"SearchAction\",\"target\":{\"@type\":\"EntryPoint\",\"urlTemplate\":\"https:\/\/www.doctoragibert.com\/es\/?s={search_term_string}\"},\"query-input\":{\"@type\":\"PropertyValueSpecification\",\"valueRequired\":true,\"valueName\":\"search_term_string\"}}],\"inLanguage\":\"es\"}]}<\/script>\n<!-- \/ Yoast SEO plugin. -->","yoast_head_json":{"title":"DOCTORA MJ GIBERT, Ginecologia y obstetr\u00edcia en Mallorca","description":"Portal web sobre Obstetr\u00edcia y Ginecologia destinado a informar y asesorar a las mujeres, gestionada por la ginec\u00f3loga Maria Josep Gibert.","robots":{"index":"index","follow":"follow","max-snippet":"max-snippet:-1","max-image-preview":"max-image-preview:large","max-video-preview":"max-video-preview:-1"},"canonical":"https:\/\/www.doctoragibert.com\/es\/","og_locale":"es_ES","og_type":"article","og_title":"DOCTORA MJ GIBERT, Ginecologia y obstetr\u00edcia en Mallorca","og_description":"Portal web sobre Obstetr\u00edcia y Ginecologia destinado a informar y asesorar a las mujeres, gestionada por la ginec\u00f3loga Maria Josep Gibert.","og_url":"https:\/\/www.doctoragibert.com\/es\/","og_site_name":"DRA. GIBERT","article_publisher":"https:\/\/www.facebook.com\/doctoragibert","article_modified_time":"2021-08-11T12:42:27+00:00","og_image":[{"url":"https:\/\/www.doctoragibert.com\/wp-content\/uploads\/elementor\/thumbs\/slider01-p5sozihleim0iypxoaainhz7ufjzkp4mxdvpxq7v50.jpg","type":"","width":"","height":""}],"twitter_misc":{"Tiempo de lectura":"3 minutos"},"schema":{"@context":"https:\/\/schema.org","@graph":[{"@type":"WebPage","@id":"https:\/\/www.doctoragibert.com\/es\/","url":"https:\/\/www.doctoragibert.com\/es\/","name":"DOCTORA MJ GIBERT, Ginecologia y obstetr\u00edcia en Mallorca","isPartOf":{"@id":"https:\/\/www.doctoragibert.com\/es\/#website"},"primaryImageOfPage":{"@id":"https:\/\/www.doctoragibert.com\/es\/#primaryimage"},"image":{"@id":"https:\/\/www.doctoragibert.com\/es\/#primaryimage"},"thumbnailUrl":"https:\/\/www.doctoragibert.com\/wp-content\/uploads\/elementor\/thumbs\/slider01-p5sozihleim0iypxoaainhz7ufjzkp4mxdvpxq7v50.jpg","datePublished":"2013-03-05T11:58:48+00:00","dateModified":"2021-08-11T12:42:27+00:00","description":"Portal web sobre Obstetr\u00edcia y Ginecologia destinado a informar y asesorar a las mujeres, gestionada por la ginec\u00f3loga Maria Josep Gibert.","inLanguage":"es","potentialAction":[{"@type":"ReadAction","target":["https:\/\/www.doctoragibert.com\/es\/"]}]},{"@type":"ImageObject","inLanguage":"es","@id":"https:\/\/www.doctoragibert.com\/es\/#primaryimage","url":"https:\/\/www.doctoragibert.com\/wp-content\/uploads\/elementor\/thumbs\/slider01-p5sozihleim0iypxoaainhz7ufjzkp4mxdvpxq7v50.jpg","contentUrl":"https:\/\/www.doctoragibert.com\/wp-content\/uploads\/elementor\/thumbs\/slider01-p5sozihleim0iypxoaainhz7ufjzkp4mxdvpxq7v50.jpg"},{"@type":"WebSite","@id":"https:\/\/www.doctoragibert.com\/es\/#website","url":"https:\/\/www.doctoragibert.com\/es\/","name":"DRA. GIBERT","description":"Ginecologia i obstetricia","potentialAction":[{"@type":"SearchAction","target":{"@type":"EntryPoint","urlTemplate":"https:\/\/www.doctoragibert.com\/es\/?s={search_term_string}"},"query-input":{"@type":"PropertyValueSpecification","valueRequired":true,"valueName":"search_term_string"}}],"inLanguage":"es"}]}},"_links":{"self":[{"href":"https:\/\/www.doctoragibert.com\/es\/wp-json\/wp\/v2\/pages\/11473","targetHints":{"allow":["GET"]}}],"collection":[{"href":"https:\/\/www.doctoragibert.com\/es\/wp-json\/wp\/v2\/pages"}],"about":[{"href":"https:\/\/www.doctoragibert.com\/es\/wp-json\/wp\/v2\/types\/page"}],"author":[{"embeddable":true,"href":"https:\/\/www.doctoragibert.com\/es\/wp-json\/wp\/v2\/users\/12"}],"replies":[{"embeddable":true,"href":"https:\/\/www.doctoragibert.com\/es\/wp-json\/wp\/v2\/comments?post=11473"}],"version-history":[{"count":5,"href":"https:\/\/www.doctoragibert.com\/es\/wp-json\/wp\/v2\/pages\/11473\/revisions"}],"predecessor-version":[{"id":16172,"href":"https:\/\/www.doctoragibert.com\/es\/wp-json\/wp\/v2\/pages\/11473\/revisions\/16172"}],"wp:attachment":[{"href":"https:\/\/www.doctoragibert.com\/es\/wp-json\/wp\/v2\/media?parent=11473"}],"curies":[{"name":"wp","href":"https:\/\/api.w.org\/{rel}","templated":true}]}}