{"id":14354,"date":"2021-07-13T07:27:06","date_gmt":"2021-07-13T07:27:06","guid":{"rendered":"https:\/\/www.doctoragibert.com\/?page_id=14354"},"modified":"2024-10-15T07:40:28","modified_gmt":"2024-10-15T07:40:28","slug":"proteccion-de-datos","status":"publish","type":"page","link":"https:\/\/www.doctoragibert.com\/es\/proteccion-de-datos\/","title":{"rendered":"Protecci\u00f3n de datos"},"content":{"rendered":"\t\t<div data-elementor-type=\"wp-page\" data-elementor-id=\"14354\" class=\"elementor elementor-14354 elementor-14353\">\n\t\t\t\t\t\t<section class=\"elementor-section elementor-top-section elementor-element elementor-element-38cd4718 elementor-section-boxed elementor-section-height-default elementor-section-height-default\" data-id=\"38cd4718\" data-element_type=\"section\" data-settings=\"{&quot;background_background&quot;:&quot;classic&quot;}\">\n\t\t\t\t\t\t<div class=\"elementor-container elementor-column-gap-default\">\n\t\t\t\t\t<div class=\"elementor-column elementor-col-100 elementor-top-column elementor-element elementor-element-3a04fe02\" data-id=\"3a04fe02\" data-element_type=\"column\">\n\t\t\t<div class=\"elementor-widget-wrap elementor-element-populated\">\n\t\t\t\t\t\t<div class=\"elementor-element elementor-element-53918fdd elementor-widget elementor-widget-spacer\" data-id=\"53918fdd\" data-element_type=\"widget\" data-widget_type=\"spacer.default\">\n\t\t\t\t<div class=\"elementor-widget-container\">\n\t\t\t\t\t\t\t<div class=\"elementor-spacer\">\n\t\t\t<div class=\"elementor-spacer-inner\"><\/div>\n\t\t<\/div>\n\t\t\t\t\t\t<\/div>\n\t\t\t\t<\/div>\n\t\t\t\t<div class=\"elementor-element elementor-element-13244b5a elementor-widget elementor-widget-heading\" data-id=\"13244b5a\" data-element_type=\"widget\" data-widget_type=\"heading.default\">\n\t\t\t\t<div class=\"elementor-widget-container\">\n\t\t\t\t\t<h2 class=\"elementor-heading-title elementor-size-default\">Protecci\u00f3n de datos<\/h2>\t\t\t\t<\/div>\n\t\t\t\t<\/div>\n\t\t\t\t<div class=\"elementor-element elementor-element-5e465f6b elementor-widget-divider--view-line elementor-widget elementor-widget-divider\" data-id=\"5e465f6b\" data-element_type=\"widget\" data-widget_type=\"divider.default\">\n\t\t\t\t<div class=\"elementor-widget-container\">\n\t\t\t\t\t\t\t<div class=\"elementor-divider\">\n\t\t\t<span class=\"elementor-divider-separator\">\n\t\t\t\t\t\t<\/span>\n\t\t<\/div>\n\t\t\t\t\t\t<\/div>\n\t\t\t\t<\/div>\n\t\t\t\t<div class=\"elementor-element elementor-element-46f0b2d6 elementor-widget elementor-widget-spacer\" data-id=\"46f0b2d6\" data-element_type=\"widget\" data-widget_type=\"spacer.default\">\n\t\t\t\t<div class=\"elementor-widget-container\">\n\t\t\t\t\t\t\t<div class=\"elementor-spacer\">\n\t\t\t<div class=\"elementor-spacer-inner\"><\/div>\n\t\t<\/div>\n\t\t\t\t\t\t<\/div>\n\t\t\t\t<\/div>\n\t\t\t\t\t<\/div>\n\t\t<\/div>\n\t\t\t\t\t<\/div>\n\t\t<\/section>\n\t\t\t\t<section class=\"elementor-section elementor-top-section elementor-element elementor-element-4801a5ff elementor-section-boxed elementor-section-height-default elementor-section-height-default\" data-id=\"4801a5ff\" data-element_type=\"section\">\n\t\t\t\t\t\t<div class=\"elementor-container elementor-column-gap-default\">\n\t\t\t\t\t<div class=\"elementor-column elementor-col-100 elementor-top-column elementor-element elementor-element-4f893ff0\" data-id=\"4f893ff0\" data-element_type=\"column\">\n\t\t\t<div class=\"elementor-widget-wrap elementor-element-populated\">\n\t\t\t\t\t\t<div class=\"elementor-element elementor-element-b764138 legal elementor-widget elementor-widget-text-editor\" data-id=\"b764138\" data-element_type=\"widget\" data-widget_type=\"text-editor.default\">\n\t\t\t\t<div class=\"elementor-widget-container\">\n\t\t\t\t\t\t\t\t\t<h2>Ley Org\u00e1nica de Protecci\u00f3n de Datos<\/h2><p>De acuerdo con la Ley Org\u00e1nica 3\/2018, de 5 de diciembre, de Protecci\u00f3n de Datos Personales y garant\u00eda de los derechos digitales, le informamos que los datos que nos facilita por medio de los formularios de\u00a0<a href=\"https:\/\/www.doctoragibert.com\/es\/contacto\/\"><u>solicitud de cita<\/u><\/a>, <a href=\"https:\/\/www.doctoragibert.com\/es\/encuesta-de-satisfaccion\/\"><u>encuesta de satisfacci\u00f3n<\/u><\/a> o <a href=\"https:\/\/www.doctoragibert.com\/es\/contacto\/\"><u>contacto<\/u><\/a> podr\u00e1n ser incorporados a los ficheros titularidad de Inversions M\u00e8diques Gibert C. i associats, SLU. con domicilio en la C\/ Arxiduc Llu\u00eds Salvador, 90, 07004, Palma (Espa\u00f1a). Usted podr\u00e1 ejercitar en cualquier momento sus derechos de acceso, rectificaci\u00f3n, cancelaci\u00f3n, oposici\u00f3n, portabilidad y limitaci\u00f3n al tratamiento de sus datos, en los t\u00e9rminos previstos legalmente, dirigi\u00e9ndose a\u00a0<a href=\"mailto:recepcio@doctoragibert.com\">recepcio@doctoragibert.com<\/a>, o bien por correo postal a la direcci\u00f3n anteriormente se\u00f1alada, acompa\u00f1ando copia de un documento oficial que acredite su identidad. Los datos obtenidos a trav\u00e9s de nuestra web o por cualquier otro medio responden a la finalidad \u00fanica y exclusiva de poder facilitar a los usuarios los servicios solicitados.<\/p>\t\t\t\t\t\t\t\t<\/div>\n\t\t\t\t<\/div>\n\t\t\t\t\t<\/div>\n\t\t<\/div>\n\t\t\t\t\t<\/div>\n\t\t<\/section>\n\t\t\t\t<\/div>\n\t\t","protected":false},"excerpt":{"rendered":"<p>Protecci\u00f3n de datos Ley Org\u00e1nica de Protecci\u00f3n de Datos De acuerdo con la Ley Org\u00e1nica 3\/2018, de 5 de diciembre, de Protecci\u00f3n de Datos Personales y garant\u00eda de los derechos digitales, le informamos que los datos que nos facilita por medio de los formularios de\u00a0solicitud de cita, encuesta de satisfacci\u00f3n o contacto podr\u00e1n ser incorporados [&hellip;]<\/p>\n","protected":false},"author":29996,"featured_media":0,"parent":0,"menu_order":0,"comment_status":"closed","ping_status":"closed","template":"elementor_header_footer","meta":{"footnotes":""},"class_list":["post-14354","page","type-page","status-publish","hentry"],"yoast_head":"<!-- This site is optimized with the Yoast SEO plugin v25.0 - https:\/\/yoast.com\/wordpress\/plugins\/seo\/ -->\n<title>Protecci\u00f3 de dades del web de la ginec\u00f2loga Dra. Gibert<\/title>\n<meta name=\"description\" content=\"Codi \u00e8tic, drets d&#039;autor, aspectes legals, notificacions sobre abusos, modificacions i condicions d&#039;\u00fas del web.\" \/>\n<meta name=\"robots\" content=\"index, follow, max-snippet:-1, max-image-preview:large, max-video-preview:-1\" \/>\n<link rel=\"canonical\" href=\"https:\/\/www.doctoragibert.com\/es\/proteccion-de-datos\/\" \/>\n<meta property=\"og:locale\" content=\"es_ES\" \/>\n<meta property=\"og:type\" content=\"article\" \/>\n<meta property=\"og:title\" content=\"Protecci\u00f3 de dades del web de la ginec\u00f2loga Dra. Gibert\" \/>\n<meta property=\"og:description\" content=\"Codi \u00e8tic, drets d&#039;autor, aspectes legals, notificacions sobre abusos, modificacions i condicions d&#039;\u00fas del web.\" \/>\n<meta property=\"og:url\" content=\"https:\/\/www.doctoragibert.com\/es\/proteccion-de-datos\/\" \/>\n<meta property=\"og:site_name\" content=\"DRA. GIBERT\" \/>\n<meta property=\"article:publisher\" content=\"https:\/\/www.facebook.com\/doctoragibert\" \/>\n<meta property=\"article:modified_time\" content=\"2024-10-15T07:40:28+00:00\" \/>\n<meta name=\"twitter:label1\" content=\"Tiempo de lectura\" \/>\n\t<meta name=\"twitter:data1\" content=\"1 minuto\" \/>\n<script type=\"application\/ld+json\" class=\"yoast-schema-graph\">{\"@context\":\"https:\/\/schema.org\",\"@graph\":[{\"@type\":\"WebPage\",\"@id\":\"https:\/\/www.doctoragibert.com\/es\/proteccion-de-datos\/\",\"url\":\"https:\/\/www.doctoragibert.com\/es\/proteccion-de-datos\/\",\"name\":\"Protecci\u00f3 de dades del web de la ginec\u00f2loga Dra. Gibert\",\"isPartOf\":{\"@id\":\"https:\/\/www.doctoragibert.com\/es\/#website\"},\"datePublished\":\"2021-07-13T07:27:06+00:00\",\"dateModified\":\"2024-10-15T07:40:28+00:00\",\"description\":\"Codi \u00e8tic, drets d'autor, aspectes legals, notificacions sobre abusos, modificacions i condicions d'\u00fas del web.\",\"inLanguage\":\"es\",\"potentialAction\":[{\"@type\":\"ReadAction\",\"target\":[\"https:\/\/www.doctoragibert.com\/es\/proteccion-de-datos\/\"]}]},{\"@type\":\"WebSite\",\"@id\":\"https:\/\/www.doctoragibert.com\/es\/#website\",\"url\":\"https:\/\/www.doctoragibert.com\/es\/\",\"name\":\"DRA. GIBERT\",\"description\":\"Ginecologia i obstetricia\",\"potentialAction\":[{\"@type\":\"SearchAction\",\"target\":{\"@type\":\"EntryPoint\",\"urlTemplate\":\"https:\/\/www.doctoragibert.com\/es\/?s={search_term_string}\"},\"query-input\":{\"@type\":\"PropertyValueSpecification\",\"valueRequired\":true,\"valueName\":\"search_term_string\"}}],\"inLanguage\":\"es\"}]}<\/script>\n<!-- \/ Yoast SEO plugin. -->","yoast_head_json":{"title":"Protecci\u00f3 de dades del web de la ginec\u00f2loga Dra. Gibert","description":"Codi \u00e8tic, drets d'autor, aspectes legals, notificacions sobre abusos, modificacions i condicions d'\u00fas del web.","robots":{"index":"index","follow":"follow","max-snippet":"max-snippet:-1","max-image-preview":"max-image-preview:large","max-video-preview":"max-video-preview:-1"},"canonical":"https:\/\/www.doctoragibert.com\/es\/proteccion-de-datos\/","og_locale":"es_ES","og_type":"article","og_title":"Protecci\u00f3 de dades del web de la ginec\u00f2loga Dra. Gibert","og_description":"Codi \u00e8tic, drets d'autor, aspectes legals, notificacions sobre abusos, modificacions i condicions d'\u00fas del web.","og_url":"https:\/\/www.doctoragibert.com\/es\/proteccion-de-datos\/","og_site_name":"DRA. GIBERT","article_publisher":"https:\/\/www.facebook.com\/doctoragibert","article_modified_time":"2024-10-15T07:40:28+00:00","twitter_misc":{"Tiempo de lectura":"1 minuto"},"schema":{"@context":"https:\/\/schema.org","@graph":[{"@type":"WebPage","@id":"https:\/\/www.doctoragibert.com\/es\/proteccion-de-datos\/","url":"https:\/\/www.doctoragibert.com\/es\/proteccion-de-datos\/","name":"Protecci\u00f3 de dades del web de la ginec\u00f2loga Dra. Gibert","isPartOf":{"@id":"https:\/\/www.doctoragibert.com\/es\/#website"},"datePublished":"2021-07-13T07:27:06+00:00","dateModified":"2024-10-15T07:40:28+00:00","description":"Codi \u00e8tic, drets d'autor, aspectes legals, notificacions sobre abusos, modificacions i condicions d'\u00fas del web.","inLanguage":"es","potentialAction":[{"@type":"ReadAction","target":["https:\/\/www.doctoragibert.com\/es\/proteccion-de-datos\/"]}]},{"@type":"WebSite","@id":"https:\/\/www.doctoragibert.com\/es\/#website","url":"https:\/\/www.doctoragibert.com\/es\/","name":"DRA. GIBERT","description":"Ginecologia i obstetricia","potentialAction":[{"@type":"SearchAction","target":{"@type":"EntryPoint","urlTemplate":"https:\/\/www.doctoragibert.com\/es\/?s={search_term_string}"},"query-input":{"@type":"PropertyValueSpecification","valueRequired":true,"valueName":"search_term_string"}}],"inLanguage":"es"}]}},"_links":{"self":[{"href":"https:\/\/www.doctoragibert.com\/es\/wp-json\/wp\/v2\/pages\/14354","targetHints":{"allow":["GET"]}}],"collection":[{"href":"https:\/\/www.doctoragibert.com\/es\/wp-json\/wp\/v2\/pages"}],"about":[{"href":"https:\/\/www.doctoragibert.com\/es\/wp-json\/wp\/v2\/types\/page"}],"author":[{"embeddable":true,"href":"https:\/\/www.doctoragibert.com\/es\/wp-json\/wp\/v2\/users\/29996"}],"replies":[{"embeddable":true,"href":"https:\/\/www.doctoragibert.com\/es\/wp-json\/wp\/v2\/comments?post=14354"}],"version-history":[{"count":3,"href":"https:\/\/www.doctoragibert.com\/es\/wp-json\/wp\/v2\/pages\/14354\/revisions"}],"predecessor-version":[{"id":22917,"href":"https:\/\/www.doctoragibert.com\/es\/wp-json\/wp\/v2\/pages\/14354\/revisions\/22917"}],"wp:attachment":[{"href":"https:\/\/www.doctoragibert.com\/es\/wp-json\/wp\/v2\/media?parent=14354"}],"curies":[{"name":"wp","href":"https:\/\/api.w.org\/{rel}","templated":true}]}}