{"id":15046,"date":"2021-02-16T12:52:12","date_gmt":"2021-02-16T12:52:12","guid":{"rendered":"https:\/\/www.doctoragibert.com\/servicios\/ecografies-fetals-3d\/"},"modified":"2022-08-21T08:06:04","modified_gmt":"2022-08-21T08:06:04","slug":"ecografias-fetales-3d","status":"publish","type":"page","link":"https:\/\/www.doctoragibert.com\/es\/servicios\/ecografias-fetales-3d\/","title":{"rendered":"Ecograf\u00edas fetales 3D"},"content":{"rendered":"\t\t<div data-elementor-type=\"wp-page\" data-elementor-id=\"15046\" class=\"elementor elementor-15046 elementor-11860\">\n\t\t\t\t\t\t<section class=\"elementor-section elementor-top-section elementor-element elementor-element-7be57a21 elementor-section-boxed elementor-section-height-default elementor-section-height-default\" data-id=\"7be57a21\" data-element_type=\"section\">\n\t\t\t\t\t\t<div class=\"elementor-container elementor-column-gap-default\">\n\t\t\t\t\t<div class=\"elementor-column elementor-col-100 elementor-top-column elementor-element elementor-element-3de29ac2\" data-id=\"3de29ac2\" data-element_type=\"column\" data-settings=\"{&quot;background_background&quot;:&quot;classic&quot;}\">\n\t\t\t<div class=\"elementor-widget-wrap elementor-element-populated\">\n\t\t\t\t\t<div class=\"elementor-background-overlay\"><\/div>\n\t\t\t\t\t\t<div class=\"elementor-element elementor-element-23bf16ca elementor-widget elementor-widget-heading\" data-id=\"23bf16ca\" data-element_type=\"widget\" data-widget_type=\"heading.default\">\n\t\t\t\t<div class=\"elementor-widget-container\">\n\t\t\t\t\t<h2 class=\"elementor-heading-title elementor-size-default\">Ecograf\u00edas fetales 3D<\/h2>\t\t\t\t<\/div>\n\t\t\t\t<\/div>\n\t\t\t\t\t<\/div>\n\t\t<\/div>\n\t\t\t\t\t<\/div>\n\t\t<\/section>\n\t\t\t\t<section class=\"elementor-section elementor-top-section elementor-element elementor-element-cd68cde elementor-section-boxed elementor-section-height-default elementor-section-height-default\" data-id=\"cd68cde\" data-element_type=\"section\">\n\t\t\t\t\t\t<div class=\"elementor-container elementor-column-gap-default\">\n\t\t\t\t\t<div class=\"elementor-column elementor-col-100 elementor-top-column elementor-element elementor-element-60201a3\" data-id=\"60201a3\" data-element_type=\"column\">\n\t\t\t<div class=\"elementor-widget-wrap elementor-element-populated\">\n\t\t\t\t\t\t<div class=\"elementor-element elementor-element-3f6b199 elementor-widget elementor-widget-spacer\" data-id=\"3f6b199\" data-element_type=\"widget\" data-widget_type=\"spacer.default\">\n\t\t\t\t<div class=\"elementor-widget-container\">\n\t\t\t\t\t\t\t<div class=\"elementor-spacer\">\n\t\t\t<div class=\"elementor-spacer-inner\"><\/div>\n\t\t<\/div>\n\t\t\t\t\t\t<\/div>\n\t\t\t\t<\/div>\n\t\t\t\t<div class=\"elementor-element elementor-element-93d5467 elementor-widget elementor-widget-text-editor\" data-id=\"93d5467\" data-element_type=\"widget\" data-widget_type=\"text-editor.default\">\n\t\t\t\t<div class=\"elementor-widget-container\">\n\t\t\t\t\t\t\t\t\t<p>Las compa\u00f1\u00edas aseguradoras suelen ofrecer las tres ecograf\u00edas imprescindibles durante el embarazo:<br \/><em>\u2013 Primer trimestre:<\/em> establece la fecha probable del parto, calcula el riesgo de anomal\u00edas cromos\u00f3micas y realiza un primer estudio de la anatom\u00eda fetal.<br \/><em>\u2013 Setmana 20:<\/em> ecograf\u00eda de detecci\u00f3n de malformaciones.<br \/><em>\u2013 Tercer trimestre:<\/em> aloraci\u00f3n del crecimiento y de la vitalidad del feto.<br \/>Las dem\u00e1s ecograf\u00edas no suelen venir cubiertas por las aseguradoras.<\/p><p><strong>Las ecograf\u00edas 3D-4D<\/strong> y otras adicionales a las mencionadas permiten hacer un seguimiento m\u00e1s completo y aprovechar las situaciones en las que el feto est\u00e9 en una posici\u00f3n adecuada para obtener im\u00e1genes de calidad \u00f3ptima. Totas las im\u00e1genes y los v\u00eddeos obtenidos se entregan a los padres para que los puedan compartir con sus c\u00edrculos familiar y social.<\/p><p><strong>\u00bfC\u00f3mo debo prepararme?<\/strong><br \/>\u00b7 <strong>No<\/strong> me he de aplicar ni soluciones oleosas ni cremas hidratantes sobre el abdomen.<br \/>\u00b7 He de comer algo antes de la exploraci\u00f3n, preferentemente dulce, ya que ello favorece los movimientos fetales.<\/p><p><strong>Las mejores im\u00e1genes<\/strong><br \/>El mejor momento para ver a nuestro hijo es <strong>entre las 25 y las 30 semanas<\/strong>, pero la tecnolog\u00eda actual permite la obtenci\u00f3n de im\u00e1genes de gran calidad tambi\u00e9n fuera de este intervalo.<br \/>Las mejores im\u00e1genes se obtienen cuando el feto est\u00e1 mm\u00e1s cerca de la superficie abdominal de la madre (mujeres de peso normal o bajo, placenta fina o inserta en la cara posterior) y si la cantidad de l\u00edquido amni\u00f3tico es abundante.<\/p><p><strong>Nuestras tarifas<\/strong><br \/>Aprovecharemos los momentos m\u00e1s adecuados durante las visitas de seguimiento para obtener <strong>la mejor sesi\u00f3n de eco 3D-4D<\/strong> con un apartato de alta grama, un Voluson de General Electric. Os entregaremos dentro de del pendrive que nos traigais todas las im\u00e1genes y v\u00eddeos por 40 \u20ac si sois clientas habituales de la consulta. Si no lo sois, tambi\u00e9n tenemos opciones adecuadas, consult\u00e1dnoslo y os informaremos directamente.<\/p>\t\t\t\t\t\t\t\t<\/div>\n\t\t\t\t<\/div>\n\t\t\t\t\t<\/div>\n\t\t<\/div>\n\t\t\t\t\t<\/div>\n\t\t<\/section>\n\t\t\t\t<\/div>\n\t\t","protected":false},"excerpt":{"rendered":"<p>Ecograf\u00edas fetales 3D Las compa\u00f1\u00edas aseguradoras suelen ofrecer las tres ecograf\u00edas imprescindibles durante el embarazo:\u2013 Primer trimestre: establece la fecha probable del parto, calcula el riesgo de anomal\u00edas cromos\u00f3micas y realiza un primer estudio de la anatom\u00eda fetal.\u2013 Setmana 20: ecograf\u00eda de detecci\u00f3n de malformaciones.\u2013 Tercer trimestre: aloraci\u00f3n del crecimiento y de la vitalidad del [&hellip;]<\/p>\n","protected":false},"author":29996,"featured_media":0,"parent":15022,"menu_order":0,"comment_status":"closed","ping_status":"closed","template":"elementor_header_footer","meta":{"footnotes":""},"class_list":["post-15046","page","type-page","status-publish","hentry"],"yoast_head":"<!-- This site is optimized with the Yoast SEO plugin v25.0 - https:\/\/yoast.com\/wordpress\/plugins\/seo\/ -->\n<title>DOCTORA MJ GIBERT, Ginecologia i obstetr\u00edcia a Mallorca<\/title>\n<meta name=\"description\" content=\"Llistat de serveis de ginecologia i obstetr\u00edcia \/ parts, que ofereix la doctora MJ Gibert a Mallorca.\" \/>\n<meta name=\"robots\" content=\"index, follow, max-snippet:-1, max-image-preview:large, max-video-preview:-1\" \/>\n<link rel=\"canonical\" href=\"https:\/\/www.doctoragibert.com\/es\/servicios\/ecografias-fetales-3d\/\" \/>\n<meta property=\"og:locale\" content=\"es_ES\" \/>\n<meta property=\"og:type\" content=\"article\" \/>\n<meta property=\"og:title\" content=\"DOCTORA MJ GIBERT, Ginecologia i obstetr\u00edcia a Mallorca\" \/>\n<meta property=\"og:description\" content=\"Llistat de serveis de ginecologia i obstetr\u00edcia \/ parts, que ofereix la doctora MJ Gibert a Mallorca.\" \/>\n<meta property=\"og:url\" content=\"https:\/\/www.doctoragibert.com\/es\/servicios\/ecografias-fetales-3d\/\" \/>\n<meta property=\"og:site_name\" content=\"DRA. GIBERT\" \/>\n<meta property=\"article:publisher\" content=\"https:\/\/www.facebook.com\/doctoragibert\" \/>\n<meta property=\"article:modified_time\" content=\"2022-08-21T08:06:04+00:00\" \/>\n<meta name=\"twitter:label1\" content=\"Tiempo de lectura\" \/>\n\t<meta name=\"twitter:data1\" content=\"2 minutos\" \/>\n<script type=\"application\/ld+json\" class=\"yoast-schema-graph\">{\"@context\":\"https:\/\/schema.org\",\"@graph\":[{\"@type\":\"WebPage\",\"@id\":\"https:\/\/www.doctoragibert.com\/es\/servicios\/ecografias-fetales-3d\/\",\"url\":\"https:\/\/www.doctoragibert.com\/es\/servicios\/ecografias-fetales-3d\/\",\"name\":\"DOCTORA MJ GIBERT, Ginecologia i obstetr\u00edcia a Mallorca\",\"isPartOf\":{\"@id\":\"https:\/\/www.doctoragibert.com\/es\/#website\"},\"datePublished\":\"2021-02-16T12:52:12+00:00\",\"dateModified\":\"2022-08-21T08:06:04+00:00\",\"description\":\"Llistat de serveis de ginecologia i obstetr\u00edcia \/ parts, que ofereix la doctora MJ Gibert a Mallorca.\",\"breadcrumb\":{\"@id\":\"https:\/\/www.doctoragibert.com\/es\/servicios\/ecografias-fetales-3d\/#breadcrumb\"},\"inLanguage\":\"es\",\"potentialAction\":[{\"@type\":\"ReadAction\",\"target\":[\"https:\/\/www.doctoragibert.com\/es\/servicios\/ecografias-fetales-3d\/\"]}]},{\"@type\":\"BreadcrumbList\",\"@id\":\"https:\/\/www.doctoragibert.com\/es\/servicios\/ecografias-fetales-3d\/#breadcrumb\",\"itemListElement\":[{\"@type\":\"ListItem\",\"position\":1,\"name\":\"SERVICIOS\",\"item\":\"https:\/\/www.doctoragibert.com\/es\/servicios\/\"},{\"@type\":\"ListItem\",\"position\":2,\"name\":\"Ecograf\u00edas fetales 3D\"}]},{\"@type\":\"WebSite\",\"@id\":\"https:\/\/www.doctoragibert.com\/es\/#website\",\"url\":\"https:\/\/www.doctoragibert.com\/es\/\",\"name\":\"DRA. GIBERT\",\"description\":\"Ginecologia i obstetricia\",\"potentialAction\":[{\"@type\":\"SearchAction\",\"target\":{\"@type\":\"EntryPoint\",\"urlTemplate\":\"https:\/\/www.doctoragibert.com\/es\/?s={search_term_string}\"},\"query-input\":{\"@type\":\"PropertyValueSpecification\",\"valueRequired\":true,\"valueName\":\"search_term_string\"}}],\"inLanguage\":\"es\"}]}<\/script>\n<!-- \/ Yoast SEO plugin. -->","yoast_head_json":{"title":"DOCTORA MJ GIBERT, Ginecologia i obstetr\u00edcia a Mallorca","description":"Llistat de serveis de ginecologia i obstetr\u00edcia \/ parts, que ofereix la doctora MJ Gibert a Mallorca.","robots":{"index":"index","follow":"follow","max-snippet":"max-snippet:-1","max-image-preview":"max-image-preview:large","max-video-preview":"max-video-preview:-1"},"canonical":"https:\/\/www.doctoragibert.com\/es\/servicios\/ecografias-fetales-3d\/","og_locale":"es_ES","og_type":"article","og_title":"DOCTORA MJ GIBERT, Ginecologia i obstetr\u00edcia a Mallorca","og_description":"Llistat de serveis de ginecologia i obstetr\u00edcia \/ parts, que ofereix la doctora MJ Gibert a Mallorca.","og_url":"https:\/\/www.doctoragibert.com\/es\/servicios\/ecografias-fetales-3d\/","og_site_name":"DRA. GIBERT","article_publisher":"https:\/\/www.facebook.com\/doctoragibert","article_modified_time":"2022-08-21T08:06:04+00:00","twitter_misc":{"Tiempo de lectura":"2 minutos"},"schema":{"@context":"https:\/\/schema.org","@graph":[{"@type":"WebPage","@id":"https:\/\/www.doctoragibert.com\/es\/servicios\/ecografias-fetales-3d\/","url":"https:\/\/www.doctoragibert.com\/es\/servicios\/ecografias-fetales-3d\/","name":"DOCTORA MJ GIBERT, Ginecologia i obstetr\u00edcia a Mallorca","isPartOf":{"@id":"https:\/\/www.doctoragibert.com\/es\/#website"},"datePublished":"2021-02-16T12:52:12+00:00","dateModified":"2022-08-21T08:06:04+00:00","description":"Llistat de serveis de ginecologia i obstetr\u00edcia \/ parts, que ofereix la doctora MJ Gibert a Mallorca.","breadcrumb":{"@id":"https:\/\/www.doctoragibert.com\/es\/servicios\/ecografias-fetales-3d\/#breadcrumb"},"inLanguage":"es","potentialAction":[{"@type":"ReadAction","target":["https:\/\/www.doctoragibert.com\/es\/servicios\/ecografias-fetales-3d\/"]}]},{"@type":"BreadcrumbList","@id":"https:\/\/www.doctoragibert.com\/es\/servicios\/ecografias-fetales-3d\/#breadcrumb","itemListElement":[{"@type":"ListItem","position":1,"name":"SERVICIOS","item":"https:\/\/www.doctoragibert.com\/es\/servicios\/"},{"@type":"ListItem","position":2,"name":"Ecograf\u00edas fetales 3D"}]},{"@type":"WebSite","@id":"https:\/\/www.doctoragibert.com\/es\/#website","url":"https:\/\/www.doctoragibert.com\/es\/","name":"DRA. GIBERT","description":"Ginecologia i obstetricia","potentialAction":[{"@type":"SearchAction","target":{"@type":"EntryPoint","urlTemplate":"https:\/\/www.doctoragibert.com\/es\/?s={search_term_string}"},"query-input":{"@type":"PropertyValueSpecification","valueRequired":true,"valueName":"search_term_string"}}],"inLanguage":"es"}]}},"_links":{"self":[{"href":"https:\/\/www.doctoragibert.com\/es\/wp-json\/wp\/v2\/pages\/15046","targetHints":{"allow":["GET"]}}],"collection":[{"href":"https:\/\/www.doctoragibert.com\/es\/wp-json\/wp\/v2\/pages"}],"about":[{"href":"https:\/\/www.doctoragibert.com\/es\/wp-json\/wp\/v2\/types\/page"}],"author":[{"embeddable":true,"href":"https:\/\/www.doctoragibert.com\/es\/wp-json\/wp\/v2\/users\/29996"}],"replies":[{"embeddable":true,"href":"https:\/\/www.doctoragibert.com\/es\/wp-json\/wp\/v2\/comments?post=15046"}],"version-history":[{"count":5,"href":"https:\/\/www.doctoragibert.com\/es\/wp-json\/wp\/v2\/pages\/15046\/revisions"}],"predecessor-version":[{"id":20555,"href":"https:\/\/www.doctoragibert.com\/es\/wp-json\/wp\/v2\/pages\/15046\/revisions\/20555"}],"up":[{"embeddable":true,"href":"https:\/\/www.doctoragibert.com\/es\/wp-json\/wp\/v2\/pages\/15022"}],"wp:attachment":[{"href":"https:\/\/www.doctoragibert.com\/es\/wp-json\/wp\/v2\/media?parent=15046"}],"curies":[{"name":"wp","href":"https:\/\/api.w.org\/{rel}","templated":true}]}}