{"id":15063,"date":"2021-05-28T10:34:22","date_gmt":"2021-05-28T10:34:22","guid":{"rendered":"https:\/\/www.doctoragibert.com\/servicios\/cirurgia-intima\/"},"modified":"2021-08-12T09:05:35","modified_gmt":"2021-08-12T09:05:35","slug":"cirugia-intima","status":"publish","type":"page","link":"https:\/\/www.doctoragibert.com\/es\/servicios\/cirugia-intima\/","title":{"rendered":"Cirug\u00eda \u00edntima"},"content":{"rendered":"\t\t<div data-elementor-type=\"wp-page\" data-elementor-id=\"15063\" class=\"elementor elementor-15063 elementor-14036\">\n\t\t\t\t\t\t<section class=\"elementor-section elementor-top-section elementor-element elementor-element-7be57a21 elementor-section-boxed elementor-section-height-default elementor-section-height-default\" data-id=\"7be57a21\" data-element_type=\"section\">\n\t\t\t\t\t\t<div class=\"elementor-container elementor-column-gap-default\">\n\t\t\t\t\t<div class=\"elementor-column elementor-col-100 elementor-top-column elementor-element elementor-element-3de29ac2\" data-id=\"3de29ac2\" data-element_type=\"column\" data-settings=\"{&quot;background_background&quot;:&quot;classic&quot;}\">\n\t\t\t<div class=\"elementor-widget-wrap elementor-element-populated\">\n\t\t\t\t\t<div class=\"elementor-background-overlay\"><\/div>\n\t\t\t\t\t\t<div class=\"elementor-element elementor-element-23bf16ca elementor-widget elementor-widget-heading\" data-id=\"23bf16ca\" data-element_type=\"widget\" data-widget_type=\"heading.default\">\n\t\t\t\t<div class=\"elementor-widget-container\">\n\t\t\t\t\t<h2 class=\"elementor-heading-title elementor-size-default\">Cirug\u00eda \u00edntima<\/h2>\t\t\t\t<\/div>\n\t\t\t\t<\/div>\n\t\t\t\t\t<\/div>\n\t\t<\/div>\n\t\t\t\t\t<\/div>\n\t\t<\/section>\n\t\t\t\t<section class=\"elementor-section elementor-top-section elementor-element elementor-element-6fa7260 elementor-section-boxed elementor-section-height-default elementor-section-height-default\" data-id=\"6fa7260\" data-element_type=\"section\">\n\t\t\t\t\t\t<div class=\"elementor-container elementor-column-gap-no\">\n\t\t\t\t\t<div class=\"elementor-column elementor-col-50 elementor-top-column elementor-element elementor-element-75997be\" data-id=\"75997be\" data-element_type=\"column\">\n\t\t\t<div class=\"elementor-widget-wrap elementor-element-populated\">\n\t\t\t\t\t\t<div class=\"elementor-element elementor-element-f1ac2f2 elementor-widget elementor-widget-spacer\" data-id=\"f1ac2f2\" data-element_type=\"widget\" data-widget_type=\"spacer.default\">\n\t\t\t\t<div class=\"elementor-widget-container\">\n\t\t\t\t\t\t\t<div class=\"elementor-spacer\">\n\t\t\t<div class=\"elementor-spacer-inner\"><\/div>\n\t\t<\/div>\n\t\t\t\t\t\t<\/div>\n\t\t\t\t<\/div>\n\t\t\t\t<div class=\"elementor-element elementor-element-588210f elementor-widget elementor-widget-heading\" data-id=\"588210f\" data-element_type=\"widget\" data-widget_type=\"heading.default\">\n\t\t\t\t<div class=\"elementor-widget-container\">\n\t\t\t\t\t<h2 class=\"elementor-heading-title elementor-size-default\">Cirug\u00eda \u00edntima integral<\/h2>\t\t\t\t<\/div>\n\t\t\t\t<\/div>\n\t\t\t\t<div class=\"elementor-element elementor-element-44df75f elementor-widget elementor-widget-text-editor\" data-id=\"44df75f\" data-element_type=\"widget\" data-widget_type=\"text-editor.default\">\n\t\t\t\t<div class=\"elementor-widget-container\">\n\t\t\t\t\t\t\t\t\t<p>Nuestro equipo tambi\u00e9n realiza <strong>cirug\u00eda \u00edntima<\/strong>. Las pacientes nos suelen pedir un aspecto de acuerdo con sus necesidades y valores. As\u00ed, operamos genitales externos y vagina, rellenamos y lipoinfiltramos los labios mayores y menores, corregimos desproporciones entre el cl\u00edtoris y los labios menores, remodelando longitud, contorno y grosor. Adem\u00e1s, actuamos sobre el himen y podemos estrechar o ensanchar el introito vulvovaginal.<\/p><p>Somos especialistas en la reparaci\u00f3n de algunas lesiones que pueden ser molestas en el d\u00eda a d\u00eda como son las deformidades y las cicatrices postparto o postquir\u00fargicas.<\/p>\t\t\t\t\t\t\t\t<\/div>\n\t\t\t\t<\/div>\n\t\t\t\t<div class=\"elementor-element elementor-element-0ee0488 elementor-widget elementor-widget-heading\" data-id=\"0ee0488\" data-element_type=\"widget\" data-widget_type=\"heading.default\">\n\t\t\t\t<div class=\"elementor-widget-container\">\n\t\t\t\t\t<h2 class=\"elementor-heading-title elementor-size-default\">\u00bfCu\u00e1l es nuestro objetivo? <\/h2>\t\t\t\t<\/div>\n\t\t\t\t<\/div>\n\t\t\t\t<div class=\"elementor-element elementor-element-eb433b3 elementor-widget elementor-widget-text-editor\" data-id=\"eb433b3\" data-element_type=\"widget\" data-widget_type=\"text-editor.default\">\n\t\t\t\t<div class=\"elementor-widget-container\">\n\t\t\t\t\t\t\t\t\t<p>Intentar conseguir la mejora que est\u00e1 buscando tanto a nivel est\u00e9tico como funcional.<\/p>\t\t\t\t\t\t\t\t<\/div>\n\t\t\t\t<\/div>\n\t\t\t\t<div class=\"elementor-element elementor-element-6da9ebd elementor-widget elementor-widget-image\" data-id=\"6da9ebd\" data-element_type=\"widget\" data-widget_type=\"image.default\">\n\t\t\t\t<div class=\"elementor-widget-container\">\n\t\t\t\t\t\t\t\t\t\t\t\t\t\t\t<img fetchpriority=\"high\" decoding=\"async\" width=\"960\" height=\"1280\" src=\"https:\/\/www.doctoragibert.com\/wp-content\/uploads\/2021\/06\/Laser_genital_2.jpg\" class=\"attachment-full size-full wp-image-14147\" alt=\"\" \/>\t\t\t\t\t\t\t\t\t\t\t\t\t\t\t<\/div>\n\t\t\t\t<\/div>\n\t\t\t\t\t<\/div>\n\t\t<\/div>\n\t\t\t\t<div class=\"elementor-column elementor-col-50 elementor-top-column elementor-element elementor-element-b2e68b3\" data-id=\"b2e68b3\" data-element_type=\"column\">\n\t\t\t<div class=\"elementor-widget-wrap elementor-element-populated\">\n\t\t\t\t\t\t<div class=\"elementor-element elementor-element-6aac90a elementor-widget elementor-widget-spacer\" data-id=\"6aac90a\" data-element_type=\"widget\" data-widget_type=\"spacer.default\">\n\t\t\t\t<div class=\"elementor-widget-container\">\n\t\t\t\t\t\t\t<div class=\"elementor-spacer\">\n\t\t\t<div class=\"elementor-spacer-inner\"><\/div>\n\t\t<\/div>\n\t\t\t\t\t\t<\/div>\n\t\t\t\t<\/div>\n\t\t\t\t<div class=\"elementor-element elementor-element-4027946 elementor-widget elementor-widget-heading\" data-id=\"4027946\" data-element_type=\"widget\" data-widget_type=\"heading.default\">\n\t\t\t\t<div class=\"elementor-widget-container\">\n\t\t\t\t\t<h2 class=\"elementor-heading-title elementor-size-default\">\u00bfQu\u00e9 procedimientos realizamos?<\/h2>\t\t\t\t<\/div>\n\t\t\t\t<\/div>\n\t\t\t\t<div class=\"elementor-element elementor-element-8135865 elementor-widget elementor-widget-text-editor\" data-id=\"8135865\" data-element_type=\"widget\" data-widget_type=\"text-editor.default\">\n\t\t\t\t<div class=\"elementor-widget-container\">\n\t\t\t\t\t\t\t\t\t<p>Nuestro abanico de servicios incluye la vulva y la vagina. En cuanto a la vulva, realizamos los procedimientos que siguen:<\/p>\t\t\t\t\t\t\t\t<\/div>\n\t\t\t\t<\/div>\n\t\t\t\t<div class=\"elementor-element elementor-element-e95a3c6 elementor-icon-list--layout-traditional elementor-list-item-link-full_width elementor-widget elementor-widget-icon-list\" data-id=\"e95a3c6\" data-element_type=\"widget\" data-widget_type=\"icon-list.default\">\n\t\t\t\t<div class=\"elementor-widget-container\">\n\t\t\t\t\t\t\t<ul class=\"elementor-icon-list-items\">\n\t\t\t\t\t\t\t<li class=\"elementor-icon-list-item\">\n\t\t\t\t\t\t\t\t\t\t\t<span class=\"elementor-icon-list-icon\">\n\t\t\t\t\t\t\t<i aria-hidden=\"true\" class=\"fas fa-chevron-right\"><\/i>\t\t\t\t\t\t<\/span>\n\t\t\t\t\t\t\t\t\t\t<span class=\"elementor-icon-list-text\"><b>Labioplastia - ninfoplastia:<\/b> cirug\u00eda pl\u00e1stica de los labios menores y tambi\u00e9n de los mayores.<\/span>\n\t\t\t\t\t\t\t\t\t<\/li>\n\t\t\t\t\t\t\t\t<li class=\"elementor-icon-list-item\">\n\t\t\t\t\t\t\t\t\t\t\t<span class=\"elementor-icon-list-icon\">\n\t\t\t\t\t\t\t<i aria-hidden=\"true\" class=\"fas fa-chevron-right\"><\/i>\t\t\t\t\t\t<\/span>\n\t\t\t\t\t\t\t\t\t\t<span class=\"elementor-icon-list-text\"><b>Clitoroplastia - Clitoropexia - Hoodoplastia: <\/b> cirug\u00eda del capuch\u00f3n del cl\u00edtoris.<\/span>\n\t\t\t\t\t\t\t\t\t<\/li>\n\t\t\t\t\t\t\t\t<li class=\"elementor-icon-list-item\">\n\t\t\t\t\t\t\t\t\t\t\t<span class=\"elementor-icon-list-icon\">\n\t\t\t\t\t\t\t<i aria-hidden=\"true\" class=\"fas fa-chevron-right\"><\/i>\t\t\t\t\t\t<\/span>\n\t\t\t\t\t\t\t\t\t\t<span class=\"elementor-icon-list-text\"><b>Himenoplastia:<\/b> cirug\u00eda del himen.<\/span>\n\t\t\t\t\t\t\t\t\t<\/li>\n\t\t\t\t\t\t\t\t<li class=\"elementor-icon-list-item\">\n\t\t\t\t\t\t\t\t\t\t\t<span class=\"elementor-icon-list-icon\">\n\t\t\t\t\t\t\t<i aria-hidden=\"true\" class=\"fas fa-chevron-right\"><\/i>\t\t\t\t\t\t<\/span>\n\t\t\t\t\t\t\t\t\t\t<span class=\"elementor-icon-list-text\"><b>Vaginoplastia - Perineoplastia:<\/b> operaci\u00f3n de la vagina y del perin\u00e9 (parte inferior del tronco donde est\u00e1n la vulva y el ano)..<\/span>\n\t\t\t\t\t\t\t\t\t<\/li>\n\t\t\t\t\t\t\t\t<li class=\"elementor-icon-list-item\">\n\t\t\t\t\t\t\t\t\t\t\t<span class=\"elementor-icon-list-icon\">\n\t\t\t\t\t\t\t<i aria-hidden=\"true\" class=\"fas fa-chevron-right\"><\/i>\t\t\t\t\t\t<\/span>\n\t\t\t\t\t\t\t\t\t\t<span class=\"elementor-icon-list-text\"><b>Episiotomioplastia:<\/b> reconstrucci\u00f3n de la zona donde est\u00e1 la episiotom\u00eda o corte que se realiza durante el parto para facilitar la salida del feto..<\/span>\n\t\t\t\t\t\t\t\t\t<\/li>\n\t\t\t\t\t\t<\/ul>\n\t\t\t\t\t\t<\/div>\n\t\t\t\t<\/div>\n\t\t\t\t<div class=\"elementor-element elementor-element-a15cad9 elementor-widget elementor-widget-text-editor\" data-id=\"a15cad9\" data-element_type=\"widget\" data-widget_type=\"text-editor.default\">\n\t\t\t\t<div class=\"elementor-widget-container\">\n\t\t\t\t\t\t\t\t\t<p>Tambi\u00e9n manejamos la la <strong>vulvodinia<\/strong> (sensaci\u00f3n de escozor o quemaz\u00f3n permanente en la entrada de la vagina).<\/p><p>Las <strong>vaginas<\/strong> pueden padecer los siguientes problemas: <\/p>\t\t\t\t\t\t\t\t<\/div>\n\t\t\t\t<\/div>\n\t\t\t\t<div class=\"elementor-element elementor-element-a029f3d elementor-icon-list--layout-traditional elementor-list-item-link-full_width elementor-widget elementor-widget-icon-list\" data-id=\"a029f3d\" data-element_type=\"widget\" data-widget_type=\"icon-list.default\">\n\t\t\t\t<div class=\"elementor-widget-container\">\n\t\t\t\t\t\t\t<ul class=\"elementor-icon-list-items\">\n\t\t\t\t\t\t\t<li class=\"elementor-icon-list-item\">\n\t\t\t\t\t\t\t\t\t\t\t<span class=\"elementor-icon-list-icon\">\n\t\t\t\t\t\t\t<i aria-hidden=\"true\" class=\"fas fa-chevron-right\"><\/i>\t\t\t\t\t\t<\/span>\n\t\t\t\t\t\t\t\t\t\t<span class=\"elementor-icon-list-text\"><b>Estrechez anat\u00f3mica:<\/b> causada por la menopausia, no haber tenido hijos por v\u00eda vaginal o haber tenido pocas relaciones sexuales..<\/span>\n\t\t\t\t\t\t\t\t\t<\/li>\n\t\t\t\t\t\t\t\t<li class=\"elementor-icon-list-item\">\n\t\t\t\t\t\t\t\t\t\t\t<span class=\"elementor-icon-list-icon\">\n\t\t\t\t\t\t\t<i aria-hidden=\"true\" class=\"fas fa-chevron-right\"><\/i>\t\t\t\t\t\t<\/span>\n\t\t\t\t\t\t\t\t\t\t<span class=\"elementor-icon-list-text\"><b>Estrechez funcional o vaginismo:<\/b> los m\u00fasculos que rodean la parte inferior de la vagina se contraen ante cualquier intento de paso. Ello dificulta la vida diaria de la paciente, no le permite ni las relaciones sexuales con penetraci\u00f3n, ni la inserci\u00f3n de tampones ni copas vaginales.<\/span>\n\t\t\t\t\t\t\t\t\t<\/li>\n\t\t\t\t\t\t\t\t<li class=\"elementor-icon-list-item\">\n\t\t\t\t\t\t\t\t\t\t\t<span class=\"elementor-icon-list-icon\">\n\t\t\t\t\t\t\t<i aria-hidden=\"true\" class=\"fas fa-chevron-right\"><\/i>\t\t\t\t\t\t<\/span>\n\t\t\t\t\t\t\t\t\t\t<span class=\"elementor-icon-list-text\"><b>Vagina corta:<\/b> que una vagina se perciba como corta o no tiene mucho que ver con la longitud del miembro de la pareja y de las costumbres sexuales de los dos. Ciertamente, las operaciones vaginales de prolapso y los tratamientos del c\u00e1ncer de cuello uterino reducen su longitud y pueden producir molestias e, incluso, imposibilitar el acto sexual. Hay una serie de opciones, quir\u00fargicas o no, para adaptar las medidas de la vagina a las necesidades..<\/span>\n\t\t\t\t\t\t\t\t\t<\/li>\n\t\t\t\t\t\t<\/ul>\n\t\t\t\t\t\t<\/div>\n\t\t\t\t<\/div>\n\t\t\t\t<div class=\"elementor-element elementor-element-b083a8c elementor-widget elementor-widget-text-editor\" data-id=\"b083a8c\" data-element_type=\"widget\" data-widget_type=\"text-editor.default\">\n\t\t\t\t<div class=\"elementor-widget-container\">\n\t\t\t\t\t\t\t\t\t<p>Algunas pacientes requieren, aparte de alguno de los tratamientos comentados, una cirug\u00eda completa del suelo p\u00e9lvico que tanto se puede hacer tanto por <strong>v\u00eda vaginal<\/strong> (convencional y vNOTES), como <strong>abdominal<\/strong> (laparosc\u00f3pica o laparot\u00f3mica). Otras veces, se planifica una operaci\u00f3n <strong>coordinada con cirujanos de otras disciplinas<\/strong> (pl\u00e1stica y digestiva, principalmente).<\/p>\t\t\t\t\t\t\t\t<\/div>\n\t\t\t\t<\/div>\n\t\t\t\t<div class=\"elementor-element elementor-element-4d74589 elementor-widget elementor-widget-spacer\" data-id=\"4d74589\" data-element_type=\"widget\" data-widget_type=\"spacer.default\">\n\t\t\t\t<div class=\"elementor-widget-container\">\n\t\t\t\t\t\t\t<div class=\"elementor-spacer\">\n\t\t\t<div class=\"elementor-spacer-inner\"><\/div>\n\t\t<\/div>\n\t\t\t\t\t\t<\/div>\n\t\t\t\t<\/div>\n\t\t\t\t<div class=\"elementor-element elementor-element-9b25190 elementor-widget elementor-widget-heading\" data-id=\"9b25190\" data-element_type=\"widget\" data-widget_type=\"heading.default\">\n\t\t\t\t<div class=\"elementor-widget-container\">\n\t\t\t\t\t<h2 class=\"elementor-heading-title elementor-size-default\">\u00bfMe cubrir\u00e1 el seguro estos procedimientos? <\/h2>\t\t\t\t<\/div>\n\t\t\t\t<\/div>\n\t\t\t\t<div class=\"elementor-element elementor-element-a931157 elementor-widget elementor-widget-text-editor\" data-id=\"a931157\" data-element_type=\"widget\" data-widget_type=\"text-editor.default\">\n\t\t\t\t<div class=\"elementor-widget-container\">\n\t\t\t\t\t\t\t\t\t<p>Estos procedimientos <strong>no est\u00e1n cubiertos \u00edntegramente por ning\u00fan seguro de salud.<\/strong> Tenga en cuenta que se precisa cualificaci\u00f3n y experiencia para realizarlos con buenos resultados.<\/p>\t\t\t\t\t\t\t\t<\/div>\n\t\t\t\t<\/div>\n\t\t\t\t<div class=\"elementor-element elementor-element-3e9d949 elementor-widget elementor-widget-heading\" data-id=\"3e9d949\" data-element_type=\"widget\" data-widget_type=\"heading.default\">\n\t\t\t\t<div class=\"elementor-widget-container\">\n\t\t\t\t\t<h2 class=\"elementor-heading-title elementor-size-default\">\u00bfCu\u00e1nto tiempo de recuperaci\u00f3n necesito? <\/h2>\t\t\t\t<\/div>\n\t\t\t\t<\/div>\n\t\t\t\t<div class=\"elementor-element elementor-element-8869464 elementor-widget elementor-widget-text-editor\" data-id=\"8869464\" data-element_type=\"widget\" data-widget_type=\"text-editor.default\">\n\t\t\t\t<div class=\"elementor-widget-container\">\n\t\t\t\t\t\t\t\t\t<p>Depender\u00e1 mucho de cada procedimiento. Normalmente, recomendamos un <strong>reposo relativo domiciliario de unos 7-10 d\u00edas<\/strong> y, hasta llegar a las <strong>4-6 semanas<\/strong>, es preferible el reposo deportivo y sexual.<\/p>\t\t\t\t\t\t\t\t<\/div>\n\t\t\t\t<\/div>\n\t\t\t\t\t<\/div>\n\t\t<\/div>\n\t\t\t\t\t<\/div>\n\t\t<\/section>\n\t\t\t\t<\/div>\n\t\t","protected":false},"excerpt":{"rendered":"<p>Cirug\u00eda \u00edntima Cirug\u00eda \u00edntima integral Nuestro equipo tambi\u00e9n realiza cirug\u00eda \u00edntima. Las pacientes nos suelen pedir un aspecto de acuerdo con sus necesidades y valores. As\u00ed, operamos genitales externos y vagina, rellenamos y lipoinfiltramos los labios mayores y menores, corregimos desproporciones entre el cl\u00edtoris y los labios menores, remodelando longitud, contorno y grosor. Adem\u00e1s, actuamos [&hellip;]<\/p>\n","protected":false},"author":29996,"featured_media":0,"parent":15022,"menu_order":0,"comment_status":"closed","ping_status":"closed","template":"elementor_header_footer","meta":{"footnotes":""},"class_list":["post-15063","page","type-page","status-publish","hentry"],"yoast_head":"<!-- This site is optimized with the Yoast SEO plugin v25.0 - https:\/\/yoast.com\/wordpress\/plugins\/seo\/ -->\n<title>DOCTORA MJ GIBERT, Ginecologia i obstetr\u00edcia a Mallorca<\/title>\n<meta name=\"description\" content=\"Llistat de serveis de ginecologia i obstetr\u00edcia \/ parts, que ofereix la doctora MJ Gibert a Mallorca.\" \/>\n<meta name=\"robots\" content=\"index, follow, max-snippet:-1, max-image-preview:large, max-video-preview:-1\" \/>\n<link rel=\"canonical\" href=\"https:\/\/www.doctoragibert.com\/es\/servicios\/cirugia-intima\/\" \/>\n<meta property=\"og:locale\" content=\"es_ES\" \/>\n<meta property=\"og:type\" content=\"article\" \/>\n<meta property=\"og:title\" content=\"DOCTORA MJ GIBERT, Ginecologia i obstetr\u00edcia a Mallorca\" \/>\n<meta property=\"og:description\" content=\"Llistat de serveis de ginecologia i obstetr\u00edcia \/ parts, que ofereix la doctora MJ Gibert a Mallorca.\" \/>\n<meta property=\"og:url\" content=\"https:\/\/www.doctoragibert.com\/es\/servicios\/cirugia-intima\/\" \/>\n<meta property=\"og:site_name\" content=\"DRA. GIBERT\" \/>\n<meta property=\"article:publisher\" content=\"https:\/\/www.facebook.com\/doctoragibert\" \/>\n<meta property=\"article:modified_time\" content=\"2021-08-12T09:05:35+00:00\" \/>\n<meta property=\"og:image\" content=\"https:\/\/www.doctoragibert.com\/wp-content\/uploads\/2021\/06\/Laser_genital_2.jpg\" \/>\n<meta name=\"twitter:label1\" content=\"Tiempo de lectura\" \/>\n\t<meta name=\"twitter:data1\" content=\"3 minutos\" \/>\n<script type=\"application\/ld+json\" class=\"yoast-schema-graph\">{\"@context\":\"https:\/\/schema.org\",\"@graph\":[{\"@type\":\"WebPage\",\"@id\":\"https:\/\/www.doctoragibert.com\/es\/servicios\/cirugia-intima\/\",\"url\":\"https:\/\/www.doctoragibert.com\/es\/servicios\/cirugia-intima\/\",\"name\":\"DOCTORA MJ GIBERT, Ginecologia i obstetr\u00edcia a Mallorca\",\"isPartOf\":{\"@id\":\"https:\/\/www.doctoragibert.com\/es\/#website\"},\"primaryImageOfPage\":{\"@id\":\"https:\/\/www.doctoragibert.com\/es\/servicios\/cirugia-intima\/#primaryimage\"},\"image\":{\"@id\":\"https:\/\/www.doctoragibert.com\/es\/servicios\/cirugia-intima\/#primaryimage\"},\"thumbnailUrl\":\"https:\/\/www.doctoragibert.com\/wp-content\/uploads\/2021\/06\/Laser_genital_2.jpg\",\"datePublished\":\"2021-05-28T10:34:22+00:00\",\"dateModified\":\"2021-08-12T09:05:35+00:00\",\"description\":\"Llistat de serveis de ginecologia i obstetr\u00edcia \/ parts, que ofereix la doctora MJ Gibert a Mallorca.\",\"breadcrumb\":{\"@id\":\"https:\/\/www.doctoragibert.com\/es\/servicios\/cirugia-intima\/#breadcrumb\"},\"inLanguage\":\"es\",\"potentialAction\":[{\"@type\":\"ReadAction\",\"target\":[\"https:\/\/www.doctoragibert.com\/es\/servicios\/cirugia-intima\/\"]}]},{\"@type\":\"ImageObject\",\"inLanguage\":\"es\",\"@id\":\"https:\/\/www.doctoragibert.com\/es\/servicios\/cirugia-intima\/#primaryimage\",\"url\":\"https:\/\/www.doctoragibert.com\/wp-content\/uploads\/2021\/06\/Laser_genital_2.jpg\",\"contentUrl\":\"https:\/\/www.doctoragibert.com\/wp-content\/uploads\/2021\/06\/Laser_genital_2.jpg\"},{\"@type\":\"BreadcrumbList\",\"@id\":\"https:\/\/www.doctoragibert.com\/es\/servicios\/cirugia-intima\/#breadcrumb\",\"itemListElement\":[{\"@type\":\"ListItem\",\"position\":1,\"name\":\"SERVICIOS\",\"item\":\"https:\/\/www.doctoragibert.com\/es\/servicios\/\"},{\"@type\":\"ListItem\",\"position\":2,\"name\":\"Cirug\u00eda \u00edntima\"}]},{\"@type\":\"WebSite\",\"@id\":\"https:\/\/www.doctoragibert.com\/es\/#website\",\"url\":\"https:\/\/www.doctoragibert.com\/es\/\",\"name\":\"DRA. GIBERT\",\"description\":\"Ginecologia i obstetricia\",\"potentialAction\":[{\"@type\":\"SearchAction\",\"target\":{\"@type\":\"EntryPoint\",\"urlTemplate\":\"https:\/\/www.doctoragibert.com\/es\/?s={search_term_string}\"},\"query-input\":{\"@type\":\"PropertyValueSpecification\",\"valueRequired\":true,\"valueName\":\"search_term_string\"}}],\"inLanguage\":\"es\"}]}<\/script>\n<!-- \/ Yoast SEO plugin. -->","yoast_head_json":{"title":"DOCTORA MJ GIBERT, Ginecologia i obstetr\u00edcia a Mallorca","description":"Llistat de serveis de ginecologia i obstetr\u00edcia \/ parts, que ofereix la doctora MJ Gibert a Mallorca.","robots":{"index":"index","follow":"follow","max-snippet":"max-snippet:-1","max-image-preview":"max-image-preview:large","max-video-preview":"max-video-preview:-1"},"canonical":"https:\/\/www.doctoragibert.com\/es\/servicios\/cirugia-intima\/","og_locale":"es_ES","og_type":"article","og_title":"DOCTORA MJ GIBERT, Ginecologia i obstetr\u00edcia a Mallorca","og_description":"Llistat de serveis de ginecologia i obstetr\u00edcia \/ parts, que ofereix la doctora MJ Gibert a Mallorca.","og_url":"https:\/\/www.doctoragibert.com\/es\/servicios\/cirugia-intima\/","og_site_name":"DRA. GIBERT","article_publisher":"https:\/\/www.facebook.com\/doctoragibert","article_modified_time":"2021-08-12T09:05:35+00:00","og_image":[{"url":"https:\/\/www.doctoragibert.com\/wp-content\/uploads\/2021\/06\/Laser_genital_2.jpg","type":"","width":"","height":""}],"twitter_misc":{"Tiempo de lectura":"3 minutos"},"schema":{"@context":"https:\/\/schema.org","@graph":[{"@type":"WebPage","@id":"https:\/\/www.doctoragibert.com\/es\/servicios\/cirugia-intima\/","url":"https:\/\/www.doctoragibert.com\/es\/servicios\/cirugia-intima\/","name":"DOCTORA MJ GIBERT, Ginecologia i obstetr\u00edcia a Mallorca","isPartOf":{"@id":"https:\/\/www.doctoragibert.com\/es\/#website"},"primaryImageOfPage":{"@id":"https:\/\/www.doctoragibert.com\/es\/servicios\/cirugia-intima\/#primaryimage"},"image":{"@id":"https:\/\/www.doctoragibert.com\/es\/servicios\/cirugia-intima\/#primaryimage"},"thumbnailUrl":"https:\/\/www.doctoragibert.com\/wp-content\/uploads\/2021\/06\/Laser_genital_2.jpg","datePublished":"2021-05-28T10:34:22+00:00","dateModified":"2021-08-12T09:05:35+00:00","description":"Llistat de serveis de ginecologia i obstetr\u00edcia \/ parts, que ofereix la doctora MJ Gibert a Mallorca.","breadcrumb":{"@id":"https:\/\/www.doctoragibert.com\/es\/servicios\/cirugia-intima\/#breadcrumb"},"inLanguage":"es","potentialAction":[{"@type":"ReadAction","target":["https:\/\/www.doctoragibert.com\/es\/servicios\/cirugia-intima\/"]}]},{"@type":"ImageObject","inLanguage":"es","@id":"https:\/\/www.doctoragibert.com\/es\/servicios\/cirugia-intima\/#primaryimage","url":"https:\/\/www.doctoragibert.com\/wp-content\/uploads\/2021\/06\/Laser_genital_2.jpg","contentUrl":"https:\/\/www.doctoragibert.com\/wp-content\/uploads\/2021\/06\/Laser_genital_2.jpg"},{"@type":"BreadcrumbList","@id":"https:\/\/www.doctoragibert.com\/es\/servicios\/cirugia-intima\/#breadcrumb","itemListElement":[{"@type":"ListItem","position":1,"name":"SERVICIOS","item":"https:\/\/www.doctoragibert.com\/es\/servicios\/"},{"@type":"ListItem","position":2,"name":"Cirug\u00eda \u00edntima"}]},{"@type":"WebSite","@id":"https:\/\/www.doctoragibert.com\/es\/#website","url":"https:\/\/www.doctoragibert.com\/es\/","name":"DRA. GIBERT","description":"Ginecologia i obstetricia","potentialAction":[{"@type":"SearchAction","target":{"@type":"EntryPoint","urlTemplate":"https:\/\/www.doctoragibert.com\/es\/?s={search_term_string}"},"query-input":{"@type":"PropertyValueSpecification","valueRequired":true,"valueName":"search_term_string"}}],"inLanguage":"es"}]}},"_links":{"self":[{"href":"https:\/\/www.doctoragibert.com\/es\/wp-json\/wp\/v2\/pages\/15063","targetHints":{"allow":["GET"]}}],"collection":[{"href":"https:\/\/www.doctoragibert.com\/es\/wp-json\/wp\/v2\/pages"}],"about":[{"href":"https:\/\/www.doctoragibert.com\/es\/wp-json\/wp\/v2\/types\/page"}],"author":[{"embeddable":true,"href":"https:\/\/www.doctoragibert.com\/es\/wp-json\/wp\/v2\/users\/29996"}],"replies":[{"embeddable":true,"href":"https:\/\/www.doctoragibert.com\/es\/wp-json\/wp\/v2\/comments?post=15063"}],"version-history":[{"count":5,"href":"https:\/\/www.doctoragibert.com\/es\/wp-json\/wp\/v2\/pages\/15063\/revisions"}],"predecessor-version":[{"id":16217,"href":"https:\/\/www.doctoragibert.com\/es\/wp-json\/wp\/v2\/pages\/15063\/revisions\/16217"}],"up":[{"embeddable":true,"href":"https:\/\/www.doctoragibert.com\/es\/wp-json\/wp\/v2\/pages\/15022"}],"wp:attachment":[{"href":"https:\/\/www.doctoragibert.com\/es\/wp-json\/wp\/v2\/media?parent=15063"}],"curies":[{"name":"wp","href":"https:\/\/api.w.org\/{rel}","templated":true}]}}