{"id":15087,"date":"2015-03-06T11:26:39","date_gmt":"2015-03-06T11:26:39","guid":{"rendered":"https:\/\/www.doctoragibert.com\/colaboraciones\/"},"modified":"2023-04-27T12:50:31","modified_gmt":"2023-04-27T12:50:31","slug":"colaboradores","status":"publish","type":"page","link":"https:\/\/www.doctoragibert.com\/es\/colaboradores\/","title":{"rendered":"COLABORADORES"},"content":{"rendered":"\t\t<div data-elementor-type=\"wp-page\" data-elementor-id=\"15087\" class=\"elementor elementor-15087 elementor-6898\">\n\t\t\t\t\t\t<section class=\"elementor-section elementor-top-section elementor-element elementor-element-3383c26e elementor-section-boxed elementor-section-height-default elementor-section-height-default\" data-id=\"3383c26e\" data-element_type=\"section\">\n\t\t\t\t\t\t<div class=\"elementor-container elementor-column-gap-default\">\n\t\t\t\t\t<div class=\"elementor-column elementor-col-100 elementor-top-column elementor-element elementor-element-3331788\" data-id=\"3331788\" data-element_type=\"column\" data-settings=\"{&quot;background_background&quot;:&quot;classic&quot;}\">\n\t\t\t<div class=\"elementor-widget-wrap elementor-element-populated\">\n\t\t\t\t\t<div class=\"elementor-background-overlay\"><\/div>\n\t\t\t\t\t\t<div class=\"elementor-element elementor-element-95b6c6c elementor-widget elementor-widget-heading\" data-id=\"95b6c6c\" data-element_type=\"widget\" data-widget_type=\"heading.default\">\n\t\t\t\t<div class=\"elementor-widget-container\">\n\t\t\t\t\t<h2 class=\"elementor-heading-title elementor-size-default\">Colaboradores<\/h2>\t\t\t\t<\/div>\n\t\t\t\t<\/div>\n\t\t\t\t\t<\/div>\n\t\t<\/div>\n\t\t\t\t\t<\/div>\n\t\t<\/section>\n\t\t\t\t<section class=\"elementor-section elementor-top-section elementor-element elementor-element-4a1ca102 elementor-section-boxed elementor-section-height-default elementor-section-height-default\" data-id=\"4a1ca102\" data-element_type=\"section\">\n\t\t\t\t\t\t<div class=\"elementor-container elementor-column-gap-default\">\n\t\t\t\t\t<div class=\"elementor-column elementor-col-100 elementor-top-column elementor-element elementor-element-16aaad8b\" data-id=\"16aaad8b\" data-element_type=\"column\">\n\t\t\t<div class=\"elementor-widget-wrap elementor-element-populated\">\n\t\t\t\t\t\t<div class=\"elementor-element elementor-element-3dba74e2 elementor-widget elementor-widget-spacer\" data-id=\"3dba74e2\" data-element_type=\"widget\" data-widget_type=\"spacer.default\">\n\t\t\t\t<div class=\"elementor-widget-container\">\n\t\t\t\t\t\t\t<div class=\"elementor-spacer\">\n\t\t\t<div class=\"elementor-spacer-inner\"><\/div>\n\t\t<\/div>\n\t\t\t\t\t\t<\/div>\n\t\t\t\t<\/div>\n\t\t\t\t<div class=\"elementor-element elementor-element-caca33a elementor-widget elementor-widget-text-editor\" data-id=\"caca33a\" data-element_type=\"widget\" data-widget_type=\"text-editor.default\">\n\t\t\t\t<div class=\"elementor-widget-container\">\n\t\t\t\t\t\t\t\t\t<p>Nos encontrar\u00e1s en el <strong>Instituto de Fertilidad <\/strong>y en el <strong>Hospital Quir\u00f3nsalud Palmaplanas<\/strong>\u00a0<\/p>\t\t\t\t\t\t\t\t<\/div>\n\t\t\t\t<\/div>\n\t\t\t\t\t<\/div>\n\t\t<\/div>\n\t\t\t\t\t<\/div>\n\t\t<\/section>\n\t\t\t\t<section class=\"elementor-section elementor-top-section elementor-element elementor-element-26cc5efa elementor-section-boxed elementor-section-height-default elementor-section-height-default\" data-id=\"26cc5efa\" data-element_type=\"section\">\n\t\t\t\t\t\t<div class=\"elementor-container elementor-column-gap-wider\">\n\t\t\t\t\t<div class=\"elementor-column elementor-col-50 elementor-top-column elementor-element elementor-element-6acac2df\" data-id=\"6acac2df\" data-element_type=\"column\">\n\t\t\t<div class=\"elementor-widget-wrap elementor-element-populated\">\n\t\t\t\t\t\t<div class=\"elementor-element elementor-element-dd0f7e1 elementor-widget elementor-widget-image\" data-id=\"dd0f7e1\" data-element_type=\"widget\" data-widget_type=\"image.default\">\n\t\t\t\t<div class=\"elementor-widget-container\">\n\t\t\t\t\t\t\t\t\t\t\t\t\t\t\t<img fetchpriority=\"high\" decoding=\"async\" width=\"1440\" height=\"592\" src=\"https:\/\/www.doctoragibert.com\/wp-content\/uploads\/2021\/03\/instituto-fertilidad.jpg\" class=\"attachment-full size-full wp-image-12130\" alt=\"\" srcset=\"https:\/\/www.doctoragibert.com\/wp-content\/uploads\/2021\/03\/instituto-fertilidad.jpg 1440w, https:\/\/www.doctoragibert.com\/wp-content\/uploads\/2021\/03\/instituto-fertilidad-300x123.jpg 300w, https:\/\/www.doctoragibert.com\/wp-content\/uploads\/2021\/03\/instituto-fertilidad-1024x421.jpg 1024w, https:\/\/www.doctoragibert.com\/wp-content\/uploads\/2021\/03\/instituto-fertilidad-768x316.jpg 768w, https:\/\/www.doctoragibert.com\/wp-content\/uploads\/2021\/03\/instituto-fertilidad-200x82.jpg 200w, https:\/\/www.doctoragibert.com\/wp-content\/uploads\/2021\/03\/instituto-fertilidad-400x164.jpg 400w, https:\/\/www.doctoragibert.com\/wp-content\/uploads\/2021\/03\/instituto-fertilidad-600x247.jpg 600w, https:\/\/www.doctoragibert.com\/wp-content\/uploads\/2021\/03\/instituto-fertilidad-800x329.jpg 800w, https:\/\/www.doctoragibert.com\/wp-content\/uploads\/2021\/03\/instituto-fertilidad-1200x493.jpg 1200w\" sizes=\"(max-width: 1440px) 100vw, 1440px\" \/>\t\t\t\t\t\t\t\t\t\t\t\t\t\t\t<\/div>\n\t\t\t\t<\/div>\n\t\t\t\t<div class=\"elementor-element elementor-element-fde92d4 elementor-widget elementor-widget-heading\" data-id=\"fde92d4\" data-element_type=\"widget\" data-widget_type=\"heading.default\">\n\t\t\t\t<div class=\"elementor-widget-container\">\n\t\t\t\t\t<h2 class=\"elementor-heading-title elementor-size-default\"><a href=\"https:\/\/institutodefertilidad.es\/\" target=\"_blank\">Instituto de Fertilidad<\/a><\/h2>\t\t\t\t<\/div>\n\t\t\t\t<\/div>\n\t\t\t\t<div class=\"elementor-element elementor-element-f1769ab elementor-widget elementor-widget-text-editor\" data-id=\"f1769ab\" data-element_type=\"widget\" data-widget_type=\"text-editor.default\">\n\t\t\t\t<div class=\"elementor-widget-container\">\n\t\t\t\t\t\t\t\t\t<p>La cl\u00ednica tiene instalaciones para las consultas y los tratamientos de Reproducci\u00f3n Asistida (quir\u00f3fano de cirug\u00eda ambulatoria, sala de recuperaci\u00f3n postquir\u00fargica, laboratorio) con la finalidad de ayudar a las personas con dificultades de concepci\u00f3n a procrear hijos sanos.<br \/>La cartera de servicios incluye:<\/p><ul><li>Estudio del semen.<\/li><li>T\u00e9cnicas de selecci\u00f3n seminal.<\/li><li>Biopsia y punci\u00f3n testiculares.<\/li><li>Lavado seminal.<\/li><li>Selecci\u00f3n esperm\u00e1tica con Fertile\u00ae chip.<\/li><li>Test de compatibilidad gen\u00e9tica.<\/li><li>FISH (hibridaci\u00f3n in situ fluorescente) de\u00a0 espermatozoides.<\/li><li>Criopreservaci\u00f3n de semen.<\/li><li>Estimulaci\u00f3n ov\u00e1rica.<\/li><li>Criopreservaci\u00f3n de \u00f3vulos.<\/li><li>Donaci\u00f3n de \u00f3vulos y de embriones.<\/li><li>Inseminaci\u00f3n artificial de pareja y de donante.<\/li><li>Punci\u00f3n folicular.<\/li><li>Fecundaci\u00f3n in vitro (convencional e ICSI o microinyecci\u00f3n esperm\u00e1tica): con gametos propios, con semen y\/o \u00f3vulos de donante, con embriones donados, m\u00e9todo ROPA (recepci\u00f3n de \u00f3vulos de la pareja).<\/li><li>Cultivo embrionario.<\/li><li>Test de receptividad endometrial.<\/li><li>Eclosi\u00f3n asistida (assisted hatching).<\/li><li>Cribado y diagn\u00f3stico gen\u00e9ticos preimplantacionales.<\/li><li>Vitrificaci\u00f3n embrionaria.<\/li><li>Apoyo psicol\u00f3gico en fertilidad.<\/li><\/ul>\t\t\t\t\t\t\t\t<\/div>\n\t\t\t\t<\/div>\n\t\t\t\t\t<\/div>\n\t\t<\/div>\n\t\t\t\t<div class=\"elementor-column elementor-col-50 elementor-top-column elementor-element elementor-element-e37f185\" data-id=\"e37f185\" data-element_type=\"column\">\n\t\t\t<div class=\"elementor-widget-wrap elementor-element-populated\">\n\t\t\t\t\t\t<div class=\"elementor-element elementor-element-f4fd045 elementor-widget elementor-widget-image\" data-id=\"f4fd045\" data-element_type=\"widget\" data-widget_type=\"image.default\">\n\t\t\t\t<div class=\"elementor-widget-container\">\n\t\t\t\t\t\t\t\t\t\t\t\t\t\t\t<img decoding=\"async\" width=\"1440\" height=\"592\" src=\"https:\/\/www.doctoragibert.com\/wp-content\/uploads\/2021\/02\/hospital-quiron-salud-palma-planas.jpg\" class=\"attachment-full size-full wp-image-11839\" alt=\"\" srcset=\"https:\/\/www.doctoragibert.com\/wp-content\/uploads\/2021\/02\/hospital-quiron-salud-palma-planas.jpg 1440w, https:\/\/www.doctoragibert.com\/wp-content\/uploads\/2021\/02\/hospital-quiron-salud-palma-planas-300x123.jpg 300w, https:\/\/www.doctoragibert.com\/wp-content\/uploads\/2021\/02\/hospital-quiron-salud-palma-planas-1024x421.jpg 1024w, https:\/\/www.doctoragibert.com\/wp-content\/uploads\/2021\/02\/hospital-quiron-salud-palma-planas-768x316.jpg 768w, https:\/\/www.doctoragibert.com\/wp-content\/uploads\/2021\/02\/hospital-quiron-salud-palma-planas-200x82.jpg 200w, https:\/\/www.doctoragibert.com\/wp-content\/uploads\/2021\/02\/hospital-quiron-salud-palma-planas-400x164.jpg 400w, https:\/\/www.doctoragibert.com\/wp-content\/uploads\/2021\/02\/hospital-quiron-salud-palma-planas-600x247.jpg 600w, https:\/\/www.doctoragibert.com\/wp-content\/uploads\/2021\/02\/hospital-quiron-salud-palma-planas-800x329.jpg 800w, https:\/\/www.doctoragibert.com\/wp-content\/uploads\/2021\/02\/hospital-quiron-salud-palma-planas-1200x493.jpg 1200w\" sizes=\"(max-width: 1440px) 100vw, 1440px\" \/>\t\t\t\t\t\t\t\t\t\t\t\t\t\t\t<\/div>\n\t\t\t\t<\/div>\n\t\t\t\t<div class=\"elementor-element elementor-element-a3c4dd6 elementor-widget elementor-widget-heading\" data-id=\"a3c4dd6\" data-element_type=\"widget\" data-widget_type=\"heading.default\">\n\t\t\t\t<div class=\"elementor-widget-container\">\n\t\t\t\t\t<h2 class=\"elementor-heading-title elementor-size-default\"><a href=\"https:\/\/www.quironsalud.es\/palmaplanas\/es\/situacion-transporte\" target=\"_blank\">Hospital Quir\u00f3nsalud Palmaplanas<\/a><\/h2>\t\t\t\t<\/div>\n\t\t\t\t<\/div>\n\t\t\t\t<div class=\"elementor-element elementor-element-0d20a6b elementor-widget elementor-widget-text-editor\" data-id=\"0d20a6b\" data-element_type=\"widget\" data-widget_type=\"text-editor.default\">\n\t\t\t\t<div class=\"elementor-widget-container\">\n\t\t\t\t\t\t\t\t\t<div class=\"fusion-text fusion-text-3\"><p>La Dra. Gibert y su equipo desarrollan su actividad <strong>principalmente en su consulta<\/strong>. Aun as\u00ed, <strong>las actividades quir\u00fargica, de atenci\u00f3n a los partos y a las pacientes ingresadas se lleva a cabo en el Hospital Quironsalud Palmaplanas<\/strong>.<br \/>Tambi\u00e9n os recomendamos que <strong>acud\u00e1is a Urgencias del mencionado centro si no pod\u00e9is esperar<\/strong> a que el equipo de nuestra consulta os atienda de manera preferente. Desde el Hospital Palmaplanas se ponen en contacto con nosotros si alguna de nuestras pacientes tiene un problema de salud importante o indicaci\u00f3n de ingreso.<\/p><\/div><div class=\"fusion-text fusion-text-4\"><p><strong>SERVICIO DE RADIOLOG\u00cdA<\/strong><\/p><ul><li>Biopsias guiadas por imagen.<\/li><li>Radiolog\u00eda intervencionista (embolizaci\u00f3n de las il\u00edacas internas en el caso de hemorragias pelvianas muy graves).<\/li><li>Embolizaci\u00f3n de arterias uterinas en el caso de hemorragias severas postparto, miomas y f\u00edstulas arteriovenosas.<\/li><\/ul><p><strong>SERVICIO DE MEDICINA NUCLEAR<\/strong><\/p><ul><li>Marcado y detecci\u00f3n del ganglio centinela en los c\u00e1nceres de mama, endometrio, c\u00e9rvix y vulva.<\/li><li><a href=\"https:\/\/www.doctoragibert.com\/pacients\/cancer-de-mama\/cirurgia-del-cancer-de-mama-el-mes-frequent-es-lextirpacio-del-tumor-i-del-gangli-sentinella\/\" target=\"_blank\" rel=\"noopener\">T\u00e8cnica de ROLL<\/a> para la extirpaci\u00f3n de las lesiones no palpables de mama.<\/li><\/ul><\/div>\t\t\t\t\t\t\t\t<\/div>\n\t\t\t\t<\/div>\n\t\t\t\t\t<\/div>\n\t\t<\/div>\n\t\t\t\t\t<\/div>\n\t\t<\/section>\n\t\t\t\t<\/div>\n\t\t","protected":false},"excerpt":{"rendered":"<p>Colaboradores Nos encontrar\u00e1s en el Instituto de Fertilidad y en el Hospital Quir\u00f3nsalud Palmaplanas\u00a0 Instituto de Fertilidad La cl\u00ednica tiene instalaciones para las consultas y los tratamientos de Reproducci\u00f3n Asistida (quir\u00f3fano de cirug\u00eda ambulatoria, sala de recuperaci\u00f3n postquir\u00fargica, laboratorio) con la finalidad de ayudar a las personas con dificultades de concepci\u00f3n a procrear hijos sanos.La [&hellip;]<\/p>\n","protected":false},"author":12,"featured_media":0,"parent":0,"menu_order":0,"comment_status":"closed","ping_status":"closed","template":"elementor_header_footer","meta":{"footnotes":""},"class_list":["post-15087","page","type-page","status-publish","hentry"],"yoast_head":"<!-- This site is optimized with the Yoast SEO plugin v25.0 - https:\/\/yoast.com\/wordpress\/plugins\/seo\/ -->\n<title>DOCTORA MJ GIBERT, colaboradores en Mallorca<\/title>\n<meta name=\"description\" content=\"Los colaboradores en Mallorca de la doctora MJ Gibert, ginec\u00f3loga i obstetra, son: el hospital Quir\u00f3n Salud, Palmaplanas y l&#039;institut de fertilitat.\" \/>\n<meta name=\"robots\" content=\"index, follow, max-snippet:-1, max-image-preview:large, max-video-preview:-1\" \/>\n<link rel=\"canonical\" href=\"https:\/\/www.doctoragibert.com\/es\/colaboradores\/\" \/>\n<meta property=\"og:locale\" content=\"es_ES\" \/>\n<meta property=\"og:type\" content=\"article\" \/>\n<meta property=\"og:title\" content=\"DOCTORA MJ GIBERT, colaboradores en Mallorca\" \/>\n<meta property=\"og:description\" content=\"Los colaboradores en Mallorca de la doctora MJ Gibert, ginec\u00f3loga i obstetra, son: el hospital Quir\u00f3n Salud, Palmaplanas y l&#039;institut de fertilitat.\" \/>\n<meta property=\"og:url\" content=\"https:\/\/www.doctoragibert.com\/es\/colaboradores\/\" \/>\n<meta property=\"og:site_name\" content=\"DRA. GIBERT\" \/>\n<meta property=\"article:publisher\" content=\"https:\/\/www.facebook.com\/doctoragibert\" \/>\n<meta property=\"article:modified_time\" content=\"2023-04-27T12:50:31+00:00\" \/>\n<meta property=\"og:image\" content=\"https:\/\/www.doctoragibert.com\/wp-content\/uploads\/2021\/03\/instituto-fertilidad.jpg\" \/>\n<meta name=\"twitter:label1\" content=\"Tiempo de lectura\" \/>\n\t<meta name=\"twitter:data1\" content=\"2 minutos\" \/>\n<script type=\"application\/ld+json\" class=\"yoast-schema-graph\">{\"@context\":\"https:\/\/schema.org\",\"@graph\":[{\"@type\":\"WebPage\",\"@id\":\"https:\/\/www.doctoragibert.com\/es\/colaboradores\/\",\"url\":\"https:\/\/www.doctoragibert.com\/es\/colaboradores\/\",\"name\":\"DOCTORA MJ GIBERT, colaboradores en Mallorca\",\"isPartOf\":{\"@id\":\"https:\/\/www.doctoragibert.com\/es\/#website\"},\"primaryImageOfPage\":{\"@id\":\"https:\/\/www.doctoragibert.com\/es\/colaboradores\/#primaryimage\"},\"image\":{\"@id\":\"https:\/\/www.doctoragibert.com\/es\/colaboradores\/#primaryimage\"},\"thumbnailUrl\":\"https:\/\/www.doctoragibert.com\/wp-content\/uploads\/2021\/03\/instituto-fertilidad.jpg\",\"datePublished\":\"2015-03-06T11:26:39+00:00\",\"dateModified\":\"2023-04-27T12:50:31+00:00\",\"description\":\"Los colaboradores en Mallorca de la doctora MJ Gibert, ginec\u00f3loga i obstetra, son: el hospital Quir\u00f3n Salud, Palmaplanas y l'institut de fertilitat.\",\"inLanguage\":\"es\",\"potentialAction\":[{\"@type\":\"ReadAction\",\"target\":[\"https:\/\/www.doctoragibert.com\/es\/colaboradores\/\"]}]},{\"@type\":\"ImageObject\",\"inLanguage\":\"es\",\"@id\":\"https:\/\/www.doctoragibert.com\/es\/colaboradores\/#primaryimage\",\"url\":\"https:\/\/www.doctoragibert.com\/wp-content\/uploads\/2021\/03\/instituto-fertilidad.jpg\",\"contentUrl\":\"https:\/\/www.doctoragibert.com\/wp-content\/uploads\/2021\/03\/instituto-fertilidad.jpg\"},{\"@type\":\"WebSite\",\"@id\":\"https:\/\/www.doctoragibert.com\/es\/#website\",\"url\":\"https:\/\/www.doctoragibert.com\/es\/\",\"name\":\"DRA. GIBERT\",\"description\":\"Ginecologia i obstetricia\",\"potentialAction\":[{\"@type\":\"SearchAction\",\"target\":{\"@type\":\"EntryPoint\",\"urlTemplate\":\"https:\/\/www.doctoragibert.com\/es\/?s={search_term_string}\"},\"query-input\":{\"@type\":\"PropertyValueSpecification\",\"valueRequired\":true,\"valueName\":\"search_term_string\"}}],\"inLanguage\":\"es\"}]}<\/script>\n<!-- \/ Yoast SEO plugin. -->","yoast_head_json":{"title":"DOCTORA MJ GIBERT, colaboradores en Mallorca","description":"Los colaboradores en Mallorca de la doctora MJ Gibert, ginec\u00f3loga i obstetra, son: el hospital Quir\u00f3n Salud, Palmaplanas y l'institut de fertilitat.","robots":{"index":"index","follow":"follow","max-snippet":"max-snippet:-1","max-image-preview":"max-image-preview:large","max-video-preview":"max-video-preview:-1"},"canonical":"https:\/\/www.doctoragibert.com\/es\/colaboradores\/","og_locale":"es_ES","og_type":"article","og_title":"DOCTORA MJ GIBERT, colaboradores en Mallorca","og_description":"Los colaboradores en Mallorca de la doctora MJ Gibert, ginec\u00f3loga i obstetra, son: el hospital Quir\u00f3n Salud, Palmaplanas y l'institut de fertilitat.","og_url":"https:\/\/www.doctoragibert.com\/es\/colaboradores\/","og_site_name":"DRA. GIBERT","article_publisher":"https:\/\/www.facebook.com\/doctoragibert","article_modified_time":"2023-04-27T12:50:31+00:00","og_image":[{"url":"https:\/\/www.doctoragibert.com\/wp-content\/uploads\/2021\/03\/instituto-fertilidad.jpg","type":"","width":"","height":""}],"twitter_misc":{"Tiempo de lectura":"2 minutos"},"schema":{"@context":"https:\/\/schema.org","@graph":[{"@type":"WebPage","@id":"https:\/\/www.doctoragibert.com\/es\/colaboradores\/","url":"https:\/\/www.doctoragibert.com\/es\/colaboradores\/","name":"DOCTORA MJ GIBERT, colaboradores en Mallorca","isPartOf":{"@id":"https:\/\/www.doctoragibert.com\/es\/#website"},"primaryImageOfPage":{"@id":"https:\/\/www.doctoragibert.com\/es\/colaboradores\/#primaryimage"},"image":{"@id":"https:\/\/www.doctoragibert.com\/es\/colaboradores\/#primaryimage"},"thumbnailUrl":"https:\/\/www.doctoragibert.com\/wp-content\/uploads\/2021\/03\/instituto-fertilidad.jpg","datePublished":"2015-03-06T11:26:39+00:00","dateModified":"2023-04-27T12:50:31+00:00","description":"Los colaboradores en Mallorca de la doctora MJ Gibert, ginec\u00f3loga i obstetra, son: el hospital Quir\u00f3n Salud, Palmaplanas y l'institut de fertilitat.","inLanguage":"es","potentialAction":[{"@type":"ReadAction","target":["https:\/\/www.doctoragibert.com\/es\/colaboradores\/"]}]},{"@type":"ImageObject","inLanguage":"es","@id":"https:\/\/www.doctoragibert.com\/es\/colaboradores\/#primaryimage","url":"https:\/\/www.doctoragibert.com\/wp-content\/uploads\/2021\/03\/instituto-fertilidad.jpg","contentUrl":"https:\/\/www.doctoragibert.com\/wp-content\/uploads\/2021\/03\/instituto-fertilidad.jpg"},{"@type":"WebSite","@id":"https:\/\/www.doctoragibert.com\/es\/#website","url":"https:\/\/www.doctoragibert.com\/es\/","name":"DRA. GIBERT","description":"Ginecologia i obstetricia","potentialAction":[{"@type":"SearchAction","target":{"@type":"EntryPoint","urlTemplate":"https:\/\/www.doctoragibert.com\/es\/?s={search_term_string}"},"query-input":{"@type":"PropertyValueSpecification","valueRequired":true,"valueName":"search_term_string"}}],"inLanguage":"es"}]}},"_links":{"self":[{"href":"https:\/\/www.doctoragibert.com\/es\/wp-json\/wp\/v2\/pages\/15087","targetHints":{"allow":["GET"]}}],"collection":[{"href":"https:\/\/www.doctoragibert.com\/es\/wp-json\/wp\/v2\/pages"}],"about":[{"href":"https:\/\/www.doctoragibert.com\/es\/wp-json\/wp\/v2\/types\/page"}],"author":[{"embeddable":true,"href":"https:\/\/www.doctoragibert.com\/es\/wp-json\/wp\/v2\/users\/12"}],"replies":[{"embeddable":true,"href":"https:\/\/www.doctoragibert.com\/es\/wp-json\/wp\/v2\/comments?post=15087"}],"version-history":[{"count":5,"href":"https:\/\/www.doctoragibert.com\/es\/wp-json\/wp\/v2\/pages\/15087\/revisions"}],"predecessor-version":[{"id":21378,"href":"https:\/\/www.doctoragibert.com\/es\/wp-json\/wp\/v2\/pages\/15087\/revisions\/21378"}],"wp:attachment":[{"href":"https:\/\/www.doctoragibert.com\/es\/wp-json\/wp\/v2\/media?parent=15087"}],"curies":[{"name":"wp","href":"https:\/\/api.w.org\/{rel}","templated":true}]}}