{"id":15289,"date":"2015-09-28T10:47:37","date_gmt":"2015-09-28T10:47:37","guid":{"rendered":"https:\/\/www.doctoragibert.com\/pacientes\/metodes-anticonceptius\/"},"modified":"2023-08-13T22:57:41","modified_gmt":"2023-08-13T22:57:41","slug":"metodos-anticonceptivos","status":"publish","type":"page","link":"https:\/\/www.doctoragibert.com\/es\/pacientes\/metodos-anticonceptivos\/","title":{"rendered":"M\u00c9TODOS ANTICONCEPTIVOS"},"content":{"rendered":"\t\t<div data-elementor-type=\"wp-page\" data-elementor-id=\"15289\" class=\"elementor elementor-15289 elementor-8511\">\n\t\t\t\t\t\t<section class=\"elementor-section elementor-top-section elementor-element elementor-element-f6be267 elementor-section-boxed elementor-section-height-default elementor-section-height-default\" data-id=\"f6be267\" data-element_type=\"section\" data-settings=\"{&quot;background_background&quot;:&quot;classic&quot;}\">\n\t\t\t\t\t\t<div class=\"elementor-container elementor-column-gap-default\">\n\t\t\t\t\t<div class=\"elementor-column elementor-col-100 elementor-top-column elementor-element elementor-element-998bc1b\" data-id=\"998bc1b\" data-element_type=\"column\">\n\t\t\t<div class=\"elementor-widget-wrap elementor-element-populated\">\n\t\t\t\t\t\t<div class=\"elementor-element elementor-element-1a74b0e elementor-widget elementor-widget-spacer\" data-id=\"1a74b0e\" data-element_type=\"widget\" data-widget_type=\"spacer.default\">\n\t\t\t\t<div class=\"elementor-widget-container\">\n\t\t\t\t\t\t\t<div class=\"elementor-spacer\">\n\t\t\t<div class=\"elementor-spacer-inner\"><\/div>\n\t\t<\/div>\n\t\t\t\t\t\t<\/div>\n\t\t\t\t<\/div>\n\t\t\t\t<div class=\"elementor-element elementor-element-c6d1668 elementor-widget elementor-widget-heading\" data-id=\"c6d1668\" data-element_type=\"widget\" data-widget_type=\"heading.default\">\n\t\t\t\t<div class=\"elementor-widget-container\">\n\t\t\t\t\t<h2 class=\"elementor-heading-title elementor-size-default\">M\u00c9TODOS ANTICONCEPTIVOS<\/h2>\t\t\t\t<\/div>\n\t\t\t\t<\/div>\n\t\t\t\t<div class=\"elementor-element elementor-element-9ec0a28 elementor-widget-divider--view-line elementor-widget elementor-widget-divider\" data-id=\"9ec0a28\" data-element_type=\"widget\" data-widget_type=\"divider.default\">\n\t\t\t\t<div class=\"elementor-widget-container\">\n\t\t\t\t\t\t\t<div class=\"elementor-divider\">\n\t\t\t<span class=\"elementor-divider-separator\">\n\t\t\t\t\t\t<\/span>\n\t\t<\/div>\n\t\t\t\t\t\t<\/div>\n\t\t\t\t<\/div>\n\t\t\t\t<div class=\"elementor-element elementor-element-0e0c38a migasdepan elementor-widget elementor-widget-wp-widget-bcn_widget\" data-id=\"0e0c38a\" data-element_type=\"widget\" data-widget_type=\"wp-widget-bcn_widget.default\">\n\t\t\t\t<div class=\"elementor-widget-container\">\n\t\t\t\t\t<div class=\"breadcrumbs\" vocab=\"https:\/\/schema.org\/\" typeof=\"BreadcrumbList\"><!-- Breadcrumb NavXT 7.4.1 -->\n<span property=\"itemListElement\" typeof=\"ListItem\"><a property=\"item\" typeof=\"WebPage\" title=\"Ir a DRA. GIBERT.\" href=\"https:\/\/www.doctoragibert.com\/es\/\" class=\"home\" aria-current=\"page\"><span property=\"name\">DRA. GIBERT<\/span><\/a><meta property=\"position\" content=\"1\"><\/span><\/div>\t\t\t\t<\/div>\n\t\t\t\t<\/div>\n\t\t\t\t<div class=\"elementor-element elementor-element-9abf8c1 elementor-widget elementor-widget-spacer\" data-id=\"9abf8c1\" data-element_type=\"widget\" data-widget_type=\"spacer.default\">\n\t\t\t\t<div class=\"elementor-widget-container\">\n\t\t\t\t\t\t\t<div class=\"elementor-spacer\">\n\t\t\t<div class=\"elementor-spacer-inner\"><\/div>\n\t\t<\/div>\n\t\t\t\t\t\t<\/div>\n\t\t\t\t<\/div>\n\t\t\t\t\t<\/div>\n\t\t<\/div>\n\t\t\t\t\t<\/div>\n\t\t<\/section>\n\t\t\t\t<section class=\"elementor-section elementor-top-section elementor-element elementor-element-468048fe elementor-section-boxed elementor-section-height-default elementor-section-height-default\" data-id=\"468048fe\" data-element_type=\"section\">\n\t\t\t\t\t\t<div class=\"elementor-container elementor-column-gap-default\">\n\t\t\t\t\t<div class=\"elementor-column elementor-col-100 elementor-top-column elementor-element elementor-element-17fdc440\" data-id=\"17fdc440\" data-element_type=\"column\">\n\t\t\t<div class=\"elementor-widget-wrap elementor-element-populated\">\n\t\t\t\t\t\t<div class=\"elementor-element elementor-element-59999c10 elementor-icon-list--layout-traditional elementor-list-item-link-full_width elementor-widget elementor-widget-icon-list\" data-id=\"59999c10\" data-element_type=\"widget\" data-widget_type=\"icon-list.default\">\n\t\t\t\t<div class=\"elementor-widget-container\">\n\t\t\t\t\t\t\t<ul class=\"elementor-icon-list-items\">\n\t\t\t\t\t\t\t<li class=\"elementor-icon-list-item\">\n\t\t\t\t\t\t\t\t\t\t\t<a href=\"https:\/\/www.doctoragibert.com\/es\/pacientes\/metodos-anticonceptivos\/anticoncepcion-urgencia\/\">\n\n\t\t\t\t\t\t\t\t\t\t\t\t<span class=\"elementor-icon-list-icon\">\n\t\t\t\t\t\t\t<i aria-hidden=\"true\" class=\"fas fa-chevron-right\"><\/i>\t\t\t\t\t\t<\/span>\n\t\t\t\t\t\t\t\t\t\t<span class=\"elementor-icon-list-text\">ANTICONCEPCI\u00d3N DE EMERGENCIA: la \u00faltima oportunidad contra un embarazo no deseado <\/span>\n\t\t\t\t\t\t\t\t\t\t\t<\/a>\n\t\t\t\t\t\t\t\t\t<\/li>\n\t\t\t\t\t\t\t\t<li class=\"elementor-icon-list-item\">\n\t\t\t\t\t\t\t\t\t\t\t<a href=\"https:\/\/www.doctoragibert.com\/es\/pacientes\/metodos-anticonceptivos\/diu\/\">\n\n\t\t\t\t\t\t\t\t\t\t\t\t<span class=\"elementor-icon-list-icon\">\n\t\t\t\t\t\t\t<i aria-hidden=\"true\" class=\"fas fa-chevron-right\"><\/i>\t\t\t\t\t\t<\/span>\n\t\t\t\t\t\t\t\t\t\t<span class=\"elementor-icon-list-text\">EL DISPOSITIVO INTRAUTERINO (DIU): un gran aliado para las mujeres<\/span>\n\t\t\t\t\t\t\t\t\t\t\t<\/a>\n\t\t\t\t\t\t\t\t\t<\/li>\n\t\t\t\t\t\t\t\t<li class=\"elementor-icon-list-item\">\n\t\t\t\t\t\t\t\t\t\t\t<a href=\"https:\/\/www.doctoragibert.com\/es\/pacientes\/metodos-anticonceptivos\/efectividad-anticonceptivos\/\">\n\n\t\t\t\t\t\t\t\t\t\t\t\t<span class=\"elementor-icon-list-icon\">\n\t\t\t\t\t\t\t<i aria-hidden=\"true\" class=\"fas fa-chevron-right\"><\/i>\t\t\t\t\t\t<\/span>\n\t\t\t\t\t\t\t\t\t\t<span class=\"elementor-icon-list-text\">EFECTIVIDAD DE LOS ANTICONCEPTIVOS: \u00bfqu\u00e9 riesgo de embarazo tiene cada m\u00e9todo?<\/span>\n\t\t\t\t\t\t\t\t\t\t\t<\/a>\n\t\t\t\t\t\t\t\t\t<\/li>\n\t\t\t\t\t\t\t\t<li class=\"elementor-icon-list-item\">\n\t\t\t\t\t\t\t\t\t\t\t<a href=\"https:\/\/www.doctoragibert.com\/es\/pacientes\/metodos-anticonceptivos\/anticonceptius-10-preguntes\">\n\n\t\t\t\t\t\t\t\t\t\t\t\t<span class=\"elementor-icon-list-icon\">\n\t\t\t\t\t\t\t<i aria-hidden=\"true\" class=\"fas fa-chevron-right\"><\/i>\t\t\t\t\t\t<\/span>\n\t\t\t\t\t\t\t\t\t\t<span class=\"elementor-icon-list-text\">ELECCI\u00d3N DEL M\u00c9TODO ANTICONCEPTIVO: 10 preguntas que nos pueden ayudar<\/span>\n\t\t\t\t\t\t\t\t\t\t\t<\/a>\n\t\t\t\t\t\t\t\t\t<\/li>\n\t\t\t\t\t\t\t\t<li class=\"elementor-icon-list-item\">\n\t\t\t\t\t\t\t\t\t\t\t<a href=\"https:\/\/www.doctoragibert.com\/es\/pacientes\/metodos-anticonceptivos\/implant\/\">\n\n\t\t\t\t\t\t\t\t\t\t\t\t<span class=\"elementor-icon-list-icon\">\n\t\t\t\t\t\t\t<i aria-hidden=\"true\" class=\"fas fa-chevron-right\"><\/i>\t\t\t\t\t\t<\/span>\n\t\t\t\t\t\t\t\t\t\t<span class=\"elementor-icon-list-text\">IMPLANTE ANTICONCEPTIVO: el m\u00e9todo m\u00e1s efectivo<\/span>\n\t\t\t\t\t\t\t\t\t\t\t<\/a>\n\t\t\t\t\t\t\t\t\t<\/li>\n\t\t\t\t\t\t\t\t<li class=\"elementor-icon-list-item\">\n\t\t\t\t\t\t\t\t\t\t\t<a href=\"https:\/\/www.doctoragibert.com\/es\/pacientes\/metodos-anticonceptivos\/planificacion-familiar-despues-de-un-parto-o-un-aborto\">\n\n\t\t\t\t\t\t\t\t\t\t\t\t<span class=\"elementor-icon-list-icon\">\n\t\t\t\t\t\t\t<i aria-hidden=\"true\" class=\"fas fa-chevron-right\"><\/i>\t\t\t\t\t\t<\/span>\n\t\t\t\t\t\t\t\t\t\t<span class=\"elementor-icon-list-text\">PLANIFICACI\u00d3N FAMILIAR DESPU\u00c9S DE UN PARTO O UN ABORTO<\/span>\n\t\t\t\t\t\t\t\t\t\t\t<\/a>\n\t\t\t\t\t\t\t\t\t<\/li>\n\t\t\t\t\t\t\t\t<li class=\"elementor-icon-list-item\">\n\t\t\t\t\t\t\t\t\t\t\t<a href=\"https:\/\/www.doctoragibert.com\/es\/pacientes\/metodos-anticonceptivos\/requisitos-para-comenzar-un-nuevo-metodo-anticonceptivo\">\n\n\t\t\t\t\t\t\t\t\t\t\t\t<span class=\"elementor-icon-list-icon\">\n\t\t\t\t\t\t\t<i aria-hidden=\"true\" class=\"fas fa-chevron-right\"><\/i>\t\t\t\t\t\t<\/span>\n\t\t\t\t\t\t\t\t\t\t<span class=\"elementor-icon-list-text\">REQUISITOS PARA EMPEZAR UN NUEVO M\u00c9TODO ANTICONCEPTIVO<\/span>\n\t\t\t\t\t\t\t\t\t\t\t<\/a>\n\t\t\t\t\t\t\t\t\t<\/li>\n\t\t\t\t\t\t\t\t<li class=\"elementor-icon-list-item\">\n\t\t\t\t\t\t\t\t\t\t\t<a href=\"https:\/\/www.doctoragibert.com\/es\/pacientes\/metodos-anticonceptivos\/vasectomia\">\n\n\t\t\t\t\t\t\t\t\t\t\t\t<span class=\"elementor-icon-list-icon\">\n\t\t\t\t\t\t\t<i aria-hidden=\"true\" class=\"fas fa-chevron-right\"><\/i>\t\t\t\t\t\t<\/span>\n\t\t\t\t\t\t\t\t\t\t<span class=\"elementor-icon-list-text\">VASECTOM\u00cdA: un m\u00e9todo irreversible con muchas ventajas<\/span>\n\t\t\t\t\t\t\t\t\t\t\t<\/a>\n\t\t\t\t\t\t\t\t\t<\/li>\n\t\t\t\t\t\t<\/ul>\n\t\t\t\t\t\t<\/div>\n\t\t\t\t<\/div>\n\t\t\t\t\t<\/div>\n\t\t<\/div>\n\t\t\t\t\t<\/div>\n\t\t<\/section>\n\t\t\t\t<\/div>\n\t\t","protected":false},"excerpt":{"rendered":"<p>M\u00c9TODOS ANTICONCEPTIVOS ANTICONCEPCI\u00d3N DE EMERGENCIA: la \u00faltima oportunidad contra un embarazo no deseado EL DISPOSITIVO INTRAUTERINO (DIU): un gran aliado para las mujeres EFECTIVIDAD DE LOS ANTICONCEPTIVOS: \u00bfqu\u00e9 riesgo de embarazo tiene cada m\u00e9todo? ELECCI\u00d3N DEL M\u00c9TODO ANTICONCEPTIVO: 10 preguntas que nos pueden ayudar IMPLANTE ANTICONCEPTIVO: el m\u00e9todo m\u00e1s efectivo PLANIFICACI\u00d3N FAMILIAR DESPU\u00c9S DE UN [&hellip;]<\/p>\n","protected":false},"author":12,"featured_media":0,"parent":15219,"menu_order":0,"comment_status":"open","ping_status":"closed","template":"elementor_header_footer","meta":{"footnotes":""},"class_list":["post-15289","page","type-page","status-publish","hentry"],"yoast_head":"<!-- This site is optimized with the Yoast SEO plugin v25.0 - https:\/\/yoast.com\/wordpress\/plugins\/seo\/ -->\n<title>M\u00e9todos anticonceptivos | pacientes | DOCTORA GIBERT<\/title>\n<meta name=\"robots\" content=\"index, follow, max-snippet:-1, max-image-preview:large, max-video-preview:-1\" \/>\n<link rel=\"canonical\" href=\"https:\/\/www.doctoragibert.com\/es\/pacientes\/metodos-anticonceptivos\/\" \/>\n<meta property=\"og:locale\" content=\"es_ES\" \/>\n<meta property=\"og:type\" content=\"article\" \/>\n<meta property=\"og:title\" content=\"M\u00e9todos anticonceptivos | pacientes | DOCTORA GIBERT\" \/>\n<meta property=\"og:description\" content=\"M\u00c9TODOS ANTICONCEPTIVOS ANTICONCEPCI\u00d3N DE EMERGENCIA: la \u00faltima oportunidad contra un embarazo no deseado EL DISPOSITIVO INTRAUTERINO (DIU): un gran aliado para las mujeres EFECTIVIDAD DE LOS ANTICONCEPTIVOS: \u00bfqu\u00e9 riesgo de embarazo tiene cada m\u00e9todo? ELECCI\u00d3N DEL M\u00c9TODO ANTICONCEPTIVO: 10 preguntas que nos pueden ayudar IMPLANTE ANTICONCEPTIVO: el m\u00e9todo m\u00e1s efectivo PLANIFICACI\u00d3N FAMILIAR DESPU\u00c9S DE UN [&hellip;]\" \/>\n<meta property=\"og:url\" content=\"https:\/\/www.doctoragibert.com\/es\/pacientes\/metodos-anticonceptivos\/\" \/>\n<meta property=\"og:site_name\" content=\"DRA. GIBERT\" \/>\n<meta property=\"article:publisher\" content=\"https:\/\/www.facebook.com\/doctoragibert\" \/>\n<meta property=\"article:modified_time\" content=\"2023-08-13T22:57:41+00:00\" \/>\n<meta name=\"twitter:label1\" content=\"Tiempo de lectura\" \/>\n\t<meta name=\"twitter:data1\" content=\"1 minuto\" \/>\n<script type=\"application\/ld+json\" class=\"yoast-schema-graph\">{\"@context\":\"https:\/\/schema.org\",\"@graph\":[{\"@type\":\"WebPage\",\"@id\":\"https:\/\/www.doctoragibert.com\/es\/pacientes\/metodos-anticonceptivos\/\",\"url\":\"https:\/\/www.doctoragibert.com\/es\/pacientes\/metodos-anticonceptivos\/\",\"name\":\"M\u00e9todos anticonceptivos | pacientes | DOCTORA GIBERT\",\"isPartOf\":{\"@id\":\"https:\/\/www.doctoragibert.com\/es\/#website\"},\"datePublished\":\"2015-09-28T10:47:37+00:00\",\"dateModified\":\"2023-08-13T22:57:41+00:00\",\"breadcrumb\":{\"@id\":\"https:\/\/www.doctoragibert.com\/es\/pacientes\/metodos-anticonceptivos\/#breadcrumb\"},\"inLanguage\":\"es\",\"potentialAction\":[{\"@type\":\"ReadAction\",\"target\":[\"https:\/\/www.doctoragibert.com\/es\/pacientes\/metodos-anticonceptivos\/\"]}]},{\"@type\":\"BreadcrumbList\",\"@id\":\"https:\/\/www.doctoragibert.com\/es\/pacientes\/metodos-anticonceptivos\/#breadcrumb\",\"itemListElement\":[{\"@type\":\"ListItem\",\"position\":1,\"name\":\"PACIENTES\",\"item\":\"https:\/\/www.doctoragibert.com\/es\/pacientes\/\"},{\"@type\":\"ListItem\",\"position\":2,\"name\":\"M\u00c9TODOS ANTICONCEPTIVOS\"}]},{\"@type\":\"WebSite\",\"@id\":\"https:\/\/www.doctoragibert.com\/es\/#website\",\"url\":\"https:\/\/www.doctoragibert.com\/es\/\",\"name\":\"DRA. GIBERT\",\"description\":\"Ginecologia i obstetricia\",\"potentialAction\":[{\"@type\":\"SearchAction\",\"target\":{\"@type\":\"EntryPoint\",\"urlTemplate\":\"https:\/\/www.doctoragibert.com\/es\/?s={search_term_string}\"},\"query-input\":{\"@type\":\"PropertyValueSpecification\",\"valueRequired\":true,\"valueName\":\"search_term_string\"}}],\"inLanguage\":\"es\"}]}<\/script>\n<!-- \/ Yoast SEO plugin. -->","yoast_head_json":{"title":"M\u00e9todos anticonceptivos | pacientes | DOCTORA GIBERT","robots":{"index":"index","follow":"follow","max-snippet":"max-snippet:-1","max-image-preview":"max-image-preview:large","max-video-preview":"max-video-preview:-1"},"canonical":"https:\/\/www.doctoragibert.com\/es\/pacientes\/metodos-anticonceptivos\/","og_locale":"es_ES","og_type":"article","og_title":"M\u00e9todos anticonceptivos | pacientes | DOCTORA GIBERT","og_description":"M\u00c9TODOS ANTICONCEPTIVOS ANTICONCEPCI\u00d3N DE EMERGENCIA: la \u00faltima oportunidad contra un embarazo no deseado EL DISPOSITIVO INTRAUTERINO (DIU): un gran aliado para las mujeres EFECTIVIDAD DE LOS ANTICONCEPTIVOS: \u00bfqu\u00e9 riesgo de embarazo tiene cada m\u00e9todo? ELECCI\u00d3N DEL M\u00c9TODO ANTICONCEPTIVO: 10 preguntas que nos pueden ayudar IMPLANTE ANTICONCEPTIVO: el m\u00e9todo m\u00e1s efectivo PLANIFICACI\u00d3N FAMILIAR DESPU\u00c9S DE UN [&hellip;]","og_url":"https:\/\/www.doctoragibert.com\/es\/pacientes\/metodos-anticonceptivos\/","og_site_name":"DRA. GIBERT","article_publisher":"https:\/\/www.facebook.com\/doctoragibert","article_modified_time":"2023-08-13T22:57:41+00:00","twitter_misc":{"Tiempo de lectura":"1 minuto"},"schema":{"@context":"https:\/\/schema.org","@graph":[{"@type":"WebPage","@id":"https:\/\/www.doctoragibert.com\/es\/pacientes\/metodos-anticonceptivos\/","url":"https:\/\/www.doctoragibert.com\/es\/pacientes\/metodos-anticonceptivos\/","name":"M\u00e9todos anticonceptivos | pacientes | DOCTORA GIBERT","isPartOf":{"@id":"https:\/\/www.doctoragibert.com\/es\/#website"},"datePublished":"2015-09-28T10:47:37+00:00","dateModified":"2023-08-13T22:57:41+00:00","breadcrumb":{"@id":"https:\/\/www.doctoragibert.com\/es\/pacientes\/metodos-anticonceptivos\/#breadcrumb"},"inLanguage":"es","potentialAction":[{"@type":"ReadAction","target":["https:\/\/www.doctoragibert.com\/es\/pacientes\/metodos-anticonceptivos\/"]}]},{"@type":"BreadcrumbList","@id":"https:\/\/www.doctoragibert.com\/es\/pacientes\/metodos-anticonceptivos\/#breadcrumb","itemListElement":[{"@type":"ListItem","position":1,"name":"PACIENTES","item":"https:\/\/www.doctoragibert.com\/es\/pacientes\/"},{"@type":"ListItem","position":2,"name":"M\u00c9TODOS ANTICONCEPTIVOS"}]},{"@type":"WebSite","@id":"https:\/\/www.doctoragibert.com\/es\/#website","url":"https:\/\/www.doctoragibert.com\/es\/","name":"DRA. GIBERT","description":"Ginecologia i obstetricia","potentialAction":[{"@type":"SearchAction","target":{"@type":"EntryPoint","urlTemplate":"https:\/\/www.doctoragibert.com\/es\/?s={search_term_string}"},"query-input":{"@type":"PropertyValueSpecification","valueRequired":true,"valueName":"search_term_string"}}],"inLanguage":"es"}]}},"_links":{"self":[{"href":"https:\/\/www.doctoragibert.com\/es\/wp-json\/wp\/v2\/pages\/15289","targetHints":{"allow":["GET"]}}],"collection":[{"href":"https:\/\/www.doctoragibert.com\/es\/wp-json\/wp\/v2\/pages"}],"about":[{"href":"https:\/\/www.doctoragibert.com\/es\/wp-json\/wp\/v2\/types\/page"}],"author":[{"embeddable":true,"href":"https:\/\/www.doctoragibert.com\/es\/wp-json\/wp\/v2\/users\/12"}],"replies":[{"embeddable":true,"href":"https:\/\/www.doctoragibert.com\/es\/wp-json\/wp\/v2\/comments?post=15289"}],"version-history":[{"count":5,"href":"https:\/\/www.doctoragibert.com\/es\/wp-json\/wp\/v2\/pages\/15289\/revisions"}],"predecessor-version":[{"id":21994,"href":"https:\/\/www.doctoragibert.com\/es\/wp-json\/wp\/v2\/pages\/15289\/revisions\/21994"}],"up":[{"embeddable":true,"href":"https:\/\/www.doctoragibert.com\/es\/wp-json\/wp\/v2\/pages\/15219"}],"wp:attachment":[{"href":"https:\/\/www.doctoragibert.com\/es\/wp-json\/wp\/v2\/media?parent=15289"}],"curies":[{"name":"wp","href":"https:\/\/api.w.org\/{rel}","templated":true}]}}