{"id":16000,"date":"2021-08-11T09:54:15","date_gmt":"2021-08-11T09:54:15","guid":{"rendered":"https:\/\/www.doctoragibert.com\/?page_id=16000"},"modified":"2021-09-12T15:42:31","modified_gmt":"2021-09-12T15:42:31","slug":"virus-papiloma-humano","status":"publish","type":"page","link":"https:\/\/www.doctoragibert.com\/es\/pacientes\/prevencion-en-ginecologia\/virus-papiloma-humano\/","title":{"rendered":"EL VIRUS DEL PAPILOMA HUMANO: \u00bfvoy a enfermar si lo tengo?, \u00bfqui\u00e9n me lo ha transmitido?"},"content":{"rendered":"\t\t<div data-elementor-type=\"wp-page\" data-elementor-id=\"16000\" class=\"elementor elementor-16000\">\n\t\t\t\t\t\t<section class=\"elementor-section elementor-top-section elementor-element elementor-element-f8c48cd elementor-section-boxed elementor-section-height-default elementor-section-height-default\" data-id=\"f8c48cd\" data-element_type=\"section\" data-settings=\"{&quot;background_background&quot;:&quot;classic&quot;}\">\n\t\t\t\t\t\t<div class=\"elementor-container elementor-column-gap-default\">\n\t\t\t\t\t<div class=\"elementor-column elementor-col-100 elementor-top-column elementor-element elementor-element-2eb5c40\" data-id=\"2eb5c40\" data-element_type=\"column\">\n\t\t\t<div class=\"elementor-widget-wrap elementor-element-populated\">\n\t\t\t\t\t\t<div class=\"elementor-element elementor-element-e04c246 elementor-widget elementor-widget-spacer\" data-id=\"e04c246\" data-element_type=\"widget\" data-widget_type=\"spacer.default\">\n\t\t\t\t<div class=\"elementor-widget-container\">\n\t\t\t\t\t\t\t<div class=\"elementor-spacer\">\n\t\t\t<div class=\"elementor-spacer-inner\"><\/div>\n\t\t<\/div>\n\t\t\t\t\t\t<\/div>\n\t\t\t\t<\/div>\n\t\t\t\t<div class=\"elementor-element elementor-element-82214c9 elementor-widget elementor-widget-heading\" data-id=\"82214c9\" data-element_type=\"widget\" data-widget_type=\"heading.default\">\n\t\t\t\t<div class=\"elementor-widget-container\">\n\t\t\t\t\t<h2 class=\"elementor-heading-title elementor-size-default\">EL VIRUS DEL PAPILOMA HUMANO: \u00bfvoy a enfermar si lo tengo?, \u00bfqui\u00e9n me lo ha transmitido?<\/h2>\t\t\t\t<\/div>\n\t\t\t\t<\/div>\n\t\t\t\t<div class=\"elementor-element elementor-element-3f0b44b elementor-widget-divider--view-line elementor-widget elementor-widget-divider\" data-id=\"3f0b44b\" data-element_type=\"widget\" data-widget_type=\"divider.default\">\n\t\t\t\t<div class=\"elementor-widget-container\">\n\t\t\t\t\t\t\t<div class=\"elementor-divider\">\n\t\t\t<span class=\"elementor-divider-separator\">\n\t\t\t\t\t\t<\/span>\n\t\t<\/div>\n\t\t\t\t\t\t<\/div>\n\t\t\t\t<\/div>\n\t\t\t\t<div class=\"elementor-element elementor-element-ec21c6a migasdepan elementor-widget elementor-widget-wp-widget-bcn_widget\" data-id=\"ec21c6a\" data-element_type=\"widget\" data-widget_type=\"wp-widget-bcn_widget.default\">\n\t\t\t\t<div class=\"elementor-widget-container\">\n\t\t\t\t\t<div class=\"breadcrumbs\" vocab=\"https:\/\/schema.org\/\" typeof=\"BreadcrumbList\"><!-- Breadcrumb NavXT 7.4.1 -->\n<span property=\"itemListElement\" typeof=\"ListItem\"><a property=\"item\" typeof=\"WebPage\" title=\"Ir a DRA. GIBERT.\" href=\"https:\/\/www.doctoragibert.com\/es\/\" class=\"home\" aria-current=\"page\"><span property=\"name\">DRA. GIBERT<\/span><\/a><meta property=\"position\" content=\"1\"><\/span><\/div>\t\t\t\t<\/div>\n\t\t\t\t<\/div>\n\t\t\t\t<div class=\"elementor-element elementor-element-17def38 elementor-widget elementor-widget-spacer\" data-id=\"17def38\" data-element_type=\"widget\" data-widget_type=\"spacer.default\">\n\t\t\t\t<div class=\"elementor-widget-container\">\n\t\t\t\t\t\t\t<div class=\"elementor-spacer\">\n\t\t\t<div class=\"elementor-spacer-inner\"><\/div>\n\t\t<\/div>\n\t\t\t\t\t\t<\/div>\n\t\t\t\t<\/div>\n\t\t\t\t\t<\/div>\n\t\t<\/div>\n\t\t\t\t\t<\/div>\n\t\t<\/section>\n\t\t\t\t<section class=\"elementor-section elementor-top-section elementor-element elementor-element-3a68a7df elementor-section-boxed elementor-section-height-default elementor-section-height-default\" data-id=\"3a68a7df\" data-element_type=\"section\">\n\t\t\t\t\t\t<div class=\"elementor-container elementor-column-gap-default\">\n\t\t\t\t\t<div class=\"elementor-column elementor-col-100 elementor-top-column elementor-element elementor-element-6068c90a\" data-id=\"6068c90a\" data-element_type=\"column\">\n\t\t\t<div class=\"elementor-widget-wrap elementor-element-populated\">\n\t\t\t\t\t\t<div class=\"elementor-element elementor-element-18898b12 elementor-widget elementor-widget-text-editor\" data-id=\"18898b12\" data-element_type=\"widget\" data-widget_type=\"text-editor.default\">\n\t\t\t\t<div class=\"elementor-widget-container\">\n\t\t\t\t\t\t\t\t\t<p data-speechify-sentence=\"\"><em>Autora:<\/em>\u00a0Dra. MJ Gibert.<br \/><em>Fecha de la primera versi\u00f3n: <\/em>8-5-21.<\/p><p><strong>El virus del papiloma humano (VPH) afecta, sobre todo, a aquellas partes del cuerpo que m\u00e1s participan en la actividad sexual: genitales, ano y cavidad oral.<\/strong> De hecho, este microbio que habita la piel y las mucosas, <strong>se inocula por traumatismos m\u00ednimos producidos durante el roce propio de las relaciones sexuales<\/strong>.<\/p><p>Els c\u00e1ncers que causan con m\u00e1s frecuencia s\u00f3n el de <strong>cuello uterino o c\u00e9rvix<\/strong>, mientras que otros como los <strong>de ano, pene y cavidad oral <\/strong>son m\u00e1s raros. \u00bfY por qu\u00e9 el c\u00e1ncer m\u00e1s asociado a este virus afecta s\u00f3lo a mujeres? Pues muy f\u00e1cil, porque durante las relaciones sexuales la punta del pene frota el cuello uterino y su cubierta es mucho m\u00e1s fr\u00e1gil que el del pene. Como una imagen vale m\u00e1s que mil palabras, la ilustraci\u00f3n adjunta sobre anatom\u00eda del acto sexual me parece muy elocuente.<\/p><p><a href=\"https:\/\/www.doctoragibert.com\/wp-content\/uploads\/2021\/08\/Sex_intercourse_cat-768x576-1.png\"><img fetchpriority=\"high\" decoding=\"async\" class=\"alignleft wp-image-16002\" src=\"https:\/\/www.doctoragibert.com\/wp-content\/uploads\/2021\/08\/Sex_intercourse_cat-768x576-1.png\" alt=\"\" width=\"427\" height=\"320\" \/><\/a><\/p><p>Tened en cuenta que <strong>el cuello uterino<\/strong> se encuentra al fondo de nuestra vagina, un sitio h\u00famedo y resguardado, ello propicia que la mucosa que lo recubre sea extremadamente fina y est\u00e9 en constante renovaci\u00f3n. Al contrario, la mucosa <strong>de la punta del pene<\/strong> es m\u00e1s gruesa, expuesta a la intemperie, uno se la puede observar todos los d\u00edas al orinar, por consiguiente, es m\u00e1s resistente a los intentos de lesi\u00f3n por parte del virus, adem\u00e1s, si apareciera alguna mancha, el afectado se la ver\u00eda con prontitud, nada que ver con el cuello uterino, que s\u00f3lo lo ve nuestr@ ginec\u00f3log@ de vez en cuando.<\/p><p>Como ya os hemos explicado, <strong>hay otros c\u00e1nceres causados por este virus, pero s\u00f3lo en parte<\/strong> y son:<\/p><ul><li>El de ano: el 70% se relacionan con el VPH.<\/li><li>El de orofaringe: es la parte m\u00e1s posterior de la boca, el virus causa 3 de cada 10 casos.<\/li><\/ul><p>Su aparici\u00f3n en estos lugares no s\u00f3lo se atribuye a las relaciones sexuales, sino <strong>a otros factores<\/strong> como ser portador del virus de la inmunodeficiencia humana (VIH), ser fumador o consumidor regular de bebidas alcoh\u00f3licas.<\/p><p><strong>Los virus son una causa necesaria para producir la enfermedad<\/strong> (si no hay virus, no habr\u00e1 enfermedad), <strong>pero no suficiente<\/strong> (hay muchos portadores del virus pero los que enferman son realmente muy pocos). Es algo parecido a lo que vemos todos los d\u00edas en las noticias con respecto a la COVID-19: hay muchos casos positivos que no notan nada, otros refieren unos pocos s\u00edntomas, algunos acaban en el hospital y s\u00f3lo unos pocos infectados (el 1 o el 2%) mueren a resultas de la infecci\u00f3n. Eso s\u00ed, todos los que contactan con el virus y lo cargan durante una temporada, <strong>los portadores, son transmisores del virus al resto de la poblaci\u00f3n<\/strong>. En el caso del VPH, <strong>los transmisores<\/strong> pueden ser los hombres y las mujeres, que <strong>suelen desconocer su capacidad de infectar a otros<\/strong>, porque el virus produce s\u00edntomas s\u00f3lo en los pocos casos en los que hay enfermedad.<\/p><p>Cuando se informa a las mujeres que son <strong>portadoras del VPH<\/strong>, cosa que <strong>ocurre en el 10% de la poblaci\u00f3n a partir de los 30 a\u00f1os<\/strong>, se suelen sorprender de tener una enfermedad de transmisi\u00f3n sexual cuando la mayor\u00eda considera que su repertorio de compa\u00f1eros sexuales es bastante exiguo como para ser merecedora de tal \u00abregalo\u00bb. De hecho, <strong>la \u00fanica circunstancia que comparten las portadoras de VPH es haber tenido relaciones sexuales al menos una vez en su vida con un hombre no virgen y esto ocurre pr\u00e1cticamente siempre<\/strong>. Otro tema que les <strong>preocupa mucho es saber qui\u00e9n les ha transmitido el virus, pero es dif\u00edcil de saber<\/strong>, pues una mujer puede llevar dentro el virus durante d\u00e9cadas y \u00e9ste puede ser detectado por las pruebas m\u00e9dicas cuando la cantidad de virus haya rebasado una cierta cantidad. As\u00ed, <strong>el virus puede estar controlado por el sistema inmune muchos a\u00f1os, incluso toda la vida<\/strong>, pero basta una bajada de defensas, la que ocurre de forma natural con la edad o como consecuencia de una enfermedad (infecci\u00f3n por el VIH, administraci\u00f3n de medicaciones inmunosupresoras como en algunas enfermedades reumatol\u00f3gicas o la quimioterapia) para que prolifere. <strong>Aun con el VPH campando a sus anchas, no es probable que nos llegue a causar un c\u00e1ncer<\/strong>, pues tiene que reproducirse lo suficiente para conseguir interactuar con nuestras c\u00e9lulas y pegarse a sus genes, de forma que utilice nuestra maquinaria celular en su provecho, para reproducirse con mayor efectividad y conseguir pasar a otras personas.<\/p><p>En nuestro entorno, <strong>la realizaci\u00f3n de citolog\u00edas peri\u00f3dicas a las mujeres que lo solicitan ha conseguido disminuir la carga de la enfermedad<\/strong>. La detecci\u00f3n del VPH en el flujo o de c\u00e9lulas anormales en las citolog\u00edas pone en marcha una serie de controles peri\u00f3dicos, la realizaci\u00f3n de colposcopias (revisar el cuello uterino con una lupa en busca de posibles lesiones que son necesariamente milim\u00e9tricas y no producen s\u00edntoma alguno), la biopsia de las lesiones sospechosas y, a veces, la indicaci\u00f3n de las conizaciones o cirug\u00edas peque\u00f1as que extirpan los focos incipientes de enfermedad.<\/p><p>La idiosincrasia de las infecciones virales y la \u00ablimpieza\u00bb de virus que representan las biopsias y las conizaciones hace que la repercusi\u00f3n de esta infecci\u00f3n en las mujeres sea la representada en la pir\u00e1mide adjunta.<\/p><p><a href=\"https:\/\/www.doctoragibert.com\/wp-content\/uploads\/2021\/08\/VPH_piramide_cat-768x576-1.png\"><img decoding=\"async\" class=\" wp-image-16004 alignright\" src=\"https:\/\/www.doctoragibert.com\/wp-content\/uploads\/2021\/08\/VPH_piramide_cat-768x576-1.png\" alt=\"\" width=\"480\" height=\"360\" \/><\/a><\/p><div class=\"content-sidebar-wrap\"><article class=\"post-11923 page type-page status-publish entry\"><div class=\"entry-content\"><p>Y es que <strong>lo importante para prevenir esta enfermedad es ocuparse de la salud mediante controles peri\u00f3dicos y usando m\u00e9todos de barrera cuando tenemos parejas nuevas<\/strong>. Las que son portadoras del VPH y\/o tienen alguna citolog\u00eda anormal no deben preocuparse, est\u00e1n a salvo. <strong>Las que que deber\u00edan preocuparse son las que piensan que no deben acudir ni al ginec\u00f3logo, ni a la matrona, porque no les duele nada o porque hace tiempo que no tienen relaciones sexuales.<\/strong> De hecho, <strong>la gran mayor\u00eda de c\u00e1nceres de cuello uterino aparecen en mujeres que no acuden al ginec\u00f3logo o a la matrona nunca o casi nunca.<\/strong><\/p><p>En fin, es un tema que da mucho de s\u00ed y hay muchos otros aspectos que merecen explicarse con detenimiento. Pero el quid de la cuesti\u00f3n es que es un <strong>C\u00c1NCER EVITABLE con unas pocas medidas b\u00e1sicas<\/strong>. Por ello, te pedimos que hagas la buena obra del d\u00eda y <strong>compartas este contenido con aquella amiga, pariente o compa\u00f1era que es reacia a acudir a una consulta de Ginecologia<\/strong>. Tod@s, alg\u00fan d\u00eda, moriremos, pero es que <strong>2 de cada 3 mujeres con c\u00e1ncer de cuello uterino tienen menos de 55 a\u00f1os al diagn\u00f3stico.<\/strong><\/p><p><strong>Fuentes de la informaci\u00f3n:<\/strong><\/p><ul><li>Oncogu\u00eda SEGO: Prevenci\u00f3n del c\u00e1ncer de cuello de \u00fatero. Gu\u00edas de pr\u00e1ctica cl\u00ednica en c\u00e1ncer ginecol\u00f3gico y mamario. Publicaciones SEGO, Octubre 2014.<\/li><li>Torn\u00e9 Blad\u00e9 A, del Pino Saladrigues M, Cusid\u00f3 Gimferrer M, Alameda Quitllet F, And\u00eda Ortiz D, Castellsagu\u00e9 X, Cort\u00e9s Bordoy J, Granados Carreno R, Guarch Troyas RM, Lloveras Rubio B, Lubrano Rosales A, Mart\u00ednez-Escoriza JC, Ordi Maja J, Puig-Tintor\u00e9 LM, Ram\u00edrez Mena M, Sanjos\u00e9 Llongueras S, Torrej\u00f3n Cardoso R, Bosch Jos\u00e9 X, Piris Pinilla MA, Rodr\u00edguez Costa J, Comino Delgado R, La\u00eflla Vicens JM,\u00a0 Ponce Sebasti\u00e1 J. Gu\u00eda de cribado del c\u00e1ncer de cuello de \u00fatero en Espa\u00f1a, 2014. Rev Esp Patol. 2014;47:1-43.<\/li><\/ul><\/div><\/article><\/div>\t\t\t\t\t\t\t\t<\/div>\n\t\t\t\t<\/div>\n\t\t\t\t\t<\/div>\n\t\t<\/div>\n\t\t\t\t\t<\/div>\n\t\t<\/section>\n\t\t\t\t<section class=\"elementor-section elementor-top-section elementor-element elementor-element-38fa5a1 elementor-section-boxed elementor-section-height-default elementor-section-height-default\" data-id=\"38fa5a1\" data-element_type=\"section\">\n\t\t\t\t\t\t<div class=\"elementor-container elementor-column-gap-default\">\n\t\t\t\t\t<div class=\"elementor-column elementor-col-100 elementor-top-column elementor-element elementor-element-634353d\" data-id=\"634353d\" data-element_type=\"column\">\n\t\t\t<div class=\"elementor-widget-wrap elementor-element-populated\">\n\t\t\t\t\t\t<div class=\"elementor-element elementor-element-18cc2e8 elementor-widget elementor-widget-shortcode\" data-id=\"18cc2e8\" data-element_type=\"widget\" data-widget_type=\"shortcode.default\">\n\t\t\t\t<div class=\"elementor-widget-container\">\n\t\t\t\t\t\t\t<div class=\"elementor-shortcode\">[ssba-buttons]<\/div>\n\t\t\t\t\t\t<\/div>\n\t\t\t\t<\/div>\n\t\t\t\t\t<\/div>\n\t\t<\/div>\n\t\t\t\t\t<\/div>\n\t\t<\/section>\n\t\t\t\t<\/div>\n\t\t","protected":false},"excerpt":{"rendered":"<p>EL VIRUS DEL PAPILOMA HUMANO: \u00bfvoy a enfermar si lo tengo?, \u00bfqui\u00e9n me lo ha transmitido? Autora:\u00a0Dra. MJ Gibert.Fecha de la primera versi\u00f3n: 8-5-21. El virus del papiloma humano (VPH) afecta, sobre todo, a aquellas partes del cuerpo que m\u00e1s participan en la actividad sexual: genitales, ano y cavidad oral. De hecho, este microbio que [&hellip;]<\/p>\n","protected":false},"author":29996,"featured_media":0,"parent":15303,"menu_order":0,"comment_status":"closed","ping_status":"closed","template":"elementor_header_footer","meta":{"footnotes":""},"class_list":["post-16000","page","type-page","status-publish","hentry"],"yoast_head":"<!-- This site is optimized with the Yoast SEO plugin v25.0 - https:\/\/yoast.com\/wordpress\/plugins\/seo\/ -->\n<title>EL VIRUS DEL PAPILOMA HUMANO: \u00bfvoy a enfermar si lo tengo?, \u00bfqui\u00e9n me lo ha transmitido? - DRA. GIBERT<\/title>\n<meta name=\"robots\" content=\"index, follow, max-snippet:-1, max-image-preview:large, max-video-preview:-1\" \/>\n<link rel=\"canonical\" href=\"https:\/\/www.doctoragibert.com\/es\/pacientes\/prevencion-en-ginecologia\/virus-papiloma-humano\/\" \/>\n<meta property=\"og:locale\" content=\"es_ES\" \/>\n<meta property=\"og:type\" content=\"article\" \/>\n<meta property=\"og:title\" content=\"EL VIRUS DEL PAPILOMA HUMANO: \u00bfvoy a enfermar si lo tengo?, \u00bfqui\u00e9n me lo ha transmitido? - DRA. GIBERT\" \/>\n<meta property=\"og:description\" content=\"EL VIRUS DEL PAPILOMA HUMANO: \u00bfvoy a enfermar si lo tengo?, \u00bfqui\u00e9n me lo ha transmitido? Autora:\u00a0Dra. MJ Gibert.Fecha de la primera versi\u00f3n: 8-5-21. El virus del papiloma humano (VPH) afecta, sobre todo, a aquellas partes del cuerpo que m\u00e1s participan en la actividad sexual: genitales, ano y cavidad oral. De hecho, este microbio que [&hellip;]\" \/>\n<meta property=\"og:url\" content=\"https:\/\/www.doctoragibert.com\/es\/pacientes\/prevencion-en-ginecologia\/virus-papiloma-humano\/\" \/>\n<meta property=\"og:site_name\" content=\"DRA. GIBERT\" \/>\n<meta property=\"article:publisher\" content=\"https:\/\/www.facebook.com\/doctoragibert\" \/>\n<meta property=\"article:modified_time\" content=\"2021-09-12T15:42:31+00:00\" \/>\n<meta property=\"og:image\" content=\"https:\/\/www.doctoragibert.com\/wp-content\/uploads\/2021\/08\/Sex_intercourse_cat-768x576-1.png\" \/>\n<meta name=\"twitter:label1\" content=\"Tiempo de lectura\" \/>\n\t<meta name=\"twitter:data1\" content=\"7 minutos\" \/>\n<script type=\"application\/ld+json\" class=\"yoast-schema-graph\">{\"@context\":\"https:\/\/schema.org\",\"@graph\":[{\"@type\":\"WebPage\",\"@id\":\"https:\/\/www.doctoragibert.com\/es\/pacientes\/prevencion-en-ginecologia\/virus-papiloma-humano\/\",\"url\":\"https:\/\/www.doctoragibert.com\/es\/pacientes\/prevencion-en-ginecologia\/virus-papiloma-humano\/\",\"name\":\"EL VIRUS DEL PAPILOMA HUMANO: \u00bfvoy a enfermar si lo tengo?, \u00bfqui\u00e9n me lo ha transmitido? - DRA. GIBERT\",\"isPartOf\":{\"@id\":\"https:\/\/www.doctoragibert.com\/es\/#website\"},\"primaryImageOfPage\":{\"@id\":\"https:\/\/www.doctoragibert.com\/es\/pacientes\/prevencion-en-ginecologia\/virus-papiloma-humano\/#primaryimage\"},\"image\":{\"@id\":\"https:\/\/www.doctoragibert.com\/es\/pacientes\/prevencion-en-ginecologia\/virus-papiloma-humano\/#primaryimage\"},\"thumbnailUrl\":\"https:\/\/www.doctoragibert.com\/wp-content\/uploads\/2021\/08\/Sex_intercourse_cat-768x576-1.png\",\"datePublished\":\"2021-08-11T09:54:15+00:00\",\"dateModified\":\"2021-09-12T15:42:31+00:00\",\"breadcrumb\":{\"@id\":\"https:\/\/www.doctoragibert.com\/es\/pacientes\/prevencion-en-ginecologia\/virus-papiloma-humano\/#breadcrumb\"},\"inLanguage\":\"es\",\"potentialAction\":[{\"@type\":\"ReadAction\",\"target\":[\"https:\/\/www.doctoragibert.com\/es\/pacientes\/prevencion-en-ginecologia\/virus-papiloma-humano\/\"]}]},{\"@type\":\"ImageObject\",\"inLanguage\":\"es\",\"@id\":\"https:\/\/www.doctoragibert.com\/es\/pacientes\/prevencion-en-ginecologia\/virus-papiloma-humano\/#primaryimage\",\"url\":\"https:\/\/www.doctoragibert.com\/wp-content\/uploads\/2021\/08\/Sex_intercourse_cat-768x576-1.png\",\"contentUrl\":\"https:\/\/www.doctoragibert.com\/wp-content\/uploads\/2021\/08\/Sex_intercourse_cat-768x576-1.png\"},{\"@type\":\"BreadcrumbList\",\"@id\":\"https:\/\/www.doctoragibert.com\/es\/pacientes\/prevencion-en-ginecologia\/virus-papiloma-humano\/#breadcrumb\",\"itemListElement\":[{\"@type\":\"ListItem\",\"position\":1,\"name\":\"PACIENTES\",\"item\":\"https:\/\/www.doctoragibert.com\/es\/pacientes\/\"},{\"@type\":\"ListItem\",\"position\":2,\"name\":\"PREVENCI\u00d3N EN GINECOLOG\u00cdA\",\"item\":\"https:\/\/www.doctoragibert.com\/es\/pacientes\/prevencion-en-ginecologia\/\"},{\"@type\":\"ListItem\",\"position\":3,\"name\":\"EL VIRUS DEL PAPILOMA HUMANO: \u00bfvoy a enfermar si lo tengo?, \u00bfqui\u00e9n me lo ha transmitido?\"}]},{\"@type\":\"WebSite\",\"@id\":\"https:\/\/www.doctoragibert.com\/es\/#website\",\"url\":\"https:\/\/www.doctoragibert.com\/es\/\",\"name\":\"DRA. GIBERT\",\"description\":\"Ginecologia i obstetricia\",\"potentialAction\":[{\"@type\":\"SearchAction\",\"target\":{\"@type\":\"EntryPoint\",\"urlTemplate\":\"https:\/\/www.doctoragibert.com\/es\/?s={search_term_string}\"},\"query-input\":{\"@type\":\"PropertyValueSpecification\",\"valueRequired\":true,\"valueName\":\"search_term_string\"}}],\"inLanguage\":\"es\"}]}<\/script>\n<!-- \/ Yoast SEO plugin. -->","yoast_head_json":{"title":"EL VIRUS DEL PAPILOMA HUMANO: \u00bfvoy a enfermar si lo tengo?, \u00bfqui\u00e9n me lo ha transmitido? - DRA. GIBERT","robots":{"index":"index","follow":"follow","max-snippet":"max-snippet:-1","max-image-preview":"max-image-preview:large","max-video-preview":"max-video-preview:-1"},"canonical":"https:\/\/www.doctoragibert.com\/es\/pacientes\/prevencion-en-ginecologia\/virus-papiloma-humano\/","og_locale":"es_ES","og_type":"article","og_title":"EL VIRUS DEL PAPILOMA HUMANO: \u00bfvoy a enfermar si lo tengo?, \u00bfqui\u00e9n me lo ha transmitido? - DRA. GIBERT","og_description":"EL VIRUS DEL PAPILOMA HUMANO: \u00bfvoy a enfermar si lo tengo?, \u00bfqui\u00e9n me lo ha transmitido? Autora:\u00a0Dra. MJ Gibert.Fecha de la primera versi\u00f3n: 8-5-21. El virus del papiloma humano (VPH) afecta, sobre todo, a aquellas partes del cuerpo que m\u00e1s participan en la actividad sexual: genitales, ano y cavidad oral. De hecho, este microbio que [&hellip;]","og_url":"https:\/\/www.doctoragibert.com\/es\/pacientes\/prevencion-en-ginecologia\/virus-papiloma-humano\/","og_site_name":"DRA. GIBERT","article_publisher":"https:\/\/www.facebook.com\/doctoragibert","article_modified_time":"2021-09-12T15:42:31+00:00","og_image":[{"url":"https:\/\/www.doctoragibert.com\/wp-content\/uploads\/2021\/08\/Sex_intercourse_cat-768x576-1.png","type":"","width":"","height":""}],"twitter_misc":{"Tiempo de lectura":"7 minutos"},"schema":{"@context":"https:\/\/schema.org","@graph":[{"@type":"WebPage","@id":"https:\/\/www.doctoragibert.com\/es\/pacientes\/prevencion-en-ginecologia\/virus-papiloma-humano\/","url":"https:\/\/www.doctoragibert.com\/es\/pacientes\/prevencion-en-ginecologia\/virus-papiloma-humano\/","name":"EL VIRUS DEL PAPILOMA HUMANO: \u00bfvoy a enfermar si lo tengo?, \u00bfqui\u00e9n me lo ha transmitido? - DRA. GIBERT","isPartOf":{"@id":"https:\/\/www.doctoragibert.com\/es\/#website"},"primaryImageOfPage":{"@id":"https:\/\/www.doctoragibert.com\/es\/pacientes\/prevencion-en-ginecologia\/virus-papiloma-humano\/#primaryimage"},"image":{"@id":"https:\/\/www.doctoragibert.com\/es\/pacientes\/prevencion-en-ginecologia\/virus-papiloma-humano\/#primaryimage"},"thumbnailUrl":"https:\/\/www.doctoragibert.com\/wp-content\/uploads\/2021\/08\/Sex_intercourse_cat-768x576-1.png","datePublished":"2021-08-11T09:54:15+00:00","dateModified":"2021-09-12T15:42:31+00:00","breadcrumb":{"@id":"https:\/\/www.doctoragibert.com\/es\/pacientes\/prevencion-en-ginecologia\/virus-papiloma-humano\/#breadcrumb"},"inLanguage":"es","potentialAction":[{"@type":"ReadAction","target":["https:\/\/www.doctoragibert.com\/es\/pacientes\/prevencion-en-ginecologia\/virus-papiloma-humano\/"]}]},{"@type":"ImageObject","inLanguage":"es","@id":"https:\/\/www.doctoragibert.com\/es\/pacientes\/prevencion-en-ginecologia\/virus-papiloma-humano\/#primaryimage","url":"https:\/\/www.doctoragibert.com\/wp-content\/uploads\/2021\/08\/Sex_intercourse_cat-768x576-1.png","contentUrl":"https:\/\/www.doctoragibert.com\/wp-content\/uploads\/2021\/08\/Sex_intercourse_cat-768x576-1.png"},{"@type":"BreadcrumbList","@id":"https:\/\/www.doctoragibert.com\/es\/pacientes\/prevencion-en-ginecologia\/virus-papiloma-humano\/#breadcrumb","itemListElement":[{"@type":"ListItem","position":1,"name":"PACIENTES","item":"https:\/\/www.doctoragibert.com\/es\/pacientes\/"},{"@type":"ListItem","position":2,"name":"PREVENCI\u00d3N EN GINECOLOG\u00cdA","item":"https:\/\/www.doctoragibert.com\/es\/pacientes\/prevencion-en-ginecologia\/"},{"@type":"ListItem","position":3,"name":"EL VIRUS DEL PAPILOMA HUMANO: \u00bfvoy a enfermar si lo tengo?, \u00bfqui\u00e9n me lo ha transmitido?"}]},{"@type":"WebSite","@id":"https:\/\/www.doctoragibert.com\/es\/#website","url":"https:\/\/www.doctoragibert.com\/es\/","name":"DRA. GIBERT","description":"Ginecologia i obstetricia","potentialAction":[{"@type":"SearchAction","target":{"@type":"EntryPoint","urlTemplate":"https:\/\/www.doctoragibert.com\/es\/?s={search_term_string}"},"query-input":{"@type":"PropertyValueSpecification","valueRequired":true,"valueName":"search_term_string"}}],"inLanguage":"es"}]}},"_links":{"self":[{"href":"https:\/\/www.doctoragibert.com\/es\/wp-json\/wp\/v2\/pages\/16000","targetHints":{"allow":["GET"]}}],"collection":[{"href":"https:\/\/www.doctoragibert.com\/es\/wp-json\/wp\/v2\/pages"}],"about":[{"href":"https:\/\/www.doctoragibert.com\/es\/wp-json\/wp\/v2\/types\/page"}],"author":[{"embeddable":true,"href":"https:\/\/www.doctoragibert.com\/es\/wp-json\/wp\/v2\/users\/29996"}],"replies":[{"embeddable":true,"href":"https:\/\/www.doctoragibert.com\/es\/wp-json\/wp\/v2\/comments?post=16000"}],"version-history":[{"count":5,"href":"https:\/\/www.doctoragibert.com\/es\/wp-json\/wp\/v2\/pages\/16000\/revisions"}],"predecessor-version":[{"id":17947,"href":"https:\/\/www.doctoragibert.com\/es\/wp-json\/wp\/v2\/pages\/16000\/revisions\/17947"}],"up":[{"embeddable":true,"href":"https:\/\/www.doctoragibert.com\/es\/wp-json\/wp\/v2\/pages\/15303"}],"wp:attachment":[{"href":"https:\/\/www.doctoragibert.com\/es\/wp-json\/wp\/v2\/media?parent=16000"}],"curies":[{"name":"wp","href":"https:\/\/api.w.org\/{rel}","templated":true}]}}