{"id":16068,"date":"2021-08-11T10:46:04","date_gmt":"2021-08-11T10:46:04","guid":{"rendered":"https:\/\/www.doctoragibert.com\/?page_id=16068"},"modified":"2021-09-12T15:28:03","modified_gmt":"2021-09-12T15:28:03","slug":"test-embarazo-cual-comprar","status":"publish","type":"page","link":"https:\/\/www.doctoragibert.com\/es\/pacientes\/reproduccion\/test-embarazo-cual-comprar\/","title":{"rendered":"TEST DE EMBARAZO: \u00bfcu\u00e1l me compro?"},"content":{"rendered":"\t\t<div data-elementor-type=\"wp-page\" data-elementor-id=\"16068\" class=\"elementor elementor-16068 elementor-16067\">\n\t\t\t\t\t\t<section class=\"elementor-section elementor-top-section elementor-element elementor-element-eadbc46 elementor-section-boxed elementor-section-height-default elementor-section-height-default\" data-id=\"eadbc46\" data-element_type=\"section\" data-settings=\"{&quot;background_background&quot;:&quot;classic&quot;}\">\n\t\t\t\t\t\t<div class=\"elementor-container elementor-column-gap-default\">\n\t\t\t\t\t<div class=\"elementor-column elementor-col-100 elementor-top-column elementor-element elementor-element-c229ac1\" data-id=\"c229ac1\" data-element_type=\"column\">\n\t\t\t<div class=\"elementor-widget-wrap elementor-element-populated\">\n\t\t\t\t\t\t<div class=\"elementor-element elementor-element-0e03504 elementor-widget elementor-widget-spacer\" data-id=\"0e03504\" data-element_type=\"widget\" data-widget_type=\"spacer.default\">\n\t\t\t\t<div class=\"elementor-widget-container\">\n\t\t\t\t\t\t\t<div class=\"elementor-spacer\">\n\t\t\t<div class=\"elementor-spacer-inner\"><\/div>\n\t\t<\/div>\n\t\t\t\t\t\t<\/div>\n\t\t\t\t<\/div>\n\t\t\t\t<div class=\"elementor-element elementor-element-e5e42e5 elementor-widget elementor-widget-heading\" data-id=\"e5e42e5\" data-element_type=\"widget\" data-widget_type=\"heading.default\">\n\t\t\t\t<div class=\"elementor-widget-container\">\n\t\t\t\t\t<h2 class=\"elementor-heading-title elementor-size-default\">TEST DE EMBARAZO: \u00bfcu\u00e1l me compro?<\/h2>\t\t\t\t<\/div>\n\t\t\t\t<\/div>\n\t\t\t\t<div class=\"elementor-element elementor-element-45cb635 elementor-widget-divider--view-line elementor-widget elementor-widget-divider\" data-id=\"45cb635\" data-element_type=\"widget\" data-widget_type=\"divider.default\">\n\t\t\t\t<div class=\"elementor-widget-container\">\n\t\t\t\t\t\t\t<div class=\"elementor-divider\">\n\t\t\t<span class=\"elementor-divider-separator\">\n\t\t\t\t\t\t<\/span>\n\t\t<\/div>\n\t\t\t\t\t\t<\/div>\n\t\t\t\t<\/div>\n\t\t\t\t<div class=\"elementor-element elementor-element-79082fb migasdepan elementor-widget elementor-widget-wp-widget-bcn_widget\" data-id=\"79082fb\" data-element_type=\"widget\" data-widget_type=\"wp-widget-bcn_widget.default\">\n\t\t\t\t<div class=\"elementor-widget-container\">\n\t\t\t\t\t<div class=\"breadcrumbs\" vocab=\"https:\/\/schema.org\/\" typeof=\"BreadcrumbList\"><!-- Breadcrumb NavXT 7.4.1 -->\n<span property=\"itemListElement\" typeof=\"ListItem\"><a property=\"item\" typeof=\"WebPage\" title=\"Ir a DRA. GIBERT.\" href=\"https:\/\/www.doctoragibert.com\/es\/\" class=\"home\" aria-current=\"page\"><span property=\"name\">DRA. GIBERT<\/span><\/a><meta property=\"position\" content=\"1\"><\/span><\/div>\t\t\t\t<\/div>\n\t\t\t\t<\/div>\n\t\t\t\t<div class=\"elementor-element elementor-element-a971e92 elementor-widget elementor-widget-spacer\" data-id=\"a971e92\" data-element_type=\"widget\" data-widget_type=\"spacer.default\">\n\t\t\t\t<div class=\"elementor-widget-container\">\n\t\t\t\t\t\t\t<div class=\"elementor-spacer\">\n\t\t\t<div class=\"elementor-spacer-inner\"><\/div>\n\t\t<\/div>\n\t\t\t\t\t\t<\/div>\n\t\t\t\t<\/div>\n\t\t\t\t\t<\/div>\n\t\t<\/div>\n\t\t\t\t\t<\/div>\n\t\t<\/section>\n\t\t\t\t<section class=\"elementor-section elementor-top-section elementor-element elementor-element-3c64dd74 elementor-section-boxed elementor-section-height-default elementor-section-height-default\" data-id=\"3c64dd74\" data-element_type=\"section\">\n\t\t\t\t\t\t<div class=\"elementor-container elementor-column-gap-default\">\n\t\t\t\t\t<div class=\"elementor-column elementor-col-100 elementor-top-column elementor-element elementor-element-1ce6b1ca\" data-id=\"1ce6b1ca\" data-element_type=\"column\">\n\t\t\t<div class=\"elementor-widget-wrap elementor-element-populated\">\n\t\t\t\t\t\t<div class=\"elementor-element elementor-element-58d63124 elementor-widget elementor-widget-text-editor\" data-id=\"58d63124\" data-element_type=\"widget\" data-widget_type=\"text-editor.default\">\n\t\t\t\t<div class=\"elementor-widget-container\">\n\t\t\t\t\t\t\t\t\t<p><em>Autora: Dra. MJ Gibert.<br \/><\/em><em>Fecha de actualizaci\u00f3n:<\/em> 3-7-21.<\/p><p>\u00bfQu\u00e9 test de embarazo deber\u00eda comprarme?\u00a0Te lo respondo en tres palabras: <strong>el m\u00e1s barato<\/strong>.<\/p><p>Si eres una mujer en edad f\u00e9rtil, vas teniendo las reglas cada mes (tanto me da que sean cada 26 o cada 30 d\u00edas), has tenido relaciones hace dos o tres semanas y no te baja la regla: est\u00e1s embarazada con una probabilidad superior al 95%. \u00bfQuieres hasta un 5% m\u00e1s de seguridad? Pues, camino de la farmacia para comprarte un test de embarazo.<\/p><p>Estos tests escrutan la presencia de la hormona del embarazo (t\u00e9cnicamente denominada <strong>gonadotrofina cori\u00f3nica humana<\/strong>) que primero produce el embri\u00f3n y, m\u00e1s adelante, la placenta. Esta hormona hace que se mantenga la producci\u00f3n de la progesterona, otra hormona, pero fabricada en el ovario, que hace que no nos baje la regla.<\/p><p>En las primeras semanas del embarazo, las concentraciones de gonadotrofina cori\u00f3nica se duplican cada dos o tres d\u00edas, pasa del concebido a la sangre de la madre y se elimina por orina. Por esto, si una cree que est\u00e1 embarazada, y <strong>le falta muy poco para que le llegue la regla o acaba de tener la primera falta<\/strong>, mejor que se haga el test con la primera orina de la ma\u00f1ana. Ello se basa en que, como por la noche no bebemos, la hormona producida durante el descanso nocturno se reparte entre menos volumen de orina y los tests la detectan mejor, al estar m\u00e1s concentrada. En cambio, <strong>si ya llevas muchos d\u00edas de falta<\/strong>, te lo puedes hacer con la orina de cualquier momento del d\u00eda y, salvo que acabes de beber 2 litros de agua, la prueba de embarazo te diagnosticar\u00e1 correctamente. Igualmente, <strong>si te has hecho una prueba de embarazo<\/strong> muy pronto, ha sido <strong>negativa, pero crees firmemente que puedes estar embarazada<\/strong>, espera unos pocos d\u00edas y rep\u00edtetela. Si sigue negativa es pr\u00e1cticamente imposible que est\u00e9s embarazada. Si pasan unas semanas y la regla sigue sin bajar, mejor contacta con un profesional de tu confianza y te har\u00e1 una ecograf\u00eda para saber qu\u00e9 est\u00e1 pasando.<\/p><h1><em>Todas las pruebas de embarazo que se venden en la farmacia son muy fiables, incluso las m\u00e1s econ\u00f3micas<\/em><\/h1><figure id=\"attachment_16070\" aria-describedby=\"caption-attachment-16070\" style=\"width: 290px\" class=\"wp-caption alignleft\"><a href=\"https:\/\/www.doctoragibert.com\/wp-content\/uploads\/2021\/08\/Tira-1-290x300-1.jpeg\"><img fetchpriority=\"high\" decoding=\"async\" class=\"size-full wp-image-16070\" src=\"https:\/\/www.doctoragibert.com\/wp-content\/uploads\/2021\/08\/Tira-1-290x300-1.jpeg\" alt=\"\" width=\"290\" height=\"300\" \/><\/a><figcaption id=\"caption-attachment-16070\" class=\"wp-caption-text\">Test d&#8217;embar\u00e0s en tira<\/figcaption><\/figure><p>La base de estas pruebas es una reacci\u00f3n qu\u00edmica entre un anticuerpo espec\u00edfico fijado sobre un papel poroso (nitrocelulosa) que se une a la hormona del embarazo y esta uni\u00f3n produce un cambio de color. <strong>La orina hay que depositarla en un recipiente bien limpio (cualquier tarro de cristal o de pl\u00e1stico que tengamos por casa)<\/strong> y sumergir la punta de la tira en un poco de orina, aunque <strong>algunos dispositivos permiten que se orine directamente sobre la punta<\/strong>. \u00c9sta sube por los poros y, si hay embarazo, se dibujan dos l\u00edneas (test y control), mientras que si no lo hay, s\u00f3lo sale una (la de control). En el caso poco frecuente de que no salga ninguna l\u00ednea, la prueba es defectuosa y deber\u00eda poder cambiarse por otra en buenas condiciones.<\/p><p><strong>Los tests disponibles en el mercado son dos:<\/strong> los cl\u00e1sicos y los ultratempranos:<\/p><p>\u2013 Los <strong>\u00abcl\u00e1sicos\u00bb<\/strong>: detectan a partir de <strong>25-50 mUI<\/strong> de hormona del embarazo por mililitro de orina (mUI significa miliunidades internacionales, es la forma de medir una sustancia seg\u00fan los efectos que produce). Si bien el d\u00eda de la falta diagnostican m\u00e1s del 99% de los embarazos, <strong>pueden ser positivos hasta 4-5 d\u00edas antes<\/strong>. Se venden en forma de tiras de orina, cajitas (cassette), o bien en forma de dispositivo de pl\u00e1stico alargado que suele ser una tira de orina resguardada dentro de una especie de carcasa con un tap\u00f3n que, al retirarlo, deja al descubierto un extremo de papel poroso que es el que ha de tener contacto con la orina. Incluso se venden unos muy sofisticados en los que, en lugar de verse una raya de color, tienen pantalla digital y te sale el resultado en letras e incluso en semanas\u2026<\/p><blockquote><h1><em>Una prueba positiva de embarazo que se hace muy pronto puede corresponder a un embarazo que se pierde antes de confirmarse por ecograf\u00eda<\/em><\/h1><\/blockquote><p>Si bien una debe comprar el que se pueda permitir y que m\u00e1s le apetezca, no debe sentirse mal si compra el m\u00e1s barato: el resultado <strong>es igual de fiable<\/strong>. Adem\u00e1s, la primera ecograf\u00eda es la que va a determinar con mayor exactitud las semanas de gestaci\u00f3n y la fecha probable del parto. A partir de 5 \u20ac encontrar\u00e9is alguno, pero podemos seguir subiendo hasta alcanzar los 15 o 20 \u20ac, pagando aditamentos que mejoran la est\u00e9tica, consumen m\u00e1s pl\u00e1stico, y poco m\u00e1s.<\/p><ul><li>Los <strong>\u00abultratempranos\u00bb<\/strong>: detectan a partir de <strong>10 mUI<\/strong> de hormona por mililitro y como la hormona de embarazo aumenta muy r\u00e1pido, que detecte concentraciones menores nos adelanta el diagn\u00f3stico de embarazo en unos d\u00edas. En otras palabras, 4 d\u00edas antes de la falta diagnostica pr\u00e1cticamente todos los embarazos <strong>y podr\u00eda dar positivo hasta 6 d\u00edas antes de la falta<\/strong>. Estas pruebas son m\u00e1s caras, no s\u00f3lo por su \u00abprecocidad diagn\u00f3stica\u00bb sino porque al ser m\u00e1s novedosas se suelen comercializar con dispositivos m\u00e1s sofisticados (digitales, de colores, ergon\u00f3micos\u2026).<\/li><\/ul><p>Entonces, <strong>\u00bfcu\u00e1les os recomendamos?<\/strong> Si ya eres madre y sabes lo que es un embarazo, pues uno \u00abcl\u00e1sico\u00bb barato o ninguno. Pide cita y a las 4-5 semanas de la falta te haremos una ecograf\u00eda, te contaremos c\u00f3mo est\u00e1 tu futuro hijo y cu\u00e1ndo es previsible que lo paras.<\/p><figure id=\"attachment_16073\" aria-describedby=\"caption-attachment-16073\" style=\"width: 346px\" class=\"wp-caption alignright\"><a href=\"https:\/\/www.doctoragibert.com\/wp-content\/uploads\/2021\/08\/Analogic-683x1024-1.jpeg\"><img decoding=\"async\" class=\" wp-image-16073\" src=\"https:\/\/www.doctoragibert.com\/wp-content\/uploads\/2021\/08\/Analogic-683x1024-1.jpeg\" alt=\"\" width=\"346\" height=\"544\" \/><\/a><figcaption id=\"caption-attachment-16073\" class=\"wp-caption-text\">Cassette amb orifici per dipositar la mostra d\u2019orina<\/figcaption><\/figure><p>El <strong>ultratemprano<\/strong> te puede detectar un embarazo muy precoz que desaparezca a los pocos d\u00edas, puesto que al menos la mitad de los embarazos que producen hormona en orina no llegan a verse jam\u00e1s en las ecograf\u00edas. En otras palabras<strong>, tienes m\u00e1s posibilidades que con un test cl\u00e1sico de creerte embarazada y de que te baje la regla y no haya embarazo, claro<\/strong>. Personalmente, no lo veo como un avance, sino como una forma de dar m\u00e1s palos de ciego y fomentar consultas innecesarias con el ginec\u00f3logo o la matrona en busca de un \u00abembarazo fantasma\u00bb en el caso de que la regla te baje.<\/p><p>Definitivamente, los diagn\u00f3sticos \u00abultratempranos\u00bb s\u00f3lo son \u00fatiles en consultas u hospitales para diagnosticar mejor los <a href=\"https:\/\/www.doctoragibert.com\/es\/pacientes\/embarazo-y-parto\/embarazo-ectopico-o-extrauterino\/\" target=\"_blank\" rel=\"noopener noreferrer\">embarazos extrauterinos<\/a> y poco m\u00e1s.<\/p><figure id=\"attachment_16075\" aria-describedby=\"caption-attachment-16075\" style=\"width: 352px\" class=\"wp-caption alignleft\"><a href=\"https:\/\/www.doctoragibert.com\/wp-content\/uploads\/2021\/08\/Digital-768x512-1.jpeg\"><img decoding=\"async\" class=\" wp-image-16075\" src=\"https:\/\/www.doctoragibert.com\/wp-content\/uploads\/2021\/08\/Digital-768x512-1.jpeg\" alt=\"\" width=\"352\" height=\"185\" \/><\/a><figcaption id=\"caption-attachment-16075\" class=\"wp-caption-text\">Test digital d&#8217;embar\u00e0s<\/figcaption><\/figure><p><strong>FUENTES DE LA INFORMACI\u00d3N:<\/strong><\/p><p>Esta vez no os pongo bibliograf\u00eda espec\u00edfica, ya que he recurrido a la informaci\u00f3n de los tests de embarazo que se venden online.\u00a0 Como preferimos no dar marcas, pues eso, que cada una saque sus conclusiones. El resto de informaci\u00f3n que he necesitado para redactar el texto es muy b\u00e1sica, nos la ense\u00f1an a todos los m\u00e9dicos durante la carrera.<\/p>\t\t\t\t\t\t\t\t<\/div>\n\t\t\t\t<\/div>\n\t\t\t\t\t<\/div>\n\t\t<\/div>\n\t\t\t\t\t<\/div>\n\t\t<\/section>\n\t\t\t\t<section class=\"elementor-section elementor-top-section elementor-element elementor-element-0785ccb elementor-section-boxed elementor-section-height-default elementor-section-height-default\" data-id=\"0785ccb\" data-element_type=\"section\">\n\t\t\t\t\t\t<div class=\"elementor-container elementor-column-gap-default\">\n\t\t\t\t\t<div class=\"elementor-column elementor-col-100 elementor-top-column elementor-element elementor-element-3e12922\" data-id=\"3e12922\" data-element_type=\"column\">\n\t\t\t<div class=\"elementor-widget-wrap elementor-element-populated\">\n\t\t\t\t\t\t<div class=\"elementor-element elementor-element-ee8a3ba elementor-widget elementor-widget-shortcode\" data-id=\"ee8a3ba\" data-element_type=\"widget\" data-widget_type=\"shortcode.default\">\n\t\t\t\t<div class=\"elementor-widget-container\">\n\t\t\t\t\t\t\t<div class=\"elementor-shortcode\">[ssba-buttons]<\/div>\n\t\t\t\t\t\t<\/div>\n\t\t\t\t<\/div>\n\t\t\t\t\t<\/div>\n\t\t<\/div>\n\t\t\t\t\t<\/div>\n\t\t<\/section>\n\t\t\t\t<\/div>\n\t\t","protected":false},"excerpt":{"rendered":"<p>TEST DE EMBARAZO: \u00bfcu\u00e1l me compro? Autora: Dra. MJ Gibert.Fecha de actualizaci\u00f3n: 3-7-21. \u00bfQu\u00e9 test de embarazo deber\u00eda comprarme?\u00a0Te lo respondo en tres palabras: el m\u00e1s barato. Si eres una mujer en edad f\u00e9rtil, vas teniendo las reglas cada mes (tanto me da que sean cada 26 o cada 30 d\u00edas), has tenido relaciones hace [&hellip;]<\/p>\n","protected":false},"author":29996,"featured_media":0,"parent":15317,"menu_order":0,"comment_status":"open","ping_status":"open","template":"elementor_header_footer","meta":{"footnotes":""},"class_list":["post-16068","page","type-page","status-publish","hentry"],"yoast_head":"<!-- This site is optimized with the Yoast SEO plugin v25.0 - https:\/\/yoast.com\/wordpress\/plugins\/seo\/ -->\n<title>TEST DE EMBARAZO: \u00bfcu\u00e1l me compro? - DRA. GIBERT<\/title>\n<meta name=\"robots\" content=\"index, follow, max-snippet:-1, max-image-preview:large, max-video-preview:-1\" \/>\n<link rel=\"canonical\" href=\"https:\/\/www.doctoragibert.com\/es\/pacientes\/reproduccion\/test-embarazo-cual-comprar\/\" \/>\n<meta property=\"og:locale\" content=\"es_ES\" \/>\n<meta property=\"og:type\" content=\"article\" \/>\n<meta property=\"og:title\" content=\"TEST DE EMBARAZO: \u00bfcu\u00e1l me compro? - DRA. GIBERT\" \/>\n<meta property=\"og:description\" content=\"TEST DE EMBARAZO: \u00bfcu\u00e1l me compro? Autora: Dra. MJ Gibert.Fecha de actualizaci\u00f3n: 3-7-21. \u00bfQu\u00e9 test de embarazo deber\u00eda comprarme?\u00a0Te lo respondo en tres palabras: el m\u00e1s barato. Si eres una mujer en edad f\u00e9rtil, vas teniendo las reglas cada mes (tanto me da que sean cada 26 o cada 30 d\u00edas), has tenido relaciones hace [&hellip;]\" \/>\n<meta property=\"og:url\" content=\"https:\/\/www.doctoragibert.com\/es\/pacientes\/reproduccion\/test-embarazo-cual-comprar\/\" \/>\n<meta property=\"og:site_name\" content=\"DRA. GIBERT\" \/>\n<meta property=\"article:publisher\" content=\"https:\/\/www.facebook.com\/doctoragibert\" \/>\n<meta property=\"article:modified_time\" content=\"2021-09-12T15:28:03+00:00\" \/>\n<meta property=\"og:image\" content=\"https:\/\/www.doctoragibert.com\/wp-content\/uploads\/2021\/08\/Tira-1-290x300-1.jpeg\" \/>\n<meta name=\"twitter:label1\" content=\"Tiempo de lectura\" \/>\n\t<meta name=\"twitter:data1\" content=\"7 minutos\" \/>\n<script type=\"application\/ld+json\" class=\"yoast-schema-graph\">{\"@context\":\"https:\/\/schema.org\",\"@graph\":[{\"@type\":\"WebPage\",\"@id\":\"https:\/\/www.doctoragibert.com\/es\/pacientes\/reproduccion\/test-embarazo-cual-comprar\/\",\"url\":\"https:\/\/www.doctoragibert.com\/es\/pacientes\/reproduccion\/test-embarazo-cual-comprar\/\",\"name\":\"TEST DE EMBARAZO: \u00bfcu\u00e1l me compro? - DRA. GIBERT\",\"isPartOf\":{\"@id\":\"https:\/\/www.doctoragibert.com\/es\/#website\"},\"primaryImageOfPage\":{\"@id\":\"https:\/\/www.doctoragibert.com\/es\/pacientes\/reproduccion\/test-embarazo-cual-comprar\/#primaryimage\"},\"image\":{\"@id\":\"https:\/\/www.doctoragibert.com\/es\/pacientes\/reproduccion\/test-embarazo-cual-comprar\/#primaryimage\"},\"thumbnailUrl\":\"https:\/\/www.doctoragibert.com\/wp-content\/uploads\/2021\/08\/Tira-1-290x300-1.jpeg\",\"datePublished\":\"2021-08-11T10:46:04+00:00\",\"dateModified\":\"2021-09-12T15:28:03+00:00\",\"breadcrumb\":{\"@id\":\"https:\/\/www.doctoragibert.com\/es\/pacientes\/reproduccion\/test-embarazo-cual-comprar\/#breadcrumb\"},\"inLanguage\":\"es\",\"potentialAction\":[{\"@type\":\"ReadAction\",\"target\":[\"https:\/\/www.doctoragibert.com\/es\/pacientes\/reproduccion\/test-embarazo-cual-comprar\/\"]}]},{\"@type\":\"ImageObject\",\"inLanguage\":\"es\",\"@id\":\"https:\/\/www.doctoragibert.com\/es\/pacientes\/reproduccion\/test-embarazo-cual-comprar\/#primaryimage\",\"url\":\"https:\/\/www.doctoragibert.com\/wp-content\/uploads\/2021\/08\/Tira-1-290x300-1.jpeg\",\"contentUrl\":\"https:\/\/www.doctoragibert.com\/wp-content\/uploads\/2021\/08\/Tira-1-290x300-1.jpeg\"},{\"@type\":\"BreadcrumbList\",\"@id\":\"https:\/\/www.doctoragibert.com\/es\/pacientes\/reproduccion\/test-embarazo-cual-comprar\/#breadcrumb\",\"itemListElement\":[{\"@type\":\"ListItem\",\"position\":1,\"name\":\"PACIENTES\",\"item\":\"https:\/\/www.doctoragibert.com\/es\/pacientes\/\"},{\"@type\":\"ListItem\",\"position\":2,\"name\":\"REPRODUCCI\u00d3N\",\"item\":\"https:\/\/www.doctoragibert.com\/es\/pacientes\/reproduccion\/\"},{\"@type\":\"ListItem\",\"position\":3,\"name\":\"TEST DE EMBARAZO: \u00bfcu\u00e1l me compro?\"}]},{\"@type\":\"WebSite\",\"@id\":\"https:\/\/www.doctoragibert.com\/es\/#website\",\"url\":\"https:\/\/www.doctoragibert.com\/es\/\",\"name\":\"DRA. GIBERT\",\"description\":\"Ginecologia i obstetricia\",\"potentialAction\":[{\"@type\":\"SearchAction\",\"target\":{\"@type\":\"EntryPoint\",\"urlTemplate\":\"https:\/\/www.doctoragibert.com\/es\/?s={search_term_string}\"},\"query-input\":{\"@type\":\"PropertyValueSpecification\",\"valueRequired\":true,\"valueName\":\"search_term_string\"}}],\"inLanguage\":\"es\"}]}<\/script>\n<!-- \/ Yoast SEO plugin. -->","yoast_head_json":{"title":"TEST DE EMBARAZO: \u00bfcu\u00e1l me compro? - DRA. GIBERT","robots":{"index":"index","follow":"follow","max-snippet":"max-snippet:-1","max-image-preview":"max-image-preview:large","max-video-preview":"max-video-preview:-1"},"canonical":"https:\/\/www.doctoragibert.com\/es\/pacientes\/reproduccion\/test-embarazo-cual-comprar\/","og_locale":"es_ES","og_type":"article","og_title":"TEST DE EMBARAZO: \u00bfcu\u00e1l me compro? - DRA. GIBERT","og_description":"TEST DE EMBARAZO: \u00bfcu\u00e1l me compro? Autora: Dra. MJ Gibert.Fecha de actualizaci\u00f3n: 3-7-21. \u00bfQu\u00e9 test de embarazo deber\u00eda comprarme?\u00a0Te lo respondo en tres palabras: el m\u00e1s barato. Si eres una mujer en edad f\u00e9rtil, vas teniendo las reglas cada mes (tanto me da que sean cada 26 o cada 30 d\u00edas), has tenido relaciones hace [&hellip;]","og_url":"https:\/\/www.doctoragibert.com\/es\/pacientes\/reproduccion\/test-embarazo-cual-comprar\/","og_site_name":"DRA. GIBERT","article_publisher":"https:\/\/www.facebook.com\/doctoragibert","article_modified_time":"2021-09-12T15:28:03+00:00","og_image":[{"url":"https:\/\/www.doctoragibert.com\/wp-content\/uploads\/2021\/08\/Tira-1-290x300-1.jpeg","type":"","width":"","height":""}],"twitter_misc":{"Tiempo de lectura":"7 minutos"},"schema":{"@context":"https:\/\/schema.org","@graph":[{"@type":"WebPage","@id":"https:\/\/www.doctoragibert.com\/es\/pacientes\/reproduccion\/test-embarazo-cual-comprar\/","url":"https:\/\/www.doctoragibert.com\/es\/pacientes\/reproduccion\/test-embarazo-cual-comprar\/","name":"TEST DE EMBARAZO: \u00bfcu\u00e1l me compro? - DRA. GIBERT","isPartOf":{"@id":"https:\/\/www.doctoragibert.com\/es\/#website"},"primaryImageOfPage":{"@id":"https:\/\/www.doctoragibert.com\/es\/pacientes\/reproduccion\/test-embarazo-cual-comprar\/#primaryimage"},"image":{"@id":"https:\/\/www.doctoragibert.com\/es\/pacientes\/reproduccion\/test-embarazo-cual-comprar\/#primaryimage"},"thumbnailUrl":"https:\/\/www.doctoragibert.com\/wp-content\/uploads\/2021\/08\/Tira-1-290x300-1.jpeg","datePublished":"2021-08-11T10:46:04+00:00","dateModified":"2021-09-12T15:28:03+00:00","breadcrumb":{"@id":"https:\/\/www.doctoragibert.com\/es\/pacientes\/reproduccion\/test-embarazo-cual-comprar\/#breadcrumb"},"inLanguage":"es","potentialAction":[{"@type":"ReadAction","target":["https:\/\/www.doctoragibert.com\/es\/pacientes\/reproduccion\/test-embarazo-cual-comprar\/"]}]},{"@type":"ImageObject","inLanguage":"es","@id":"https:\/\/www.doctoragibert.com\/es\/pacientes\/reproduccion\/test-embarazo-cual-comprar\/#primaryimage","url":"https:\/\/www.doctoragibert.com\/wp-content\/uploads\/2021\/08\/Tira-1-290x300-1.jpeg","contentUrl":"https:\/\/www.doctoragibert.com\/wp-content\/uploads\/2021\/08\/Tira-1-290x300-1.jpeg"},{"@type":"BreadcrumbList","@id":"https:\/\/www.doctoragibert.com\/es\/pacientes\/reproduccion\/test-embarazo-cual-comprar\/#breadcrumb","itemListElement":[{"@type":"ListItem","position":1,"name":"PACIENTES","item":"https:\/\/www.doctoragibert.com\/es\/pacientes\/"},{"@type":"ListItem","position":2,"name":"REPRODUCCI\u00d3N","item":"https:\/\/www.doctoragibert.com\/es\/pacientes\/reproduccion\/"},{"@type":"ListItem","position":3,"name":"TEST DE EMBARAZO: \u00bfcu\u00e1l me compro?"}]},{"@type":"WebSite","@id":"https:\/\/www.doctoragibert.com\/es\/#website","url":"https:\/\/www.doctoragibert.com\/es\/","name":"DRA. GIBERT","description":"Ginecologia i obstetricia","potentialAction":[{"@type":"SearchAction","target":{"@type":"EntryPoint","urlTemplate":"https:\/\/www.doctoragibert.com\/es\/?s={search_term_string}"},"query-input":{"@type":"PropertyValueSpecification","valueRequired":true,"valueName":"search_term_string"}}],"inLanguage":"es"}]}},"_links":{"self":[{"href":"https:\/\/www.doctoragibert.com\/es\/wp-json\/wp\/v2\/pages\/16068","targetHints":{"allow":["GET"]}}],"collection":[{"href":"https:\/\/www.doctoragibert.com\/es\/wp-json\/wp\/v2\/pages"}],"about":[{"href":"https:\/\/www.doctoragibert.com\/es\/wp-json\/wp\/v2\/types\/page"}],"author":[{"embeddable":true,"href":"https:\/\/www.doctoragibert.com\/es\/wp-json\/wp\/v2\/users\/29996"}],"replies":[{"embeddable":true,"href":"https:\/\/www.doctoragibert.com\/es\/wp-json\/wp\/v2\/comments?post=16068"}],"version-history":[{"count":5,"href":"https:\/\/www.doctoragibert.com\/es\/wp-json\/wp\/v2\/pages\/16068\/revisions"}],"predecessor-version":[{"id":17931,"href":"https:\/\/www.doctoragibert.com\/es\/wp-json\/wp\/v2\/pages\/16068\/revisions\/17931"}],"up":[{"embeddable":true,"href":"https:\/\/www.doctoragibert.com\/es\/wp-json\/wp\/v2\/pages\/15317"}],"wp:attachment":[{"href":"https:\/\/www.doctoragibert.com\/es\/wp-json\/wp\/v2\/media?parent=16068"}],"curies":[{"name":"wp","href":"https:\/\/api.w.org\/{rel}","templated":true}]}}