{"id":16273,"date":"2015-09-28T10:50:09","date_gmt":"2015-09-28T10:50:09","guid":{"rendered":"https:\/\/www.doctoragibert.com\/pacientes\/embarazo-y-parto\/acid-folic-per-a-que-serveix\/"},"modified":"2021-11-01T09:03:11","modified_gmt":"2021-11-01T09:03:11","slug":"acido-folico-para-que-sirve","status":"publish","type":"page","link":"https:\/\/www.doctoragibert.com\/es\/pacientes\/embarazo-y-parto\/acido-folico-para-que-sirve\/","title":{"rendered":"\u00c1CIDO F\u00d3LICO: \u00bfpara qu\u00e9 sirve?"},"content":{"rendered":"\t\t<div data-elementor-type=\"wp-page\" data-elementor-id=\"16273\" class=\"elementor elementor-16273\">\n\t\t\t\t\t\t<section class=\"elementor-section elementor-top-section elementor-element elementor-element-87881ab elementor-section-boxed elementor-section-height-default elementor-section-height-default\" data-id=\"87881ab\" data-element_type=\"section\" data-settings=\"{&quot;background_background&quot;:&quot;classic&quot;}\">\n\t\t\t\t\t\t<div class=\"elementor-container elementor-column-gap-default\">\n\t\t\t\t\t<div class=\"elementor-column elementor-col-100 elementor-top-column elementor-element elementor-element-7faa2e7\" data-id=\"7faa2e7\" data-element_type=\"column\">\n\t\t\t<div class=\"elementor-widget-wrap elementor-element-populated\">\n\t\t\t\t\t\t<div class=\"elementor-element elementor-element-08a7a1e elementor-widget elementor-widget-spacer\" data-id=\"08a7a1e\" data-element_type=\"widget\" data-widget_type=\"spacer.default\">\n\t\t\t\t<div class=\"elementor-widget-container\">\n\t\t\t\t\t\t\t<div class=\"elementor-spacer\">\n\t\t\t<div class=\"elementor-spacer-inner\"><\/div>\n\t\t<\/div>\n\t\t\t\t\t\t<\/div>\n\t\t\t\t<\/div>\n\t\t\t\t<div class=\"elementor-element elementor-element-000868e elementor-widget elementor-widget-heading\" data-id=\"000868e\" data-element_type=\"widget\" data-widget_type=\"heading.default\">\n\t\t\t\t<div class=\"elementor-widget-container\">\n\t\t\t\t\t<h2 class=\"elementor-heading-title elementor-size-default\">\u00c1CIDO F\u00d3LICO: \u00bfpara qu\u00e9 sirve?<\/h2>\t\t\t\t<\/div>\n\t\t\t\t<\/div>\n\t\t\t\t<div class=\"elementor-element elementor-element-de4063a elementor-widget-divider--view-line elementor-widget elementor-widget-divider\" data-id=\"de4063a\" data-element_type=\"widget\" data-widget_type=\"divider.default\">\n\t\t\t\t<div class=\"elementor-widget-container\">\n\t\t\t\t\t\t\t<div class=\"elementor-divider\">\n\t\t\t<span class=\"elementor-divider-separator\">\n\t\t\t\t\t\t<\/span>\n\t\t<\/div>\n\t\t\t\t\t\t<\/div>\n\t\t\t\t<\/div>\n\t\t\t\t<div class=\"elementor-element elementor-element-c2644e3 migasdepan elementor-widget elementor-widget-wp-widget-bcn_widget\" data-id=\"c2644e3\" data-element_type=\"widget\" data-widget_type=\"wp-widget-bcn_widget.default\">\n\t\t\t\t<div class=\"elementor-widget-container\">\n\t\t\t\t\t<div class=\"breadcrumbs\" vocab=\"https:\/\/schema.org\/\" typeof=\"BreadcrumbList\"><!-- Breadcrumb NavXT 7.4.1 -->\n<span property=\"itemListElement\" typeof=\"ListItem\"><a property=\"item\" typeof=\"WebPage\" title=\"Ir a DRA. GIBERT.\" href=\"https:\/\/www.doctoragibert.com\/es\/\" class=\"home\" aria-current=\"page\"><span property=\"name\">DRA. GIBERT<\/span><\/a><meta property=\"position\" content=\"1\"><\/span><\/div>\t\t\t\t<\/div>\n\t\t\t\t<\/div>\n\t\t\t\t<div class=\"elementor-element elementor-element-8b54c32 elementor-widget elementor-widget-spacer\" data-id=\"8b54c32\" data-element_type=\"widget\" data-widget_type=\"spacer.default\">\n\t\t\t\t<div class=\"elementor-widget-container\">\n\t\t\t\t\t\t\t<div class=\"elementor-spacer\">\n\t\t\t<div class=\"elementor-spacer-inner\"><\/div>\n\t\t<\/div>\n\t\t\t\t\t\t<\/div>\n\t\t\t\t<\/div>\n\t\t\t\t\t<\/div>\n\t\t<\/div>\n\t\t\t\t\t<\/div>\n\t\t<\/section>\n\t\t\t\t<section class=\"elementor-section elementor-top-section elementor-element elementor-element-7a92052c elementor-section-boxed elementor-section-height-default elementor-section-height-default\" data-id=\"7a92052c\" data-element_type=\"section\">\n\t\t\t\t\t\t<div class=\"elementor-container elementor-column-gap-default\">\n\t\t\t\t\t<div class=\"elementor-column elementor-col-100 elementor-top-column elementor-element elementor-element-124b9375\" data-id=\"124b9375\" data-element_type=\"column\">\n\t\t\t<div class=\"elementor-widget-wrap elementor-element-populated\">\n\t\t\t\t\t\t<div class=\"elementor-element elementor-element-77a7852d elementor-widget elementor-widget-text-editor\" data-id=\"77a7852d\" data-element_type=\"widget\" data-widget_type=\"text-editor.default\">\n\t\t\t\t<div class=\"elementor-widget-container\">\n\t\t\t\t\t\t\t\t\t<article><img fetchpriority=\"high\" decoding=\"async\" class=\"alignleft\" src=\"https:\/\/www.doctoragibert.com\/wp-content\/uploads\/2015\/09\/b181446e1e3cffd90f649814c8de5252.png\" alt=\"b181446e1e3cffd90f649814c8de5252\" width=\"400\" height=\"288\" \/><em>Autora:<\/em>\u00a0Dra. MJ Gibert.<br \/><em>Fecha de actualizaci\u00f3n:<\/em>\u00a01-11-21.<br \/><em>Fechas de versiones previas:<\/em>\u00a028-9-15.<\/article><article><\/article><article><\/article><article><\/article><article>\u00a0<p>El <b>\u00e1cido f\u00f3lico o vitamina B9<\/b> se encuentra de forma natural en los vegetales de hoja verde, el zumo de naranja, las legumbres, el h\u00edgado, los ri\u00f1ones y los frutos secos. Se ha demostrado, sin embargo, que <b>la forma sint\u00e9tica o artificial<\/b> (la que se vende en forma de medicamento) es la que <b>m\u00e1s se asimila<\/b> y la que mejor se ha estudiado como preventiva de anomal\u00edas cong\u00e9nitas. Esta vitamina interviene en la producci\u00f3n y expresi\u00f3n del ADN, entre otras muchas funciones, por tanto, es l\u00f3gico que pueda optimizar la producci\u00f3n de nuevas c\u00e9lulas y contribuir a disminuir ciertos defectos de nacimiento.<\/p><p>El uso de suplementos con \u00e1cido f\u00f3lico cerca de la concepci\u00f3n tiene un <b>efecto protector muy s\u00f3lido contra los defectos del tubo neural<\/b> (se evitar\u00edan 2 de cada 3 defectos), al contrario, hay <b>pruebas menos consistentes<\/b> de que tambi\u00e9n <b>disminuye el riesgo de otras anomal\u00edas como el labio leporino, la obstrucci\u00f3n de las v\u00edas urinarias y ciertas enfermedades cardiacas<\/b>. Otros beneficios probables son la prevenci\u00f3n de la preeclampsia (hipertensi\u00f3n del embarazo junto con prote\u00ednas en orina) y de la anemia.<\/p><\/article><article><\/article><article>Los <b>defectos del tubo neural<\/b> aparecen en nuestro entorno en 1,3 de cada 1.000 nacidos y se localizan en el cr\u00e1neo y\/o en la columna vertebral. Son principalmente la anencefalia (fetos que nacen con ausencia de gran parte del cerebro, lo cual es incompatible con la vida) y la espina b\u00edfida (la columna vertebral est\u00e1 abierta y deja sin protecci\u00f3n a la m\u00e9dula espinal, por tanto, los afectados tienen, entre otros, problemas motores y de sensibilidad parecidos a los paral\u00edticos postaccidente de tr\u00e1fico). Los profesionales de la ecograf\u00eda est\u00e1n muy entrenados para detectar pr\u00e1cticamente todos estos defectos.\u00a0<\/article><article><\/article><article><h1>Es importante comenzar con \u00e1cido f\u00f3lico desde un mes antes de dejar nuestro m\u00e9todo anticonceptivo<\/h1><p>Las recomendaciones de la Direcci\u00f3n General de Salud P\u00fablica del Ministerio de Sanidad y Consumo son administrar <b>0,4 mg\/d\u00eda <\/b>para la prevenci\u00f3n del primer caso (mujeres que no han concebido ni hijos ni fetos con defectos del tubo neural) y 4 mg\/d\u00eda para la prevenci\u00f3n de las recurrencias (antecedente de feto con defecto del tubo neural). Idealmente, <b>se ha de tomar desde al menos un mes antes de la concepci\u00f3n hasta cumplir 2-3 meses de embarazo (8-12 semanas).<\/b><\/p><p>\u00daltimamente, algunas pacientes nos dicen que se les recomienda que tomen \u00e1cido f\u00f3lico durante todo el embarazo. Les respondo que no es necesario y as\u00ed lo dice <a style=\"background-color: #ffffff;\" href=\"https:\/\/www.ibsalut.es\/apmallorca\/attachments\/article\/931\/guia-buenas-practicas-embarazo-puerperio-periodo-neonatal.pdf\" target=\"_blank\" rel=\"noopener\">nuestro documento de consenso sobre buenas pr\u00e1cticas en el control del embarazo y del puerperio<\/a>:\u00a0\u00abRecomendar a todas las mujeres que quieran quedarse embarazadas la ingesta preconceptiva de un suplemento diario de \u00e1cido f\u00f3lico desde 3 meses antes de abandonar el m\u00e9todo anticonceptivo hasta la 12\u00aa semana de la gestaci\u00f3n.\u00bb<\/p><p><strong>Es indiferente si se los comprimidos con f\u00f3lico se toman antes, durante o despu\u00e9s de las comidas, pues se asimilan muy bien<\/strong>.<\/p><p>En la consulta, os recomendaremos f\u00e1rmacos que son muy econ\u00f3micos y, adem\u00e1s, est\u00e1n cubiertos por la Seguridad Social, pues con ello es suficiente. Si est\u00e1s interesada en utilizar suplementos m\u00e1s caros y, presuntamente, m\u00e1s completos, <strong><a href=\"https:\/\/www.doctoragibert.com\/es\/polivitaminics-durant-lembaras-valen-el-que-costen\/\" target=\"_blank\" rel=\"noopener\">esta lectura<\/a><\/strong> te resultar\u00e1 \u00fatil.<\/p><p><b>\u00a0<\/b><\/p><p><b>FUENTES DE LA INFORMACI\u00d3N:<\/b><\/p><ul><li>Lumley J, Watson L, Watson M, Bower C. Suplementaci\u00f3n periconcepcional con folato y\/o multivitaminas para la prevenci\u00f3n de los defectos del tubo neural (Revisi\u00f3n Cochrane traducida). En: La Biblioteca Cochrane Plus, 2005 N\u00famero 3. Oxford: Update Software Ltd.<\/li><li>Berry RJ et al. Prevention of neural-tube defects with folic acid in China. N Engl J Med. 1999;341:1485-90.<\/li><li>Direcci\u00f3n General de Salud P\u00fablica del Ministerio de Sanidad y Consumo. Recomendaciones sobre suplementaci\u00f3n con \u00e1cido f\u00f3lico para la prevenci\u00f3n de defectos del tubo neural. Inf Ter Sist Nac Salud. 2001;66-7.<\/li><li>Direcci\u00f3 de Salut P\u00fablica i Participaci\u00f3. Conselleria de Salut. Govern de les Illes Balears. Gu\u00eda de buenas pr\u00e1cticas en la atenci\u00f3n del embarazo, del puerperio y del periodo neonatal en el \u00e1rea de salud maternoinfantil de las Islas Baleares. [acceso 1-11-21]. Disponible en:\u00a0 <a href=\"https:\/\/www.ibsalut.es\/apmallorca\/attachments\/article\/931\/guia-buenas-practicas-embarazo-puerperio-periodo-neonatal.pdf\" target=\"_blank\" rel=\"noopener\">https:\/\/www.ibsalut.es\/apmallorca\/attachments\/article\/931\/guia-buenas-practicas-embarazo-puerperio-periodo-neonatal.pdf<\/a><\/li><\/ul><\/article>\t\t\t\t\t\t\t\t<\/div>\n\t\t\t\t<\/div>\n\t\t\t\t\t<\/div>\n\t\t<\/div>\n\t\t\t\t\t<\/div>\n\t\t<\/section>\n\t\t\t\t<section class=\"elementor-section elementor-top-section elementor-element elementor-element-7b2651f elementor-section-boxed elementor-section-height-default elementor-section-height-default\" data-id=\"7b2651f\" data-element_type=\"section\">\n\t\t\t\t\t\t<div class=\"elementor-container elementor-column-gap-default\">\n\t\t\t\t\t<div class=\"elementor-column elementor-col-100 elementor-top-column elementor-element elementor-element-feb33ff\" data-id=\"feb33ff\" data-element_type=\"column\">\n\t\t\t<div class=\"elementor-widget-wrap elementor-element-populated\">\n\t\t\t\t\t\t<div class=\"elementor-element elementor-element-f878aaf elementor-widget elementor-widget-shortcode\" data-id=\"f878aaf\" data-element_type=\"widget\" data-widget_type=\"shortcode.default\">\n\t\t\t\t<div class=\"elementor-widget-container\">\n\t\t\t\t\t\t\t<div class=\"elementor-shortcode\">[ssba-buttons]<\/div>\n\t\t\t\t\t\t<\/div>\n\t\t\t\t<\/div>\n\t\t\t\t\t<\/div>\n\t\t<\/div>\n\t\t\t\t\t<\/div>\n\t\t<\/section>\n\t\t\t\t<\/div>\n\t\t","protected":false},"excerpt":{"rendered":"<p>\u00c1CIDO F\u00d3LICO: \u00bfpara qu\u00e9 sirve? Autora:\u00a0Dra. MJ Gibert.Fecha de actualizaci\u00f3n:\u00a01-11-21.Fechas de versiones previas:\u00a028-9-15. \u00a0 El \u00e1cido f\u00f3lico o vitamina B9 se encuentra de forma natural en los vegetales de hoja verde, el zumo de naranja, las legumbres, el h\u00edgado, los ri\u00f1ones y los frutos secos. Se ha demostrado, sin embargo, que la forma sint\u00e9tica o [&hellip;]<\/p>\n","protected":false},"author":12,"featured_media":0,"parent":15253,"menu_order":0,"comment_status":"open","ping_status":"closed","template":"elementor_header_footer","meta":{"footnotes":""},"class_list":["post-16273","page","type-page","status-publish","hentry"],"yoast_head":"<!-- This site is optimized with the Yoast SEO plugin v25.0 - https:\/\/yoast.com\/wordpress\/plugins\/seo\/ -->\n<title>\u00c1CIDO F\u00d3LICO: \u00bfpara qu\u00e9 sirve? - DRA. GIBERT<\/title>\n<meta name=\"robots\" content=\"index, follow, max-snippet:-1, max-image-preview:large, max-video-preview:-1\" \/>\n<link rel=\"canonical\" href=\"https:\/\/www.doctoragibert.com\/es\/pacientes\/embarazo-y-parto\/acido-folico-para-que-sirve\/\" \/>\n<meta property=\"og:locale\" content=\"es_ES\" \/>\n<meta property=\"og:type\" content=\"article\" \/>\n<meta property=\"og:title\" content=\"\u00c1CIDO F\u00d3LICO: \u00bfpara qu\u00e9 sirve? - DRA. GIBERT\" \/>\n<meta property=\"og:description\" content=\"\u00c1CIDO F\u00d3LICO: \u00bfpara qu\u00e9 sirve? Autora:\u00a0Dra. MJ Gibert.Fecha de actualizaci\u00f3n:\u00a01-11-21.Fechas de versiones previas:\u00a028-9-15. \u00a0 El \u00e1cido f\u00f3lico o vitamina B9 se encuentra de forma natural en los vegetales de hoja verde, el zumo de naranja, las legumbres, el h\u00edgado, los ri\u00f1ones y los frutos secos. Se ha demostrado, sin embargo, que la forma sint\u00e9tica o [&hellip;]\" \/>\n<meta property=\"og:url\" content=\"https:\/\/www.doctoragibert.com\/es\/pacientes\/embarazo-y-parto\/acido-folico-para-que-sirve\/\" \/>\n<meta property=\"og:site_name\" content=\"DRA. GIBERT\" \/>\n<meta property=\"article:publisher\" content=\"https:\/\/www.facebook.com\/doctoragibert\" \/>\n<meta property=\"article:modified_time\" content=\"2021-11-01T09:03:11+00:00\" \/>\n<meta property=\"og:image\" content=\"https:\/\/www.doctoragibert.com\/wp-content\/uploads\/2015\/09\/b181446e1e3cffd90f649814c8de5252.png\" \/>\n<meta name=\"twitter:label1\" content=\"Tiempo de lectura\" \/>\n\t<meta name=\"twitter:data1\" content=\"5 minutos\" \/>\n<script type=\"application\/ld+json\" class=\"yoast-schema-graph\">{\"@context\":\"https:\/\/schema.org\",\"@graph\":[{\"@type\":\"WebPage\",\"@id\":\"https:\/\/www.doctoragibert.com\/es\/pacientes\/embarazo-y-parto\/acido-folico-para-que-sirve\/\",\"url\":\"https:\/\/www.doctoragibert.com\/es\/pacientes\/embarazo-y-parto\/acido-folico-para-que-sirve\/\",\"name\":\"\u00c1CIDO F\u00d3LICO: \u00bfpara qu\u00e9 sirve? - DRA. GIBERT\",\"isPartOf\":{\"@id\":\"https:\/\/www.doctoragibert.com\/es\/#website\"},\"primaryImageOfPage\":{\"@id\":\"https:\/\/www.doctoragibert.com\/es\/pacientes\/embarazo-y-parto\/acido-folico-para-que-sirve\/#primaryimage\"},\"image\":{\"@id\":\"https:\/\/www.doctoragibert.com\/es\/pacientes\/embarazo-y-parto\/acido-folico-para-que-sirve\/#primaryimage\"},\"thumbnailUrl\":\"https:\/\/www.doctoragibert.com\/wp-content\/uploads\/2015\/09\/b181446e1e3cffd90f649814c8de5252.png\",\"datePublished\":\"2015-09-28T10:50:09+00:00\",\"dateModified\":\"2021-11-01T09:03:11+00:00\",\"breadcrumb\":{\"@id\":\"https:\/\/www.doctoragibert.com\/es\/pacientes\/embarazo-y-parto\/acido-folico-para-que-sirve\/#breadcrumb\"},\"inLanguage\":\"es\",\"potentialAction\":[{\"@type\":\"ReadAction\",\"target\":[\"https:\/\/www.doctoragibert.com\/es\/pacientes\/embarazo-y-parto\/acido-folico-para-que-sirve\/\"]}]},{\"@type\":\"ImageObject\",\"inLanguage\":\"es\",\"@id\":\"https:\/\/www.doctoragibert.com\/es\/pacientes\/embarazo-y-parto\/acido-folico-para-que-sirve\/#primaryimage\",\"url\":\"https:\/\/www.doctoragibert.com\/wp-content\/uploads\/2015\/09\/b181446e1e3cffd90f649814c8de5252.png\",\"contentUrl\":\"https:\/\/www.doctoragibert.com\/wp-content\/uploads\/2015\/09\/b181446e1e3cffd90f649814c8de5252.png\"},{\"@type\":\"BreadcrumbList\",\"@id\":\"https:\/\/www.doctoragibert.com\/es\/pacientes\/embarazo-y-parto\/acido-folico-para-que-sirve\/#breadcrumb\",\"itemListElement\":[{\"@type\":\"ListItem\",\"position\":1,\"name\":\"PACIENTES\",\"item\":\"https:\/\/www.doctoragibert.com\/es\/pacientes\/\"},{\"@type\":\"ListItem\",\"position\":2,\"name\":\"EMBARAZO Y PARTO\",\"item\":\"https:\/\/www.doctoragibert.com\/es\/pacientes\/embarazo-y-parto\/\"},{\"@type\":\"ListItem\",\"position\":3,\"name\":\"\u00c1CIDO F\u00d3LICO: \u00bfpara qu\u00e9 sirve?\"}]},{\"@type\":\"WebSite\",\"@id\":\"https:\/\/www.doctoragibert.com\/es\/#website\",\"url\":\"https:\/\/www.doctoragibert.com\/es\/\",\"name\":\"DRA. GIBERT\",\"description\":\"Ginecologia i obstetricia\",\"potentialAction\":[{\"@type\":\"SearchAction\",\"target\":{\"@type\":\"EntryPoint\",\"urlTemplate\":\"https:\/\/www.doctoragibert.com\/es\/?s={search_term_string}\"},\"query-input\":{\"@type\":\"PropertyValueSpecification\",\"valueRequired\":true,\"valueName\":\"search_term_string\"}}],\"inLanguage\":\"es\"}]}<\/script>\n<!-- \/ Yoast SEO plugin. -->","yoast_head_json":{"title":"\u00c1CIDO F\u00d3LICO: \u00bfpara qu\u00e9 sirve? - DRA. GIBERT","robots":{"index":"index","follow":"follow","max-snippet":"max-snippet:-1","max-image-preview":"max-image-preview:large","max-video-preview":"max-video-preview:-1"},"canonical":"https:\/\/www.doctoragibert.com\/es\/pacientes\/embarazo-y-parto\/acido-folico-para-que-sirve\/","og_locale":"es_ES","og_type":"article","og_title":"\u00c1CIDO F\u00d3LICO: \u00bfpara qu\u00e9 sirve? - DRA. GIBERT","og_description":"\u00c1CIDO F\u00d3LICO: \u00bfpara qu\u00e9 sirve? Autora:\u00a0Dra. MJ Gibert.Fecha de actualizaci\u00f3n:\u00a01-11-21.Fechas de versiones previas:\u00a028-9-15. \u00a0 El \u00e1cido f\u00f3lico o vitamina B9 se encuentra de forma natural en los vegetales de hoja verde, el zumo de naranja, las legumbres, el h\u00edgado, los ri\u00f1ones y los frutos secos. Se ha demostrado, sin embargo, que la forma sint\u00e9tica o [&hellip;]","og_url":"https:\/\/www.doctoragibert.com\/es\/pacientes\/embarazo-y-parto\/acido-folico-para-que-sirve\/","og_site_name":"DRA. GIBERT","article_publisher":"https:\/\/www.facebook.com\/doctoragibert","article_modified_time":"2021-11-01T09:03:11+00:00","og_image":[{"url":"https:\/\/www.doctoragibert.com\/wp-content\/uploads\/2015\/09\/b181446e1e3cffd90f649814c8de5252.png","type":"","width":"","height":""}],"twitter_misc":{"Tiempo de lectura":"5 minutos"},"schema":{"@context":"https:\/\/schema.org","@graph":[{"@type":"WebPage","@id":"https:\/\/www.doctoragibert.com\/es\/pacientes\/embarazo-y-parto\/acido-folico-para-que-sirve\/","url":"https:\/\/www.doctoragibert.com\/es\/pacientes\/embarazo-y-parto\/acido-folico-para-que-sirve\/","name":"\u00c1CIDO F\u00d3LICO: \u00bfpara qu\u00e9 sirve? - DRA. GIBERT","isPartOf":{"@id":"https:\/\/www.doctoragibert.com\/es\/#website"},"primaryImageOfPage":{"@id":"https:\/\/www.doctoragibert.com\/es\/pacientes\/embarazo-y-parto\/acido-folico-para-que-sirve\/#primaryimage"},"image":{"@id":"https:\/\/www.doctoragibert.com\/es\/pacientes\/embarazo-y-parto\/acido-folico-para-que-sirve\/#primaryimage"},"thumbnailUrl":"https:\/\/www.doctoragibert.com\/wp-content\/uploads\/2015\/09\/b181446e1e3cffd90f649814c8de5252.png","datePublished":"2015-09-28T10:50:09+00:00","dateModified":"2021-11-01T09:03:11+00:00","breadcrumb":{"@id":"https:\/\/www.doctoragibert.com\/es\/pacientes\/embarazo-y-parto\/acido-folico-para-que-sirve\/#breadcrumb"},"inLanguage":"es","potentialAction":[{"@type":"ReadAction","target":["https:\/\/www.doctoragibert.com\/es\/pacientes\/embarazo-y-parto\/acido-folico-para-que-sirve\/"]}]},{"@type":"ImageObject","inLanguage":"es","@id":"https:\/\/www.doctoragibert.com\/es\/pacientes\/embarazo-y-parto\/acido-folico-para-que-sirve\/#primaryimage","url":"https:\/\/www.doctoragibert.com\/wp-content\/uploads\/2015\/09\/b181446e1e3cffd90f649814c8de5252.png","contentUrl":"https:\/\/www.doctoragibert.com\/wp-content\/uploads\/2015\/09\/b181446e1e3cffd90f649814c8de5252.png"},{"@type":"BreadcrumbList","@id":"https:\/\/www.doctoragibert.com\/es\/pacientes\/embarazo-y-parto\/acido-folico-para-que-sirve\/#breadcrumb","itemListElement":[{"@type":"ListItem","position":1,"name":"PACIENTES","item":"https:\/\/www.doctoragibert.com\/es\/pacientes\/"},{"@type":"ListItem","position":2,"name":"EMBARAZO Y PARTO","item":"https:\/\/www.doctoragibert.com\/es\/pacientes\/embarazo-y-parto\/"},{"@type":"ListItem","position":3,"name":"\u00c1CIDO F\u00d3LICO: \u00bfpara qu\u00e9 sirve?"}]},{"@type":"WebSite","@id":"https:\/\/www.doctoragibert.com\/es\/#website","url":"https:\/\/www.doctoragibert.com\/es\/","name":"DRA. GIBERT","description":"Ginecologia i obstetricia","potentialAction":[{"@type":"SearchAction","target":{"@type":"EntryPoint","urlTemplate":"https:\/\/www.doctoragibert.com\/es\/?s={search_term_string}"},"query-input":{"@type":"PropertyValueSpecification","valueRequired":true,"valueName":"search_term_string"}}],"inLanguage":"es"}]}},"_links":{"self":[{"href":"https:\/\/www.doctoragibert.com\/es\/wp-json\/wp\/v2\/pages\/16273","targetHints":{"allow":["GET"]}}],"collection":[{"href":"https:\/\/www.doctoragibert.com\/es\/wp-json\/wp\/v2\/pages"}],"about":[{"href":"https:\/\/www.doctoragibert.com\/es\/wp-json\/wp\/v2\/types\/page"}],"author":[{"embeddable":true,"href":"https:\/\/www.doctoragibert.com\/es\/wp-json\/wp\/v2\/users\/12"}],"replies":[{"embeddable":true,"href":"https:\/\/www.doctoragibert.com\/es\/wp-json\/wp\/v2\/comments?post=16273"}],"version-history":[{"count":5,"href":"https:\/\/www.doctoragibert.com\/es\/wp-json\/wp\/v2\/pages\/16273\/revisions"}],"predecessor-version":[{"id":18451,"href":"https:\/\/www.doctoragibert.com\/es\/wp-json\/wp\/v2\/pages\/16273\/revisions\/18451"}],"up":[{"embeddable":true,"href":"https:\/\/www.doctoragibert.com\/es\/wp-json\/wp\/v2\/pages\/15253"}],"wp:attachment":[{"href":"https:\/\/www.doctoragibert.com\/es\/wp-json\/wp\/v2\/media?parent=16273"}],"curies":[{"name":"wp","href":"https:\/\/api.w.org\/{rel}","templated":true}]}}