{"id":16631,"date":"2015-09-29T14:43:51","date_gmt":"2015-09-29T14:43:51","guid":{"rendered":"https:\/\/www.doctoragibert.com\/pacientes\/otros\/xumet-recomanacions-dutilitzacio\/"},"modified":"2021-08-26T12:06:56","modified_gmt":"2021-08-26T12:06:56","slug":"chupete-recomendaciones-uso","status":"publish","type":"page","link":"https:\/\/www.doctoragibert.com\/es\/pacientes\/otros\/chupete-recomendaciones-uso\/","title":{"rendered":"CHUPETE: recomendaciones de uso"},"content":{"rendered":"\t\t<div data-elementor-type=\"wp-page\" data-elementor-id=\"16631\" class=\"elementor elementor-16631 elementor-9033\">\n\t\t\t\t\t\t<section class=\"elementor-section elementor-top-section elementor-element elementor-element-557952a elementor-section-boxed elementor-section-height-default elementor-section-height-default\" data-id=\"557952a\" data-element_type=\"section\" data-settings=\"{&quot;background_background&quot;:&quot;classic&quot;}\">\n\t\t\t\t\t\t<div class=\"elementor-container elementor-column-gap-default\">\n\t\t\t\t\t<div class=\"elementor-column elementor-col-100 elementor-top-column elementor-element elementor-element-79feaa2\" data-id=\"79feaa2\" data-element_type=\"column\">\n\t\t\t<div class=\"elementor-widget-wrap elementor-element-populated\">\n\t\t\t\t\t\t<div class=\"elementor-element elementor-element-f08dedb elementor-widget elementor-widget-spacer\" data-id=\"f08dedb\" data-element_type=\"widget\" data-widget_type=\"spacer.default\">\n\t\t\t\t<div class=\"elementor-widget-container\">\n\t\t\t\t\t\t\t<div class=\"elementor-spacer\">\n\t\t\t<div class=\"elementor-spacer-inner\"><\/div>\n\t\t<\/div>\n\t\t\t\t\t\t<\/div>\n\t\t\t\t<\/div>\n\t\t\t\t<div class=\"elementor-element elementor-element-c0cc6e9 elementor-widget elementor-widget-heading\" data-id=\"c0cc6e9\" data-element_type=\"widget\" data-widget_type=\"heading.default\">\n\t\t\t\t<div class=\"elementor-widget-container\">\n\t\t\t\t\t<h2 class=\"elementor-heading-title elementor-size-default\">CHUPETE: recomendaciones de uso<\/h2>\t\t\t\t<\/div>\n\t\t\t\t<\/div>\n\t\t\t\t<div class=\"elementor-element elementor-element-44ce36e elementor-widget-divider--view-line elementor-widget elementor-widget-divider\" data-id=\"44ce36e\" data-element_type=\"widget\" data-widget_type=\"divider.default\">\n\t\t\t\t<div class=\"elementor-widget-container\">\n\t\t\t\t\t\t\t<div class=\"elementor-divider\">\n\t\t\t<span class=\"elementor-divider-separator\">\n\t\t\t\t\t\t<\/span>\n\t\t<\/div>\n\t\t\t\t\t\t<\/div>\n\t\t\t\t<\/div>\n\t\t\t\t<div class=\"elementor-element elementor-element-bedf467 migasdepan elementor-widget elementor-widget-wp-widget-bcn_widget\" data-id=\"bedf467\" data-element_type=\"widget\" data-widget_type=\"wp-widget-bcn_widget.default\">\n\t\t\t\t<div class=\"elementor-widget-container\">\n\t\t\t\t\t<div class=\"breadcrumbs\" vocab=\"https:\/\/schema.org\/\" typeof=\"BreadcrumbList\"><!-- Breadcrumb NavXT 7.4.1 -->\n<span property=\"itemListElement\" typeof=\"ListItem\"><a property=\"item\" typeof=\"WebPage\" title=\"Ir a DRA. GIBERT.\" href=\"https:\/\/www.doctoragibert.com\/es\/\" class=\"home\" aria-current=\"page\"><span property=\"name\">DRA. GIBERT<\/span><\/a><meta property=\"position\" content=\"1\"><\/span><\/div>\t\t\t\t<\/div>\n\t\t\t\t<\/div>\n\t\t\t\t<div class=\"elementor-element elementor-element-d4aa7a5 elementor-widget elementor-widget-spacer\" data-id=\"d4aa7a5\" data-element_type=\"widget\" data-widget_type=\"spacer.default\">\n\t\t\t\t<div class=\"elementor-widget-container\">\n\t\t\t\t\t\t\t<div class=\"elementor-spacer\">\n\t\t\t<div class=\"elementor-spacer-inner\"><\/div>\n\t\t<\/div>\n\t\t\t\t\t\t<\/div>\n\t\t\t\t<\/div>\n\t\t\t\t\t<\/div>\n\t\t<\/div>\n\t\t\t\t\t<\/div>\n\t\t<\/section>\n\t\t\t\t<section class=\"elementor-section elementor-top-section elementor-element elementor-element-47f676b1 elementor-section-boxed elementor-section-height-default elementor-section-height-default\" data-id=\"47f676b1\" data-element_type=\"section\">\n\t\t\t\t\t\t<div class=\"elementor-container elementor-column-gap-default\">\n\t\t\t\t\t<div class=\"elementor-column elementor-col-100 elementor-top-column elementor-element elementor-element-f7a48af\" data-id=\"f7a48af\" data-element_type=\"column\">\n\t\t\t<div class=\"elementor-widget-wrap elementor-element-populated\">\n\t\t\t\t\t\t<div class=\"elementor-element elementor-element-60148348 elementor-widget elementor-widget-text-editor\" data-id=\"60148348\" data-element_type=\"widget\" data-widget_type=\"text-editor.default\">\n\t\t\t\t<div class=\"elementor-widget-container\">\n\t\t\t\t\t\t\t\t\t<p><img decoding=\"async\" class=\"alignleft size-full wp-image-9034\" src=\"https:\/\/www.doctoragibert.com\/wp-content\/uploads\/2015\/09\/db2245279f31067a8268a4d5a4ee6da4.jpg\" alt=\"db2245279f31067a8268a4d5a4ee6da4\" width=\"250\" height=\"187\" \/><\/p><p>Estudios cient\u00edficos de calidad menor hab\u00edan asociado el uso del chupete con una menor duraci\u00f3n de la lactancia materna, por ello, era pr\u00e1ctica habitual hasta hace poco desaconsejar el uso del chupete en ni\u00f1os amamantados. Si los padres lo utilizaban como \u201ctranquilizador\u201d del beb\u00e9 e incluso como analg\u00e9sico durante procesos dolorosos como la vacunaci\u00f3n, se les animaba a ofrecerles el pecho, succionar el dedo del progenitor o al contacto piel con piel, que tienen efectos similares.<\/p><p>Sin embargo, estudios recientes han constatado que <b>el uso del chupete protege del s\u00edndrome de muerte s\u00fabita del lactante<\/b>, evit\u00e1ndolo en m\u00e1s de la mitad de los casos. Asociaciones profesionales de prestigio reconocido, como la <a href=\"http:\/\/www.aap.org\/en-us\/Pages\/Default.aspx\" target=\"_blank\" rel=\"noopener\">American Academy of Pediatrics<\/a> o la <a href=\"http:\/\/www.aeped.es\/\" target=\"_blank\" rel=\"noopener\">Asociaci\u00f3n Espa\u00f1ola de Pediatr\u00eda<\/a> han decidido, tras sopesar todas las pruebas cient\u00edficas disponibles, <b>recomendar el uso del chupete por la noche y durante las siestas<\/b>, en un intento de reducir la muerte s\u00fabita. Esta recomendaci\u00f3n cobra <b>mayor fuerza en el caso de lactancia artificial<\/b>, ya que se priva al lactante de un factor protector importante: la lactancia materna.<\/p><p>En el caso de <b>lactancia materna<\/b> es mejor <b>retrasar el uso el chupete hasta despu\u00e9s de cumplido el primer mes<\/b> y no introducirlo nunca antes de los 10-15 d\u00edas de vida, esto es, hasta que la lactancia materna est\u00e9 establecida. Hay que tener en cuenta que el reci\u00e9n nacido debe aprender bien la t\u00e9cnica de la lactancia y el uso de tetinas artificiales (biberones y chupetes) pueden enlentecer su aprendizaje. Tambi\u00e9n hay que saber que no se debe forzar su uso si el beb\u00e9 lo rechaza.<\/p><p>Otro asunto de inter\u00e9s es <b>cu\u00e1ndo abandonar el chupete<\/b>, pues su uso prolongado ha sido relacionado con la maloclusi\u00f3n dentaria y mayor frecuencia de otitis, gastroenteritis y candidiasis oral. Entonces, visto que la muerte s\u00fabita del lactante baja mucho despu\u00e9s del sexto mes, el mejor momento para dejarlo de utilizar estar\u00eda <b>entre los 6 y 12 meses<\/b> de vida.<\/p><p>No hay que olvidar que la postura en la que descansa el beb\u00e9 tambi\u00e9n es importante para evitar la muerte s\u00fabita, as\u00ed, hay que ponerlo en la cuna boca arriba o, en su defecto, de lado y nunca boca abajo.<\/p><p><b>Fuentes de la informaci\u00f3n:<\/b> <i><\/i><\/p><ul><li>O\u2019Connor NR, Tanabe KO, Siadaty MS, Hauck FR. Pacifiers and Breastfeeding. A Systematic Review. Arch Pediatr Adolesc Med. 2009;163:378-82. [acceso 26-4-14].\u00a0 Disponible en: <a href=\"http:\/\/archpedi.jamanetwork.com\/article.aspx?articleid=381289\">http:\/\/archpedi.jamanetwork.com\/article.aspx?articleid=381289<\/a><\/li><li>Lozano de la Torre MJ, Pall\u00e1s Alonso CR, Hern\u00e1ndez Aguilar MT, et al. Uso del chupete y lactancia materna. An Pediatr (Barc). 2011;74:271.e1\u2014271.e5. [acceso 26-4-14].\u00a0 Disponible en: <a href=\"https:\/\/www.ihan.es\/cd\/documentos\/comite\/chupete_clm.pdf\">https:\/\/www.ihan.es\/cd\/documentos\/comite\/chupete_clm.pdf<\/a><\/li><li>Kair LR, Kenron D, Etheredge K, et al. Pacifier restriction and exclusive breastfeeding. Pediatrics. 2013;131:e1101-7. [acceso 26-4-14].\u00a0 Disponible en: <a href=\"http:\/\/pediatrics.aappublications.org\/content\/131\/4\/e1101.long\">http:\/\/pediatrics.aappublications.org\/content\/131\/4\/e1101.long<\/a><\/li><li>Goldman RD. Pacifier use in the first month of life. Can Fam Physician. 2013;59:499-500. [acceso 26-4-14].\u00a0 Disponible en: <a href=\"http:\/\/www.cfp.ca\/content\/59\/5\/499.long\">http:\/\/www.cfp.ca\/content\/59\/5\/499.long<\/a><\/li><\/ul><div class=\"clear\">\u00a0<\/div>\t\t\t\t\t\t\t\t<\/div>\n\t\t\t\t<\/div>\n\t\t\t\t\t<\/div>\n\t\t<\/div>\n\t\t\t\t\t<\/div>\n\t\t<\/section>\n\t\t\t\t<section class=\"elementor-section elementor-top-section elementor-element elementor-element-4721ed2 elementor-section-boxed elementor-section-height-default elementor-section-height-default\" data-id=\"4721ed2\" data-element_type=\"section\">\n\t\t\t\t\t\t<div class=\"elementor-container elementor-column-gap-default\">\n\t\t\t\t\t<div class=\"elementor-column elementor-col-100 elementor-top-column elementor-element elementor-element-2ccfca5\" data-id=\"2ccfca5\" data-element_type=\"column\">\n\t\t\t<div class=\"elementor-widget-wrap elementor-element-populated\">\n\t\t\t\t\t\t<div class=\"elementor-element elementor-element-166ae6f elementor-widget elementor-widget-shortcode\" data-id=\"166ae6f\" data-element_type=\"widget\" data-widget_type=\"shortcode.default\">\n\t\t\t\t<div class=\"elementor-widget-container\">\n\t\t\t\t\t\t\t<div class=\"elementor-shortcode\">[ssba-buttons]<\/div>\n\t\t\t\t\t\t<\/div>\n\t\t\t\t<\/div>\n\t\t\t\t\t<\/div>\n\t\t<\/div>\n\t\t\t\t\t<\/div>\n\t\t<\/section>\n\t\t\t\t<\/div>\n\t\t","protected":false},"excerpt":{"rendered":"<p>CHUPETE: recomendaciones de uso Estudios cient\u00edficos de calidad menor hab\u00edan asociado el uso del chupete con una menor duraci\u00f3n de la lactancia materna, por ello, era pr\u00e1ctica habitual hasta hace poco desaconsejar el uso del chupete en ni\u00f1os amamantados. Si los padres lo utilizaban como \u201ctranquilizador\u201d del beb\u00e9 e incluso como analg\u00e9sico durante procesos dolorosos [&hellip;]<\/p>\n","protected":false},"author":12,"featured_media":0,"parent":15353,"menu_order":0,"comment_status":"open","ping_status":"closed","template":"elementor_header_footer","meta":{"footnotes":""},"class_list":["post-16631","page","type-page","status-publish","hentry"],"yoast_head":"<!-- This site is optimized with the Yoast SEO plugin v25.0 - https:\/\/yoast.com\/wordpress\/plugins\/seo\/ -->\n<title>CHUPETE: recomendaciones de uso - DRA. GIBERT<\/title>\n<meta name=\"robots\" content=\"index, follow, max-snippet:-1, max-image-preview:large, max-video-preview:-1\" \/>\n<link rel=\"canonical\" href=\"https:\/\/www.doctoragibert.com\/es\/pacientes\/otros\/chupete-recomendaciones-uso\/\" \/>\n<meta property=\"og:locale\" content=\"es_ES\" \/>\n<meta property=\"og:type\" content=\"article\" \/>\n<meta property=\"og:title\" content=\"CHUPETE: recomendaciones de uso - DRA. GIBERT\" \/>\n<meta property=\"og:description\" content=\"CHUPETE: recomendaciones de uso Estudios cient\u00edficos de calidad menor hab\u00edan asociado el uso del chupete con una menor duraci\u00f3n de la lactancia materna, por ello, era pr\u00e1ctica habitual hasta hace poco desaconsejar el uso del chupete en ni\u00f1os amamantados. Si los padres lo utilizaban como \u201ctranquilizador\u201d del beb\u00e9 e incluso como analg\u00e9sico durante procesos dolorosos [&hellip;]\" \/>\n<meta property=\"og:url\" content=\"https:\/\/www.doctoragibert.com\/es\/pacientes\/otros\/chupete-recomendaciones-uso\/\" \/>\n<meta property=\"og:site_name\" content=\"DRA. GIBERT\" \/>\n<meta property=\"article:publisher\" content=\"https:\/\/www.facebook.com\/doctoragibert\" \/>\n<meta property=\"article:modified_time\" content=\"2021-08-26T12:06:56+00:00\" \/>\n<meta property=\"og:image\" content=\"https:\/\/www.doctoragibert.com\/wp-content\/uploads\/2015\/09\/db2245279f31067a8268a4d5a4ee6da4.jpg\" \/>\n<meta name=\"twitter:label1\" content=\"Tiempo de lectura\" \/>\n\t<meta name=\"twitter:data1\" content=\"4 minutos\" \/>\n<script type=\"application\/ld+json\" class=\"yoast-schema-graph\">{\"@context\":\"https:\/\/schema.org\",\"@graph\":[{\"@type\":\"WebPage\",\"@id\":\"https:\/\/www.doctoragibert.com\/es\/pacientes\/otros\/chupete-recomendaciones-uso\/\",\"url\":\"https:\/\/www.doctoragibert.com\/es\/pacientes\/otros\/chupete-recomendaciones-uso\/\",\"name\":\"CHUPETE: recomendaciones de uso - DRA. GIBERT\",\"isPartOf\":{\"@id\":\"https:\/\/www.doctoragibert.com\/es\/#website\"},\"primaryImageOfPage\":{\"@id\":\"https:\/\/www.doctoragibert.com\/es\/pacientes\/otros\/chupete-recomendaciones-uso\/#primaryimage\"},\"image\":{\"@id\":\"https:\/\/www.doctoragibert.com\/es\/pacientes\/otros\/chupete-recomendaciones-uso\/#primaryimage\"},\"thumbnailUrl\":\"https:\/\/www.doctoragibert.com\/wp-content\/uploads\/2015\/09\/db2245279f31067a8268a4d5a4ee6da4.jpg\",\"datePublished\":\"2015-09-29T14:43:51+00:00\",\"dateModified\":\"2021-08-26T12:06:56+00:00\",\"breadcrumb\":{\"@id\":\"https:\/\/www.doctoragibert.com\/es\/pacientes\/otros\/chupete-recomendaciones-uso\/#breadcrumb\"},\"inLanguage\":\"es\",\"potentialAction\":[{\"@type\":\"ReadAction\",\"target\":[\"https:\/\/www.doctoragibert.com\/es\/pacientes\/otros\/chupete-recomendaciones-uso\/\"]}]},{\"@type\":\"ImageObject\",\"inLanguage\":\"es\",\"@id\":\"https:\/\/www.doctoragibert.com\/es\/pacientes\/otros\/chupete-recomendaciones-uso\/#primaryimage\",\"url\":\"https:\/\/www.doctoragibert.com\/wp-content\/uploads\/2015\/09\/db2245279f31067a8268a4d5a4ee6da4.jpg\",\"contentUrl\":\"https:\/\/www.doctoragibert.com\/wp-content\/uploads\/2015\/09\/db2245279f31067a8268a4d5a4ee6da4.jpg\"},{\"@type\":\"BreadcrumbList\",\"@id\":\"https:\/\/www.doctoragibert.com\/es\/pacientes\/otros\/chupete-recomendaciones-uso\/#breadcrumb\",\"itemListElement\":[{\"@type\":\"ListItem\",\"position\":1,\"name\":\"PACIENTES\",\"item\":\"https:\/\/www.doctoragibert.com\/es\/pacientes\/\"},{\"@type\":\"ListItem\",\"position\":2,\"name\":\"OTROS\",\"item\":\"https:\/\/www.doctoragibert.com\/es\/pacientes\/otros\/\"},{\"@type\":\"ListItem\",\"position\":3,\"name\":\"CHUPETE: recomendaciones de uso\"}]},{\"@type\":\"WebSite\",\"@id\":\"https:\/\/www.doctoragibert.com\/es\/#website\",\"url\":\"https:\/\/www.doctoragibert.com\/es\/\",\"name\":\"DRA. GIBERT\",\"description\":\"Ginecologia i obstetricia\",\"potentialAction\":[{\"@type\":\"SearchAction\",\"target\":{\"@type\":\"EntryPoint\",\"urlTemplate\":\"https:\/\/www.doctoragibert.com\/es\/?s={search_term_string}\"},\"query-input\":{\"@type\":\"PropertyValueSpecification\",\"valueRequired\":true,\"valueName\":\"search_term_string\"}}],\"inLanguage\":\"es\"}]}<\/script>\n<!-- \/ Yoast SEO plugin. -->","yoast_head_json":{"title":"CHUPETE: recomendaciones de uso - DRA. GIBERT","robots":{"index":"index","follow":"follow","max-snippet":"max-snippet:-1","max-image-preview":"max-image-preview:large","max-video-preview":"max-video-preview:-1"},"canonical":"https:\/\/www.doctoragibert.com\/es\/pacientes\/otros\/chupete-recomendaciones-uso\/","og_locale":"es_ES","og_type":"article","og_title":"CHUPETE: recomendaciones de uso - DRA. GIBERT","og_description":"CHUPETE: recomendaciones de uso Estudios cient\u00edficos de calidad menor hab\u00edan asociado el uso del chupete con una menor duraci\u00f3n de la lactancia materna, por ello, era pr\u00e1ctica habitual hasta hace poco desaconsejar el uso del chupete en ni\u00f1os amamantados. Si los padres lo utilizaban como \u201ctranquilizador\u201d del beb\u00e9 e incluso como analg\u00e9sico durante procesos dolorosos [&hellip;]","og_url":"https:\/\/www.doctoragibert.com\/es\/pacientes\/otros\/chupete-recomendaciones-uso\/","og_site_name":"DRA. GIBERT","article_publisher":"https:\/\/www.facebook.com\/doctoragibert","article_modified_time":"2021-08-26T12:06:56+00:00","og_image":[{"url":"https:\/\/www.doctoragibert.com\/wp-content\/uploads\/2015\/09\/db2245279f31067a8268a4d5a4ee6da4.jpg","type":"","width":"","height":""}],"twitter_misc":{"Tiempo de lectura":"4 minutos"},"schema":{"@context":"https:\/\/schema.org","@graph":[{"@type":"WebPage","@id":"https:\/\/www.doctoragibert.com\/es\/pacientes\/otros\/chupete-recomendaciones-uso\/","url":"https:\/\/www.doctoragibert.com\/es\/pacientes\/otros\/chupete-recomendaciones-uso\/","name":"CHUPETE: recomendaciones de uso - DRA. GIBERT","isPartOf":{"@id":"https:\/\/www.doctoragibert.com\/es\/#website"},"primaryImageOfPage":{"@id":"https:\/\/www.doctoragibert.com\/es\/pacientes\/otros\/chupete-recomendaciones-uso\/#primaryimage"},"image":{"@id":"https:\/\/www.doctoragibert.com\/es\/pacientes\/otros\/chupete-recomendaciones-uso\/#primaryimage"},"thumbnailUrl":"https:\/\/www.doctoragibert.com\/wp-content\/uploads\/2015\/09\/db2245279f31067a8268a4d5a4ee6da4.jpg","datePublished":"2015-09-29T14:43:51+00:00","dateModified":"2021-08-26T12:06:56+00:00","breadcrumb":{"@id":"https:\/\/www.doctoragibert.com\/es\/pacientes\/otros\/chupete-recomendaciones-uso\/#breadcrumb"},"inLanguage":"es","potentialAction":[{"@type":"ReadAction","target":["https:\/\/www.doctoragibert.com\/es\/pacientes\/otros\/chupete-recomendaciones-uso\/"]}]},{"@type":"ImageObject","inLanguage":"es","@id":"https:\/\/www.doctoragibert.com\/es\/pacientes\/otros\/chupete-recomendaciones-uso\/#primaryimage","url":"https:\/\/www.doctoragibert.com\/wp-content\/uploads\/2015\/09\/db2245279f31067a8268a4d5a4ee6da4.jpg","contentUrl":"https:\/\/www.doctoragibert.com\/wp-content\/uploads\/2015\/09\/db2245279f31067a8268a4d5a4ee6da4.jpg"},{"@type":"BreadcrumbList","@id":"https:\/\/www.doctoragibert.com\/es\/pacientes\/otros\/chupete-recomendaciones-uso\/#breadcrumb","itemListElement":[{"@type":"ListItem","position":1,"name":"PACIENTES","item":"https:\/\/www.doctoragibert.com\/es\/pacientes\/"},{"@type":"ListItem","position":2,"name":"OTROS","item":"https:\/\/www.doctoragibert.com\/es\/pacientes\/otros\/"},{"@type":"ListItem","position":3,"name":"CHUPETE: recomendaciones de uso"}]},{"@type":"WebSite","@id":"https:\/\/www.doctoragibert.com\/es\/#website","url":"https:\/\/www.doctoragibert.com\/es\/","name":"DRA. GIBERT","description":"Ginecologia i obstetricia","potentialAction":[{"@type":"SearchAction","target":{"@type":"EntryPoint","urlTemplate":"https:\/\/www.doctoragibert.com\/es\/?s={search_term_string}"},"query-input":{"@type":"PropertyValueSpecification","valueRequired":true,"valueName":"search_term_string"}}],"inLanguage":"es"}]}},"_links":{"self":[{"href":"https:\/\/www.doctoragibert.com\/es\/wp-json\/wp\/v2\/pages\/16631","targetHints":{"allow":["GET"]}}],"collection":[{"href":"https:\/\/www.doctoragibert.com\/es\/wp-json\/wp\/v2\/pages"}],"about":[{"href":"https:\/\/www.doctoragibert.com\/es\/wp-json\/wp\/v2\/types\/page"}],"author":[{"embeddable":true,"href":"https:\/\/www.doctoragibert.com\/es\/wp-json\/wp\/v2\/users\/12"}],"replies":[{"embeddable":true,"href":"https:\/\/www.doctoragibert.com\/es\/wp-json\/wp\/v2\/comments?post=16631"}],"version-history":[{"count":5,"href":"https:\/\/www.doctoragibert.com\/es\/wp-json\/wp\/v2\/pages\/16631\/revisions"}],"predecessor-version":[{"id":16704,"href":"https:\/\/www.doctoragibert.com\/es\/wp-json\/wp\/v2\/pages\/16631\/revisions\/16704"}],"up":[{"embeddable":true,"href":"https:\/\/www.doctoragibert.com\/es\/wp-json\/wp\/v2\/pages\/15353"}],"wp:attachment":[{"href":"https:\/\/www.doctoragibert.com\/es\/wp-json\/wp\/v2\/media?parent=16631"}],"curies":[{"name":"wp","href":"https:\/\/api.w.org\/{rel}","templated":true}]}}