{"id":16670,"date":"2015-09-29T11:15:08","date_gmt":"2015-09-29T11:15:08","guid":{"rendered":"https:\/\/www.doctoragibert.com\/pacientes\/otros\/lactancia-artificial-ni-esterilitzar-biberons-ni-malgastar-llet\/"},"modified":"2021-08-23T13:05:45","modified_gmt":"2021-08-23T13:05:45","slug":"lactancia-artificial-ni-esterilizar-biberones-ni-malgastar-leche","status":"publish","type":"page","link":"https:\/\/www.doctoragibert.com\/es\/pacientes\/otros\/lactancia-artificial-ni-esterilizar-biberones-ni-malgastar-leche\/","title":{"rendered":"LACTANCIA ARTIFICIAL: ni esterilizar biberones, ni malgastar leche"},"content":{"rendered":"\t\t<div data-elementor-type=\"wp-page\" data-elementor-id=\"16670\" class=\"elementor elementor-16670 elementor-9003\">\n\t\t\t\t\t\t<section class=\"elementor-section elementor-top-section elementor-element elementor-element-b5165f7 elementor-section-boxed elementor-section-height-default elementor-section-height-default\" data-id=\"b5165f7\" data-element_type=\"section\" data-settings=\"{&quot;background_background&quot;:&quot;classic&quot;}\">\n\t\t\t\t\t\t<div class=\"elementor-container elementor-column-gap-default\">\n\t\t\t\t\t<div class=\"elementor-column elementor-col-100 elementor-top-column elementor-element elementor-element-18bd091\" data-id=\"18bd091\" data-element_type=\"column\">\n\t\t\t<div class=\"elementor-widget-wrap elementor-element-populated\">\n\t\t\t\t\t\t<div class=\"elementor-element elementor-element-b19b143 elementor-widget elementor-widget-spacer\" data-id=\"b19b143\" data-element_type=\"widget\" data-widget_type=\"spacer.default\">\n\t\t\t\t<div class=\"elementor-widget-container\">\n\t\t\t\t\t\t\t<div class=\"elementor-spacer\">\n\t\t\t<div class=\"elementor-spacer-inner\"><\/div>\n\t\t<\/div>\n\t\t\t\t\t\t<\/div>\n\t\t\t\t<\/div>\n\t\t\t\t<div class=\"elementor-element elementor-element-21a3d11 elementor-widget elementor-widget-heading\" data-id=\"21a3d11\" data-element_type=\"widget\" data-widget_type=\"heading.default\">\n\t\t\t\t<div class=\"elementor-widget-container\">\n\t\t\t\t\t<h2 class=\"elementor-heading-title elementor-size-default\">LACTANCIA ARTIFICIAL: ni esterilizar biberones, ni malgastar leche<\/h2>\t\t\t\t<\/div>\n\t\t\t\t<\/div>\n\t\t\t\t<div class=\"elementor-element elementor-element-b178744 elementor-widget-divider--view-line elementor-widget elementor-widget-divider\" data-id=\"b178744\" data-element_type=\"widget\" data-widget_type=\"divider.default\">\n\t\t\t\t<div class=\"elementor-widget-container\">\n\t\t\t\t\t\t\t<div class=\"elementor-divider\">\n\t\t\t<span class=\"elementor-divider-separator\">\n\t\t\t\t\t\t<\/span>\n\t\t<\/div>\n\t\t\t\t\t\t<\/div>\n\t\t\t\t<\/div>\n\t\t\t\t<div class=\"elementor-element elementor-element-e11d86e migasdepan elementor-widget elementor-widget-wp-widget-bcn_widget\" data-id=\"e11d86e\" data-element_type=\"widget\" data-widget_type=\"wp-widget-bcn_widget.default\">\n\t\t\t\t<div class=\"elementor-widget-container\">\n\t\t\t\t\t<div class=\"breadcrumbs\" vocab=\"https:\/\/schema.org\/\" typeof=\"BreadcrumbList\"><!-- Breadcrumb NavXT 7.4.1 -->\n<span property=\"itemListElement\" typeof=\"ListItem\"><a property=\"item\" typeof=\"WebPage\" title=\"Ir a DRA. GIBERT.\" href=\"https:\/\/www.doctoragibert.com\/es\/\" class=\"home\" aria-current=\"page\"><span property=\"name\">DRA. GIBERT<\/span><\/a><meta property=\"position\" content=\"1\"><\/span><\/div>\t\t\t\t<\/div>\n\t\t\t\t<\/div>\n\t\t\t\t<div class=\"elementor-element elementor-element-5859921 elementor-widget elementor-widget-spacer\" data-id=\"5859921\" data-element_type=\"widget\" data-widget_type=\"spacer.default\">\n\t\t\t\t<div class=\"elementor-widget-container\">\n\t\t\t\t\t\t\t<div class=\"elementor-spacer\">\n\t\t\t<div class=\"elementor-spacer-inner\"><\/div>\n\t\t<\/div>\n\t\t\t\t\t\t<\/div>\n\t\t\t\t<\/div>\n\t\t\t\t\t<\/div>\n\t\t<\/div>\n\t\t\t\t\t<\/div>\n\t\t<\/section>\n\t\t\t\t<section class=\"elementor-section elementor-top-section elementor-element elementor-element-4f24657b elementor-section-boxed elementor-section-height-default elementor-section-height-default\" data-id=\"4f24657b\" data-element_type=\"section\">\n\t\t\t\t\t\t<div class=\"elementor-container elementor-column-gap-default\">\n\t\t\t\t\t<div class=\"elementor-column elementor-col-100 elementor-top-column elementor-element elementor-element-5b5ae92e\" data-id=\"5b5ae92e\" data-element_type=\"column\">\n\t\t\t<div class=\"elementor-widget-wrap elementor-element-populated\">\n\t\t\t\t\t\t<div class=\"elementor-element elementor-element-7499268f elementor-widget elementor-widget-text-editor\" data-id=\"7499268f\" data-element_type=\"widget\" data-widget_type=\"text-editor.default\">\n\t\t\t\t<div class=\"elementor-widget-container\">\n\t\t\t\t\t\t\t\t\t<p><img fetchpriority=\"high\" decoding=\"async\" class=\"alignleft size-full wp-image-9004\" src=\"https:\/\/www.doctoragibert.com\/wp-content\/uploads\/2015\/09\/044ad854c933174c17bef444fff120b2.jpg\" alt=\"044ad854c933174c17bef444fff120b2\" width=\"250\" height=\"211\" \/><\/p><p>Cuando el agua que se usaba en los hogares no era siempre potable, ni se dispon\u00eda de agua embotellada, ni todos ten\u00edamos nevera, era importante esterilizar biberones y chupetes. Con la mejora de las condiciones higi\u00e9nicas, se ha podido demostrar que\u00a0<b>la contaminaci\u00f3n bacteriana es similar tanto si lavamos como si esterilizamos<\/b>\u00a0y, adem\u00e1s, la probabilidad de que nuestro beb\u00e9 sufra diarreas (gastroenteritis) es tambi\u00e9n por el estilo. As\u00ed, la\u00a0<a href=\"http:\/\/www.aap.org\/en-us\/Pages\/Default.aspx\">Academia Americana de Pediatr\u00eda\u00a0<\/a>aconseja:<\/p><ul><li>Lavar y aclarar la parte superior del recipiente de la leche de f\u00f3rmula antes de abrirlo. Asegurarse de que los utensilios que utilizamos para abrirlo est\u00e9n bien limpios.<\/li><li><b>Lavarse las manos<\/b>\u00a0antes de preparar la leche de f\u00f3rmula y antes de dar el biber\u00f3n a nuestro hijo.<\/li><li><b>Utilizar agua del grifo<\/b>\u00a0directamente y mezclarla con un cacito raso de leche en polvo por cada 30 mL, as\u00ed la leche estar\u00e1 a temperatura ambiente y no necesitar\u00e1 ni enfriarse ni calentarse. S\u00f3lo si las condiciones higi\u00e9nicas de este agua fueran dudosas, recurrir\u00edamos al agua embotellada, o tambi\u00e9n se podr\u00eda hervir el agua durante 1 minuto, no m\u00e1s, y dejar enfriar no m\u00e1s de 30 minutos antes de su uso.<\/li><li>Hervir el biber\u00f3n s\u00f3lo una vez en el momento de su adquisici\u00f3n y despu\u00e9s\u00a0<b>son suficientes los lavados con agua jabonosa caliente y aclarar bien<\/b>. Otra opci\u00f3n es lavarlos con el lavavajillas, siempre que \u00e9ste use agua caliente. Si los biberones son de usar y tirar, hay que hacer lo mismo con sus tetinas.<\/li><li>Una vez la f\u00f3rmula se haya reconstituido, puede guardarse:\u00a0<b>hasta 1 hora<\/b>\u00a0despu\u00e9s de que el ni\u00f1o haya iniciado su toma;\u00a0<b>hasta 24 horas<\/b>\u00a0en la nevera, siempre que el ni\u00f1o no haya empezado a tomarla; y\u00a0<b>hasta 48 horas<\/b>, si abrimos un envase de una f\u00f3rmula concentrada o de leche lista para usar, siempre que el envase se cubra y refrigere.<\/li><\/ul><p>Esperamos que estos sencillos consejos os ayuden a ahorrar tiempo y gastos innecesarios en artilugios para esterilizar, sin perjudicar en absoluto la salud de vuestro beb\u00e9.<\/p><p><b>Fuentes de la informaci\u00f3n:<\/b> <i><\/i><\/p><ul><li>Alcover Bloch E, Garc\u00eda-Tornel Florensa S. La esterilizaci\u00f3n de biberones, tetinas y agua: \u00bfPor qu\u00e9 hacemos trabajar a las madres m\u00e1s de la cuenta? An Esp Pediatr. 1996;44:524-5.\u00a0[acceso 23-3-14].\u00a0Disponible en:\u00a0<a href=\"https:\/\/www.aeped.es\/sites\/default\/files\/anales\/44-5-32.pdf\" target=\"_blank\" rel=\"noopener\">https:\/\/www.aeped.es\/sites\/default\/files\/anales\/44-5-32.pdf<\/a><\/li><li>Sterilizing and Warming Bottles [acceso 23-3-14]. Disponible en: <a href=\"http:\/\/www.healthychildren.org\/English\/ages-stages\/baby\/feeding-nutrition\/Pages\/Sterilizing-and-Warming-Bottles.aspx\" target=\"_blank\" rel=\"noopener\">http:\/\/www.healthychildren.org\/English\/ages-stages\/baby\/feeding-nutrition\/Pages\/Sterilizing-and-Warming-Bottles.aspx<\/a><\/li><\/ul><div class=\"clear\">\u00a0<\/div>\t\t\t\t\t\t\t\t<\/div>\n\t\t\t\t<\/div>\n\t\t\t\t\t<\/div>\n\t\t<\/div>\n\t\t\t\t\t<\/div>\n\t\t<\/section>\n\t\t\t\t<section class=\"elementor-section elementor-top-section elementor-element elementor-element-11b16d5 elementor-section-boxed elementor-section-height-default elementor-section-height-default\" data-id=\"11b16d5\" data-element_type=\"section\">\n\t\t\t\t\t\t<div class=\"elementor-container elementor-column-gap-default\">\n\t\t\t\t\t<div class=\"elementor-column elementor-col-100 elementor-top-column elementor-element elementor-element-ef04b60\" data-id=\"ef04b60\" data-element_type=\"column\">\n\t\t\t<div class=\"elementor-widget-wrap elementor-element-populated\">\n\t\t\t\t\t\t<div class=\"elementor-element elementor-element-50f56f5 elementor-widget elementor-widget-shortcode\" data-id=\"50f56f5\" data-element_type=\"widget\" data-widget_type=\"shortcode.default\">\n\t\t\t\t<div class=\"elementor-widget-container\">\n\t\t\t\t\t\t\t<div class=\"elementor-shortcode\">[ssba-buttons]<\/div>\n\t\t\t\t\t\t<\/div>\n\t\t\t\t<\/div>\n\t\t\t\t\t<\/div>\n\t\t<\/div>\n\t\t\t\t\t<\/div>\n\t\t<\/section>\n\t\t\t\t<\/div>\n\t\t","protected":false},"excerpt":{"rendered":"<p>LACTANCIA ARTIFICIAL: ni esterilizar biberones, ni malgastar leche Cuando el agua que se usaba en los hogares no era siempre potable, ni se dispon\u00eda de agua embotellada, ni todos ten\u00edamos nevera, era importante esterilizar biberones y chupetes. Con la mejora de las condiciones higi\u00e9nicas, se ha podido demostrar que\u00a0la contaminaci\u00f3n bacteriana es similar tanto si [&hellip;]<\/p>\n","protected":false},"author":12,"featured_media":0,"parent":15353,"menu_order":0,"comment_status":"open","ping_status":"closed","template":"elementor_header_footer","meta":{"footnotes":""},"class_list":["post-16670","page","type-page","status-publish","hentry"],"yoast_head":"<!-- This site is optimized with the Yoast SEO plugin v25.0 - https:\/\/yoast.com\/wordpress\/plugins\/seo\/ -->\n<title>LACTANCIA ARTIFICIAL: ni esterilizar biberones, ni malgastar leche - DRA. GIBERT<\/title>\n<meta name=\"robots\" content=\"index, follow, max-snippet:-1, max-image-preview:large, max-video-preview:-1\" \/>\n<link rel=\"canonical\" href=\"https:\/\/www.doctoragibert.com\/es\/pacientes\/otros\/lactancia-artificial-ni-esterilizar-biberones-ni-malgastar-leche\/\" \/>\n<meta property=\"og:locale\" content=\"es_ES\" \/>\n<meta property=\"og:type\" content=\"article\" \/>\n<meta property=\"og:title\" content=\"LACTANCIA ARTIFICIAL: ni esterilizar biberones, ni malgastar leche - DRA. GIBERT\" \/>\n<meta property=\"og:description\" content=\"LACTANCIA ARTIFICIAL: ni esterilizar biberones, ni malgastar leche Cuando el agua que se usaba en los hogares no era siempre potable, ni se dispon\u00eda de agua embotellada, ni todos ten\u00edamos nevera, era importante esterilizar biberones y chupetes. Con la mejora de las condiciones higi\u00e9nicas, se ha podido demostrar que\u00a0la contaminaci\u00f3n bacteriana es similar tanto si [&hellip;]\" \/>\n<meta property=\"og:url\" content=\"https:\/\/www.doctoragibert.com\/es\/pacientes\/otros\/lactancia-artificial-ni-esterilizar-biberones-ni-malgastar-leche\/\" \/>\n<meta property=\"og:site_name\" content=\"DRA. GIBERT\" \/>\n<meta property=\"article:publisher\" content=\"https:\/\/www.facebook.com\/doctoragibert\" \/>\n<meta property=\"article:modified_time\" content=\"2021-08-23T13:05:45+00:00\" \/>\n<meta property=\"og:image\" content=\"https:\/\/www.doctoragibert.com\/wp-content\/uploads\/2015\/09\/044ad854c933174c17bef444fff120b2.jpg\" \/>\n<meta name=\"twitter:label1\" content=\"Tiempo de lectura\" \/>\n\t<meta name=\"twitter:data1\" content=\"3 minutos\" \/>\n<script type=\"application\/ld+json\" class=\"yoast-schema-graph\">{\"@context\":\"https:\/\/schema.org\",\"@graph\":[{\"@type\":\"WebPage\",\"@id\":\"https:\/\/www.doctoragibert.com\/es\/pacientes\/otros\/lactancia-artificial-ni-esterilizar-biberones-ni-malgastar-leche\/\",\"url\":\"https:\/\/www.doctoragibert.com\/es\/pacientes\/otros\/lactancia-artificial-ni-esterilizar-biberones-ni-malgastar-leche\/\",\"name\":\"LACTANCIA ARTIFICIAL: ni esterilizar biberones, ni malgastar leche - DRA. GIBERT\",\"isPartOf\":{\"@id\":\"https:\/\/www.doctoragibert.com\/es\/#website\"},\"primaryImageOfPage\":{\"@id\":\"https:\/\/www.doctoragibert.com\/es\/pacientes\/otros\/lactancia-artificial-ni-esterilizar-biberones-ni-malgastar-leche\/#primaryimage\"},\"image\":{\"@id\":\"https:\/\/www.doctoragibert.com\/es\/pacientes\/otros\/lactancia-artificial-ni-esterilizar-biberones-ni-malgastar-leche\/#primaryimage\"},\"thumbnailUrl\":\"https:\/\/www.doctoragibert.com\/wp-content\/uploads\/2015\/09\/044ad854c933174c17bef444fff120b2.jpg\",\"datePublished\":\"2015-09-29T11:15:08+00:00\",\"dateModified\":\"2021-08-23T13:05:45+00:00\",\"breadcrumb\":{\"@id\":\"https:\/\/www.doctoragibert.com\/es\/pacientes\/otros\/lactancia-artificial-ni-esterilizar-biberones-ni-malgastar-leche\/#breadcrumb\"},\"inLanguage\":\"es\",\"potentialAction\":[{\"@type\":\"ReadAction\",\"target\":[\"https:\/\/www.doctoragibert.com\/es\/pacientes\/otros\/lactancia-artificial-ni-esterilizar-biberones-ni-malgastar-leche\/\"]}]},{\"@type\":\"ImageObject\",\"inLanguage\":\"es\",\"@id\":\"https:\/\/www.doctoragibert.com\/es\/pacientes\/otros\/lactancia-artificial-ni-esterilizar-biberones-ni-malgastar-leche\/#primaryimage\",\"url\":\"https:\/\/www.doctoragibert.com\/wp-content\/uploads\/2015\/09\/044ad854c933174c17bef444fff120b2.jpg\",\"contentUrl\":\"https:\/\/www.doctoragibert.com\/wp-content\/uploads\/2015\/09\/044ad854c933174c17bef444fff120b2.jpg\"},{\"@type\":\"BreadcrumbList\",\"@id\":\"https:\/\/www.doctoragibert.com\/es\/pacientes\/otros\/lactancia-artificial-ni-esterilizar-biberones-ni-malgastar-leche\/#breadcrumb\",\"itemListElement\":[{\"@type\":\"ListItem\",\"position\":1,\"name\":\"PACIENTES\",\"item\":\"https:\/\/www.doctoragibert.com\/es\/pacientes\/\"},{\"@type\":\"ListItem\",\"position\":2,\"name\":\"OTROS\",\"item\":\"https:\/\/www.doctoragibert.com\/es\/pacientes\/otros\/\"},{\"@type\":\"ListItem\",\"position\":3,\"name\":\"LACTANCIA ARTIFICIAL: ni esterilizar biberones, ni malgastar leche\"}]},{\"@type\":\"WebSite\",\"@id\":\"https:\/\/www.doctoragibert.com\/es\/#website\",\"url\":\"https:\/\/www.doctoragibert.com\/es\/\",\"name\":\"DRA. GIBERT\",\"description\":\"Ginecologia i obstetricia\",\"potentialAction\":[{\"@type\":\"SearchAction\",\"target\":{\"@type\":\"EntryPoint\",\"urlTemplate\":\"https:\/\/www.doctoragibert.com\/es\/?s={search_term_string}\"},\"query-input\":{\"@type\":\"PropertyValueSpecification\",\"valueRequired\":true,\"valueName\":\"search_term_string\"}}],\"inLanguage\":\"es\"}]}<\/script>\n<!-- \/ Yoast SEO plugin. -->","yoast_head_json":{"title":"LACTANCIA ARTIFICIAL: ni esterilizar biberones, ni malgastar leche - DRA. GIBERT","robots":{"index":"index","follow":"follow","max-snippet":"max-snippet:-1","max-image-preview":"max-image-preview:large","max-video-preview":"max-video-preview:-1"},"canonical":"https:\/\/www.doctoragibert.com\/es\/pacientes\/otros\/lactancia-artificial-ni-esterilizar-biberones-ni-malgastar-leche\/","og_locale":"es_ES","og_type":"article","og_title":"LACTANCIA ARTIFICIAL: ni esterilizar biberones, ni malgastar leche - DRA. GIBERT","og_description":"LACTANCIA ARTIFICIAL: ni esterilizar biberones, ni malgastar leche Cuando el agua que se usaba en los hogares no era siempre potable, ni se dispon\u00eda de agua embotellada, ni todos ten\u00edamos nevera, era importante esterilizar biberones y chupetes. Con la mejora de las condiciones higi\u00e9nicas, se ha podido demostrar que\u00a0la contaminaci\u00f3n bacteriana es similar tanto si [&hellip;]","og_url":"https:\/\/www.doctoragibert.com\/es\/pacientes\/otros\/lactancia-artificial-ni-esterilizar-biberones-ni-malgastar-leche\/","og_site_name":"DRA. GIBERT","article_publisher":"https:\/\/www.facebook.com\/doctoragibert","article_modified_time":"2021-08-23T13:05:45+00:00","og_image":[{"url":"https:\/\/www.doctoragibert.com\/wp-content\/uploads\/2015\/09\/044ad854c933174c17bef444fff120b2.jpg","type":"","width":"","height":""}],"twitter_misc":{"Tiempo de lectura":"3 minutos"},"schema":{"@context":"https:\/\/schema.org","@graph":[{"@type":"WebPage","@id":"https:\/\/www.doctoragibert.com\/es\/pacientes\/otros\/lactancia-artificial-ni-esterilizar-biberones-ni-malgastar-leche\/","url":"https:\/\/www.doctoragibert.com\/es\/pacientes\/otros\/lactancia-artificial-ni-esterilizar-biberones-ni-malgastar-leche\/","name":"LACTANCIA ARTIFICIAL: ni esterilizar biberones, ni malgastar leche - DRA. GIBERT","isPartOf":{"@id":"https:\/\/www.doctoragibert.com\/es\/#website"},"primaryImageOfPage":{"@id":"https:\/\/www.doctoragibert.com\/es\/pacientes\/otros\/lactancia-artificial-ni-esterilizar-biberones-ni-malgastar-leche\/#primaryimage"},"image":{"@id":"https:\/\/www.doctoragibert.com\/es\/pacientes\/otros\/lactancia-artificial-ni-esterilizar-biberones-ni-malgastar-leche\/#primaryimage"},"thumbnailUrl":"https:\/\/www.doctoragibert.com\/wp-content\/uploads\/2015\/09\/044ad854c933174c17bef444fff120b2.jpg","datePublished":"2015-09-29T11:15:08+00:00","dateModified":"2021-08-23T13:05:45+00:00","breadcrumb":{"@id":"https:\/\/www.doctoragibert.com\/es\/pacientes\/otros\/lactancia-artificial-ni-esterilizar-biberones-ni-malgastar-leche\/#breadcrumb"},"inLanguage":"es","potentialAction":[{"@type":"ReadAction","target":["https:\/\/www.doctoragibert.com\/es\/pacientes\/otros\/lactancia-artificial-ni-esterilizar-biberones-ni-malgastar-leche\/"]}]},{"@type":"ImageObject","inLanguage":"es","@id":"https:\/\/www.doctoragibert.com\/es\/pacientes\/otros\/lactancia-artificial-ni-esterilizar-biberones-ni-malgastar-leche\/#primaryimage","url":"https:\/\/www.doctoragibert.com\/wp-content\/uploads\/2015\/09\/044ad854c933174c17bef444fff120b2.jpg","contentUrl":"https:\/\/www.doctoragibert.com\/wp-content\/uploads\/2015\/09\/044ad854c933174c17bef444fff120b2.jpg"},{"@type":"BreadcrumbList","@id":"https:\/\/www.doctoragibert.com\/es\/pacientes\/otros\/lactancia-artificial-ni-esterilizar-biberones-ni-malgastar-leche\/#breadcrumb","itemListElement":[{"@type":"ListItem","position":1,"name":"PACIENTES","item":"https:\/\/www.doctoragibert.com\/es\/pacientes\/"},{"@type":"ListItem","position":2,"name":"OTROS","item":"https:\/\/www.doctoragibert.com\/es\/pacientes\/otros\/"},{"@type":"ListItem","position":3,"name":"LACTANCIA ARTIFICIAL: ni esterilizar biberones, ni malgastar leche"}]},{"@type":"WebSite","@id":"https:\/\/www.doctoragibert.com\/es\/#website","url":"https:\/\/www.doctoragibert.com\/es\/","name":"DRA. GIBERT","description":"Ginecologia i obstetricia","potentialAction":[{"@type":"SearchAction","target":{"@type":"EntryPoint","urlTemplate":"https:\/\/www.doctoragibert.com\/es\/?s={search_term_string}"},"query-input":{"@type":"PropertyValueSpecification","valueRequired":true,"valueName":"search_term_string"}}],"inLanguage":"es"}]}},"_links":{"self":[{"href":"https:\/\/www.doctoragibert.com\/es\/wp-json\/wp\/v2\/pages\/16670","targetHints":{"allow":["GET"]}}],"collection":[{"href":"https:\/\/www.doctoragibert.com\/es\/wp-json\/wp\/v2\/pages"}],"about":[{"href":"https:\/\/www.doctoragibert.com\/es\/wp-json\/wp\/v2\/types\/page"}],"author":[{"embeddable":true,"href":"https:\/\/www.doctoragibert.com\/es\/wp-json\/wp\/v2\/users\/12"}],"replies":[{"embeddable":true,"href":"https:\/\/www.doctoragibert.com\/es\/wp-json\/wp\/v2\/comments?post=16670"}],"version-history":[{"count":5,"href":"https:\/\/www.doctoragibert.com\/es\/wp-json\/wp\/v2\/pages\/16670\/revisions"}],"predecessor-version":[{"id":16680,"href":"https:\/\/www.doctoragibert.com\/es\/wp-json\/wp\/v2\/pages\/16670\/revisions\/16680"}],"up":[{"embeddable":true,"href":"https:\/\/www.doctoragibert.com\/es\/wp-json\/wp\/v2\/pages\/15353"}],"wp:attachment":[{"href":"https:\/\/www.doctoragibert.com\/es\/wp-json\/wp\/v2\/media?parent=16670"}],"curies":[{"name":"wp","href":"https:\/\/api.w.org\/{rel}","templated":true}]}}