{"id":16693,"date":"2015-11-03T16:12:44","date_gmt":"2015-11-03T16:12:44","guid":{"rendered":"https:\/\/www.doctoragibert.com\/pacientes\/otros\/autopresa-de-fluix-vaginal-si-sospitam-infeccio\/"},"modified":"2021-08-26T12:05:26","modified_gmt":"2021-08-26T12:05:26","slug":"autotoma-flujo-vaginal-si-sospechamos-infeccion","status":"publish","type":"page","link":"https:\/\/www.doctoragibert.com\/es\/pacientes\/otros\/autotoma-flujo-vaginal-si-sospechamos-infeccion\/","title":{"rendered":"AUTOTOMA DE FLUJO VAGINAL: si sospechamos infecci\u00f3n"},"content":{"rendered":"\t\t<div data-elementor-type=\"wp-page\" data-elementor-id=\"16693\" class=\"elementor elementor-16693 elementor-9283\">\n\t\t\t\t\t\t<section class=\"elementor-section elementor-top-section elementor-element elementor-element-4ad4fdd elementor-section-boxed elementor-section-height-default elementor-section-height-default\" data-id=\"4ad4fdd\" data-element_type=\"section\" data-settings=\"{&quot;background_background&quot;:&quot;classic&quot;}\">\n\t\t\t\t\t\t<div class=\"elementor-container elementor-column-gap-default\">\n\t\t\t\t\t<div class=\"elementor-column elementor-col-100 elementor-top-column elementor-element elementor-element-8dcc49b\" data-id=\"8dcc49b\" data-element_type=\"column\">\n\t\t\t<div class=\"elementor-widget-wrap elementor-element-populated\">\n\t\t\t\t\t\t<div class=\"elementor-element elementor-element-d5fcaa2 elementor-widget elementor-widget-spacer\" data-id=\"d5fcaa2\" data-element_type=\"widget\" data-widget_type=\"spacer.default\">\n\t\t\t\t<div class=\"elementor-widget-container\">\n\t\t\t\t\t\t\t<div class=\"elementor-spacer\">\n\t\t\t<div class=\"elementor-spacer-inner\"><\/div>\n\t\t<\/div>\n\t\t\t\t\t\t<\/div>\n\t\t\t\t<\/div>\n\t\t\t\t<div class=\"elementor-element elementor-element-0f4abca elementor-widget elementor-widget-heading\" data-id=\"0f4abca\" data-element_type=\"widget\" data-widget_type=\"heading.default\">\n\t\t\t\t<div class=\"elementor-widget-container\">\n\t\t\t\t\t<h2 class=\"elementor-heading-title elementor-size-default\">AUTOTOMA DE FLUJO VAGINAL: si sospechamos infecci\u00f3n<\/h2>\t\t\t\t<\/div>\n\t\t\t\t<\/div>\n\t\t\t\t<div class=\"elementor-element elementor-element-fea7d64 elementor-widget-divider--view-line elementor-widget elementor-widget-divider\" data-id=\"fea7d64\" data-element_type=\"widget\" data-widget_type=\"divider.default\">\n\t\t\t\t<div class=\"elementor-widget-container\">\n\t\t\t\t\t\t\t<div class=\"elementor-divider\">\n\t\t\t<span class=\"elementor-divider-separator\">\n\t\t\t\t\t\t<\/span>\n\t\t<\/div>\n\t\t\t\t\t\t<\/div>\n\t\t\t\t<\/div>\n\t\t\t\t<div class=\"elementor-element elementor-element-394c3d9 migasdepan elementor-widget elementor-widget-wp-widget-bcn_widget\" data-id=\"394c3d9\" data-element_type=\"widget\" data-widget_type=\"wp-widget-bcn_widget.default\">\n\t\t\t\t<div class=\"elementor-widget-container\">\n\t\t\t\t\t<div class=\"breadcrumbs\" vocab=\"https:\/\/schema.org\/\" typeof=\"BreadcrumbList\"><!-- Breadcrumb NavXT 7.4.1 -->\n<span property=\"itemListElement\" typeof=\"ListItem\"><a property=\"item\" typeof=\"WebPage\" title=\"Ir a DRA. GIBERT.\" href=\"https:\/\/www.doctoragibert.com\/es\/\" class=\"home\" aria-current=\"page\"><span property=\"name\">DRA. GIBERT<\/span><\/a><meta property=\"position\" content=\"1\"><\/span><\/div>\t\t\t\t<\/div>\n\t\t\t\t<\/div>\n\t\t\t\t<div class=\"elementor-element elementor-element-43e5450 elementor-widget elementor-widget-spacer\" data-id=\"43e5450\" data-element_type=\"widget\" data-widget_type=\"spacer.default\">\n\t\t\t\t<div class=\"elementor-widget-container\">\n\t\t\t\t\t\t\t<div class=\"elementor-spacer\">\n\t\t\t<div class=\"elementor-spacer-inner\"><\/div>\n\t\t<\/div>\n\t\t\t\t\t\t<\/div>\n\t\t\t\t<\/div>\n\t\t\t\t\t<\/div>\n\t\t<\/div>\n\t\t\t\t\t<\/div>\n\t\t<\/section>\n\t\t\t\t<section class=\"elementor-section elementor-top-section elementor-element elementor-element-69e28fa3 elementor-section-boxed elementor-section-height-default elementor-section-height-default\" data-id=\"69e28fa3\" data-element_type=\"section\">\n\t\t\t\t\t\t<div class=\"elementor-container elementor-column-gap-default\">\n\t\t\t\t\t<div class=\"elementor-column elementor-col-100 elementor-top-column elementor-element elementor-element-43a609ed\" data-id=\"43a609ed\" data-element_type=\"column\">\n\t\t\t<div class=\"elementor-widget-wrap elementor-element-populated\">\n\t\t\t\t\t\t<div class=\"elementor-element elementor-element-7b76c4f0 elementor-widget elementor-widget-text-editor\" data-id=\"7b76c4f0\" data-element_type=\"widget\" data-widget_type=\"text-editor.default\">\n\t\t\t\t<div class=\"elementor-widget-container\">\n\t\t\t\t\t\t\t\t\t<table><tbody><tr style=\"border: none;\"><td style=\"border: none;\"><img decoding=\"async\" src=\"https:\/\/www.doctoragibert.com\/wp-content\/uploads\/2015\/11\/fig1.jpg\" alt=\"\" \/><\/td><td style=\"border: none;\"><img decoding=\"async\" src=\"https:\/\/www.doctoragibert.com\/wp-content\/uploads\/2015\/11\/fig2.jpg\" alt=\"\" \/><\/td><td style=\"border: none;\"><img decoding=\"async\" src=\"https:\/\/www.doctoragibert.com\/wp-content\/uploads\/2015\/11\/fig3.jpg\" alt=\"\" \/><\/td><\/tr><tr style=\"border: none;\"><td style=\"border: none;\"><b>Figura 1<\/b><\/td><td style=\"border: none;\"><b>Figura 2<\/b><\/td><td style=\"border: none;\"><b>Figura 3<\/b><\/td><\/tr><tr style=\"border: none;\"><td style=\"border: none;\"><img decoding=\"async\" src=\"https:\/\/www.doctoragibert.com\/wp-content\/uploads\/2015\/11\/fig4.jpg\" alt=\"\" \/><\/td><td style=\"border: none;\"><img decoding=\"async\" src=\"https:\/\/www.doctoragibert.com\/wp-content\/uploads\/2015\/11\/fig5.jpg\" alt=\"\" \/><\/td><td style=\"border: none;\">\u00a0<\/td><\/tr><tr style=\"border: none;\"><td style=\"border: none;\"><b>Figura 4<\/b><\/td><td style=\"border: none;\"><b>Figura 5<\/b><\/td><td style=\"border: none;\">\u00a0<\/td><\/tr><\/tbody><\/table><p>Algunas de las pacientes que nos consultan refieren alteraciones del flujo vaginal con cierta frecuencia: picor y\/o m\u00e1s cantidad y\/o mal olor y\/o aspecto no habitual. Ello ocurre en algunas ocasiones en d\u00edas en que acceder a la consulta de forma inmediata es dif\u00edcil. Por tanto, si refer\u00eds anomal\u00edas del flujo con cierta frecuencia os suelo ofrecer la posibilidad de haceros vosotras mismas la toma del flujo en casa y as\u00ed lo tra\u00e9is al mismo d\u00eda o al d\u00eda siguiente al <b>Laboratorio de la Cl\u00ednica (recibe muestras de 7:30 a 15 y de 16 a 20 h, de lunes a viernes)<\/b>.<\/p><p>Las <b>condiciones<\/b> que hay que tener en cuenta <b>para tomar la muestra<\/b> son:<\/p><ul><li>Abstinencia sexual 24 horas antes de hacer la toma.<\/li><li>Aseo de manos y genitales externos pero no de la vagina.<\/li><li>No usar ni \u00f3vulos ni cremas vaginales las 48 horas previas.<\/li><li>No tener la menstruaci\u00f3n.<\/li><\/ul><p>Para tomar la muestra basta que os separ\u00e9is los labios genitales e introduzc\u00e1is bien la punta con algod\u00f3n del dispositivo en vuestra vagina. Es conveniente un movimiento circular del dispositivo de forma que contacte con todas las paredes vaginales.<\/p><p>El manejo del dispositivo para la recogida viene representado en las fotos adjuntas. Hay que tener cuidado de no tocar la punta algodonosa del dispositivo ni apoyarla sobre superficie alguna. Si vais a tardar <b>unas horas en entregar la muestra<\/b>, mejor guardar <b>en nevera<\/b>.<\/p><p><b>Fuentes de la informaci\u00f3n:<\/b> <i>Elaboraci\u00f3 pr\u00f2pia\/Elaboraci\u00f3n propia. <\/i><\/p>\t\t\t\t\t\t\t\t<\/div>\n\t\t\t\t<\/div>\n\t\t\t\t\t<\/div>\n\t\t<\/div>\n\t\t\t\t\t<\/div>\n\t\t<\/section>\n\t\t\t\t<section class=\"elementor-section elementor-top-section elementor-element elementor-element-397f2a7 elementor-section-boxed elementor-section-height-default elementor-section-height-default\" data-id=\"397f2a7\" data-element_type=\"section\">\n\t\t\t\t\t\t<div class=\"elementor-container elementor-column-gap-default\">\n\t\t\t\t\t<div class=\"elementor-column elementor-col-100 elementor-top-column elementor-element elementor-element-2da6231\" data-id=\"2da6231\" data-element_type=\"column\">\n\t\t\t<div class=\"elementor-widget-wrap elementor-element-populated\">\n\t\t\t\t\t\t<div class=\"elementor-element elementor-element-05b7622 elementor-widget elementor-widget-shortcode\" data-id=\"05b7622\" data-element_type=\"widget\" data-widget_type=\"shortcode.default\">\n\t\t\t\t<div class=\"elementor-widget-container\">\n\t\t\t\t\t\t\t<div class=\"elementor-shortcode\">[ssba-buttons]<\/div>\n\t\t\t\t\t\t<\/div>\n\t\t\t\t<\/div>\n\t\t\t\t\t<\/div>\n\t\t<\/div>\n\t\t\t\t\t<\/div>\n\t\t<\/section>\n\t\t\t\t<\/div>\n\t\t","protected":false},"excerpt":{"rendered":"<p>AUTOTOMA DE FLUJO VAGINAL: si sospechamos infecci\u00f3n Figura 1 Figura 2 Figura 3 \u00a0 Figura 4 Figura 5 \u00a0 Algunas de las pacientes que nos consultan refieren alteraciones del flujo vaginal con cierta frecuencia: picor y\/o m\u00e1s cantidad y\/o mal olor y\/o aspecto no habitual. Ello ocurre en algunas ocasiones en d\u00edas en que acceder [&hellip;]<\/p>\n","protected":false},"author":12,"featured_media":0,"parent":15353,"menu_order":0,"comment_status":"open","ping_status":"closed","template":"elementor_header_footer","meta":{"footnotes":""},"class_list":["post-16693","page","type-page","status-publish","hentry"],"yoast_head":"<!-- This site is optimized with the Yoast SEO plugin v25.0 - https:\/\/yoast.com\/wordpress\/plugins\/seo\/ -->\n<title>AUTOTOMA DE FLUJO VAGINAL: si sospechamos infecci\u00f3n - DRA. GIBERT<\/title>\n<meta name=\"robots\" content=\"index, follow, max-snippet:-1, max-image-preview:large, max-video-preview:-1\" \/>\n<link rel=\"canonical\" href=\"https:\/\/www.doctoragibert.com\/es\/pacientes\/otros\/autotoma-flujo-vaginal-si-sospechamos-infeccion\/\" \/>\n<meta property=\"og:locale\" content=\"es_ES\" \/>\n<meta property=\"og:type\" content=\"article\" \/>\n<meta property=\"og:title\" content=\"AUTOTOMA DE FLUJO VAGINAL: si sospechamos infecci\u00f3n - DRA. GIBERT\" \/>\n<meta property=\"og:description\" content=\"AUTOTOMA DE FLUJO VAGINAL: si sospechamos infecci\u00f3n Figura 1 Figura 2 Figura 3 \u00a0 Figura 4 Figura 5 \u00a0 Algunas de las pacientes que nos consultan refieren alteraciones del flujo vaginal con cierta frecuencia: picor y\/o m\u00e1s cantidad y\/o mal olor y\/o aspecto no habitual. Ello ocurre en algunas ocasiones en d\u00edas en que acceder [&hellip;]\" \/>\n<meta property=\"og:url\" content=\"https:\/\/www.doctoragibert.com\/es\/pacientes\/otros\/autotoma-flujo-vaginal-si-sospechamos-infeccion\/\" \/>\n<meta property=\"og:site_name\" content=\"DRA. GIBERT\" \/>\n<meta property=\"article:publisher\" content=\"https:\/\/www.facebook.com\/doctoragibert\" \/>\n<meta property=\"article:modified_time\" content=\"2021-08-26T12:05:26+00:00\" \/>\n<meta property=\"og:image\" content=\"https:\/\/www.doctoragibert.com\/wp-content\/uploads\/2015\/11\/fig1.jpg\" \/>\n<meta name=\"twitter:label1\" content=\"Tiempo de lectura\" \/>\n\t<meta name=\"twitter:data1\" content=\"4 minutos\" \/>\n<script type=\"application\/ld+json\" class=\"yoast-schema-graph\">{\"@context\":\"https:\/\/schema.org\",\"@graph\":[{\"@type\":\"WebPage\",\"@id\":\"https:\/\/www.doctoragibert.com\/es\/pacientes\/otros\/autotoma-flujo-vaginal-si-sospechamos-infeccion\/\",\"url\":\"https:\/\/www.doctoragibert.com\/es\/pacientes\/otros\/autotoma-flujo-vaginal-si-sospechamos-infeccion\/\",\"name\":\"AUTOTOMA DE FLUJO VAGINAL: si sospechamos infecci\u00f3n - DRA. GIBERT\",\"isPartOf\":{\"@id\":\"https:\/\/www.doctoragibert.com\/es\/#website\"},\"primaryImageOfPage\":{\"@id\":\"https:\/\/www.doctoragibert.com\/es\/pacientes\/otros\/autotoma-flujo-vaginal-si-sospechamos-infeccion\/#primaryimage\"},\"image\":{\"@id\":\"https:\/\/www.doctoragibert.com\/es\/pacientes\/otros\/autotoma-flujo-vaginal-si-sospechamos-infeccion\/#primaryimage\"},\"thumbnailUrl\":\"https:\/\/www.doctoragibert.com\/wp-content\/uploads\/2015\/11\/fig1.jpg\",\"datePublished\":\"2015-11-03T16:12:44+00:00\",\"dateModified\":\"2021-08-26T12:05:26+00:00\",\"breadcrumb\":{\"@id\":\"https:\/\/www.doctoragibert.com\/es\/pacientes\/otros\/autotoma-flujo-vaginal-si-sospechamos-infeccion\/#breadcrumb\"},\"inLanguage\":\"es\",\"potentialAction\":[{\"@type\":\"ReadAction\",\"target\":[\"https:\/\/www.doctoragibert.com\/es\/pacientes\/otros\/autotoma-flujo-vaginal-si-sospechamos-infeccion\/\"]}]},{\"@type\":\"ImageObject\",\"inLanguage\":\"es\",\"@id\":\"https:\/\/www.doctoragibert.com\/es\/pacientes\/otros\/autotoma-flujo-vaginal-si-sospechamos-infeccion\/#primaryimage\",\"url\":\"https:\/\/www.doctoragibert.com\/wp-content\/uploads\/2015\/11\/fig1.jpg\",\"contentUrl\":\"https:\/\/www.doctoragibert.com\/wp-content\/uploads\/2015\/11\/fig1.jpg\"},{\"@type\":\"BreadcrumbList\",\"@id\":\"https:\/\/www.doctoragibert.com\/es\/pacientes\/otros\/autotoma-flujo-vaginal-si-sospechamos-infeccion\/#breadcrumb\",\"itemListElement\":[{\"@type\":\"ListItem\",\"position\":1,\"name\":\"PACIENTES\",\"item\":\"https:\/\/www.doctoragibert.com\/es\/pacientes\/\"},{\"@type\":\"ListItem\",\"position\":2,\"name\":\"OTROS\",\"item\":\"https:\/\/www.doctoragibert.com\/es\/pacientes\/otros\/\"},{\"@type\":\"ListItem\",\"position\":3,\"name\":\"AUTOTOMA DE FLUJO VAGINAL: si sospechamos infecci\u00f3n\"}]},{\"@type\":\"WebSite\",\"@id\":\"https:\/\/www.doctoragibert.com\/es\/#website\",\"url\":\"https:\/\/www.doctoragibert.com\/es\/\",\"name\":\"DRA. GIBERT\",\"description\":\"Ginecologia i obstetricia\",\"potentialAction\":[{\"@type\":\"SearchAction\",\"target\":{\"@type\":\"EntryPoint\",\"urlTemplate\":\"https:\/\/www.doctoragibert.com\/es\/?s={search_term_string}\"},\"query-input\":{\"@type\":\"PropertyValueSpecification\",\"valueRequired\":true,\"valueName\":\"search_term_string\"}}],\"inLanguage\":\"es\"}]}<\/script>\n<!-- \/ Yoast SEO plugin. -->","yoast_head_json":{"title":"AUTOTOMA DE FLUJO VAGINAL: si sospechamos infecci\u00f3n - DRA. GIBERT","robots":{"index":"index","follow":"follow","max-snippet":"max-snippet:-1","max-image-preview":"max-image-preview:large","max-video-preview":"max-video-preview:-1"},"canonical":"https:\/\/www.doctoragibert.com\/es\/pacientes\/otros\/autotoma-flujo-vaginal-si-sospechamos-infeccion\/","og_locale":"es_ES","og_type":"article","og_title":"AUTOTOMA DE FLUJO VAGINAL: si sospechamos infecci\u00f3n - DRA. GIBERT","og_description":"AUTOTOMA DE FLUJO VAGINAL: si sospechamos infecci\u00f3n Figura 1 Figura 2 Figura 3 \u00a0 Figura 4 Figura 5 \u00a0 Algunas de las pacientes que nos consultan refieren alteraciones del flujo vaginal con cierta frecuencia: picor y\/o m\u00e1s cantidad y\/o mal olor y\/o aspecto no habitual. Ello ocurre en algunas ocasiones en d\u00edas en que acceder [&hellip;]","og_url":"https:\/\/www.doctoragibert.com\/es\/pacientes\/otros\/autotoma-flujo-vaginal-si-sospechamos-infeccion\/","og_site_name":"DRA. GIBERT","article_publisher":"https:\/\/www.facebook.com\/doctoragibert","article_modified_time":"2021-08-26T12:05:26+00:00","og_image":[{"url":"https:\/\/www.doctoragibert.com\/wp-content\/uploads\/2015\/11\/fig1.jpg","type":"","width":"","height":""}],"twitter_misc":{"Tiempo de lectura":"4 minutos"},"schema":{"@context":"https:\/\/schema.org","@graph":[{"@type":"WebPage","@id":"https:\/\/www.doctoragibert.com\/es\/pacientes\/otros\/autotoma-flujo-vaginal-si-sospechamos-infeccion\/","url":"https:\/\/www.doctoragibert.com\/es\/pacientes\/otros\/autotoma-flujo-vaginal-si-sospechamos-infeccion\/","name":"AUTOTOMA DE FLUJO VAGINAL: si sospechamos infecci\u00f3n - DRA. GIBERT","isPartOf":{"@id":"https:\/\/www.doctoragibert.com\/es\/#website"},"primaryImageOfPage":{"@id":"https:\/\/www.doctoragibert.com\/es\/pacientes\/otros\/autotoma-flujo-vaginal-si-sospechamos-infeccion\/#primaryimage"},"image":{"@id":"https:\/\/www.doctoragibert.com\/es\/pacientes\/otros\/autotoma-flujo-vaginal-si-sospechamos-infeccion\/#primaryimage"},"thumbnailUrl":"https:\/\/www.doctoragibert.com\/wp-content\/uploads\/2015\/11\/fig1.jpg","datePublished":"2015-11-03T16:12:44+00:00","dateModified":"2021-08-26T12:05:26+00:00","breadcrumb":{"@id":"https:\/\/www.doctoragibert.com\/es\/pacientes\/otros\/autotoma-flujo-vaginal-si-sospechamos-infeccion\/#breadcrumb"},"inLanguage":"es","potentialAction":[{"@type":"ReadAction","target":["https:\/\/www.doctoragibert.com\/es\/pacientes\/otros\/autotoma-flujo-vaginal-si-sospechamos-infeccion\/"]}]},{"@type":"ImageObject","inLanguage":"es","@id":"https:\/\/www.doctoragibert.com\/es\/pacientes\/otros\/autotoma-flujo-vaginal-si-sospechamos-infeccion\/#primaryimage","url":"https:\/\/www.doctoragibert.com\/wp-content\/uploads\/2015\/11\/fig1.jpg","contentUrl":"https:\/\/www.doctoragibert.com\/wp-content\/uploads\/2015\/11\/fig1.jpg"},{"@type":"BreadcrumbList","@id":"https:\/\/www.doctoragibert.com\/es\/pacientes\/otros\/autotoma-flujo-vaginal-si-sospechamos-infeccion\/#breadcrumb","itemListElement":[{"@type":"ListItem","position":1,"name":"PACIENTES","item":"https:\/\/www.doctoragibert.com\/es\/pacientes\/"},{"@type":"ListItem","position":2,"name":"OTROS","item":"https:\/\/www.doctoragibert.com\/es\/pacientes\/otros\/"},{"@type":"ListItem","position":3,"name":"AUTOTOMA DE FLUJO VAGINAL: si sospechamos infecci\u00f3n"}]},{"@type":"WebSite","@id":"https:\/\/www.doctoragibert.com\/es\/#website","url":"https:\/\/www.doctoragibert.com\/es\/","name":"DRA. GIBERT","description":"Ginecologia i obstetricia","potentialAction":[{"@type":"SearchAction","target":{"@type":"EntryPoint","urlTemplate":"https:\/\/www.doctoragibert.com\/es\/?s={search_term_string}"},"query-input":{"@type":"PropertyValueSpecification","valueRequired":true,"valueName":"search_term_string"}}],"inLanguage":"es"}]}},"_links":{"self":[{"href":"https:\/\/www.doctoragibert.com\/es\/wp-json\/wp\/v2\/pages\/16693","targetHints":{"allow":["GET"]}}],"collection":[{"href":"https:\/\/www.doctoragibert.com\/es\/wp-json\/wp\/v2\/pages"}],"about":[{"href":"https:\/\/www.doctoragibert.com\/es\/wp-json\/wp\/v2\/types\/page"}],"author":[{"embeddable":true,"href":"https:\/\/www.doctoragibert.com\/es\/wp-json\/wp\/v2\/users\/12"}],"replies":[{"embeddable":true,"href":"https:\/\/www.doctoragibert.com\/es\/wp-json\/wp\/v2\/comments?post=16693"}],"version-history":[{"count":5,"href":"https:\/\/www.doctoragibert.com\/es\/wp-json\/wp\/v2\/pages\/16693\/revisions"}],"predecessor-version":[{"id":16701,"href":"https:\/\/www.doctoragibert.com\/es\/wp-json\/wp\/v2\/pages\/16693\/revisions\/16701"}],"up":[{"embeddable":true,"href":"https:\/\/www.doctoragibert.com\/es\/wp-json\/wp\/v2\/pages\/15353"}],"wp:attachment":[{"href":"https:\/\/www.doctoragibert.com\/es\/wp-json\/wp\/v2\/media?parent=16693"}],"curies":[{"name":"wp","href":"https:\/\/api.w.org\/{rel}","templated":true}]}}