{"id":17608,"date":"2021-09-07T12:16:44","date_gmt":"2021-09-07T12:16:44","guid":{"rendered":"https:\/\/www.doctoragibert.com\/?page_id=17608"},"modified":"2022-11-26T08:31:23","modified_gmt":"2022-11-26T08:31:23","slug":"covid-embaras","status":"publish","type":"page","link":"https:\/\/www.doctoragibert.com\/es\/pacientes\/embarazo-y-parto\/covid-embaras\/","title":{"rendered":"COVID Y EMBARAZO: informaci\u00f3n actualizada"},"content":{"rendered":"<p><em>Autora:<\/em>\u00a0Dra. MJ Gibert.<a href=\"https:\/\/www.doctoragibert.com\/wp-content\/uploads\/2021\/09\/Covid_embaras-768x514-1.jpeg\"><img fetchpriority=\"high\" decoding=\"async\" class=\"alignleft\" src=\"https:\/\/www.doctoragibert.com\/wp-content\/uploads\/2021\/09\/Covid_embaras-768x514-1.jpeg\" alt=\"\" width=\"382\" height=\"256\" \/><\/a><br \/>\n<em>Fecha de actualizaci\u00f3n:<\/em> 26\/11\/22.<br \/>\n<em>Fechas de versiones previas:<\/em> 4\/9\/20, 8\/1\/22, 18\/1\/22.<\/p>\n<p>Desde que apareci\u00f3 la COVID-19, en noviembre de 2019, se han ido sucediendo distintas olas y el virus original ha mutado, generando variantes virales de preocupaci\u00f3n, siendo la \u00falitma la \u00f3micron. Los linajes de \u00f3micron denominados BA.4 y BA.5 son, por ahora, los m\u00e1s frecuentes.<\/p>\n<p>En los p\u00e1rrafos siguientes, os explico c\u00f3mo repercute la infecci\u00f3n por el Coronavirus sobre las embarazadas, las parturientas y las madres lactantes.\u00a0Si necesitas m\u00e1s informaci\u00f3n sobre el virus que no te contemos aqu\u00ed, la puedes encontrar en <a href=\"https:\/\/www.doctoragibert.com\/es\/pacientes\/otros\/coronavirus\/\" target=\"_blank\" rel=\"noopener noreferrer\">otro lugar de esta web<\/a>.<\/p>\n<p>Os lo presento en un formato de preguntas y respuestas:<\/p>\n<p>&nbsp;<\/p>\n<h3><span style=\"color: #008080;\">\u00bfC\u00d3MO SE TRANSMITE EL VIRUS?<\/span><\/h3>\n<p>A trav\u00e9s del aire y las gotas que flotan desde la boca y\/o la nariz. Para que haya transmisi\u00f3n, se precisa que haya proximidad interpersonal (1,5 o 2 metros), durante m\u00e1s de 15 minutos (consecutivos o no, repartidos en un d\u00eda entero) y sin las medidas de protecci\u00f3n adecuadas (mascarillas quir\u00fargicas o, mejor, FFP2 bien puestas). Tambi\u00e9n se puede transmitir por superficies contaminadas, de ah\u00ed que se realice una limpieza frecuente de muebles y carritos en muchos comercios y que se nos inste a lavarnos las manos antes de entrar.<\/p>\n<p><strong>La transmisi\u00f3n de madres a hijos, cuando la mujer est\u00e1 embarazada, no se ha podido demostrar<\/strong>. Tampoco contamos con pruebas de que el virus se asiente en la orina, el flujo vaginal, el l\u00edquido amni\u00f3tico, o la sangre materna, lo que explicar\u00eda la falta de contagio entre madres y fetos. En otras palabras, el campo de actuaci\u00f3n del virus es el \u00e1rbol respiratorio. Los casos de infecci\u00f3n de beb\u00e9s de d\u00edas, muy probablemente, se deban a contagios post-nacimiento.<\/p>\n<blockquote>\n<h2><\/h2>\n<\/blockquote>\n<hr \/>\n<h1 style=\"text-align: center;\"><span style=\"color: #008080;\">El contagio de la COVID-19 de la madre al hijo durante el embarazo es muy improbable<\/span><\/h1>\n<blockquote>\n<hr \/>\n<\/blockquote>\n<h3><\/h3>\n<h3><span style=\"color: #008080;\">\u00bfQU\u00c9 S\u00cdNTOMAS PRODUCE?<\/span><\/h3>\n<p>No hay grandes diferencias entre la cl\u00ednica de la infecci\u00f3n por el SARS-CoV-2 y la gripe, s\u00f3lo que la \u00faltima se presenta sobre todo entre diciembre y febrero, los meses m\u00e1s fr\u00edos del a\u00f1o. Si quer\u00e9is informaci\u00f3n comparativa entre ambas enfermedades, os recomiendo este texto de <a href=\"https:\/\/www.who.int\/es\/emergencies\/diseases\/novel-coronavirus-2019\/question-and-answers-hub\/q-a-detail\/q-a-similarities-and-differences-covid-19-and-influenza\" target=\"_blank\" rel=\"noopener noreferrer\">la Organizaci\u00f3n Mundial de la Salud<\/a>.<\/p>\n<p>En ambos casos, la fiebre es el signo estrella (37,8\u00baC o m\u00e1s de temperatura) y est\u00e1 presente en la gran mayor\u00eda de los infectados sintom\u00e1ticos. \u00c9ste es el motivo para que se controle la temperatura antes de acceder a algunos establecimentos, colegios y antes de partir de viaje.<\/p>\n<h3><\/h3>\n<h3><span style=\"color: #008080;\">\u00bfQU\u00c9 PECULIARIDADES TIENE LA INFECCI\u00d3N POR COVID-19 EN LAS EMBARAZADAS Y SUS HIJOS?<\/span><\/h3>\n<p><strong>El embarazo no aumenta el riesgo de contagiarse de COVID-19. Adem\u00e1s, la mayor\u00eda de gestantes infectadas se recupera bien.<\/strong> Una minor\u00eda de mujeres embarazadas desarrollan una enfermedad severa e, incluso, pueden precisar ingreso en UCI y ventilaci\u00f3n mec\u00e1nica (respirador). Las mayores de 34 a\u00f1os, las que padecen otras enfermedades, com la hipertensi\u00f3n o la diabetes, las obesas y las que pertenecen a grupos sociales m\u00e1s desfavorecidos tienen m\u00e1s posibilidades de sufrir una enfemedad severa. Con relaci\u00f3n a las semanas de gestaci\u00f3n, parece que la segunda mitad del embarazo es la de m\u00e1s riesgo y que, a m\u00e1s semanas, m\u00e1s probabilidades de que el virus haga de las suyas. Incluso as\u00ed, <strong>el riesgo de muerte materna es muy bajo.<\/strong> Para que os hag\u00e1is una idea, se estima que 10 entre 1.000 infectados por COVID-19 pueden llegar a morir. En un estudio reciente sobre fallecimientos de infectados en el estado norteamericano de Mississippi, se comprob\u00f3 que las mujeres en edad f\u00e9rtil ten\u00edan una probabilidad de muerte de 2,5 por cada 1.000 infectadas si no eran gestantes y de un 9 por 1.000 si\u00a0 lo eran. M\u00e1s del 90% de los decesos se produjeron en mujeres con otras enfermedades y <strong>ninguna de las que murieron hab\u00eda recibido la pauta completa de la vacuna.<\/strong><\/p>\n<p>Las <strong>embarazadas con neumon\u00eda por la COVID-19 se arriesgan un poco a parir antes de hora y a una ces\u00e1rea.<\/strong> De hecho,\u00a0 los partos prematuros, en infectadas graves, son el resultado de una inducci\u00f3n del parto o una ces\u00e1rea con la finalidad de mejorar la condici\u00f3n materna. Esto \u00faltimo puede ocurrir en neumon\u00edas graves, independientemente de que la causa sea o no la COVID-19.<\/p>\n<p>&nbsp;<\/p>\n<hr \/>\n<blockquote>\n<h1 style=\"text-align: center;\"><span style=\"color: #008080;\">Las embarazadas no tienen m\u00e1s riesgo de contraer la COVID-19, pero tienen m\u00e1s posibilidades de padecer una enfermedad severa, aunque los riesgos son bajos<\/span><\/h1>\n<\/blockquote>\n<hr \/>\n<p>&nbsp;<\/p>\n<p>Nuestra experiencia asistencial en Mallorca, que es compartida por otros entornos, y derivada de cuando se realizaban pruebas de PCR al ingreso de todas las parturientas, es que \u00e9stas suelen ser asintom\u00e1ticas y es muy raro que desarrollen la enfermedad durante el ingreso.<\/p>\n<p>&nbsp;<\/p>\n<h3><span style=\"color: #008080;\">\u00bfEL CORONAVIRUS PUEDE PRODUCIR MALFORMACIONES EN MI BEB\u00c9?<\/span><\/h3>\n<p>No se ha notado que los hijos de madres que hayan enfermado en alg\u00fan momento de su embarazo tengan m\u00e1s posibilidades de malformaciones. Otro tema es la fiebre que, independientemente de su causa, es un factor de riesgo de que los fetos adquieran un defecto de la columna vertebral que se denomina espina b\u00edfida. De cualquier modo, <strong>el uso de paracetamol, como antit\u00e9rmico, y <a href=\"https:\/\/www.doctoragibert.com\/es\/pacientes\/embarazo-y-parto\/acido-folico-para-que-sirve\/\" target=\"_blank\" rel=\"noopener\">de \u00e1cido f\u00f3lico<\/a> durante las primeras 10-12 semanas de embarazo, como preventivo de estas malformaciones y de otras, act\u00faa como \u00abant\u00eddoto\u00bb<\/strong>. Tened en cuenta que,\u00a0 a las 10 semanas de gestaci\u00f3n, la anatom\u00eda del concebido ya est\u00e1 bien definida y esto no tiene vuelta atr\u00e1s.<\/p>\n<h3><\/h3>\n<h3><span style=\"color: #008080;\">\u00bfTENGO M\u00c1S RIESGOS EN LA \u00c9POCA DE LA GRIPE ESTACIONAL?<\/span><\/h3>\n<p><strong>La gripe afecta proporcionalmente m\u00e1s a las gestants que el Coronavirus.<\/strong> Luego, <a href=\"https:\/\/www.doctoragibert.com\/es\/campana-de-vacunacion-de-la-gripe-2021-en-illes-balears\/\" target=\"_blank\" rel=\"noopener\">es muy importante vacunarse de la gripe<\/a> cuando estamos embarazadas y m\u00e1s en a\u00f1os de pandemia, para reducir las posibilidades de contraer dos enfermedades que debutan de forma similar. Adem\u00e1s, vacun\u00e1ndonos de la gripe, favorecemos la \u00abinmunidad de grupo o de reba\u00f1o\u00bb, esto es, creamos las defensas suficientes para que el virus no nos afecte ni a nosotros, ni a los que nos rodean. La vacunaci\u00f3n masiva de la gripe disminuye el n\u00famero de ingresos por esta causa y es una muestra de solidaridad, pues contribuye a disponer de camas de hospitalizaci\u00f3n libres para atender los ingresos extra que puede haber por culpa del Coronavirus.<\/p>\n<p>La coexistencia dentro del mismo individuo de ambas infecciones se ha denominado <strong>\u00abflurona\u00bb<\/strong>. Aunque es un fen\u00f3meno descrito recientemente, es muy probable que, desde hace meses, la gente se coinfecte por los dos virus y no se haya diagnosticado. A priori, parece que ha de ser m\u00e1s dif\u00edcil luchar contra una infecci\u00f3n doble que contra una simple, pero a\u00fan no disponemos de informaci\u00f3n suficiente para asegurarlo. Por otra parte, <strong>los dos virus son muy distintos y no se combinar\u00e1n para producir uno nuevo que nos pueda causar todav\u00eda m\u00e1s problemes.<\/strong><\/p>\n<h3><\/h3>\n<h3><span style=\"color: #008080;\">\u00bfCU\u00c1NDO TENGO M\u00c1S POSIBILIDADES DE CONTAGIAR A OTRAS PERSONAS?<\/span><\/h3>\n<p>En el siguiente <strong>cuadro resumen<\/strong> incluimos las orientaciones sobre el autoaislamiento voluntario en casa o evitando acudir a lugares donce haya otras personas, especialmente si son vulnerables al virus. Si no pod\u00e9is eludir las salidas de casa, utilizad la mascarilla quir\u00fargica o, mejor, la FPP2.<\/p>\n<p>&nbsp;<\/p>\n<p><img decoding=\"async\" src=\"https:\/\/www.doctoragibert.com\/wp-content\/uploads\/2022\/01\/Esquema_COVID_cast-1.jpg\" alt=\"\" width=\"811\" height=\"690\" \/><\/p>\n<p>En cuanto a las <strong>pruebas de detecci\u00f3n (PCR y ant\u00edgenos)<\/strong>, hay que saber que:<\/p>\n<ul>\n<li>Las <strong>PCR<\/strong> detectan <strong>cargas virales bajas<\/strong> (durante la incubaci\u00f3n de la enfermedad y la fase de curaci\u00f3n, poca probabilidad de contagio) y <strong>altas<\/strong> (propias de individuos con s\u00edntomas, alta probabilidad de contagio).<\/li>\n<li>Las <strong>pruebas de ant\u00edgenos<\/strong> s\u00f3lo detectan <strong>cargas virales altas<\/strong>.<\/li>\n<\/ul>\n<p>Si has de <strong>quedar\u00a0en casa<\/strong>, es importante que salgas poco de tu habitaci\u00f3n y, si lo haces, usa mascarilla quir\u00fargica o FFP2. Si tienes un ba\u00f1o para ti, es mejor pero, si no, aplica lej\u00eda despu\u00e9s de utilizarlo. Es importante que te hidrates bien y te muevas dentro de tu espacio, para minimizar el riesgo de trombos. <strong>Algunas pacientes nos han preguntado si deben inyectarse heparina<\/strong> mientras est\u00e1n confinadas en casa y con pocos o ning\u00fan s\u00edntoma. La respuesta, en general, es que no hace falta, siempre que la mujer no tenga otros factores de riesgo. S\u00f3lo se te heparinizar\u00eda en caso de infecci\u00f3n activa e ingreso hospitalario, o bien, si quedas en casa pero tienes otros factores de riesgo adicionales de trombos. Tu m\u00e9dico tendr\u00e1 en cuenta tus circunstancias y te comunicar\u00e1 si te hace falta o no.<\/p>\n<p>Cada comunidad aut\u00f3noma, regi\u00f3n o pa\u00eds ha establecido los recursos para resolver dudas en cuanto a pruebas, aislamiento, manejo de s\u00edntomas y vacunaciones. En <strong>Baleares<\/strong>, tenemos los recursos de <a href=\"https:\/\/www.ibsalut.es\/es\/coronavirus-covid-19\" target=\"_blank\" rel=\"noopener\"><strong>autorrastreo<\/strong><\/a> y <a href=\"https:\/\/www.ibsalut.es\/es\/info-ciudadania\/cuidar-la-salud\/519-coronovairus-covid-19\/3856-telefono-infocovid-900-100-971-para-las-islas-baleares\" target=\"_blank\" rel=\"noopener\"><strong>los tel\u00e9fonos de Infocovid<\/strong><\/a>.<\/p>\n<h3><\/h3>\n<h3><span style=\"color: #008080;\">\u00bfES SEGURO EL HOSPITAL DURANTE LA PANDEMIA?<\/span><\/h3>\n<p>La gran mayor\u00eda de brotes proceden de los entornos familiar, social o laboral. En cambio, en los hospitales se realizan PCR para COVID-19 ante la m\u00ednima sospecha de infecci\u00f3n. Ello <strong>hace del hospital un lugar m\u00e1s seguro que cualquier otro.<\/strong><\/p>\n<h3><\/h3>\n<h3><span style=\"color: #008080;\">\u00bfC\u00d3MO SE ATENDER\u00c1 MI PARTO SI ESTOY INFECTADA?<\/span><\/h3>\n<p>De la misma manera que si no lo estuvieras, salvo que el personal deber\u00e1 llevar equipos de protecci\u00f3n individual adecuados. El \u00fanico problema de los equipos es que restringen la transpiraci\u00f3n, se pasa calor y las gafas se empa\u00f1an con frecuencia, por lo tanto, intentamos sobrellevar la mencionada situaci\u00f3n con paciencia.<\/p>\n<p>Podr\u00e1s estar acompa\u00f1ada por el padre de la criatura sin problema, s\u00f3lo que ambos deber\u00e9is llevar la mascarilla quir\u00fargica para protegeros entre vosotros. Es posible que, durante el parto, se te hagan m\u00e1s controles de temperatura y de oxigenaci\u00f3n de la sangre (pulsiox\u00edmetro o pinza que se pone en un dedo).<\/p>\n<p>Tened en cuenta que <strong>la COVID-19 no es una indicaci\u00f3n de acabar el embarazo, de hecho, es mejor que el parto se produzca cuando ya no tengamos el virus.<\/strong><\/p>\n<h3><\/h3>\n<h3><span style=\"color: #008080;\">\u00bfC\u00d3MO SE MANEJAR\u00c1 EL POSTPARTO O PUERPERIO SI ESTOY INFECTADA?<\/span><\/h3>\n<p>Es frecuente que se prescriba heparina para prevenir trombos.<\/p>\n<p>El piel con piel y la lactancia materna se permiten, siempre que la madre lleve la mascarilla puesta, y limpie bien la piel del pecho, las manos y las superficies pr\u00f3ximas.<\/p>\n<h4><\/h4>\n<h4><span style=\"color: #008080;\">FUENTES DE LA INFORMACI\u00d3N:<\/span><\/h4>\n<ul>\n<li>Crovetto F, Crispi F, Llurba E, Figueras F, G\u00f3mez-Roig MD, Gratac\u00f3s E. Seroprevalence and presentation of SARS-CoV-2 in pregnancy. Lancet. 2020;396(10250):530-531.<\/li>\n<li>Kasehagen L, Byers P, Taylor K, et al. COVID-19\u2013Associated Deaths After SARS-CoV-2 Infection During Pregnancy \u2014 Mississippi, March 1, 2020\u2013October 6, 2021. MMWR Morb Mortal Wkly Rep 2021;70:1646\u20131648.<\/li>\n<li>Khoury R, Bernstein PS, Debolt C, et al. Characteristics and Outcomes of 241 Births to Women With Severe Acute Respiratory Syndrome Coronavirus 2 (SARS-CoV-2) Infection at Five New York City Medical Centers. Obstet Gynecol. 2020;136:273-282.<\/li>\n<li>Knight M, Bunch K, Vousden N, et al. Characteristics and outcomes of pregnant women admitted to hospital with confirmed SARS-CoV-2 infection in UK: national population based cohort study. BMJ. 2020;369:m2107.<\/li>\n<li>Liu D, Li L, Wu X, et al. Pregnancy and Perinatal Outcomes of Women With Coronavirus Disease (COVID-19) Pneumonia: A Preliminary Analysis [published correction appears in AJR Am J Roentgenol. 2020 Jul;215(1):262]. AJR Am J Roentgenol. 2020;215:127-132.<\/li>\n<li>RCOG, Royal College of Midwives, Royal College of Paediatrics and Child Health, Public Health England and Public Health Scotland. Coronavirus (COVID-19) Infection in Pregnancy. Information for healthcare professionals. Version 14.2: updated Monday 6 December 2021.<\/li>\n<li>Savasi VM, Parisi F, Patan\u00e8 L, et al. Clinical Findings and Disease Severity in Hospitalized Pregnant Women With Coronavirus Disease 2019 (COVID-19). Obstet Gynecol. 2020;136:252-258.<\/li>\n<\/ul>\n<p>[ssba-buttons]<\/p>\n","protected":false},"excerpt":{"rendered":"<p>Autora:\u00a0Dra. MJ Gibert. Fecha de actualizaci\u00f3n: 26\/11\/22. Fechas de versiones previas: 4\/9\/20, 8\/1\/22, 18\/1\/22. Desde que apareci\u00f3 la COVID-19, en noviembre de 2019, se han ido sucediendo distintas olas y el virus original ha mutado, generando variantes virales de preocupaci\u00f3n, siendo la \u00falitma la \u00f3micron. Los linajes de \u00f3micron denominados BA.4 y BA.5 son, por [&hellip;]<\/p>\n","protected":false},"author":29996,"featured_media":0,"parent":15253,"menu_order":0,"comment_status":"open","ping_status":"closed","template":"page-limpia.php","meta":{"footnotes":""},"class_list":["post-17608","page","type-page","status-publish","hentry"],"yoast_head":"<!-- This site is optimized with the Yoast SEO plugin v25.0 - https:\/\/yoast.com\/wordpress\/plugins\/seo\/ -->\n<title>COVID Y EMBARAZO: informaci\u00f3n actualizada - DRA. GIBERT<\/title>\n<meta name=\"robots\" content=\"index, follow, max-snippet:-1, max-image-preview:large, max-video-preview:-1\" \/>\n<link rel=\"canonical\" href=\"https:\/\/www.doctoragibert.com\/es\/pacientes\/embarazo-y-parto\/covid-embaras\/\" \/>\n<meta property=\"og:locale\" content=\"es_ES\" \/>\n<meta property=\"og:type\" content=\"article\" \/>\n<meta property=\"og:title\" content=\"COVID Y EMBARAZO: informaci\u00f3n actualizada - DRA. GIBERT\" \/>\n<meta property=\"og:description\" content=\"Autora:\u00a0Dra. MJ Gibert. Fecha de actualizaci\u00f3n: 26\/11\/22. Fechas de versiones previas: 4\/9\/20, 8\/1\/22, 18\/1\/22. Desde que apareci\u00f3 la COVID-19, en noviembre de 2019, se han ido sucediendo distintas olas y el virus original ha mutado, generando variantes virales de preocupaci\u00f3n, siendo la \u00falitma la \u00f3micron. Los linajes de \u00f3micron denominados BA.4 y BA.5 son, por [&hellip;]\" \/>\n<meta property=\"og:url\" content=\"https:\/\/www.doctoragibert.com\/es\/pacientes\/embarazo-y-parto\/covid-embaras\/\" \/>\n<meta property=\"og:site_name\" content=\"DRA. GIBERT\" \/>\n<meta property=\"article:publisher\" content=\"https:\/\/www.facebook.com\/doctoragibert\" \/>\n<meta property=\"article:modified_time\" content=\"2022-11-26T08:31:23+00:00\" \/>\n<meta property=\"og:image\" content=\"https:\/\/www.doctoragibert.com\/wp-content\/uploads\/2021\/09\/Covid_embaras-768x514-1.jpeg\" \/>\n<meta name=\"twitter:label1\" content=\"Tiempo de lectura\" \/>\n\t<meta name=\"twitter:data1\" content=\"9 minutos\" \/>\n<script type=\"application\/ld+json\" class=\"yoast-schema-graph\">{\"@context\":\"https:\/\/schema.org\",\"@graph\":[{\"@type\":\"WebPage\",\"@id\":\"https:\/\/www.doctoragibert.com\/es\/pacientes\/embarazo-y-parto\/covid-embaras\/\",\"url\":\"https:\/\/www.doctoragibert.com\/es\/pacientes\/embarazo-y-parto\/covid-embaras\/\",\"name\":\"COVID Y EMBARAZO: informaci\u00f3n actualizada - DRA. GIBERT\",\"isPartOf\":{\"@id\":\"https:\/\/www.doctoragibert.com\/es\/#website\"},\"primaryImageOfPage\":{\"@id\":\"https:\/\/www.doctoragibert.com\/es\/pacientes\/embarazo-y-parto\/covid-embaras\/#primaryimage\"},\"image\":{\"@id\":\"https:\/\/www.doctoragibert.com\/es\/pacientes\/embarazo-y-parto\/covid-embaras\/#primaryimage\"},\"thumbnailUrl\":\"https:\/\/www.doctoragibert.com\/wp-content\/uploads\/2021\/09\/Covid_embaras-768x514-1.jpeg\",\"datePublished\":\"2021-09-07T12:16:44+00:00\",\"dateModified\":\"2022-11-26T08:31:23+00:00\",\"breadcrumb\":{\"@id\":\"https:\/\/www.doctoragibert.com\/es\/pacientes\/embarazo-y-parto\/covid-embaras\/#breadcrumb\"},\"inLanguage\":\"es\",\"potentialAction\":[{\"@type\":\"ReadAction\",\"target\":[\"https:\/\/www.doctoragibert.com\/es\/pacientes\/embarazo-y-parto\/covid-embaras\/\"]}]},{\"@type\":\"ImageObject\",\"inLanguage\":\"es\",\"@id\":\"https:\/\/www.doctoragibert.com\/es\/pacientes\/embarazo-y-parto\/covid-embaras\/#primaryimage\",\"url\":\"https:\/\/www.doctoragibert.com\/wp-content\/uploads\/2021\/09\/Covid_embaras-768x514-1.jpeg\",\"contentUrl\":\"https:\/\/www.doctoragibert.com\/wp-content\/uploads\/2021\/09\/Covid_embaras-768x514-1.jpeg\"},{\"@type\":\"BreadcrumbList\",\"@id\":\"https:\/\/www.doctoragibert.com\/es\/pacientes\/embarazo-y-parto\/covid-embaras\/#breadcrumb\",\"itemListElement\":[{\"@type\":\"ListItem\",\"position\":1,\"name\":\"PACIENTES\",\"item\":\"https:\/\/www.doctoragibert.com\/es\/pacientes\/\"},{\"@type\":\"ListItem\",\"position\":2,\"name\":\"EMBARAZO Y PARTO\",\"item\":\"https:\/\/www.doctoragibert.com\/es\/pacientes\/embarazo-y-parto\/\"},{\"@type\":\"ListItem\",\"position\":3,\"name\":\"COVID Y EMBARAZO: informaci\u00f3n actualizada\"}]},{\"@type\":\"WebSite\",\"@id\":\"https:\/\/www.doctoragibert.com\/es\/#website\",\"url\":\"https:\/\/www.doctoragibert.com\/es\/\",\"name\":\"DRA. GIBERT\",\"description\":\"Ginecologia i obstetricia\",\"potentialAction\":[{\"@type\":\"SearchAction\",\"target\":{\"@type\":\"EntryPoint\",\"urlTemplate\":\"https:\/\/www.doctoragibert.com\/es\/?s={search_term_string}\"},\"query-input\":{\"@type\":\"PropertyValueSpecification\",\"valueRequired\":true,\"valueName\":\"search_term_string\"}}],\"inLanguage\":\"es\"}]}<\/script>\n<!-- \/ Yoast SEO plugin. -->","yoast_head_json":{"title":"COVID Y EMBARAZO: informaci\u00f3n actualizada - DRA. GIBERT","robots":{"index":"index","follow":"follow","max-snippet":"max-snippet:-1","max-image-preview":"max-image-preview:large","max-video-preview":"max-video-preview:-1"},"canonical":"https:\/\/www.doctoragibert.com\/es\/pacientes\/embarazo-y-parto\/covid-embaras\/","og_locale":"es_ES","og_type":"article","og_title":"COVID Y EMBARAZO: informaci\u00f3n actualizada - DRA. GIBERT","og_description":"Autora:\u00a0Dra. MJ Gibert. Fecha de actualizaci\u00f3n: 26\/11\/22. Fechas de versiones previas: 4\/9\/20, 8\/1\/22, 18\/1\/22. Desde que apareci\u00f3 la COVID-19, en noviembre de 2019, se han ido sucediendo distintas olas y el virus original ha mutado, generando variantes virales de preocupaci\u00f3n, siendo la \u00falitma la \u00f3micron. Los linajes de \u00f3micron denominados BA.4 y BA.5 son, por [&hellip;]","og_url":"https:\/\/www.doctoragibert.com\/es\/pacientes\/embarazo-y-parto\/covid-embaras\/","og_site_name":"DRA. GIBERT","article_publisher":"https:\/\/www.facebook.com\/doctoragibert","article_modified_time":"2022-11-26T08:31:23+00:00","og_image":[{"url":"https:\/\/www.doctoragibert.com\/wp-content\/uploads\/2021\/09\/Covid_embaras-768x514-1.jpeg","type":"","width":"","height":""}],"twitter_misc":{"Tiempo de lectura":"9 minutos"},"schema":{"@context":"https:\/\/schema.org","@graph":[{"@type":"WebPage","@id":"https:\/\/www.doctoragibert.com\/es\/pacientes\/embarazo-y-parto\/covid-embaras\/","url":"https:\/\/www.doctoragibert.com\/es\/pacientes\/embarazo-y-parto\/covid-embaras\/","name":"COVID Y EMBARAZO: informaci\u00f3n actualizada - DRA. GIBERT","isPartOf":{"@id":"https:\/\/www.doctoragibert.com\/es\/#website"},"primaryImageOfPage":{"@id":"https:\/\/www.doctoragibert.com\/es\/pacientes\/embarazo-y-parto\/covid-embaras\/#primaryimage"},"image":{"@id":"https:\/\/www.doctoragibert.com\/es\/pacientes\/embarazo-y-parto\/covid-embaras\/#primaryimage"},"thumbnailUrl":"https:\/\/www.doctoragibert.com\/wp-content\/uploads\/2021\/09\/Covid_embaras-768x514-1.jpeg","datePublished":"2021-09-07T12:16:44+00:00","dateModified":"2022-11-26T08:31:23+00:00","breadcrumb":{"@id":"https:\/\/www.doctoragibert.com\/es\/pacientes\/embarazo-y-parto\/covid-embaras\/#breadcrumb"},"inLanguage":"es","potentialAction":[{"@type":"ReadAction","target":["https:\/\/www.doctoragibert.com\/es\/pacientes\/embarazo-y-parto\/covid-embaras\/"]}]},{"@type":"ImageObject","inLanguage":"es","@id":"https:\/\/www.doctoragibert.com\/es\/pacientes\/embarazo-y-parto\/covid-embaras\/#primaryimage","url":"https:\/\/www.doctoragibert.com\/wp-content\/uploads\/2021\/09\/Covid_embaras-768x514-1.jpeg","contentUrl":"https:\/\/www.doctoragibert.com\/wp-content\/uploads\/2021\/09\/Covid_embaras-768x514-1.jpeg"},{"@type":"BreadcrumbList","@id":"https:\/\/www.doctoragibert.com\/es\/pacientes\/embarazo-y-parto\/covid-embaras\/#breadcrumb","itemListElement":[{"@type":"ListItem","position":1,"name":"PACIENTES","item":"https:\/\/www.doctoragibert.com\/es\/pacientes\/"},{"@type":"ListItem","position":2,"name":"EMBARAZO Y PARTO","item":"https:\/\/www.doctoragibert.com\/es\/pacientes\/embarazo-y-parto\/"},{"@type":"ListItem","position":3,"name":"COVID Y EMBARAZO: informaci\u00f3n actualizada"}]},{"@type":"WebSite","@id":"https:\/\/www.doctoragibert.com\/es\/#website","url":"https:\/\/www.doctoragibert.com\/es\/","name":"DRA. GIBERT","description":"Ginecologia i obstetricia","potentialAction":[{"@type":"SearchAction","target":{"@type":"EntryPoint","urlTemplate":"https:\/\/www.doctoragibert.com\/es\/?s={search_term_string}"},"query-input":{"@type":"PropertyValueSpecification","valueRequired":true,"valueName":"search_term_string"}}],"inLanguage":"es"}]}},"_links":{"self":[{"href":"https:\/\/www.doctoragibert.com\/es\/wp-json\/wp\/v2\/pages\/17608","targetHints":{"allow":["GET"]}}],"collection":[{"href":"https:\/\/www.doctoragibert.com\/es\/wp-json\/wp\/v2\/pages"}],"about":[{"href":"https:\/\/www.doctoragibert.com\/es\/wp-json\/wp\/v2\/types\/page"}],"author":[{"embeddable":true,"href":"https:\/\/www.doctoragibert.com\/es\/wp-json\/wp\/v2\/users\/29996"}],"replies":[{"embeddable":true,"href":"https:\/\/www.doctoragibert.com\/es\/wp-json\/wp\/v2\/comments?post=17608"}],"version-history":[{"count":5,"href":"https:\/\/www.doctoragibert.com\/es\/wp-json\/wp\/v2\/pages\/17608\/revisions"}],"predecessor-version":[{"id":21037,"href":"https:\/\/www.doctoragibert.com\/es\/wp-json\/wp\/v2\/pages\/17608\/revisions\/21037"}],"up":[{"embeddable":true,"href":"https:\/\/www.doctoragibert.com\/es\/wp-json\/wp\/v2\/pages\/15253"}],"wp:attachment":[{"href":"https:\/\/www.doctoragibert.com\/es\/wp-json\/wp\/v2\/media?parent=17608"}],"curies":[{"name":"wp","href":"https:\/\/api.w.org\/{rel}","templated":true}]}}