{"id":19539,"date":"2022-03-04T07:55:26","date_gmt":"2022-03-04T07:55:26","guid":{"rendered":"https:\/\/www.doctoragibert.com\/?page_id=19539"},"modified":"2022-03-04T12:02:33","modified_gmt":"2022-03-04T12:02:33","slug":"prueba-vph","status":"publish","type":"page","link":"https:\/\/www.doctoragibert.com\/es\/pacientes\/prevencion-en-ginecologia\/prueba-vph\/","title":{"rendered":"LA PRUEBA DEL VPH: \u00bfQu\u00e9 es? \u00bfPara qu\u00e9 sirve?"},"content":{"rendered":"\t\t<div data-elementor-type=\"wp-page\" data-elementor-id=\"19539\" class=\"elementor elementor-19539 elementor-19538\">\n\t\t\t\t\t\t<section class=\"elementor-section elementor-top-section elementor-element elementor-element-0b72c1b elementor-section-boxed elementor-section-height-default elementor-section-height-default\" data-id=\"0b72c1b\" data-element_type=\"section\" data-settings=\"{&quot;background_background&quot;:&quot;classic&quot;}\">\n\t\t\t\t\t\t<div class=\"elementor-container elementor-column-gap-default\">\n\t\t\t\t\t<div class=\"elementor-column elementor-col-100 elementor-top-column elementor-element elementor-element-1f424ec\" data-id=\"1f424ec\" data-element_type=\"column\">\n\t\t\t<div class=\"elementor-widget-wrap elementor-element-populated\">\n\t\t\t\t\t\t<div class=\"elementor-element elementor-element-e18ce7e elementor-widget elementor-widget-spacer\" data-id=\"e18ce7e\" data-element_type=\"widget\" data-widget_type=\"spacer.default\">\n\t\t\t\t<div class=\"elementor-widget-container\">\n\t\t\t\t\t\t\t<div class=\"elementor-spacer\">\n\t\t\t<div class=\"elementor-spacer-inner\"><\/div>\n\t\t<\/div>\n\t\t\t\t\t\t<\/div>\n\t\t\t\t<\/div>\n\t\t\t\t<div class=\"elementor-element elementor-element-420a8d7 elementor-widget elementor-widget-heading\" data-id=\"420a8d7\" data-element_type=\"widget\" data-widget_type=\"heading.default\">\n\t\t\t\t<div class=\"elementor-widget-container\">\n\t\t\t\t\t<h2 class=\"elementor-heading-title elementor-size-default\">LA PRUEBA DEL VPH: \u00bfQu\u00e9 es? \u00bfPara qu\u00e9 sirve?<\/h2>\t\t\t\t<\/div>\n\t\t\t\t<\/div>\n\t\t\t\t<div class=\"elementor-element elementor-element-3c0bc33 elementor-widget-divider--view-line elementor-widget elementor-widget-divider\" data-id=\"3c0bc33\" data-element_type=\"widget\" data-widget_type=\"divider.default\">\n\t\t\t\t<div class=\"elementor-widget-container\">\n\t\t\t\t\t\t\t<div class=\"elementor-divider\">\n\t\t\t<span class=\"elementor-divider-separator\">\n\t\t\t\t\t\t<\/span>\n\t\t<\/div>\n\t\t\t\t\t\t<\/div>\n\t\t\t\t<\/div>\n\t\t\t\t<div class=\"elementor-element elementor-element-76f8381 migasdepan elementor-widget elementor-widget-wp-widget-bcn_widget\" data-id=\"76f8381\" data-element_type=\"widget\" data-widget_type=\"wp-widget-bcn_widget.default\">\n\t\t\t\t<div class=\"elementor-widget-container\">\n\t\t\t\t\t<div class=\"breadcrumbs\" vocab=\"https:\/\/schema.org\/\" typeof=\"BreadcrumbList\"><!-- Breadcrumb NavXT 7.4.1 -->\n<span property=\"itemListElement\" typeof=\"ListItem\"><a property=\"item\" typeof=\"WebPage\" title=\"Ir a DRA. GIBERT.\" href=\"https:\/\/www.doctoragibert.com\/es\/\" class=\"home\" aria-current=\"page\"><span property=\"name\">DRA. GIBERT<\/span><\/a><meta property=\"position\" content=\"1\"><\/span><\/div>\t\t\t\t<\/div>\n\t\t\t\t<\/div>\n\t\t\t\t<div class=\"elementor-element elementor-element-2aee7ac elementor-widget elementor-widget-spacer\" data-id=\"2aee7ac\" data-element_type=\"widget\" data-widget_type=\"spacer.default\">\n\t\t\t\t<div class=\"elementor-widget-container\">\n\t\t\t\t\t\t\t<div class=\"elementor-spacer\">\n\t\t\t<div class=\"elementor-spacer-inner\"><\/div>\n\t\t<\/div>\n\t\t\t\t\t\t<\/div>\n\t\t\t\t<\/div>\n\t\t\t\t\t<\/div>\n\t\t<\/div>\n\t\t\t\t\t<\/div>\n\t\t<\/section>\n\t\t\t\t<section class=\"elementor-section elementor-top-section elementor-element elementor-element-1c822e15 elementor-section-boxed elementor-section-height-default elementor-section-height-default\" data-id=\"1c822e15\" data-element_type=\"section\">\n\t\t\t\t\t\t<div class=\"elementor-container elementor-column-gap-default\">\n\t\t\t\t\t<div class=\"elementor-column elementor-col-100 elementor-top-column elementor-element elementor-element-6920e809\" data-id=\"6920e809\" data-element_type=\"column\">\n\t\t\t<div class=\"elementor-widget-wrap elementor-element-populated\">\n\t\t\t\t\t\t<div class=\"elementor-element elementor-element-7c23e799 elementor-widget elementor-widget-text-editor\" data-id=\"7c23e799\" data-element_type=\"widget\" data-widget_type=\"text-editor.default\">\n\t\t\t\t<div class=\"elementor-widget-container\">\n\t\t\t\t\t\t\t\t\t<p><em>Autora:<\/em>\u00a0Dra. MJ Gibert.<br \/><em>Fecha de la primera versi\u00f3n: <\/em>1-3-22.<\/p><p>\u00a0<\/p><p>El <strong>an\u00e1lisis del virus del papiloma humano (VPH)<\/strong> en las secreciones <strong>vaginales<\/strong> es el <strong>m\u00e9todo recomendado por la Organizaci\u00f3n Mundial de la Salud (OMS)<\/strong> para la <strong>detecci\u00f3n precoz del c\u00e1ncer de cuello uterino<\/strong> a partir de los <strong>30 a\u00f1os<\/strong>. Este tipo de estudio se basa en la PCR (reacci\u00f3n en cadena de la polimerasa) o t\u00e9cnica que amplifica los genes del VPH, lo que permite conocer la realidad microsc\u00f3pica que nos rodea y que, adem\u00e1s, nos puede lastimar. Ello significa que hacer <strong>citolog\u00edas preventivas<\/strong> ha quedado definitivamente <strong>obsoleto<\/strong>. La raz\u00f3n es que <strong>las citolog\u00edas detectan 2\/3 partes<\/strong> de las lesiones precancerosas mientras que las <strong>pruebas de VPH<\/strong> detectan <strong>al menos el 90%<\/strong>.<\/p><p>\u00a0<\/p><blockquote><h2 style=\"text-align: center;\"><span style=\"color: #008080;\">La prueba del VPH es superior a la citolog\u00eda y nos permite hallar lesiones precancerosas que la citolog\u00eda pod\u00eda pasar por alto<\/span><\/h2><p>\u00a0<\/p><\/blockquote><p>La falta de capacidad de detecci\u00f3n de la citolog\u00eda se ha suplido tradicionalmente repitiendo cada a\u00f1o la citolog\u00eda. Aun as\u00ed, cada cierto tiempo ve\u00edamos por la consulta alguna mujer que se hab\u00eda realizado sus controles citol\u00f3gicos escrupulosamente con un c\u00e1ncer de cuello uterino. \u00a1Y ello nos causaba a todos, ginec\u00f3logos y pacientes, una gran decepci\u00f3n!<br \/><img fetchpriority=\"high\" decoding=\"async\" class=\"wp-image-19484 alignright\" src=\"https:\/\/www.doctoragibert.com\/wp-content\/uploads\/2022\/03\/VPH_16.jpg\" sizes=\"(max-width: 492px) 100vw, 492px\" srcset=\"https:\/\/www.doctoragibert.com\/wp-content\/uploads\/2022\/03\/VPH_16.jpg 2456w, https:\/\/www.doctoragibert.com\/wp-content\/uploads\/2022\/03\/VPH_16-1536x1185.jpg 1536w, https:\/\/www.doctoragibert.com\/wp-content\/uploads\/2022\/03\/VPH_16-2048x1579.jpg 2048w\" alt=\"VPH 16\" width=\"319\" height=\"246\" \/>Desde noviembre de 2019, realizamos <strong>en nuestra consulta <\/strong>estudios de VPH a las mujeres cuyos seguros se lo cubren y que\u00a0<strong>ya son m\u00e1s de un millar<\/strong>. Auditamos nuestros resultados y se\u00a0<strong>los presentamos a los compa\u00f1eros ginec\u00f3logos ejercientes en Baleares <\/strong>hace 3 meses.<\/p><p>Los hallazgos m\u00e1s destacados fueron:<\/p><ul><li>El <strong>12%<\/strong> de las mujeres de <strong>30 a\u00f1os o m\u00e1s son portadoras del VPH<\/strong>.<\/li><li>El <strong>70%<\/strong> de las positivas para este virus <strong>son portadoras cr\u00f3nicas<\/strong>, esto es, siguen con el virus al control que realizamos al a\u00f1o.<\/li><li>Pudimos localizar <strong>3 mujeres con citolog\u00edas repetidamente normales que ten\u00edan una lesi\u00f3n precancerosa de alto riesgo<\/strong>.<\/li><li>Las mujeres que tienen <strong>citolog\u00eda y prueba del VPH negativas pueden dejar tranquilamente la detecci\u00f3n precoz del c\u00e1ncer del cuello uterino<\/strong> y realizarse otras acciones preventivas con mayores beneficios para su salud (cribados de c\u00e1ncer de colon, mama y osteoporosis).<\/li><\/ul><p><strong>No disponer de resultados de pruebas de VPH en las m\u00e1s mayores supone la posibilidad de que una mujer con citolog\u00edas negativas pueda ser portadora del VPH y no lo sepamos<\/strong>. Esta situaci\u00f3n se mantiene silente, salvo si hay una disminuci\u00f3n de defensas, entonces el VPH puede proliferar y causar un c\u00e1ncer de cuello en la vejez.<\/p><p>Utilizamos el <a href=\"https:\/\/miabyxytotest.es\/\" target=\"_blank\" rel=\"noopener\"><strong>M\u00eda by Xytotest<\/strong><\/a>, sistema que combina:<\/p><ol><li>Un dispositivo de toma de flujo vaginal que puede realizar tanto el profesional sanitario como la misma mujer sin ayuda (autotoma).<\/li><li>Un an\u00e1lisis de ADN del VPH que detecta los 14 tipos de virus que causan casi todos los c\u00e1nceres de cuello uterino.<\/li><li>Un an\u00e1lisis de ARNm que escruta si el virus est\u00e1 \u00abactivo\u00bb, esto es, si se ha integrado dentro de los genes de nuestras c\u00e9lulas y usa nuestra maquinaria celular para multiplicarse activamente.<\/li><\/ol><p><img decoding=\"async\" class=\"wp-image-19480 alignright\" src=\"https:\/\/www.doctoragibert.com\/wp-content\/uploads\/2022\/03\/MIA02.jpg\" alt=\"M\u00eda by Xyotest sampling device\" width=\"321\" height=\"241\" \/><strong>Ello permite que las mujeres positivas para el VPH se puedan subdividir en distintas categor\u00edas de riesgo.<\/strong><\/p><p>En la actualidad, no tenemos conocimiento suficiente para estar seguros de las repercusiones de la positividad del VPH a largo plazo, por esto realizamos controles anuales. Es probable que en el futuro podamos relajar los controles ginecol\u00f3gicos sin comprometer la salud en algunas mujeres.<\/p><p>Tanto si vuestra aseguradora os cubre la prueba de VPH como si no, <strong>nuestra recomendaci\u00f3n, y la de la OMS<\/strong>, es que os la hag\u00e1is <strong>cada 5 a\u00f1os<\/strong>, entre los 30 y los 65 a\u00f1os y, si ello no es posible, tenemos unos \u00abm\u00ednimos\u00bb:<\/p><ul><li>Antes de dar por finalizado el cribado (detecci\u00f3n precoz).<\/li><li>Dos veces en la vida, a los 35 y a los 45 a\u00f1os.<\/li><\/ul><h2>\u00a0<\/h2><h2 style=\"text-align: center;\"><span style=\"color: #008080;\">Es importante hacerse la prueba del VPH cada 5 a\u00f1os y, si no es posible, al menos dos veces en la vida<\/span><\/h2><p>\u00a0<\/p><p><strong><img decoding=\"async\" class=\"alignright size-full wp-image-19482\" src=\"https:\/\/www.doctoragibert.com\/wp-content\/uploads\/2022\/03\/mia-proceso-es.jpg\" alt=\"\" width=\"480\" height=\"360\" \/><\/strong><br \/>Solicitad informaci\u00f3n a nuestras auxiliares o mediante <a href=\"https:\/\/www.doctoragibert.com\/es\/localizacion\/\" target=\"_blank\" rel=\"noopener\">nuestra web<\/a>, si os interesa.<br \/>Asimismo, estamos colaborando con la organizaci\u00f3n europea <a href=\"http:\/\/engage.esgo.org\" target=\"_blank\" rel=\"noopener\">ENGAGe<\/a> (Red Europea de Grupos de Apoyo al C\u00e1ncer Ginecol\u00f3gico) en la traducci\u00f3n de <strong>m\u00e1s material informativo sobre el VPH<\/strong> y que pod\u00e9is consultar en \u201cResources\u201d (Recursos).<\/p><p>\u00a0<\/p><p><strong>Fuentes de la informaci\u00f3n:<\/strong><\/p><ul><li>Derbie A, Mekonnen D, Woldeamanuel Y, Van Ostade X, Abebe T. HPV E6\/E7 mRNA test for the detection of high grade cervical intraepithelial neoplasia (CIN2+): a systematic review. Infect Agent Cancer. 2020;15:9.<\/li><li>AEPCC-Gu\u00eda: PREVENCI\u00d3N SECUNDARIA DEL CANCER DE CUELLO DEL \u00daTERO, 2022. CONDUCTA CL\u00cdNICA ANTE RESULTADOS ANORMALES DE LAS PRUEBAS DE CRIBADO. Coordinador: Torn\u00e9 A. Secretaria: del Pino M. Autores: Torn\u00e9 A; And\u00eda, D; Bruni L; Centeno C; Coronado P; Cruz Qu\u00edlez J; de la Fuente J; de Sanjos\u00e9 S; Granados R; Ib\u00e1\u00f1ez R; Lloveras B;<br \/>Lubrano A Mat\u00edas Guiu X; Medina N; Ordi J; Ram\u00edrez M; del Pino M.<\/li><\/ul>\t\t\t\t\t\t\t\t<\/div>\n\t\t\t\t<\/div>\n\t\t\t\t\t<\/div>\n\t\t<\/div>\n\t\t\t\t\t<\/div>\n\t\t<\/section>\n\t\t\t\t<section class=\"elementor-section elementor-top-section elementor-element elementor-element-090b0a8 elementor-section-boxed elementor-section-height-default elementor-section-height-default\" data-id=\"090b0a8\" data-element_type=\"section\">\n\t\t\t\t\t\t<div class=\"elementor-container elementor-column-gap-default\">\n\t\t\t\t\t<div class=\"elementor-column elementor-col-100 elementor-top-column elementor-element elementor-element-c09c57b\" data-id=\"c09c57b\" data-element_type=\"column\">\n\t\t\t<div class=\"elementor-widget-wrap elementor-element-populated\">\n\t\t\t\t\t\t<div class=\"elementor-element elementor-element-4ea2f70 elementor-widget elementor-widget-shortcode\" data-id=\"4ea2f70\" data-element_type=\"widget\" data-widget_type=\"shortcode.default\">\n\t\t\t\t<div class=\"elementor-widget-container\">\n\t\t\t\t\t\t\t<div class=\"elementor-shortcode\">[ssba-buttons]<\/div>\n\t\t\t\t\t\t<\/div>\n\t\t\t\t<\/div>\n\t\t\t\t\t<\/div>\n\t\t<\/div>\n\t\t\t\t\t<\/div>\n\t\t<\/section>\n\t\t\t\t<\/div>\n\t\t","protected":false},"excerpt":{"rendered":"<p>LA PRUEBA DEL VPH: \u00bfQu\u00e9 es? \u00bfPara qu\u00e9 sirve? Autora:\u00a0Dra. MJ Gibert.Fecha de la primera versi\u00f3n: 1-3-22. \u00a0 El an\u00e1lisis del virus del papiloma humano (VPH) en las secreciones vaginales es el m\u00e9todo recomendado por la Organizaci\u00f3n Mundial de la Salud (OMS) para la detecci\u00f3n precoz del c\u00e1ncer de cuello uterino a partir de los [&hellip;]<\/p>\n","protected":false},"author":29996,"featured_media":19481,"parent":15303,"menu_order":0,"comment_status":"open","ping_status":"closed","template":"elementor_header_footer","meta":{"footnotes":""},"class_list":["post-19539","page","type-page","status-publish","has-post-thumbnail","hentry"],"yoast_head":"<!-- This site is optimized with the Yoast SEO plugin v25.0 - https:\/\/yoast.com\/wordpress\/plugins\/seo\/ -->\n<title>LA PRUEBA DEL VPH: \u00bfQu\u00e9 es? \u00bfPara qu\u00e9 sirve? - DRA. GIBERT<\/title>\n<meta name=\"robots\" content=\"index, follow, max-snippet:-1, max-image-preview:large, max-video-preview:-1\" \/>\n<link rel=\"canonical\" href=\"https:\/\/www.doctoragibert.com\/es\/pacientes\/prevencion-en-ginecologia\/prueba-vph\/\" \/>\n<meta property=\"og:locale\" content=\"es_ES\" \/>\n<meta property=\"og:type\" content=\"article\" \/>\n<meta property=\"og:title\" content=\"LA PRUEBA DEL VPH: \u00bfQu\u00e9 es? \u00bfPara qu\u00e9 sirve? - DRA. GIBERT\" \/>\n<meta property=\"og:description\" content=\"LA PRUEBA DEL VPH: \u00bfQu\u00e9 es? \u00bfPara qu\u00e9 sirve? Autora:\u00a0Dra. MJ Gibert.Fecha de la primera versi\u00f3n: 1-3-22. \u00a0 El an\u00e1lisis del virus del papiloma humano (VPH) en las secreciones vaginales es el m\u00e9todo recomendado por la Organizaci\u00f3n Mundial de la Salud (OMS) para la detecci\u00f3n precoz del c\u00e1ncer de cuello uterino a partir de los [&hellip;]\" \/>\n<meta property=\"og:url\" content=\"https:\/\/www.doctoragibert.com\/es\/pacientes\/prevencion-en-ginecologia\/prueba-vph\/\" \/>\n<meta property=\"og:site_name\" content=\"DRA. GIBERT\" \/>\n<meta property=\"article:publisher\" content=\"https:\/\/www.facebook.com\/doctoragibert\" \/>\n<meta property=\"article:modified_time\" content=\"2022-03-04T12:02:33+00:00\" \/>\n<meta property=\"og:image\" content=\"https:\/\/www.doctoragibert.com\/wp-content\/uploads\/2022\/03\/MIA02-e1646153491339.jpg\" \/>\n\t<meta property=\"og:image:width\" content=\"1081\" \/>\n\t<meta property=\"og:image:height\" content=\"811\" \/>\n\t<meta property=\"og:image:type\" content=\"image\/jpeg\" \/>\n<meta name=\"twitter:label1\" content=\"Tiempo de lectura\" \/>\n\t<meta name=\"twitter:data1\" content=\"5 minutos\" \/>\n<script type=\"application\/ld+json\" class=\"yoast-schema-graph\">{\"@context\":\"https:\/\/schema.org\",\"@graph\":[{\"@type\":\"WebPage\",\"@id\":\"https:\/\/www.doctoragibert.com\/es\/pacientes\/prevencion-en-ginecologia\/prueba-vph\/\",\"url\":\"https:\/\/www.doctoragibert.com\/es\/pacientes\/prevencion-en-ginecologia\/prueba-vph\/\",\"name\":\"LA PRUEBA DEL VPH: \u00bfQu\u00e9 es? \u00bfPara qu\u00e9 sirve? - DRA. GIBERT\",\"isPartOf\":{\"@id\":\"https:\/\/www.doctoragibert.com\/es\/#website\"},\"primaryImageOfPage\":{\"@id\":\"https:\/\/www.doctoragibert.com\/es\/pacientes\/prevencion-en-ginecologia\/prueba-vph\/#primaryimage\"},\"image\":{\"@id\":\"https:\/\/www.doctoragibert.com\/es\/pacientes\/prevencion-en-ginecologia\/prueba-vph\/#primaryimage\"},\"thumbnailUrl\":\"https:\/\/www.doctoragibert.com\/wp-content\/uploads\/2022\/03\/MIA02-e1646153491339.jpg\",\"datePublished\":\"2022-03-04T07:55:26+00:00\",\"dateModified\":\"2022-03-04T12:02:33+00:00\",\"breadcrumb\":{\"@id\":\"https:\/\/www.doctoragibert.com\/es\/pacientes\/prevencion-en-ginecologia\/prueba-vph\/#breadcrumb\"},\"inLanguage\":\"es\",\"potentialAction\":[{\"@type\":\"ReadAction\",\"target\":[\"https:\/\/www.doctoragibert.com\/es\/pacientes\/prevencion-en-ginecologia\/prueba-vph\/\"]}]},{\"@type\":\"ImageObject\",\"inLanguage\":\"es\",\"@id\":\"https:\/\/www.doctoragibert.com\/es\/pacientes\/prevencion-en-ginecologia\/prueba-vph\/#primaryimage\",\"url\":\"https:\/\/www.doctoragibert.com\/wp-content\/uploads\/2022\/03\/MIA02-e1646153491339.jpg\",\"contentUrl\":\"https:\/\/www.doctoragibert.com\/wp-content\/uploads\/2022\/03\/MIA02-e1646153491339.jpg\",\"width\":1081,\"height\":811,\"caption\":\"M\u00eda by Xyotest sampling device\"},{\"@type\":\"BreadcrumbList\",\"@id\":\"https:\/\/www.doctoragibert.com\/es\/pacientes\/prevencion-en-ginecologia\/prueba-vph\/#breadcrumb\",\"itemListElement\":[{\"@type\":\"ListItem\",\"position\":1,\"name\":\"PACIENTES\",\"item\":\"https:\/\/www.doctoragibert.com\/es\/pacientes\/\"},{\"@type\":\"ListItem\",\"position\":2,\"name\":\"PREVENCI\u00d3N EN GINECOLOG\u00cdA\",\"item\":\"https:\/\/www.doctoragibert.com\/es\/pacientes\/prevencion-en-ginecologia\/\"},{\"@type\":\"ListItem\",\"position\":3,\"name\":\"LA PRUEBA DEL VPH: \u00bfQu\u00e9 es? \u00bfPara qu\u00e9 sirve?\"}]},{\"@type\":\"WebSite\",\"@id\":\"https:\/\/www.doctoragibert.com\/es\/#website\",\"url\":\"https:\/\/www.doctoragibert.com\/es\/\",\"name\":\"DRA. GIBERT\",\"description\":\"Ginecologia i obstetricia\",\"potentialAction\":[{\"@type\":\"SearchAction\",\"target\":{\"@type\":\"EntryPoint\",\"urlTemplate\":\"https:\/\/www.doctoragibert.com\/es\/?s={search_term_string}\"},\"query-input\":{\"@type\":\"PropertyValueSpecification\",\"valueRequired\":true,\"valueName\":\"search_term_string\"}}],\"inLanguage\":\"es\"}]}<\/script>\n<!-- \/ Yoast SEO plugin. -->","yoast_head_json":{"title":"LA PRUEBA DEL VPH: \u00bfQu\u00e9 es? \u00bfPara qu\u00e9 sirve? - DRA. GIBERT","robots":{"index":"index","follow":"follow","max-snippet":"max-snippet:-1","max-image-preview":"max-image-preview:large","max-video-preview":"max-video-preview:-1"},"canonical":"https:\/\/www.doctoragibert.com\/es\/pacientes\/prevencion-en-ginecologia\/prueba-vph\/","og_locale":"es_ES","og_type":"article","og_title":"LA PRUEBA DEL VPH: \u00bfQu\u00e9 es? \u00bfPara qu\u00e9 sirve? - DRA. GIBERT","og_description":"LA PRUEBA DEL VPH: \u00bfQu\u00e9 es? \u00bfPara qu\u00e9 sirve? Autora:\u00a0Dra. MJ Gibert.Fecha de la primera versi\u00f3n: 1-3-22. \u00a0 El an\u00e1lisis del virus del papiloma humano (VPH) en las secreciones vaginales es el m\u00e9todo recomendado por la Organizaci\u00f3n Mundial de la Salud (OMS) para la detecci\u00f3n precoz del c\u00e1ncer de cuello uterino a partir de los [&hellip;]","og_url":"https:\/\/www.doctoragibert.com\/es\/pacientes\/prevencion-en-ginecologia\/prueba-vph\/","og_site_name":"DRA. GIBERT","article_publisher":"https:\/\/www.facebook.com\/doctoragibert","article_modified_time":"2022-03-04T12:02:33+00:00","og_image":[{"width":1081,"height":811,"url":"https:\/\/www.doctoragibert.com\/wp-content\/uploads\/2022\/03\/MIA02-e1646153491339.jpg","type":"image\/jpeg"}],"twitter_misc":{"Tiempo de lectura":"5 minutos"},"schema":{"@context":"https:\/\/schema.org","@graph":[{"@type":"WebPage","@id":"https:\/\/www.doctoragibert.com\/es\/pacientes\/prevencion-en-ginecologia\/prueba-vph\/","url":"https:\/\/www.doctoragibert.com\/es\/pacientes\/prevencion-en-ginecologia\/prueba-vph\/","name":"LA PRUEBA DEL VPH: \u00bfQu\u00e9 es? \u00bfPara qu\u00e9 sirve? - DRA. GIBERT","isPartOf":{"@id":"https:\/\/www.doctoragibert.com\/es\/#website"},"primaryImageOfPage":{"@id":"https:\/\/www.doctoragibert.com\/es\/pacientes\/prevencion-en-ginecologia\/prueba-vph\/#primaryimage"},"image":{"@id":"https:\/\/www.doctoragibert.com\/es\/pacientes\/prevencion-en-ginecologia\/prueba-vph\/#primaryimage"},"thumbnailUrl":"https:\/\/www.doctoragibert.com\/wp-content\/uploads\/2022\/03\/MIA02-e1646153491339.jpg","datePublished":"2022-03-04T07:55:26+00:00","dateModified":"2022-03-04T12:02:33+00:00","breadcrumb":{"@id":"https:\/\/www.doctoragibert.com\/es\/pacientes\/prevencion-en-ginecologia\/prueba-vph\/#breadcrumb"},"inLanguage":"es","potentialAction":[{"@type":"ReadAction","target":["https:\/\/www.doctoragibert.com\/es\/pacientes\/prevencion-en-ginecologia\/prueba-vph\/"]}]},{"@type":"ImageObject","inLanguage":"es","@id":"https:\/\/www.doctoragibert.com\/es\/pacientes\/prevencion-en-ginecologia\/prueba-vph\/#primaryimage","url":"https:\/\/www.doctoragibert.com\/wp-content\/uploads\/2022\/03\/MIA02-e1646153491339.jpg","contentUrl":"https:\/\/www.doctoragibert.com\/wp-content\/uploads\/2022\/03\/MIA02-e1646153491339.jpg","width":1081,"height":811,"caption":"M\u00eda by Xyotest sampling device"},{"@type":"BreadcrumbList","@id":"https:\/\/www.doctoragibert.com\/es\/pacientes\/prevencion-en-ginecologia\/prueba-vph\/#breadcrumb","itemListElement":[{"@type":"ListItem","position":1,"name":"PACIENTES","item":"https:\/\/www.doctoragibert.com\/es\/pacientes\/"},{"@type":"ListItem","position":2,"name":"PREVENCI\u00d3N EN GINECOLOG\u00cdA","item":"https:\/\/www.doctoragibert.com\/es\/pacientes\/prevencion-en-ginecologia\/"},{"@type":"ListItem","position":3,"name":"LA PRUEBA DEL VPH: \u00bfQu\u00e9 es? \u00bfPara qu\u00e9 sirve?"}]},{"@type":"WebSite","@id":"https:\/\/www.doctoragibert.com\/es\/#website","url":"https:\/\/www.doctoragibert.com\/es\/","name":"DRA. GIBERT","description":"Ginecologia i obstetricia","potentialAction":[{"@type":"SearchAction","target":{"@type":"EntryPoint","urlTemplate":"https:\/\/www.doctoragibert.com\/es\/?s={search_term_string}"},"query-input":{"@type":"PropertyValueSpecification","valueRequired":true,"valueName":"search_term_string"}}],"inLanguage":"es"}]}},"_links":{"self":[{"href":"https:\/\/www.doctoragibert.com\/es\/wp-json\/wp\/v2\/pages\/19539","targetHints":{"allow":["GET"]}}],"collection":[{"href":"https:\/\/www.doctoragibert.com\/es\/wp-json\/wp\/v2\/pages"}],"about":[{"href":"https:\/\/www.doctoragibert.com\/es\/wp-json\/wp\/v2\/types\/page"}],"author":[{"embeddable":true,"href":"https:\/\/www.doctoragibert.com\/es\/wp-json\/wp\/v2\/users\/29996"}],"replies":[{"embeddable":true,"href":"https:\/\/www.doctoragibert.com\/es\/wp-json\/wp\/v2\/comments?post=19539"}],"version-history":[{"count":5,"href":"https:\/\/www.doctoragibert.com\/es\/wp-json\/wp\/v2\/pages\/19539\/revisions"}],"predecessor-version":[{"id":19653,"href":"https:\/\/www.doctoragibert.com\/es\/wp-json\/wp\/v2\/pages\/19539\/revisions\/19653"}],"up":[{"embeddable":true,"href":"https:\/\/www.doctoragibert.com\/es\/wp-json\/wp\/v2\/pages\/15303"}],"wp:featuredmedia":[{"embeddable":true,"href":"https:\/\/www.doctoragibert.com\/es\/wp-json\/wp\/v2\/media\/19481"}],"wp:attachment":[{"href":"https:\/\/www.doctoragibert.com\/es\/wp-json\/wp\/v2\/media?parent=19539"}],"curies":[{"name":"wp","href":"https:\/\/api.w.org\/{rel}","templated":true}]}}