{"id":19813,"date":"2022-05-16T22:00:31","date_gmt":"2022-05-16T22:00:31","guid":{"rendered":"https:\/\/www.doctoragibert.com\/prevencio-preeclampsia\/"},"modified":"2022-05-16T22:57:32","modified_gmt":"2022-05-16T22:57:32","slug":"prevencio-preeclampsia","status":"publish","type":"page","link":"https:\/\/www.doctoragibert.com\/es\/pacientes\/embarazo-y-parto\/prevencio-preeclampsia\/","title":{"rendered":"PREVENCI\u00d3N DE LA PREECLAMPSIA: \u00bfEn qu\u00e9 consiste?"},"content":{"rendered":"<p><em>Autora: Dra. MJ Gibert.<\/em><br \/>\n<em>Data d\u2019actualitzaci\u00f3: 17\/5\/22.<\/em><\/p>\n<h3><\/h3>\n<h3>\u00bfQU\u00c9 \u00c9S LA PREECLAMPSIA?<\/h3>\n<p><img fetchpriority=\"high\" decoding=\"async\" class=\"alignright\" src=\"https:\/\/www.doctoragibert.com\/wp-content\/uploads\/2022\/05\/Prevencio_preeclampsia.jpg\" alt=\"\" width=\"442\" height=\"303\" \/><br \/>\nEs la <strong>hipertensi\u00f3n arterial<\/strong> detectada en <strong>la segunda mitad del embarazo<\/strong>, junto a la presencia de prote\u00ednas en orina y\/o la disfunci\u00f3n de \u00f3rganos maternos. Esta enfermedad afecta <strong>entre 1 y 2 de cada 100 embarazadas<\/strong> y puede suponer una <strong>amenaza tanto para la madre como para su hijo<\/strong>. El \u00fanico tratamiento curativo es el parto y, si se presenta mucho antes de salir de cuentas (40 semanas), el beb\u00e9 ser\u00e1 prematuro. En cuanto a la madre, puede sufrir las consecuencias de las insuficiencias renal o hep\u00e1tica, problemas de coagulaci\u00f3n, convulsiones e incluso da\u00f1o cerebral asociado a un ictus. Con respecto al feto, aparte de la prematuridad, el crecimiento fetal puede ser inferior a lo esperado e, incluso, puede morir intra\u00fatero.<br \/>\nPor suerte, casi el 80% de las madres debutan a partir de las 34 semanas y se manejan mediante un seguimiento estricto y la finalizaci\u00f3n del embarazo. En el 20% restante, se intenta apurar m\u00e1s con el fin de que el feto sea lo menos prematuro posible, aunque los riesgos para la madre y el feto sean superiores a los debuts m\u00e1s tard\u00edos.<\/p>\n<p>&nbsp;<\/p>\n<h2 style=\"text-align: center;\"><span style=\"color: #008080;\">La preeclampsia es una enfermedad que puede tener repercusiones importantes para la madre y para el hijo<\/span><\/h2>\n<p>&nbsp;<\/p>\n<h3>\u00bfC\u00d3MO SE PUEDE PREVENIR?<\/h3>\n<p>Si vuestro c\u00e1lculo de riesgo de preeclampsia es alto, os recomendaremos que tom\u00e9is <strong>aspirina desde antes de la 16\u00aa semana de embarazo y hasta la 36\u00aa<\/strong>. Ello reduce en un 60% la posibilidad de padecer preeclampsia antes de las 37 semanas de embarazo y el <strong>80% antes de las 34 semanas.<\/strong><\/p>\n<p>&nbsp;<\/p>\n<h3>\u00bfC\u00d3MO CALCULAMOS VUESTRO RIESGO?<\/h3>\n<p>Mediante la informaci\u00f3n que nos proporcion\u00e1is vosotras, vuestra tensi\u00f3n arterial y datos adicionales que extraemos de vuestra ecograf\u00eda de las 12 semanas e, incluso, de vuestro an\u00e1lisis de sangre para la detecci\u00f3n prenatal del s\u00edndrome de Down. <strong>Si vuestro riesgo de preeclampsia antes de las 37 semanas es de 1 entre 100 o superior, os recetamos 150 mg de aspirina<\/strong> que deb\u00e9is tomar, preferentemente, antes del descanso nocturno.<\/p>\n<p>&nbsp;<\/p>\n<h3>SI MI C\u00c1LCULO SALE DE BAJO RIESGO, \u00bfPUEDO ESTAR SEGURA DE QUE NO PADECER\u00c9 PREECLAMPSIA?<\/h3>\n<p>Si bien lo m\u00e1s probable es que esta enfermedad no te afecte, tambi\u00e9n es cierto que una de cada 5 preeclampsias diagnosticadas antes de las 37 semanas y la mitad de las que debutan m\u00e1s tarde habr\u00e1n obtenido un c\u00e1lculo de riesgo bajo.<\/p>\n<p>&nbsp;<\/p>\n<h3>SI MI C\u00c1LCULO SALE DE ALTO RIESGO, \u00bfQU\u00c9 POSIBILIDADES TENGO DE PADECER PREECLAMPSIA?<\/h3>\n<p>A pesar de que el riesgo salga alto, raramente ser\u00e1 del 100%. En otras palabras, si tu c\u00e1lculo de riesgo fuera del 1%, tienes 10 posibilidades entre 1.000 de sufrir preeclampsia y 990 de no sufrirla. En cambio, si tu riesgo fuera del 10%, tienes 100 posibilidades entre 1.000 de enfermar y 900 de no hacerlo. Si tomas la aspirina que te han recomendado, tu riesgo de padecer preeclampsia antes de las 34 semanas se reducir\u00e1 el 80%, esto es, pasar\u00e1s de 10 posibilidades a 2 en el primer supuesto y de 100 a 20 en el segundo..<\/p>\n<p>&nbsp;<\/p>\n<h3>\u00bfC\u00d3MO PROCEDEMOS AL C\u00c1LCULO DE RIESGO EN LA CONSULTA DE LA DRA. GIBERT?<\/h3>\n<p>Si te haces el an\u00e1lisis para la detecci\u00f3n prenatal del s\u00edndrome de Down a los pocos d\u00edas de la ecograf\u00eda de las 12 semanas, debes remitir <a href=\"https:\/\/www.doctoragibert.com\/es\/localizacion\/\" target=\"_blank\" rel=\"noopener\">al mail de las doctoras<\/a> una copia de los resultados del mismo. En cuanto a la ecograf\u00eda de las 12 semanas, s\u00f3lo debes enviarla si no te la has hecho en nuestra consulta. A los pocos d\u00edas, tendr\u00e1s tu c\u00e1lculo de riesgo en tu buz\u00f3n y, si fuera el caso, la receta de la aspirina. De esta forma, nos aseguramos que se inicie la profilaxis con aspirina lo antes posible, esto es, <strong>lo m\u00e1s cerca de las 11 semanas y siempre antes de las 16<\/strong>.<\/p>\n<p>&nbsp;<\/p>\n<h2 style=\"text-align: center;\"><span style=\"color: #008080;\">Si vuestro c\u00e1lculo de riesgo de preeclampsia supera el 1% os recomendaremos aspirina para su prevenci\u00f3n<\/span><\/h2>\n<p>&nbsp;<\/p>\n<h3>\u00bfPUEDO HACER ALGO M\u00c1S PARA PREVENIR LA PREECLAMPSIA?<\/h3>\n<p>Durante el embarazo es conveniente tomar tres raciones diarias de leche o sus derivados (queso, yogur, etc.). Hay indicios de que una<strong> ingesta insuficiente de calcio tambi\u00e9n aumenta el riesgo de sufrir preeclampsia<\/strong>. Si no lo sueles conseguir, mejor que se lo comentes a tu ginec\u00f3logo de confianza. Es probable que te prescriba un suplemento de calcio.<\/p>\n<p>&nbsp;<\/p>\n<h3>Y SI MI GINEC\u00d3LOGO NO HA CALCULADO MI RIESGO DE PREECLAMPSIA, \u00bfLO HA HECHO MAL?<\/h3>\n<p>No. Ello puede obedecer a varios factores:<\/p>\n<ul>\n<li>Te ha visitado por primera vez a partir de las 20 semanas de gestaci\u00f3n: en este supuesto, no hay beneficio de la prevenci\u00f3n con aspirina.<\/li>\n<li>Te ha visitado por primera vez entre las 16 y las 20 semanas: no se hace el c\u00e1lculo de riesgo, sino que se tienen en cuenta factores aislados como la preeclampsia en un embarazo anterior, ser hipertensa cr\u00f3nica, tener un primer hijo a los 40 a\u00f1os o m\u00e1s y otros.<\/li>\n<li>Tu ginec\u00f3logo considera que no es necesario.<\/li>\n<\/ul>\n<p>Si bien lo comentado en este texto ya es la pr\u00e1ctica usual en nuestro entorno, no debemos olvidar que parte de un gran ensayo cl\u00ednico llamado ASPRE sobre casi 1.800 mujeres con alto riesgo de preeclampsia, a la mitad de las cuales se les administr\u00f3 aspirina y a la otra mitad placebo. Es un estudio experimental que se realiz\u00f3 con fondos europeos, una gran iniciativa que culminaba muchos a\u00f1os de estudio previo sobre el origen de la preeclampsia. Si bien las previsiones de prevenci\u00f3n con la aspirina son las detalladas m\u00e1s arriba, no est\u00e1n documentadas en condiciones habituales sino experimentales. Con el tiempo, se ir\u00e1n conociendo las repercusiones cl\u00ednicas de la prevenci\u00f3n con aspirina y podremos saber hasta qu\u00e9 punto los vaticinios se ajustan a la realidad.<\/p>\n<h4><\/h4>\n<h4>FUENTES DE LA INFORMACI\u00d3N:<\/h4>\n<ul>\n<li>Rolnik DL, Wright D, Poon LC, O&#8217;Gorman N, Syngelaki A, de Paco Matallana C, Akolekar R, Cicero S, Janga D, Singh M, Molina FS, Persico N, Jani JC, Plasencia W, Papaioannou G, Tenenbaum-Gavish K, Meiri H, Gizurarson S, Maclagan K, Nicolaides KH. Aspirin versus Placebo in Pregnancies at High Risk for Preterm Preeclampsia. N Engl J Med. 2017 Aug 17;377(7):613-622. doi: 10.1056\/NEJMoa1704559. Epub 2017 Jun 28. PMID: 28657417.<\/li>\n<li>Rolnik DL, Nicolaides KH, Poon LC. Prevention of preeclampsia with aspirin. Am J Obstet Gynecol. 2022 Feb;226(2S):S1108-S1119. doi: 10.1016\/j.ajog.2020.08.045. Epub 2020 Aug 21. PMID: 32835720.<\/li>\n<li>Poon LC, Shennan A, Hyett JA, Kapur A, Hadar E, Divakar H, McAuliffe F, da Silva Costa F, von Dadelszen P, McIntyre HD, Kihara AB, Di Renzo GC, Romero R, D&#8217;Alton M, Berghella V, Nicolaides KH, Hod M. The International Federation of Gynecology and Obstetrics (FIGO) initiative on pre-eclampsia: A pragmatic guide for first-trimester screening and prevention. Int J Gynaecol Obstet. 2019 May;145 Suppl 1(Suppl 1):1-33. doi: 10.1002\/ijgo.12802. Erratum in: Int J Gynaecol Obstet. 2019 Sep;146(3):390-391. PMID: 31111484; PMCID: PMC6944283.<\/li>\n<\/ul>\n","protected":false},"excerpt":{"rendered":"<p>Autora: Dra. MJ Gibert. Data d\u2019actualitzaci\u00f3: 17\/5\/22. \u00bfQU\u00c9 \u00c9S LA PREECLAMPSIA? Es la hipertensi\u00f3n arterial detectada en la segunda mitad del embarazo, junto a la presencia de prote\u00ednas en orina y\/o la disfunci\u00f3n de \u00f3rganos maternos. Esta enfermedad afecta entre 1 y 2 de cada 100 embarazadas y puede suponer una amenaza tanto para la [&hellip;]<\/p>\n","protected":false},"author":12,"featured_media":0,"parent":15253,"menu_order":0,"comment_status":"closed","ping_status":"closed","template":"page-limpia.php","meta":{"footnotes":""},"class_list":["post-19813","page","type-page","status-publish","hentry"],"yoast_head":"<!-- This site is optimized with the Yoast SEO plugin v25.0 - https:\/\/yoast.com\/wordpress\/plugins\/seo\/ -->\n<title>PREVENCI\u00d3N DE LA PREECLAMPSIA: \u00bfEn qu\u00e9 consiste? - DRA. GIBERT<\/title>\n<meta name=\"robots\" content=\"index, follow, max-snippet:-1, max-image-preview:large, max-video-preview:-1\" \/>\n<link rel=\"canonical\" href=\"https:\/\/www.doctoragibert.com\/es\/pacientes\/embarazo-y-parto\/prevencio-preeclampsia\/\" \/>\n<meta property=\"og:locale\" content=\"es_ES\" \/>\n<meta property=\"og:type\" content=\"article\" \/>\n<meta property=\"og:title\" content=\"PREVENCI\u00d3N DE LA PREECLAMPSIA: \u00bfEn qu\u00e9 consiste? - DRA. GIBERT\" \/>\n<meta property=\"og:description\" content=\"Autora: Dra. MJ Gibert. Data d\u2019actualitzaci\u00f3: 17\/5\/22. \u00bfQU\u00c9 \u00c9S LA PREECLAMPSIA? Es la hipertensi\u00f3n arterial detectada en la segunda mitad del embarazo, junto a la presencia de prote\u00ednas en orina y\/o la disfunci\u00f3n de \u00f3rganos maternos. Esta enfermedad afecta entre 1 y 2 de cada 100 embarazadas y puede suponer una amenaza tanto para la [&hellip;]\" \/>\n<meta property=\"og:url\" content=\"https:\/\/www.doctoragibert.com\/es\/pacientes\/embarazo-y-parto\/prevencio-preeclampsia\/\" \/>\n<meta property=\"og:site_name\" content=\"DRA. GIBERT\" \/>\n<meta property=\"article:publisher\" content=\"https:\/\/www.facebook.com\/doctoragibert\" \/>\n<meta property=\"article:modified_time\" content=\"2022-05-16T22:57:32+00:00\" \/>\n<meta property=\"og:image\" content=\"https:\/\/www.doctoragibert.com\/wp-content\/uploads\/2022\/05\/Prevencio_preeclampsia.jpg\" \/>\n<meta name=\"twitter:label1\" content=\"Tiempo de lectura\" \/>\n\t<meta name=\"twitter:data1\" content=\"6 minutos\" \/>\n<script type=\"application\/ld+json\" class=\"yoast-schema-graph\">{\"@context\":\"https:\/\/schema.org\",\"@graph\":[{\"@type\":\"WebPage\",\"@id\":\"https:\/\/www.doctoragibert.com\/es\/pacientes\/embarazo-y-parto\/prevencio-preeclampsia\/\",\"url\":\"https:\/\/www.doctoragibert.com\/es\/pacientes\/embarazo-y-parto\/prevencio-preeclampsia\/\",\"name\":\"PREVENCI\u00d3N DE LA PREECLAMPSIA: \u00bfEn qu\u00e9 consiste? - DRA. GIBERT\",\"isPartOf\":{\"@id\":\"https:\/\/www.doctoragibert.com\/es\/#website\"},\"primaryImageOfPage\":{\"@id\":\"https:\/\/www.doctoragibert.com\/es\/pacientes\/embarazo-y-parto\/prevencio-preeclampsia\/#primaryimage\"},\"image\":{\"@id\":\"https:\/\/www.doctoragibert.com\/es\/pacientes\/embarazo-y-parto\/prevencio-preeclampsia\/#primaryimage\"},\"thumbnailUrl\":\"https:\/\/www.doctoragibert.com\/wp-content\/uploads\/2022\/05\/Prevencio_preeclampsia.jpg\",\"datePublished\":\"2022-05-16T22:00:31+00:00\",\"dateModified\":\"2022-05-16T22:57:32+00:00\",\"breadcrumb\":{\"@id\":\"https:\/\/www.doctoragibert.com\/es\/pacientes\/embarazo-y-parto\/prevencio-preeclampsia\/#breadcrumb\"},\"inLanguage\":\"es\",\"potentialAction\":[{\"@type\":\"ReadAction\",\"target\":[\"https:\/\/www.doctoragibert.com\/es\/pacientes\/embarazo-y-parto\/prevencio-preeclampsia\/\"]}]},{\"@type\":\"ImageObject\",\"inLanguage\":\"es\",\"@id\":\"https:\/\/www.doctoragibert.com\/es\/pacientes\/embarazo-y-parto\/prevencio-preeclampsia\/#primaryimage\",\"url\":\"https:\/\/www.doctoragibert.com\/wp-content\/uploads\/2022\/05\/Prevencio_preeclampsia.jpg\",\"contentUrl\":\"https:\/\/www.doctoragibert.com\/wp-content\/uploads\/2022\/05\/Prevencio_preeclampsia.jpg\"},{\"@type\":\"BreadcrumbList\",\"@id\":\"https:\/\/www.doctoragibert.com\/es\/pacientes\/embarazo-y-parto\/prevencio-preeclampsia\/#breadcrumb\",\"itemListElement\":[{\"@type\":\"ListItem\",\"position\":1,\"name\":\"PACIENTES\",\"item\":\"https:\/\/www.doctoragibert.com\/es\/pacientes\/\"},{\"@type\":\"ListItem\",\"position\":2,\"name\":\"EMBARAZO Y PARTO\",\"item\":\"https:\/\/www.doctoragibert.com\/es\/pacientes\/embarazo-y-parto\/\"},{\"@type\":\"ListItem\",\"position\":3,\"name\":\"PREVENCI\u00d3N DE LA PREECLAMPSIA: \u00bfEn qu\u00e9 consiste?\"}]},{\"@type\":\"WebSite\",\"@id\":\"https:\/\/www.doctoragibert.com\/es\/#website\",\"url\":\"https:\/\/www.doctoragibert.com\/es\/\",\"name\":\"DRA. GIBERT\",\"description\":\"Ginecologia i obstetricia\",\"potentialAction\":[{\"@type\":\"SearchAction\",\"target\":{\"@type\":\"EntryPoint\",\"urlTemplate\":\"https:\/\/www.doctoragibert.com\/es\/?s={search_term_string}\"},\"query-input\":{\"@type\":\"PropertyValueSpecification\",\"valueRequired\":true,\"valueName\":\"search_term_string\"}}],\"inLanguage\":\"es\"}]}<\/script>\n<!-- \/ Yoast SEO plugin. -->","yoast_head_json":{"title":"PREVENCI\u00d3N DE LA PREECLAMPSIA: \u00bfEn qu\u00e9 consiste? - DRA. GIBERT","robots":{"index":"index","follow":"follow","max-snippet":"max-snippet:-1","max-image-preview":"max-image-preview:large","max-video-preview":"max-video-preview:-1"},"canonical":"https:\/\/www.doctoragibert.com\/es\/pacientes\/embarazo-y-parto\/prevencio-preeclampsia\/","og_locale":"es_ES","og_type":"article","og_title":"PREVENCI\u00d3N DE LA PREECLAMPSIA: \u00bfEn qu\u00e9 consiste? - DRA. GIBERT","og_description":"Autora: Dra. MJ Gibert. Data d\u2019actualitzaci\u00f3: 17\/5\/22. \u00bfQU\u00c9 \u00c9S LA PREECLAMPSIA? Es la hipertensi\u00f3n arterial detectada en la segunda mitad del embarazo, junto a la presencia de prote\u00ednas en orina y\/o la disfunci\u00f3n de \u00f3rganos maternos. Esta enfermedad afecta entre 1 y 2 de cada 100 embarazadas y puede suponer una amenaza tanto para la [&hellip;]","og_url":"https:\/\/www.doctoragibert.com\/es\/pacientes\/embarazo-y-parto\/prevencio-preeclampsia\/","og_site_name":"DRA. GIBERT","article_publisher":"https:\/\/www.facebook.com\/doctoragibert","article_modified_time":"2022-05-16T22:57:32+00:00","og_image":[{"url":"https:\/\/www.doctoragibert.com\/wp-content\/uploads\/2022\/05\/Prevencio_preeclampsia.jpg","type":"","width":"","height":""}],"twitter_misc":{"Tiempo de lectura":"6 minutos"},"schema":{"@context":"https:\/\/schema.org","@graph":[{"@type":"WebPage","@id":"https:\/\/www.doctoragibert.com\/es\/pacientes\/embarazo-y-parto\/prevencio-preeclampsia\/","url":"https:\/\/www.doctoragibert.com\/es\/pacientes\/embarazo-y-parto\/prevencio-preeclampsia\/","name":"PREVENCI\u00d3N DE LA PREECLAMPSIA: \u00bfEn qu\u00e9 consiste? - DRA. GIBERT","isPartOf":{"@id":"https:\/\/www.doctoragibert.com\/es\/#website"},"primaryImageOfPage":{"@id":"https:\/\/www.doctoragibert.com\/es\/pacientes\/embarazo-y-parto\/prevencio-preeclampsia\/#primaryimage"},"image":{"@id":"https:\/\/www.doctoragibert.com\/es\/pacientes\/embarazo-y-parto\/prevencio-preeclampsia\/#primaryimage"},"thumbnailUrl":"https:\/\/www.doctoragibert.com\/wp-content\/uploads\/2022\/05\/Prevencio_preeclampsia.jpg","datePublished":"2022-05-16T22:00:31+00:00","dateModified":"2022-05-16T22:57:32+00:00","breadcrumb":{"@id":"https:\/\/www.doctoragibert.com\/es\/pacientes\/embarazo-y-parto\/prevencio-preeclampsia\/#breadcrumb"},"inLanguage":"es","potentialAction":[{"@type":"ReadAction","target":["https:\/\/www.doctoragibert.com\/es\/pacientes\/embarazo-y-parto\/prevencio-preeclampsia\/"]}]},{"@type":"ImageObject","inLanguage":"es","@id":"https:\/\/www.doctoragibert.com\/es\/pacientes\/embarazo-y-parto\/prevencio-preeclampsia\/#primaryimage","url":"https:\/\/www.doctoragibert.com\/wp-content\/uploads\/2022\/05\/Prevencio_preeclampsia.jpg","contentUrl":"https:\/\/www.doctoragibert.com\/wp-content\/uploads\/2022\/05\/Prevencio_preeclampsia.jpg"},{"@type":"BreadcrumbList","@id":"https:\/\/www.doctoragibert.com\/es\/pacientes\/embarazo-y-parto\/prevencio-preeclampsia\/#breadcrumb","itemListElement":[{"@type":"ListItem","position":1,"name":"PACIENTES","item":"https:\/\/www.doctoragibert.com\/es\/pacientes\/"},{"@type":"ListItem","position":2,"name":"EMBARAZO Y PARTO","item":"https:\/\/www.doctoragibert.com\/es\/pacientes\/embarazo-y-parto\/"},{"@type":"ListItem","position":3,"name":"PREVENCI\u00d3N DE LA PREECLAMPSIA: \u00bfEn qu\u00e9 consiste?"}]},{"@type":"WebSite","@id":"https:\/\/www.doctoragibert.com\/es\/#website","url":"https:\/\/www.doctoragibert.com\/es\/","name":"DRA. GIBERT","description":"Ginecologia i obstetricia","potentialAction":[{"@type":"SearchAction","target":{"@type":"EntryPoint","urlTemplate":"https:\/\/www.doctoragibert.com\/es\/?s={search_term_string}"},"query-input":{"@type":"PropertyValueSpecification","valueRequired":true,"valueName":"search_term_string"}}],"inLanguage":"es"}]}},"_links":{"self":[{"href":"https:\/\/www.doctoragibert.com\/es\/wp-json\/wp\/v2\/pages\/19813","targetHints":{"allow":["GET"]}}],"collection":[{"href":"https:\/\/www.doctoragibert.com\/es\/wp-json\/wp\/v2\/pages"}],"about":[{"href":"https:\/\/www.doctoragibert.com\/es\/wp-json\/wp\/v2\/types\/page"}],"author":[{"embeddable":true,"href":"https:\/\/www.doctoragibert.com\/es\/wp-json\/wp\/v2\/users\/12"}],"replies":[{"embeddable":true,"href":"https:\/\/www.doctoragibert.com\/es\/wp-json\/wp\/v2\/comments?post=19813"}],"version-history":[{"count":4,"href":"https:\/\/www.doctoragibert.com\/es\/wp-json\/wp\/v2\/pages\/19813\/revisions"}],"predecessor-version":[{"id":19833,"href":"https:\/\/www.doctoragibert.com\/es\/wp-json\/wp\/v2\/pages\/19813\/revisions\/19833"}],"up":[{"embeddable":true,"href":"https:\/\/www.doctoragibert.com\/es\/wp-json\/wp\/v2\/pages\/15253"}],"wp:attachment":[{"href":"https:\/\/www.doctoragibert.com\/es\/wp-json\/wp\/v2\/media?parent=19813"}],"curies":[{"name":"wp","href":"https:\/\/api.w.org\/{rel}","templated":true}]}}