{"id":19876,"date":"2022-06-14T18:41:46","date_gmt":"2022-06-14T18:41:46","guid":{"rendered":"https:\/\/www.doctoragibert.com\/?page_id=19876"},"modified":"2022-06-14T21:19:22","modified_gmt":"2022-06-14T21:19:22","slug":"autoexamen-mama","status":"publish","type":"page","link":"https:\/\/www.doctoragibert.com\/es\/pacientes\/enfermedades-de-la-mama\/autoexamen-mama\/","title":{"rendered":"AUTOEXPLORACI\u00d3N MAMARIA: \u00bfsirve de algo?"},"content":{"rendered":"<p><em>Autora:<\/em> Dra. MJ Gibert.<br \/>\n<em>Fecha de actualizaci\u00f3n:<\/em> 14\/6\/22.<br \/>\n<em>Fechas de versiones previas:<\/em> 6\/3\/21.<\/p>\n<p data-speechify-sentence=\"\">Recuerdo que, hace ya a\u00f1os, nos contaban con profusi\u00f3n que nos ten\u00edamos que explorar los pechos cada mes, en los \u00faltimos d\u00edas de la regla. Ten\u00edamos que empezar escrutando las mamas en el espejo y, justo despu\u00e9s, tumbarnos en la cama, y palpar con la mano de un lado, el pecho del otro. Eran recomendaciones que emanaban del sentido com\u00fan: si est\u00e1s pendiente de tu cuerpo, encontrar\u00e1s antes cualquier anomal\u00eda y, si \u00e9sta es de importancia, ser\u00e1s diagnosticada m\u00e1s precozmente y tendr\u00e1s m\u00e1s posibilidades de curarte.<strong><img fetchpriority=\"high\" decoding=\"async\" class=\"alignright wp-image-19877\" src=\"https:\/\/www.doctoragibert.com\/wp-content\/uploads\/2022\/06\/AEM.jpeg\" alt=\"\" width=\"317\" height=\"476\" \/><\/strong><\/p>\n<p data-speechify-sentence=\"\">Desgraciadamente, estos consejos no hab\u00edan sido probados y, para resolver si el sentido com\u00fan nos guiaba bien o no, se organiz\u00f3 <strong>un ensayo cl\u00ednico aleatorizado<\/strong>. Se hizo <strong>en Shanghai (China)<\/strong> y participaron <strong>m\u00e1s de un cuarto de mill\u00f3n de trabajadoras textiles<\/strong>. Se repartieron al azar entre un grupo al que se le ense\u00f1aba muy bien c\u00f3mo hacerse la autopalpaci\u00f3n mamaria y otro al que no se le explicaba nada. Las mujeres del grupo de la autoexploraci\u00f3n, como que estaban muy pendientes, consultaban m\u00e1s al m\u00e9dico y, como resultado, se les indicaban m\u00e1s pruebas de imagen y m\u00e1s biopsias. Se dejaron pasar 10 a\u00f1os y aquellas mujeres m\u00e1s pendientes de sus pechos vivieron tanto como las que no se preocupaban. En definitiva, <strong>la autopalpaci\u00f3n produc\u00eda estr\u00e9s, consultas y biopsias, a cambio de no alargar la vida.<\/strong><\/p>\n<p data-speechify-sentence=\"\">Aun as\u00ed, las organizaciones, para las que el c\u00e1ncer de mama es su raz\u00f3n de ser, siguen recomendando la autoexploraci\u00f3n de los senos. Esto se explica porque los tumores palpables de mama suelen ser detectados por las pacientes. La verdad es que <strong>s\u00f3lo la mitad de los c\u00e1nceres de mama se detectan durante una autoexploraci\u00f3n m\u00e1s o menos reglada, y la otra mitad se diagnostican por casualidad<\/strong>. Un hecho que tenemos que resaltar es que <strong>los c\u00e1nceres encontrados por casualidad suelen tener un tama\u00f1o similar a los que se encuentran con un autoexamen normalizado<\/strong>.<\/p>\n<p data-speechify-sentence=\"\">Lo que nos ha quedado claro, a ra\u00edz de estos hallazgos, es que los m\u00e9dicos y las cl\u00ednicas estamos para dar salud y consuelo, y no para estresar a las pacientes. Por eso, cuando ven\u00eds, os exploramos los pechos y os explicamos lo que es normal y lo que no. Pero <strong>ya hemos dejado de recomendar que os inspeccion\u00e9is los pechos regularmente<\/strong>. Como nos duchamos muchas veces por semana y la mano hace las veces de esponja, \u00e9sta vigila el pecho de manera m\u00e1s o menos inconsciente y no importa insistir m\u00e1s.<\/p>\n<p>&nbsp;<\/p>\n<hr \/>\n<h1 style=\"box-sizing: inherit; text-align: center;\"><span style=\"box-sizing: inherit; color: #008080;\">La autopalpaci\u00f3n mamaria estresa a las mujeres y no alarga su vida<\/span><\/h1>\n<hr \/>\n<p>&nbsp;<\/p>\n<p data-speechify-sentence=\"\">Para saber <strong>cu\u00e1l debe ser el motivo de consulta al ginec\u00f3logo<\/strong>, primero conviene que conozcamos nuestros pechos y los conceptos que vienen a continuaci\u00f3n os ayudar\u00e1n:<\/p>\n<ol data-read-aloud-multi-block=\"true\">\n<li data-speechify-sentence=\"\">Cada mujer tiene unos pechos \u00fanicos, diferentes de todas las otras mujeres, por lo tanto, no hay que compararse con nadie m\u00e1s.<\/li>\n<li data-speechify-sentence=\"\">No hay ninguna mujer que tenga los dos pechos perfectamente sim\u00e9tricos, siempre hay uno que es m\u00e1s grande que el otro. Adem\u00e1s, como gran parte de la composici\u00f3n del pecho es grasa, que hace de relleno o de colch\u00f3n para el resto de componentes, si aumentamos de peso, estas diferencias de tama\u00f1o entre los pechos tambi\u00e9n se magnifican.<\/li>\n<li data-speechify-sentence=\"\">Las mamas cambian a lo largo de nuestra vida. De m\u00e1s j\u00f3venes, suelen ser m\u00e1s tupidas y redondas. Despu\u00e9s de parir o de dejar de mamar, se vac\u00edan. En la menopausia, es frecuente que pierdan la forma redonda y se vuelvan m\u00e1s aplastadas y colgantes, adem\u00e1s solemos ganar una o dos tallas de sujetador. El aumento de tama\u00f1o propio de la menopausia se debe a que acumulan un poco de grasa, lo que las ablanda.<\/li>\n<li data-speechify-sentence=\"\">La textura de las mamas var\u00eda seg\u00fan las zonas. As\u00ed, la parte m\u00e1s pr\u00f3xima a las axilas es m\u00e1s grumosa, como si fuera una bolsa de gelatina con granos de arroz y alguna lenteja. Es evidente que los grumos nunca ser\u00e1n id\u00e9nticos entre un lado y el otro. Si consideramos la parte interna de los pechos, la que mira al escote, pues tiene muy poco tejido grumoso y predomina la palpaci\u00f3n de las costillas. Si nos examinamos por detr\u00e1s del pez\u00f3n y la areola, notamos una zona que se hunde un poco, como si fuera una hamaca. Si tenemos un pecho generoso, a medida que envejecemos, desarrollamos una especie de cord\u00f3n en el surco submamario, que es causado por el efecto de la fuerza que la gravedad sobre nuestros pechos.<\/li>\n<li data-speechify-sentence=\"\">Los pechos suelen estar m\u00e1s hinchados y se les notan m\u00e1s los grumos justo antes de la regla o cuando estamos embarazadas. <strong>Al bajar la regla, se reblandecen y es el mejor momento para valorarlos.<\/strong><\/li>\n<\/ol>\n<p>&nbsp;<\/p>\n<hr \/>\n<h1 style=\"box-sizing: inherit; text-align: center;\"><span style=\"box-sizing: inherit; color: #008080;\">Es importante conocer nuestros pechos, sus variaciones y cu\u00e1ndo conviene consultar<\/span><\/h1>\n<hr \/>\n<p>&nbsp;<\/p>\n<p data-speechify-sentence=\"\">En definitiva, si casualmente alg\u00fan hallazgo en los pechos nos llama la atenci\u00f3n, revisad si la textura de las zonas sim\u00e9tricas de la mama es similar, en cuyo caso no hay que preocuparse. Por el contrario, <strong>si una zona tiene una textura muy diferente de la otra, o bien, si nos notamos un n\u00f3dulo del di\u00e1metro de la yema de un dedo o m\u00e1s, basta que nos ocupemos. Esperemos a que nos venga la regla y, si no la tenemos, pues dejemos pasar dos o tres semanas. Si los cambios persisten, ha llegado el momento de visitar a nuestro m\u00e9dico de confianza.<\/strong><\/p>\n<p data-speechify-sentence=\"\"><strong>\u00a0<\/strong><\/p>\n<h4 style=\"box-sizing: inherit;\"><span style=\"box-sizing: inherit; color: #008080;\">FUENTES DE LA INFORMACI\u00d3N:<\/span><\/h4>\n<ul>\n<li>Brett J, Austoker J. Women who are recalled for further investigation for breast screening: psychological consequences 3 years after recall and factors affecting re-attendance. J Public Health Med. 2001;23:292-300.<\/li>\n<li>Coates RJ, Uhler RJ, Brogan DJ, Gammon MD, Malone KE, Swanson CA, Flagg EW, Brinton LA. Patterns and predictors of the breast cancer detection methods in women under 45 years of age (United States). Cancer Causes Control. 2001;12:431-2.<\/li>\n<li>Mark K, Temkin SM, Terplan M. Breast self-awareness: the evidence behind the euphemism. Obstet Gynecol. 2014;123:734-6.<\/li>\n<li>Pippin MM, Boyd R. Breast Self Examination. En: StatPearls [Internet]. Treasure Island (FL): StatPearls Publishing; 2020 Ene. [acceso 15-2-21]. Disponible en:\u00a0<a href=\"https:\/\/www.ncbi.nlm.nih.gov\/books\/NBK565846\/\">https:\/\/www.ncbi.nlm.nih.gov\/books\/NBK565846\/<\/a><\/li>\n<li>Thomas DB, Gao DL, Self SG, Allison CJ, Tao Y, Mahloch J, Ray R, Qin Q, Presley R, Porter P. Randomized trial of breast self-examination in Shanghai: methodology and preliminary results. J Natl Cancer Inst. 1997;89:355-65.<\/li>\n<\/ul>\n","protected":false},"excerpt":{"rendered":"<p>Autora: Dra. MJ Gibert. Fecha de actualizaci\u00f3n: 14\/6\/22. Fechas de versiones previas: 6\/3\/21. Recuerdo que, hace ya a\u00f1os, nos contaban con profusi\u00f3n que nos ten\u00edamos que explorar los pechos cada mes, en los \u00faltimos d\u00edas de la regla. Ten\u00edamos que empezar escrutando las mamas en el espejo y, justo despu\u00e9s, tumbarnos en la cama, y [&hellip;]<\/p>\n","protected":false},"author":12,"featured_media":0,"parent":15516,"menu_order":0,"comment_status":"closed","ping_status":"closed","template":"page-limpia.php","meta":{"footnotes":""},"class_list":["post-19876","page","type-page","status-publish","hentry"],"yoast_head":"<!-- This site is optimized with the Yoast SEO plugin v25.0 - https:\/\/yoast.com\/wordpress\/plugins\/seo\/ -->\n<title>AUTOEXPLORACI\u00d3N MAMARIA: \u00bfsirve de algo? - DRA. GIBERT<\/title>\n<meta name=\"robots\" content=\"index, follow, max-snippet:-1, max-image-preview:large, max-video-preview:-1\" \/>\n<link rel=\"canonical\" href=\"https:\/\/www.doctoragibert.com\/es\/pacientes\/enfermedades-de-la-mama\/autoexamen-mama\/\" \/>\n<meta property=\"og:locale\" content=\"es_ES\" \/>\n<meta property=\"og:type\" content=\"article\" \/>\n<meta property=\"og:title\" content=\"AUTOEXPLORACI\u00d3N MAMARIA: \u00bfsirve de algo? - DRA. GIBERT\" \/>\n<meta property=\"og:description\" content=\"Autora: Dra. MJ Gibert. Fecha de actualizaci\u00f3n: 14\/6\/22. Fechas de versiones previas: 6\/3\/21. Recuerdo que, hace ya a\u00f1os, nos contaban con profusi\u00f3n que nos ten\u00edamos que explorar los pechos cada mes, en los \u00faltimos d\u00edas de la regla. Ten\u00edamos que empezar escrutando las mamas en el espejo y, justo despu\u00e9s, tumbarnos en la cama, y [&hellip;]\" \/>\n<meta property=\"og:url\" content=\"https:\/\/www.doctoragibert.com\/es\/pacientes\/enfermedades-de-la-mama\/autoexamen-mama\/\" \/>\n<meta property=\"og:site_name\" content=\"DRA. GIBERT\" \/>\n<meta property=\"article:publisher\" content=\"https:\/\/www.facebook.com\/doctoragibert\" \/>\n<meta property=\"article:modified_time\" content=\"2022-06-14T21:19:22+00:00\" \/>\n<meta property=\"og:image\" content=\"https:\/\/www.doctoragibert.com\/wp-content\/uploads\/2022\/06\/AEM.jpeg\" \/>\n<meta name=\"twitter:label1\" content=\"Tiempo de lectura\" \/>\n\t<meta name=\"twitter:data1\" content=\"5 minutos\" \/>\n<script type=\"application\/ld+json\" class=\"yoast-schema-graph\">{\"@context\":\"https:\/\/schema.org\",\"@graph\":[{\"@type\":\"WebPage\",\"@id\":\"https:\/\/www.doctoragibert.com\/es\/pacientes\/enfermedades-de-la-mama\/autoexamen-mama\/\",\"url\":\"https:\/\/www.doctoragibert.com\/es\/pacientes\/enfermedades-de-la-mama\/autoexamen-mama\/\",\"name\":\"AUTOEXPLORACI\u00d3N MAMARIA: \u00bfsirve de algo? - DRA. GIBERT\",\"isPartOf\":{\"@id\":\"https:\/\/www.doctoragibert.com\/es\/#website\"},\"primaryImageOfPage\":{\"@id\":\"https:\/\/www.doctoragibert.com\/es\/pacientes\/enfermedades-de-la-mama\/autoexamen-mama\/#primaryimage\"},\"image\":{\"@id\":\"https:\/\/www.doctoragibert.com\/es\/pacientes\/enfermedades-de-la-mama\/autoexamen-mama\/#primaryimage\"},\"thumbnailUrl\":\"https:\/\/www.doctoragibert.com\/wp-content\/uploads\/2022\/06\/AEM.jpeg\",\"datePublished\":\"2022-06-14T18:41:46+00:00\",\"dateModified\":\"2022-06-14T21:19:22+00:00\",\"breadcrumb\":{\"@id\":\"https:\/\/www.doctoragibert.com\/es\/pacientes\/enfermedades-de-la-mama\/autoexamen-mama\/#breadcrumb\"},\"inLanguage\":\"es\",\"potentialAction\":[{\"@type\":\"ReadAction\",\"target\":[\"https:\/\/www.doctoragibert.com\/es\/pacientes\/enfermedades-de-la-mama\/autoexamen-mama\/\"]}]},{\"@type\":\"ImageObject\",\"inLanguage\":\"es\",\"@id\":\"https:\/\/www.doctoragibert.com\/es\/pacientes\/enfermedades-de-la-mama\/autoexamen-mama\/#primaryimage\",\"url\":\"https:\/\/www.doctoragibert.com\/wp-content\/uploads\/2022\/06\/AEM.jpeg\",\"contentUrl\":\"https:\/\/www.doctoragibert.com\/wp-content\/uploads\/2022\/06\/AEM.jpeg\"},{\"@type\":\"BreadcrumbList\",\"@id\":\"https:\/\/www.doctoragibert.com\/es\/pacientes\/enfermedades-de-la-mama\/autoexamen-mama\/#breadcrumb\",\"itemListElement\":[{\"@type\":\"ListItem\",\"position\":1,\"name\":\"PACIENTES\",\"item\":\"https:\/\/www.doctoragibert.com\/es\/pacientes\/\"},{\"@type\":\"ListItem\",\"position\":2,\"name\":\"ENFERMEDADES DE LA MAMA\",\"item\":\"https:\/\/www.doctoragibert.com\/es\/pacientes\/enfermedades-de-la-mama\/\"},{\"@type\":\"ListItem\",\"position\":3,\"name\":\"AUTOEXPLORACI\u00d3N MAMARIA: \u00bfsirve de algo?\"}]},{\"@type\":\"WebSite\",\"@id\":\"https:\/\/www.doctoragibert.com\/es\/#website\",\"url\":\"https:\/\/www.doctoragibert.com\/es\/\",\"name\":\"DRA. GIBERT\",\"description\":\"Ginecologia i obstetricia\",\"potentialAction\":[{\"@type\":\"SearchAction\",\"target\":{\"@type\":\"EntryPoint\",\"urlTemplate\":\"https:\/\/www.doctoragibert.com\/es\/?s={search_term_string}\"},\"query-input\":{\"@type\":\"PropertyValueSpecification\",\"valueRequired\":true,\"valueName\":\"search_term_string\"}}],\"inLanguage\":\"es\"}]}<\/script>\n<!-- \/ Yoast SEO plugin. -->","yoast_head_json":{"title":"AUTOEXPLORACI\u00d3N MAMARIA: \u00bfsirve de algo? - DRA. GIBERT","robots":{"index":"index","follow":"follow","max-snippet":"max-snippet:-1","max-image-preview":"max-image-preview:large","max-video-preview":"max-video-preview:-1"},"canonical":"https:\/\/www.doctoragibert.com\/es\/pacientes\/enfermedades-de-la-mama\/autoexamen-mama\/","og_locale":"es_ES","og_type":"article","og_title":"AUTOEXPLORACI\u00d3N MAMARIA: \u00bfsirve de algo? - DRA. GIBERT","og_description":"Autora: Dra. MJ Gibert. Fecha de actualizaci\u00f3n: 14\/6\/22. Fechas de versiones previas: 6\/3\/21. Recuerdo que, hace ya a\u00f1os, nos contaban con profusi\u00f3n que nos ten\u00edamos que explorar los pechos cada mes, en los \u00faltimos d\u00edas de la regla. Ten\u00edamos que empezar escrutando las mamas en el espejo y, justo despu\u00e9s, tumbarnos en la cama, y [&hellip;]","og_url":"https:\/\/www.doctoragibert.com\/es\/pacientes\/enfermedades-de-la-mama\/autoexamen-mama\/","og_site_name":"DRA. GIBERT","article_publisher":"https:\/\/www.facebook.com\/doctoragibert","article_modified_time":"2022-06-14T21:19:22+00:00","og_image":[{"url":"https:\/\/www.doctoragibert.com\/wp-content\/uploads\/2022\/06\/AEM.jpeg","type":"","width":"","height":""}],"twitter_misc":{"Tiempo de lectura":"5 minutos"},"schema":{"@context":"https:\/\/schema.org","@graph":[{"@type":"WebPage","@id":"https:\/\/www.doctoragibert.com\/es\/pacientes\/enfermedades-de-la-mama\/autoexamen-mama\/","url":"https:\/\/www.doctoragibert.com\/es\/pacientes\/enfermedades-de-la-mama\/autoexamen-mama\/","name":"AUTOEXPLORACI\u00d3N MAMARIA: \u00bfsirve de algo? - DRA. GIBERT","isPartOf":{"@id":"https:\/\/www.doctoragibert.com\/es\/#website"},"primaryImageOfPage":{"@id":"https:\/\/www.doctoragibert.com\/es\/pacientes\/enfermedades-de-la-mama\/autoexamen-mama\/#primaryimage"},"image":{"@id":"https:\/\/www.doctoragibert.com\/es\/pacientes\/enfermedades-de-la-mama\/autoexamen-mama\/#primaryimage"},"thumbnailUrl":"https:\/\/www.doctoragibert.com\/wp-content\/uploads\/2022\/06\/AEM.jpeg","datePublished":"2022-06-14T18:41:46+00:00","dateModified":"2022-06-14T21:19:22+00:00","breadcrumb":{"@id":"https:\/\/www.doctoragibert.com\/es\/pacientes\/enfermedades-de-la-mama\/autoexamen-mama\/#breadcrumb"},"inLanguage":"es","potentialAction":[{"@type":"ReadAction","target":["https:\/\/www.doctoragibert.com\/es\/pacientes\/enfermedades-de-la-mama\/autoexamen-mama\/"]}]},{"@type":"ImageObject","inLanguage":"es","@id":"https:\/\/www.doctoragibert.com\/es\/pacientes\/enfermedades-de-la-mama\/autoexamen-mama\/#primaryimage","url":"https:\/\/www.doctoragibert.com\/wp-content\/uploads\/2022\/06\/AEM.jpeg","contentUrl":"https:\/\/www.doctoragibert.com\/wp-content\/uploads\/2022\/06\/AEM.jpeg"},{"@type":"BreadcrumbList","@id":"https:\/\/www.doctoragibert.com\/es\/pacientes\/enfermedades-de-la-mama\/autoexamen-mama\/#breadcrumb","itemListElement":[{"@type":"ListItem","position":1,"name":"PACIENTES","item":"https:\/\/www.doctoragibert.com\/es\/pacientes\/"},{"@type":"ListItem","position":2,"name":"ENFERMEDADES DE LA MAMA","item":"https:\/\/www.doctoragibert.com\/es\/pacientes\/enfermedades-de-la-mama\/"},{"@type":"ListItem","position":3,"name":"AUTOEXPLORACI\u00d3N MAMARIA: \u00bfsirve de algo?"}]},{"@type":"WebSite","@id":"https:\/\/www.doctoragibert.com\/es\/#website","url":"https:\/\/www.doctoragibert.com\/es\/","name":"DRA. GIBERT","description":"Ginecologia i obstetricia","potentialAction":[{"@type":"SearchAction","target":{"@type":"EntryPoint","urlTemplate":"https:\/\/www.doctoragibert.com\/es\/?s={search_term_string}"},"query-input":{"@type":"PropertyValueSpecification","valueRequired":true,"valueName":"search_term_string"}}],"inLanguage":"es"}]}},"_links":{"self":[{"href":"https:\/\/www.doctoragibert.com\/es\/wp-json\/wp\/v2\/pages\/19876","targetHints":{"allow":["GET"]}}],"collection":[{"href":"https:\/\/www.doctoragibert.com\/es\/wp-json\/wp\/v2\/pages"}],"about":[{"href":"https:\/\/www.doctoragibert.com\/es\/wp-json\/wp\/v2\/types\/page"}],"author":[{"embeddable":true,"href":"https:\/\/www.doctoragibert.com\/es\/wp-json\/wp\/v2\/users\/12"}],"replies":[{"embeddable":true,"href":"https:\/\/www.doctoragibert.com\/es\/wp-json\/wp\/v2\/comments?post=19876"}],"version-history":[{"count":5,"href":"https:\/\/www.doctoragibert.com\/es\/wp-json\/wp\/v2\/pages\/19876\/revisions"}],"predecessor-version":[{"id":19920,"href":"https:\/\/www.doctoragibert.com\/es\/wp-json\/wp\/v2\/pages\/19876\/revisions\/19920"}],"up":[{"embeddable":true,"href":"https:\/\/www.doctoragibert.com\/es\/wp-json\/wp\/v2\/pages\/15516"}],"wp:attachment":[{"href":"https:\/\/www.doctoragibert.com\/es\/wp-json\/wp\/v2\/media?parent=19876"}],"curies":[{"name":"wp","href":"https:\/\/api.w.org\/{rel}","templated":true}]}}