{"id":19907,"date":"2022-06-14T20:51:49","date_gmt":"2022-06-14T20:51:49","guid":{"rendered":"https:\/\/www.doctoragibert.com\/pacientes\/enfermedades-de-la-mama\/biopsies-puncions-mama\/"},"modified":"2022-06-14T21:10:13","modified_gmt":"2022-06-14T21:10:13","slug":"biopsies-puncions-mama","status":"publish","type":"page","link":"https:\/\/www.doctoragibert.com\/es\/pacientes\/enfermedades-de-la-mama\/biopsies-puncions-mama\/","title":{"rendered":"BIOPSIAS Y PUNCIONES EN PATOLOG\u00cdA MAMARIA: \u00bfqui\u00e9n es qui\u00e9n?"},"content":{"rendered":"<p><em>Autora:<\/em>\u00a0Dra. MJ Gibert.<br \/>\n<em>Fecha de actualizaci\u00f3n:<\/em> 14\/6\/22.<br \/>\n<em>Fechas de versiones previas:<\/em> 3\/4\/21.<\/p>\n<p>Como ya os explicamos\u00a0<a href=\"https:\/\/www.doctoragibert.com\/es\/pacientes\/enfermedades-de-la-mama\/ecografias-mamografias-cuando-estan-indicadas\/\" target=\"_blank\" rel=\"noopener noreferrer\">en otro post<\/a>, cualquier informe de ecograf\u00eda, radiograf\u00eda o resonancia mamaria que, al final, lleve la inscripci\u00f3n de\u00a0<strong>BI-RADS 4 o 5 es indicaci\u00f3n de biopsia de la mama<\/strong>. En la actualidad, tenemos los ec\u00f3grafos tan a mano, que los usamos para dirigir la biopsia tanto si la lesi\u00f3n se palpa, como si no. En el segundo caso, su necesidad es evidente: si no hay ecograf\u00eda, no hay forma de saber d\u00f3nde est\u00e1 la lesi\u00f3n. En cambio, si el tumor se nota al tacto, el uso de la ecograf\u00eda, que sigue la aguja de biopsia en todo su trayecto dentro de la lesi\u00f3n, aumenta el rendimiento de la misma.<\/p>\n<p>Hace 20 a\u00f1os, con un pobre desarrollo de los aparatos de imagen, casi todo se dirim\u00eda en quir\u00f3fano. Eran\u00a0<strong>las biopsias quir\u00fargicas<\/strong>\u00a0o un paso por quir\u00f3fano para diagnosticar y otro para extirpar el tumor; tambi\u00e9n se hac\u00edan biopsias de mama intraoperatorias, se confirmaba con la paciente dormida si el tumor era o no canceroso. Por suerte, las biopsias guiadas por imagen en la consulta del radi\u00f3logo han reducido las entradas en quir\u00f3fano y propiciado una mejor planificaci\u00f3n de la cirug\u00eda que extirpar\u00e1 el c\u00e1ncer.<\/p>\n<p>La ecograf\u00eda est\u00e1 muy difundida por ser \u00abmultiusos\u00bb, no irradiar y no precisar preparaci\u00f3n previa de la paciente. Incluso en el caso de que la lesi\u00f3n se haya localizado primero por mamograf\u00eda o por resonancia,\u00a0<strong>seguro que el radi\u00f3logo intentar\u00e1 localizar alguna imagen ecogr\u00e1fica que pueda corresponder a los hallazgos mamogr\u00e1ficos o de resonancia<\/strong>. Si no hay \u00e9xito, se os citar\u00e1 para hacer una biopsia guiada por resonancia o, sobre todo, por rayos X (estereotaxia) que es casi obligada si hay microcalcificaciones.<\/p>\n<p>&nbsp;<\/p>\n<blockquote>\n<hr \/>\n<h1 style=\"text-align: center;\"><span style=\"color: #008080;\">Las biopsias de mama guiadas por ecograf\u00eda consiguen diagnosticar las lesiones sin pasar por quir\u00f3fano<\/span><\/h1>\n<hr \/>\n<p>&nbsp;<\/p><\/blockquote>\n<h3><span style=\"color: #008080;\">\u00bfC\u00d3MO DEBO PREPARARME PARA UNA BIOPSIA?<\/span><\/h3>\n<p>Realmente no se precisa preparaci\u00f3n alguna, ni ayuno, ni an\u00e1lisis de sangre previos. Eso s\u00ed,\u00a0<strong>si usamos medicaci\u00f3n anticoagulante, mejor que se lo comuniquemos al radi\u00f3logo o al m\u00e9dico que nos lo prescribi\u00f3, por si \u00e9sta se puede ajustar y, as\u00ed, minimizar la aparici\u00f3n de hematomas<\/strong>.<\/p>\n<p>Durante el procedimiento se nos aplican desinfectantes (povidona yodada o clorhexidina) y se monta un campo est\u00e9ril. Para disminuir las molestias, se nos administra anestesia local en la zona de punci\u00f3n.<\/p>\n<p>Una vez concluido el procedimiento, se nos aplica un ap\u00f3sito compresivo e, incluso, bolsas de gel fr\u00edo. Si una vez en casa, notamos molestias, podemos recurrir a cualquier calmante oral de uso habitual.<\/p>\n<p>&nbsp;<\/p>\n<h3><span style=\"color: #008080;\">\u00bfCU\u00c1NTOS TIPOS DE BIOPSIAS HAY?<\/span><\/h3>\n<p>Son dos, la\u00a0<strong>biopsia con aguja gruesa (BAG,<\/strong>\u00a0por sus siglas) y la\u00a0<strong>asistida por vac\u00edo (BAV)<\/strong>.<\/p>\n<p>La\u00a0<strong>BAG<\/strong>\u00a0es la m\u00e1s utilizada por su rendimiento, ser barata y su seguridad. Se usan dispositivos autom\u00e1ticos que disparan una aguja desechable en torno a 2-3 mm de di\u00e1metro, obteni\u00e9ndose un cilindro de tejido por cada introducci\u00f3n. Debemos esperar entre 3 y 5 biopsias o introducciones en la misma zona y algunas m\u00e1s si hay calcificaciones.<\/p>\n<p><a href=\"https:\/\/www.doctoragibert.com\/wp-content\/uploads\/2021\/08\/doctora-gibert-biopsia-microcalcificacions.png\"><img fetchpriority=\"high\" decoding=\"async\" class=\" wp-image-15380 alignright\" src=\"https:\/\/www.doctoragibert.com\/wp-content\/uploads\/2021\/08\/doctora-gibert-biopsia-microcalcificacions.png\" alt=\"\" width=\"493\" height=\"288\" \/><\/a><\/p>\n<p>En cambio, la\u00a0<strong>BAV<\/strong>\u00a0es ideal para el estudio de las microcalcificaciones, o en los pocos casos en que la BAG no es concluyente y no nos quedan otra opciones que la BAV o la biopsia en quir\u00f3fano. El mecanismo de esta biopsia es m\u00e1s complejo: aguja, bistur\u00ed rotatorio y mecanismo de vac\u00edo o aspiraci\u00f3n, todo en un dispositivo punzante de algo m\u00e1s de 4 mm de di\u00e1metro. La principal propiedad es que se puede obtener toda la muestra con una sola introducci\u00f3n, \u00abbarri\u00e9ndose\u00bb toda la lesi\u00f3n e, incluso, los m\u00e1rgenes de tejido sano de alrededor. Ello hace que\u00a0<strong>la BAV pueda ser un tratamiento completo en s\u00ed mismo para las lesiones benignas de hasta 5 cm de di\u00e1metro<\/strong>, obviando el paso por quir\u00f3fano. El pr\u00f3ximo paso ser\u00e1 utilizarla para las pacientes de alto riesgo quir\u00fargico y c\u00e1nceres peque\u00f1os, y tambi\u00e9n en las portadoras de c\u00e1nceres que se \u00abfunden\u00bb a ra\u00edz de la quimioterapia neoadyuvante (quimioterapia administrada en algunos tumores para reducir su tama\u00f1o antes de operarlos), entonces la BAV obtendr\u00e1 un aspirado de tejido de la zona donde estaba el tumor y que habr\u00e1 sido marcada con un clip. Si el tejido as\u00ed obtenido y escrutado al microscopio es negativo para malignidad, no tendremos que operar la mama de esta paciente.<\/p>\n<p>&nbsp;<\/p>\n<hr \/>\n<h1 style=\"text-align: center;\"><span style=\"color: #008080;\">Las biopsias con aguja gruesa son las m\u00e1s utilizadas para estudiar las lesiones mamarias<\/span><\/h1>\n<hr \/>\n<p>&nbsp;<\/p>\n<h3><span style=\"color: #008080;\">\u00bfQUEDA ALG\u00daN LUGAR PARA LA PUNCI\u00d3N CON AGUJA?<\/span><\/h3>\n<p>S\u00ed, aunque cada vez menos. Las agujas de calibre similar a las intramusculares o un poco m\u00e1s finas sirven para\u00a0<strong>vaciar quistes mamarios<\/strong>\u00a0que nos molesten y tambi\u00e9n quistes habitados. Tambi\u00e9n son \u00fatiles\u00a0<strong>para investigar la afectaci\u00f3n de los ganglios sospechosos durante la ecograf\u00eda axilar<\/strong>\u00a0previa a la cirug\u00eda de un c\u00e1ncer de mama. Debido al menor di\u00e1metro de la aguja, la cantidad de material obtenido es mucho m\u00e1s limitada. De hecho, no obtenemos tejido sino c\u00e9lulas. Aun con todo, una citolog\u00eda de un ganglio axilar positiva para c\u00e9lulas malignas supone todo un cambio de estrategia y, en lugar de operar, primero se administra la quimioterapia y luego se opera.<\/p>\n<p>&nbsp;<\/p>\n<p><span style=\"color: #008080;\"><strong>FUENTES DE LA INFORMACI\u00d3N:<\/strong><\/span><\/p>\n<ul>\n<li>Fundaci\u00f3n Espa\u00f1ola de Senolog\u00eda y Patolog\u00eda Mamaria. Manual de Pr\u00e1ctica Cl\u00ednica en Senolog\u00eda 2019. 4\u00aa edici\u00f3n.<\/li>\n<\/ul>\n","protected":false},"excerpt":{"rendered":"<p>Autora:\u00a0Dra. MJ Gibert. Fecha de actualizaci\u00f3n: 14\/6\/22. Fechas de versiones previas: 3\/4\/21. Como ya os explicamos\u00a0en otro post, cualquier informe de ecograf\u00eda, radiograf\u00eda o resonancia mamaria que, al final, lleve la inscripci\u00f3n de\u00a0BI-RADS 4 o 5 es indicaci\u00f3n de biopsia de la mama. En la actualidad, tenemos los ec\u00f3grafos tan a mano, que los usamos [&hellip;]<\/p>\n","protected":false},"author":12,"featured_media":0,"parent":15516,"menu_order":0,"comment_status":"closed","ping_status":"closed","template":"page-limpia.php","meta":{"footnotes":""},"class_list":["post-19907","page","type-page","status-publish","hentry"],"yoast_head":"<!-- This site is optimized with the Yoast SEO plugin v25.0 - https:\/\/yoast.com\/wordpress\/plugins\/seo\/ -->\n<title>BIOPSIAS Y PUNCIONES EN PATOLOG\u00cdA MAMARIA: \u00bfqui\u00e9n es qui\u00e9n? - DRA. GIBERT<\/title>\n<meta name=\"robots\" content=\"index, follow, max-snippet:-1, max-image-preview:large, max-video-preview:-1\" \/>\n<link rel=\"canonical\" href=\"https:\/\/www.doctoragibert.com\/es\/pacientes\/enfermedades-de-la-mama\/biopsies-puncions-mama\/\" \/>\n<meta property=\"og:locale\" content=\"es_ES\" \/>\n<meta property=\"og:type\" content=\"article\" \/>\n<meta property=\"og:title\" content=\"BIOPSIAS Y PUNCIONES EN PATOLOG\u00cdA MAMARIA: \u00bfqui\u00e9n es qui\u00e9n? - DRA. GIBERT\" \/>\n<meta property=\"og:description\" content=\"Autora:\u00a0Dra. MJ Gibert. Fecha de actualizaci\u00f3n: 14\/6\/22. Fechas de versiones previas: 3\/4\/21. Como ya os explicamos\u00a0en otro post, cualquier informe de ecograf\u00eda, radiograf\u00eda o resonancia mamaria que, al final, lleve la inscripci\u00f3n de\u00a0BI-RADS 4 o 5 es indicaci\u00f3n de biopsia de la mama. En la actualidad, tenemos los ec\u00f3grafos tan a mano, que los usamos [&hellip;]\" \/>\n<meta property=\"og:url\" content=\"https:\/\/www.doctoragibert.com\/es\/pacientes\/enfermedades-de-la-mama\/biopsies-puncions-mama\/\" \/>\n<meta property=\"og:site_name\" content=\"DRA. GIBERT\" \/>\n<meta property=\"article:publisher\" content=\"https:\/\/www.facebook.com\/doctoragibert\" \/>\n<meta property=\"article:modified_time\" content=\"2022-06-14T21:10:13+00:00\" \/>\n<meta property=\"og:image\" content=\"https:\/\/www.doctoragibert.com\/wp-content\/uploads\/2021\/08\/doctora-gibert-biopsia-microcalcificacions.png\" \/>\n<meta name=\"twitter:label1\" content=\"Tiempo de lectura\" \/>\n\t<meta name=\"twitter:data1\" content=\"5 minutos\" \/>\n<script type=\"application\/ld+json\" class=\"yoast-schema-graph\">{\"@context\":\"https:\/\/schema.org\",\"@graph\":[{\"@type\":\"WebPage\",\"@id\":\"https:\/\/www.doctoragibert.com\/es\/pacientes\/enfermedades-de-la-mama\/biopsies-puncions-mama\/\",\"url\":\"https:\/\/www.doctoragibert.com\/es\/pacientes\/enfermedades-de-la-mama\/biopsies-puncions-mama\/\",\"name\":\"BIOPSIAS Y PUNCIONES EN PATOLOG\u00cdA MAMARIA: \u00bfqui\u00e9n es qui\u00e9n? - DRA. GIBERT\",\"isPartOf\":{\"@id\":\"https:\/\/www.doctoragibert.com\/es\/#website\"},\"primaryImageOfPage\":{\"@id\":\"https:\/\/www.doctoragibert.com\/es\/pacientes\/enfermedades-de-la-mama\/biopsies-puncions-mama\/#primaryimage\"},\"image\":{\"@id\":\"https:\/\/www.doctoragibert.com\/es\/pacientes\/enfermedades-de-la-mama\/biopsies-puncions-mama\/#primaryimage\"},\"thumbnailUrl\":\"https:\/\/www.doctoragibert.com\/wp-content\/uploads\/2021\/08\/doctora-gibert-biopsia-microcalcificacions.png\",\"datePublished\":\"2022-06-14T20:51:49+00:00\",\"dateModified\":\"2022-06-14T21:10:13+00:00\",\"breadcrumb\":{\"@id\":\"https:\/\/www.doctoragibert.com\/es\/pacientes\/enfermedades-de-la-mama\/biopsies-puncions-mama\/#breadcrumb\"},\"inLanguage\":\"es\",\"potentialAction\":[{\"@type\":\"ReadAction\",\"target\":[\"https:\/\/www.doctoragibert.com\/es\/pacientes\/enfermedades-de-la-mama\/biopsies-puncions-mama\/\"]}]},{\"@type\":\"ImageObject\",\"inLanguage\":\"es\",\"@id\":\"https:\/\/www.doctoragibert.com\/es\/pacientes\/enfermedades-de-la-mama\/biopsies-puncions-mama\/#primaryimage\",\"url\":\"https:\/\/www.doctoragibert.com\/wp-content\/uploads\/2021\/08\/doctora-gibert-biopsia-microcalcificacions.png\",\"contentUrl\":\"https:\/\/www.doctoragibert.com\/wp-content\/uploads\/2021\/08\/doctora-gibert-biopsia-microcalcificacions.png\"},{\"@type\":\"BreadcrumbList\",\"@id\":\"https:\/\/www.doctoragibert.com\/es\/pacientes\/enfermedades-de-la-mama\/biopsies-puncions-mama\/#breadcrumb\",\"itemListElement\":[{\"@type\":\"ListItem\",\"position\":1,\"name\":\"PACIENTES\",\"item\":\"https:\/\/www.doctoragibert.com\/es\/pacientes\/\"},{\"@type\":\"ListItem\",\"position\":2,\"name\":\"ENFERMEDADES DE LA MAMA\",\"item\":\"https:\/\/www.doctoragibert.com\/es\/pacientes\/enfermedades-de-la-mama\/\"},{\"@type\":\"ListItem\",\"position\":3,\"name\":\"BIOPSIAS Y PUNCIONES EN PATOLOG\u00cdA MAMARIA: \u00bfqui\u00e9n es qui\u00e9n?\"}]},{\"@type\":\"WebSite\",\"@id\":\"https:\/\/www.doctoragibert.com\/es\/#website\",\"url\":\"https:\/\/www.doctoragibert.com\/es\/\",\"name\":\"DRA. GIBERT\",\"description\":\"Ginecologia i obstetricia\",\"potentialAction\":[{\"@type\":\"SearchAction\",\"target\":{\"@type\":\"EntryPoint\",\"urlTemplate\":\"https:\/\/www.doctoragibert.com\/es\/?s={search_term_string}\"},\"query-input\":{\"@type\":\"PropertyValueSpecification\",\"valueRequired\":true,\"valueName\":\"search_term_string\"}}],\"inLanguage\":\"es\"}]}<\/script>\n<!-- \/ Yoast SEO plugin. -->","yoast_head_json":{"title":"BIOPSIAS Y PUNCIONES EN PATOLOG\u00cdA MAMARIA: \u00bfqui\u00e9n es qui\u00e9n? - DRA. GIBERT","robots":{"index":"index","follow":"follow","max-snippet":"max-snippet:-1","max-image-preview":"max-image-preview:large","max-video-preview":"max-video-preview:-1"},"canonical":"https:\/\/www.doctoragibert.com\/es\/pacientes\/enfermedades-de-la-mama\/biopsies-puncions-mama\/","og_locale":"es_ES","og_type":"article","og_title":"BIOPSIAS Y PUNCIONES EN PATOLOG\u00cdA MAMARIA: \u00bfqui\u00e9n es qui\u00e9n? - DRA. GIBERT","og_description":"Autora:\u00a0Dra. MJ Gibert. Fecha de actualizaci\u00f3n: 14\/6\/22. Fechas de versiones previas: 3\/4\/21. Como ya os explicamos\u00a0en otro post, cualquier informe de ecograf\u00eda, radiograf\u00eda o resonancia mamaria que, al final, lleve la inscripci\u00f3n de\u00a0BI-RADS 4 o 5 es indicaci\u00f3n de biopsia de la mama. En la actualidad, tenemos los ec\u00f3grafos tan a mano, que los usamos [&hellip;]","og_url":"https:\/\/www.doctoragibert.com\/es\/pacientes\/enfermedades-de-la-mama\/biopsies-puncions-mama\/","og_site_name":"DRA. GIBERT","article_publisher":"https:\/\/www.facebook.com\/doctoragibert","article_modified_time":"2022-06-14T21:10:13+00:00","og_image":[{"url":"https:\/\/www.doctoragibert.com\/wp-content\/uploads\/2021\/08\/doctora-gibert-biopsia-microcalcificacions.png","type":"","width":"","height":""}],"twitter_misc":{"Tiempo de lectura":"5 minutos"},"schema":{"@context":"https:\/\/schema.org","@graph":[{"@type":"WebPage","@id":"https:\/\/www.doctoragibert.com\/es\/pacientes\/enfermedades-de-la-mama\/biopsies-puncions-mama\/","url":"https:\/\/www.doctoragibert.com\/es\/pacientes\/enfermedades-de-la-mama\/biopsies-puncions-mama\/","name":"BIOPSIAS Y PUNCIONES EN PATOLOG\u00cdA MAMARIA: \u00bfqui\u00e9n es qui\u00e9n? - DRA. GIBERT","isPartOf":{"@id":"https:\/\/www.doctoragibert.com\/es\/#website"},"primaryImageOfPage":{"@id":"https:\/\/www.doctoragibert.com\/es\/pacientes\/enfermedades-de-la-mama\/biopsies-puncions-mama\/#primaryimage"},"image":{"@id":"https:\/\/www.doctoragibert.com\/es\/pacientes\/enfermedades-de-la-mama\/biopsies-puncions-mama\/#primaryimage"},"thumbnailUrl":"https:\/\/www.doctoragibert.com\/wp-content\/uploads\/2021\/08\/doctora-gibert-biopsia-microcalcificacions.png","datePublished":"2022-06-14T20:51:49+00:00","dateModified":"2022-06-14T21:10:13+00:00","breadcrumb":{"@id":"https:\/\/www.doctoragibert.com\/es\/pacientes\/enfermedades-de-la-mama\/biopsies-puncions-mama\/#breadcrumb"},"inLanguage":"es","potentialAction":[{"@type":"ReadAction","target":["https:\/\/www.doctoragibert.com\/es\/pacientes\/enfermedades-de-la-mama\/biopsies-puncions-mama\/"]}]},{"@type":"ImageObject","inLanguage":"es","@id":"https:\/\/www.doctoragibert.com\/es\/pacientes\/enfermedades-de-la-mama\/biopsies-puncions-mama\/#primaryimage","url":"https:\/\/www.doctoragibert.com\/wp-content\/uploads\/2021\/08\/doctora-gibert-biopsia-microcalcificacions.png","contentUrl":"https:\/\/www.doctoragibert.com\/wp-content\/uploads\/2021\/08\/doctora-gibert-biopsia-microcalcificacions.png"},{"@type":"BreadcrumbList","@id":"https:\/\/www.doctoragibert.com\/es\/pacientes\/enfermedades-de-la-mama\/biopsies-puncions-mama\/#breadcrumb","itemListElement":[{"@type":"ListItem","position":1,"name":"PACIENTES","item":"https:\/\/www.doctoragibert.com\/es\/pacientes\/"},{"@type":"ListItem","position":2,"name":"ENFERMEDADES DE LA MAMA","item":"https:\/\/www.doctoragibert.com\/es\/pacientes\/enfermedades-de-la-mama\/"},{"@type":"ListItem","position":3,"name":"BIOPSIAS Y PUNCIONES EN PATOLOG\u00cdA MAMARIA: \u00bfqui\u00e9n es qui\u00e9n?"}]},{"@type":"WebSite","@id":"https:\/\/www.doctoragibert.com\/es\/#website","url":"https:\/\/www.doctoragibert.com\/es\/","name":"DRA. GIBERT","description":"Ginecologia i obstetricia","potentialAction":[{"@type":"SearchAction","target":{"@type":"EntryPoint","urlTemplate":"https:\/\/www.doctoragibert.com\/es\/?s={search_term_string}"},"query-input":{"@type":"PropertyValueSpecification","valueRequired":true,"valueName":"search_term_string"}}],"inLanguage":"es"}]}},"_links":{"self":[{"href":"https:\/\/www.doctoragibert.com\/es\/wp-json\/wp\/v2\/pages\/19907","targetHints":{"allow":["GET"]}}],"collection":[{"href":"https:\/\/www.doctoragibert.com\/es\/wp-json\/wp\/v2\/pages"}],"about":[{"href":"https:\/\/www.doctoragibert.com\/es\/wp-json\/wp\/v2\/types\/page"}],"author":[{"embeddable":true,"href":"https:\/\/www.doctoragibert.com\/es\/wp-json\/wp\/v2\/users\/12"}],"replies":[{"embeddable":true,"href":"https:\/\/www.doctoragibert.com\/es\/wp-json\/wp\/v2\/comments?post=19907"}],"version-history":[{"count":3,"href":"https:\/\/www.doctoragibert.com\/es\/wp-json\/wp\/v2\/pages\/19907\/revisions"}],"predecessor-version":[{"id":19911,"href":"https:\/\/www.doctoragibert.com\/es\/wp-json\/wp\/v2\/pages\/19907\/revisions\/19911"}],"up":[{"embeddable":true,"href":"https:\/\/www.doctoragibert.com\/es\/wp-json\/wp\/v2\/pages\/15516"}],"wp:attachment":[{"href":"https:\/\/www.doctoragibert.com\/es\/wp-json\/wp\/v2\/media?parent=19907"}],"curies":[{"name":"wp","href":"https:\/\/api.w.org\/{rel}","templated":true}]}}