{"id":19948,"date":"2022-06-14T22:21:22","date_gmt":"2022-06-14T22:21:22","guid":{"rendered":"https:\/\/www.doctoragibert.com\/pacientes\/enfermedades-de-la-mama\/scarless-cancer-mama\/"},"modified":"2022-06-14T22:31:42","modified_gmt":"2022-06-14T22:31:42","slug":"scarless-cancer-mama","status":"publish","type":"page","link":"https:\/\/www.doctoragibert.com\/es\/pacientes\/enfermedades-de-la-mama\/scarless-cancer-mama\/","title":{"rendered":"CICATRICES NO VISIBLES Y REMODELACI\u00d3N: no s\u00f3lo extirpar el c\u00e1ncer de mama"},"content":{"rendered":"<p><em>Autora:<\/em> Dra. MJ Gibert.<br \/>\n<em>Fecha de actualizaci\u00f3n:<\/em> 15\/6\/22.<br \/>\n<em>Fechas de versiones previas:<\/em> 17\/4\/21.<\/p>\n<p>La cirug\u00eda oncol\u00f3gica mamaria hace que la mama enferma pierda volumen y exhiba cicatrices. Es algo que no nos importa, al menos al principio, tras el impacto inicial del diagn\u00f3stico. Por suerte, gracias a los muchos tratamientos e innovaciones en el c\u00e1ncer de mama, lo m\u00e1s habitual es que nos curemos. Una vez pasada la tempestad, nos quedan aquellas marcas y asimetr\u00edas que muchas entienden como el peaje pagado por la curaci\u00f3n. Si te han tenido que hacer una mastectom\u00eda (extirpaci\u00f3n de la mama), tienes que usar una pr\u00f3tesis de silicona externa para mantener la simetr\u00eda vestida y para que los menos conocidos no indaguen sobre qu\u00e9 te ha pasado. Y si te han conservado la mama, pero el resultado est\u00e9tico no ha sido brillante, dejas de usar algunas prendas anta\u00f1o habituales o recurres a rellenos del pecho caseros o a corseter\u00edas especializadas. Algunas pacientes tienen problemas de aceptaci\u00f3n de su nueva imagen, lo que hace m\u00e1s pesada la carga de la enfermedad y erosiona la autoestima.<br \/>\n<img fetchpriority=\"high\" decoding=\"async\" class=\"alignright wp-image-15412\" src=\"https:\/\/www.doctoragibert.com\/wp-content\/uploads\/2021\/08\/doctora-gibert-segments-mama-scarless.jpg\" alt=\"La cirurgia del c\u00e0ncer de mama varia segons el segment que ocupa el tumor. Les l\u00ednies marrons corresponen a les ubicacions de les cicatrius pocs visibles.\/La cirug\u00eda del c\u00e1ncer de mama var\u00eda seg\u00fan el segmento que ocupa el tumor. Las l\u00edneas marrones corresponden a las ubicaciones de las cicatrices poco visibles.\" width=\"382\" height=\"486\" \/><\/p>\n<p>Estas situaciones han propiciado que los cirujanos de la mama m\u00e1s implicados no se preocupen s\u00f3lo de extirpar el tumor, un margen alrededor de tejido sano y los ganglios axilares, sino tambi\u00e9n de\u00a0<strong>dejar el pecho enfermo con la mejor apariencia posible<\/strong>. Ello se consigue con varios recursos:<\/p>\n<ul>\n<li>Realizando <strong>las cicatrices en los sitios menos visibles<\/strong> (alrededor de la areola, en la axila (detr\u00e1s del m\u00fasculo pectoral), en la parte anterolateral del t\u00f3rax o en el surco submamario. Es importante evitar cicatrices en la <strong>mama \u00absocial\u00bb<\/strong>, o la parte de la gl\u00e1ndula que todas mostramos en alguna ocasi\u00f3n: el escote y la parte superior del pit, esto es, la que va de la clav\u00edcula hasta donde se puede mostrar. En la foto adjunta, os hemos dibujado con l\u00edneas punteadas marrones los lugares de las cicatrices menos visibles.<\/li>\n<li><strong>Extirpando el tejido mamario justo y necesario<\/strong>, pues quitar tejido sano no s\u00f3lo no mejora el pron\u00f3stico sino que deja m\u00e1s deformidad. En nuestro caso, <a href=\"https:\/\/www.doctoragibert.com\/es\/pacientes\/enfermedades-de-la-mama\/cirugia-del-cancer-de-mama-lo-mas-frecuente-es-la-extirpacion-del-tumor-y-del-ganglio-sentinella\/\" target=\"_blank\" rel=\"noopener\">la t\u00e9cnica ROLL<\/a> es de gran ayuda por la econom\u00eda en la extirpaci\u00f3n de tejido, muy superior a la que se consigue con el tradicional arp\u00f3n mamario.<\/li>\n<li><strong>Remodelando el lecho quir\u00fargico con el tejido pr\u00f3ximo al tumor<\/strong>, esto es, mover el tejido sano desde los lugares donde es m\u00e1s abundante a la zona donde se ha perdido.<\/li>\n<li>Extrayendo los ganglios axilares y el tumor <strong>por la misma incisi\u00f3n<\/strong>, si es posible.<\/li>\n<\/ul>\n<p>Este tipo de cirug\u00edas dan un resultado \u00f3ptimo si el tumor no es demasiado grande (idealmente, 2 cm de di\u00e1metro o menos) y la mama es algo voluminosa.<\/p>\n<p>&nbsp;<\/p>\n<blockquote>\n<hr \/>\n<h1 style=\"text-align: center;\"><span style=\"color: #008080;\">Remodelar el lecho tumoral\u00a0 y disimular las cicatrices en los pliegues de la piel mejoran la autoestima de la mujer y le ayudan a encarar mejor la enfermedad<\/span><\/h1>\n<hr \/>\n<\/blockquote>\n<p>&nbsp;<\/p>\n<p>Si pronosticamos que la estrategia anterior va a dejar una deformidad inaceptable, lo mejor es recurrir a t\u00e9cnicas de <strong>cirug\u00eda pl\u00e1stica u oncoplastia<\/strong>, pero os lo explicaremos en otro post.<\/p>\n<p>Lo que os queremos trasladar es que <strong>cada mujer<\/strong>, seg\u00fan edad, estado de salud, expectativas y la forma de su pecho <strong>ser\u00e1 tributaria de una cirug\u00eda personalizada y consensuada con ella<\/strong>.<\/p>\n<p>Una t\u00e1ctica muy \u00fatil es considerar <strong>los segmentos de la mama<\/strong> o zonas con distinta dotaci\u00f3n de tejido y l\u00edneas de tensi\u00f3n, lo que hay que tener en cuenta para no dejar zonas de piel pegadas al t\u00f3rax y para orientar bien las incisiones. Son 8 \u00e1reas que os mostramos en las foto adjunta. Pod\u00e9is comprobar que el segmento VII no sale, por estar en el surco submamario, zona que no se ve al momento, a poco ca\u00eddo que tengamos el pecho.<\/p>\n<p>Nuestra divisa es <strong>cuidar el aspecto final del pecho operado con los artificios que las \u00faltimas tendencias quir\u00fargicas ponen a nuestra disposici\u00f3n<\/strong>. Si padeces un c\u00e1ncer de mama, siempre encontramos la mejor alternativa que a\u00fane la extirpaci\u00f3n completa del tumor con unos resultados est\u00e9ticos incluso mejores que antes de padecer este c\u00e1ncer.<\/p>\n<p>&nbsp;<\/p>\n<p><strong><span style=\"color: #008080;\">FONTS DE LA INFORMACI\u00d3:<\/span><\/strong><\/p>\n<ul>\n<li>Fundaci\u00f3n Espa\u00f1ola de Senolog\u00eda y Patolog\u00eda Mamaria. Manual de Pr\u00e1ctica Cl\u00ednica en Senolog\u00eda 2019. 4\u00aa edici\u00f3n.<\/li>\n<\/ul>\n","protected":false},"excerpt":{"rendered":"<p>Autora: Dra. MJ Gibert. Fecha de actualizaci\u00f3n: 15\/6\/22. Fechas de versiones previas: 17\/4\/21. La cirug\u00eda oncol\u00f3gica mamaria hace que la mama enferma pierda volumen y exhiba cicatrices. Es algo que no nos importa, al menos al principio, tras el impacto inicial del diagn\u00f3stico. Por suerte, gracias a los muchos tratamientos e innovaciones en el c\u00e1ncer [&hellip;]<\/p>\n","protected":false},"author":12,"featured_media":0,"parent":15516,"menu_order":0,"comment_status":"closed","ping_status":"closed","template":"page-limpia.php","meta":{"footnotes":""},"class_list":["post-19948","page","type-page","status-publish","hentry"],"yoast_head":"<!-- This site is optimized with the Yoast SEO plugin v25.0 - https:\/\/yoast.com\/wordpress\/plugins\/seo\/ -->\n<title>CICATRICES NO VISIBLES Y REMODELACI\u00d3N: no s\u00f3lo extirpar el c\u00e1ncer de mama - DRA. GIBERT<\/title>\n<meta name=\"robots\" content=\"index, follow, max-snippet:-1, max-image-preview:large, max-video-preview:-1\" \/>\n<link rel=\"canonical\" href=\"https:\/\/www.doctoragibert.com\/es\/pacientes\/enfermedades-de-la-mama\/scarless-cancer-mama\/\" \/>\n<meta property=\"og:locale\" content=\"es_ES\" \/>\n<meta property=\"og:type\" content=\"article\" \/>\n<meta property=\"og:title\" content=\"CICATRICES NO VISIBLES Y REMODELACI\u00d3N: no s\u00f3lo extirpar el c\u00e1ncer de mama - DRA. GIBERT\" \/>\n<meta property=\"og:description\" content=\"Autora: Dra. MJ Gibert. Fecha de actualizaci\u00f3n: 15\/6\/22. Fechas de versiones previas: 17\/4\/21. La cirug\u00eda oncol\u00f3gica mamaria hace que la mama enferma pierda volumen y exhiba cicatrices. Es algo que no nos importa, al menos al principio, tras el impacto inicial del diagn\u00f3stico. Por suerte, gracias a los muchos tratamientos e innovaciones en el c\u00e1ncer [&hellip;]\" \/>\n<meta property=\"og:url\" content=\"https:\/\/www.doctoragibert.com\/es\/pacientes\/enfermedades-de-la-mama\/scarless-cancer-mama\/\" \/>\n<meta property=\"og:site_name\" content=\"DRA. GIBERT\" \/>\n<meta property=\"article:publisher\" content=\"https:\/\/www.facebook.com\/doctoragibert\" \/>\n<meta property=\"article:modified_time\" content=\"2022-06-14T22:31:42+00:00\" \/>\n<meta property=\"og:image\" content=\"https:\/\/www.doctoragibert.com\/wp-content\/uploads\/2021\/08\/doctora-gibert-segments-mama-scarless.jpg\" \/>\n<meta name=\"twitter:label1\" content=\"Tiempo de lectura\" \/>\n\t<meta name=\"twitter:data1\" content=\"4 minutos\" \/>\n<script type=\"application\/ld+json\" class=\"yoast-schema-graph\">{\"@context\":\"https:\/\/schema.org\",\"@graph\":[{\"@type\":\"WebPage\",\"@id\":\"https:\/\/www.doctoragibert.com\/es\/pacientes\/enfermedades-de-la-mama\/scarless-cancer-mama\/\",\"url\":\"https:\/\/www.doctoragibert.com\/es\/pacientes\/enfermedades-de-la-mama\/scarless-cancer-mama\/\",\"name\":\"CICATRICES NO VISIBLES Y REMODELACI\u00d3N: no s\u00f3lo extirpar el c\u00e1ncer de mama - DRA. GIBERT\",\"isPartOf\":{\"@id\":\"https:\/\/www.doctoragibert.com\/es\/#website\"},\"primaryImageOfPage\":{\"@id\":\"https:\/\/www.doctoragibert.com\/es\/pacientes\/enfermedades-de-la-mama\/scarless-cancer-mama\/#primaryimage\"},\"image\":{\"@id\":\"https:\/\/www.doctoragibert.com\/es\/pacientes\/enfermedades-de-la-mama\/scarless-cancer-mama\/#primaryimage\"},\"thumbnailUrl\":\"https:\/\/www.doctoragibert.com\/wp-content\/uploads\/2021\/08\/doctora-gibert-segments-mama-scarless.jpg\",\"datePublished\":\"2022-06-14T22:21:22+00:00\",\"dateModified\":\"2022-06-14T22:31:42+00:00\",\"breadcrumb\":{\"@id\":\"https:\/\/www.doctoragibert.com\/es\/pacientes\/enfermedades-de-la-mama\/scarless-cancer-mama\/#breadcrumb\"},\"inLanguage\":\"es\",\"potentialAction\":[{\"@type\":\"ReadAction\",\"target\":[\"https:\/\/www.doctoragibert.com\/es\/pacientes\/enfermedades-de-la-mama\/scarless-cancer-mama\/\"]}]},{\"@type\":\"ImageObject\",\"inLanguage\":\"es\",\"@id\":\"https:\/\/www.doctoragibert.com\/es\/pacientes\/enfermedades-de-la-mama\/scarless-cancer-mama\/#primaryimage\",\"url\":\"https:\/\/www.doctoragibert.com\/wp-content\/uploads\/2021\/08\/doctora-gibert-segments-mama-scarless.jpg\",\"contentUrl\":\"https:\/\/www.doctoragibert.com\/wp-content\/uploads\/2021\/08\/doctora-gibert-segments-mama-scarless.jpg\"},{\"@type\":\"BreadcrumbList\",\"@id\":\"https:\/\/www.doctoragibert.com\/es\/pacientes\/enfermedades-de-la-mama\/scarless-cancer-mama\/#breadcrumb\",\"itemListElement\":[{\"@type\":\"ListItem\",\"position\":1,\"name\":\"PACIENTES\",\"item\":\"https:\/\/www.doctoragibert.com\/es\/pacientes\/\"},{\"@type\":\"ListItem\",\"position\":2,\"name\":\"ENFERMEDADES DE LA MAMA\",\"item\":\"https:\/\/www.doctoragibert.com\/es\/pacientes\/enfermedades-de-la-mama\/\"},{\"@type\":\"ListItem\",\"position\":3,\"name\":\"CICATRICES NO VISIBLES Y REMODELACI\u00d3N: no s\u00f3lo extirpar el c\u00e1ncer de mama\"}]},{\"@type\":\"WebSite\",\"@id\":\"https:\/\/www.doctoragibert.com\/es\/#website\",\"url\":\"https:\/\/www.doctoragibert.com\/es\/\",\"name\":\"DRA. GIBERT\",\"description\":\"Ginecologia i obstetricia\",\"potentialAction\":[{\"@type\":\"SearchAction\",\"target\":{\"@type\":\"EntryPoint\",\"urlTemplate\":\"https:\/\/www.doctoragibert.com\/es\/?s={search_term_string}\"},\"query-input\":{\"@type\":\"PropertyValueSpecification\",\"valueRequired\":true,\"valueName\":\"search_term_string\"}}],\"inLanguage\":\"es\"}]}<\/script>\n<!-- \/ Yoast SEO plugin. -->","yoast_head_json":{"title":"CICATRICES NO VISIBLES Y REMODELACI\u00d3N: no s\u00f3lo extirpar el c\u00e1ncer de mama - DRA. GIBERT","robots":{"index":"index","follow":"follow","max-snippet":"max-snippet:-1","max-image-preview":"max-image-preview:large","max-video-preview":"max-video-preview:-1"},"canonical":"https:\/\/www.doctoragibert.com\/es\/pacientes\/enfermedades-de-la-mama\/scarless-cancer-mama\/","og_locale":"es_ES","og_type":"article","og_title":"CICATRICES NO VISIBLES Y REMODELACI\u00d3N: no s\u00f3lo extirpar el c\u00e1ncer de mama - DRA. GIBERT","og_description":"Autora: Dra. MJ Gibert. Fecha de actualizaci\u00f3n: 15\/6\/22. Fechas de versiones previas: 17\/4\/21. La cirug\u00eda oncol\u00f3gica mamaria hace que la mama enferma pierda volumen y exhiba cicatrices. Es algo que no nos importa, al menos al principio, tras el impacto inicial del diagn\u00f3stico. Por suerte, gracias a los muchos tratamientos e innovaciones en el c\u00e1ncer [&hellip;]","og_url":"https:\/\/www.doctoragibert.com\/es\/pacientes\/enfermedades-de-la-mama\/scarless-cancer-mama\/","og_site_name":"DRA. GIBERT","article_publisher":"https:\/\/www.facebook.com\/doctoragibert","article_modified_time":"2022-06-14T22:31:42+00:00","og_image":[{"url":"https:\/\/www.doctoragibert.com\/wp-content\/uploads\/2021\/08\/doctora-gibert-segments-mama-scarless.jpg","type":"","width":"","height":""}],"twitter_misc":{"Tiempo de lectura":"4 minutos"},"schema":{"@context":"https:\/\/schema.org","@graph":[{"@type":"WebPage","@id":"https:\/\/www.doctoragibert.com\/es\/pacientes\/enfermedades-de-la-mama\/scarless-cancer-mama\/","url":"https:\/\/www.doctoragibert.com\/es\/pacientes\/enfermedades-de-la-mama\/scarless-cancer-mama\/","name":"CICATRICES NO VISIBLES Y REMODELACI\u00d3N: no s\u00f3lo extirpar el c\u00e1ncer de mama - DRA. GIBERT","isPartOf":{"@id":"https:\/\/www.doctoragibert.com\/es\/#website"},"primaryImageOfPage":{"@id":"https:\/\/www.doctoragibert.com\/es\/pacientes\/enfermedades-de-la-mama\/scarless-cancer-mama\/#primaryimage"},"image":{"@id":"https:\/\/www.doctoragibert.com\/es\/pacientes\/enfermedades-de-la-mama\/scarless-cancer-mama\/#primaryimage"},"thumbnailUrl":"https:\/\/www.doctoragibert.com\/wp-content\/uploads\/2021\/08\/doctora-gibert-segments-mama-scarless.jpg","datePublished":"2022-06-14T22:21:22+00:00","dateModified":"2022-06-14T22:31:42+00:00","breadcrumb":{"@id":"https:\/\/www.doctoragibert.com\/es\/pacientes\/enfermedades-de-la-mama\/scarless-cancer-mama\/#breadcrumb"},"inLanguage":"es","potentialAction":[{"@type":"ReadAction","target":["https:\/\/www.doctoragibert.com\/es\/pacientes\/enfermedades-de-la-mama\/scarless-cancer-mama\/"]}]},{"@type":"ImageObject","inLanguage":"es","@id":"https:\/\/www.doctoragibert.com\/es\/pacientes\/enfermedades-de-la-mama\/scarless-cancer-mama\/#primaryimage","url":"https:\/\/www.doctoragibert.com\/wp-content\/uploads\/2021\/08\/doctora-gibert-segments-mama-scarless.jpg","contentUrl":"https:\/\/www.doctoragibert.com\/wp-content\/uploads\/2021\/08\/doctora-gibert-segments-mama-scarless.jpg"},{"@type":"BreadcrumbList","@id":"https:\/\/www.doctoragibert.com\/es\/pacientes\/enfermedades-de-la-mama\/scarless-cancer-mama\/#breadcrumb","itemListElement":[{"@type":"ListItem","position":1,"name":"PACIENTES","item":"https:\/\/www.doctoragibert.com\/es\/pacientes\/"},{"@type":"ListItem","position":2,"name":"ENFERMEDADES DE LA MAMA","item":"https:\/\/www.doctoragibert.com\/es\/pacientes\/enfermedades-de-la-mama\/"},{"@type":"ListItem","position":3,"name":"CICATRICES NO VISIBLES Y REMODELACI\u00d3N: no s\u00f3lo extirpar el c\u00e1ncer de mama"}]},{"@type":"WebSite","@id":"https:\/\/www.doctoragibert.com\/es\/#website","url":"https:\/\/www.doctoragibert.com\/es\/","name":"DRA. GIBERT","description":"Ginecologia i obstetricia","potentialAction":[{"@type":"SearchAction","target":{"@type":"EntryPoint","urlTemplate":"https:\/\/www.doctoragibert.com\/es\/?s={search_term_string}"},"query-input":{"@type":"PropertyValueSpecification","valueRequired":true,"valueName":"search_term_string"}}],"inLanguage":"es"}]}},"_links":{"self":[{"href":"https:\/\/www.doctoragibert.com\/es\/wp-json\/wp\/v2\/pages\/19948","targetHints":{"allow":["GET"]}}],"collection":[{"href":"https:\/\/www.doctoragibert.com\/es\/wp-json\/wp\/v2\/pages"}],"about":[{"href":"https:\/\/www.doctoragibert.com\/es\/wp-json\/wp\/v2\/types\/page"}],"author":[{"embeddable":true,"href":"https:\/\/www.doctoragibert.com\/es\/wp-json\/wp\/v2\/users\/12"}],"replies":[{"embeddable":true,"href":"https:\/\/www.doctoragibert.com\/es\/wp-json\/wp\/v2\/comments?post=19948"}],"version-history":[{"count":3,"href":"https:\/\/www.doctoragibert.com\/es\/wp-json\/wp\/v2\/pages\/19948\/revisions"}],"predecessor-version":[{"id":19952,"href":"https:\/\/www.doctoragibert.com\/es\/wp-json\/wp\/v2\/pages\/19948\/revisions\/19952"}],"up":[{"embeddable":true,"href":"https:\/\/www.doctoragibert.com\/es\/wp-json\/wp\/v2\/pages\/15516"}],"wp:attachment":[{"href":"https:\/\/www.doctoragibert.com\/es\/wp-json\/wp\/v2\/media?parent=19948"}],"curies":[{"name":"wp","href":"https:\/\/api.w.org\/{rel}","templated":true}]}}