{"id":20050,"date":"2022-06-16T21:51:23","date_gmt":"2022-06-16T21:51:23","guid":{"rendered":"https:\/\/www.doctoragibert.com\/pacientes\/enfermedades-de-la-mama\/ecografies-mamografies\/"},"modified":"2022-06-16T23:02:32","modified_gmt":"2022-06-16T23:02:32","slug":"ecografies-mamografies","status":"publish","type":"page","link":"https:\/\/www.doctoragibert.com\/es\/pacientes\/enfermedades-de-la-mama\/ecografies-mamografies\/","title":{"rendered":"ECOGRAF\u00cdAS Y MAMOGRAF\u00cdAS: \u00bfcu\u00e1ndo est\u00e1n indicadas?"},"content":{"rendered":"<p><em>Autora:<\/em> Dra. MJ Gibert.<br \/>\n<em>Fecha de actualizaci\u00f3n:<\/em> 16\/6\/22.<br \/>\n<em>Fechas de versiones previas:<\/em> 13\/3\/21.<\/p>\n<p data-speechify-sentence=\"\">La mama se estudia mediante palpaci\u00f3n en la consulta y\u00a0<strong>pruebas de imagen<\/strong>\u00a0(mamograf\u00eda, ecograf\u00eda y resonancia magn\u00e9tica).<\/p>\n<p data-speechify-sentence=\"\">El\u00a0<strong>cribado del c\u00e1ncer de mama<\/strong>\u00a0consiste en realizar\u00a0<strong>mamograf\u00edas<\/strong>\u00a0cada\u00a0<strong>dos a\u00f1os<\/strong>,\u00a0<strong>entre los 50 y los 69 a\u00f1os<\/strong>, con la finalidad de un\u00a0<strong>diagn\u00f3stico precoz<\/strong>. Gracias a ello, la mayor\u00eda de los c\u00e1nceres que se diagnostican en la actualidad\u00a0<strong>no son palpables<\/strong>, esto es, miden 1 cm o menos.<\/p>\n<ol data-read-aloud-multi-block=\"true\">\n<li data-speechify-sentence=\"\">Un n\u00f3dulo en la mama.<\/li>\n<li data-speechify-sentence=\"\">Una asimetr\u00eda de densidad o textura de los pechos.<\/li>\n<li data-speechify-sentence=\"\">Un bulto en la axila.<\/li>\n<li data-speechify-sentence=\"\">Secreci\u00f3n mamaria.<\/li>\n<\/ol>\n<p data-speechify-sentence=\"\">Si ello os ocurre, se os realizar\u00e1 una exploraci\u00f3n sistem\u00e1tica de ambos pechos y de sus territorios de drenaje ganglionar, que son la axila y la fosa supraclavicular.\u00a0Llegados aqu\u00ed, vuestro m\u00e9dico ya tendr\u00e1 una idea de vuestro problema.<\/p>\n<p data-speechify-sentence=\"\">En nuestra consulta, en seguida os hacemos\u00a0<strong>una ecograf\u00eda<\/strong>, porque la tenemos muy a mano. La imagen ecogr\u00e1fica nos saca de dudas sobre si el tumor es l\u00edquido (un quiste) o s\u00f3lido.<\/p>\n<p>&nbsp;<\/p>\n<hr \/>\n<h1 style=\"text-align: center;\"><span style=\"color: #008080;\">La ecograf\u00eda complementa la mamograf\u00eda y se usa m\u00e1s en mujeres j\u00f3venes y en las de cualquier edad con mama densa<\/span><\/h1>\n<hr \/>\n<p>&nbsp;<\/p>\n<p data-speechify-sentence=\"\"><a href=\"https:\/\/www.doctoragibert.com\/wp-content\/uploads\/2021\/08\/ECO_cat.jpg\"><img fetchpriority=\"high\" decoding=\"async\" class=\"alignleft wp-image-15442\" src=\"https:\/\/www.doctoragibert.com\/wp-content\/uploads\/2021\/08\/ECO_cat.jpg\" alt=\"\" width=\"393\" height=\"264\" \/><\/a><a href=\"https:\/\/www.doctoragibert.com\/wp-content\/uploads\/2021\/08\/Mx_cat.jpg\"><img decoding=\"async\" class=\" wp-image-15444 alignright\" src=\"https:\/\/www.doctoragibert.com\/wp-content\/uploads\/2021\/08\/Mx_cat.jpg\" sizes=\"(max-width: 426px) 100vw, 426px\" srcset=\"https:\/\/www.doctoragibert.com\/wp-content\/uploads\/2021\/08\/Mx_cat.jpg 731w, https:\/\/www.doctoragibert.com\/wp-content\/uploads\/2021\/08\/Mx_cat-300x300.jpg 300w, https:\/\/www.doctoragibert.com\/wp-content\/uploads\/2021\/08\/Mx_cat-150x150.jpg 150w\" alt=\"\" width=\"426\" height=\"425\" \/><\/a><\/p>\n<p data-speechify-sentence=\"\">En el \u00faltimo caso, hay una serie de caracter\u00edsticas como la ecodensidad del tumor (escalas de grises y su distribuci\u00f3n), sus bordes, si absorbe los ultrasonidos, si retrae el tejido de alrededor, si tiene un halo blanco, si su eje es paralelo o perpendicular a la piel o si capta flujo sangu\u00edneo o no. Ello nos orienta hacia la benignidad o malignidad.<\/p>\n<p data-speechify-sentence=\"\"><strong>Hasta los 30-35 a\u00f1os, solemos preferir la ecograf\u00eda<\/strong>, pues las mamas a\u00fan son muy fibrosas y salen blancas en la mamograf\u00eda. Como los tumores tambi\u00e9n son blancos, nos sale una imagen de \u201cblanco sobre blanco\u201d que es poco informativa, por la similitud de color entre el tejido normal y el tumoral.\u00a0<strong>Si la mujer est\u00e1 embarazada o hace menos de un a\u00f1o que se ha hecho una mamograf\u00eda<\/strong>, tambi\u00e9n preferimos empezar con la ecograf\u00eda. Al contrario, si hay sospecha de malignidad, siempre acabaremos a\u00f1adiendo una mamograf\u00eda. En cambio, en las mujeres de\u00a0<strong>m\u00e1s de 35-40 a\u00f1os<\/strong>\u00a0empezamos con una\u00a0<strong>mamograf\u00eda<\/strong>\u00a0y, m\u00e1s adelante, ya decidiremos si le indicamos o no una ecograf\u00eda.<\/p>\n<p data-speechify-sentence=\"\">En cualquier caso, cuando tenemos el informe de la prueba de imagen en nuestras manos, leemos\u00a0<strong>el t\u00e9rmino BI-RADS seguido de un n\u00famero<\/strong>. Este m\u00e9todo, que es el acr\u00f3nimo de Breast Imaging Reporting and Data System, expresi\u00f3n dif\u00edcil de traducir al castellano y que significa m\u00e1s o menos Sistema de Datos y de c\u00f3mo informar las Pruebas de Imagen de la Mama, permite que todos\u00a0<strong>los m\u00e9dicos sepamos a qu\u00e9 atenernos en cuanto al manejo de los hallazgos en las pruebas de imagen de la mama<\/strong>, ya sean ecograf\u00edas, mamograf\u00edas o resonancias.<\/p>\n<p>&nbsp;<\/p>\n<hr \/>\n<h1 style=\"text-align: center;\"><span style=\"color: #008080;\">El sistema BIRADS hace posible que todos los profesionales interpretemos y manejemos las lesiones mamarias de una forma semejante<\/span><\/h1>\n<hr \/>\n<p>&nbsp;<\/p>\n<p data-speechify-sentence=\"\">En la tabla que sigue os explicamos a qu\u00e9 corresponden los diferentes valores.<\/p>\n<p data-speechify-sentence=\"\"><a href=\"https:\/\/www.doctoragibert.com\/wp-content\/uploads\/2021\/08\/BI-RADS_cat-2-1024x408-1.jpg\"><img decoding=\"async\" class=\"wp-image-15446 aligncenter\" src=\"https:\/\/www.doctoragibert.com\/wp-content\/uploads\/2021\/08\/BI-RADS_cast2.jpg\" alt=\"\" width=\"597\" height=\"238\" \/><\/a><\/p>\n<p data-speechify-sentence=\"\">A partir de ahora, ya no tendr\u00e9is duda a la hora de interpretar los informes de las im\u00e1genes de la mama, sean vuestras o de la gente de vuestro entorno.<\/p>\n<h4><\/h4>\n<p>&nbsp;<\/p>\n<h4><span style=\"color: #008080;\">FUENTES DE LA INFORMACI\u00d3N:<\/span><\/h4>\n<ul>\n<li>American College of Radiology. ACR BI-RADS\u00ae ATLAS \u2014 MAMMOGRAPHY. Reporting System. [acc\u00e9s 12-3-21]. Disponible a:\u00a0<a href=\"https:\/\/www.acr.org\/-\/media\/ACR\/Files\/RADS\/BI-RADS\/Mammography-Reporting.pdf\" target=\"_blank\" rel=\"noopener noreferrer\">https:\/\/www.acr.org\/-\/media\/ACR\/Files\/RADS\/BI-RADS\/Mammography-Reporting.pdf<\/a><\/li>\n<li data-speechify-sentence=\"\">American College of Radiology. ACR BI-RADS\u00ae ATLAS \u2014 BREAST ULTRASOUND. Reporting System. [acc\u00e9s 12-3-21]. Disponible a:\u00a0<a href=\"https:\/\/www.acr.org\/-\/media\/ACR\/Files\/RADS\/BI-RADS\/US-Reporting.pdf\" target=\"_blank\" rel=\"noopener noreferrer\">https:\/\/www.acr.org\/-\/media\/ACR\/Files\/RADS\/BI-RADS\/US-Reporting.pdf<\/a><\/li>\n<li data-speechify-sentence=\"\">American College of Radiology. ACR BI-RADS\u00ae ATLAS \u2014 BREAST MRI. Reporting System. [acc\u00e9s 12-3-21]. Disponible a:\u00a0<a href=\"https:\/\/www.acr.org\/-\/media\/ACR\/Files\/RADS\/BI-RADS\/MRI-Reporting.pdf\" target=\"_blank\" rel=\"noopener noreferrer\">https:\/\/www.acr.org\/-\/media\/ACR\/Files\/RADS\/BI-RADS\/MRI-Reporting.pdf<\/a><\/li>\n<\/ul>\n","protected":false},"excerpt":{"rendered":"<p>Autora: Dra. MJ Gibert. Fecha de actualizaci\u00f3n: 16\/6\/22. Fechas de versiones previas: 13\/3\/21. La mama se estudia mediante palpaci\u00f3n en la consulta y\u00a0pruebas de imagen\u00a0(mamograf\u00eda, ecograf\u00eda y resonancia magn\u00e9tica). El\u00a0cribado del c\u00e1ncer de mama\u00a0consiste en realizar\u00a0mamograf\u00edas\u00a0cada\u00a0dos a\u00f1os,\u00a0entre los 50 y los 69 a\u00f1os, con la finalidad de un\u00a0diagn\u00f3stico precoz. Gracias a ello, la mayor\u00eda de [&hellip;]<\/p>\n","protected":false},"author":12,"featured_media":0,"parent":15516,"menu_order":0,"comment_status":"closed","ping_status":"closed","template":"page-limpia.php","meta":{"footnotes":""},"class_list":["post-20050","page","type-page","status-publish","hentry"],"yoast_head":"<!-- This site is optimized with the Yoast SEO plugin v25.0 - https:\/\/yoast.com\/wordpress\/plugins\/seo\/ -->\n<title>ECOGRAF\u00cdAS Y MAMOGRAF\u00cdAS: \u00bfcu\u00e1ndo est\u00e1n indicadas? - DRA. GIBERT<\/title>\n<meta name=\"robots\" content=\"index, follow, max-snippet:-1, max-image-preview:large, max-video-preview:-1\" \/>\n<link rel=\"canonical\" href=\"https:\/\/www.doctoragibert.com\/es\/pacientes\/enfermedades-de-la-mama\/ecografies-mamografies\/\" \/>\n<meta property=\"og:locale\" content=\"es_ES\" \/>\n<meta property=\"og:type\" content=\"article\" \/>\n<meta property=\"og:title\" content=\"ECOGRAF\u00cdAS Y MAMOGRAF\u00cdAS: \u00bfcu\u00e1ndo est\u00e1n indicadas? - DRA. GIBERT\" \/>\n<meta property=\"og:description\" content=\"Autora: Dra. MJ Gibert. Fecha de actualizaci\u00f3n: 16\/6\/22. Fechas de versiones previas: 13\/3\/21. La mama se estudia mediante palpaci\u00f3n en la consulta y\u00a0pruebas de imagen\u00a0(mamograf\u00eda, ecograf\u00eda y resonancia magn\u00e9tica). El\u00a0cribado del c\u00e1ncer de mama\u00a0consiste en realizar\u00a0mamograf\u00edas\u00a0cada\u00a0dos a\u00f1os,\u00a0entre los 50 y los 69 a\u00f1os, con la finalidad de un\u00a0diagn\u00f3stico precoz. Gracias a ello, la mayor\u00eda de [&hellip;]\" \/>\n<meta property=\"og:url\" content=\"https:\/\/www.doctoragibert.com\/es\/pacientes\/enfermedades-de-la-mama\/ecografies-mamografies\/\" \/>\n<meta property=\"og:site_name\" content=\"DRA. GIBERT\" \/>\n<meta property=\"article:publisher\" content=\"https:\/\/www.facebook.com\/doctoragibert\" \/>\n<meta property=\"article:modified_time\" content=\"2022-06-16T23:02:32+00:00\" \/>\n<meta property=\"og:image\" content=\"https:\/\/www.doctoragibert.com\/wp-content\/uploads\/2021\/08\/ECO_cat.jpg\" \/>\n<meta name=\"twitter:label1\" content=\"Tiempo de lectura\" \/>\n\t<meta name=\"twitter:data1\" content=\"4 minutos\" \/>\n<script type=\"application\/ld+json\" class=\"yoast-schema-graph\">{\"@context\":\"https:\/\/schema.org\",\"@graph\":[{\"@type\":\"WebPage\",\"@id\":\"https:\/\/www.doctoragibert.com\/es\/pacientes\/enfermedades-de-la-mama\/ecografies-mamografies\/\",\"url\":\"https:\/\/www.doctoragibert.com\/es\/pacientes\/enfermedades-de-la-mama\/ecografies-mamografies\/\",\"name\":\"ECOGRAF\u00cdAS Y MAMOGRAF\u00cdAS: \u00bfcu\u00e1ndo est\u00e1n indicadas? - DRA. GIBERT\",\"isPartOf\":{\"@id\":\"https:\/\/www.doctoragibert.com\/es\/#website\"},\"primaryImageOfPage\":{\"@id\":\"https:\/\/www.doctoragibert.com\/es\/pacientes\/enfermedades-de-la-mama\/ecografies-mamografies\/#primaryimage\"},\"image\":{\"@id\":\"https:\/\/www.doctoragibert.com\/es\/pacientes\/enfermedades-de-la-mama\/ecografies-mamografies\/#primaryimage\"},\"thumbnailUrl\":\"https:\/\/www.doctoragibert.com\/wp-content\/uploads\/2021\/08\/ECO_cat.jpg\",\"datePublished\":\"2022-06-16T21:51:23+00:00\",\"dateModified\":\"2022-06-16T23:02:32+00:00\",\"breadcrumb\":{\"@id\":\"https:\/\/www.doctoragibert.com\/es\/pacientes\/enfermedades-de-la-mama\/ecografies-mamografies\/#breadcrumb\"},\"inLanguage\":\"es\",\"potentialAction\":[{\"@type\":\"ReadAction\",\"target\":[\"https:\/\/www.doctoragibert.com\/es\/pacientes\/enfermedades-de-la-mama\/ecografies-mamografies\/\"]}]},{\"@type\":\"ImageObject\",\"inLanguage\":\"es\",\"@id\":\"https:\/\/www.doctoragibert.com\/es\/pacientes\/enfermedades-de-la-mama\/ecografies-mamografies\/#primaryimage\",\"url\":\"https:\/\/www.doctoragibert.com\/wp-content\/uploads\/2021\/08\/ECO_cat.jpg\",\"contentUrl\":\"https:\/\/www.doctoragibert.com\/wp-content\/uploads\/2021\/08\/ECO_cat.jpg\"},{\"@type\":\"BreadcrumbList\",\"@id\":\"https:\/\/www.doctoragibert.com\/es\/pacientes\/enfermedades-de-la-mama\/ecografies-mamografies\/#breadcrumb\",\"itemListElement\":[{\"@type\":\"ListItem\",\"position\":1,\"name\":\"PACIENTES\",\"item\":\"https:\/\/www.doctoragibert.com\/es\/pacientes\/\"},{\"@type\":\"ListItem\",\"position\":2,\"name\":\"ENFERMEDADES DE LA MAMA\",\"item\":\"https:\/\/www.doctoragibert.com\/es\/pacientes\/enfermedades-de-la-mama\/\"},{\"@type\":\"ListItem\",\"position\":3,\"name\":\"ECOGRAF\u00cdAS Y MAMOGRAF\u00cdAS: \u00bfcu\u00e1ndo est\u00e1n indicadas?\"}]},{\"@type\":\"WebSite\",\"@id\":\"https:\/\/www.doctoragibert.com\/es\/#website\",\"url\":\"https:\/\/www.doctoragibert.com\/es\/\",\"name\":\"DRA. GIBERT\",\"description\":\"Ginecologia i obstetricia\",\"potentialAction\":[{\"@type\":\"SearchAction\",\"target\":{\"@type\":\"EntryPoint\",\"urlTemplate\":\"https:\/\/www.doctoragibert.com\/es\/?s={search_term_string}\"},\"query-input\":{\"@type\":\"PropertyValueSpecification\",\"valueRequired\":true,\"valueName\":\"search_term_string\"}}],\"inLanguage\":\"es\"}]}<\/script>\n<!-- \/ Yoast SEO plugin. -->","yoast_head_json":{"title":"ECOGRAF\u00cdAS Y MAMOGRAF\u00cdAS: \u00bfcu\u00e1ndo est\u00e1n indicadas? - DRA. GIBERT","robots":{"index":"index","follow":"follow","max-snippet":"max-snippet:-1","max-image-preview":"max-image-preview:large","max-video-preview":"max-video-preview:-1"},"canonical":"https:\/\/www.doctoragibert.com\/es\/pacientes\/enfermedades-de-la-mama\/ecografies-mamografies\/","og_locale":"es_ES","og_type":"article","og_title":"ECOGRAF\u00cdAS Y MAMOGRAF\u00cdAS: \u00bfcu\u00e1ndo est\u00e1n indicadas? - DRA. GIBERT","og_description":"Autora: Dra. MJ Gibert. Fecha de actualizaci\u00f3n: 16\/6\/22. Fechas de versiones previas: 13\/3\/21. La mama se estudia mediante palpaci\u00f3n en la consulta y\u00a0pruebas de imagen\u00a0(mamograf\u00eda, ecograf\u00eda y resonancia magn\u00e9tica). El\u00a0cribado del c\u00e1ncer de mama\u00a0consiste en realizar\u00a0mamograf\u00edas\u00a0cada\u00a0dos a\u00f1os,\u00a0entre los 50 y los 69 a\u00f1os, con la finalidad de un\u00a0diagn\u00f3stico precoz. Gracias a ello, la mayor\u00eda de [&hellip;]","og_url":"https:\/\/www.doctoragibert.com\/es\/pacientes\/enfermedades-de-la-mama\/ecografies-mamografies\/","og_site_name":"DRA. GIBERT","article_publisher":"https:\/\/www.facebook.com\/doctoragibert","article_modified_time":"2022-06-16T23:02:32+00:00","og_image":[{"url":"https:\/\/www.doctoragibert.com\/wp-content\/uploads\/2021\/08\/ECO_cat.jpg","type":"","width":"","height":""}],"twitter_misc":{"Tiempo de lectura":"4 minutos"},"schema":{"@context":"https:\/\/schema.org","@graph":[{"@type":"WebPage","@id":"https:\/\/www.doctoragibert.com\/es\/pacientes\/enfermedades-de-la-mama\/ecografies-mamografies\/","url":"https:\/\/www.doctoragibert.com\/es\/pacientes\/enfermedades-de-la-mama\/ecografies-mamografies\/","name":"ECOGRAF\u00cdAS Y MAMOGRAF\u00cdAS: \u00bfcu\u00e1ndo est\u00e1n indicadas? - DRA. GIBERT","isPartOf":{"@id":"https:\/\/www.doctoragibert.com\/es\/#website"},"primaryImageOfPage":{"@id":"https:\/\/www.doctoragibert.com\/es\/pacientes\/enfermedades-de-la-mama\/ecografies-mamografies\/#primaryimage"},"image":{"@id":"https:\/\/www.doctoragibert.com\/es\/pacientes\/enfermedades-de-la-mama\/ecografies-mamografies\/#primaryimage"},"thumbnailUrl":"https:\/\/www.doctoragibert.com\/wp-content\/uploads\/2021\/08\/ECO_cat.jpg","datePublished":"2022-06-16T21:51:23+00:00","dateModified":"2022-06-16T23:02:32+00:00","breadcrumb":{"@id":"https:\/\/www.doctoragibert.com\/es\/pacientes\/enfermedades-de-la-mama\/ecografies-mamografies\/#breadcrumb"},"inLanguage":"es","potentialAction":[{"@type":"ReadAction","target":["https:\/\/www.doctoragibert.com\/es\/pacientes\/enfermedades-de-la-mama\/ecografies-mamografies\/"]}]},{"@type":"ImageObject","inLanguage":"es","@id":"https:\/\/www.doctoragibert.com\/es\/pacientes\/enfermedades-de-la-mama\/ecografies-mamografies\/#primaryimage","url":"https:\/\/www.doctoragibert.com\/wp-content\/uploads\/2021\/08\/ECO_cat.jpg","contentUrl":"https:\/\/www.doctoragibert.com\/wp-content\/uploads\/2021\/08\/ECO_cat.jpg"},{"@type":"BreadcrumbList","@id":"https:\/\/www.doctoragibert.com\/es\/pacientes\/enfermedades-de-la-mama\/ecografies-mamografies\/#breadcrumb","itemListElement":[{"@type":"ListItem","position":1,"name":"PACIENTES","item":"https:\/\/www.doctoragibert.com\/es\/pacientes\/"},{"@type":"ListItem","position":2,"name":"ENFERMEDADES DE LA MAMA","item":"https:\/\/www.doctoragibert.com\/es\/pacientes\/enfermedades-de-la-mama\/"},{"@type":"ListItem","position":3,"name":"ECOGRAF\u00cdAS Y MAMOGRAF\u00cdAS: \u00bfcu\u00e1ndo est\u00e1n indicadas?"}]},{"@type":"WebSite","@id":"https:\/\/www.doctoragibert.com\/es\/#website","url":"https:\/\/www.doctoragibert.com\/es\/","name":"DRA. GIBERT","description":"Ginecologia i obstetricia","potentialAction":[{"@type":"SearchAction","target":{"@type":"EntryPoint","urlTemplate":"https:\/\/www.doctoragibert.com\/es\/?s={search_term_string}"},"query-input":{"@type":"PropertyValueSpecification","valueRequired":true,"valueName":"search_term_string"}}],"inLanguage":"es"}]}},"_links":{"self":[{"href":"https:\/\/www.doctoragibert.com\/es\/wp-json\/wp\/v2\/pages\/20050","targetHints":{"allow":["GET"]}}],"collection":[{"href":"https:\/\/www.doctoragibert.com\/es\/wp-json\/wp\/v2\/pages"}],"about":[{"href":"https:\/\/www.doctoragibert.com\/es\/wp-json\/wp\/v2\/types\/page"}],"author":[{"embeddable":true,"href":"https:\/\/www.doctoragibert.com\/es\/wp-json\/wp\/v2\/users\/12"}],"replies":[{"embeddable":true,"href":"https:\/\/www.doctoragibert.com\/es\/wp-json\/wp\/v2\/comments?post=20050"}],"version-history":[{"count":5,"href":"https:\/\/www.doctoragibert.com\/es\/wp-json\/wp\/v2\/pages\/20050\/revisions"}],"predecessor-version":[{"id":20065,"href":"https:\/\/www.doctoragibert.com\/es\/wp-json\/wp\/v2\/pages\/20050\/revisions\/20065"}],"up":[{"embeddable":true,"href":"https:\/\/www.doctoragibert.com\/es\/wp-json\/wp\/v2\/pages\/15516"}],"wp:attachment":[{"href":"https:\/\/www.doctoragibert.com\/es\/wp-json\/wp\/v2\/media?parent=20050"}],"curies":[{"name":"wp","href":"https:\/\/api.w.org\/{rel}","templated":true}]}}