{"id":20097,"date":"2022-06-30T21:29:00","date_gmt":"2022-06-30T21:29:00","guid":{"rendered":"https:\/\/www.doctoragibert.com\/pacientes\/enfermedades-de-la-mama\/protesis-silicona\/"},"modified":"2022-06-30T21:44:08","modified_gmt":"2022-06-30T21:44:08","slug":"protesis-silicona","status":"publish","type":"page","link":"https:\/\/www.doctoragibert.com\/es\/pacientes\/enfermedades-de-la-mama\/protesis-silicona\/","title":{"rendered":"PR\u00d3TESIS DE SILICONA: \u00bfqu\u00e9 controles se necesitan?"},"content":{"rendered":"<p><em>Autora:<\/em>\u00a0Dra. MJ Gibert.<br \/>\n<em>Fecha de actualizaci\u00f3n:<\/em>\u00a030\/6\/22.<br \/>\n<em>Fechas de versiones previas:<\/em>\u00a011\/4\/21.<\/p>\n<p>No son pocas las pacientes con pr\u00f3tesis mamarias que se someten a chequeos ginecol\u00f3gicos en nuestra consulta. La mayor\u00eda porta pr\u00f3tesis con\u00a0<strong>finalidades est\u00e9ticas<\/strong>, mientras que una minor\u00eda se ha sometido a cirug\u00eda reconstructiva por\u00a0<strong>c\u00e1ncer de mama<\/strong>\u00a0o riesgo aumentado de padecerlo.<\/p>\n<p>Desde hace tiempo,\u00a0<strong>pr\u00e1cticamente todas las pr\u00f3tesis se ubican detr\u00e1s del m\u00fasculo pectoral mayor (\u00abretropectorales\u00bb)<\/strong>. Ello implica una serie de ventajas: implante menos superficial con el consiguiente resultado m\u00e1s natural, menos riesgo de una complicaci\u00f3n llamada fibrosis capsular, que trataremos en este mismo post, y mayor rendimiento de las pruebas de imagen para diagnosticar las enfermedades de la mama. Entonces,\u00a0<strong>las pr\u00f3tesis retropectorales no comprometen el diagn\u00f3stico precoz de problemas mamarios<\/strong>, si fuera el caso.<\/p>\n<p><a href=\"https:\/\/www.doctoragibert.com\/wp-content\/uploads\/2021\/09\/Protesis_mama.jpg\"><img fetchpriority=\"high\" decoding=\"async\" class=\" wp-image-17585 alignright\" src=\"https:\/\/www.doctoragibert.com\/wp-content\/uploads\/2021\/09\/Protesis_mama.jpg\" alt=\"\" width=\"462\" height=\"347\" \/><\/a><\/p>\n<p>En cuanto a las\u00a0<strong>complicaciones tard\u00edas<\/strong>, \u00e9stas aparecen cuando la paciente ya ha dejado de visitar el cirujano pl\u00e1stico y todas giran alrededor de\u00a0<strong>la c\u00e1psula<\/strong>\u00a0que forma el cuerpo alrededor la pr\u00f3tesis. As\u00ed, al insertar un implante de silicona, el organismo lo reconoce como un cuerpo extra\u00f1o, y lo a\u00edsla mediante una membrana o c\u00e1psula a su alrededor, que no se debe notar en absoluto. Si \u00e9sta se engruesa en alguna parte, se produce la\u00a0<strong>contractura capsular<\/strong>\u00a0o la deformaci\u00f3n de la pr\u00f3tesis por la c\u00e1psula. Ello se nota primero por el aumento de la dureza del implante, m\u00e1s adelante, el pecho puede deformarse y, por \u00faltimo, aparecer dolor. Es m\u00e1s frecuente en las pr\u00f3tesis de superficie lisa que rugosa, por tanto, es importante\u00a0<strong>movilizar diariamente los implantes de superficie lisa para reducir su aparici\u00f3n<\/strong>. Las pacientes deben regresar a su cirujano pl\u00e1stico si se sienten inc\u00f3modas con la deformidad y, sobre todo, si la contractura les produce dolor.<\/p>\n<p>Otro contratiempo es\u00a0<strong>la rotura de la pr\u00f3tesis<\/strong>, lo cual se estima que ocurre hasta en el 10% de los casos al alcanzar la d\u00e9cada de \u00abconvivencia\u00bb con nuestro cuerpo. Los factores predisponentes son: la \u00abedad\u00bb de la pr\u00f3tesis, los golpes sobre las mamas, si hay contractura capsular o pliegues de la pr\u00f3tesis, y la compresi\u00f3n durante las mamograf\u00edas. Por suerte, las nuevas pr\u00f3tesis tienen una cubierta m\u00e1s gruesa y resistente (\u00abmulticapa\u00bb) y el gel de silicona que contienen es m\u00e1s denso que anta\u00f1o (\u00abgel cohesivo\u00bb), lo que reduce sus posibilidades de fuga, con el inconveniente de que, si se rompen, el cambio de contorno de la pr\u00f3tesis (\u00abdeshinchado\u00bb) pasa m\u00e1s desapercibido. La rotura puede ser\u00a0<strong>intracapsular<\/strong>, esto es, la silicona no se vierte porque la c\u00e1psula la contiene; mientras que la rotura\u00a0<strong>extracapsular<\/strong>\u00a0implica que la silicona encuentra un defecto de la c\u00e1psula por el que vertirse. Entonces, tiene v\u00eda libre para moverse hacia los ganglios linf\u00e1ticos y entre la grasa, pues se disuelve en \u00e9sta. Ello puede producir irritaci\u00f3n e inflamaci\u00f3n del tejido que rodea el implante y\/o pasar a los ganglios de las axilas, produciendo adem\u00e1s tumores inflamatorios o siliconomas. En estos casos, hay que proceder a una limpieza quir\u00fargica, extirpaci\u00f3n de los ganglios engrosados y retirada de la pr\u00f3tesis con o sin recambio de la misma, de acuerdo con los deseos de la paciente. Por suerte, no hay datos que nos confirmen la asociaci\u00f3n de la silicona fuera de las pr\u00f3tesis con problemas de inmunidad, ni c\u00e1ncer de mama.\u00a0<strong>Algunas pacientes, aun tras haber sido diagnosticadas de rotura intracapsular, prefieren diferir la operaci\u00f3n, siempre que la rotura no d\u00e9 s\u00edntomas, lo cual es aceptable bajo una monitorizaci\u00f3n estrecha.<\/strong><\/p>\n<p>&nbsp;<\/p>\n<blockquote>\n<hr \/>\n<h1 style=\"text-align: center;\"><span style=\"color: #008080;\">La mayor\u00eda de las pr\u00f3tesis nos duran toda la vida y su ruptura no suele ser indicaci\u00f3n de cirug\u00eda preferente<\/span><\/h1>\n<hr \/>\n<\/blockquote>\n<p>&nbsp;<\/p>\n<p>Una \u00faltima complicaci\u00f3n, muy poco frecuente, pero que hay que tener en mente es el\u00a0<strong>linfoma anapl\u00e1sico de c\u00e9lulas grandes<\/strong>, c\u00e1ncer linf\u00e1tico con s\u00f3lo un caso por cada 30.000-300.000 portadoras de pr\u00f3tesis. \u00c9ste se desarrolla a partir de unas c\u00e9lulas del sistema inmune, los linfocitos ubicados en la c\u00e1psula periimplante, y suele tener mucho mejor pron\u00f3stico que otros casos que se puedan desarrollar en no portadoras de pr\u00f3tesis. El s\u00edntoma m\u00e1s caracter\u00edstico es el aumento brusco del volumen de la mama por acumulaci\u00f3n de l\u00edquido. Su tratamiento es quir\u00fargico y, ocasionalmente, quimioter\u00e1pico.<\/p>\n<p>A resultas de lo anterior,\u00a0<strong>nos debe quedar claro que ni en las pr\u00f3tesis, ni a su alrededor, debe haber zonas duras, dolorosas, o cambios de forma.<\/strong><\/p>\n<p><strong>Algunas pacientes nos preguntan si deben hacerse controles de imagen de sus pr\u00f3tesis.<\/strong>\u00a0Y la respuesta es que no hay investigaciones s\u00f3lidas que sustenten una opci\u00f3n u otra. Lo habitual es instruir a la paciente sobre los signos de alarma, efectuar una palpaci\u00f3n mamaria durante los controles peri\u00f3dicos y\u00a0<strong>solicitar una ecograf\u00eda de vez en cuando, para asegurar la integridad de las pr\u00f3tesis<\/strong>.<\/p>\n<p>&nbsp;<\/p>\n<blockquote>\n<hr \/>\n<h1 style=\"text-align: center;\"><span style=\"color: #008080;\">Controlar las pr\u00f3tesis mamarias con ecograf\u00edas de vez en cuando y adelantar la consulta si notamos cambios o nos duelen es suficiente<\/span><\/h1>\n<hr \/>\n<p>&nbsp;<\/p><\/blockquote>\n<p>La FDA (Food and Drug Administration), equivalente estadounidense de la Agencia Europea del Medicamento, recomend\u00f3 solicitar resonancias bienales a partir de los tres a\u00f1os de la implantaci\u00f3n de la pr\u00f3tesis, pero esta recomendaci\u00f3n parece a todas luces exagerada por los motivos que siguen:<\/p>\n<ul>\n<li>Es raro que una pr\u00f3tesis se rompa durante los 5 primeros a\u00f1os de su inserci\u00f3n.<\/li>\n<li>La resonancia no detecta con la exactitud suficiente qu\u00e9 pr\u00f3tesis est\u00e1 rota y cu\u00e1l no, sobre todo, si la paciente no tiene s\u00edntomas.<\/li>\n<li>Hay mayor disponibilidad de ec\u00f3grafos que de resonancias, con la menor lista de espera resultante.<\/li>\n<li>La ecograf\u00eda se puede realizar a todas las mujeres, independientemente de que tengan o no claustrofobia.<\/li>\n<li>La resonancia es un procedimiento caro, que tensa nuestra relaci\u00f3n con las compa\u00f1\u00edas aseguradoras, a cambio de no obtener un beneficio claro.<\/li>\n<\/ul>\n<p data-speechify-sentence=\"\">Por consiguiente, la realizaci\u00f3n de ecograf\u00edas como examen inicial parece m\u00e1s sensato, por guardar un mejor equilibrio entre la molestia para la paciente, el coste y la capacidad diagn\u00f3stica.\u00a0<strong>Si se sospecha una rotura de pr\u00f3tesis mediante ultrasonidos, entonces s\u00ed que est\u00e1 justificado realizar una resonancia para confirmar la situaci\u00f3n.<\/strong><\/p>\n<p>&nbsp;<\/p>\n<h4><span style=\"color: #008080;\">FUENTES DE LA INFORMACI\u00d3N:<\/span><\/h4>\n<ul>\n<li>Agencia Espa\u00f1ola de Medicamentos y Productos Sanitarios. Protocolo cl\u00ednico para la detecci\u00f3n del linfoma anapl\u00e1sico de c\u00e9lulas grandes (LACG) asociado a implantes de mama. Fecha de publicaci\u00f3n: 6 de febrero de 2019. [acceso 30-3-21]. Disponible en:\u00a0<a href=\"https:\/\/www.aemps.gob.es\/vigilancia\/productosSanitarios\/linfoma-anaplasico-LACG\/docs\/Protocolo_Clinico_ALCL_implantes_mamarios.pdf?x51990\" target=\"_blank\" rel=\"noopener noreferrer\">https:\/\/www.aemps.gob.es\/vigilancia\/productosSanitarios\/linfoma-anaplasico-LACG\/docs\/Protocolo_Clinico_ALCL_implantes_mamarios.pdf?x51990<\/a><\/li>\n<li>Coroneos CJ, Selber JC, Offodile AC 2nd, Butler CE, Clemens MW. US FDA Breast Implant Postapproval Studies: Long-term Outcomes in 99,993 Patients. Ann Surg. 2019;269:30-36.<\/li>\n<li>Chung KC, Malay S, Shauver MJ, Kim HM. Economic analysis of screening strategies for rupture of silicone gel breast implants. Plast Reconstr Surg. 2012;130:225-237.<\/li>\n<li>Gray L. Silicone breast implants and magnetic resonance imaging screening for rupture: do U.S. Food and Drug Administration recommendations reflect an evidence-based practice approach to patient care? Plast Reconstr Surg. 2008;122:1591-2.<\/li>\n<\/ul>\n","protected":false},"excerpt":{"rendered":"<p>Autora:\u00a0Dra. MJ Gibert. Fecha de actualizaci\u00f3n:\u00a030\/6\/22. Fechas de versiones previas:\u00a011\/4\/21. No son pocas las pacientes con pr\u00f3tesis mamarias que se someten a chequeos ginecol\u00f3gicos en nuestra consulta. La mayor\u00eda porta pr\u00f3tesis con\u00a0finalidades est\u00e9ticas, mientras que una minor\u00eda se ha sometido a cirug\u00eda reconstructiva por\u00a0c\u00e1ncer de mama\u00a0o riesgo aumentado de padecerlo. Desde hace tiempo,\u00a0pr\u00e1cticamente todas las [&hellip;]<\/p>\n","protected":false},"author":12,"featured_media":0,"parent":15516,"menu_order":0,"comment_status":"closed","ping_status":"closed","template":"page-limpia.php","meta":{"footnotes":""},"class_list":["post-20097","page","type-page","status-publish","hentry"],"yoast_head":"<!-- This site is optimized with the Yoast SEO plugin v25.0 - https:\/\/yoast.com\/wordpress\/plugins\/seo\/ -->\n<title>PR\u00d3TESIS DE SILICONA: \u00bfqu\u00e9 controles se necesitan? - DRA. GIBERT<\/title>\n<meta name=\"robots\" content=\"index, follow, max-snippet:-1, max-image-preview:large, max-video-preview:-1\" \/>\n<link rel=\"canonical\" href=\"https:\/\/www.doctoragibert.com\/es\/pacientes\/enfermedades-de-la-mama\/protesis-silicona\/\" \/>\n<meta property=\"og:locale\" content=\"es_ES\" \/>\n<meta property=\"og:type\" content=\"article\" \/>\n<meta property=\"og:title\" content=\"PR\u00d3TESIS DE SILICONA: \u00bfqu\u00e9 controles se necesitan? - DRA. GIBERT\" \/>\n<meta property=\"og:description\" content=\"Autora:\u00a0Dra. MJ Gibert. Fecha de actualizaci\u00f3n:\u00a030\/6\/22. Fechas de versiones previas:\u00a011\/4\/21. No son pocas las pacientes con pr\u00f3tesis mamarias que se someten a chequeos ginecol\u00f3gicos en nuestra consulta. La mayor\u00eda porta pr\u00f3tesis con\u00a0finalidades est\u00e9ticas, mientras que una minor\u00eda se ha sometido a cirug\u00eda reconstructiva por\u00a0c\u00e1ncer de mama\u00a0o riesgo aumentado de padecerlo. Desde hace tiempo,\u00a0pr\u00e1cticamente todas las [&hellip;]\" \/>\n<meta property=\"og:url\" content=\"https:\/\/www.doctoragibert.com\/es\/pacientes\/enfermedades-de-la-mama\/protesis-silicona\/\" \/>\n<meta property=\"og:site_name\" content=\"DRA. GIBERT\" \/>\n<meta property=\"article:publisher\" content=\"https:\/\/www.facebook.com\/doctoragibert\" \/>\n<meta property=\"article:modified_time\" content=\"2022-06-30T21:44:08+00:00\" \/>\n<meta property=\"og:image\" content=\"https:\/\/www.doctoragibert.com\/wp-content\/uploads\/2021\/09\/Protesis_mama.jpg\" \/>\n<meta name=\"twitter:label1\" content=\"Tiempo de lectura\" \/>\n\t<meta name=\"twitter:data1\" content=\"6 minutos\" \/>\n<script type=\"application\/ld+json\" class=\"yoast-schema-graph\">{\"@context\":\"https:\/\/schema.org\",\"@graph\":[{\"@type\":\"WebPage\",\"@id\":\"https:\/\/www.doctoragibert.com\/es\/pacientes\/enfermedades-de-la-mama\/protesis-silicona\/\",\"url\":\"https:\/\/www.doctoragibert.com\/es\/pacientes\/enfermedades-de-la-mama\/protesis-silicona\/\",\"name\":\"PR\u00d3TESIS DE SILICONA: \u00bfqu\u00e9 controles se necesitan? - DRA. GIBERT\",\"isPartOf\":{\"@id\":\"https:\/\/www.doctoragibert.com\/es\/#website\"},\"primaryImageOfPage\":{\"@id\":\"https:\/\/www.doctoragibert.com\/es\/pacientes\/enfermedades-de-la-mama\/protesis-silicona\/#primaryimage\"},\"image\":{\"@id\":\"https:\/\/www.doctoragibert.com\/es\/pacientes\/enfermedades-de-la-mama\/protesis-silicona\/#primaryimage\"},\"thumbnailUrl\":\"https:\/\/www.doctoragibert.com\/wp-content\/uploads\/2021\/09\/Protesis_mama.jpg\",\"datePublished\":\"2022-06-30T21:29:00+00:00\",\"dateModified\":\"2022-06-30T21:44:08+00:00\",\"breadcrumb\":{\"@id\":\"https:\/\/www.doctoragibert.com\/es\/pacientes\/enfermedades-de-la-mama\/protesis-silicona\/#breadcrumb\"},\"inLanguage\":\"es\",\"potentialAction\":[{\"@type\":\"ReadAction\",\"target\":[\"https:\/\/www.doctoragibert.com\/es\/pacientes\/enfermedades-de-la-mama\/protesis-silicona\/\"]}]},{\"@type\":\"ImageObject\",\"inLanguage\":\"es\",\"@id\":\"https:\/\/www.doctoragibert.com\/es\/pacientes\/enfermedades-de-la-mama\/protesis-silicona\/#primaryimage\",\"url\":\"https:\/\/www.doctoragibert.com\/wp-content\/uploads\/2021\/09\/Protesis_mama.jpg\",\"contentUrl\":\"https:\/\/www.doctoragibert.com\/wp-content\/uploads\/2021\/09\/Protesis_mama.jpg\"},{\"@type\":\"BreadcrumbList\",\"@id\":\"https:\/\/www.doctoragibert.com\/es\/pacientes\/enfermedades-de-la-mama\/protesis-silicona\/#breadcrumb\",\"itemListElement\":[{\"@type\":\"ListItem\",\"position\":1,\"name\":\"PACIENTES\",\"item\":\"https:\/\/www.doctoragibert.com\/es\/pacientes\/\"},{\"@type\":\"ListItem\",\"position\":2,\"name\":\"ENFERMEDADES DE LA MAMA\",\"item\":\"https:\/\/www.doctoragibert.com\/es\/pacientes\/enfermedades-de-la-mama\/\"},{\"@type\":\"ListItem\",\"position\":3,\"name\":\"PR\u00d3TESIS DE SILICONA: \u00bfqu\u00e9 controles se necesitan?\"}]},{\"@type\":\"WebSite\",\"@id\":\"https:\/\/www.doctoragibert.com\/es\/#website\",\"url\":\"https:\/\/www.doctoragibert.com\/es\/\",\"name\":\"DRA. GIBERT\",\"description\":\"Ginecologia i obstetricia\",\"potentialAction\":[{\"@type\":\"SearchAction\",\"target\":{\"@type\":\"EntryPoint\",\"urlTemplate\":\"https:\/\/www.doctoragibert.com\/es\/?s={search_term_string}\"},\"query-input\":{\"@type\":\"PropertyValueSpecification\",\"valueRequired\":true,\"valueName\":\"search_term_string\"}}],\"inLanguage\":\"es\"}]}<\/script>\n<!-- \/ Yoast SEO plugin. -->","yoast_head_json":{"title":"PR\u00d3TESIS DE SILICONA: \u00bfqu\u00e9 controles se necesitan? - DRA. GIBERT","robots":{"index":"index","follow":"follow","max-snippet":"max-snippet:-1","max-image-preview":"max-image-preview:large","max-video-preview":"max-video-preview:-1"},"canonical":"https:\/\/www.doctoragibert.com\/es\/pacientes\/enfermedades-de-la-mama\/protesis-silicona\/","og_locale":"es_ES","og_type":"article","og_title":"PR\u00d3TESIS DE SILICONA: \u00bfqu\u00e9 controles se necesitan? - DRA. GIBERT","og_description":"Autora:\u00a0Dra. MJ Gibert. Fecha de actualizaci\u00f3n:\u00a030\/6\/22. Fechas de versiones previas:\u00a011\/4\/21. No son pocas las pacientes con pr\u00f3tesis mamarias que se someten a chequeos ginecol\u00f3gicos en nuestra consulta. La mayor\u00eda porta pr\u00f3tesis con\u00a0finalidades est\u00e9ticas, mientras que una minor\u00eda se ha sometido a cirug\u00eda reconstructiva por\u00a0c\u00e1ncer de mama\u00a0o riesgo aumentado de padecerlo. Desde hace tiempo,\u00a0pr\u00e1cticamente todas las [&hellip;]","og_url":"https:\/\/www.doctoragibert.com\/es\/pacientes\/enfermedades-de-la-mama\/protesis-silicona\/","og_site_name":"DRA. GIBERT","article_publisher":"https:\/\/www.facebook.com\/doctoragibert","article_modified_time":"2022-06-30T21:44:08+00:00","og_image":[{"url":"https:\/\/www.doctoragibert.com\/wp-content\/uploads\/2021\/09\/Protesis_mama.jpg","type":"","width":"","height":""}],"twitter_misc":{"Tiempo de lectura":"6 minutos"},"schema":{"@context":"https:\/\/schema.org","@graph":[{"@type":"WebPage","@id":"https:\/\/www.doctoragibert.com\/es\/pacientes\/enfermedades-de-la-mama\/protesis-silicona\/","url":"https:\/\/www.doctoragibert.com\/es\/pacientes\/enfermedades-de-la-mama\/protesis-silicona\/","name":"PR\u00d3TESIS DE SILICONA: \u00bfqu\u00e9 controles se necesitan? - DRA. GIBERT","isPartOf":{"@id":"https:\/\/www.doctoragibert.com\/es\/#website"},"primaryImageOfPage":{"@id":"https:\/\/www.doctoragibert.com\/es\/pacientes\/enfermedades-de-la-mama\/protesis-silicona\/#primaryimage"},"image":{"@id":"https:\/\/www.doctoragibert.com\/es\/pacientes\/enfermedades-de-la-mama\/protesis-silicona\/#primaryimage"},"thumbnailUrl":"https:\/\/www.doctoragibert.com\/wp-content\/uploads\/2021\/09\/Protesis_mama.jpg","datePublished":"2022-06-30T21:29:00+00:00","dateModified":"2022-06-30T21:44:08+00:00","breadcrumb":{"@id":"https:\/\/www.doctoragibert.com\/es\/pacientes\/enfermedades-de-la-mama\/protesis-silicona\/#breadcrumb"},"inLanguage":"es","potentialAction":[{"@type":"ReadAction","target":["https:\/\/www.doctoragibert.com\/es\/pacientes\/enfermedades-de-la-mama\/protesis-silicona\/"]}]},{"@type":"ImageObject","inLanguage":"es","@id":"https:\/\/www.doctoragibert.com\/es\/pacientes\/enfermedades-de-la-mama\/protesis-silicona\/#primaryimage","url":"https:\/\/www.doctoragibert.com\/wp-content\/uploads\/2021\/09\/Protesis_mama.jpg","contentUrl":"https:\/\/www.doctoragibert.com\/wp-content\/uploads\/2021\/09\/Protesis_mama.jpg"},{"@type":"BreadcrumbList","@id":"https:\/\/www.doctoragibert.com\/es\/pacientes\/enfermedades-de-la-mama\/protesis-silicona\/#breadcrumb","itemListElement":[{"@type":"ListItem","position":1,"name":"PACIENTES","item":"https:\/\/www.doctoragibert.com\/es\/pacientes\/"},{"@type":"ListItem","position":2,"name":"ENFERMEDADES DE LA MAMA","item":"https:\/\/www.doctoragibert.com\/es\/pacientes\/enfermedades-de-la-mama\/"},{"@type":"ListItem","position":3,"name":"PR\u00d3TESIS DE SILICONA: \u00bfqu\u00e9 controles se necesitan?"}]},{"@type":"WebSite","@id":"https:\/\/www.doctoragibert.com\/es\/#website","url":"https:\/\/www.doctoragibert.com\/es\/","name":"DRA. GIBERT","description":"Ginecologia i obstetricia","potentialAction":[{"@type":"SearchAction","target":{"@type":"EntryPoint","urlTemplate":"https:\/\/www.doctoragibert.com\/es\/?s={search_term_string}"},"query-input":{"@type":"PropertyValueSpecification","valueRequired":true,"valueName":"search_term_string"}}],"inLanguage":"es"}]}},"_links":{"self":[{"href":"https:\/\/www.doctoragibert.com\/es\/wp-json\/wp\/v2\/pages\/20097","targetHints":{"allow":["GET"]}}],"collection":[{"href":"https:\/\/www.doctoragibert.com\/es\/wp-json\/wp\/v2\/pages"}],"about":[{"href":"https:\/\/www.doctoragibert.com\/es\/wp-json\/wp\/v2\/types\/page"}],"author":[{"embeddable":true,"href":"https:\/\/www.doctoragibert.com\/es\/wp-json\/wp\/v2\/users\/12"}],"replies":[{"embeddable":true,"href":"https:\/\/www.doctoragibert.com\/es\/wp-json\/wp\/v2\/comments?post=20097"}],"version-history":[{"count":2,"href":"https:\/\/www.doctoragibert.com\/es\/wp-json\/wp\/v2\/pages\/20097\/revisions"}],"predecessor-version":[{"id":20100,"href":"https:\/\/www.doctoragibert.com\/es\/wp-json\/wp\/v2\/pages\/20097\/revisions\/20100"}],"up":[{"embeddable":true,"href":"https:\/\/www.doctoragibert.com\/es\/wp-json\/wp\/v2\/pages\/15516"}],"wp:attachment":[{"href":"https:\/\/www.doctoragibert.com\/es\/wp-json\/wp\/v2\/media?parent=20097"}],"curies":[{"name":"wp","href":"https:\/\/api.w.org\/{rel}","templated":true}]}}