{"id":20133,"date":"2022-06-30T22:15:42","date_gmt":"2022-06-30T22:15:42","guid":{"rendered":"https:\/\/www.doctoragibert.com\/?page_id=20133"},"modified":"2022-06-30T22:34:14","modified_gmt":"2022-06-30T22:34:14","slug":"xifres-pronostic-mama","status":"publish","type":"page","link":"https:\/\/www.doctoragibert.com\/es\/pacientes\/enfermedades-de-la-mama\/xifres-pronostic-mama\/","title":{"rendered":"CIFRAS Y PRON\u00d3STICO DEL C\u00c1NCER DE MAMA: \u00bfes realmente tan frecuente?, \u00bfme curar\u00e9?"},"content":{"rendered":"<p><em>Autora:<\/em>\u00a0Dra. MJ Gibert.<br \/>\n<em>Fecha de actualizaci\u00f3n:<\/em>\u00a030\/6\/22.<br \/>\n<em>Fechas de versiones previas:<\/em>\u00a020\/2\/21.<\/p>\n<p><img fetchpriority=\"high\" decoding=\"async\" class=\"alignleft wp-image-15453\" src=\"https:\/\/www.doctoragibert.com\/wp-content\/uploads\/2021\/08\/xifres-pronostic-cancer-mama.jpeg\" alt=\"\" width=\"331\" height=\"269\" \/><strong>El c\u00e1ncer de mama es el m\u00e1s frecuente entre las mujeres de nuestro entorno<\/strong> y va en aumento. Tanto es as\u00ed que, <strong>de cada tres mujeres con c\u00e1ncer, una lo tiene en la mama.<br \/>\n<\/strong>\u00daltimamente, y para toda Espa\u00f1a, las estimaciones est\u00e1n en torno a los 33.000 casos nuevos anuales, para Baleares unos 750 y <strong>en Mallorca, estamos sobre los 500. <\/strong>Ello se atribuye a que, en general, los c\u00e1nceres son <a href=\"https:\/\/www.doctoragibert.com\/es\/pacientes\/cancer-ginecologico\/enfermos-de-cancer-por-que-hay-tantos\/\">enfermedades ligadas al envejecimiento<\/a>, rasgo muy caracter\u00edstico de las sociedades occidentales. Otro hecho que contribuye al aumento es el crecimiento demogr\u00e1fico progresivo, cada vez somos m\u00e1s, lo que causa que haya m\u00e1s mujeres en riesgo de contraer un tumor maligno de la mama. Como se puede apreciar en la tabla adjunta, a medida que pasan los a\u00f1os, nuestra posibilidad de contraerlo va aumentando y alcanza su m\u00e1ximo cuando tenemos 70 y algunos a\u00f1os, mientras que, al alcanzar los 80 a\u00f1os, las cifras de casos nuevos ya declinan. Entonces,<strong> la mitad de los c\u00e1nceres de mama se diagnostican a partir de los 65 a\u00f1os y, si llegamos a vivir unos 90 a\u00f1os, el 13% de nosotras padecer\u00e1 de c\u00e1ncer de mama.<\/strong><\/p>\n<p data-speechify-sentence=\"\"><a href=\"https:\/\/www.doctoragibert.com\/wp-content\/uploads\/2021\/08\/Taula_xifres_cast-768x385-1.jpg\"><img decoding=\"async\" class=\"wp-image-15577 alignright\" src=\"https:\/\/www.doctoragibert.com\/wp-content\/uploads\/2021\/08\/Taula_xifres_cast-768x385-1.jpg\" alt=\"\" width=\"455\" height=\"228\" \/><\/a><\/p>\n<div class=\"content-sidebar-wrap\">\n<article class=\"post-11653 page type-page status-publish entry\">\n<div class=\"entry-content\">\n<p data-speechify-sentence=\"\">Otro factor que favorece las cifras altas es el cribado del c\u00e1ncer de mama mediante mamograf\u00edas, esto es, los c\u00e1nceres se encuentran desde el principio y ello, en comparaci\u00f3n con otros c\u00e1nceres de diagn\u00f3stico m\u00e1s tard\u00edo \u201chincha\u201d las cifras. En Baleares, tenemos el <a href=\"http:\/\/www.caib.es\/sites\/estrategiacancer\/es\/programa_de_deteccio_de_cancer_de_mama\/\" target=\"_blank\" rel=\"noopener noreferrer\"><strong>Programa de Diagn\u00f3stico Precoz de C\u00e1ncer de Mama<\/strong><\/a>, dependiente de la Direcci\u00f3n General de Salud P\u00fablica de nuestra Consejer\u00eda de Salud. As\u00ed, el acceso al diagn\u00f3stico precoz mediante <strong>mamograf\u00edas bienales entre los 50 y los 69 a\u00f1os<\/strong> es una realidad para toda la poblaci\u00f3n femenina.<\/p>\n<p data-speechify-sentence=\"\">Por suerte, <strong>la supervivencia<\/strong> de las afectadas por c\u00e1ncer de mama a los 5 a\u00f1os del diagn\u00f3stico es superior al 85% y <strong>va en aumento<\/strong>, gracias a la gran cantidad de tratamientos efectivos que cubren todas las variantes posibles de la enfermedad. Entonces, <strong>la mayor parte de las muertes por c\u00e1ncer de mama se acumulan a partir de los 75 a\u00f1os <\/strong>y, a medida que envejecemos, los tumores de la mama pierden importancia en cuanto a causa de muerte.<\/p>\n<p>&nbsp;<\/p>\n<\/div>\n<\/article>\n<article class=\"post-11653 page type-page status-publish entry\">\n<blockquote>\n<hr \/>\n<h1 style=\"text-align: center;\"><span style=\"color: #008080;\">El c\u00e1ncer de mama es muy frecuente, sobre todo en mujeres de m\u00e1s de 65 a\u00f1os, pero es de los que tiene mejor pron\u00f3stico<\/span><\/h1>\n<hr \/>\n<p>&nbsp;<\/p><\/blockquote>\n<div class=\"entry-content\">\n<p data-speechify-sentence=\"\">En definitiva, el alto n\u00famero de casos nuevos, junto con la supervivencia larga, se traduce en que <strong>muchas mujeres lo han superado y viven cerca de nosotros<\/strong><strong>.<\/strong><\/p>\n<p>&nbsp;<\/p>\n<p><span style=\"color: #008080;\"><strong>FUENTES DE LA INFORMACI\u00d3N:<\/strong><\/span><\/p>\n<ul data-read-aloud-multi-block=\"true\">\n<li data-speechify-sentence=\"\">Instituto Nacional de Estad\u00edstica. Movimiento Natural de la Poblaci\u00f3n: Defunciones (2019).<\/li>\n<li data-speechify-sentence=\"\">Instituto Nacional de Estad\u00edstica. Cifras de Poblaci\u00f3n. Provisionales a 1 de julio de 2020.<\/li>\n<li data-speechify-sentence=\"\">Observatorio de la AECC (Asociaci\u00f3n Espa\u00f1ola Contra el C\u00e1ncer). Informe sobre el C\u00e1ncer de Mama. [acceso 15-2-21]. Disponible en: <a href=\"http:\/\/observatorio.aecc.es\/es\/?_ga=2.30070015.1533612938.1613428842-423061282.1613428842#datos-informes\" target=\"_blank\" rel=\"noopener noreferrer\">http:\/\/observatorio.aecc.es\/es\/?_ga=2.30070015.1533612938.1613428842-423061282.1613428842#datos-informes<\/a><\/li>\n<\/ul>\n<\/div>\n<\/article>\n<\/div>\n","protected":false},"excerpt":{"rendered":"<p>Autora:\u00a0Dra. MJ Gibert. Fecha de actualizaci\u00f3n:\u00a030\/6\/22. Fechas de versiones previas:\u00a020\/2\/21. El c\u00e1ncer de mama es el m\u00e1s frecuente entre las mujeres de nuestro entorno y va en aumento. Tanto es as\u00ed que, de cada tres mujeres con c\u00e1ncer, una lo tiene en la mama. \u00daltimamente, y para toda Espa\u00f1a, las estimaciones est\u00e1n en torno a [&hellip;]<\/p>\n","protected":false},"author":12,"featured_media":0,"parent":15516,"menu_order":0,"comment_status":"closed","ping_status":"closed","template":"page-limpia.php","meta":{"footnotes":""},"class_list":["post-20133","page","type-page","status-publish","hentry"],"yoast_head":"<!-- This site is optimized with the Yoast SEO plugin v25.0 - https:\/\/yoast.com\/wordpress\/plugins\/seo\/ -->\n<title>CIFRAS Y PRON\u00d3STICO DEL C\u00c1NCER DE MAMA: \u00bfes realmente tan frecuente?, \u00bfme curar\u00e9? - DRA. GIBERT<\/title>\n<meta name=\"robots\" content=\"index, follow, max-snippet:-1, max-image-preview:large, max-video-preview:-1\" \/>\n<link rel=\"canonical\" href=\"https:\/\/www.doctoragibert.com\/es\/pacientes\/enfermedades-de-la-mama\/xifres-pronostic-mama\/\" \/>\n<meta property=\"og:locale\" content=\"es_ES\" \/>\n<meta property=\"og:type\" content=\"article\" \/>\n<meta property=\"og:title\" content=\"CIFRAS Y PRON\u00d3STICO DEL C\u00c1NCER DE MAMA: \u00bfes realmente tan frecuente?, \u00bfme curar\u00e9? - DRA. GIBERT\" \/>\n<meta property=\"og:description\" content=\"Autora:\u00a0Dra. MJ Gibert. Fecha de actualizaci\u00f3n:\u00a030\/6\/22. Fechas de versiones previas:\u00a020\/2\/21. El c\u00e1ncer de mama es el m\u00e1s frecuente entre las mujeres de nuestro entorno y va en aumento. Tanto es as\u00ed que, de cada tres mujeres con c\u00e1ncer, una lo tiene en la mama. \u00daltimamente, y para toda Espa\u00f1a, las estimaciones est\u00e1n en torno a [&hellip;]\" \/>\n<meta property=\"og:url\" content=\"https:\/\/www.doctoragibert.com\/es\/pacientes\/enfermedades-de-la-mama\/xifres-pronostic-mama\/\" \/>\n<meta property=\"og:site_name\" content=\"DRA. GIBERT\" \/>\n<meta property=\"article:publisher\" content=\"https:\/\/www.facebook.com\/doctoragibert\" \/>\n<meta property=\"article:modified_time\" content=\"2022-06-30T22:34:14+00:00\" \/>\n<meta property=\"og:image\" content=\"https:\/\/www.doctoragibert.com\/wp-content\/uploads\/2021\/08\/xifres-pronostic-cancer-mama.jpeg\" \/>\n<meta name=\"twitter:label1\" content=\"Tiempo de lectura\" \/>\n\t<meta name=\"twitter:data1\" content=\"3 minutos\" \/>\n<script type=\"application\/ld+json\" class=\"yoast-schema-graph\">{\"@context\":\"https:\/\/schema.org\",\"@graph\":[{\"@type\":\"WebPage\",\"@id\":\"https:\/\/www.doctoragibert.com\/es\/pacientes\/enfermedades-de-la-mama\/xifres-pronostic-mama\/\",\"url\":\"https:\/\/www.doctoragibert.com\/es\/pacientes\/enfermedades-de-la-mama\/xifres-pronostic-mama\/\",\"name\":\"CIFRAS Y PRON\u00d3STICO DEL C\u00c1NCER DE MAMA: \u00bfes realmente tan frecuente?, \u00bfme curar\u00e9? - DRA. GIBERT\",\"isPartOf\":{\"@id\":\"https:\/\/www.doctoragibert.com\/es\/#website\"},\"primaryImageOfPage\":{\"@id\":\"https:\/\/www.doctoragibert.com\/es\/pacientes\/enfermedades-de-la-mama\/xifres-pronostic-mama\/#primaryimage\"},\"image\":{\"@id\":\"https:\/\/www.doctoragibert.com\/es\/pacientes\/enfermedades-de-la-mama\/xifres-pronostic-mama\/#primaryimage\"},\"thumbnailUrl\":\"https:\/\/www.doctoragibert.com\/wp-content\/uploads\/2021\/08\/xifres-pronostic-cancer-mama.jpeg\",\"datePublished\":\"2022-06-30T22:15:42+00:00\",\"dateModified\":\"2022-06-30T22:34:14+00:00\",\"breadcrumb\":{\"@id\":\"https:\/\/www.doctoragibert.com\/es\/pacientes\/enfermedades-de-la-mama\/xifres-pronostic-mama\/#breadcrumb\"},\"inLanguage\":\"es\",\"potentialAction\":[{\"@type\":\"ReadAction\",\"target\":[\"https:\/\/www.doctoragibert.com\/es\/pacientes\/enfermedades-de-la-mama\/xifres-pronostic-mama\/\"]}]},{\"@type\":\"ImageObject\",\"inLanguage\":\"es\",\"@id\":\"https:\/\/www.doctoragibert.com\/es\/pacientes\/enfermedades-de-la-mama\/xifres-pronostic-mama\/#primaryimage\",\"url\":\"https:\/\/www.doctoragibert.com\/wp-content\/uploads\/2021\/08\/xifres-pronostic-cancer-mama.jpeg\",\"contentUrl\":\"https:\/\/www.doctoragibert.com\/wp-content\/uploads\/2021\/08\/xifres-pronostic-cancer-mama.jpeg\"},{\"@type\":\"BreadcrumbList\",\"@id\":\"https:\/\/www.doctoragibert.com\/es\/pacientes\/enfermedades-de-la-mama\/xifres-pronostic-mama\/#breadcrumb\",\"itemListElement\":[{\"@type\":\"ListItem\",\"position\":1,\"name\":\"PACIENTES\",\"item\":\"https:\/\/www.doctoragibert.com\/es\/pacientes\/\"},{\"@type\":\"ListItem\",\"position\":2,\"name\":\"ENFERMEDADES DE LA MAMA\",\"item\":\"https:\/\/www.doctoragibert.com\/es\/pacientes\/enfermedades-de-la-mama\/\"},{\"@type\":\"ListItem\",\"position\":3,\"name\":\"CIFRAS Y PRON\u00d3STICO DEL C\u00c1NCER DE MAMA: \u00bfes realmente tan frecuente?, \u00bfme curar\u00e9?\"}]},{\"@type\":\"WebSite\",\"@id\":\"https:\/\/www.doctoragibert.com\/es\/#website\",\"url\":\"https:\/\/www.doctoragibert.com\/es\/\",\"name\":\"DRA. GIBERT\",\"description\":\"Ginecologia i obstetricia\",\"potentialAction\":[{\"@type\":\"SearchAction\",\"target\":{\"@type\":\"EntryPoint\",\"urlTemplate\":\"https:\/\/www.doctoragibert.com\/es\/?s={search_term_string}\"},\"query-input\":{\"@type\":\"PropertyValueSpecification\",\"valueRequired\":true,\"valueName\":\"search_term_string\"}}],\"inLanguage\":\"es\"}]}<\/script>\n<!-- \/ Yoast SEO plugin. -->","yoast_head_json":{"title":"CIFRAS Y PRON\u00d3STICO DEL C\u00c1NCER DE MAMA: \u00bfes realmente tan frecuente?, \u00bfme curar\u00e9? - DRA. GIBERT","robots":{"index":"index","follow":"follow","max-snippet":"max-snippet:-1","max-image-preview":"max-image-preview:large","max-video-preview":"max-video-preview:-1"},"canonical":"https:\/\/www.doctoragibert.com\/es\/pacientes\/enfermedades-de-la-mama\/xifres-pronostic-mama\/","og_locale":"es_ES","og_type":"article","og_title":"CIFRAS Y PRON\u00d3STICO DEL C\u00c1NCER DE MAMA: \u00bfes realmente tan frecuente?, \u00bfme curar\u00e9? - DRA. GIBERT","og_description":"Autora:\u00a0Dra. MJ Gibert. Fecha de actualizaci\u00f3n:\u00a030\/6\/22. Fechas de versiones previas:\u00a020\/2\/21. El c\u00e1ncer de mama es el m\u00e1s frecuente entre las mujeres de nuestro entorno y va en aumento. Tanto es as\u00ed que, de cada tres mujeres con c\u00e1ncer, una lo tiene en la mama. \u00daltimamente, y para toda Espa\u00f1a, las estimaciones est\u00e1n en torno a [&hellip;]","og_url":"https:\/\/www.doctoragibert.com\/es\/pacientes\/enfermedades-de-la-mama\/xifres-pronostic-mama\/","og_site_name":"DRA. GIBERT","article_publisher":"https:\/\/www.facebook.com\/doctoragibert","article_modified_time":"2022-06-30T22:34:14+00:00","og_image":[{"url":"https:\/\/www.doctoragibert.com\/wp-content\/uploads\/2021\/08\/xifres-pronostic-cancer-mama.jpeg","type":"","width":"","height":""}],"twitter_misc":{"Tiempo de lectura":"3 minutos"},"schema":{"@context":"https:\/\/schema.org","@graph":[{"@type":"WebPage","@id":"https:\/\/www.doctoragibert.com\/es\/pacientes\/enfermedades-de-la-mama\/xifres-pronostic-mama\/","url":"https:\/\/www.doctoragibert.com\/es\/pacientes\/enfermedades-de-la-mama\/xifres-pronostic-mama\/","name":"CIFRAS Y PRON\u00d3STICO DEL C\u00c1NCER DE MAMA: \u00bfes realmente tan frecuente?, \u00bfme curar\u00e9? - DRA. GIBERT","isPartOf":{"@id":"https:\/\/www.doctoragibert.com\/es\/#website"},"primaryImageOfPage":{"@id":"https:\/\/www.doctoragibert.com\/es\/pacientes\/enfermedades-de-la-mama\/xifres-pronostic-mama\/#primaryimage"},"image":{"@id":"https:\/\/www.doctoragibert.com\/es\/pacientes\/enfermedades-de-la-mama\/xifres-pronostic-mama\/#primaryimage"},"thumbnailUrl":"https:\/\/www.doctoragibert.com\/wp-content\/uploads\/2021\/08\/xifres-pronostic-cancer-mama.jpeg","datePublished":"2022-06-30T22:15:42+00:00","dateModified":"2022-06-30T22:34:14+00:00","breadcrumb":{"@id":"https:\/\/www.doctoragibert.com\/es\/pacientes\/enfermedades-de-la-mama\/xifres-pronostic-mama\/#breadcrumb"},"inLanguage":"es","potentialAction":[{"@type":"ReadAction","target":["https:\/\/www.doctoragibert.com\/es\/pacientes\/enfermedades-de-la-mama\/xifres-pronostic-mama\/"]}]},{"@type":"ImageObject","inLanguage":"es","@id":"https:\/\/www.doctoragibert.com\/es\/pacientes\/enfermedades-de-la-mama\/xifres-pronostic-mama\/#primaryimage","url":"https:\/\/www.doctoragibert.com\/wp-content\/uploads\/2021\/08\/xifres-pronostic-cancer-mama.jpeg","contentUrl":"https:\/\/www.doctoragibert.com\/wp-content\/uploads\/2021\/08\/xifres-pronostic-cancer-mama.jpeg"},{"@type":"BreadcrumbList","@id":"https:\/\/www.doctoragibert.com\/es\/pacientes\/enfermedades-de-la-mama\/xifres-pronostic-mama\/#breadcrumb","itemListElement":[{"@type":"ListItem","position":1,"name":"PACIENTES","item":"https:\/\/www.doctoragibert.com\/es\/pacientes\/"},{"@type":"ListItem","position":2,"name":"ENFERMEDADES DE LA MAMA","item":"https:\/\/www.doctoragibert.com\/es\/pacientes\/enfermedades-de-la-mama\/"},{"@type":"ListItem","position":3,"name":"CIFRAS Y PRON\u00d3STICO DEL C\u00c1NCER DE MAMA: \u00bfes realmente tan frecuente?, \u00bfme curar\u00e9?"}]},{"@type":"WebSite","@id":"https:\/\/www.doctoragibert.com\/es\/#website","url":"https:\/\/www.doctoragibert.com\/es\/","name":"DRA. GIBERT","description":"Ginecologia i obstetricia","potentialAction":[{"@type":"SearchAction","target":{"@type":"EntryPoint","urlTemplate":"https:\/\/www.doctoragibert.com\/es\/?s={search_term_string}"},"query-input":{"@type":"PropertyValueSpecification","valueRequired":true,"valueName":"search_term_string"}}],"inLanguage":"es"}]}},"_links":{"self":[{"href":"https:\/\/www.doctoragibert.com\/es\/wp-json\/wp\/v2\/pages\/20133","targetHints":{"allow":["GET"]}}],"collection":[{"href":"https:\/\/www.doctoragibert.com\/es\/wp-json\/wp\/v2\/pages"}],"about":[{"href":"https:\/\/www.doctoragibert.com\/es\/wp-json\/wp\/v2\/types\/page"}],"author":[{"embeddable":true,"href":"https:\/\/www.doctoragibert.com\/es\/wp-json\/wp\/v2\/users\/12"}],"replies":[{"embeddable":true,"href":"https:\/\/www.doctoragibert.com\/es\/wp-json\/wp\/v2\/comments?post=20133"}],"version-history":[{"count":5,"href":"https:\/\/www.doctoragibert.com\/es\/wp-json\/wp\/v2\/pages\/20133\/revisions"}],"predecessor-version":[{"id":20146,"href":"https:\/\/www.doctoragibert.com\/es\/wp-json\/wp\/v2\/pages\/20133\/revisions\/20146"}],"up":[{"embeddable":true,"href":"https:\/\/www.doctoragibert.com\/es\/wp-json\/wp\/v2\/pages\/15516"}],"wp:attachment":[{"href":"https:\/\/www.doctoragibert.com\/es\/wp-json\/wp\/v2\/media?parent=20133"}],"curies":[{"name":"wp","href":"https:\/\/api.w.org\/{rel}","templated":true}]}}