{"id":20168,"date":"2022-07-01T19:36:25","date_gmt":"2022-07-01T19:36:25","guid":{"rendered":"https:\/\/www.doctoragibert.com\/pacientes\/embarazo-y-parto\/ingres-part\/"},"modified":"2022-07-01T19:54:22","modified_gmt":"2022-07-01T19:54:22","slug":"ingres-part","status":"publish","type":"page","link":"https:\/\/www.doctoragibert.com\/es\/pacientes\/embarazo-y-parto\/ingres-part\/","title":{"rendered":"INGRESO DEL PARTO: \u00bfc\u00f3mo hemos de prepararnos?"},"content":{"rendered":"<p><em>Autora:<\/em>\u00a0Dra. MJ Gibert.<br \/>\n<em>Fecha de actualizaci\u00f3n:<\/em> 1\/7\/22.<\/p>\n<p>Vamos con un post de lo m\u00e1s pr\u00e1ctico, sobre la \u201ccanastilla\u201d, lo que ten\u00e9is que preparar para llevaros al hospital, y algunas preguntas frecuentes que nos formulan los pap\u00e1s.<\/p>\n<h3><span style=\"color: #008080;\">LA CANASTILLA<\/span><\/h3>\n<p><img fetchpriority=\"high\" decoding=\"async\" class=\"wp-image-20157 alignright\" src=\"https:\/\/www.doctoragibert.com\/wp-content\/uploads\/2022\/07\/Canastilla_2.jpeg\" alt=\"\" width=\"427\" height=\"641\" \/><\/p>\n<p>Nuestras recomendaciones parten de los servicios ofertados en Quir\u00f3nsalud Palmaplanas, aunque tambi\u00e9n os pueden servir si vais a parir en otros centros sanitarios.<\/p>\n<p>Empezamos con lo que NO hay que llevarse:<\/p>\n<ul>\n<li>Pa\u00f1ales para el beb\u00e9.<\/li>\n<li>Compresas para la madre o tocol\u00f3gicas.<\/li>\n<li>Utensilios para el aseo del\/la peque\u00f1o\/a.<\/li>\n<li>Camis\u00f3n de parto.<\/li>\n<li>Productos para la ducha y la higiene genital de la madre.<\/li>\n<\/ul>\n<p>En cuanto al resto, hay que preparar de todo, pero con mesura. Tened en cuenta que, si no hay imprevistos, <strong>el alta se da a partir de las 48 horas del parto, si \u00e9ste fue vaginal, y de 72 horas si fue una ces\u00e1rea<\/strong>. En cualquier caso, debe dar tiempo a que nuestrx hijx se someta a la prueba del tal\u00f3n, que se realiza a partir de las 48 horas exactas del parto. Entonces, hay que traer:<\/p>\n<ul>\n<li><em>Para la madre:<\/em>\n<ul>\n<li>Carpeta que contenga la cartilla de embarazo, los \u00faltimos an\u00e1lisis, el consentimiento informado del parto, el documento nacional de identidad y la tarjeta de vuestro seguro sanitario. Si al final del embarazo, la carpeta ha \u201cengordado\u201d demasiado, nuestras auxiliares de consulta os ayudar\u00e1n a separar lo imprescindible de lo accesorio.<\/li>\n<li>Zapatillas de andar por casa.<\/li>\n<li>Camis\u00f3n o pijama, seg\u00fan la \u00e9poca del a\u00f1o, y abierto por delante si dais pecho. Como pasar\u00e9is todo el d\u00eda con \u00e9l, es preferible que est\u00e9 algo usado Si tra\u00e9is una muda, mejor, pero siempre hay \u201ccamisones de hospital\u201d en la planta, por si os hicieran falta.<\/li>\n<li>Bata o bat\u00edn seg\u00fan la estaci\u00f3n del a\u00f1o.<\/li>\n<li>Dos sujetadores para la lactancia. Si no vas a dar pecho, es suficiente con dos sujetadores un poco prietos, preferentemente sin aros y de tipo deportivo.<\/li>\n<li>Camiseta de lactancia, recurso opcional, \u00fatil para las que quieren amamantar por la noche sin utilizar camis\u00f3n y sujetador a la vez. Es una forma de tener \u201cdos prendas en una\u201d.<\/li>\n<li>Bragas de algod\u00f3n o de un solo uso, una por cada d\u00eda de ingreso y mejor llevar alguna extra. Si os van holgadas, estar\u00e9is m\u00e1s c\u00f3modas.<\/li>\n<li>Neceser con cepillo y peine para el pelo, cepillo y pasta de dientes, loci\u00f3n limpiadora facial, crema hidratante, desodorante, colonia, maquillaje, secador de pelo\u2026<\/li>\n<li>Discos absorbeleches, que pueden ser reutilizables o de un solo uso, s\u00f3lo si vas a dar pecho. Como la subida de la leche suele ser en casa, la mayor\u00eda no los necesitar\u00e9is mientras est\u00e9is en el hospital, pero si eres de las que se manchan de calostro antes del parto, te van a hacer falta. Las mam\u00e1s lactantes se benefician de llevar el pecho descubierto, hasta que la subida de la leche lo haga inc\u00f3modo, y de la aplicaci\u00f3n de alg\u00fan aceite sobre la ar\u00e9ola y el pez\u00f3n despu\u00e9s de las tomas.<\/li>\n<li>Las almohadas y taburetes de lactancia favorecen una posici\u00f3n correcta de la madre durante las tomas, pues evitan que forcemos espalda, cuello y hombros. No olvid\u00e9is que el tiempo que pasar\u00e1 vuestro beb\u00e9 al pecho es mucho y hay que cuidar la ergonom\u00eda.<\/li>\n<\/ul>\n<\/li>\n<li><em>Para el beb\u00e9:<\/em>\n<ul>\n<li>Dos mudas para cada d\u00eda (pijamas y\/o bodys y pantys).<\/li>\n<li>Un gorro si no estamos en verano, una vez que el que se le pone despu\u00e9s del parto est\u00e9 sucio o si lo quer\u00e9is cambiar.<\/li>\n<li>Pe\u00facos o calcetines seg\u00fan la \u00e9poca del a\u00f1o.<\/li>\n<li>Una muda para el traslado a casa.<\/li>\n<li>Toallitas h\u00famedas de un solo uso.<\/li>\n<li>Crema protectora para la zona genital (el culete) del beb\u00e9.<\/li>\n<\/ul>\n<\/li>\n<\/ul>\n<p>&nbsp;<\/p>\n<blockquote>\n<hr \/>\n<h1 style=\"text-align: center;\"><span style=\"color: #008080;\">Lo que nos tenemos que llevar al hospital var\u00eda seg\u00fan el tipo de lactancia escogido por la madre<\/span><\/h1>\n<hr \/>\n<\/blockquote>\n<p>&nbsp;<\/p>\n<h3><span style=\"color: #008080;\">\u00bfCU\u00c1NDO HAY QUE PONER CREMA EN LOS GENITALES DE NUESTROS PEQUE\u00d1OS?<\/span><\/h3>\n<p>A algunos beb\u00e9s la piel se les irrita enseguida y en otros resiste m\u00e1s. En cualquier caso, hay que cuidar la zona genital con crema si:<\/p>\n<ul>\n<li>La piel est\u00e1 enrojecida.<\/li>\n<li>El beb\u00e9 ha hecho caca, sobre todo, si las heces son l\u00edquidas o semil\u00edquidas.<\/li>\n<\/ul>\n<p>Hay muchos productos en el mercado, unos combaten mejor la irritaci\u00f3n y otros hidratan la piel, pero lo imprescindible es evitar o tratar las rojeces, pues son las que causan incomodidad a nuestros peque\u00f1os. De hecho, <strong>no es necesario usar cremas de forma rutinaria<\/strong>. <a href=\"https:\/\/www.ideal.es\/sociedad\/consumo\/mejores-cremas-panal-ocu-20180309171941-nt.html\" target=\"_blank\" rel=\"noopener\">La Organizaci\u00f3n de Consumidores y Usuarios (OCU) ha evaluado varias \u201ccremas del pa\u00f1al\u201d<\/a> y destaca la Lutsine Eryplast\u00ae o pasta al agua como eficaz ante la irritaci\u00f3n y con mejor valoraci\u00f3n general (). Aunque no es econ\u00f3mica, nosotros tambi\u00e9n la recomendamos, pues rinde mucho y basta con que la untemos s\u00f3lo cuando hay rojeces. Con una o dos aplicaciones, asunto arreglado.<\/p>\n<p>&nbsp;<\/p>\n<hr \/>\n<blockquote>\n<h1 style=\"text-align: center;\"><span style=\"color: #008080;\">Se han dejado de recomendar las cremas de pa\u00f1al y los desinfectantes para el cord\u00f3n umbilical<\/span><\/h1>\n<\/blockquote>\n<hr \/>\n<p>&nbsp;<\/p>\n<h3><span style=\"color: #008080;\">\u00bfALGOD\u00d3N U OTRAS FIBRAS?<\/span><\/h3>\n<p>La piel del beb\u00e9 es muy fina y delicada, por lo tanto, conviene evitar materiales sint\u00e9ticos, estampados o te\u00f1idos e, incluso, la lana que, a pesar de ser natural, puede producir picor. <strong>El material ganador es el algod\u00f3n<\/strong> por ser suave, coger la forma de nuestro cuerpo y permitir la transpiraci\u00f3n. El inconveniente del algod\u00f3n es que no retiene el calor, pero los grandes ventanales de las habitaciones de Palmaplanas dejan entrar la luz a espuertas, por lo que suele hacer m\u00e1s calor que fr\u00edo, entonces la decisi\u00f3n es clara.<\/p>\n<p>Los arrullos son de algod\u00f3n, pero tapan demasiado en verano, entonces, la muselina, tela algo m\u00e1s grande de gasa hecha de algod\u00f3n y bamb\u00fa, es la mejor alternativa.<\/p>\n<p>&nbsp;<\/p>\n<h3><span style=\"color: #008080;\">EL BA\u00d1O DEL BEB\u00c9: \u00bfPOR QU\u00c9 LES HAN DEJADO DE BA\u00d1AR EN EL HOSPITAL?<\/span><\/h3>\n<p><strong>La Organizaci\u00f3n Mundial de la Salud (OMS) recomienda posponer el primer ba\u00f1o del beb\u00e9 al menos 24 horas<\/strong>, porque los ba\u00f1os:<\/p>\n<ol>\n<li>Enfr\u00edan al beb\u00e9 y le causan estr\u00e9s, lo que puede bajar los niveles de glucosa en la sangre.<\/li>\n<li>Separan al beb\u00e9 de la madre e interfieren con el v\u00ednculo y el \u00e9xito de la lactancia materna.<\/li>\n<li>Retiran la v\u00e9rnix caseosa, tambi\u00e9n llamada unto seb\u00e1ceo, crema natural blanquecina y untuosa que cubre naturalmente la piel del beb\u00e9 al nacimiento. Dejarla unas horas favorece la hidrataci\u00f3n de la piel.<\/li>\n<\/ol>\n<p>La \u00fanica excepci\u00f3n al ba\u00f1o tard\u00edo es si la madre es portadora de los virus del SIDA o de la hepatitis, en cuyo caso, se procede a lavar al beb\u00e9 despu\u00e9s de la primera toma de alimento para reducir el riesgo de contagio a los familiares y al personal sanitario.<\/p>\n<p>&nbsp;<\/p>\n<hr \/>\n<blockquote>\n<h1 style=\"text-align: center;\"><span style=\"color: #008080;\">Ya es habitual que le primer ba\u00f1o del reci\u00e9n nacido se d\u00e9 en casa y no en el hospital<\/span><\/h1>\n<\/blockquote>\n<hr \/>\n<p>&nbsp;<\/p>\n<p><img decoding=\"async\" class=\"wp-image-20159 alignright\" src=\"https:\/\/www.doctoragibert.com\/wp-content\/uploads\/2022\/07\/Bebe_bany.jpeg\" alt=\"\" width=\"674\" height=\"449\" srcset=\"https:\/\/www.doctoragibert.com\/wp-content\/uploads\/2022\/07\/Bebe_bany.jpeg 2250w, https:\/\/www.doctoragibert.com\/wp-content\/uploads\/2022\/07\/Bebe_bany-1536x1024.jpeg 1536w, https:\/\/www.doctoragibert.com\/wp-content\/uploads\/2022\/07\/Bebe_bany-2048x1365.jpeg 2048w\" sizes=\"(max-width: 674px) 100vw, 674px\" \/><\/p>\n<p>Una vez en casa, aunque pod\u00e9is <strong>ba\u00f1ar a vuestros hijos<\/strong> una vez al d\u00eda, mejor hacerlo m\u00e1s espor\u00e1dicamente e, incluso, <strong>una vez por seman<\/strong>a, pues no es habitual que se ensucien. Pensad que ba\u00f1ar al beb\u00e9 cada d\u00eda reseca su piel.<\/p>\n<p>Igualmente, en pa\u00edses como el nuestro, <strong>se han dejado de recomendar desinfectantes rutinarios para el cord\u00f3n umbilical<\/strong> (clorhexidina, alcohol de 70\u00ba) y se le puede mantener limpio con agua y jab\u00f3n, s\u00f3lo si se ensucia, y seco con una gasa que se renueva con cada muda del pa\u00f1al.<\/p>\n<p>En la web <a href=\"https:\/\/enfamilia.aeped.es\/edades-etapas\/aseo-en-recien-nacido\" target=\"_blank\" rel=\"noopener\">En Familia<\/a>\u00a0de la Asociaci\u00f3n Espa\u00f1ola de Pediatr\u00eda (AEPED) pod\u00e9is encontrar m\u00e1s informaci\u00f3n sobre \u00e9ste y otros aspectos del cuidado de vuestrx hijx.<\/p>\n<p>&nbsp;<\/p>\n<h4><span style=\"color: #008080;\">FUENTES DE LA INFORMACI\u00d3N:<\/span><\/h4>\n<p>World Health Organization. (\u200e2017)\u200e. WHO recommendations on newborn health: guidelines approved by the WHO Guidelines Review Committee. World Health Organization. https:\/\/apps.who.int\/iris\/handle\/10665\/259269. License: CC BY-NC-SA 3.0 IGO<\/p>\n","protected":false},"excerpt":{"rendered":"<p>Autora:\u00a0Dra. MJ Gibert. Fecha de actualizaci\u00f3n: 1\/7\/22. Vamos con un post de lo m\u00e1s pr\u00e1ctico, sobre la \u201ccanastilla\u201d, lo que ten\u00e9is que preparar para llevaros al hospital, y algunas preguntas frecuentes que nos formulan los pap\u00e1s. LA CANASTILLA Nuestras recomendaciones parten de los servicios ofertados en Quir\u00f3nsalud Palmaplanas, aunque tambi\u00e9n os pueden servir si vais [&hellip;]<\/p>\n","protected":false},"author":12,"featured_media":0,"parent":15253,"menu_order":0,"comment_status":"closed","ping_status":"closed","template":"page-limpia.php","meta":{"footnotes":""},"class_list":["post-20168","page","type-page","status-publish","hentry"],"yoast_head":"<!-- This site is optimized with the Yoast SEO plugin v25.0 - https:\/\/yoast.com\/wordpress\/plugins\/seo\/ -->\n<title>INGRESO DEL PARTO: \u00bfc\u00f3mo hemos de prepararnos? - DRA. GIBERT<\/title>\n<meta name=\"robots\" content=\"index, follow, max-snippet:-1, max-image-preview:large, max-video-preview:-1\" \/>\n<link rel=\"canonical\" href=\"https:\/\/www.doctoragibert.com\/es\/pacientes\/embarazo-y-parto\/ingres-part\/\" \/>\n<meta property=\"og:locale\" content=\"es_ES\" \/>\n<meta property=\"og:type\" content=\"article\" \/>\n<meta property=\"og:title\" content=\"INGRESO DEL PARTO: \u00bfc\u00f3mo hemos de prepararnos? - DRA. GIBERT\" \/>\n<meta property=\"og:description\" content=\"Autora:\u00a0Dra. MJ Gibert. Fecha de actualizaci\u00f3n: 1\/7\/22. Vamos con un post de lo m\u00e1s pr\u00e1ctico, sobre la \u201ccanastilla\u201d, lo que ten\u00e9is que preparar para llevaros al hospital, y algunas preguntas frecuentes que nos formulan los pap\u00e1s. LA CANASTILLA Nuestras recomendaciones parten de los servicios ofertados en Quir\u00f3nsalud Palmaplanas, aunque tambi\u00e9n os pueden servir si vais [&hellip;]\" \/>\n<meta property=\"og:url\" content=\"https:\/\/www.doctoragibert.com\/es\/pacientes\/embarazo-y-parto\/ingres-part\/\" \/>\n<meta property=\"og:site_name\" content=\"DRA. GIBERT\" \/>\n<meta property=\"article:publisher\" content=\"https:\/\/www.facebook.com\/doctoragibert\" \/>\n<meta property=\"article:modified_time\" content=\"2022-07-01T19:54:22+00:00\" \/>\n<meta property=\"og:image\" content=\"https:\/\/www.doctoragibert.com\/wp-content\/uploads\/2022\/07\/Canastilla_2.jpeg\" \/>\n<meta name=\"twitter:label1\" content=\"Tiempo de lectura\" \/>\n\t<meta name=\"twitter:data1\" content=\"6 minutos\" \/>\n<script type=\"application\/ld+json\" class=\"yoast-schema-graph\">{\"@context\":\"https:\/\/schema.org\",\"@graph\":[{\"@type\":\"WebPage\",\"@id\":\"https:\/\/www.doctoragibert.com\/es\/pacientes\/embarazo-y-parto\/ingres-part\/\",\"url\":\"https:\/\/www.doctoragibert.com\/es\/pacientes\/embarazo-y-parto\/ingres-part\/\",\"name\":\"INGRESO DEL PARTO: \u00bfc\u00f3mo hemos de prepararnos? - DRA. GIBERT\",\"isPartOf\":{\"@id\":\"https:\/\/www.doctoragibert.com\/es\/#website\"},\"primaryImageOfPage\":{\"@id\":\"https:\/\/www.doctoragibert.com\/es\/pacientes\/embarazo-y-parto\/ingres-part\/#primaryimage\"},\"image\":{\"@id\":\"https:\/\/www.doctoragibert.com\/es\/pacientes\/embarazo-y-parto\/ingres-part\/#primaryimage\"},\"thumbnailUrl\":\"https:\/\/www.doctoragibert.com\/wp-content\/uploads\/2022\/07\/Canastilla_2.jpeg\",\"datePublished\":\"2022-07-01T19:36:25+00:00\",\"dateModified\":\"2022-07-01T19:54:22+00:00\",\"breadcrumb\":{\"@id\":\"https:\/\/www.doctoragibert.com\/es\/pacientes\/embarazo-y-parto\/ingres-part\/#breadcrumb\"},\"inLanguage\":\"es\",\"potentialAction\":[{\"@type\":\"ReadAction\",\"target\":[\"https:\/\/www.doctoragibert.com\/es\/pacientes\/embarazo-y-parto\/ingres-part\/\"]}]},{\"@type\":\"ImageObject\",\"inLanguage\":\"es\",\"@id\":\"https:\/\/www.doctoragibert.com\/es\/pacientes\/embarazo-y-parto\/ingres-part\/#primaryimage\",\"url\":\"https:\/\/www.doctoragibert.com\/wp-content\/uploads\/2022\/07\/Canastilla_2.jpeg\",\"contentUrl\":\"https:\/\/www.doctoragibert.com\/wp-content\/uploads\/2022\/07\/Canastilla_2.jpeg\"},{\"@type\":\"BreadcrumbList\",\"@id\":\"https:\/\/www.doctoragibert.com\/es\/pacientes\/embarazo-y-parto\/ingres-part\/#breadcrumb\",\"itemListElement\":[{\"@type\":\"ListItem\",\"position\":1,\"name\":\"PACIENTES\",\"item\":\"https:\/\/www.doctoragibert.com\/es\/pacientes\/\"},{\"@type\":\"ListItem\",\"position\":2,\"name\":\"EMBARAZO Y PARTO\",\"item\":\"https:\/\/www.doctoragibert.com\/es\/pacientes\/embarazo-y-parto\/\"},{\"@type\":\"ListItem\",\"position\":3,\"name\":\"INGRESO DEL PARTO: \u00bfc\u00f3mo hemos de prepararnos?\"}]},{\"@type\":\"WebSite\",\"@id\":\"https:\/\/www.doctoragibert.com\/es\/#website\",\"url\":\"https:\/\/www.doctoragibert.com\/es\/\",\"name\":\"DRA. GIBERT\",\"description\":\"Ginecologia i obstetricia\",\"potentialAction\":[{\"@type\":\"SearchAction\",\"target\":{\"@type\":\"EntryPoint\",\"urlTemplate\":\"https:\/\/www.doctoragibert.com\/es\/?s={search_term_string}\"},\"query-input\":{\"@type\":\"PropertyValueSpecification\",\"valueRequired\":true,\"valueName\":\"search_term_string\"}}],\"inLanguage\":\"es\"}]}<\/script>\n<!-- \/ Yoast SEO plugin. -->","yoast_head_json":{"title":"INGRESO DEL PARTO: \u00bfc\u00f3mo hemos de prepararnos? - DRA. GIBERT","robots":{"index":"index","follow":"follow","max-snippet":"max-snippet:-1","max-image-preview":"max-image-preview:large","max-video-preview":"max-video-preview:-1"},"canonical":"https:\/\/www.doctoragibert.com\/es\/pacientes\/embarazo-y-parto\/ingres-part\/","og_locale":"es_ES","og_type":"article","og_title":"INGRESO DEL PARTO: \u00bfc\u00f3mo hemos de prepararnos? - DRA. GIBERT","og_description":"Autora:\u00a0Dra. MJ Gibert. Fecha de actualizaci\u00f3n: 1\/7\/22. Vamos con un post de lo m\u00e1s pr\u00e1ctico, sobre la \u201ccanastilla\u201d, lo que ten\u00e9is que preparar para llevaros al hospital, y algunas preguntas frecuentes que nos formulan los pap\u00e1s. LA CANASTILLA Nuestras recomendaciones parten de los servicios ofertados en Quir\u00f3nsalud Palmaplanas, aunque tambi\u00e9n os pueden servir si vais [&hellip;]","og_url":"https:\/\/www.doctoragibert.com\/es\/pacientes\/embarazo-y-parto\/ingres-part\/","og_site_name":"DRA. GIBERT","article_publisher":"https:\/\/www.facebook.com\/doctoragibert","article_modified_time":"2022-07-01T19:54:22+00:00","og_image":[{"url":"https:\/\/www.doctoragibert.com\/wp-content\/uploads\/2022\/07\/Canastilla_2.jpeg","type":"","width":"","height":""}],"twitter_misc":{"Tiempo de lectura":"6 minutos"},"schema":{"@context":"https:\/\/schema.org","@graph":[{"@type":"WebPage","@id":"https:\/\/www.doctoragibert.com\/es\/pacientes\/embarazo-y-parto\/ingres-part\/","url":"https:\/\/www.doctoragibert.com\/es\/pacientes\/embarazo-y-parto\/ingres-part\/","name":"INGRESO DEL PARTO: \u00bfc\u00f3mo hemos de prepararnos? - DRA. GIBERT","isPartOf":{"@id":"https:\/\/www.doctoragibert.com\/es\/#website"},"primaryImageOfPage":{"@id":"https:\/\/www.doctoragibert.com\/es\/pacientes\/embarazo-y-parto\/ingres-part\/#primaryimage"},"image":{"@id":"https:\/\/www.doctoragibert.com\/es\/pacientes\/embarazo-y-parto\/ingres-part\/#primaryimage"},"thumbnailUrl":"https:\/\/www.doctoragibert.com\/wp-content\/uploads\/2022\/07\/Canastilla_2.jpeg","datePublished":"2022-07-01T19:36:25+00:00","dateModified":"2022-07-01T19:54:22+00:00","breadcrumb":{"@id":"https:\/\/www.doctoragibert.com\/es\/pacientes\/embarazo-y-parto\/ingres-part\/#breadcrumb"},"inLanguage":"es","potentialAction":[{"@type":"ReadAction","target":["https:\/\/www.doctoragibert.com\/es\/pacientes\/embarazo-y-parto\/ingres-part\/"]}]},{"@type":"ImageObject","inLanguage":"es","@id":"https:\/\/www.doctoragibert.com\/es\/pacientes\/embarazo-y-parto\/ingres-part\/#primaryimage","url":"https:\/\/www.doctoragibert.com\/wp-content\/uploads\/2022\/07\/Canastilla_2.jpeg","contentUrl":"https:\/\/www.doctoragibert.com\/wp-content\/uploads\/2022\/07\/Canastilla_2.jpeg"},{"@type":"BreadcrumbList","@id":"https:\/\/www.doctoragibert.com\/es\/pacientes\/embarazo-y-parto\/ingres-part\/#breadcrumb","itemListElement":[{"@type":"ListItem","position":1,"name":"PACIENTES","item":"https:\/\/www.doctoragibert.com\/es\/pacientes\/"},{"@type":"ListItem","position":2,"name":"EMBARAZO Y PARTO","item":"https:\/\/www.doctoragibert.com\/es\/pacientes\/embarazo-y-parto\/"},{"@type":"ListItem","position":3,"name":"INGRESO DEL PARTO: \u00bfc\u00f3mo hemos de prepararnos?"}]},{"@type":"WebSite","@id":"https:\/\/www.doctoragibert.com\/es\/#website","url":"https:\/\/www.doctoragibert.com\/es\/","name":"DRA. GIBERT","description":"Ginecologia i obstetricia","potentialAction":[{"@type":"SearchAction","target":{"@type":"EntryPoint","urlTemplate":"https:\/\/www.doctoragibert.com\/es\/?s={search_term_string}"},"query-input":{"@type":"PropertyValueSpecification","valueRequired":true,"valueName":"search_term_string"}}],"inLanguage":"es"}]}},"_links":{"self":[{"href":"https:\/\/www.doctoragibert.com\/es\/wp-json\/wp\/v2\/pages\/20168","targetHints":{"allow":["GET"]}}],"collection":[{"href":"https:\/\/www.doctoragibert.com\/es\/wp-json\/wp\/v2\/pages"}],"about":[{"href":"https:\/\/www.doctoragibert.com\/es\/wp-json\/wp\/v2\/types\/page"}],"author":[{"embeddable":true,"href":"https:\/\/www.doctoragibert.com\/es\/wp-json\/wp\/v2\/users\/12"}],"replies":[{"embeddable":true,"href":"https:\/\/www.doctoragibert.com\/es\/wp-json\/wp\/v2\/comments?post=20168"}],"version-history":[{"count":4,"href":"https:\/\/www.doctoragibert.com\/es\/wp-json\/wp\/v2\/pages\/20168\/revisions"}],"predecessor-version":[{"id":20177,"href":"https:\/\/www.doctoragibert.com\/es\/wp-json\/wp\/v2\/pages\/20168\/revisions\/20177"}],"up":[{"embeddable":true,"href":"https:\/\/www.doctoragibert.com\/es\/wp-json\/wp\/v2\/pages\/15253"}],"wp:attachment":[{"href":"https:\/\/www.doctoragibert.com\/es\/wp-json\/wp\/v2\/media?parent=20168"}],"curies":[{"name":"wp","href":"https:\/\/api.w.org\/{rel}","templated":true}]}}