{"id":20197,"date":"2022-07-17T10:25:30","date_gmt":"2022-07-17T10:25:30","guid":{"rendered":"https:\/\/www.doctoragibert.com\/pacientes\/embarazo-y-parto\/cabells-embaras\/"},"modified":"2024-10-25T09:29:34","modified_gmt":"2024-10-25T09:29:34","slug":"cabellos-embarazo","status":"publish","type":"page","link":"https:\/\/www.doctoragibert.com\/es\/pacientes\/embarazo-y-parto\/cabellos-embarazo\/","title":{"rendered":"CABELLOS: \u00bfcambian durante el embarazo?, \u00bfnos los podemos te\u00f1ir, alisar o rizar?"},"content":{"rendered":"<p><em>Autora:<\/em>\u00a0Dra. MJ Gibert.<br \/>\n<em>Fecha de actualizaci\u00f3n:\u00a0<\/em>25\/10\/24.<br \/>\n<em>Fechas de versiones previas:<\/em> 17\/7\/22, 7\/7\/24.<\/p>\n<p>&nbsp;<\/p>\n<h3><span style=\"color: #008080;\">EL EMBARAZO REPERCUTE SOBRE NUESTRO CABELLO<\/span><\/h3>\n<p><img fetchpriority=\"high\" decoding=\"async\" class=\"alignright wp-image-20184\" src=\"https:\/\/www.doctoragibert.com\/wp-content\/uploads\/2022\/07\/pexels-photo-7755461.jpeg\" alt=\"\" width=\"492\" height=\"328\" \/>Cuentan los peluqueros que, <strong>durante el embarazo, los cabellos suelen lucir m\u00e1s gruesos, abundantes y brillantes<\/strong>, pues las hormonas los mantienen en fase de desarrollo, sin dejar que se desprendan. Y seguro que en esta \u00e9poca, os gustar\u00e1 aprovechar estas ventajas para estar guapas y acordes a vuestro proyecto familiar creciente.<\/p>\n<p>Entonces, es frecuente que recurramos a <strong>tratamientos capilares como tintes, mechas, decoloraciones, alisados y permanentes<\/strong>. Puede que el pelo responda de forma distinta a los tratamientos, entonces, no estar\u00e1 de m\u00e1s probarlos sobre una zona limitada de nuestro cabello, a ver.<\/p>\n<p>Como los productos utilizados, incluso los que se comercializan como \u00abnaturales\u00bb tienen bastante \u00abqu\u00edmica\u00bb, <strong>las mam\u00e1s futuras y recientes<\/strong> nos preguntan si su uso puede afectar a sus beb\u00e9s.<\/p>\n<p>Igualmente, <strong>las peluqueras que est\u00e1n o desean estar embarazadas<\/strong> se suelen preocupar a causa de su exposici\u00f3n constante y a no ser ajenas a problemas de alergias que ven en el cuero cabelludo y en los ojos de sus clientes.<\/p>\n<p>La \u00abqu\u00edmica\u00bb puede ser agua oxigenada, alcoholes, compuestos de amon\u00edaco, formaldeh\u00eddo, hidr\u00f3xido s\u00f3dico, \u00e1cido oleico, resorcinol, fenilendiaminas y otros derivados del petr\u00f3leo. Por suerte,<strong> las regulaciones actuales han eliminado las sustancias carcinog\u00e9nicas de los tintes<\/strong>, a pesar de que los estudios realizados sobre profesionales de la peluquer\u00eda no llegaron a mostrar ninguna predisposici\u00f3n especial al c\u00e1ncer.<\/p>\n<p>&nbsp;<\/p>\n<h3><span style=\"color: #008080;\">USO PERSONAL DE PRODUCTOS CAPILARES<\/span><\/h3>\n<p>Si bien algunos productos como el PPD o parafenilendiamina, los aminofenoles y etanolamina han mostrado toxicidad en animales, ha sido en dosis muy altas. As\u00ed, <strong>los estudios en \u00abvida real\u00bb en humanos, en los que la exposici\u00f3n es mucho m\u00e1s limitada, estos t\u00f3xicos no alcanzan la placenta en cantidad suficiente como para da\u00f1ar al feto en forma de abortos, malformaciones, prematuridad o bajo peso<\/strong>. De ah\u00ed que el uso habitual de estos productos, cada mes o menos, no parece que pueda causar problemas, ya que apenas pasan a la sangre. Igualmente, <strong>disponemos de pocos datos sobre la exposici\u00f3n durante el primer trimestre<\/strong>, que es el per\u00edodo m\u00e1s vulnerable, cuando se forman los \u00f3rganos del concebido.<\/p>\n<p>&nbsp;<\/p>\n<hr \/>\n<blockquote>\n<h1 style=\"text-align: center;\"><span style=\"color: #008080;\">Aunque los productos capilares tienen muchos componentes qu\u00edmicos, el paso de \u00e9stos al feto es m\u00ednimo y seguro, bajo condiciones normales de uso<\/span><span style=\"color: #008080;\">\u00a0<\/span><\/h1>\n<\/blockquote>\n<hr \/>\n<p>&nbsp;<\/p>\n<p>Entonces, nuestras <strong>recomendaciones<\/strong> son:<\/p>\n<ol>\n<li>Aplicar el producto en la <strong>cantidad m\u00ednima<\/strong> necesaria y dejarlo durante <strong>el menor tiempo posible<\/strong>.<\/li>\n<li>Si es prescindible, <strong>evitar su aplicaci\u00f3n durante los tres primeros meses<\/strong>.<\/li>\n<li>Abrir las ventanas mientras tengamos el producto sobre nuestro cuero cabelludo.<\/li>\n<li>Valorar <strong>elegir los productos m\u00e1s naturales<\/strong>, como la henna. Es importante leer la composici\u00f3n, puesto que tras la etiqueta de \u00abnatural\u00bb puede haber m\u00e1s de una sorpresa.<\/li>\n<\/ol>\n<p>Con respecto a la higiene del cabello se puede realizar con los productos habituales, salvo en el caso del <strong>champ\u00fa anticaspa<\/strong>, que deberemos confirmar que sea compatible con nuestro estado.<\/p>\n<p>A los <strong>3-6 meses despu\u00e9s del parto<\/strong>, es frecuente que el pelo empiece a clarear y a caer, es el <strong>telog\u00e9n efluvio postparto<\/strong>. Pero no hay que preocuparse,que pronto volver\u00e1 a crecer. Mientras tanto, tomaremos el hierro que nos recomiendan para el postparto y nuestros alimentos ser\u00e1n ricos en prote\u00ednas.<\/p>\n<p>&nbsp;<\/p>\n<h3><span style=\"color: #008080;\">USO PROFESIONAL<\/span><\/h3>\n<p>En cuanto a los peluqueros, se han medido algunas sustancias qu\u00edmicas en el aire de los salones de belleza y se ha comprobado que los niveles estaban muy por debajo de los l\u00edmites m\u00e1ximos recomendados.<\/p>\n<p>Igualmente, se analizaron los niveles de PPD en la sangre de 18 peluqueros que realizaban 6 tintes al d\u00eda y estaban dentro de m\u00e1rgenes seguros.<\/p>\n<p>&nbsp;<\/p>\n<hr \/>\n<blockquote>\n<h1 style=\"text-align: center;\"><span style=\"color: #008080;\">Las profesionales de la peluquer\u00eda pueden seguir trabajando, siempre que minimicen el contacto de los productos con su piel y su aparato respiratorio<\/span><\/h1>\n<\/blockquote>\n<hr \/>\n<p>&nbsp;<\/p>\n<p>Otra investigaci\u00f3n que nos da seguridad es que la probabilidad de abortar entre las embarazadas que trabajan en salones de belleza no tiene que ver con el n\u00famero de tintes realizados cada semana.<\/p>\n<p><img decoding=\"async\" class=\"wp-image-20188 alignright\" src=\"https:\/\/www.doctoragibert.com\/wp-content\/uploads\/2022\/07\/pexels-photo-7755511.jpeg\" alt=\"\" width=\"415\" height=\"277\" \/><\/p>\n<p>Adem\u00e1s, l<strong>as experiencias publicadas sobre peluqueros de diferentes puntos del planeta no ha logrado detectar un aumento de defectos cong\u00e9nitos en sus hijos<\/strong>.<br \/>\nAun con todo, no est\u00e1 de m\u00e1s reducir la exposici\u00f3n a estos productos y <strong>recomendamos<\/strong>:<\/p>\n<ol>\n<li>Utilizar <strong>guantes<\/strong> durante su aplicaci\u00f3n.<\/li>\n<li><strong>No hacer horas extra<\/strong>.<\/li>\n<li>Mantener <strong>aireados los locales<\/strong>.<\/li>\n<\/ol>\n<p>Ya sab\u00e9is, pues, que el el embarazo no es impedimento ni para lucir unos cabellos bonitos ni para seguir trabajando, eso s\u00ed, con prudencia y sentido com\u00fan.<\/p>\n<p>&nbsp;<\/p>\n<h4><span style=\"color: #008080;\">FUENTES DE LA INFORMACI\u00d3N:<\/span><\/h4>\n<ul>\n<li>Chua-Gocheco A, Bozzo P, Einarson A. Safety of hair products during pregnancy. Personal use and occupational exposure. Motherisk Update, Current Practice. Can Fam Phys. 2008;54:1386-8.<\/li>\n<li>Koren G. Hair treatments \u2013 Drugs, Pregnancy, And Lactation. OB\/GYN News, 2003 [acceso 7-7-24]. Disponible en: <a href=\"https:\/\/www.researchgate.net\/publication\/224821996_Drugs_during_Pregnancy_and_Lactation_New_Solutions_to_Serious_Challenges\/link\/0028db640cf20cdd1a0f9bc0\/download?_tp=eyJjb250ZXh0Ijp7ImZpcnN0UGFnZSI6InB1YmxpY2F0aW9uIiwicGFnZSI6InB1YmxpY2F0aW9uIn19\" target=\"_blank\" rel=\"noopener\">https:\/\/www.researchgate.net\/publication\/224821996_Drugs_during_Pregnancy_and_Lactation_New_Solutions_to_Serious_Challenges\/link\/0028db640cf20cdd1a0f9bc0\/download?_tp=eyJjb250ZXh0Ijp7ImZpcnN0UGFnZSI6InB1YmxpY2F0aW9uIiwicGFnZSI6InB1YmxpY2F0aW9uIn19<\/a><\/li>\n<\/ul>\n","protected":false},"excerpt":{"rendered":"<p>Autora:\u00a0Dra. MJ Gibert. Fecha de actualizaci\u00f3n:\u00a025\/10\/24. Fechas de versiones previas: 17\/7\/22, 7\/7\/24. &nbsp; EL EMBARAZO REPERCUTE SOBRE NUESTRO CABELLO Cuentan los peluqueros que, durante el embarazo, los cabellos suelen lucir m\u00e1s gruesos, abundantes y brillantes, pues las hormonas los mantienen en fase de desarrollo, sin dejar que se desprendan. Y seguro que en esta \u00e9poca, [&hellip;]<\/p>\n","protected":false},"author":12,"featured_media":0,"parent":15253,"menu_order":0,"comment_status":"closed","ping_status":"closed","template":"page-limpia.php","meta":{"footnotes":""},"class_list":["post-20197","page","type-page","status-publish","hentry"],"yoast_head":"<!-- This site is optimized with the Yoast SEO plugin v25.0 - https:\/\/yoast.com\/wordpress\/plugins\/seo\/ -->\n<title>CABELLOS: \u00bfcambian durante el embarazo?, \u00bfnos los podemos te\u00f1ir, alisar o rizar? - DRA. GIBERT<\/title>\n<meta name=\"robots\" content=\"index, follow, max-snippet:-1, max-image-preview:large, max-video-preview:-1\" \/>\n<link rel=\"canonical\" href=\"https:\/\/www.doctoragibert.com\/es\/pacientes\/embarazo-y-parto\/cabellos-embarazo\/\" \/>\n<meta property=\"og:locale\" content=\"es_ES\" \/>\n<meta property=\"og:type\" content=\"article\" \/>\n<meta property=\"og:title\" content=\"CABELLOS: \u00bfcambian durante el embarazo?, \u00bfnos los podemos te\u00f1ir, alisar o rizar? - DRA. GIBERT\" \/>\n<meta property=\"og:description\" content=\"Autora:\u00a0Dra. MJ Gibert. Fecha de actualizaci\u00f3n:\u00a025\/10\/24. Fechas de versiones previas: 17\/7\/22, 7\/7\/24. &nbsp; EL EMBARAZO REPERCUTE SOBRE NUESTRO CABELLO Cuentan los peluqueros que, durante el embarazo, los cabellos suelen lucir m\u00e1s gruesos, abundantes y brillantes, pues las hormonas los mantienen en fase de desarrollo, sin dejar que se desprendan. Y seguro que en esta \u00e9poca, [&hellip;]\" \/>\n<meta property=\"og:url\" content=\"https:\/\/www.doctoragibert.com\/es\/pacientes\/embarazo-y-parto\/cabellos-embarazo\/\" \/>\n<meta property=\"og:site_name\" content=\"DRA. GIBERT\" \/>\n<meta property=\"article:publisher\" content=\"https:\/\/www.facebook.com\/doctoragibert\" \/>\n<meta property=\"article:modified_time\" content=\"2024-10-25T09:29:34+00:00\" \/>\n<meta property=\"og:image\" content=\"https:\/\/www.doctoragibert.com\/wp-content\/uploads\/2022\/07\/pexels-photo-7755461.jpeg\" \/>\n<meta name=\"twitter:label1\" content=\"Tiempo de lectura\" \/>\n\t<meta name=\"twitter:data1\" content=\"5 minutos\" \/>\n<script type=\"application\/ld+json\" class=\"yoast-schema-graph\">{\"@context\":\"https:\/\/schema.org\",\"@graph\":[{\"@type\":\"WebPage\",\"@id\":\"https:\/\/www.doctoragibert.com\/es\/pacientes\/embarazo-y-parto\/cabellos-embarazo\/\",\"url\":\"https:\/\/www.doctoragibert.com\/es\/pacientes\/embarazo-y-parto\/cabellos-embarazo\/\",\"name\":\"CABELLOS: \u00bfcambian durante el embarazo?, \u00bfnos los podemos te\u00f1ir, alisar o rizar? - DRA. GIBERT\",\"isPartOf\":{\"@id\":\"https:\/\/www.doctoragibert.com\/es\/#website\"},\"primaryImageOfPage\":{\"@id\":\"https:\/\/www.doctoragibert.com\/es\/pacientes\/embarazo-y-parto\/cabellos-embarazo\/#primaryimage\"},\"image\":{\"@id\":\"https:\/\/www.doctoragibert.com\/es\/pacientes\/embarazo-y-parto\/cabellos-embarazo\/#primaryimage\"},\"thumbnailUrl\":\"https:\/\/www.doctoragibert.com\/wp-content\/uploads\/2022\/07\/pexels-photo-7755461.jpeg\",\"datePublished\":\"2022-07-17T10:25:30+00:00\",\"dateModified\":\"2024-10-25T09:29:34+00:00\",\"breadcrumb\":{\"@id\":\"https:\/\/www.doctoragibert.com\/es\/pacientes\/embarazo-y-parto\/cabellos-embarazo\/#breadcrumb\"},\"inLanguage\":\"es\",\"potentialAction\":[{\"@type\":\"ReadAction\",\"target\":[\"https:\/\/www.doctoragibert.com\/es\/pacientes\/embarazo-y-parto\/cabellos-embarazo\/\"]}]},{\"@type\":\"ImageObject\",\"inLanguage\":\"es\",\"@id\":\"https:\/\/www.doctoragibert.com\/es\/pacientes\/embarazo-y-parto\/cabellos-embarazo\/#primaryimage\",\"url\":\"https:\/\/www.doctoragibert.com\/wp-content\/uploads\/2022\/07\/pexels-photo-7755461.jpeg\",\"contentUrl\":\"https:\/\/www.doctoragibert.com\/wp-content\/uploads\/2022\/07\/pexels-photo-7755461.jpeg\"},{\"@type\":\"BreadcrumbList\",\"@id\":\"https:\/\/www.doctoragibert.com\/es\/pacientes\/embarazo-y-parto\/cabellos-embarazo\/#breadcrumb\",\"itemListElement\":[{\"@type\":\"ListItem\",\"position\":1,\"name\":\"PACIENTES\",\"item\":\"https:\/\/www.doctoragibert.com\/es\/pacientes\/\"},{\"@type\":\"ListItem\",\"position\":2,\"name\":\"EMBARAZO Y PARTO\",\"item\":\"https:\/\/www.doctoragibert.com\/es\/pacientes\/embarazo-y-parto\/\"},{\"@type\":\"ListItem\",\"position\":3,\"name\":\"CABELLOS: \u00bfcambian durante el embarazo?, \u00bfnos los podemos te\u00f1ir, alisar o rizar?\"}]},{\"@type\":\"WebSite\",\"@id\":\"https:\/\/www.doctoragibert.com\/es\/#website\",\"url\":\"https:\/\/www.doctoragibert.com\/es\/\",\"name\":\"DRA. GIBERT\",\"description\":\"Ginecologia i obstetricia\",\"potentialAction\":[{\"@type\":\"SearchAction\",\"target\":{\"@type\":\"EntryPoint\",\"urlTemplate\":\"https:\/\/www.doctoragibert.com\/es\/?s={search_term_string}\"},\"query-input\":{\"@type\":\"PropertyValueSpecification\",\"valueRequired\":true,\"valueName\":\"search_term_string\"}}],\"inLanguage\":\"es\"}]}<\/script>\n<!-- \/ Yoast SEO plugin. -->","yoast_head_json":{"title":"CABELLOS: \u00bfcambian durante el embarazo?, \u00bfnos los podemos te\u00f1ir, alisar o rizar? - DRA. GIBERT","robots":{"index":"index","follow":"follow","max-snippet":"max-snippet:-1","max-image-preview":"max-image-preview:large","max-video-preview":"max-video-preview:-1"},"canonical":"https:\/\/www.doctoragibert.com\/es\/pacientes\/embarazo-y-parto\/cabellos-embarazo\/","og_locale":"es_ES","og_type":"article","og_title":"CABELLOS: \u00bfcambian durante el embarazo?, \u00bfnos los podemos te\u00f1ir, alisar o rizar? - DRA. GIBERT","og_description":"Autora:\u00a0Dra. MJ Gibert. Fecha de actualizaci\u00f3n:\u00a025\/10\/24. Fechas de versiones previas: 17\/7\/22, 7\/7\/24. &nbsp; EL EMBARAZO REPERCUTE SOBRE NUESTRO CABELLO Cuentan los peluqueros que, durante el embarazo, los cabellos suelen lucir m\u00e1s gruesos, abundantes y brillantes, pues las hormonas los mantienen en fase de desarrollo, sin dejar que se desprendan. Y seguro que en esta \u00e9poca, [&hellip;]","og_url":"https:\/\/www.doctoragibert.com\/es\/pacientes\/embarazo-y-parto\/cabellos-embarazo\/","og_site_name":"DRA. GIBERT","article_publisher":"https:\/\/www.facebook.com\/doctoragibert","article_modified_time":"2024-10-25T09:29:34+00:00","og_image":[{"url":"https:\/\/www.doctoragibert.com\/wp-content\/uploads\/2022\/07\/pexels-photo-7755461.jpeg","type":"","width":"","height":""}],"twitter_misc":{"Tiempo de lectura":"5 minutos"},"schema":{"@context":"https:\/\/schema.org","@graph":[{"@type":"WebPage","@id":"https:\/\/www.doctoragibert.com\/es\/pacientes\/embarazo-y-parto\/cabellos-embarazo\/","url":"https:\/\/www.doctoragibert.com\/es\/pacientes\/embarazo-y-parto\/cabellos-embarazo\/","name":"CABELLOS: \u00bfcambian durante el embarazo?, \u00bfnos los podemos te\u00f1ir, alisar o rizar? - DRA. GIBERT","isPartOf":{"@id":"https:\/\/www.doctoragibert.com\/es\/#website"},"primaryImageOfPage":{"@id":"https:\/\/www.doctoragibert.com\/es\/pacientes\/embarazo-y-parto\/cabellos-embarazo\/#primaryimage"},"image":{"@id":"https:\/\/www.doctoragibert.com\/es\/pacientes\/embarazo-y-parto\/cabellos-embarazo\/#primaryimage"},"thumbnailUrl":"https:\/\/www.doctoragibert.com\/wp-content\/uploads\/2022\/07\/pexels-photo-7755461.jpeg","datePublished":"2022-07-17T10:25:30+00:00","dateModified":"2024-10-25T09:29:34+00:00","breadcrumb":{"@id":"https:\/\/www.doctoragibert.com\/es\/pacientes\/embarazo-y-parto\/cabellos-embarazo\/#breadcrumb"},"inLanguage":"es","potentialAction":[{"@type":"ReadAction","target":["https:\/\/www.doctoragibert.com\/es\/pacientes\/embarazo-y-parto\/cabellos-embarazo\/"]}]},{"@type":"ImageObject","inLanguage":"es","@id":"https:\/\/www.doctoragibert.com\/es\/pacientes\/embarazo-y-parto\/cabellos-embarazo\/#primaryimage","url":"https:\/\/www.doctoragibert.com\/wp-content\/uploads\/2022\/07\/pexels-photo-7755461.jpeg","contentUrl":"https:\/\/www.doctoragibert.com\/wp-content\/uploads\/2022\/07\/pexels-photo-7755461.jpeg"},{"@type":"BreadcrumbList","@id":"https:\/\/www.doctoragibert.com\/es\/pacientes\/embarazo-y-parto\/cabellos-embarazo\/#breadcrumb","itemListElement":[{"@type":"ListItem","position":1,"name":"PACIENTES","item":"https:\/\/www.doctoragibert.com\/es\/pacientes\/"},{"@type":"ListItem","position":2,"name":"EMBARAZO Y PARTO","item":"https:\/\/www.doctoragibert.com\/es\/pacientes\/embarazo-y-parto\/"},{"@type":"ListItem","position":3,"name":"CABELLOS: \u00bfcambian durante el embarazo?, \u00bfnos los podemos te\u00f1ir, alisar o rizar?"}]},{"@type":"WebSite","@id":"https:\/\/www.doctoragibert.com\/es\/#website","url":"https:\/\/www.doctoragibert.com\/es\/","name":"DRA. GIBERT","description":"Ginecologia i obstetricia","potentialAction":[{"@type":"SearchAction","target":{"@type":"EntryPoint","urlTemplate":"https:\/\/www.doctoragibert.com\/es\/?s={search_term_string}"},"query-input":{"@type":"PropertyValueSpecification","valueRequired":true,"valueName":"search_term_string"}}],"inLanguage":"es"}]}},"_links":{"self":[{"href":"https:\/\/www.doctoragibert.com\/es\/wp-json\/wp\/v2\/pages\/20197","targetHints":{"allow":["GET"]}}],"collection":[{"href":"https:\/\/www.doctoragibert.com\/es\/wp-json\/wp\/v2\/pages"}],"about":[{"href":"https:\/\/www.doctoragibert.com\/es\/wp-json\/wp\/v2\/types\/page"}],"author":[{"embeddable":true,"href":"https:\/\/www.doctoragibert.com\/es\/wp-json\/wp\/v2\/users\/12"}],"replies":[{"embeddable":true,"href":"https:\/\/www.doctoragibert.com\/es\/wp-json\/wp\/v2\/comments?post=20197"}],"version-history":[{"count":3,"href":"https:\/\/www.doctoragibert.com\/es\/wp-json\/wp\/v2\/pages\/20197\/revisions"}],"predecessor-version":[{"id":22961,"href":"https:\/\/www.doctoragibert.com\/es\/wp-json\/wp\/v2\/pages\/20197\/revisions\/22961"}],"up":[{"embeddable":true,"href":"https:\/\/www.doctoragibert.com\/es\/wp-json\/wp\/v2\/pages\/15253"}],"wp:attachment":[{"href":"https:\/\/www.doctoragibert.com\/es\/wp-json\/wp\/v2\/media?parent=20197"}],"curies":[{"name":"wp","href":"https:\/\/api.w.org\/{rel}","templated":true}]}}