{"id":20225,"date":"2022-08-06T09:25:22","date_gmt":"2022-08-06T09:25:22","guid":{"rendered":"https:\/\/www.doctoragibert.com\/pacientes\/edades-distintas-problemas-distintos\/sindrome-urogenital-2\/"},"modified":"2022-08-06T10:05:45","modified_gmt":"2022-08-06T10:05:45","slug":"sindrome-urogenital","status":"publish","type":"page","link":"https:\/\/www.doctoragibert.com\/es\/pacientes\/edades-distintas-problemas-distintos\/sindrome-urogenital\/","title":{"rendered":"S\u00cdNDROME UROGENITAL A LA MENOPAUSIA: \u00bfqu\u00e9 es?, \u00bfc\u00f3mo podemos evitar que repercuta sobre nuestra vida sexual?"},"content":{"rendered":"<p><img fetchpriority=\"high\" decoding=\"async\" class=\"alignright size-full wp-image-10835\" src=\"https:\/\/www.doctoragibert.com\/wp-content\/uploads\/2019\/03\/Sd_urogenital.jpeg\" alt=\"Sd_urogenital\" width=\"500\" height=\"350\" \/><em>Autora:<\/em>\u00a0Dra. MJ Gibert.<br \/>\n<em>Fecha de actualizaci\u00f3n:<\/em> 6\/8\/22.<br \/>\n<em>Fechas de versiones previas:<\/em>\u00a03\/2\/19.<\/p>\n<p>La falta de hormonas ov\u00e1ricas, de\u00a0<strong>estr\u00f3genos<\/strong> en concreto, propia de la menopausia tiene efectos negativos sobre las mucosas genitales (recubrimiento\u00a0 h\u00famedo de vulva y vagina) y del tracto urinario. Las mucosas se \u00absecan\u00bb, esto es, pierden espesor, pliegues y microbios beneficiosos. Ello favorece que se rasguen al m\u00ednimo contacto o fricci\u00f3n, tal es el caso de las relaciones sexuales, e incluso al usar papel de WC poco suave. La p\u00e9rdida de los microbios habituales hace que otros, provenientes de la flora fecal, proliferen y aumenten nuestra propensi\u00f3n a las infecciones urinarias y al flujo amarillento que puede tener un olor no demasiado agradable.<\/p>\n<p>En este art\u00edculo, trataremos las molestias vaginales y el perjuicio a la vida \u00edntima al que se asocia.<\/p>\n<p><strong>Al menos\u00a0la mitad de mujeres menop\u00e1usicas<\/strong>\u00a0sufren una o m\u00e1s consecuencias de la falta de estr\u00f3genos, a saber: quemaz\u00f3n, picor, molestias durante la micci\u00f3n, dolor durante el acto sexual e incluso manchado despu\u00e9s del coito. Es importante que se lo comuniquemos a nuestro ginec\u00f3logo de referencia, ya que los s\u00edntomas son progresivos e implacables, de forma que hay m\u00e1s mujeres afectadas a m\u00e1s a\u00f1os transcurran desde la \u00faltima regla. No es raro que las mujeres muestren\u00a0<strong>aversi\u00f3n a las relaciones sexuales<\/strong>\u00a0en esta \u00e9poca, ya sea por un menor deseo sexual t\u00edpico de la menopausia como por el dolor asociado al acto sexual. Ello causa <strong>estrechez progresiva de la entrada de la vagina<\/strong> en algunos casos e incluso algunas muestran fusi\u00f3n de los labios mayores y menores. En otras palabras, los genitales externos pierden parte de sus pliegues caracter\u00edsticos.<\/p>\n<p>&nbsp;<\/p>\n<hr \/>\n<blockquote>\n<h1 style=\"text-align: center;\"><span style=\"color: #008080;\">El s\u00edndrome urogenital de la menopausia es el conjunto de repercusiones de la falta de hormonas sobre la parte inferior de los genitales y del tracto urinario<\/span><\/h1>\n<\/blockquote>\n<hr \/>\n<p>&nbsp;<\/p>\n<p>El\u00a0<strong>primer tratamiento<\/strong>\u00a0que os solemos recomendar es el uso de\u00a0<strong>lubricantes<\/strong>\u00a0para las relaciones sexuales y de <strong>hidratantes vaginales<\/strong>. Los hidratantes se usan todas las noches o casi, justo antes de ir a dormir, pues cuando estamos tumbadas es cuando mayor es el efecto. Igualmente,\u00a0<strong>una parte muy importante del tratamiento es mantenerse sexualmente activa<\/strong>, tanto sola como acompa\u00f1ada, no hace falta que sea como cuando una tiene 20 a\u00f1os, pero ustedes ya me entienden: la vagina se mantiene bien si le damos un buen uso.<\/p>\n<p>Los\u00a0<strong>lubricantes mejor comprarlos en la farmacia<\/strong>, para disminuir el riesgo de irritaciones locales.\u00a0<strong>Mejor<\/strong>\u00a0escoger\u00a0<strong>los de base acuosa<\/strong> (hechos con agua) que los de silicona o los oleosos, aunque cada tipo tiene su lugar. Os lo explicamos:<\/p>\n<ul>\n<li>Los lubricantes <strong>de base acuosa<\/strong>\u00a0son los menos irritantes y son f\u00e1ciles de retirar (con un chorro de agua del grifo). Son compatibles con todo tipo de juguetes sexuales y preservativos. El inconveniente es que la lubricaci\u00f3n es menos intensa y dura menos tiempos que los de silicona. Entre los que se venden en las farmacias espa\u00f1olas tenemos: K-Y\u00ae lubricating jelly, Mucus\u00ae, Ginesens\u00ae Gel Efecto Calor y Velastisa\u00ae Intim.<\/li>\n<li>Los lubricantes <strong>con silicona<\/strong> tienen un poco m\u00e1s de riesgo de producir alergia, pero son m\u00e1s potentes que los anteriores. No da\u00f1an los preservativos si son de calidad. Al no disolverse en el agua, se pueden usar para sexo acu\u00e1tico. Se necesita agua y jab\u00f3n para retirarlos f\u00e1cilmente. No se deben utlizar junto con juguetes sexuales de silicona, ya que los puede da\u00f1ar.<\/li>\n<li>Los que usan <strong>aceite u oleosos<\/strong>, la\u00a0<strong>vaselina<\/strong> entre ellos, pueden romper el cond\u00f3n y tambi\u00e9n fomentar las infecciones por hongos y vaginosis, pues causan un cambio en el pH vaginal. En las farmacias disponemos del Oleum \u00cdntimo de Pompeia.<\/li>\n<\/ul>\n<p>Llegadas aqu\u00ed, alguna se preguntar\u00e1. \u00bfpor qu\u00e9 insiste tanto la doctora en el preservativo? \u00a1Si ya no nos podemos quedar embarazadas! Os respondo: en caso de que teng\u00e1is una pareja nueva o poco estable, mejor esperar a estar seguras de que esta pareja no es de paso. No nos vamos a embarazar, pero s\u00ed que nos pueden contagiar alguna <strong>enfermedad de transmisi\u00f3n sexual<\/strong>\u00a0y, a estas alturas de la vida, no estamos para seg\u00fan qu\u00e9 riesgos.<\/p>\n<p>Si con lo anterior no basta, pues habr\u00e1 que ir directamente a atajar la causa directa, que es <strong>la falta de estr\u00f3genos<\/strong>. Tenemos dos opciones: uso de estr\u00f3genos vaginales o de estr\u00f3genos en forma de pastillas, crema, pulverizadores o parches para la piel.<\/p>\n<p>Aqu\u00ed s\u00f3lo trataremos\u00a0<strong>los estr\u00f3genos para uso vaginal<\/strong>, pues los otros estr\u00f3genos en parches, crema, pulverizador o pastillas no son de uso general, os lo explicamos en <a href=\"https:\/\/www.doctoragibert.com\/es\/pacientes\/edades-distintas-problemas-distintos\/ths\" target=\"_blank\" rel=\"noopener\">otra parte de la web<\/a>. Os <strong>recomendamos los preparados vaginales de m\u00e1s baja dosis<\/strong>\u00a0(Vagifem\u00ae, comprimidos vaginales de 10 mcg, o el anillo vaginal Estring\u00ae), pues su paso a la sangre es m\u00ednimo, por esto se pueden usar durante largu\u00edsimas temporadas. De hecho, si una se realiza los controles ginecol\u00f3gicos habituales, son unos f\u00e1rmacos muy seguros. Eso s\u00ed, en algunas mujeres producen algo de picor al principio y hay que darles un margen\u00a0<strong>entre 1 y 3 meses<\/strong> para que muestren toda la bondad de sus efectos. Empezamos con el Vagifem\u00ae 10 mcg cada noche durante 2 semanas y seguiremos a noches alternas, o bien, nos ponemos el anillo Estring que dura 3 meses, lo cual va muy bien para mujeres olvidadizas.<\/p>\n<p>Si no conseguimos resultados satisfactorios, nos queda la opci\u00f3n del\u00a0<strong>ospemifeno<\/strong>\u00a0(Senshio\u00ae), 60 mg diarios por boca, o los \u00f3vulos vaginales de 6,5 mg de\u00a0<strong>prasterona<\/strong>\u00a0(Intrarosa\u00ae) uno cada noche.<\/p>\n<p>A veces, la estrechez vaginal es tal que las medidas previas son insuficientes. En tales casos os recomendamos que utilic\u00e9is <strong>dilatadores vaginales<\/strong> y, s\u00f3lo si con ello no es suficiente, optamos por la <strong>cirug\u00eda de ampliaci\u00f3n anat\u00f3mica<\/strong>.<\/p>\n<p>En casos muy concretos, el <strong>l\u00e1ser\u00a0vaginal <\/strong>puede ser \u00fatil, tanto para el s\u00edndrome urogenital como para la incontinencia urinaria leve. Por otra parte, las infiltraciones con <strong>\u00e1cido hialur\u00f3nico<\/strong> pueden ayudar a recuperar la hidrataci\u00f3n genital. En cualquier caso, la investigaci\u00f3n que se realice en el futuro nos ayudar\u00e1 a conocer mejor el papel de ambas medidas.<\/p>\n<p>&nbsp;<\/p>\n<hr \/>\n<blockquote>\n<h1 style=\"text-align: center;\"><span style=\"color: #008080;\">Disponemos de tratamientos que nos permiten afrontar la menopausa con una calidad de vida muy buena<\/span><\/h1>\n<hr \/>\n<\/blockquote>\n<p>&nbsp;<\/p>\n<p>Obviamente, muchas mujeres notar\u00e1n\u00a0<strong>un aumento de calidad de vida<\/strong> combinando diferentes recursos: lubricantes, hidratantes con o sin hormonas, dilatadores e, inclusio, cirug\u00eda, \u00e1cido hialur\u00f3nico o l\u00e1ser. Sin olvidar mantenerse sexualmente activas y realizar <a href=\"https:\/\/www.doctoragibert.com\/wp-content\/uploads\/2015\/06\/27_07_1419_22_00Kegel_esp.pdf\" target=\"_blank\" rel=\"noopener\"><strong>ejercicios de suelo p\u00e9lvico o de Kegel<\/strong><\/a>. Y es que la zona vulvovagimal, aunque est\u00e1 cubierta, necesita tambi\u00e9n de nuestros cuidados.<\/p>\n<p>&nbsp;<\/p>\n<h4><span style=\"color: #008080;\"><strong>FUENTES DE LA INFORMACI\u00d3N:<\/strong><\/span><\/h4>\n<ul>\n<li>Management of symptomatic vulvovaginal atrophy: 2013 position statement of The North American Menopause Society. Menopause. 2013;20:888.<\/li>\n<li>Kingsberg SA, Krychman M, Graham S, Bernick B, Mirkin S. The Women\u2019s EMPOWER Survey: Identifying Women\u2019s Perceptions on Vulvar and Vaginal Atrophy and Its Treatment. J Sex Med. 2017;14:413.<\/li>\n<li>Naumova I, Castelo-Branco C. Current treatment options for postmenopausal vaginal atrophy. Int J Womens Health. 2018;10: 387.<\/li>\n<\/ul>\n","protected":false},"excerpt":{"rendered":"<p>Autora:\u00a0Dra. MJ Gibert. Fecha de actualizaci\u00f3n: 6\/8\/22. Fechas de versiones previas:\u00a03\/2\/19. La falta de hormonas ov\u00e1ricas, de\u00a0estr\u00f3genos en concreto, propia de la menopausia tiene efectos negativos sobre las mucosas genitales (recubrimiento\u00a0 h\u00famedo de vulva y vagina) y del tracto urinario. Las mucosas se \u00absecan\u00bb, esto es, pierden espesor, pliegues y microbios beneficiosos. Ello favorece que [&hellip;]<\/p>\n","protected":false},"author":12,"featured_media":0,"parent":15295,"menu_order":0,"comment_status":"closed","ping_status":"closed","template":"page-limpia.php","meta":{"footnotes":""},"class_list":["post-20225","page","type-page","status-publish","hentry"],"yoast_head":"<!-- This site is optimized with the Yoast SEO plugin v25.0 - https:\/\/yoast.com\/wordpress\/plugins\/seo\/ -->\n<title>S\u00cdNDROME UROGENITAL A LA MENOPAUSIA: \u00bfqu\u00e9 es?, \u00bfc\u00f3mo podemos evitar que repercuta sobre nuestra vida sexual? - DRA. GIBERT<\/title>\n<meta name=\"robots\" content=\"index, follow, max-snippet:-1, max-image-preview:large, max-video-preview:-1\" \/>\n<link rel=\"canonical\" href=\"https:\/\/www.doctoragibert.com\/es\/pacientes\/edades-distintas-problemas-distintos\/sindrome-urogenital\/\" \/>\n<meta property=\"og:locale\" content=\"es_ES\" \/>\n<meta property=\"og:type\" content=\"article\" \/>\n<meta property=\"og:title\" content=\"S\u00cdNDROME UROGENITAL A LA MENOPAUSIA: \u00bfqu\u00e9 es?, \u00bfc\u00f3mo podemos evitar que repercuta sobre nuestra vida sexual? - DRA. GIBERT\" \/>\n<meta property=\"og:description\" content=\"Autora:\u00a0Dra. MJ Gibert. Fecha de actualizaci\u00f3n: 6\/8\/22. Fechas de versiones previas:\u00a03\/2\/19. La falta de hormonas ov\u00e1ricas, de\u00a0estr\u00f3genos en concreto, propia de la menopausia tiene efectos negativos sobre las mucosas genitales (recubrimiento\u00a0 h\u00famedo de vulva y vagina) y del tracto urinario. Las mucosas se \u00absecan\u00bb, esto es, pierden espesor, pliegues y microbios beneficiosos. Ello favorece que [&hellip;]\" \/>\n<meta property=\"og:url\" content=\"https:\/\/www.doctoragibert.com\/es\/pacientes\/edades-distintas-problemas-distintos\/sindrome-urogenital\/\" \/>\n<meta property=\"og:site_name\" content=\"DRA. GIBERT\" \/>\n<meta property=\"article:publisher\" content=\"https:\/\/www.facebook.com\/doctoragibert\" \/>\n<meta property=\"article:modified_time\" content=\"2022-08-06T10:05:45+00:00\" \/>\n<meta property=\"og:image\" content=\"https:\/\/www.doctoragibert.com\/wp-content\/uploads\/2019\/03\/Sd_urogenital.jpeg\" \/>\n<meta name=\"twitter:label1\" content=\"Tiempo de lectura\" \/>\n\t<meta name=\"twitter:data1\" content=\"6 minutos\" \/>\n<script type=\"application\/ld+json\" class=\"yoast-schema-graph\">{\"@context\":\"https:\/\/schema.org\",\"@graph\":[{\"@type\":\"WebPage\",\"@id\":\"https:\/\/www.doctoragibert.com\/es\/pacientes\/edades-distintas-problemas-distintos\/sindrome-urogenital\/\",\"url\":\"https:\/\/www.doctoragibert.com\/es\/pacientes\/edades-distintas-problemas-distintos\/sindrome-urogenital\/\",\"name\":\"S\u00cdNDROME UROGENITAL A LA MENOPAUSIA: \u00bfqu\u00e9 es?, \u00bfc\u00f3mo podemos evitar que repercuta sobre nuestra vida sexual? - DRA. GIBERT\",\"isPartOf\":{\"@id\":\"https:\/\/www.doctoragibert.com\/es\/#website\"},\"primaryImageOfPage\":{\"@id\":\"https:\/\/www.doctoragibert.com\/es\/pacientes\/edades-distintas-problemas-distintos\/sindrome-urogenital\/#primaryimage\"},\"image\":{\"@id\":\"https:\/\/www.doctoragibert.com\/es\/pacientes\/edades-distintas-problemas-distintos\/sindrome-urogenital\/#primaryimage\"},\"thumbnailUrl\":\"https:\/\/www.doctoragibert.com\/wp-content\/uploads\/2019\/03\/Sd_urogenital.jpeg\",\"datePublished\":\"2022-08-06T09:25:22+00:00\",\"dateModified\":\"2022-08-06T10:05:45+00:00\",\"breadcrumb\":{\"@id\":\"https:\/\/www.doctoragibert.com\/es\/pacientes\/edades-distintas-problemas-distintos\/sindrome-urogenital\/#breadcrumb\"},\"inLanguage\":\"es\",\"potentialAction\":[{\"@type\":\"ReadAction\",\"target\":[\"https:\/\/www.doctoragibert.com\/es\/pacientes\/edades-distintas-problemas-distintos\/sindrome-urogenital\/\"]}]},{\"@type\":\"ImageObject\",\"inLanguage\":\"es\",\"@id\":\"https:\/\/www.doctoragibert.com\/es\/pacientes\/edades-distintas-problemas-distintos\/sindrome-urogenital\/#primaryimage\",\"url\":\"https:\/\/www.doctoragibert.com\/wp-content\/uploads\/2019\/03\/Sd_urogenital.jpeg\",\"contentUrl\":\"https:\/\/www.doctoragibert.com\/wp-content\/uploads\/2019\/03\/Sd_urogenital.jpeg\"},{\"@type\":\"BreadcrumbList\",\"@id\":\"https:\/\/www.doctoragibert.com\/es\/pacientes\/edades-distintas-problemas-distintos\/sindrome-urogenital\/#breadcrumb\",\"itemListElement\":[{\"@type\":\"ListItem\",\"position\":1,\"name\":\"PACIENTES\",\"item\":\"https:\/\/www.doctoragibert.com\/es\/pacientes\/\"},{\"@type\":\"ListItem\",\"position\":2,\"name\":\"EDADES DISTINTAS, PROBLEMAS DISTINTOS\",\"item\":\"https:\/\/www.doctoragibert.com\/es\/pacientes\/edades-distintas-problemas-distintos\/\"},{\"@type\":\"ListItem\",\"position\":3,\"name\":\"S\u00cdNDROME UROGENITAL A LA MENOPAUSIA: \u00bfqu\u00e9 es?, \u00bfc\u00f3mo podemos evitar que repercuta sobre nuestra vida sexual?\"}]},{\"@type\":\"WebSite\",\"@id\":\"https:\/\/www.doctoragibert.com\/es\/#website\",\"url\":\"https:\/\/www.doctoragibert.com\/es\/\",\"name\":\"DRA. GIBERT\",\"description\":\"Ginecologia i obstetricia\",\"potentialAction\":[{\"@type\":\"SearchAction\",\"target\":{\"@type\":\"EntryPoint\",\"urlTemplate\":\"https:\/\/www.doctoragibert.com\/es\/?s={search_term_string}\"},\"query-input\":{\"@type\":\"PropertyValueSpecification\",\"valueRequired\":true,\"valueName\":\"search_term_string\"}}],\"inLanguage\":\"es\"}]}<\/script>\n<!-- \/ Yoast SEO plugin. -->","yoast_head_json":{"title":"S\u00cdNDROME UROGENITAL A LA MENOPAUSIA: \u00bfqu\u00e9 es?, \u00bfc\u00f3mo podemos evitar que repercuta sobre nuestra vida sexual? - DRA. GIBERT","robots":{"index":"index","follow":"follow","max-snippet":"max-snippet:-1","max-image-preview":"max-image-preview:large","max-video-preview":"max-video-preview:-1"},"canonical":"https:\/\/www.doctoragibert.com\/es\/pacientes\/edades-distintas-problemas-distintos\/sindrome-urogenital\/","og_locale":"es_ES","og_type":"article","og_title":"S\u00cdNDROME UROGENITAL A LA MENOPAUSIA: \u00bfqu\u00e9 es?, \u00bfc\u00f3mo podemos evitar que repercuta sobre nuestra vida sexual? - DRA. GIBERT","og_description":"Autora:\u00a0Dra. MJ Gibert. Fecha de actualizaci\u00f3n: 6\/8\/22. Fechas de versiones previas:\u00a03\/2\/19. La falta de hormonas ov\u00e1ricas, de\u00a0estr\u00f3genos en concreto, propia de la menopausia tiene efectos negativos sobre las mucosas genitales (recubrimiento\u00a0 h\u00famedo de vulva y vagina) y del tracto urinario. Las mucosas se \u00absecan\u00bb, esto es, pierden espesor, pliegues y microbios beneficiosos. Ello favorece que [&hellip;]","og_url":"https:\/\/www.doctoragibert.com\/es\/pacientes\/edades-distintas-problemas-distintos\/sindrome-urogenital\/","og_site_name":"DRA. GIBERT","article_publisher":"https:\/\/www.facebook.com\/doctoragibert","article_modified_time":"2022-08-06T10:05:45+00:00","og_image":[{"url":"https:\/\/www.doctoragibert.com\/wp-content\/uploads\/2019\/03\/Sd_urogenital.jpeg","type":"","width":"","height":""}],"twitter_misc":{"Tiempo de lectura":"6 minutos"},"schema":{"@context":"https:\/\/schema.org","@graph":[{"@type":"WebPage","@id":"https:\/\/www.doctoragibert.com\/es\/pacientes\/edades-distintas-problemas-distintos\/sindrome-urogenital\/","url":"https:\/\/www.doctoragibert.com\/es\/pacientes\/edades-distintas-problemas-distintos\/sindrome-urogenital\/","name":"S\u00cdNDROME UROGENITAL A LA MENOPAUSIA: \u00bfqu\u00e9 es?, \u00bfc\u00f3mo podemos evitar que repercuta sobre nuestra vida sexual? - DRA. GIBERT","isPartOf":{"@id":"https:\/\/www.doctoragibert.com\/es\/#website"},"primaryImageOfPage":{"@id":"https:\/\/www.doctoragibert.com\/es\/pacientes\/edades-distintas-problemas-distintos\/sindrome-urogenital\/#primaryimage"},"image":{"@id":"https:\/\/www.doctoragibert.com\/es\/pacientes\/edades-distintas-problemas-distintos\/sindrome-urogenital\/#primaryimage"},"thumbnailUrl":"https:\/\/www.doctoragibert.com\/wp-content\/uploads\/2019\/03\/Sd_urogenital.jpeg","datePublished":"2022-08-06T09:25:22+00:00","dateModified":"2022-08-06T10:05:45+00:00","breadcrumb":{"@id":"https:\/\/www.doctoragibert.com\/es\/pacientes\/edades-distintas-problemas-distintos\/sindrome-urogenital\/#breadcrumb"},"inLanguage":"es","potentialAction":[{"@type":"ReadAction","target":["https:\/\/www.doctoragibert.com\/es\/pacientes\/edades-distintas-problemas-distintos\/sindrome-urogenital\/"]}]},{"@type":"ImageObject","inLanguage":"es","@id":"https:\/\/www.doctoragibert.com\/es\/pacientes\/edades-distintas-problemas-distintos\/sindrome-urogenital\/#primaryimage","url":"https:\/\/www.doctoragibert.com\/wp-content\/uploads\/2019\/03\/Sd_urogenital.jpeg","contentUrl":"https:\/\/www.doctoragibert.com\/wp-content\/uploads\/2019\/03\/Sd_urogenital.jpeg"},{"@type":"BreadcrumbList","@id":"https:\/\/www.doctoragibert.com\/es\/pacientes\/edades-distintas-problemas-distintos\/sindrome-urogenital\/#breadcrumb","itemListElement":[{"@type":"ListItem","position":1,"name":"PACIENTES","item":"https:\/\/www.doctoragibert.com\/es\/pacientes\/"},{"@type":"ListItem","position":2,"name":"EDADES DISTINTAS, PROBLEMAS DISTINTOS","item":"https:\/\/www.doctoragibert.com\/es\/pacientes\/edades-distintas-problemas-distintos\/"},{"@type":"ListItem","position":3,"name":"S\u00cdNDROME UROGENITAL A LA MENOPAUSIA: \u00bfqu\u00e9 es?, \u00bfc\u00f3mo podemos evitar que repercuta sobre nuestra vida sexual?"}]},{"@type":"WebSite","@id":"https:\/\/www.doctoragibert.com\/es\/#website","url":"https:\/\/www.doctoragibert.com\/es\/","name":"DRA. GIBERT","description":"Ginecologia i obstetricia","potentialAction":[{"@type":"SearchAction","target":{"@type":"EntryPoint","urlTemplate":"https:\/\/www.doctoragibert.com\/es\/?s={search_term_string}"},"query-input":{"@type":"PropertyValueSpecification","valueRequired":true,"valueName":"search_term_string"}}],"inLanguage":"es"}]}},"_links":{"self":[{"href":"https:\/\/www.doctoragibert.com\/es\/wp-json\/wp\/v2\/pages\/20225","targetHints":{"allow":["GET"]}}],"collection":[{"href":"https:\/\/www.doctoragibert.com\/es\/wp-json\/wp\/v2\/pages"}],"about":[{"href":"https:\/\/www.doctoragibert.com\/es\/wp-json\/wp\/v2\/types\/page"}],"author":[{"embeddable":true,"href":"https:\/\/www.doctoragibert.com\/es\/wp-json\/wp\/v2\/users\/12"}],"replies":[{"embeddable":true,"href":"https:\/\/www.doctoragibert.com\/es\/wp-json\/wp\/v2\/comments?post=20225"}],"version-history":[{"count":5,"href":"https:\/\/www.doctoragibert.com\/es\/wp-json\/wp\/v2\/pages\/20225\/revisions"}],"predecessor-version":[{"id":20243,"href":"https:\/\/www.doctoragibert.com\/es\/wp-json\/wp\/v2\/pages\/20225\/revisions\/20243"}],"up":[{"embeddable":true,"href":"https:\/\/www.doctoragibert.com\/es\/wp-json\/wp\/v2\/pages\/15295"}],"wp:attachment":[{"href":"https:\/\/www.doctoragibert.com\/es\/wp-json\/wp\/v2\/media?parent=20225"}],"curies":[{"name":"wp","href":"https:\/\/api.w.org\/{rel}","templated":true}]}}