{"id":20270,"date":"2022-08-14T18:20:34","date_gmt":"2022-08-14T18:20:34","guid":{"rendered":"https:\/\/www.doctoragibert.com\/pacientes\/edades-distintas-problemas-distintos__trashed\/ths\/"},"modified":"2022-08-14T23:09:00","modified_gmt":"2022-08-14T23:09:00","slug":"ths","status":"publish","type":"page","link":"https:\/\/www.doctoragibert.com\/es\/pacientes\/edades-distintas-problemas-distintos\/ths\/","title":{"rendered":"EL TRATAMIENTO HORMONAL SUSTITUTIVO EN LA MENOPAUSIA: \u00bfme puede beneficiar?, \u00bftiene riesgos?"},"content":{"rendered":"<p><em>Autora:<\/em>\u00a0Dra. MJ Gibert.<br \/>\n<em>Fecha de actualizaci\u00f3n:<\/em> 14\/8\/22.<br \/>\n<em>Fechas de versiones previas:<\/em> 22\/4\/19.<\/p>\n<p>La mayor\u00eda de mujeres tenemos la <a href=\"https:\/\/www.doctoragibert.com\/es\/pacientes\/edades-distintas-problemas-distintos\/menopausia\/\" target=\"_blank\" rel=\"noopener\"><strong>menopausia<\/strong><\/a> a los 51 a\u00f1os y el 95% de nosotras entre los 45 y los 55 a\u00f1os. En general, o tenemos pocas molestias o \u00e9stas son soportables con la ayuda de tratamientos sencillos que os damos en la consulta. Sin embargo, algunas lo pasan realmente mal y <strong>los s\u00edntomas interfieren severamente en su calidad de vida<\/strong>.<\/p>\n<p><img fetchpriority=\"high\" decoding=\"async\" class=\"alignright size-full wp-image-10853\" src=\"https:\/\/www.doctoragibert.com\/wp-content\/uploads\/2019\/04\/THS.jpeg\" alt=\"THS\" width=\"500\" height=\"331\" srcset=\"https:\/\/www.doctoragibert.com\/wp-content\/uploads\/2019\/04\/THS.jpeg 1000w, https:\/\/www.doctoragibert.com\/wp-content\/uploads\/2019\/04\/THS-300x199.jpeg 300w, https:\/\/www.doctoragibert.com\/wp-content\/uploads\/2019\/04\/THS-768x508.jpeg 768w\" sizes=\"(max-width: 500px) 100vw, 500px\" \/><\/p>\n<p>Para otras, las que tienen la menopausia <strong>antes de los 45 a\u00f1os,<\/strong> no tener hormonas femeninas durante m\u00e1s de la mitad de su vida tiende a pasarles factura en forma de sofocos persistentes, osteoporosis, atrofia genital, cambios de humor y mayor riesgo de problemas de coraz\u00f3n, ictus, enfermedad de Parkinson, demencia, problemas oculares y mortalidad de causa global. En estos casos, preferimos administrar hormonas a dosis algo superiores. Los anticonceptivos orales habituales no suelen ser \u00fatiles para preservar la masa \u00f3sea, por consiguiente, es mejor usar un tratamiento espec\u00edfico.<\/p>\n<p>En los dos supuestos previos, lo mejor es administrar hormonas ov\u00e1ricas en forma de pastillas, parches o cremas, lo que se llama <strong>terapia hormonal sustitutiva (THS)<\/strong>. Al fin y al cabo, tratamos la falta de producci\u00f3n de hormonas por parte de nuestros ovarios, propia de la menopausia, con unas hormonas muy similares en forma de medicamento. Es lo mismo que cuando no nos funciona el tiroides, nos prescriben hormona tiroidea en pastilla y listos.<\/p>\n<p>Para tener una idea de si las repercusiones de la menopausia son intensas o no, nos puede ayudar este cuestionario llamado <a href=\"https:\/\/www.doctoragibert.com\/wp-content\/uploads\/2022\/08\/MRS_questionari_esp.pdf\" target=\"_blank\" rel=\"noopener\">Menopause Rating Scale<\/a>. Lo pod\u00e9is descargar, imprimir, rellenar y traerlo a la consulta. La mayor\u00eda de mujeres obtienen una puntuaci\u00f3n pr\u00f3xima al 9. Una puntuaci\u00f3n de 22 o superior implica que las molestias que nos acarrea la menopausia son moderadas o severas. Es un punto de partida \u00fatil para saber si nos conviene o no la THS y hacer un seguimiento de c\u00f3mo \u00e9sta act\u00faa sobre nosotras.<\/p>\n<p>Llegados aqu\u00ed, explicaremos porque actualmente la THS se utiliza menos de lo que se debe. Retrocedamos a finales de los a\u00f1os 90, entonces, la THS se recomendaba no s\u00f3lo para las m\u00e1s j\u00f3venes o las que ten\u00edan una menopausia dif\u00edcil de llevar, sino tambi\u00e9n para la prevenci\u00f3n de las enfermedades cardiovasculares y de la osteoporosis. Se la consideraba algo as\u00ed como el <strong>\u00abelixir de la eterna juventud\u00bb<\/strong>, ya que una serie de estudios preliminares la avalaban. Todo cambi\u00f3 en 2002, a ra\u00edz de la publicaci\u00f3n del primer art\u00edculo procedente de un estudio de alta calidad llamado <strong>WHI<\/strong> (del ingl\u00e9s <strong>Women\u2019s Health Initiative o Iniciativa para la Salud de las Mujeres<\/strong>) sobre 27.000 mujeres con una media de 63 a\u00f1os y edades comprendidas entre los 50 y 79 a\u00f1os. \u00c9ste hall\u00f3 un exceso de eventos inesperados, a saber, cardiopat\u00eda isqu\u00e9mica, enfermedades cerebrovasculares (ictus), trombosis venosas y c\u00e1ncer de mama. A resultas de lo anterior, las ventas de estos f\u00e1rmacos cayeron en picado. Por suerte, el tiempo lo pone todo en su sitio y hemos dejado de dar bandazos entre todo y nada en este campo.<br \/>\nLas mujeres que m\u00e1s suelen necesitar estos tratamientos son las que hace poco que est\u00e1n menop\u00e1usicas y ya sabemos que a la edad de 63 a\u00f1os (la del estudio WHI) las pacientes ya han dejado ya estos tratamientos, si es que los hab\u00edan empezado. Por consiguiente, las conclusiones mencionadas pod\u00edan no ser de aplicaci\u00f3n a las destinatarias actuales de la THS.<\/p>\n<p>&nbsp;<\/p>\n<h3><span style=\"color: #008080;\">\u00bfA QUI\u00c9N BENEFICIA EL TRATAMIENTO HORMONAL SUSTITUTIVO?<\/span><\/h3>\n<p>Una reevaluaci\u00f3n de los estudios mencionados y de otros posteriores, s\u00f3lo <strong>sobre mujeres de 50-59 a\u00f1os que se tratan durante 5 a\u00f1os<\/strong> se ha resumido en la tabla siguiente. Ver\u00e9is que las barras de color azul corresponden a las que usan s\u00f3lo estr\u00f3genos (mujeres sin \u00fatero) y las de color beis a las que usan estr\u00f3genos y progesterona (mujeres con \u00fatero, son la mayor\u00eda). Las barras de la mitad derecha de la figura corresponden a beneficios derivados del THS y las de la izquierda a los riesgos. P. ej. hay 2,5 casos m\u00e1s de c\u00e1ncer de mama por cada 1.000 mujeres que utilizan estr\u00f3genos y progesterona durante 5 a\u00f1os y 2,5 casos menos si s\u00f3lo se utilizan estr\u00f3genos. En cuanto a las fracturas, hay 12,5 casos menos cada 1.000 mujeres con \u00fatero que utilizan el THS y 7,5 casos menos en las mujeres sin \u00fatero. Igualmente, se evitan unas 6 muertes por cada 1.000 mujeres que usan el THS durante 5 a\u00f1os bajo las dos modalidades mencionadas. La conclusi\u00f3n es evidente: <strong>la THS es globalmente beneficiosa en las menop\u00e1usicas de 50-59 a\u00f1os que se tratan durante 5-9 a\u00f1os<\/strong>, al contrario de las que inician la terapia m\u00e1s tarde, a partir de 10 a\u00f1os del cese de las reglas.<\/p>\n<p><img decoding=\"async\" class=\"size-full wp-image-10873 aligncenter\" src=\"https:\/\/www.doctoragibert.com\/wp-content\/uploads\/2019\/04\/Riscos_THS_cat-1.jpg\" alt=\"Riscos_THS_cat\" width=\"558\" height=\"713\" srcset=\"https:\/\/www.doctoragibert.com\/wp-content\/uploads\/2019\/04\/Riscos_THS_cat-1.jpg 558w, https:\/\/www.doctoragibert.com\/wp-content\/uploads\/2019\/04\/Riscos_THS_cat-1-235x300.jpg 235w\" sizes=\"(max-width: 558px) 100vw, 558px\" \/><\/p>\n<p>Por consiguiente, las <strong>indicaciones actuales de la THS<\/strong> son:<\/p>\n<ol>\n<li>Alivio de los los sofocos.<\/li>\n<li>Depresi\u00f3n\/labilidad emocional, <a href=\"https:\/\/www.doctoragibert.com\/es\/pacientes\/edades-distintas-problemas-distintos\/sindrome-urogenital\/\"><strong>molestias g\u00e9nito-urinarias que no han mejorado con los estr\u00f3genos vaginales<\/strong><\/a> y problemas del sue\u00f1o si se asocian a los sofocos.<\/li>\n<li>Osteoporosis, s\u00f3lo si otras opciones no son convenientes.<\/li>\n<\/ol>\n<p>La duraci\u00f3n habitual de estos tratamientos no suele exceder de 5-9 a\u00f1os, pero si los s\u00edntomas persisten despu\u00e9s de su abandono y no responden a otros remedios no hormonales, se puede volver a reinstaurar la THS.<\/p>\n<p>&nbsp;<\/p>\n<blockquote>\n<hr \/>\n<h1 style=\"text-align: center;\"><span style=\"color: #008080;\">La terapia hormonal, indicada y controlada por vuestro ginec\u00f3logo de referencia, aumentar\u00e1 vuestra calidad de vida si ten\u00e9is muchos sofocos y os proteger\u00e1 contra la osteoporosis y la diabetes<\/span><\/h1>\n<hr \/>\n<\/blockquote>\n<p>&nbsp;<\/p>\n<h3><span style=\"color: #008080;\">\u00bfQU\u00c9 MEJORA Y QU\u00c9 NO MEJORA EL TRATAMIENTO HORMONAL?<\/span><\/h3>\n<p>Otros aspectos que conviene que conozc\u00e1is antes de tomar una decisi\u00f3n son las repercusiones sobre:<\/p>\n<ul>\n<li>La <em>calidad de vida<\/em>: la aumenta en las mujeres con sofocos, pero no en las que no los padecen.<\/li>\n<li>La <em>piel<\/em>: lamentablemente, parece que la THS no influye ni para bien, ni para mal. La piel se hace m\u00e1s fina y se arruga m\u00e1s con los a\u00f1os, haya o no hormonas de por medio.<\/li>\n<li>Los <em>ojos<\/em>: el riesgo de catarata es un 70% inferior si se ha usado la THS durante un m\u00ednimo de 10 a\u00f1os.<\/li>\n<li>La <em>artrosis<\/em>: 40% menos riesgo de artrosis de cadera en usuarias de m\u00e1s de 10 a\u00f1os y menos riesgo de cirug\u00eda por este motivo (artroplastia). Algunas mujeres dejan de tener molestias articulares y rigidez cuando usan la THS.<\/li>\n<li>La <em>p\u00e9rdida de dientes<\/em>: 40% inferior entre las usuarias, lo que se atribuye a menos osteoporosis de la mand\u00edbula.<\/li>\n<li>La <em>incontinencia urinari<\/em>a: tiende a empeorar sobre todo si se usa la combinaci\u00f3n de estr\u00f3genos con progesterona.<\/li>\n<li>El <em>asma<\/em>: aumenta algo su riesgo de aparici\u00f3n en pacientes previamente sanas.<\/li>\n<li>Los <em>miomas<\/em>: pueden crecer algo, pero no provocan s\u00edntomas. No aparecen miomas nuevos en la mayor\u00eda de las mujeres.<\/li>\n<li>El <em>ojo seco<\/em>: aumenta su riesgo.<\/li>\n<li>El <em>peso<\/em>: la THS no modifica el peso corporal, pero puede contribuir a atenuar el ac\u00famulo de grasa (p\u00e9rdida de la cintura) y el aumento de peso asociado a la transici\u00f3n menop\u00e1usica.<\/li>\n<\/ul>\n<p>Recordamos que los datos <strong>los datos del WHI (Womens\u2019 Health Study) no son extrapolables a las que inician la menopausia antes de los 46 a\u00f1os<\/strong>. De hecho, en estas mujeres hay que mantener la terapia hasta los 50-51 a\u00f1os por lo menos.<\/p>\n<p>&nbsp;<\/p>\n<hr \/>\n<blockquote>\n<h1 style=\"text-align: center;\"><span style=\"color: #008080;\">Es conveniente que las mujeres tengan hormonas sexuales hasta la cincuentena, por lo tanto la terapia hormonal deber\u00eda ser utilizada por todas las mujeres que dejan de tener la regla antes de los 50 a\u00f1os<\/span><\/h1>\n<hr \/>\n<\/blockquote>\n<p>&nbsp;<\/p>\n<p>Est\u00e1 <strong>contraindicado<\/strong> en las que padecen o han padecido un c\u00e1ncer de mama o de endometrio. Tampoco es conveniente si se ha sufrido de enfermedad cardiovascular, trombosis, ictus y enfermedad hep\u00e1tica activa.<br \/>\nCon todos estos datos, creo que ya tendr\u00e9is una idea bastante aproximada de si quer\u00e9is usar la THS o no en caso de estar indicado. Luego, habr\u00e1 que decidir si nos convienen m\u00e1s las cremas, las pastillas o los parches; si la usamos todos los d\u00edas o descansamos una semana cada mes, etc. Cualquier otra duda os la resolveremos en la consulta o mediante nuestro <a href=\"https:\/\/www.doctoragibert.com\/es\/localizacion\/\" target=\"_blank\" rel=\"noopener\">formulario de contacto<\/a>.<\/p>\n<p>&nbsp;<\/p>\n<h4><span style=\"color: #008080;\">FUENTES DE LA INFORMACI\u00d3N:<\/span><\/h4>\n<ul>\n<li>Rossouw JE, Anderson GL, Prentice RL, et al, Writing Group for the Women\u2019s Health Initiative Investigators. Risks and benefits of estrogen plus progestin in healthy postmenopausal women: principal results from the Women\u2019s Health Initiative randomized controlled trial. JAMA. 2002;288:321.<\/li>\n<li>Anderson GL, Limacher M, Assaf AR, et al, Women\u2019s Health Initiative Steering Committee. Effects of conjugated equine estrogen in postmenopausal women with hysterectomy: the Women\u2019s Health Initiative randomized controlled trial. JAMA. 2004;291:1701.<\/li>\n<li>Manson JE, Chlebowski RT, Stefanick ML, et al. Menopausal hormone therapy and health outcomes during the intervention and extended poststopping phases of the Women\u2019s Health Initiative randomized trials. JAMA. 2013;310:1353.<\/li>\n<li>Stuenkel CA, Davis SR, Gompel A, et al. Treatment of Symptoms of the Menopause: An Endocrine Society Clinical Practice Guideline. J Clin Endocrinol Metab. 2015;100:3975.<br \/>\nAmerican College of Obstetricians and Gynecologists (ACOG). Postmenopausal estrogen therapy \u2013 Route of administration and risk of venous thromboembolism. Committee Opinion. Number 556, April 2013 (reaffirmed 2020). [acceso 14-8-22]. Disponible en: <a href=\"https:\/\/www.acog.org\/clinical\/clinical-guidance\/committee-opinion\/articles\/2013\/04\/postmenopausal-estrogen-therapy-route-of-administration-and-risk-of-venous-thromboembolism\">Postmenopausal Estrogen Therapy: Route of Administration and Risk of Venous Thromboembolism | ACOG<\/a><\/li>\n<li>\u201cThe 2022 Hormone Therapy Position Statement of The North American Menopause Society\u201d Advisory Panel. The 2022 hormone therapy position statement of The North American Menopause Society. Menopause. 2022;29:767-794 [acceso 19-4-19]. Disponible en: <a href=\"https:\/\/www.menopause.org\/docs\/default-source\/professional\/nams-2022-hormone-therapy-position-statement.pdf\">nams-2022-hormone-therapy-position-statement.pdf (menopause.org)<\/a><\/li>\n<li>Gartlehner G, Patel SV, Feltner C, Weber RP, Long R, Mullican K, Boland E, Lux L, Viswanathan M. US Preventive Services Task Force Evidence Report, Hormone Therapy for the Primary Prevention of Chronic Conditions in Postmenopausal Women. JAMA. 2017;318:2234-2249. [acceso 14-8-22]. Disponible en: <a href=\"https:\/\/jamanetwork.com\/journals\/jama\/fullarticle\/2665781\" target=\"_blank\" rel=\"noopener\">https:\/\/jamanetwork.com\/journals\/jama\/fullarticle\/2665781<\/a><\/li>\n<\/ul>\n","protected":false},"excerpt":{"rendered":"<p>Autora:\u00a0Dra. MJ Gibert. Fecha de actualizaci\u00f3n: 14\/8\/22. Fechas de versiones previas: 22\/4\/19. La mayor\u00eda de mujeres tenemos la menopausia a los 51 a\u00f1os y el 95% de nosotras entre los 45 y los 55 a\u00f1os. En general, o tenemos pocas molestias o \u00e9stas son soportables con la ayuda de tratamientos sencillos que os damos en [&hellip;]<\/p>\n","protected":false},"author":12,"featured_media":0,"parent":15295,"menu_order":0,"comment_status":"closed","ping_status":"closed","template":"page-limpia.php","meta":{"footnotes":""},"class_list":["post-20270","page","type-page","status-publish","hentry"],"yoast_head":"<!-- This site is optimized with the Yoast SEO plugin v25.0 - https:\/\/yoast.com\/wordpress\/plugins\/seo\/ -->\n<title>EL TRATAMIENTO HORMONAL SUSTITUTIVO EN LA MENOPAUSIA: \u00bfme puede beneficiar?, \u00bftiene riesgos? - DRA. GIBERT<\/title>\n<meta name=\"robots\" content=\"index, follow, max-snippet:-1, max-image-preview:large, max-video-preview:-1\" \/>\n<link rel=\"canonical\" href=\"https:\/\/www.doctoragibert.com\/es\/pacientes\/edades-distintas-problemas-distintos\/ths\/\" \/>\n<meta property=\"og:locale\" content=\"es_ES\" \/>\n<meta property=\"og:type\" content=\"article\" \/>\n<meta property=\"og:title\" content=\"EL TRATAMIENTO HORMONAL SUSTITUTIVO EN LA MENOPAUSIA: \u00bfme puede beneficiar?, \u00bftiene riesgos? - DRA. GIBERT\" \/>\n<meta property=\"og:description\" content=\"Autora:\u00a0Dra. MJ Gibert. Fecha de actualizaci\u00f3n: 14\/8\/22. Fechas de versiones previas: 22\/4\/19. La mayor\u00eda de mujeres tenemos la menopausia a los 51 a\u00f1os y el 95% de nosotras entre los 45 y los 55 a\u00f1os. En general, o tenemos pocas molestias o \u00e9stas son soportables con la ayuda de tratamientos sencillos que os damos en [&hellip;]\" \/>\n<meta property=\"og:url\" content=\"https:\/\/www.doctoragibert.com\/es\/pacientes\/edades-distintas-problemas-distintos\/ths\/\" \/>\n<meta property=\"og:site_name\" content=\"DRA. GIBERT\" \/>\n<meta property=\"article:publisher\" content=\"https:\/\/www.facebook.com\/doctoragibert\" \/>\n<meta property=\"article:modified_time\" content=\"2022-08-14T23:09:00+00:00\" \/>\n<meta property=\"og:image\" content=\"https:\/\/www.doctoragibert.com\/wp-content\/uploads\/2019\/04\/THS.jpeg\" \/>\n<meta name=\"twitter:label1\" content=\"Tiempo de lectura\" \/>\n\t<meta name=\"twitter:data1\" content=\"8 minutos\" \/>\n<script type=\"application\/ld+json\" class=\"yoast-schema-graph\">{\"@context\":\"https:\/\/schema.org\",\"@graph\":[{\"@type\":\"WebPage\",\"@id\":\"https:\/\/www.doctoragibert.com\/es\/pacientes\/edades-distintas-problemas-distintos\/ths\/\",\"url\":\"https:\/\/www.doctoragibert.com\/es\/pacientes\/edades-distintas-problemas-distintos\/ths\/\",\"name\":\"EL TRATAMIENTO HORMONAL SUSTITUTIVO EN LA MENOPAUSIA: \u00bfme puede beneficiar?, \u00bftiene riesgos? - DRA. GIBERT\",\"isPartOf\":{\"@id\":\"https:\/\/www.doctoragibert.com\/es\/#website\"},\"primaryImageOfPage\":{\"@id\":\"https:\/\/www.doctoragibert.com\/es\/pacientes\/edades-distintas-problemas-distintos\/ths\/#primaryimage\"},\"image\":{\"@id\":\"https:\/\/www.doctoragibert.com\/es\/pacientes\/edades-distintas-problemas-distintos\/ths\/#primaryimage\"},\"thumbnailUrl\":\"https:\/\/www.doctoragibert.com\/wp-content\/uploads\/2019\/04\/THS.jpeg\",\"datePublished\":\"2022-08-14T18:20:34+00:00\",\"dateModified\":\"2022-08-14T23:09:00+00:00\",\"breadcrumb\":{\"@id\":\"https:\/\/www.doctoragibert.com\/es\/pacientes\/edades-distintas-problemas-distintos\/ths\/#breadcrumb\"},\"inLanguage\":\"es\",\"potentialAction\":[{\"@type\":\"ReadAction\",\"target\":[\"https:\/\/www.doctoragibert.com\/es\/pacientes\/edades-distintas-problemas-distintos\/ths\/\"]}]},{\"@type\":\"ImageObject\",\"inLanguage\":\"es\",\"@id\":\"https:\/\/www.doctoragibert.com\/es\/pacientes\/edades-distintas-problemas-distintos\/ths\/#primaryimage\",\"url\":\"https:\/\/www.doctoragibert.com\/wp-content\/uploads\/2019\/04\/THS.jpeg\",\"contentUrl\":\"https:\/\/www.doctoragibert.com\/wp-content\/uploads\/2019\/04\/THS.jpeg\"},{\"@type\":\"BreadcrumbList\",\"@id\":\"https:\/\/www.doctoragibert.com\/es\/pacientes\/edades-distintas-problemas-distintos\/ths\/#breadcrumb\",\"itemListElement\":[{\"@type\":\"ListItem\",\"position\":1,\"name\":\"PACIENTES\",\"item\":\"https:\/\/www.doctoragibert.com\/es\/pacientes\/\"},{\"@type\":\"ListItem\",\"position\":2,\"name\":\"EDADES DISTINTAS, PROBLEMAS DISTINTOS\",\"item\":\"https:\/\/www.doctoragibert.com\/es\/pacientes\/edades-distintas-problemas-distintos\/\"},{\"@type\":\"ListItem\",\"position\":3,\"name\":\"EL TRATAMIENTO HORMONAL SUSTITUTIVO EN LA MENOPAUSIA: \u00bfme puede beneficiar?, \u00bftiene riesgos?\"}]},{\"@type\":\"WebSite\",\"@id\":\"https:\/\/www.doctoragibert.com\/es\/#website\",\"url\":\"https:\/\/www.doctoragibert.com\/es\/\",\"name\":\"DRA. GIBERT\",\"description\":\"Ginecologia i obstetricia\",\"potentialAction\":[{\"@type\":\"SearchAction\",\"target\":{\"@type\":\"EntryPoint\",\"urlTemplate\":\"https:\/\/www.doctoragibert.com\/es\/?s={search_term_string}\"},\"query-input\":{\"@type\":\"PropertyValueSpecification\",\"valueRequired\":true,\"valueName\":\"search_term_string\"}}],\"inLanguage\":\"es\"}]}<\/script>\n<!-- \/ Yoast SEO plugin. -->","yoast_head_json":{"title":"EL TRATAMIENTO HORMONAL SUSTITUTIVO EN LA MENOPAUSIA: \u00bfme puede beneficiar?, \u00bftiene riesgos? - DRA. GIBERT","robots":{"index":"index","follow":"follow","max-snippet":"max-snippet:-1","max-image-preview":"max-image-preview:large","max-video-preview":"max-video-preview:-1"},"canonical":"https:\/\/www.doctoragibert.com\/es\/pacientes\/edades-distintas-problemas-distintos\/ths\/","og_locale":"es_ES","og_type":"article","og_title":"EL TRATAMIENTO HORMONAL SUSTITUTIVO EN LA MENOPAUSIA: \u00bfme puede beneficiar?, \u00bftiene riesgos? - DRA. GIBERT","og_description":"Autora:\u00a0Dra. MJ Gibert. Fecha de actualizaci\u00f3n: 14\/8\/22. Fechas de versiones previas: 22\/4\/19. La mayor\u00eda de mujeres tenemos la menopausia a los 51 a\u00f1os y el 95% de nosotras entre los 45 y los 55 a\u00f1os. En general, o tenemos pocas molestias o \u00e9stas son soportables con la ayuda de tratamientos sencillos que os damos en [&hellip;]","og_url":"https:\/\/www.doctoragibert.com\/es\/pacientes\/edades-distintas-problemas-distintos\/ths\/","og_site_name":"DRA. GIBERT","article_publisher":"https:\/\/www.facebook.com\/doctoragibert","article_modified_time":"2022-08-14T23:09:00+00:00","og_image":[{"url":"https:\/\/www.doctoragibert.com\/wp-content\/uploads\/2019\/04\/THS.jpeg","type":"","width":"","height":""}],"twitter_misc":{"Tiempo de lectura":"8 minutos"},"schema":{"@context":"https:\/\/schema.org","@graph":[{"@type":"WebPage","@id":"https:\/\/www.doctoragibert.com\/es\/pacientes\/edades-distintas-problemas-distintos\/ths\/","url":"https:\/\/www.doctoragibert.com\/es\/pacientes\/edades-distintas-problemas-distintos\/ths\/","name":"EL TRATAMIENTO HORMONAL SUSTITUTIVO EN LA MENOPAUSIA: \u00bfme puede beneficiar?, \u00bftiene riesgos? - DRA. GIBERT","isPartOf":{"@id":"https:\/\/www.doctoragibert.com\/es\/#website"},"primaryImageOfPage":{"@id":"https:\/\/www.doctoragibert.com\/es\/pacientes\/edades-distintas-problemas-distintos\/ths\/#primaryimage"},"image":{"@id":"https:\/\/www.doctoragibert.com\/es\/pacientes\/edades-distintas-problemas-distintos\/ths\/#primaryimage"},"thumbnailUrl":"https:\/\/www.doctoragibert.com\/wp-content\/uploads\/2019\/04\/THS.jpeg","datePublished":"2022-08-14T18:20:34+00:00","dateModified":"2022-08-14T23:09:00+00:00","breadcrumb":{"@id":"https:\/\/www.doctoragibert.com\/es\/pacientes\/edades-distintas-problemas-distintos\/ths\/#breadcrumb"},"inLanguage":"es","potentialAction":[{"@type":"ReadAction","target":["https:\/\/www.doctoragibert.com\/es\/pacientes\/edades-distintas-problemas-distintos\/ths\/"]}]},{"@type":"ImageObject","inLanguage":"es","@id":"https:\/\/www.doctoragibert.com\/es\/pacientes\/edades-distintas-problemas-distintos\/ths\/#primaryimage","url":"https:\/\/www.doctoragibert.com\/wp-content\/uploads\/2019\/04\/THS.jpeg","contentUrl":"https:\/\/www.doctoragibert.com\/wp-content\/uploads\/2019\/04\/THS.jpeg"},{"@type":"BreadcrumbList","@id":"https:\/\/www.doctoragibert.com\/es\/pacientes\/edades-distintas-problemas-distintos\/ths\/#breadcrumb","itemListElement":[{"@type":"ListItem","position":1,"name":"PACIENTES","item":"https:\/\/www.doctoragibert.com\/es\/pacientes\/"},{"@type":"ListItem","position":2,"name":"EDADES DISTINTAS, PROBLEMAS DISTINTOS","item":"https:\/\/www.doctoragibert.com\/es\/pacientes\/edades-distintas-problemas-distintos\/"},{"@type":"ListItem","position":3,"name":"EL TRATAMIENTO HORMONAL SUSTITUTIVO EN LA MENOPAUSIA: \u00bfme puede beneficiar?, \u00bftiene riesgos?"}]},{"@type":"WebSite","@id":"https:\/\/www.doctoragibert.com\/es\/#website","url":"https:\/\/www.doctoragibert.com\/es\/","name":"DRA. GIBERT","description":"Ginecologia i obstetricia","potentialAction":[{"@type":"SearchAction","target":{"@type":"EntryPoint","urlTemplate":"https:\/\/www.doctoragibert.com\/es\/?s={search_term_string}"},"query-input":{"@type":"PropertyValueSpecification","valueRequired":true,"valueName":"search_term_string"}}],"inLanguage":"es"}]}},"_links":{"self":[{"href":"https:\/\/www.doctoragibert.com\/es\/wp-json\/wp\/v2\/pages\/20270","targetHints":{"allow":["GET"]}}],"collection":[{"href":"https:\/\/www.doctoragibert.com\/es\/wp-json\/wp\/v2\/pages"}],"about":[{"href":"https:\/\/www.doctoragibert.com\/es\/wp-json\/wp\/v2\/types\/page"}],"author":[{"embeddable":true,"href":"https:\/\/www.doctoragibert.com\/es\/wp-json\/wp\/v2\/users\/12"}],"replies":[{"embeddable":true,"href":"https:\/\/www.doctoragibert.com\/es\/wp-json\/wp\/v2\/comments?post=20270"}],"version-history":[{"count":5,"href":"https:\/\/www.doctoragibert.com\/es\/wp-json\/wp\/v2\/pages\/20270\/revisions"}],"predecessor-version":[{"id":20294,"href":"https:\/\/www.doctoragibert.com\/es\/wp-json\/wp\/v2\/pages\/20270\/revisions\/20294"}],"up":[{"embeddable":true,"href":"https:\/\/www.doctoragibert.com\/es\/wp-json\/wp\/v2\/pages\/15295"}],"wp:attachment":[{"href":"https:\/\/www.doctoragibert.com\/es\/wp-json\/wp\/v2\/media?parent=20270"}],"curies":[{"name":"wp","href":"https:\/\/api.w.org\/{rel}","templated":true}]}}