{"id":20311,"date":"2022-08-15T20:18:05","date_gmt":"2022-08-15T20:18:05","guid":{"rendered":"https:\/\/www.doctoragibert.com\/pacientes\/embarazo-y-parto\/acid-folic\/"},"modified":"2025-04-15T19:05:18","modified_gmt":"2025-04-15T19:05:18","slug":"acido-folico","status":"publish","type":"page","link":"https:\/\/www.doctoragibert.com\/es\/pacientes\/embarazo-y-parto\/acido-folico\/","title":{"rendered":"\u00c1CIDO F\u00d3LICO: vitamina preventiva de defectos cong\u00e9nitos"},"content":{"rendered":"<p><em>Autora:<\/em>\u00a0Dra. MJ Gibert.<br \/>\n<em>Fecha de actualizaci\u00f3n:<\/em> 25\/10\/24.<br \/>\n<em>Fechas de versiones previas:<\/em> 28\/9\/15, 1\/11\/21, 15\/8\/22.<\/p>\n<p>&nbsp;<\/p>\n<h3><span style=\"color: #008080;\">\u00bfQU\u00c9 ES EL \u00c1CIDO F\u00d3LICO?<\/span><\/h3>\n<p style=\"margin-bottom: 0cm;\">Es la <b style=\"scroll-behavior: auto !important; box-sizing: border-box;\">vitamina B9<\/b> y se encuentra de forma natural en los vegetales de hoja verde, el zumo de naranja, las legumbres, el h\u00edgado, los ri\u00f1ones y los frutos secos. Se ha demostrado, sin embargo, que <b style=\"scroll-behavior: auto !important; box-sizing: border-box;\">la forma sint\u00e9tica o artificial<\/b>\u00a0(la que se vende en forma de medicamento) es la que\u00a0<b style=\"scroll-behavior: auto !important; box-sizing: border-box;\">m\u00e1s se asimila<\/b> y la que mejor se ha estudiado como preventiva de anomal\u00edas cong\u00e9nitas. Esta vitamina interviene en la producci\u00f3n y expresi\u00f3n del material gen\u00e9tico, entre otras muchas funciones, por tanto, es l\u00f3gico que pueda optimizar la producci\u00f3n de nuevas c\u00e9lulas y contribuir a disminuir ciertos defectos de nacimiento.<\/p>\n<p>&nbsp;<\/p>\n<h3><span style=\"color: #008080;\">\u00bfC\u00d3MO ME PUEDE BENEFICIAR EL \u00c1CIDO F\u00d3LICO?<\/span><\/h3>\n<p style=\"margin-bottom: 18.0pt;\">El uso de suplementos con \u00e1cido f\u00f3lico cerca de la concepci\u00f3n tiene un\u00a0<b style=\"scroll-behavior: auto !important; box-sizing: border-box;\">efecto protector muy s\u00f3lido contra los defectos del tubo neural<\/b> (se evitar\u00edan 2 de cada 3 defectos), adem\u00e1s, hay <b style=\"scroll-behavior: auto !important; box-sizing: border-box;\">pruebas menos consistentes<\/b>\u00a0de que tambi\u00e9n\u00a0<b style=\"scroll-behavior: auto !important; box-sizing: border-box;\">disminuye el riesgo de otras anomal\u00edas como el labio leporino, la obstrucci\u00f3n de las v\u00edas urinarias y ciertas enfermedades cardiacas<\/b>. Otros beneficios probables son la prevenci\u00f3n de la preeclampsia (hipertensi\u00f3n del embarazo junto con prote\u00ednas en orina) y de la anemia.<\/p>\n<p>&nbsp;<\/p>\n<h3><span style=\"color: #008080;\">\u00bfQU\u00c9 SON LOS DEFECTOS DEL TUBO NEURAL?<\/span><\/h3>\n<p>Estos defectos\u00a0aparecen en nuestro entorno en 1,3 de cada 1.000 nacidos y se localizan en el cr\u00e1neo y\/o en la columna vertebral. Son principalmente la <strong>anencefalia<\/strong> (fetos que nacen con ausencia de gran parte del cerebro, lo cual es incompatible con la vida) y la <strong>espina b\u00edfida<\/strong> (pod\u00e9is ver un caso en la foto de este art\u00edculo, la columna vertebral est\u00e1 abierta y deja sin protecci\u00f3n a la m\u00e9dula espinal, por tanto, los afectados tienen, entre otros, problemas motores y de sensibilidad parecidos a los paral\u00edticos postaccidente de tr\u00e1fico). Los profesionales de la ecograf\u00eda est\u00e1n muy entrenados para detectar pr\u00e1cticamente todos estos defectos.<\/p>\n<p>&nbsp;<\/p>\n<blockquote>\n<hr \/>\n<h1 style=\"text-align: center;\"><span style=\"color: #008080;\">Es importante comenzar con \u00e1cido f\u00f3lico desde un mes antes de dejar nuestro m\u00e9todo anticonceptivo<\/span><\/h1>\n<\/blockquote>\n<hr \/>\n<p>&nbsp;<\/p>\n<p><img fetchpriority=\"high\" decoding=\"async\" class=\" wp-image-20297 alignleft\" src=\"https:\/\/www.doctoragibert.com\/wp-content\/uploads\/2022\/08\/Espina_bifida.jpg\" alt=\"Lactant amb espina b\u00edfida\" width=\"446\" height=\"335\" \/>Las recomendaciones de la Direcci\u00f3n General de Salud P\u00fablica del Ministerio de Sanidad y Consumo son administrar\u00a0<b style=\"scroll-behavior: auto !important; box-sizing: border-box;\">0,4 mg\/d\u00eda\u00a0<\/b>para la prevenci\u00f3n del primer caso (mujeres que no han concebido ni hijos ni fetos con defectos del tubo neural) y 4 mg\/d\u00eda para la prevenci\u00f3n de las recurrencias (antecedente de feto con defecto del tubo neural).<\/p>\n<p>Idealmente, <b style=\"scroll-behavior: auto !important; box-sizing: border-box;\">se ha de tomar desde al menos un mes antes de la concepci\u00f3n hasta cumplir 2-3 meses de embarazo (8-12 semanas).<\/b><\/p>\n<p>\u00daltimamente, algunas pacientes nos dicen que se les recomienda que tomen \u00e1cido f\u00f3lico durante todo el embarazo. Les respondo que no es necesario y as\u00ed lo dice\u00a0<a style=\"scroll-behavior: auto !important; box-sizing: border-box; box-shadow: none;\" href=\"https:\/\/www.ibsalut.es\/apmallorca\/attachments\/article\/931\/guia-buenas-practicas-embarazo-puerperio-periodo-neonatal.pdf\" target=\"_blank\" rel=\"noopener\"><span style=\"color: #0a9695; background: white; text-decoration: none; text-underline: none;\">nuestro documento de consenso sobre buenas pr\u00e1cticas en el control del embarazo y del puerperio<\/span><\/a>:\u00a0\u00abRecomendar a todas las mujeres que quieran quedarse embarazadas la ingesta preconceptiva de un suplemento diario de \u00e1cido f\u00f3lico desde 3 meses antes de abandonar el m\u00e9todo anticonceptivo <strong>hasta la 12\u00aa semana de la gestaci\u00f3n.<\/strong>\u00bb<\/p>\n<p style=\"margin-bottom: 0cm; scroll-behavior: auto !important; box-sizing: border-box;\"><strong style=\"scroll-behavior: auto !important; box-sizing: border-box;\">Es indiferente si los comprimidos con f\u00f3lico se toman antes, durante o despu\u00e9s de las comidas, pues se asimilan muy bien<\/strong>.<\/p>\n<p style=\"margin-bottom: 0cm; scroll-behavior: auto !important; box-sizing: border-box;\">En la consulta, os recomendaremos f\u00e1rmacos que son muy econ\u00f3micos y, adem\u00e1s, est\u00e1n cubiertos por la Seguridad Social, pues con ello es suficiente. Si est\u00e1s interesada en utilizar suplementos m\u00e1s caros y, presuntamente, m\u00e1s completos,\u00a0<a style=\"scroll-behavior: auto !important; box-sizing: border-box; box-shadow: none;\" href=\"https:\/\/www.doctoragibert.com\/es\/polivitaminics-durant-lembaras-valen-el-que-costen\/\" target=\"_blank\" rel=\"noopener\"><span style=\"color: #0a9695; text-decoration: none; text-underline: none;\">esta lectura<\/span><\/a>\u00a0te resultar\u00e1 \u00fatil.<\/p>\n<p><strong>\u00a0<\/strong><\/p>\n<h4><span style=\"color: #008080;\">FUENTES DE LA INFORMACI\u00d3N:<\/span><\/h4>\n<ul>\n<li>Lumley J, Watson L, Watson M, Bower C. Suplementaci\u00f3n periconcepcional con folato y\/o multivitaminas para la prevenci\u00f3n de los defectos del tubo neural (Revisi\u00f3 Cochrane traducida). En: La Biblioteca Cochrane Plus, 2005 N\u00famero 3. Oxford: Update Software Ltd.<\/li>\n<li>Berry RJ et al. Prevention of neural-tube defects with folic acid in China. N Engl J Med. 1999;341:1485-90.<\/li>\n<li>Direcci\u00f3n General de Salud P\u00fablica del Ministerio de Sanidad y Consumo. Recomendaciones sobre suplementaci\u00f3n con \u00e1cido f\u00f3lico para la prevenci\u00f3n de defectos del tubo neural. Inf Ter Sist Nac Salud. 2001;66-7.<\/li>\n<li>Direcci\u00f3 de Salut P\u00fablica i Participaci\u00f3. Conselleria de Salut. Govern de les Illes Balears. Guia de bones pr\u00e0ctiques en l\u2019atenci\u00f3 de l\u2019embar\u00e0s, del puerperi i del per\u00edode neonatal a l\u2019\u00e0rea de salut maternoinfantil de les Illes Balears. [acceso 15-8-22]. Disponible en:\u00a0 <a href=\"https:\/\/www.ibsalut.es\/apmallorca\/attachments\/article\/742\/guia-embaras-part-puerperi.pdf\" target=\"_blank\" rel=\"noopener\">https:\/\/www.ibsalut.es\/apmallorca\/attachments\/article\/742\/guia-embaras-part-puerperi.pdf<\/a><\/li>\n<\/ul>\n","protected":false},"excerpt":{"rendered":"<p>Autora:\u00a0Dra. MJ Gibert. Fecha de actualizaci\u00f3n: 25\/10\/24. Fechas de versiones previas: 28\/9\/15, 1\/11\/21, 15\/8\/22. &nbsp; \u00bfQU\u00c9 ES EL \u00c1CIDO F\u00d3LICO? Es la vitamina B9 y se encuentra de forma natural en los vegetales de hoja verde, el zumo de naranja, las legumbres, el h\u00edgado, los ri\u00f1ones y los frutos secos. Se ha demostrado, sin embargo, [&hellip;]<\/p>\n","protected":false},"author":12,"featured_media":0,"parent":15253,"menu_order":0,"comment_status":"closed","ping_status":"closed","template":"page-limpia.php","meta":{"footnotes":""},"class_list":["post-20311","page","type-page","status-publish","hentry"],"yoast_head":"<!-- This site is optimized with the Yoast SEO plugin v25.0 - https:\/\/yoast.com\/wordpress\/plugins\/seo\/ -->\n<title>\u00c1CIDO F\u00d3LICO: vitamina preventiva de defectos cong\u00e9nitos - DRA. GIBERT<\/title>\n<meta name=\"robots\" content=\"index, follow, max-snippet:-1, max-image-preview:large, max-video-preview:-1\" \/>\n<link rel=\"canonical\" href=\"https:\/\/www.doctoragibert.com\/es\/pacientes\/embarazo-y-parto\/acido-folico\/\" \/>\n<meta property=\"og:locale\" content=\"es_ES\" \/>\n<meta property=\"og:type\" content=\"article\" \/>\n<meta property=\"og:title\" content=\"\u00c1CIDO F\u00d3LICO: vitamina preventiva de defectos cong\u00e9nitos - DRA. GIBERT\" \/>\n<meta property=\"og:description\" content=\"Autora:\u00a0Dra. MJ Gibert. Fecha de actualizaci\u00f3n: 25\/10\/24. Fechas de versiones previas: 28\/9\/15, 1\/11\/21, 15\/8\/22. &nbsp; \u00bfQU\u00c9 ES EL \u00c1CIDO F\u00d3LICO? Es la vitamina B9 y se encuentra de forma natural en los vegetales de hoja verde, el zumo de naranja, las legumbres, el h\u00edgado, los ri\u00f1ones y los frutos secos. Se ha demostrado, sin embargo, [&hellip;]\" \/>\n<meta property=\"og:url\" content=\"https:\/\/www.doctoragibert.com\/es\/pacientes\/embarazo-y-parto\/acido-folico\/\" \/>\n<meta property=\"og:site_name\" content=\"DRA. GIBERT\" \/>\n<meta property=\"article:publisher\" content=\"https:\/\/www.facebook.com\/doctoragibert\" \/>\n<meta property=\"article:modified_time\" content=\"2025-04-15T19:05:18+00:00\" \/>\n<meta property=\"og:image\" content=\"https:\/\/www.doctoragibert.com\/wp-content\/uploads\/2022\/08\/Espina_bifida.jpg\" \/>\n<meta name=\"twitter:label1\" content=\"Tiempo de lectura\" \/>\n\t<meta name=\"twitter:data1\" content=\"4 minutos\" \/>\n<script type=\"application\/ld+json\" class=\"yoast-schema-graph\">{\"@context\":\"https:\/\/schema.org\",\"@graph\":[{\"@type\":\"WebPage\",\"@id\":\"https:\/\/www.doctoragibert.com\/es\/pacientes\/embarazo-y-parto\/acido-folico\/\",\"url\":\"https:\/\/www.doctoragibert.com\/es\/pacientes\/embarazo-y-parto\/acido-folico\/\",\"name\":\"\u00c1CIDO F\u00d3LICO: vitamina preventiva de defectos cong\u00e9nitos - DRA. GIBERT\",\"isPartOf\":{\"@id\":\"https:\/\/www.doctoragibert.com\/es\/#website\"},\"primaryImageOfPage\":{\"@id\":\"https:\/\/www.doctoragibert.com\/es\/pacientes\/embarazo-y-parto\/acido-folico\/#primaryimage\"},\"image\":{\"@id\":\"https:\/\/www.doctoragibert.com\/es\/pacientes\/embarazo-y-parto\/acido-folico\/#primaryimage\"},\"thumbnailUrl\":\"https:\/\/www.doctoragibert.com\/wp-content\/uploads\/2022\/08\/Espina_bifida.jpg\",\"datePublished\":\"2022-08-15T20:18:05+00:00\",\"dateModified\":\"2025-04-15T19:05:18+00:00\",\"breadcrumb\":{\"@id\":\"https:\/\/www.doctoragibert.com\/es\/pacientes\/embarazo-y-parto\/acido-folico\/#breadcrumb\"},\"inLanguage\":\"es\",\"potentialAction\":[{\"@type\":\"ReadAction\",\"target\":[\"https:\/\/www.doctoragibert.com\/es\/pacientes\/embarazo-y-parto\/acido-folico\/\"]}]},{\"@type\":\"ImageObject\",\"inLanguage\":\"es\",\"@id\":\"https:\/\/www.doctoragibert.com\/es\/pacientes\/embarazo-y-parto\/acido-folico\/#primaryimage\",\"url\":\"https:\/\/www.doctoragibert.com\/wp-content\/uploads\/2022\/08\/Espina_bifida.jpg\",\"contentUrl\":\"https:\/\/www.doctoragibert.com\/wp-content\/uploads\/2022\/08\/Espina_bifida.jpg\"},{\"@type\":\"BreadcrumbList\",\"@id\":\"https:\/\/www.doctoragibert.com\/es\/pacientes\/embarazo-y-parto\/acido-folico\/#breadcrumb\",\"itemListElement\":[{\"@type\":\"ListItem\",\"position\":1,\"name\":\"PACIENTES\",\"item\":\"https:\/\/www.doctoragibert.com\/es\/pacientes\/\"},{\"@type\":\"ListItem\",\"position\":2,\"name\":\"EMBARAZO Y PARTO\",\"item\":\"https:\/\/www.doctoragibert.com\/es\/pacientes\/embarazo-y-parto\/\"},{\"@type\":\"ListItem\",\"position\":3,\"name\":\"\u00c1CIDO F\u00d3LICO: vitamina preventiva de defectos cong\u00e9nitos\"}]},{\"@type\":\"WebSite\",\"@id\":\"https:\/\/www.doctoragibert.com\/es\/#website\",\"url\":\"https:\/\/www.doctoragibert.com\/es\/\",\"name\":\"DRA. GIBERT\",\"description\":\"Ginecologia i obstetricia\",\"potentialAction\":[{\"@type\":\"SearchAction\",\"target\":{\"@type\":\"EntryPoint\",\"urlTemplate\":\"https:\/\/www.doctoragibert.com\/es\/?s={search_term_string}\"},\"query-input\":{\"@type\":\"PropertyValueSpecification\",\"valueRequired\":true,\"valueName\":\"search_term_string\"}}],\"inLanguage\":\"es\"}]}<\/script>\n<!-- \/ Yoast SEO plugin. -->","yoast_head_json":{"title":"\u00c1CIDO F\u00d3LICO: vitamina preventiva de defectos cong\u00e9nitos - DRA. GIBERT","robots":{"index":"index","follow":"follow","max-snippet":"max-snippet:-1","max-image-preview":"max-image-preview:large","max-video-preview":"max-video-preview:-1"},"canonical":"https:\/\/www.doctoragibert.com\/es\/pacientes\/embarazo-y-parto\/acido-folico\/","og_locale":"es_ES","og_type":"article","og_title":"\u00c1CIDO F\u00d3LICO: vitamina preventiva de defectos cong\u00e9nitos - DRA. GIBERT","og_description":"Autora:\u00a0Dra. MJ Gibert. Fecha de actualizaci\u00f3n: 25\/10\/24. Fechas de versiones previas: 28\/9\/15, 1\/11\/21, 15\/8\/22. &nbsp; \u00bfQU\u00c9 ES EL \u00c1CIDO F\u00d3LICO? Es la vitamina B9 y se encuentra de forma natural en los vegetales de hoja verde, el zumo de naranja, las legumbres, el h\u00edgado, los ri\u00f1ones y los frutos secos. Se ha demostrado, sin embargo, [&hellip;]","og_url":"https:\/\/www.doctoragibert.com\/es\/pacientes\/embarazo-y-parto\/acido-folico\/","og_site_name":"DRA. GIBERT","article_publisher":"https:\/\/www.facebook.com\/doctoragibert","article_modified_time":"2025-04-15T19:05:18+00:00","og_image":[{"url":"https:\/\/www.doctoragibert.com\/wp-content\/uploads\/2022\/08\/Espina_bifida.jpg","type":"","width":"","height":""}],"twitter_misc":{"Tiempo de lectura":"4 minutos"},"schema":{"@context":"https:\/\/schema.org","@graph":[{"@type":"WebPage","@id":"https:\/\/www.doctoragibert.com\/es\/pacientes\/embarazo-y-parto\/acido-folico\/","url":"https:\/\/www.doctoragibert.com\/es\/pacientes\/embarazo-y-parto\/acido-folico\/","name":"\u00c1CIDO F\u00d3LICO: vitamina preventiva de defectos cong\u00e9nitos - DRA. GIBERT","isPartOf":{"@id":"https:\/\/www.doctoragibert.com\/es\/#website"},"primaryImageOfPage":{"@id":"https:\/\/www.doctoragibert.com\/es\/pacientes\/embarazo-y-parto\/acido-folico\/#primaryimage"},"image":{"@id":"https:\/\/www.doctoragibert.com\/es\/pacientes\/embarazo-y-parto\/acido-folico\/#primaryimage"},"thumbnailUrl":"https:\/\/www.doctoragibert.com\/wp-content\/uploads\/2022\/08\/Espina_bifida.jpg","datePublished":"2022-08-15T20:18:05+00:00","dateModified":"2025-04-15T19:05:18+00:00","breadcrumb":{"@id":"https:\/\/www.doctoragibert.com\/es\/pacientes\/embarazo-y-parto\/acido-folico\/#breadcrumb"},"inLanguage":"es","potentialAction":[{"@type":"ReadAction","target":["https:\/\/www.doctoragibert.com\/es\/pacientes\/embarazo-y-parto\/acido-folico\/"]}]},{"@type":"ImageObject","inLanguage":"es","@id":"https:\/\/www.doctoragibert.com\/es\/pacientes\/embarazo-y-parto\/acido-folico\/#primaryimage","url":"https:\/\/www.doctoragibert.com\/wp-content\/uploads\/2022\/08\/Espina_bifida.jpg","contentUrl":"https:\/\/www.doctoragibert.com\/wp-content\/uploads\/2022\/08\/Espina_bifida.jpg"},{"@type":"BreadcrumbList","@id":"https:\/\/www.doctoragibert.com\/es\/pacientes\/embarazo-y-parto\/acido-folico\/#breadcrumb","itemListElement":[{"@type":"ListItem","position":1,"name":"PACIENTES","item":"https:\/\/www.doctoragibert.com\/es\/pacientes\/"},{"@type":"ListItem","position":2,"name":"EMBARAZO Y PARTO","item":"https:\/\/www.doctoragibert.com\/es\/pacientes\/embarazo-y-parto\/"},{"@type":"ListItem","position":3,"name":"\u00c1CIDO F\u00d3LICO: vitamina preventiva de defectos cong\u00e9nitos"}]},{"@type":"WebSite","@id":"https:\/\/www.doctoragibert.com\/es\/#website","url":"https:\/\/www.doctoragibert.com\/es\/","name":"DRA. GIBERT","description":"Ginecologia i obstetricia","potentialAction":[{"@type":"SearchAction","target":{"@type":"EntryPoint","urlTemplate":"https:\/\/www.doctoragibert.com\/es\/?s={search_term_string}"},"query-input":{"@type":"PropertyValueSpecification","valueRequired":true,"valueName":"search_term_string"}}],"inLanguage":"es"}]}},"_links":{"self":[{"href":"https:\/\/www.doctoragibert.com\/es\/wp-json\/wp\/v2\/pages\/20311","targetHints":{"allow":["GET"]}}],"collection":[{"href":"https:\/\/www.doctoragibert.com\/es\/wp-json\/wp\/v2\/pages"}],"about":[{"href":"https:\/\/www.doctoragibert.com\/es\/wp-json\/wp\/v2\/types\/page"}],"author":[{"embeddable":true,"href":"https:\/\/www.doctoragibert.com\/es\/wp-json\/wp\/v2\/users\/12"}],"replies":[{"embeddable":true,"href":"https:\/\/www.doctoragibert.com\/es\/wp-json\/wp\/v2\/comments?post=20311"}],"version-history":[{"count":3,"href":"https:\/\/www.doctoragibert.com\/es\/wp-json\/wp\/v2\/pages\/20311\/revisions"}],"predecessor-version":[{"id":23274,"href":"https:\/\/www.doctoragibert.com\/es\/wp-json\/wp\/v2\/pages\/20311\/revisions\/23274"}],"up":[{"embeddable":true,"href":"https:\/\/www.doctoragibert.com\/es\/wp-json\/wp\/v2\/pages\/15253"}],"wp:attachment":[{"href":"https:\/\/www.doctoragibert.com\/es\/wp-json\/wp\/v2\/media?parent=20311"}],"curies":[{"name":"wp","href":"https:\/\/api.w.org\/{rel}","templated":true}]}}