{"id":20659,"date":"2022-09-05T22:10:30","date_gmt":"2022-09-05T22:10:30","guid":{"rendered":"https:\/\/www.doctoragibert.com\/pacientes\/embarazo-y-parto\/data-probable-part\/"},"modified":"2024-07-28T16:20:04","modified_gmt":"2024-07-28T16:20:04","slug":"data-probable-part","status":"publish","type":"page","link":"https:\/\/www.doctoragibert.com\/es\/pacientes\/embarazo-y-parto\/data-probable-part\/","title":{"rendered":"FECHA PROBABLE DE PARTO: \u00bfcu\u00e1ndo parir\u00e9?"},"content":{"rendered":"<p><em>Autora:<\/em>\u00a0Dra. MJ Gibert.<br \/>\n<em>Fecha de actualizaci\u00f3n:<\/em> 28\/7\/24.<br \/>\n<em>Fechas de versiones previas:<\/em> 28\/9\/15, 5\/9\/22.<\/p>\n<p><img fetchpriority=\"high\" decoding=\"async\" class=\" wp-image-20652 alignleft\" src=\"https:\/\/www.doctoragibert.com\/wp-content\/uploads\/2022\/09\/DPP_1.jpg\" alt=\"\" width=\"534\" height=\"357\" srcset=\"https:\/\/www.doctoragibert.com\/wp-content\/uploads\/2022\/09\/DPP_1.jpg 2246w, https:\/\/www.doctoragibert.com\/wp-content\/uploads\/2022\/09\/DPP_1-1536x1026.jpg 1536w, https:\/\/www.doctoragibert.com\/wp-content\/uploads\/2022\/09\/DPP_1-2048x1368.jpg 2048w\" sizes=\"(max-width: 534px) 100vw, 534px\" \/><\/p>\n<p>Tradicionalmente, se calculaba la <strong>fecha probable de parto (FPP)<\/strong> de acuerdo con el primer d\u00eda del sangrado rojo de nuestra \u00faltima regla. Se sumaban 9 meses y 7 d\u00edas y ya ten\u00edamos fecha prevista de nacimiento.<\/p>\n<p>Lamentablemente, la f\u00f3rmula explicada tiene una serie de obst\u00e1culos: algunas no recuerdan exactamente la fecha, las cuentas se fundamentan en ciclos de 28 d\u00edas y no todas somos tan regulares. Por tanto, <strong>la fecha de la \u00faltima regla s\u00f3lo la utilizamos para organizar vuestra primera cita de embarazo<\/strong> y, a partir de la primera ecograf\u00eda, <strong>os solemos dar una FPP seg\u00fan ecograf\u00eda que ya no se modifica m\u00e1s.<\/strong><\/p>\n<p>&nbsp;<\/p>\n<h3><span style=\"color: #008080;\">OS CONTAMOS EL MARGEN DE ERROR DE LAS EMBARAZADAS QUE HEMOS CONTROLADO EN NUESTRA CONSULTA<\/span><\/h3>\n<p>Cuando llegamos a la FPP, a las <strong>40 semanas<\/strong> de gestaci\u00f3n, hemos \u00abcumplido\u00bb. Pero, \u00bfcu\u00e1ntas mujeres se ponen de parto realmente ese d\u00eda?<\/p>\n<p>Para saberlo, <strong>hemos revisado nuestras partos espont\u00e1neos<\/strong> desde 2016 hasta el d\u00eda de la redacci\u00f3n de este post, y tambi\u00e9n hemos consultado otras series m\u00e1s grandes y hemos observado que:<\/p>\n<ul>\n<li>Acertamos m\u00e1s vaticinando la fecha del parto si utilizamos la primera ecograf\u00eda que si nos basamos en la fecha de vuestra \u00faltima regla. Hacemos esta ecograf\u00eda en torno a la segunda falta, que es cuando tiene mayor capacidad predictiva.<\/li>\n<li><strong>S\u00f3lo el 8% de las mujeres se ponen de parto en la fecha que os damos a la consulta.<\/strong><\/li>\n<li><strong>M\u00e1s del 40%<\/strong> de las mujeres dan a luz <strong>entre 3 d\u00edas antes y 3 d\u00edas despu\u00e9s<\/strong> de su FPP, el <strong>60<\/strong>% en el per\u00edodo que va <strong>desde 5 d\u00edas antes a 5 d\u00edas despu\u00e9s<\/strong> de la FPP y el <strong>70% entre 7 d\u00edas antes y 7 despu\u00e9s.<\/strong><\/li>\n<\/ul>\n<p>&nbsp;<\/p>\n<hr \/>\n<blockquote>\n<h1 style=\"text-align: center;\"><span style=\"color: #008080;\">S\u00f3lo el 8% de las gestantes dan a luz en su fecha probable de parto<\/span><\/h1>\n<\/blockquote>\n<hr \/>\n<p>&nbsp;<\/p>\n<h3><span style=\"color: #008080;\">LA PREMATURIDA Y LA POSMADUREZ SON DESVIACIONES OCASIONALES DE NUESTRAS PREDICCIONES<\/span><\/h3>\n<p>A ra\u00edz de las cifras previas, vemos que los partos se \u201cconcentran\u201d en torno a la FPP. Sin embargo, esta fecha tiene un inter\u00e9s m\u00e9dico, ya que nos ayuda a distinguir entre:<\/p>\n<ul>\n<li>Feto que nacen antes de tiempo o <a href=\"https:\/\/www.doctoragibert.com\/es\/pacientes\/embarazo-y-parto\/prematuridad\/\" target=\"_blank\" rel=\"noopener\"><strong>prematuros<\/strong><\/a>: aquellos en los que el parto se produce 3 o m\u00e1s semanas antes de la FPP (37 semanas).<\/li>\n<li>Feto que nacen despu\u00e9s de tiempo o\u00a0<a href=\"https:\/\/www.doctoragibert.com\/es\/pacientes\/embarazo-y-parto\/embaras-perllongat\/\" target=\"_blank\" rel=\"noopener\"><strong>posmaduros o post\u00e9rmino<\/strong><\/a>: en caso de no provocar el parto, \u00e9ste se producir\u00eda a partir de las 2 semanas posteriores a la FPP (42 semanas).<\/li>\n<\/ul>\n<p>&nbsp;<\/p>\n<blockquote>\n<hr \/>\n<h1 style=\"text-align: center;\"><span style=\"color: #008080;\">La ecograf\u00eda realizada a las 8-9 semanas es la que tiene mayor capacidad predictiva de la fecha del parto<\/span><\/h1>\n<hr \/>\n<\/blockquote>\n<p>&nbsp;<\/p>\n<p><img decoding=\"async\" class=\" wp-image-20650 alignright\" src=\"https:\/\/www.doctoragibert.com\/wp-content\/uploads\/2022\/09\/DPP_2.jpg\" alt=\"\" width=\"405\" height=\"608\" \/><\/p>\n<p>La prematuridad requiere un manejo especial tanto del parto como del beb\u00e9, mientras que los efectos perjudiciales de la posmadurez pueden prevenirse adecuadamente mediante una inducci\u00f3n (provocar el parto) en el momento adecuado. Por suerte, <strong>si somos portadoras de un solo feto, estamos sanas y nos enfrentamos a nuestra primera gestaci\u00f3n, la posibilidad de tener un parto prematuro es del 7%<\/strong> aproximadamente, mientras que <strong>si hemos parido uno o m\u00e1s hijos no prematuros, este porcentaje baja al 1%,<\/strong> es decir, las que han parido a hijos a los 9 meses tienen el 99% de posibilidades de parir en el momento oportuno.<\/p>\n<p>Algunas gestantes que se hacen doble control, con nosotros y en un hospital p\u00fablico, nos preguntan porque no coincide exactamente la FPP que nosotros les damos y la que les dan en el otro centro. La respuesta es sencilla: nosotros utilizamos la ecograf\u00eda hecha a las 8-9 semanas de la falta mientras que en los centros citados se utiliza la realizada a las 11-13 semanas. De cualquier modo, la predicci\u00f3n del parto es m\u00e1s precisa a mayor precocidad de las medidas, siempre que el embri\u00f3n alcance las medidas propias de las 8 semanas.<\/p>\n<p>&nbsp;<\/p>\n<h3><span style=\"color: #008080;\">ALGUNOS TRUCOS PARA ACERTAR M\u00c1S EN LA FECHA PROBABLE DEL PARTO<\/span><\/h3>\n<p>Adem\u00e1s, existen otros factores que modulan la fecha de nuestro parto:<\/p>\n<ul>\n<li>Si portamos <strong>gemelos<\/strong>, el parto suele adelantarse y <strong>la mitad paren antes de las 37 semanas<\/strong>, aunque s\u00f3lo el 10% tendr\u00e1n una prematuridad importante.<\/li>\n<li>Si <strong>nuestra madre<\/strong> ha parido con una diferencia llamativa respecto a su FPP, sea demasiado pronto o demasiado tarde, nosotros tendremos m\u00e1s \u201cn\u00fameros\u201d de parir a unas semanas parecidas a ella.<\/li>\n<li><strong>Las mujeres nos parecemos a nosotros mismas<\/strong>, por tanto, las que son puntuales a un parto lo suelen ser al siguiente, y las que se adelantan o se retrasan tambi\u00e9n suelen repetir en los embarazos siguientes.<\/li>\n<li><strong>Cambiar de padre<\/strong> de nuestros hijos puede modificar nuestra tendencia a parir m\u00e1s tarde o m\u00e1s pronto.<\/li>\n<\/ul>\n<p>&nbsp;<\/p>\n<h4><span style=\"color: #008080;\">FUENTES DE LA INFORMACI\u00d3N:<\/span><\/h4>\n<ul>\n<li>American College of Obstetrics and Gynecology (ACOG). Committee opinion no 611: method for estimating due date. Obstet Gynecol. 2014;124:863-6.<\/li>\n<li>Jucik AM, Baird DD, Weinberg CR, McConnaughey DR, Wilcox AJ. Length of human pregnancy and contributors to its natural variation. Hum Reprod. 2013; 28: 2848\u20132855.<\/li>\n<li>Minakami H, Sato I. Reestimating date of delivery in multifetal pregnancies. JAMA. 1996;275:1432-4.<\/li>\n<\/ul>\n","protected":false},"excerpt":{"rendered":"<p>Autora:\u00a0Dra. MJ Gibert. Fecha de actualizaci\u00f3n: 28\/7\/24. Fechas de versiones previas: 28\/9\/15, 5\/9\/22. Tradicionalmente, se calculaba la fecha probable de parto (FPP) de acuerdo con el primer d\u00eda del sangrado rojo de nuestra \u00faltima regla. Se sumaban 9 meses y 7 d\u00edas y ya ten\u00edamos fecha prevista de nacimiento. Lamentablemente, la f\u00f3rmula explicada tiene una [&hellip;]<\/p>\n","protected":false},"author":12,"featured_media":0,"parent":15253,"menu_order":0,"comment_status":"closed","ping_status":"closed","template":"page-limpia.php","meta":{"footnotes":""},"class_list":["post-20659","page","type-page","status-publish","hentry"],"yoast_head":"<!-- This site is optimized with the Yoast SEO plugin v25.0 - https:\/\/yoast.com\/wordpress\/plugins\/seo\/ -->\n<title>FECHA PROBABLE DE PARTO: \u00bfcu\u00e1ndo parir\u00e9? - DRA. GIBERT<\/title>\n<meta name=\"robots\" content=\"index, follow, max-snippet:-1, max-image-preview:large, max-video-preview:-1\" \/>\n<link rel=\"canonical\" href=\"https:\/\/www.doctoragibert.com\/es\/pacientes\/embarazo-y-parto\/data-probable-part\/\" \/>\n<meta property=\"og:locale\" content=\"es_ES\" \/>\n<meta property=\"og:type\" content=\"article\" \/>\n<meta property=\"og:title\" content=\"FECHA PROBABLE DE PARTO: \u00bfcu\u00e1ndo parir\u00e9? - DRA. GIBERT\" \/>\n<meta property=\"og:description\" content=\"Autora:\u00a0Dra. MJ Gibert. Fecha de actualizaci\u00f3n: 28\/7\/24. Fechas de versiones previas: 28\/9\/15, 5\/9\/22. Tradicionalmente, se calculaba la fecha probable de parto (FPP) de acuerdo con el primer d\u00eda del sangrado rojo de nuestra \u00faltima regla. Se sumaban 9 meses y 7 d\u00edas y ya ten\u00edamos fecha prevista de nacimiento. Lamentablemente, la f\u00f3rmula explicada tiene una [&hellip;]\" \/>\n<meta property=\"og:url\" content=\"https:\/\/www.doctoragibert.com\/es\/pacientes\/embarazo-y-parto\/data-probable-part\/\" \/>\n<meta property=\"og:site_name\" content=\"DRA. GIBERT\" \/>\n<meta property=\"article:publisher\" content=\"https:\/\/www.facebook.com\/doctoragibert\" \/>\n<meta property=\"article:modified_time\" content=\"2024-07-28T16:20:04+00:00\" \/>\n<meta property=\"og:image\" content=\"https:\/\/www.doctoragibert.com\/wp-content\/uploads\/2022\/09\/DPP_1.jpg\" \/>\n<meta name=\"twitter:label1\" content=\"Tiempo de lectura\" \/>\n\t<meta name=\"twitter:data1\" content=\"4 minutos\" \/>\n<script type=\"application\/ld+json\" class=\"yoast-schema-graph\">{\"@context\":\"https:\/\/schema.org\",\"@graph\":[{\"@type\":\"WebPage\",\"@id\":\"https:\/\/www.doctoragibert.com\/es\/pacientes\/embarazo-y-parto\/data-probable-part\/\",\"url\":\"https:\/\/www.doctoragibert.com\/es\/pacientes\/embarazo-y-parto\/data-probable-part\/\",\"name\":\"FECHA PROBABLE DE PARTO: \u00bfcu\u00e1ndo parir\u00e9? - DRA. GIBERT\",\"isPartOf\":{\"@id\":\"https:\/\/www.doctoragibert.com\/es\/#website\"},\"primaryImageOfPage\":{\"@id\":\"https:\/\/www.doctoragibert.com\/es\/pacientes\/embarazo-y-parto\/data-probable-part\/#primaryimage\"},\"image\":{\"@id\":\"https:\/\/www.doctoragibert.com\/es\/pacientes\/embarazo-y-parto\/data-probable-part\/#primaryimage\"},\"thumbnailUrl\":\"https:\/\/www.doctoragibert.com\/wp-content\/uploads\/2022\/09\/DPP_1.jpg\",\"datePublished\":\"2022-09-05T22:10:30+00:00\",\"dateModified\":\"2024-07-28T16:20:04+00:00\",\"breadcrumb\":{\"@id\":\"https:\/\/www.doctoragibert.com\/es\/pacientes\/embarazo-y-parto\/data-probable-part\/#breadcrumb\"},\"inLanguage\":\"es\",\"potentialAction\":[{\"@type\":\"ReadAction\",\"target\":[\"https:\/\/www.doctoragibert.com\/es\/pacientes\/embarazo-y-parto\/data-probable-part\/\"]}]},{\"@type\":\"ImageObject\",\"inLanguage\":\"es\",\"@id\":\"https:\/\/www.doctoragibert.com\/es\/pacientes\/embarazo-y-parto\/data-probable-part\/#primaryimage\",\"url\":\"https:\/\/www.doctoragibert.com\/wp-content\/uploads\/2022\/09\/DPP_1.jpg\",\"contentUrl\":\"https:\/\/www.doctoragibert.com\/wp-content\/uploads\/2022\/09\/DPP_1.jpg\"},{\"@type\":\"BreadcrumbList\",\"@id\":\"https:\/\/www.doctoragibert.com\/es\/pacientes\/embarazo-y-parto\/data-probable-part\/#breadcrumb\",\"itemListElement\":[{\"@type\":\"ListItem\",\"position\":1,\"name\":\"PACIENTES\",\"item\":\"https:\/\/www.doctoragibert.com\/es\/pacientes\/\"},{\"@type\":\"ListItem\",\"position\":2,\"name\":\"EMBARAZO Y PARTO\",\"item\":\"https:\/\/www.doctoragibert.com\/es\/pacientes\/embarazo-y-parto\/\"},{\"@type\":\"ListItem\",\"position\":3,\"name\":\"FECHA PROBABLE DE PARTO: \u00bfcu\u00e1ndo parir\u00e9?\"}]},{\"@type\":\"WebSite\",\"@id\":\"https:\/\/www.doctoragibert.com\/es\/#website\",\"url\":\"https:\/\/www.doctoragibert.com\/es\/\",\"name\":\"DRA. GIBERT\",\"description\":\"Ginecologia i obstetricia\",\"potentialAction\":[{\"@type\":\"SearchAction\",\"target\":{\"@type\":\"EntryPoint\",\"urlTemplate\":\"https:\/\/www.doctoragibert.com\/es\/?s={search_term_string}\"},\"query-input\":{\"@type\":\"PropertyValueSpecification\",\"valueRequired\":true,\"valueName\":\"search_term_string\"}}],\"inLanguage\":\"es\"}]}<\/script>\n<!-- \/ Yoast SEO plugin. -->","yoast_head_json":{"title":"FECHA PROBABLE DE PARTO: \u00bfcu\u00e1ndo parir\u00e9? - DRA. GIBERT","robots":{"index":"index","follow":"follow","max-snippet":"max-snippet:-1","max-image-preview":"max-image-preview:large","max-video-preview":"max-video-preview:-1"},"canonical":"https:\/\/www.doctoragibert.com\/es\/pacientes\/embarazo-y-parto\/data-probable-part\/","og_locale":"es_ES","og_type":"article","og_title":"FECHA PROBABLE DE PARTO: \u00bfcu\u00e1ndo parir\u00e9? - DRA. GIBERT","og_description":"Autora:\u00a0Dra. MJ Gibert. Fecha de actualizaci\u00f3n: 28\/7\/24. Fechas de versiones previas: 28\/9\/15, 5\/9\/22. Tradicionalmente, se calculaba la fecha probable de parto (FPP) de acuerdo con el primer d\u00eda del sangrado rojo de nuestra \u00faltima regla. Se sumaban 9 meses y 7 d\u00edas y ya ten\u00edamos fecha prevista de nacimiento. Lamentablemente, la f\u00f3rmula explicada tiene una [&hellip;]","og_url":"https:\/\/www.doctoragibert.com\/es\/pacientes\/embarazo-y-parto\/data-probable-part\/","og_site_name":"DRA. GIBERT","article_publisher":"https:\/\/www.facebook.com\/doctoragibert","article_modified_time":"2024-07-28T16:20:04+00:00","og_image":[{"url":"https:\/\/www.doctoragibert.com\/wp-content\/uploads\/2022\/09\/DPP_1.jpg","type":"","width":"","height":""}],"twitter_misc":{"Tiempo de lectura":"4 minutos"},"schema":{"@context":"https:\/\/schema.org","@graph":[{"@type":"WebPage","@id":"https:\/\/www.doctoragibert.com\/es\/pacientes\/embarazo-y-parto\/data-probable-part\/","url":"https:\/\/www.doctoragibert.com\/es\/pacientes\/embarazo-y-parto\/data-probable-part\/","name":"FECHA PROBABLE DE PARTO: \u00bfcu\u00e1ndo parir\u00e9? - DRA. GIBERT","isPartOf":{"@id":"https:\/\/www.doctoragibert.com\/es\/#website"},"primaryImageOfPage":{"@id":"https:\/\/www.doctoragibert.com\/es\/pacientes\/embarazo-y-parto\/data-probable-part\/#primaryimage"},"image":{"@id":"https:\/\/www.doctoragibert.com\/es\/pacientes\/embarazo-y-parto\/data-probable-part\/#primaryimage"},"thumbnailUrl":"https:\/\/www.doctoragibert.com\/wp-content\/uploads\/2022\/09\/DPP_1.jpg","datePublished":"2022-09-05T22:10:30+00:00","dateModified":"2024-07-28T16:20:04+00:00","breadcrumb":{"@id":"https:\/\/www.doctoragibert.com\/es\/pacientes\/embarazo-y-parto\/data-probable-part\/#breadcrumb"},"inLanguage":"es","potentialAction":[{"@type":"ReadAction","target":["https:\/\/www.doctoragibert.com\/es\/pacientes\/embarazo-y-parto\/data-probable-part\/"]}]},{"@type":"ImageObject","inLanguage":"es","@id":"https:\/\/www.doctoragibert.com\/es\/pacientes\/embarazo-y-parto\/data-probable-part\/#primaryimage","url":"https:\/\/www.doctoragibert.com\/wp-content\/uploads\/2022\/09\/DPP_1.jpg","contentUrl":"https:\/\/www.doctoragibert.com\/wp-content\/uploads\/2022\/09\/DPP_1.jpg"},{"@type":"BreadcrumbList","@id":"https:\/\/www.doctoragibert.com\/es\/pacientes\/embarazo-y-parto\/data-probable-part\/#breadcrumb","itemListElement":[{"@type":"ListItem","position":1,"name":"PACIENTES","item":"https:\/\/www.doctoragibert.com\/es\/pacientes\/"},{"@type":"ListItem","position":2,"name":"EMBARAZO Y PARTO","item":"https:\/\/www.doctoragibert.com\/es\/pacientes\/embarazo-y-parto\/"},{"@type":"ListItem","position":3,"name":"FECHA PROBABLE DE PARTO: \u00bfcu\u00e1ndo parir\u00e9?"}]},{"@type":"WebSite","@id":"https:\/\/www.doctoragibert.com\/es\/#website","url":"https:\/\/www.doctoragibert.com\/es\/","name":"DRA. GIBERT","description":"Ginecologia i obstetricia","potentialAction":[{"@type":"SearchAction","target":{"@type":"EntryPoint","urlTemplate":"https:\/\/www.doctoragibert.com\/es\/?s={search_term_string}"},"query-input":{"@type":"PropertyValueSpecification","valueRequired":true,"valueName":"search_term_string"}}],"inLanguage":"es"}]}},"_links":{"self":[{"href":"https:\/\/www.doctoragibert.com\/es\/wp-json\/wp\/v2\/pages\/20659","targetHints":{"allow":["GET"]}}],"collection":[{"href":"https:\/\/www.doctoragibert.com\/es\/wp-json\/wp\/v2\/pages"}],"about":[{"href":"https:\/\/www.doctoragibert.com\/es\/wp-json\/wp\/v2\/types\/page"}],"author":[{"embeddable":true,"href":"https:\/\/www.doctoragibert.com\/es\/wp-json\/wp\/v2\/users\/12"}],"replies":[{"embeddable":true,"href":"https:\/\/www.doctoragibert.com\/es\/wp-json\/wp\/v2\/comments?post=20659"}],"version-history":[{"count":5,"href":"https:\/\/www.doctoragibert.com\/es\/wp-json\/wp\/v2\/pages\/20659\/revisions"}],"predecessor-version":[{"id":22679,"href":"https:\/\/www.doctoragibert.com\/es\/wp-json\/wp\/v2\/pages\/20659\/revisions\/22679"}],"up":[{"embeddable":true,"href":"https:\/\/www.doctoragibert.com\/es\/wp-json\/wp\/v2\/pages\/15253"}],"wp:attachment":[{"href":"https:\/\/www.doctoragibert.com\/es\/wp-json\/wp\/v2\/media?parent=20659"}],"curies":[{"name":"wp","href":"https:\/\/api.w.org\/{rel}","templated":true}]}}