{"id":21237,"date":"2023-03-26T22:24:04","date_gmt":"2023-03-26T22:24:04","guid":{"rendered":"https:\/\/www.doctoragibert.com\/pacientes\/enfermedades-de-la-mama\/cdis\/"},"modified":"2023-03-26T22:53:40","modified_gmt":"2023-03-26T22:53:40","slug":"cdis","status":"publish","type":"page","link":"https:\/\/www.doctoragibert.com\/es\/pacientes\/enfermedades-de-la-mama\/cdis\/","title":{"rendered":"CARCINOMA DUCTAL IN SITU: \u00bfes realmente un c\u00e1ncer?, \u00bfc\u00f3mo se maneja?"},"content":{"rendered":"<p><em>Autora:<\/em>\u00a0Dra. MJ Gibert.<br \/>\n<em>Fecha de actualizaci\u00f3n:<\/em> 27\/3\/23.<\/p>\n<p>Empecemos con unas simples nociones de anatom\u00eda. La mama es una gl\u00e1ndula productora de leche, la cual se fabrica en los <strong>lobulillos<\/strong> y se traslada mediante unos <strong>(con)ductos<\/strong> a la punta del pez\u00f3n. El sistema de ductos y lobulillos se parece a un \u00e1rbol, esto es, los lobulillos son las hojas y los ductos las ramas, que se van reduciendo en n\u00famero y haci\u00e9ndose m\u00e1s gruesas a medida que llegan al tronco. Con la ilustraci\u00f3n adjunta, lo entender\u00e1n mejor.<\/p>\n<p><img fetchpriority=\"high\" decoding=\"async\" class=\"alignright size-full wp-image-21222\" src=\"https:\/\/www.doctoragibert.com\/wp-content\/uploads\/2023\/03\/Mama_ductes_lobels_castella.jpg\" alt=\"\" width=\"960\" height=\"720\" \/><\/p>\n<p>En el <strong>carcinoma ductal in situ o intraductal<\/strong>, tambi\u00e9n llamado mediante sus iniciales o <strong>CDIS<\/strong>, las c\u00e9lulas que tapizan los conductos malignizan. Entonces, se multiplican de forma desordenada y llenan los conductos, sometiendo a sus paredes a presi\u00f3n. Es importante resaltar que, <strong>aunque se le llame carcinoma, <u>no<\/u> es un c\u00e1ncer al uso, puesto que no ha roto la membrana basal<\/strong>. \u00c9sta act\u00faa como una frontera que impide el paso de las c\u00e9lulas malignas a la sangre y a la linfa, con la consiguiente posibilidad de met\u00e1stasis en los ganglios y a distancia de la mama (huesos, h\u00edgado, pulm\u00f3n&#8230;).<\/p>\n<p>El c\u00e1ncer cl\u00e1sico, el invasivo, es el que ha roto la membrana basal y, por tanto, puede diseminarse por el resto del cuerpo.<\/p>\n<p>&nbsp;<\/p>\n<hr \/>\n<h1 style=\"text-align: center;\"><span style=\"color: #008080;\">El carcinoma ductal in situ es un aviso de riesgo de c\u00e1ncer de mama al diagn\u00f3stico y en el futuro\u00a0<\/span><\/h1>\n<hr \/>\n<p>&nbsp;<\/p>\n<p>Al contrario, <strong>el CDIS, mientras se mantenga confinado dentro de los conductos, no puede causar met\u00e1stasis<\/strong>. Las im\u00e1genes adjuntas representan la diferencia entre el c\u00e1ncer invasivo y el in situ que, como ya hemos dicho, es una lesi\u00f3n precancerosa y no un c\u00e1ncer en sentido estricto.<\/p>\n<p><img decoding=\"async\" class=\"wp-image-21218 aligncenter\" src=\"https:\/\/www.doctoragibert.com\/wp-content\/uploads\/2023\/03\/CDIS_vs_CDI_castella.jpg\" alt=\"\" width=\"593\" height=\"445\" \/><\/p>\n<p>Seguiremos con una lista de preguntas habituales de nuestras pacientes.<\/p>\n<p>&nbsp;<\/p>\n<h3><span style=\"color: #008080;\">\u00bfES EL CDIS UNA ENFERMEDAD FRECUENTE?<\/span><\/h3>\n<p>Es mucho menos corriente que el c\u00e1ncer de mama invasivo. As\u00ed, por cada cuatro c\u00e1nceres de mama invasivos, hay uno in situ.<\/p>\n<p>&nbsp;<\/p>\n<h3><span style=\"color: #008080;\">\u00bfQU\u00c9 MUJERES TIENEN M\u00c1S RIESGO DE PADECER UN CDIS?<\/span><\/h3>\n<p><strong>Las que se hacen mamograf\u00edas peri\u00f3dicas<\/strong> tienen m\u00e1s posibilidades de ser diagnosticadas de un CDIS.<\/p>\n<p>Las que no se las hacen, tambi\u00e9n pueden sufrir un CDIS, pero ser\u00e1n diagnosticadas por tener s\u00edntomas y se omitir\u00e1n aquellos casos de CDIS que no den problemas.<\/p>\n<p>En general, las lesiones precancerosas y las cancerosas invasivas de la mama son m\u00e1s frecuentes en las mujeres blancas, en las que tienen antecedentes familiares, el pecho muy denso, en las que no son madres o han parido tarde. En cuanto al peso, las que tienen CDIS suelen ser m\u00e1s delgadas que las que tienen c\u00e1ncer invasivo y, en caso de haber dado pecho, la lactancia prolongada favorece el c\u00e1ncer intraductal y protege contra el invasivo. Es m\u00e1s t\u00edpico que las afectadas de CDIS no sean menop\u00e1usicas, a diferencia de las que sufren un c\u00e1ncer invasivo.<\/p>\n<p>&nbsp;<\/p>\n<h3><span style=\"color: #008080;\">\u00bfC\u00d3MO PUEDO SABER QUE TENGO UN CDIS?<\/span><\/h3>\n<p>Como hemos dicho, <strong>las mamograf\u00edas son clave, pues producen unas im\u00e1genes muy llamativas, como un reguero de az\u00facar en polvo o microcalcificaciones<\/strong>. Lo habitual es no haber notado nada antes, ni nosotras, ni nuestro ginec\u00f3logo de confianza. Otras veces puede dar s\u00edntomas como un bulto, p\u00e9rdida de sangre por el pez\u00f3n o lesiones en la piel de la areola y el pez\u00f3n que no hay forma de curar. La sospecha de CDIS debe confirmarse mediante biopsia.<\/p>\n<p><img decoding=\"async\" class=\"wp-image-21229 aligncenter\" src=\"https:\/\/www.doctoragibert.com\/wp-content\/uploads\/2023\/03\/Micros_mx_castella.jpg\" alt=\"\" width=\"661\" height=\"496\" \/><\/p>\n<h3><\/h3>\n<h3><span style=\"color: #008080;\">\u00bfPOR QU\u00c9 ES IMPORTANTE DIAGNOSTICARLO SI NO ES UN C\u00c1NCER EN UN SENTIDO ESTRICTO?<\/span><\/h3>\n<p>Porque <strong>el CDIS puede coexistir con un c\u00e1ncer invasivo hasta en el 20% de los casos<\/strong> y, como es obvio, esto conviene saberlo.<\/p>\n<p>Adem\u00e1s, haber sido diagnosticada de CDIS aumenta el riesgo de sufrir otro c\u00e1ncer de mama en el futuro. Incluso despu\u00e9s del tratamiento, <strong>el 1% de mujeres recaen cada a\u00f1o, cifra que es el doble en los CDIS m\u00e1s severos<\/strong>. La mitad de las reca\u00eddas son otro CDIS y la otra mitad son un c\u00e1ncer invasivo. Se puede recaer tanto en la mama enferma como en la sana.<\/p>\n<p>La buena noticia es que, el 98% de <strong>las mujeres sobreviven a la enfermedad<\/strong>.<\/p>\n<p>&nbsp;<\/p>\n<hr \/>\n<h1 style=\"text-align: center;\"><span style=\"color: #008080;\">La inmensa mayor\u00eda de mujeres sobreviven al carcinoma ductal in situ<\/span><\/h1>\n<hr \/>\n<p>&nbsp;<\/p>\n<h3><span style=\"color: #008080;\">\u00bfQU\u00c9 ESTUDIOS HAY QUE HACER ANTES DE TRATARSE?<\/span><\/h3>\n<p>En cuanto a pruebas de imagen, <strong>las mamograf\u00edas son suficientes en la mayor\u00eda de los casos<\/strong>. Algunas veces, nos propondr\u00e1n hacer m\u00e1s mamograf\u00edas para ver mejor la zona donde hay las microcalcificaciones (magnificaci\u00f3n) y as\u00ed poder saber cu\u00e1nto tejido mamario puede estar afectado. La <strong>resonancia magn\u00e9tica<\/strong> tambi\u00e9n nos puede resultar de ayuda, si la mama es muy densa.<\/p>\n<p>Como el CDIS no se suele palpar, <strong><a href=\"https:\/\/www.doctoragibert.com\/es\/pacientes\/enfermedades-de-la-mama\/biopsies-puncions-mama\/\" target=\"_blank\" rel=\"noopener\">los radi\u00f3logos biopsian las microcalcificaciones<\/a> con la ayuda de la mamograf\u00eda (estereotaxia)<\/strong>, pero recurren a <strong>la biopsia guiada por ecograf\u00eda<\/strong> si \u00e9sta les orienta adecuadamente. Las biopsias guiadas por mamograf\u00eda precisan que la mujer se ponga boca abajo, mientras que la posici\u00f3n durante las biopsias ecoguiadas, boca arriba, es m\u00e1s c\u00f3moda.<\/p>\n<p>&nbsp;<\/p>\n<hr \/>\n<h1 style=\"text-align: center;\"><span style=\"color: #008080;\">El carcinoma intraductal se diagnostica por biopsia y se confirma mediante el estudio postoperatorio del tumor extirpado<\/span><\/h1>\n<hr \/>\n<p>&nbsp;<\/p>\n<p>Antes de operar, hacemos una <strong>ecograf\u00eda axilar<\/strong>, para asegurarnos de que los ganglios no tengan anomal\u00edas visibles, que es lo que suele ocurrir en m\u00e1s del 98% de los casos.<\/p>\n<p>No hay que hacer otros estudios m\u00e1s complejos de rutina, como la PET-TAC o la gammagraf\u00eda \u00f3sea.<\/p>\n<p>&nbsp;<\/p>\n<h3><span style=\"color: #008080;\">TENGO EN MIS MANOS EL INFORME DE LA BIOPSIA, \u00bfC\u00d3MO LO PUEDO INTERPRETAR?<\/span><\/h3>\n<p>En el informe, ver\u00e1 claramente indicado que el tipo histol\u00f3gico es el CDIS. Despu\u00e9s se especificar\u00e1n <strong>el grado nuclear, la arquitectura y la presencia de receptores de hormonas femeninas<\/strong>.<\/p>\n<p>El <strong>grado<\/strong> valora las anomal\u00edas de forma y tama\u00f1o de los n\u00facleos de las c\u00e9lulas cancerosas y pueden ser, de mejor a peor: grado 1 (bajo), grado 2 (intermedio) y grado 3 (alto).<\/p>\n<p>En cuanto a la <strong>arquitectura<\/strong>, distinguimos:<\/p>\n<ul>\n<li>El comedocarcinoma: las c\u00e9lulas cancerosas se autodestruyen en parte y dejan una secreci\u00f3n amarillenta calcificada, como la que se obtiene al presionar un comed\u00f3n o espinilla, de ah\u00ed su nombre. Nunca son de grado 1.<\/li>\n<li>Y los otros tipos: s\u00f3lido, cribiforme, papilar y mixto.<\/li>\n<\/ul>\n<p>Los <strong>receptores hormonales<\/strong>, sobre todo los de estr\u00f3genos, valoran la necesidad del tratamiento hormonal una vez operadas. Tres de cada cuatro CDIS tienen receptores de estr\u00f3genos, lo que es un factor de buen pron\u00f3stico.<\/p>\n<p>&nbsp;<\/p>\n<h3><span style=\"color: #008080;\">\u00bfC\u00d3MO SE TRATA EL CDIS?<\/span><\/h3>\n<p>Mediante una operaci\u00f3n, lo cual tiene un doble objetivo:<\/p>\n<ol>\n<li>Localizar el 10%-20% de mujeres que, aunque inicialmente creemos que no tienen m\u00e1s que un CDIS, al final tienen un c\u00e1ncer infiltrante. S\u00f3lo el estudio exhaustivo del material extirpado por parte de Anatom\u00eda Patol\u00f3gica puede resolver esta inc\u00f3gnita.<\/li>\n<li>Evitar que el CDIS diagnosticado progrese a un c\u00e1ncer invasivo en un futuro.<\/li>\n<\/ol>\n<p>La cirug\u00eda se utiliza para quitar todo el tejido anormal con un halo de tejido sano alrededor o margen de seguridad de al menos 2 mm. Entonces, si el tumor es poco voluminoso y el pecho relativamente grande, es suficiente con extirparlo con un margen de seguridad, es lo que se llama <strong>tumorectom\u00eda<\/strong>. Si la lesi\u00f3n es grande y\/o el pecho peque\u00f1o, ser\u00e1 necesario extirpar el pecho completo, esto es, realizar una <strong>mastectom\u00eda<\/strong>. De lo contrario, dejar\u00edamos un pecho con un resultado est\u00e9tico muy deficiente.<\/p>\n<p>&nbsp;<\/p>\n<hr \/>\n<h1 style=\"text-align: center;\"><span style=\"color: #008080;\">La mastectom\u00eda y la tumorectom\u00eda ofrecen la misma supervivencia<\/span><\/h1>\n<hr \/>\n<p>&nbsp;<\/p>\n<p>Como es obvio, la mastectom\u00eda es una cirug\u00eda algo m\u00e1s agresiva que la tumorectom\u00eda, por tanto, el riesgo de complicaciones es algo superior, pero son poco frecuentes en ambos tratamientos.<\/p>\n<p>Algunas mujeres creen que la mastectom\u00eda es una forma de eliminar el mal de ra\u00edz y se interesan por ella, aunque los doctores les recomendemos la tumorectom\u00eda. La idea fundamental es que la supervivencia es similar, elijamos extirpar la mama entera o no. En lo que s\u00ed hay diferencias es en las reca\u00eddas, as\u00ed, <strong>la mastectom\u00eda tiene menor riesgo de reincidencia<\/strong>. Un estudio holand\u00e9s sobre m\u00e1s de 500 mujeres con CDIS observ\u00f3 que, despu\u00e9s de 8 a\u00f1os de seguimiento, la enfermedad se repet\u00eda en el mismo pecho en el 9% de mujeres tratadas con tumorectom\u00eda y radioterapia y en el 1% de las manejadas con mastectom\u00eda.<\/p>\n<p>Por suerte, <strong>las t\u00e9cnicas oncopl\u00e1sticas<\/strong> permiten reponer el volumen de la mama perdida mediante una pr\u00f3tesis o un expansor por detr\u00e1s del pectoral durante el mismo acto quir\u00fargico. Es la mastectom\u00eda con conservaci\u00f3n de piel. Si el CDIS est\u00e1 razonablemente lejos del pez\u00f3n, \u00e9ste se podr\u00e1 conservar, pero, si no se pudiera, podremos reconstruir el pez\u00f3n con la piel circundante y tatuar la areola m\u00e1s adelante.<\/p>\n<p><a href=\"https:\/\/www.doctoragibert.com\/es\/pacientes\/enfermedades-de-la-mama\/roll-sentinella-mama\/\" target=\"_blank\" rel=\"noopener\"><strong>La biopsia del ganglio centinela<\/strong><\/a> s\u00f3lo se realiza en los casos de mayor riesgo de tener tambi\u00e9n c\u00e1ncer invasivo, esto es, las lesiones grandes, con varios focos en zonas distintas de la mama, con G3 o si la mujer es joven. Si tenemos que hacer una mastectom\u00eda, tambi\u00e9n aplicaremos la t\u00e9cnica del ganglio centinela, para as\u00ed poder evitar el vaciamiento axilar si al final hubiera un c\u00e1ncer invasivo. Ello se debe a que el ganglio centinela necesita la inyecci\u00f3n de una sustancia radiactiva cerca del tumor y, si hemos extirpado ya toda la mama, no tendremos jam\u00e1s otra oportunidad para hacerlo.<\/p>\n<p><strong>Si realizamos una tumorectom\u00eda, lo habitual es hacer radioterapia para disminuir el riesgo de reca\u00edda en la misma mama.<\/strong> Si la mujer tiene una mastectom\u00eda, normalmente no va a necesitar radioterapia. \u00c9sta se inicia a las 6-8 semanas despu\u00e9s de la tumorectom\u00eda y dura unas 5 semanas.<\/p>\n<p>En cuanto al <a href=\"https:\/\/www.doctoragibert.com\/es\/pacientes\/enfermedades-de-la-mama\/hormones-postcancer-mama\/\" target=\"_blank\" rel=\"noopener\"><strong>tratamiento hormonal<\/strong><\/a> (tamoxifeno), s\u00f3lo se prescribe si los receptores de estr\u00f3genos son positivos, con la idea de reducir tambi\u00e9n el riesgo de un nuevo c\u00e1ncer tanto en la otra mama, como en la mama enferma, en el caso de tumorectom\u00eda. Suele durar 5 a\u00f1os. Si le hubieran extirpado ambas mamas, no habr\u00eda indicaci\u00f3n de tamoxifeno.<\/p>\n<p>&nbsp;<\/p>\n<h3><span style=\"color: #008080;\">\u00bfES RAZONABLE EXTIRPAR AMBOS PECHOS?<\/span><\/h3>\n<p>Algunas mujeres solicitan extirparse ambos pechos para reducir su preocupaci\u00f3n por la reca\u00edda, sin embargo, <strong>no se ha demostrado que quedarse sin pechos aumente la supervivencia<\/strong>. Otro tema es que la mujer sea portadora de mutaciones de riesgo de c\u00e1ncer de mama, pero investigar si las tenemos o no se decide seg\u00fan la enfermedad actual y nuestros antecedentes personales y familiares.<\/p>\n<p>&nbsp;<\/p>\n<h3><span style=\"color: #008080;\">\u00bfNECESITAR\u00c9 QUIMIOTERAPIA?<\/span><\/h3>\n<p>La quimioterapia antes de operar se usa en algunos tumores de mama invasivos para reducir su tama\u00f1o y conseguir mejores resultados cosm\u00e9ticos de la mama. <strong>Si la biopsia de antes de operarla la diagnostica de un CDIS, no le administraremos quimioterapia<\/strong>. Tenga en cuenta que, aunque hubiera una parte invasiva en el tumor, otra parte sustancial seguir\u00e1 siendo in situ y la quimioterapia \u00abviaja\u00bb por la sangre. Entonces, la parte del tumor que no estuviera en contacto con la sangre, no podr\u00eda \u00abutilizar\u00bb la quimioterapia y, por tanto, esta parte no se reducir\u00eda.<\/p>\n<p>Si el CDIS aislado, sin componente invasivo, se confirma despu\u00e9s del estudio de la pieza quir\u00fargica, tampoco indicaremos quimioterapia por el mismo motivo.<\/p>\n<p>&nbsp;<\/p>\n<h3><span style=\"color: #008080;\">\u00bfQU\u00c9 SEGUIMIENTO NECESITAR\u00c9?<\/span><\/h3>\n<p>Si se ha hecho una tumorectom\u00eda, le recomendaremos una mamograf\u00eda al poco tiempo para asegurar que no quedan microcalcificaciones sospechosas en sus mamas. Le recomendaremos que adelante su consulta si nota cambios en sus mamas. En ausencia de s\u00edntomas, le haremos pruebas de imagen anuales y exploraciones de sus mamas cada seis meses al principio y, despu\u00e9s, cada a\u00f1o.<\/p>\n<p>&nbsp;<\/p>\n<h4><span style=\"color: #008080;\">FUENTES DE LA INFORMACI\u00d3N:<\/span><\/h4>\n<ul>\n<li>Fundaci\u00f3n Espa\u00f1ola de Senolog\u00eda y Patolog\u00eda Mamaria. Manual de Pr\u00e1ctica Cl\u00ednica en Senolog\u00eda 2019. 4\u00aa edici\u00f3n.<\/li>\n<li>Holm-Rasmussen EV, Jensen MB, Balslev E, Kroman N, Tvedskov TF. Risk factors of sentinel and non-sentinel lymph node metastases in patients with ductal carcinoma in situ of the breast: A nationwide study. Breast. 2018;42:128-132.<\/li>\n<li>Mathelin C, Antoni D, Lodi M, Chenard P, Moli\u00e8re S. Carcinoma ductal in situ. EMC &#8211; Ginecolog\u00eda-Obstetricia 2021; 57(1):1-12.<\/li>\n<li>Meijnen P, Oldenburg HS, Peterse JL, Bartelink H, Rutgers EJ. Clinical outcome after selective treatment of patients diagnosed with ductal carcinoma in situ of the breast. Ann Surg Oncol. 2008 Jan;15(1):235-43.<\/li>\n<li>Price A, Schnabel F, Chun J, Kaplowitz E, Goodgal J, Guth A, Axelrod D, Shapiro R, Mema E, Moy L, Darvishian F, Roses D. Sentinel lymph node positivity in patients undergoing mastectomies for ductal carcinoma in situ (DCIS). Breast J. 2020 May;26(5):931-936.<\/li>\n<li>Soumian S, Verghese ET, Booth M, Sharma N, Chaudhri S, Bradley S, Umranikar S, Millican-Slater RA, Hanby AM, Francis A. Concordance between vacuum assisted biopsy and postoperative histology: implications for the proposed Low Risk DCIS Trial (LORIS). Eur J Surg Oncol. 2013;39(12):1337-40.<\/li>\n<\/ul>\n","protected":false},"excerpt":{"rendered":"<p>Autora:\u00a0Dra. MJ Gibert. Fecha de actualizaci\u00f3n: 27\/3\/23. Empecemos con unas simples nociones de anatom\u00eda. La mama es una gl\u00e1ndula productora de leche, la cual se fabrica en los lobulillos y se traslada mediante unos (con)ductos a la punta del pez\u00f3n. El sistema de ductos y lobulillos se parece a un \u00e1rbol, esto es, los lobulillos [&hellip;]<\/p>\n","protected":false},"author":12,"featured_media":0,"parent":15516,"menu_order":0,"comment_status":"closed","ping_status":"closed","template":"page-limpia.php","meta":{"footnotes":""},"class_list":["post-21237","page","type-page","status-publish","hentry"],"yoast_head":"<!-- This site is optimized with the Yoast SEO plugin v25.0 - https:\/\/yoast.com\/wordpress\/plugins\/seo\/ -->\n<title>CARCINOMA DUCTAL IN SITU: \u00bfes realmente un c\u00e1ncer?, \u00bfc\u00f3mo se maneja? - DRA. GIBERT<\/title>\n<meta name=\"robots\" content=\"index, follow, max-snippet:-1, max-image-preview:large, max-video-preview:-1\" \/>\n<link rel=\"canonical\" href=\"https:\/\/www.doctoragibert.com\/es\/pacientes\/enfermedades-de-la-mama\/cdis\/\" \/>\n<meta property=\"og:locale\" content=\"es_ES\" \/>\n<meta property=\"og:type\" content=\"article\" \/>\n<meta property=\"og:title\" content=\"CARCINOMA DUCTAL IN SITU: \u00bfes realmente un c\u00e1ncer?, \u00bfc\u00f3mo se maneja? - DRA. GIBERT\" \/>\n<meta property=\"og:description\" content=\"Autora:\u00a0Dra. MJ Gibert. Fecha de actualizaci\u00f3n: 27\/3\/23. Empecemos con unas simples nociones de anatom\u00eda. La mama es una gl\u00e1ndula productora de leche, la cual se fabrica en los lobulillos y se traslada mediante unos (con)ductos a la punta del pez\u00f3n. El sistema de ductos y lobulillos se parece a un \u00e1rbol, esto es, los lobulillos [&hellip;]\" \/>\n<meta property=\"og:url\" content=\"https:\/\/www.doctoragibert.com\/es\/pacientes\/enfermedades-de-la-mama\/cdis\/\" \/>\n<meta property=\"og:site_name\" content=\"DRA. GIBERT\" \/>\n<meta property=\"article:publisher\" content=\"https:\/\/www.facebook.com\/doctoragibert\" \/>\n<meta property=\"article:modified_time\" content=\"2023-03-26T22:53:40+00:00\" \/>\n<meta property=\"og:image\" content=\"https:\/\/www.doctoragibert.com\/wp-content\/uploads\/2023\/03\/Mama_ductes_lobels_castella.jpg\" \/>\n<meta name=\"twitter:label1\" content=\"Tiempo de lectura\" \/>\n\t<meta name=\"twitter:data1\" content=\"10 minutos\" \/>\n<script type=\"application\/ld+json\" class=\"yoast-schema-graph\">{\"@context\":\"https:\/\/schema.org\",\"@graph\":[{\"@type\":\"WebPage\",\"@id\":\"https:\/\/www.doctoragibert.com\/es\/pacientes\/enfermedades-de-la-mama\/cdis\/\",\"url\":\"https:\/\/www.doctoragibert.com\/es\/pacientes\/enfermedades-de-la-mama\/cdis\/\",\"name\":\"CARCINOMA DUCTAL IN SITU: \u00bfes realmente un c\u00e1ncer?, \u00bfc\u00f3mo se maneja? - DRA. GIBERT\",\"isPartOf\":{\"@id\":\"https:\/\/www.doctoragibert.com\/es\/#website\"},\"primaryImageOfPage\":{\"@id\":\"https:\/\/www.doctoragibert.com\/es\/pacientes\/enfermedades-de-la-mama\/cdis\/#primaryimage\"},\"image\":{\"@id\":\"https:\/\/www.doctoragibert.com\/es\/pacientes\/enfermedades-de-la-mama\/cdis\/#primaryimage\"},\"thumbnailUrl\":\"https:\/\/www.doctoragibert.com\/wp-content\/uploads\/2023\/03\/Mama_ductes_lobels_castella.jpg\",\"datePublished\":\"2023-03-26T22:24:04+00:00\",\"dateModified\":\"2023-03-26T22:53:40+00:00\",\"breadcrumb\":{\"@id\":\"https:\/\/www.doctoragibert.com\/es\/pacientes\/enfermedades-de-la-mama\/cdis\/#breadcrumb\"},\"inLanguage\":\"es\",\"potentialAction\":[{\"@type\":\"ReadAction\",\"target\":[\"https:\/\/www.doctoragibert.com\/es\/pacientes\/enfermedades-de-la-mama\/cdis\/\"]}]},{\"@type\":\"ImageObject\",\"inLanguage\":\"es\",\"@id\":\"https:\/\/www.doctoragibert.com\/es\/pacientes\/enfermedades-de-la-mama\/cdis\/#primaryimage\",\"url\":\"https:\/\/www.doctoragibert.com\/wp-content\/uploads\/2023\/03\/Mama_ductes_lobels_castella.jpg\",\"contentUrl\":\"https:\/\/www.doctoragibert.com\/wp-content\/uploads\/2023\/03\/Mama_ductes_lobels_castella.jpg\"},{\"@type\":\"BreadcrumbList\",\"@id\":\"https:\/\/www.doctoragibert.com\/es\/pacientes\/enfermedades-de-la-mama\/cdis\/#breadcrumb\",\"itemListElement\":[{\"@type\":\"ListItem\",\"position\":1,\"name\":\"PACIENTES\",\"item\":\"https:\/\/www.doctoragibert.com\/es\/pacientes\/\"},{\"@type\":\"ListItem\",\"position\":2,\"name\":\"ENFERMEDADES DE LA MAMA\",\"item\":\"https:\/\/www.doctoragibert.com\/es\/pacientes\/enfermedades-de-la-mama\/\"},{\"@type\":\"ListItem\",\"position\":3,\"name\":\"CARCINOMA DUCTAL IN SITU: \u00bfes realmente un c\u00e1ncer?, \u00bfc\u00f3mo se maneja?\"}]},{\"@type\":\"WebSite\",\"@id\":\"https:\/\/www.doctoragibert.com\/es\/#website\",\"url\":\"https:\/\/www.doctoragibert.com\/es\/\",\"name\":\"DRA. GIBERT\",\"description\":\"Ginecologia i obstetricia\",\"potentialAction\":[{\"@type\":\"SearchAction\",\"target\":{\"@type\":\"EntryPoint\",\"urlTemplate\":\"https:\/\/www.doctoragibert.com\/es\/?s={search_term_string}\"},\"query-input\":{\"@type\":\"PropertyValueSpecification\",\"valueRequired\":true,\"valueName\":\"search_term_string\"}}],\"inLanguage\":\"es\"}]}<\/script>\n<!-- \/ Yoast SEO plugin. -->","yoast_head_json":{"title":"CARCINOMA DUCTAL IN SITU: \u00bfes realmente un c\u00e1ncer?, \u00bfc\u00f3mo se maneja? - DRA. GIBERT","robots":{"index":"index","follow":"follow","max-snippet":"max-snippet:-1","max-image-preview":"max-image-preview:large","max-video-preview":"max-video-preview:-1"},"canonical":"https:\/\/www.doctoragibert.com\/es\/pacientes\/enfermedades-de-la-mama\/cdis\/","og_locale":"es_ES","og_type":"article","og_title":"CARCINOMA DUCTAL IN SITU: \u00bfes realmente un c\u00e1ncer?, \u00bfc\u00f3mo se maneja? - DRA. GIBERT","og_description":"Autora:\u00a0Dra. MJ Gibert. Fecha de actualizaci\u00f3n: 27\/3\/23. Empecemos con unas simples nociones de anatom\u00eda. La mama es una gl\u00e1ndula productora de leche, la cual se fabrica en los lobulillos y se traslada mediante unos (con)ductos a la punta del pez\u00f3n. El sistema de ductos y lobulillos se parece a un \u00e1rbol, esto es, los lobulillos [&hellip;]","og_url":"https:\/\/www.doctoragibert.com\/es\/pacientes\/enfermedades-de-la-mama\/cdis\/","og_site_name":"DRA. GIBERT","article_publisher":"https:\/\/www.facebook.com\/doctoragibert","article_modified_time":"2023-03-26T22:53:40+00:00","og_image":[{"url":"https:\/\/www.doctoragibert.com\/wp-content\/uploads\/2023\/03\/Mama_ductes_lobels_castella.jpg","type":"","width":"","height":""}],"twitter_misc":{"Tiempo de lectura":"10 minutos"},"schema":{"@context":"https:\/\/schema.org","@graph":[{"@type":"WebPage","@id":"https:\/\/www.doctoragibert.com\/es\/pacientes\/enfermedades-de-la-mama\/cdis\/","url":"https:\/\/www.doctoragibert.com\/es\/pacientes\/enfermedades-de-la-mama\/cdis\/","name":"CARCINOMA DUCTAL IN SITU: \u00bfes realmente un c\u00e1ncer?, \u00bfc\u00f3mo se maneja? - DRA. GIBERT","isPartOf":{"@id":"https:\/\/www.doctoragibert.com\/es\/#website"},"primaryImageOfPage":{"@id":"https:\/\/www.doctoragibert.com\/es\/pacientes\/enfermedades-de-la-mama\/cdis\/#primaryimage"},"image":{"@id":"https:\/\/www.doctoragibert.com\/es\/pacientes\/enfermedades-de-la-mama\/cdis\/#primaryimage"},"thumbnailUrl":"https:\/\/www.doctoragibert.com\/wp-content\/uploads\/2023\/03\/Mama_ductes_lobels_castella.jpg","datePublished":"2023-03-26T22:24:04+00:00","dateModified":"2023-03-26T22:53:40+00:00","breadcrumb":{"@id":"https:\/\/www.doctoragibert.com\/es\/pacientes\/enfermedades-de-la-mama\/cdis\/#breadcrumb"},"inLanguage":"es","potentialAction":[{"@type":"ReadAction","target":["https:\/\/www.doctoragibert.com\/es\/pacientes\/enfermedades-de-la-mama\/cdis\/"]}]},{"@type":"ImageObject","inLanguage":"es","@id":"https:\/\/www.doctoragibert.com\/es\/pacientes\/enfermedades-de-la-mama\/cdis\/#primaryimage","url":"https:\/\/www.doctoragibert.com\/wp-content\/uploads\/2023\/03\/Mama_ductes_lobels_castella.jpg","contentUrl":"https:\/\/www.doctoragibert.com\/wp-content\/uploads\/2023\/03\/Mama_ductes_lobels_castella.jpg"},{"@type":"BreadcrumbList","@id":"https:\/\/www.doctoragibert.com\/es\/pacientes\/enfermedades-de-la-mama\/cdis\/#breadcrumb","itemListElement":[{"@type":"ListItem","position":1,"name":"PACIENTES","item":"https:\/\/www.doctoragibert.com\/es\/pacientes\/"},{"@type":"ListItem","position":2,"name":"ENFERMEDADES DE LA MAMA","item":"https:\/\/www.doctoragibert.com\/es\/pacientes\/enfermedades-de-la-mama\/"},{"@type":"ListItem","position":3,"name":"CARCINOMA DUCTAL IN SITU: \u00bfes realmente un c\u00e1ncer?, \u00bfc\u00f3mo se maneja?"}]},{"@type":"WebSite","@id":"https:\/\/www.doctoragibert.com\/es\/#website","url":"https:\/\/www.doctoragibert.com\/es\/","name":"DRA. GIBERT","description":"Ginecologia i obstetricia","potentialAction":[{"@type":"SearchAction","target":{"@type":"EntryPoint","urlTemplate":"https:\/\/www.doctoragibert.com\/es\/?s={search_term_string}"},"query-input":{"@type":"PropertyValueSpecification","valueRequired":true,"valueName":"search_term_string"}}],"inLanguage":"es"}]}},"_links":{"self":[{"href":"https:\/\/www.doctoragibert.com\/es\/wp-json\/wp\/v2\/pages\/21237","targetHints":{"allow":["GET"]}}],"collection":[{"href":"https:\/\/www.doctoragibert.com\/es\/wp-json\/wp\/v2\/pages"}],"about":[{"href":"https:\/\/www.doctoragibert.com\/es\/wp-json\/wp\/v2\/types\/page"}],"author":[{"embeddable":true,"href":"https:\/\/www.doctoragibert.com\/es\/wp-json\/wp\/v2\/users\/12"}],"replies":[{"embeddable":true,"href":"https:\/\/www.doctoragibert.com\/es\/wp-json\/wp\/v2\/comments?post=21237"}],"version-history":[{"count":5,"href":"https:\/\/www.doctoragibert.com\/es\/wp-json\/wp\/v2\/pages\/21237\/revisions"}],"predecessor-version":[{"id":21244,"href":"https:\/\/www.doctoragibert.com\/es\/wp-json\/wp\/v2\/pages\/21237\/revisions\/21244"}],"up":[{"embeddable":true,"href":"https:\/\/www.doctoragibert.com\/es\/wp-json\/wp\/v2\/pages\/15516"}],"wp:attachment":[{"href":"https:\/\/www.doctoragibert.com\/es\/wp-json\/wp\/v2\/media?parent=21237"}],"curies":[{"name":"wp","href":"https:\/\/api.w.org\/{rel}","templated":true}]}}