{"id":21866,"date":"2023-07-16T17:37:19","date_gmt":"2023-07-16T17:37:19","guid":{"rendered":"https:\/\/www.doctoragibert.com\/?page_id=21866"},"modified":"2023-07-17T20:38:07","modified_gmt":"2023-07-17T20:38:07","slug":"implant","status":"publish","type":"page","link":"https:\/\/www.doctoragibert.com\/es\/pacientes\/metodos-anticonceptivos\/implant\/","title":{"rendered":"IMPLANTE ANTICONCEPTIVO: el m\u00e9todo m\u00e1s efectivo"},"content":{"rendered":"<p><em>Autora: Dra. MJ Gibert.<\/em><br \/>\n<em>Fecha de actualizaci\u00f3n: 18\/7\/23.<\/em><br \/>\n<em>Fechas de versiones previas:\u00a015\/9\/13, 29\/3\/15.<\/em><\/p>\n<p>&nbsp;<\/p>\n<p><img fetchpriority=\"high\" decoding=\"async\" class=\"wp-image-21863 alignleft\" src=\"https:\/\/www.doctoragibert.com\/wp-content\/uploads\/2023\/07\/Implanon.jpg\" alt=\"\" width=\"582\" height=\"327\" \/>Los implantes son el m\u00e9todo anticonceptivo <strong>m\u00e1s efectivo que existe<\/strong> y son\u00a0<strong>muy seguros<\/strong> (los pueden usar la gran mayor\u00eda de mujeres sean fumadoras o no, j\u00f3venes o mayores, sanas o enfermas).<br \/>\nSon cilindros peque\u00f1os y flexibles, del tama\u00f1o de una cerilla, que liberan <strong>etonorgestrel o levonorgestrel<\/strong>, hormonas similares a la progesterona producida por las mujeres de forma natural, y que se insertan bajo la piel de la parte superior del brazo.<\/p>\n<p>En los p\u00e1rrafos siguientes respondemos a vuestras preguntas m\u00e1s habituales:<\/p>\n<h3><span style=\"color: #008080;\">\u00bfQU\u00c9 EFICACIA TIENE?<\/span><\/h3>\n<p><strong>S\u00f3lo 1 mujer de cada 2.000 se quedar\u00e1 embarazada durante el primer a\u00f1o<\/strong>. En los a\u00f1os siguientes, pierde algo de eficacia, pasando a 1 embarazo por cada 1.000 usuarias. Como la hormona se distribuye por toda nuestra sangre, si tenemos sobrepeso, la concentraci\u00f3n de etonorgestrel o de levonorgestrel en la sangre ser\u00e1 m\u00e1s baja que si nuestro peso es normal o bajo.<\/p>\n<p>El fabricante expresa que \u201cla<strong> experiencia cl\u00ednica en el tercer a\u00f1o de su uso en mujeres con sobrepeso es limitada<\/strong>. Por tanto, no puede excluirse que el efecto anticonceptivo en estas mujeres durante el tercer a\u00f1o de uso sea inferior que en las mujeres de peso normal. En consecuencia, el profesional sanitario deber\u00e1 considerar una sustituci\u00f3n temprana del implante en mujeres con sobrepeso.\u201d Esta afirmaci\u00f3n contrasta con un estudio realizado sobre m\u00e1s de 1.000 portadoras del implante, 2\/3 partes de ellas con sobrepeso u obesidad, en las que el implante fue muy efectivo durante el tercer a\u00f1o y no se vio menoscabado por el peso corporal. En definitiva, <strong>si tienes sobrepeso y te falta un a\u00f1o para que caduque el implante, te dejaremos decidir si lo quieres cambiar ya o si mantenerlo un a\u00f1o m\u00e1s<\/strong>.<\/p>\n<p>&nbsp;<\/p>\n<hr \/>\n<h1 style=\"text-align: center;\"><span style=\"color: #008080;\">Los implantes son el m\u00e9todo anticonceptivo m\u00e1s eficaz, por tanto, son ideales para aquellas parejas muy f\u00e9rtiles que no pueden permitirse un embarazo, tal es el caso de los adolescentes<\/span><\/h1>\n<hr \/>\n<p>&nbsp;<\/p>\n<h3><span style=\"color: #008080;\">\u00bfCU\u00c1L EST\u00c1 DISPONIBLE EN ESPA\u00d1A? \u00bfQU\u00c9 PRECIO TIENE?<\/span><\/h3>\n<p>S\u00f3lo se comercializa el Implan\u00f3n NXT\u00ae, implante de etonorgestrel que brinda protecci\u00f3n contra el embarazo durante <strong>3 a\u00f1os<\/strong>. El precio de venta al p\u00fablico ronda los 160 \u20ac, y, si bien puede parecer caro, es realmente\u00a0<strong>muy econ\u00f3mico<\/strong>. Ello se debe a que, si dividimos su precio entre los meses de duraci\u00f3n (36 meses), el coste mensual es de unos 4 \u20ac, muy inferior a las p\u00edldoras anticonceptivas habituales (entre 6 y 12 \u20ac mensuales). Otro factor que debe tenerse en cuenta es que se suele ahorrar en compresas, tampones y otros productos higi\u00e9nicos, pues la regla desaparece o disminuye de forma apreciable (ver m\u00e1s adelante).<\/p>\n<p>El Implan\u00f3n NXT\u00ae es objeto de un <strong>importante descuento por parte de la Seguridad Social espa\u00f1ola para usuarias entre 18 y 40 a\u00f1os<\/strong>, previa obtenci\u00f3n de un visado de inspecci\u00f3n. En el caso concreto de <strong>Illes Balears<\/strong>, el m\u00e9dico de familia lo puede incluir directamente en receta electr\u00f3nica. Lo l\u00f3gico, despu\u00e9s de la nueva <a href=\"https:\/\/www.boe.es\/eli\/es\/lo\/2023\/02\/28\/1\" target=\"_blank\" rel=\"noopener\">Ley Org\u00e1nica de Salud Sexual y Reproductiva<\/a>, es que el acceso a los m\u00e9todos anticonceptivos se agilice para todos, lo cual es fundamental para los j\u00f3venes, por su mayor riesgo de gestaci\u00f3n no deseada.<\/p>\n<p>&nbsp;<\/p>\n<h3><span style=\"color: #008080;\">\u00bfQU\u00c9 OCURRE SI NO ME QUITO EL IMPLANTE UNA VEZ TRANSCURRIDO EL PLAZO RECOMENDADO POR EL FABRICANTE?<\/span><\/h3>\n<p>Disponemos de estudios que documentan la eficacia del Implan\u00f3n NXT\u00ae durante 4 a\u00f1os, e incluso <strong>la posibilidad de embarazo durante 5 a\u00f1os sigue siendo muy baja, sobre todo si la usuaria es de peso normal<\/strong>.<\/p>\n<p>&nbsp;<\/p>\n<h3><span style=\"color: #008080;\">\u00bfPODR\u00c9 TENER HIJOS AL EXTRAER EL IMPLANTE?<\/span><\/h3>\n<p>S\u00ed, <strong>reanudar\u00e1s tu actividad ov\u00e1rica habitual a la semana de haberte retirado el implante<\/strong>. De hecho, el implante ni te mejora, ni te empeora tu fertilidad habitual. Si hay dificultades para lograr un embarazo tras retirase el implante, jam\u00e1s se deben al mismo, sino a otros factores, tales como edad materna avanzada, trompas obstruidas, semen anormal, reserva ov\u00e1rica agotada, etc.<\/p>\n<p>&nbsp;<\/p>\n<h3><span style=\"color: #008080;\">\u00bfPROTEGEN LOS IMPLANTES DE LAS ENFERMEDADES DE TRANSMISI\u00d3N SEXUAL?<\/span><\/h3>\n<p>No. Si deseas protegerte del contagio de enfermedades de transmisi\u00f3n sexual debes usar el preservativo y abstenerte de tener relaciones sexuales con hombres promiscuos. Visto que el preservativo es un <a href=\"https:\/\/www.doctoragibert.com\/es\/pacientes\/metodos-anticonceptivos\/efectividad-anticonceptivos\/\" target=\"_blank\" rel=\"noopener\">m\u00e9todo muy poco eficaz<\/a>\u00a0para prevenir el embarazo, si tu pareja no es estable, la mejor opci\u00f3n es usar el \u201cdoble m\u00e9todo\u201d, esto es, el preservativo y el implante.<\/p>\n<p>&nbsp;<\/p>\n<h3><span style=\"color: #008080;\">\u00bfVOY A TENER LA REGLA?<\/span><\/h3>\n<p>Dejar\u00e1s de tener tus reglas habituales y pasar\u00e1s a tener o bien un sangrado escaso, irregular e impredecible, o bien, dejar\u00e1s de tener la regla.<\/p>\n<p><strong>La ausencia de menstruaci\u00f3n debe ser considerada una ventaja<\/strong> pues, al no perder sangre, tendr\u00e1s menos predisposici\u00f3n a sufrir anemia y por tanto te sentir\u00e1s m\u00e1s fuerte. Adem\u00e1s, la sangre que no pierdas, no se acumular\u00e1. No tener la regla, si portas el implante, no equivale de ninguna manera a ser menop\u00e1usica, situaci\u00f3n en la que no hay menstruaci\u00f3n a causa de la ausencia de hormonas ov\u00e1ricas. Al contrario, en las portadoras del implante, su sangre contiene una mezcla de hormonas ov\u00e1ricas aportadas por sus ovarios y por el implante.<\/p>\n<p>El <strong>sangrado irregular<\/strong> es algo m\u00e1s frecuente que la ausencia de regla y, si bien, suele mejorar con los meses de uso, ello no ocurre siempre.<\/p>\n<p>Los episodios de sangrado inesperado son sobre todo un contratiempo higi\u00e9nico y su percepci\u00f3n var\u00eda seg\u00fan la mujer, por tanto, no necesitan tratamiento. En el caso de que te molestaran mucho, podemos intentar mejorarlos con algunos tratamientos sencillos que te explicar\u00e1 tu ginec\u00f3logo de referencia.<\/p>\n<p>&nbsp;<\/p>\n<h3><span style=\"color: #008080;\">BENEFICIOS DE LOS IMPLANTES<\/span><\/h3>\n<p>La prevenci\u00f3n de un embarazo no deseado siempre es bueno para las mujeres, pues nuestro riesgo de muerte o de enfermar es muy superior si estamos embarazadas, tambi\u00e9n nos protege contra la <strong>anemia<\/strong>, pues el sangrado vaginal con el implante es escaso o nulo, adem\u00e1s previene contra la <strong>infecci\u00f3n de las trompas<\/strong> (enfermedad inflamatoria p\u00e9lvica, frecuentemente vinculada a la esterilidad) y el <strong><a href=\"https:\/\/www.doctoragibert.com\/es\/pacientes\/embarazo-y-parto\/embaras-ectopic\/\" target=\"_blank\" rel=\"noopener\">embarazo ect\u00f3pico<\/a><\/strong>\u00a0(fuera del \u00fatero). En cuanto a la <strong>endometriosis<\/strong>, el implante reduce el dolor asociado a esta enfermedad.<\/p>\n<p>&nbsp;<\/p>\n<h3><span style=\"color: #008080;\">\u00bfQU\u00c9 CAMBIOS PUEDO NOTAR MIENTRAS LLEVO EL IMPLANTE?<\/span><\/h3>\n<p>Son muy similares a los descritos para el uso de la pastilla anticonceptiva.<\/p>\n<p>Los m\u00e1s frecuentes son: dolor de cabeza, molestias mamarias, variaci\u00f3n de peso, acn\u00e9.<\/p>\n<p>Otros efectos poco frecuentes pueden ser: \u00e1nimo deprimido, mareo y molestias abdominales.<\/p>\n<p>Sabemos que <strong>el aumento de peso os preocupa, <\/strong>por lo tanto, ten\u00e9is que conocer que, en una investigaci\u00f3n reciente, no se document\u00f3 diferencia de peso al a\u00f1o de la inserci\u00f3n entre las portadoras del implante y del DIU de cobre. Igualmente, en otro estudio sobre adolescentes cuyos pesos se registraron antes de la inserci\u00f3n del implante, en el momento de la misma y, despu\u00e9s, se objetiv\u00f3 una tendencia al aumento de peso con el tiempo y \u00e9sta era similar entre el per\u00edodo previo a la inserci\u00f3n del implante y el per\u00edodo con implante.<\/p>\n<p>Si quieres algo m\u00e1s de informaci\u00f3n sobre la respuesta de tu cuerpo al implante, te podemos recetar progesterona en forma de pastilla de uso diario o de inyectable trimestral. Si toleras bien uno de los dos preparados mencionados, es muy probable que lo mismo te ocurra con el implante.<\/p>\n<p>&nbsp;<\/p>\n<h3><span style=\"color: #008080;\">\u00bfC\u00d3MO ACT\u00daA?<\/span><\/h3>\n<p>De dos maneras. Una de ellas es impidiendo la liberaci\u00f3n mensual de los \u00f3vulos (ovulaci\u00f3n), entonces, al no haber \u00f3vulos disponibles para ser fecundados, no puede haber embarazo. La otra es el espesamiento del moco que hay en el cuello del \u00fatero, lo cual tapona la entrada de los espermatozoides, de forma que no pueden ir al encuentro del \u00f3vulo dentro de las trompas de Falopio.<\/p>\n<p>&nbsp;<\/p>\n<h3><span style=\"color: #008080;\">\u00bfSOY BUENA CANDIDATA AL IMPLANTE?<\/span><\/h3>\n<p>Casi todas las mujeres podemos usar el implante. Seg\u00fan la Organizaci\u00f3n Mundial de la Salud, s\u00f3lo est\u00e1 <strong>contraindicado<\/strong>\u00a0si hemos tenido una trombosis venosa o embolia pulmonar hace muy poco, si tenemos un tumor en el h\u00edgado (adenoma hep\u00e1tico y carcinoma) o una cirrosis grave, si sufrimos o hemos sufrido c\u00e1ncer de mama, si tenemos lupus y somos portadoras de anticuerpos antifosfol\u00edpido, o si, mientras lo usamos, tenemos migra\u00f1as con aura, un accidente cerebrovascular o una angina de pecho.<\/p>\n<p>&nbsp;<\/p>\n<h3><span style=\"color: #008080;\">LA INSERCI\u00d3N<\/span><\/h3>\n<p><strong>No hace falta prepararse<\/strong> mediante an\u00e1lisis de sangre ni citolog\u00edas. Por otra parte, <a href=\"https:\/\/www.doctoragibert.com\/es\/pacientes\/metodos-anticonceptivos\/requisitos-para-comenzar-un-nuevo-metodo-anticonceptivo\/\">hay que estar seguras de que no estamos embarazadas el d\u00eda de la inserci\u00f3n<\/a>, sin embargo, en los casos recogidos de mujeres a las que se les puso el implante sin ser conscientes de su embarazo, el implante no ha producido ni malformaciones ni otros efectos perjudiciales.<\/p>\n<p>La inserci\u00f3n del implante se realiza en la consulta en pocos minutos. Es un procedimiento sencillo e indoloro que realizamos los profesionales sanitarios una vez que hemos recibido una formaci\u00f3n reglada de 3 horas impartida por la casa fabricante. En mi caso, suelo invitar a los acompa\u00f1antes de la paciente a que presencien la inserci\u00f3n, lo cual tranquiliza a la mujer y ayuda a derribar prejuicios sobre este m\u00e9todo anticonceptivo.<\/p>\n<p>&nbsp;<\/p>\n<hr \/>\n<h1 style=\"text-align: center;\"><span style=\"color: #008080;\">La inserci\u00f3n del implante no necesita preparaci\u00f3n y es un procedimiento sin dolor<\/span><\/h1>\n<hr \/>\n<p>&nbsp;<\/p>\n<h3><span style=\"color: #008080;\">\u00bfCU\u00c1NDO EMPEZAR\u00c1 EL EFECTO ANTICONCEPTIVO DEL IMPLANTE?<\/span><\/h3>\n<p>Una vez insertado el implante, <strong>no hace falta usar otro m\u00e9todo<\/strong>\u00a0si entras en uno o m\u00e1s de los siguientes supuestos:<\/p>\n<ul>\n<li>Te lo pones dentro de los 5 primeros d\u00edas tras el inicio de su regla o tras un aborto de menos de 3 meses.<\/li>\n<li>Han pasado 21 d\u00edas o menos desde tu \u00faltimo parto, o aborto de m\u00e1s de 3 meses, o del inicio de la lactancia materna \u201cno protectora de una nueva gestaci\u00f3n\u201d (la lactancia materna \u201cno protectora\u201d implica que has tenido la regla dando pecho o que han pasado m\u00e1s de 6 meses desde tu parto o que das pecho a su hijo menos del 85% de las tomas).<\/li>\n<li>Has usado de forma correcta pastillas, parches o inyectables anticonceptivos.<\/li>\n<\/ul>\n<p>Debe usar\u00a0<strong>otro m\u00e9todo anticonceptivo durante los 7 primeros d\u00edas<\/strong> de la inserci\u00f3n si no se cumple alguno de los puntos anteriores.<\/p>\n<p>Si la mujer que desea insertarse el implante\u00a0<strong>ya es portadora de un dispositivo intrauterino (DIU)<\/strong>, es conveniente que:<\/p>\n<ul>\n<li>El implante se ponga dentro de los 5 primeros d\u00edas de la regla si el DIU se retira el mismo d\u00eda.<\/li>\n<li>El DIU se retire a los 7 d\u00edas despu\u00e9s de haber insertado el implante.<\/li>\n<li>Utilice preservativo durante los 7 d\u00edas previos a la inserci\u00f3n del implante y retirada del DIU.<\/li>\n<\/ul>\n<p>&nbsp;<\/p>\n<h3><span style=\"color: #008080;\">COMPLICACIONES DEL IMPLANTE<\/span><\/h3>\n<p>Son casi excepcionales (menos del 1% de los casos) si los inserta personal experimentado en un entorno adecuado. Pueden ser: infecci\u00f3n en el sitio de inserci\u00f3n, extracci\u00f3n dif\u00edcil, hematoma y expulsi\u00f3n del implante.<\/p>\n<p>&nbsp;<\/p>\n<h3><span style=\"color: #008080;\">MEDICAMENTOS QUE PUEDEN DISMINUIR LA EFICACIA DEL IMPLANTE<\/span><\/h3>\n<p>Son algunos <strong>antibi\u00f3ticos<\/strong> (rifampicina, rifabutina), <strong>tratamientos para la infecci\u00f3n del virus del SIDA<\/strong>, la <strong>griseofulvina<\/strong> (tratamiento de hongos de la piel), el <strong>modafinilo<\/strong> (usado para la somnolencia excesiva), los <strong>medicamentos para la epilepsia<\/strong> y tambi\u00e9n la <strong>Hierba de San Juan<\/strong> (Hypericum perforatum) que se vende en los herbolarios.<\/p>\n<p>&nbsp;<\/p>\n<h4><span style=\"color: #008080;\">FUENTES DE LA INFORMACI\u00d3N:<\/span><\/h4>\n<ul>\n<li>Agencia Espa\u00f1ola de Medicamentos y Productos Sanitarios (AEMPS). Implan\u00f3n\u00ae, ficha t\u00e9cnica. [acceso 18-7-23]. Disponible en: <a href=\"http:\/\/www.aemps.gob.es\/cima\/pdfs\/es\/ft\/62628\/FT_62628.pdf\" target=\"_blank\" rel=\"noopener\">http:\/\/www.aemps.gob.es\/cima\/pdfs\/es\/ft\/62628\/FT_62628.pdf<\/a><\/li>\n<li>Ali M, Bahamondes L, Bent Landoulsi S. Extended Effectiveness of the Etonogestrel-Releasing Contraceptive Implant and the 20 \u00b5g Levonorgestrel-Releasing Intrauterine System for 2 Years Beyond U.S. Food and Drug Administration Product Labeling. Glob Health Sci Pract. 2017 Dec 28;5(4):534-539.<\/li>\n<li>Batt CE, Sheeder J, Love-Osborne K. Weight Gain Patterns in Adolescent and Young Adult Women With the Etonogestrel Implant: Comparison by Weight Category. J Adolesc Health. 2021 Nov;69(5):815-823.<\/li>\n<li>Darney P, Patel A, Rosen K, Shapiro LS, Kaunitz AM. Safety and efficacy of a single-rod etonogestrel implant (Implanon): results from 11 international clinical trials. Fertil Steril. 2009;91:1646.<\/li>\n<li>McNicholas C, Swor E, Wan L, Peipert JF. Prolonged use of the etonogestrel implant and levonorgestrel intrauterine device: 2 years beyond Food and Drug Administration-approved duration. Am J Obstet Gynecol. 2017;216(6):586.e1-586.e6.<\/li>\n<li>Trussell J. Contraceptive failure in the United States. Contraception. 2011;83:397-404.<\/li>\n<li>Vickery Z, Madden T, Zhao Q, Secura GM, Allsworth JE, Peipert JF. Weight change at 12 months in users of three progestin-only contraceptive methods. Contraception. 2013 Oct;88(4):503-8.<\/li>\n<li>World Health Organization Department of Sexual and Reproductive Health and Research (WHO\/SRH) and Johns Hopkins Bloomberg School of Public Health\/Center for Communication Programs (CCP), Knowledge SUCCESS. Family Planning: A Global Handbook for Providers (2022 update). Baltimore and Geneva: CCP and WHO; 2022.. [acceso 7-7-23]. Disponible en: <a href=\"https:\/\/fphandbook.org\/sites\/default\/files\/WHO-JHU-FPHandbook-2022Ed-v221114b.pdf\" target=\"_blank\" rel=\"noopener\"><u>https:\/\/fphandbook.org\/sites\/default\/files\/WHO-JHU-FPHandbook-2022Ed-v221114b.pdf<\/u><\/a><\/li>\n<li>Xu H, Wade JA, Peipert JF, Zhao Q, Madden T, Secura GM. Contraceptive failure rates of etonogestrel subdermal implants in overweight and obese women. Obstet Gynecol. 2012 Jul;120(1):21-6.<\/li>\n<\/ul>\n<p>&nbsp;<\/p>\n","protected":false},"excerpt":{"rendered":"<p>Autora: Dra. MJ Gibert. Fecha de actualizaci\u00f3n: 18\/7\/23. Fechas de versiones previas:\u00a015\/9\/13, 29\/3\/15. &nbsp; Los implantes son el m\u00e9todo anticonceptivo m\u00e1s efectivo que existe y son\u00a0muy seguros (los pueden usar la gran mayor\u00eda de mujeres sean fumadoras o no, j\u00f3venes o mayores, sanas o enfermas). Son cilindros peque\u00f1os y flexibles, del tama\u00f1o de una cerilla, [&hellip;]<\/p>\n","protected":false},"author":12,"featured_media":0,"parent":15289,"menu_order":0,"comment_status":"closed","ping_status":"closed","template":"page-limpia.php","meta":{"footnotes":""},"class_list":["post-21866","page","type-page","status-publish","hentry"],"yoast_head":"<!-- This site is optimized with the Yoast SEO plugin v25.0 - https:\/\/yoast.com\/wordpress\/plugins\/seo\/ -->\n<title>IMPLANTE ANTICONCEPTIVO: el m\u00e9todo m\u00e1s efectivo - DRA. GIBERT<\/title>\n<meta name=\"robots\" content=\"index, follow, max-snippet:-1, max-image-preview:large, max-video-preview:-1\" \/>\n<link rel=\"canonical\" href=\"https:\/\/www.doctoragibert.com\/es\/pacientes\/metodos-anticonceptivos\/implant\/\" \/>\n<meta property=\"og:locale\" content=\"es_ES\" \/>\n<meta property=\"og:type\" content=\"article\" \/>\n<meta property=\"og:title\" content=\"IMPLANTE ANTICONCEPTIVO: el m\u00e9todo m\u00e1s efectivo - DRA. GIBERT\" \/>\n<meta property=\"og:description\" content=\"Autora: Dra. MJ Gibert. Fecha de actualizaci\u00f3n: 18\/7\/23. Fechas de versiones previas:\u00a015\/9\/13, 29\/3\/15. &nbsp; Los implantes son el m\u00e9todo anticonceptivo m\u00e1s efectivo que existe y son\u00a0muy seguros (los pueden usar la gran mayor\u00eda de mujeres sean fumadoras o no, j\u00f3venes o mayores, sanas o enfermas). Son cilindros peque\u00f1os y flexibles, del tama\u00f1o de una cerilla, [&hellip;]\" \/>\n<meta property=\"og:url\" content=\"https:\/\/www.doctoragibert.com\/es\/pacientes\/metodos-anticonceptivos\/implant\/\" \/>\n<meta property=\"og:site_name\" content=\"DRA. GIBERT\" \/>\n<meta property=\"article:publisher\" content=\"https:\/\/www.facebook.com\/doctoragibert\" \/>\n<meta property=\"article:modified_time\" content=\"2023-07-17T20:38:07+00:00\" \/>\n<meta property=\"og:image\" content=\"https:\/\/www.doctoragibert.com\/wp-content\/uploads\/2023\/07\/Implanon.jpg\" \/>\n<meta name=\"twitter:label1\" content=\"Tiempo de lectura\" \/>\n\t<meta name=\"twitter:data1\" content=\"10 minutos\" \/>\n<script type=\"application\/ld+json\" class=\"yoast-schema-graph\">{\"@context\":\"https:\/\/schema.org\",\"@graph\":[{\"@type\":\"WebPage\",\"@id\":\"https:\/\/www.doctoragibert.com\/es\/pacientes\/metodos-anticonceptivos\/implant\/\",\"url\":\"https:\/\/www.doctoragibert.com\/es\/pacientes\/metodos-anticonceptivos\/implant\/\",\"name\":\"IMPLANTE ANTICONCEPTIVO: el m\u00e9todo m\u00e1s efectivo - DRA. GIBERT\",\"isPartOf\":{\"@id\":\"https:\/\/www.doctoragibert.com\/es\/#website\"},\"primaryImageOfPage\":{\"@id\":\"https:\/\/www.doctoragibert.com\/es\/pacientes\/metodos-anticonceptivos\/implant\/#primaryimage\"},\"image\":{\"@id\":\"https:\/\/www.doctoragibert.com\/es\/pacientes\/metodos-anticonceptivos\/implant\/#primaryimage\"},\"thumbnailUrl\":\"https:\/\/www.doctoragibert.com\/wp-content\/uploads\/2023\/07\/Implanon.jpg\",\"datePublished\":\"2023-07-16T17:37:19+00:00\",\"dateModified\":\"2023-07-17T20:38:07+00:00\",\"breadcrumb\":{\"@id\":\"https:\/\/www.doctoragibert.com\/es\/pacientes\/metodos-anticonceptivos\/implant\/#breadcrumb\"},\"inLanguage\":\"es\",\"potentialAction\":[{\"@type\":\"ReadAction\",\"target\":[\"https:\/\/www.doctoragibert.com\/es\/pacientes\/metodos-anticonceptivos\/implant\/\"]}]},{\"@type\":\"ImageObject\",\"inLanguage\":\"es\",\"@id\":\"https:\/\/www.doctoragibert.com\/es\/pacientes\/metodos-anticonceptivos\/implant\/#primaryimage\",\"url\":\"https:\/\/www.doctoragibert.com\/wp-content\/uploads\/2023\/07\/Implanon.jpg\",\"contentUrl\":\"https:\/\/www.doctoragibert.com\/wp-content\/uploads\/2023\/07\/Implanon.jpg\"},{\"@type\":\"BreadcrumbList\",\"@id\":\"https:\/\/www.doctoragibert.com\/es\/pacientes\/metodos-anticonceptivos\/implant\/#breadcrumb\",\"itemListElement\":[{\"@type\":\"ListItem\",\"position\":1,\"name\":\"PACIENTES\",\"item\":\"https:\/\/www.doctoragibert.com\/es\/pacientes\/\"},{\"@type\":\"ListItem\",\"position\":2,\"name\":\"M\u00c9TODOS ANTICONCEPTIVOS\",\"item\":\"https:\/\/www.doctoragibert.com\/es\/pacientes\/metodos-anticonceptivos\/\"},{\"@type\":\"ListItem\",\"position\":3,\"name\":\"IMPLANTE ANTICONCEPTIVO: el m\u00e9todo m\u00e1s efectivo\"}]},{\"@type\":\"WebSite\",\"@id\":\"https:\/\/www.doctoragibert.com\/es\/#website\",\"url\":\"https:\/\/www.doctoragibert.com\/es\/\",\"name\":\"DRA. GIBERT\",\"description\":\"Ginecologia i obstetricia\",\"potentialAction\":[{\"@type\":\"SearchAction\",\"target\":{\"@type\":\"EntryPoint\",\"urlTemplate\":\"https:\/\/www.doctoragibert.com\/es\/?s={search_term_string}\"},\"query-input\":{\"@type\":\"PropertyValueSpecification\",\"valueRequired\":true,\"valueName\":\"search_term_string\"}}],\"inLanguage\":\"es\"}]}<\/script>\n<!-- \/ Yoast SEO plugin. -->","yoast_head_json":{"title":"IMPLANTE ANTICONCEPTIVO: el m\u00e9todo m\u00e1s efectivo - DRA. GIBERT","robots":{"index":"index","follow":"follow","max-snippet":"max-snippet:-1","max-image-preview":"max-image-preview:large","max-video-preview":"max-video-preview:-1"},"canonical":"https:\/\/www.doctoragibert.com\/es\/pacientes\/metodos-anticonceptivos\/implant\/","og_locale":"es_ES","og_type":"article","og_title":"IMPLANTE ANTICONCEPTIVO: el m\u00e9todo m\u00e1s efectivo - DRA. GIBERT","og_description":"Autora: Dra. MJ Gibert. Fecha de actualizaci\u00f3n: 18\/7\/23. Fechas de versiones previas:\u00a015\/9\/13, 29\/3\/15. &nbsp; Los implantes son el m\u00e9todo anticonceptivo m\u00e1s efectivo que existe y son\u00a0muy seguros (los pueden usar la gran mayor\u00eda de mujeres sean fumadoras o no, j\u00f3venes o mayores, sanas o enfermas). Son cilindros peque\u00f1os y flexibles, del tama\u00f1o de una cerilla, [&hellip;]","og_url":"https:\/\/www.doctoragibert.com\/es\/pacientes\/metodos-anticonceptivos\/implant\/","og_site_name":"DRA. GIBERT","article_publisher":"https:\/\/www.facebook.com\/doctoragibert","article_modified_time":"2023-07-17T20:38:07+00:00","og_image":[{"url":"https:\/\/www.doctoragibert.com\/wp-content\/uploads\/2023\/07\/Implanon.jpg","type":"","width":"","height":""}],"twitter_misc":{"Tiempo de lectura":"10 minutos"},"schema":{"@context":"https:\/\/schema.org","@graph":[{"@type":"WebPage","@id":"https:\/\/www.doctoragibert.com\/es\/pacientes\/metodos-anticonceptivos\/implant\/","url":"https:\/\/www.doctoragibert.com\/es\/pacientes\/metodos-anticonceptivos\/implant\/","name":"IMPLANTE ANTICONCEPTIVO: el m\u00e9todo m\u00e1s efectivo - DRA. GIBERT","isPartOf":{"@id":"https:\/\/www.doctoragibert.com\/es\/#website"},"primaryImageOfPage":{"@id":"https:\/\/www.doctoragibert.com\/es\/pacientes\/metodos-anticonceptivos\/implant\/#primaryimage"},"image":{"@id":"https:\/\/www.doctoragibert.com\/es\/pacientes\/metodos-anticonceptivos\/implant\/#primaryimage"},"thumbnailUrl":"https:\/\/www.doctoragibert.com\/wp-content\/uploads\/2023\/07\/Implanon.jpg","datePublished":"2023-07-16T17:37:19+00:00","dateModified":"2023-07-17T20:38:07+00:00","breadcrumb":{"@id":"https:\/\/www.doctoragibert.com\/es\/pacientes\/metodos-anticonceptivos\/implant\/#breadcrumb"},"inLanguage":"es","potentialAction":[{"@type":"ReadAction","target":["https:\/\/www.doctoragibert.com\/es\/pacientes\/metodos-anticonceptivos\/implant\/"]}]},{"@type":"ImageObject","inLanguage":"es","@id":"https:\/\/www.doctoragibert.com\/es\/pacientes\/metodos-anticonceptivos\/implant\/#primaryimage","url":"https:\/\/www.doctoragibert.com\/wp-content\/uploads\/2023\/07\/Implanon.jpg","contentUrl":"https:\/\/www.doctoragibert.com\/wp-content\/uploads\/2023\/07\/Implanon.jpg"},{"@type":"BreadcrumbList","@id":"https:\/\/www.doctoragibert.com\/es\/pacientes\/metodos-anticonceptivos\/implant\/#breadcrumb","itemListElement":[{"@type":"ListItem","position":1,"name":"PACIENTES","item":"https:\/\/www.doctoragibert.com\/es\/pacientes\/"},{"@type":"ListItem","position":2,"name":"M\u00c9TODOS ANTICONCEPTIVOS","item":"https:\/\/www.doctoragibert.com\/es\/pacientes\/metodos-anticonceptivos\/"},{"@type":"ListItem","position":3,"name":"IMPLANTE ANTICONCEPTIVO: el m\u00e9todo m\u00e1s efectivo"}]},{"@type":"WebSite","@id":"https:\/\/www.doctoragibert.com\/es\/#website","url":"https:\/\/www.doctoragibert.com\/es\/","name":"DRA. GIBERT","description":"Ginecologia i obstetricia","potentialAction":[{"@type":"SearchAction","target":{"@type":"EntryPoint","urlTemplate":"https:\/\/www.doctoragibert.com\/es\/?s={search_term_string}"},"query-input":{"@type":"PropertyValueSpecification","valueRequired":true,"valueName":"search_term_string"}}],"inLanguage":"es"}]}},"_links":{"self":[{"href":"https:\/\/www.doctoragibert.com\/es\/wp-json\/wp\/v2\/pages\/21866","targetHints":{"allow":["GET"]}}],"collection":[{"href":"https:\/\/www.doctoragibert.com\/es\/wp-json\/wp\/v2\/pages"}],"about":[{"href":"https:\/\/www.doctoragibert.com\/es\/wp-json\/wp\/v2\/types\/page"}],"author":[{"embeddable":true,"href":"https:\/\/www.doctoragibert.com\/es\/wp-json\/wp\/v2\/users\/12"}],"replies":[{"embeddable":true,"href":"https:\/\/www.doctoragibert.com\/es\/wp-json\/wp\/v2\/comments?post=21866"}],"version-history":[{"count":5,"href":"https:\/\/www.doctoragibert.com\/es\/wp-json\/wp\/v2\/pages\/21866\/revisions"}],"predecessor-version":[{"id":21894,"href":"https:\/\/www.doctoragibert.com\/es\/wp-json\/wp\/v2\/pages\/21866\/revisions\/21894"}],"up":[{"embeddable":true,"href":"https:\/\/www.doctoragibert.com\/es\/wp-json\/wp\/v2\/pages\/15289"}],"wp:attachment":[{"href":"https:\/\/www.doctoragibert.com\/es\/wp-json\/wp\/v2\/media?parent=21866"}],"curies":[{"name":"wp","href":"https:\/\/api.w.org\/{rel}","templated":true}]}}