{"id":22066,"date":"2023-08-16T21:42:10","date_gmt":"2023-08-16T21:42:10","guid":{"rendered":"https:\/\/www.doctoragibert.com\/pacientes\/embarazo-y-parto\/urgencies-embaras\/"},"modified":"2023-08-22T15:56:44","modified_gmt":"2023-08-22T15:56:44","slug":"urgencies-embaras","status":"publish","type":"page","link":"https:\/\/www.doctoragibert.com\/es\/pacientes\/embarazo-y-parto\/urgencies-embaras\/","title":{"rendered":"URGENCIAS Y EMBARAZO: \u00bfcu\u00e1ndo hay que acudir a la Cl\u00ednica o al Hospital?"},"content":{"rendered":"<p><em>Autora:<\/em> Dra. MJ Gibert.<br \/>\n<em>Fecha de actualizaci\u00f3n:<\/em> 16\/8\/22.<br \/>\n<em>Fechas de versiones previas:<\/em> 28\/9\/15.<\/p>\n<p>&nbsp;<\/p>\n<p><img fetchpriority=\"high\" decoding=\"async\" class=\"alignright\" src=\"https:\/\/images.pexels.com\/photos\/4108480\/pexels-photo-4108480.jpeg?auto=compress&amp;cs=tinysrgb&amp;w=1260&amp;h=750&amp;dpr=1\" alt=\"Free Building With the Word Hope Stock Photo\" width=\"218\" height=\"327\" \/>Nuestra recomendaci\u00f3n es que acudas <strong>al centro donde tienes pensado parir<\/strong> si:<\/p>\n<ul>\n<li><i>Tienes contracciones regulares:<\/i>\u00a0para estar segura, conviene utilizar el reloj y cerciorarnos de que hay al menos una contracci\u00f3n cada cinco minutos durante\u00a0<b>dos horas<\/b>, pero si has parido alguna vez por v\u00eda vaginal, basta con que las contracciones se mantengan cada cinco o menos minutos durante <b>una hora<\/b>, pues la evoluci\u00f3n del parto es m\u00e1s r\u00e1pida.<\/li>\n<li><i>Rompes la bolsa de las aguas:<\/i>\u00a0si las aguas son\u00a0<b>claras<\/b> y notas que el beb\u00e9 se mueve, prepara todo con calma e incluso puedes demorar unas pocas horas tu partida hacia la Cl\u00ednica, siempre que las contracciones sean soportables. Si el color del l\u00edquido es <b>amarillo y\/o verdoso<\/b>, conviene que llegues a la mayor brevedad, pero sin agobiarte.<\/li>\n<\/ul>\n<ul>\n<li><i>Sangras:<\/i> al tener contracciones que son preliminares al trabajo de parto, se pierde el tap\u00f3n mucoso, aunque no todas lo perciben. Este tap\u00f3n es un flujo blancoamarillento que suele ir te\u00f1ido de sangre, y no es motivo, por s\u00ed solo, para acudir a Urgencias. Si el sangrado es rojo y de cuant\u00eda similar a una regla, hay que consultar.<\/li>\n<\/ul>\n<p>&nbsp;<\/p>\n<blockquote>\n<hr \/>\n<h1 style=\"text-align: center;\"><span style=\"color: #008080;\">Los Servicios de Urgencias son para motivos justificados como los que explicamos aqu\u00ed<\/span><\/h1>\n<hr \/>\n<\/blockquote>\n<p>&nbsp;<\/p>\n<p>Aunque <strong>no est\u00e9s de parto<\/strong>, debes acudir al centro sanitario de urgencia si:<img decoding=\"async\" class=\"alignleft\" src=\"https:\/\/images.pexels.com\/photos\/6129685\/pexels-photo-6129685.jpeg?auto=compress&amp;cs=tinysrgb&amp;w=1260&amp;h=750&amp;dpr=1\" alt=\"Free Person in Blue Scrub Suit Holding the Hand of a Patient Stock Photo\" width=\"413\" height=\"275\" \/><\/p>\n<ul>\n<li><i>No te notas el beb\u00e9:<\/i>\u00a0aunque al final del embarazo sus movimientos disminuyen (cada vez tiene menos espacio), hay que notar a nuestro hijo todos los d\u00edas. Es m\u00e1s frecuente que lo notemos por la noche, pues por la ma\u00f1ana, entre que solemos estar pendientes de otras actividades y que nuestro hijo duerme, sus movimientos se perciben peor.<\/li>\n<li><i>Tienes fiebre acompa\u00f1ada o no de otros s\u00edntomas<\/i> (dolor de ri\u00f1ones, molestias urinarias, diarreas y v\u00f3mitos que impiden una hidrataci\u00f3n correcta\u2026), sobre todo si no cede con la administraci\u00f3n de paracetamol, 1 gramo cada 6 horas.<\/li>\n<li><i>Sufres de dolor abdominal intenso<\/i> que no mejora con paracetamol, 1 gramo cada 6 horas.<\/li>\n<\/ul>\n<p>&nbsp;<\/p>\n<hr \/>\n<h1 style=\"text-align: center;\"><span style=\"color: #008080;\">Si tu problema de salud puede esperar, es mejor que se lo comuniques al ginec\u00f3logo o a la matrona de tu confianza<\/span><\/h1>\n<hr \/>\n<h4><\/h4>\n<h4><span style=\"color: #008080;\">FUENTES DE LA INFORMACI\u00d3N: <\/span><\/h4>\n<p>Elaboraci\u00f3n propia.<\/p>\n","protected":false},"excerpt":{"rendered":"<p>Autora: Dra. MJ Gibert. Fecha de actualizaci\u00f3n: 16\/8\/22. Fechas de versiones previas: 28\/9\/15. &nbsp; Nuestra recomendaci\u00f3n es que acudas al centro donde tienes pensado parir si: Tienes contracciones regulares:\u00a0para estar segura, conviene utilizar el reloj y cerciorarnos de que hay al menos una contracci\u00f3n cada cinco minutos durante\u00a0dos horas, pero si has parido alguna vez [&hellip;]<\/p>\n","protected":false},"author":12,"featured_media":0,"parent":15253,"menu_order":0,"comment_status":"closed","ping_status":"closed","template":"page-limpia.php","meta":{"footnotes":""},"class_list":["post-22066","page","type-page","status-publish","hentry"],"yoast_head":"<!-- This site is optimized with the Yoast SEO plugin v25.0 - https:\/\/yoast.com\/wordpress\/plugins\/seo\/ -->\n<title>URGENCIAS Y EMBARAZO: \u00bfcu\u00e1ndo hay que acudir a la Cl\u00ednica o al Hospital? - DRA. GIBERT<\/title>\n<meta name=\"description\" content=\"Motivos de consulta a los Servicios de Urgencias para las gestantes\" \/>\n<meta name=\"robots\" content=\"index, follow, max-snippet:-1, max-image-preview:large, max-video-preview:-1\" \/>\n<link rel=\"canonical\" href=\"https:\/\/www.doctoragibert.com\/es\/pacientes\/embarazo-y-parto\/urgencies-embaras\/\" \/>\n<meta property=\"og:locale\" content=\"es_ES\" \/>\n<meta property=\"og:type\" content=\"article\" \/>\n<meta property=\"og:title\" content=\"URGENCIAS Y EMBARAZO: \u00bfcu\u00e1ndo hay que acudir a la Cl\u00ednica o al Hospital? - DRA. GIBERT\" \/>\n<meta property=\"og:description\" content=\"Motivos de consulta a los Servicios de Urgencias para las gestantes\" \/>\n<meta property=\"og:url\" content=\"https:\/\/www.doctoragibert.com\/es\/pacientes\/embarazo-y-parto\/urgencies-embaras\/\" \/>\n<meta property=\"og:site_name\" content=\"DRA. GIBERT\" \/>\n<meta property=\"article:publisher\" content=\"https:\/\/www.facebook.com\/doctoragibert\" \/>\n<meta property=\"article:modified_time\" content=\"2023-08-22T15:56:44+00:00\" \/>\n<meta property=\"og:image\" content=\"https:\/\/images.pexels.com\/photos\/4108480\/pexels-photo-4108480.jpeg?auto=compress&amp;cs=tinysrgb&amp;w=1260&amp;h=750&amp;dpr=1\" \/>\n<meta name=\"twitter:label1\" content=\"Tiempo de lectura\" \/>\n\t<meta name=\"twitter:data1\" content=\"2 minutos\" \/>\n<script type=\"application\/ld+json\" class=\"yoast-schema-graph\">{\"@context\":\"https:\/\/schema.org\",\"@graph\":[{\"@type\":\"WebPage\",\"@id\":\"https:\/\/www.doctoragibert.com\/es\/pacientes\/embarazo-y-parto\/urgencies-embaras\/\",\"url\":\"https:\/\/www.doctoragibert.com\/es\/pacientes\/embarazo-y-parto\/urgencies-embaras\/\",\"name\":\"URGENCIAS Y EMBARAZO: \u00bfcu\u00e1ndo hay que acudir a la Cl\u00ednica o al Hospital? - DRA. GIBERT\",\"isPartOf\":{\"@id\":\"https:\/\/www.doctoragibert.com\/es\/#website\"},\"primaryImageOfPage\":{\"@id\":\"https:\/\/www.doctoragibert.com\/es\/pacientes\/embarazo-y-parto\/urgencies-embaras\/#primaryimage\"},\"image\":{\"@id\":\"https:\/\/www.doctoragibert.com\/es\/pacientes\/embarazo-y-parto\/urgencies-embaras\/#primaryimage\"},\"thumbnailUrl\":\"https:\/\/images.pexels.com\/photos\/4108480\/pexels-photo-4108480.jpeg?auto=compress&amp;cs=tinysrgb&amp;w=1260&amp;h=750&amp;dpr=1\",\"datePublished\":\"2023-08-16T21:42:10+00:00\",\"dateModified\":\"2023-08-22T15:56:44+00:00\",\"description\":\"Motivos de consulta a los Servicios de Urgencias para las gestantes\",\"breadcrumb\":{\"@id\":\"https:\/\/www.doctoragibert.com\/es\/pacientes\/embarazo-y-parto\/urgencies-embaras\/#breadcrumb\"},\"inLanguage\":\"es\",\"potentialAction\":[{\"@type\":\"ReadAction\",\"target\":[\"https:\/\/www.doctoragibert.com\/es\/pacientes\/embarazo-y-parto\/urgencies-embaras\/\"]}]},{\"@type\":\"ImageObject\",\"inLanguage\":\"es\",\"@id\":\"https:\/\/www.doctoragibert.com\/es\/pacientes\/embarazo-y-parto\/urgencies-embaras\/#primaryimage\",\"url\":\"https:\/\/images.pexels.com\/photos\/4108480\/pexels-photo-4108480.jpeg?auto=compress&amp;cs=tinysrgb&amp;w=1260&amp;h=750&amp;dpr=1\",\"contentUrl\":\"https:\/\/images.pexels.com\/photos\/4108480\/pexels-photo-4108480.jpeg?auto=compress&amp;cs=tinysrgb&amp;w=1260&amp;h=750&amp;dpr=1\"},{\"@type\":\"BreadcrumbList\",\"@id\":\"https:\/\/www.doctoragibert.com\/es\/pacientes\/embarazo-y-parto\/urgencies-embaras\/#breadcrumb\",\"itemListElement\":[{\"@type\":\"ListItem\",\"position\":1,\"name\":\"PACIENTES\",\"item\":\"https:\/\/www.doctoragibert.com\/es\/pacientes\/\"},{\"@type\":\"ListItem\",\"position\":2,\"name\":\"EMBARAZO Y PARTO\",\"item\":\"https:\/\/www.doctoragibert.com\/es\/pacientes\/embarazo-y-parto\/\"},{\"@type\":\"ListItem\",\"position\":3,\"name\":\"URGENCIAS Y EMBARAZO: \u00bfcu\u00e1ndo hay que acudir a la Cl\u00ednica o al Hospital?\"}]},{\"@type\":\"WebSite\",\"@id\":\"https:\/\/www.doctoragibert.com\/es\/#website\",\"url\":\"https:\/\/www.doctoragibert.com\/es\/\",\"name\":\"DRA. GIBERT\",\"description\":\"Ginecologia i obstetricia\",\"potentialAction\":[{\"@type\":\"SearchAction\",\"target\":{\"@type\":\"EntryPoint\",\"urlTemplate\":\"https:\/\/www.doctoragibert.com\/es\/?s={search_term_string}\"},\"query-input\":{\"@type\":\"PropertyValueSpecification\",\"valueRequired\":true,\"valueName\":\"search_term_string\"}}],\"inLanguage\":\"es\"}]}<\/script>\n<!-- \/ Yoast SEO plugin. -->","yoast_head_json":{"title":"URGENCIAS Y EMBARAZO: \u00bfcu\u00e1ndo hay que acudir a la Cl\u00ednica o al Hospital? - DRA. GIBERT","description":"Motivos de consulta a los Servicios de Urgencias para las gestantes","robots":{"index":"index","follow":"follow","max-snippet":"max-snippet:-1","max-image-preview":"max-image-preview:large","max-video-preview":"max-video-preview:-1"},"canonical":"https:\/\/www.doctoragibert.com\/es\/pacientes\/embarazo-y-parto\/urgencies-embaras\/","og_locale":"es_ES","og_type":"article","og_title":"URGENCIAS Y EMBARAZO: \u00bfcu\u00e1ndo hay que acudir a la Cl\u00ednica o al Hospital? - DRA. GIBERT","og_description":"Motivos de consulta a los Servicios de Urgencias para las gestantes","og_url":"https:\/\/www.doctoragibert.com\/es\/pacientes\/embarazo-y-parto\/urgencies-embaras\/","og_site_name":"DRA. GIBERT","article_publisher":"https:\/\/www.facebook.com\/doctoragibert","article_modified_time":"2023-08-22T15:56:44+00:00","og_image":[{"url":"https:\/\/images.pexels.com\/photos\/4108480\/pexels-photo-4108480.jpeg?auto=compress&amp;cs=tinysrgb&amp;w=1260&amp;h=750&amp;dpr=1","type":"","width":"","height":""}],"twitter_misc":{"Tiempo de lectura":"2 minutos"},"schema":{"@context":"https:\/\/schema.org","@graph":[{"@type":"WebPage","@id":"https:\/\/www.doctoragibert.com\/es\/pacientes\/embarazo-y-parto\/urgencies-embaras\/","url":"https:\/\/www.doctoragibert.com\/es\/pacientes\/embarazo-y-parto\/urgencies-embaras\/","name":"URGENCIAS Y EMBARAZO: \u00bfcu\u00e1ndo hay que acudir a la Cl\u00ednica o al Hospital? - DRA. GIBERT","isPartOf":{"@id":"https:\/\/www.doctoragibert.com\/es\/#website"},"primaryImageOfPage":{"@id":"https:\/\/www.doctoragibert.com\/es\/pacientes\/embarazo-y-parto\/urgencies-embaras\/#primaryimage"},"image":{"@id":"https:\/\/www.doctoragibert.com\/es\/pacientes\/embarazo-y-parto\/urgencies-embaras\/#primaryimage"},"thumbnailUrl":"https:\/\/images.pexels.com\/photos\/4108480\/pexels-photo-4108480.jpeg?auto=compress&amp;cs=tinysrgb&amp;w=1260&amp;h=750&amp;dpr=1","datePublished":"2023-08-16T21:42:10+00:00","dateModified":"2023-08-22T15:56:44+00:00","description":"Motivos de consulta a los Servicios de Urgencias para las gestantes","breadcrumb":{"@id":"https:\/\/www.doctoragibert.com\/es\/pacientes\/embarazo-y-parto\/urgencies-embaras\/#breadcrumb"},"inLanguage":"es","potentialAction":[{"@type":"ReadAction","target":["https:\/\/www.doctoragibert.com\/es\/pacientes\/embarazo-y-parto\/urgencies-embaras\/"]}]},{"@type":"ImageObject","inLanguage":"es","@id":"https:\/\/www.doctoragibert.com\/es\/pacientes\/embarazo-y-parto\/urgencies-embaras\/#primaryimage","url":"https:\/\/images.pexels.com\/photos\/4108480\/pexels-photo-4108480.jpeg?auto=compress&amp;cs=tinysrgb&amp;w=1260&amp;h=750&amp;dpr=1","contentUrl":"https:\/\/images.pexels.com\/photos\/4108480\/pexels-photo-4108480.jpeg?auto=compress&amp;cs=tinysrgb&amp;w=1260&amp;h=750&amp;dpr=1"},{"@type":"BreadcrumbList","@id":"https:\/\/www.doctoragibert.com\/es\/pacientes\/embarazo-y-parto\/urgencies-embaras\/#breadcrumb","itemListElement":[{"@type":"ListItem","position":1,"name":"PACIENTES","item":"https:\/\/www.doctoragibert.com\/es\/pacientes\/"},{"@type":"ListItem","position":2,"name":"EMBARAZO Y PARTO","item":"https:\/\/www.doctoragibert.com\/es\/pacientes\/embarazo-y-parto\/"},{"@type":"ListItem","position":3,"name":"URGENCIAS Y EMBARAZO: \u00bfcu\u00e1ndo hay que acudir a la Cl\u00ednica o al Hospital?"}]},{"@type":"WebSite","@id":"https:\/\/www.doctoragibert.com\/es\/#website","url":"https:\/\/www.doctoragibert.com\/es\/","name":"DRA. GIBERT","description":"Ginecologia i obstetricia","potentialAction":[{"@type":"SearchAction","target":{"@type":"EntryPoint","urlTemplate":"https:\/\/www.doctoragibert.com\/es\/?s={search_term_string}"},"query-input":{"@type":"PropertyValueSpecification","valueRequired":true,"valueName":"search_term_string"}}],"inLanguage":"es"}]}},"_links":{"self":[{"href":"https:\/\/www.doctoragibert.com\/es\/wp-json\/wp\/v2\/pages\/22066","targetHints":{"allow":["GET"]}}],"collection":[{"href":"https:\/\/www.doctoragibert.com\/es\/wp-json\/wp\/v2\/pages"}],"about":[{"href":"https:\/\/www.doctoragibert.com\/es\/wp-json\/wp\/v2\/types\/page"}],"author":[{"embeddable":true,"href":"https:\/\/www.doctoragibert.com\/es\/wp-json\/wp\/v2\/users\/12"}],"replies":[{"embeddable":true,"href":"https:\/\/www.doctoragibert.com\/es\/wp-json\/wp\/v2\/comments?post=22066"}],"version-history":[{"count":4,"href":"https:\/\/www.doctoragibert.com\/es\/wp-json\/wp\/v2\/pages\/22066\/revisions"}],"predecessor-version":[{"id":22245,"href":"https:\/\/www.doctoragibert.com\/es\/wp-json\/wp\/v2\/pages\/22066\/revisions\/22245"}],"up":[{"embeddable":true,"href":"https:\/\/www.doctoragibert.com\/es\/wp-json\/wp\/v2\/pages\/15253"}],"wp:attachment":[{"href":"https:\/\/www.doctoragibert.com\/es\/wp-json\/wp\/v2\/media?parent=22066"}],"curies":[{"name":"wp","href":"https:\/\/api.w.org\/{rel}","templated":true}]}}