{"id":22150,"date":"2023-08-20T13:10:44","date_gmt":"2023-08-20T13:10:44","guid":{"rendered":"https:\/\/www.doctoragibert.com\/?page_id=22150"},"modified":"2024-11-08T16:14:20","modified_gmt":"2024-11-08T16:14:20","slug":"ecografies-embaras","status":"publish","type":"page","link":"https:\/\/www.doctoragibert.com\/es\/pacientes\/embarazo-y-parto\/ecografies-embaras\/","title":{"rendered":"ECOGRAF\u00cdAS: \u00bfcu\u00e1ntas hacen falta?, \u00bfpara qu\u00e9 sirven?"},"content":{"rendered":"<p><em>Autora:<\/em>\u00a0Dra. MJ Gibert.<br \/>\n<em>Fecha de actualizaci\u00f3n:<\/em>\u00a019\/8\/23.<br \/>\n<em>Fechas de versiones previas:<\/em>\u00a028\/9\/15.<\/p>\n<p>&nbsp;<\/p>\n<h3><span style=\"color: #008080;\">\u00bfCU\u00c1NTAS ECOGRAF\u00cdA SON NECESARIAS PARA UN EMBARAZO DE FETO \u00daNICO Y SIN FACTORES DE RIESGO?<\/span><\/h3>\n<p>Si esperamos un solo hijo, estamos sanas y nuestro embarazo evoluciona normalmente, las sociedades cient\u00edficas recomiendan tres ecograf\u00edas, una por trimestre.<\/p>\n<p>&nbsp;<\/p>\n<h3><span style=\"color: #008080;\">\u00bfPARA QU\u00c9 SIRVEN LAS ECOGRAF\u00cdAS?<\/span><\/h3>\n<p><img fetchpriority=\"high\" decoding=\"async\" class=\"alignright wp-image-22159\" src=\"https:\/\/www.doctoragibert.com\/wp-content\/uploads\/2023\/08\/ECO_fetal.jpg\" alt=\"\" width=\"342\" height=\"426\" \/>Aunque sabemos que todos los padres inician el v\u00ednculo con su feto mediante las ecograf\u00edas, estas pruebas <strong>tienen una finalidad sobre todo m\u00e9dica.<\/strong><\/p>\n<p>Gracias a las pruebas de imagen podremos saber:<\/p>\n<ul>\n<li>El n\u00famero de concebidos (uno, dos o m\u00e1s fetos).<\/li>\n<li>Si el embarazo crece dentro o <a href=\"https:\/\/www.doctoragibert.com\/es\/pacientes\/embarazo-y-parto\/embarazo-ectopico\/\" target=\"_blank\" rel=\"noopener\">fuera del \u00fatero<\/a>.<\/li>\n<li>Si el feto tiene latido y se mueve bien.<\/li>\n<li>Si crece como se espera.<\/li>\n<li>Si su anatom\u00eda es normal o no.<\/li>\n<\/ul>\n<p>La mejora de los aparatos ecogr\u00e1ficos ha conseguido que dispongamos de mucha informaci\u00f3n sobre nuestro hijo antes de su nacimiento. Aun as\u00ed, aunque os atendemos profesionales muy formados y experimentados, <strong>la detecci\u00f3n de las anomal\u00edas cong\u00e9nitas no ser\u00e1 nunca del 100%<\/strong>, puesto que no hay nada como ver el feto \u00aben directo\u00bb.<\/p>\n<p>Igualmente, <strong>la estimaci\u00f3n del peso fetal tiene un error del 10-15%<\/strong>. La inexactitud aumenta cuando los pesos son muy altos o muy bajos.<\/p>\n<p>&nbsp;<\/p>\n<h3><span style=\"color: #008080;\">\u00bfME TENGO QUE PREPARAR PARA LAS ECOGRAF\u00cdAS?<\/span><\/h3>\n<p>La exploraci\u00f3n ecogr\u00e1fica ser\u00e1 m\u00e1s satisfactoria s\u00ed:<\/p>\n<ul>\n<li>El d\u00eda de la ecograf\u00eda no te has aplicado ni cremas hidratantes ni soluciones aceitosas sobre el abdomen. Los ultrasonidos atraviesan mal las grasas.<\/li>\n<li>Si orinas justo antes de entrar a la consulta. As\u00ed, la vejiga no alejar\u00e1 a vuestro hijo de la sonda ecogr\u00e1fica.<\/li>\n<li>Si tomas alg\u00fan alimento dulce 10 o 15 minutos antes. En este caso, vuestro hijo se mover\u00e1 m\u00e1s y nos permitir\u00e1 que, en alg\u00fan momento, cada parte de su anatom\u00eda est\u00e9 cerca del ec\u00f3grafo. Esto se traducir\u00e1 en im\u00e1genes de definici\u00f3n \u00f3ptima.<\/li>\n<\/ul>\n<p>&nbsp;<\/p>\n<hr \/>\n<h1 style=\"text-align: center;\"><span style=\"color: #008080;\">Si las gestantes siguen nuestros consejos antes de hacerse una ecograf\u00eda, la prueba ser\u00e1 m\u00e1s f\u00e1cil de realizar por parte del m\u00e9dico y m\u00e1s satisfactoria para la mujer<\/span><\/h1>\n<hr \/>\n<p>&nbsp;<\/p>\n<h3><span style=\"color: #008080;\">ECOGRAF\u00cdA DEL PRIMER TRIMESTRE<\/span><\/h3>\n<p>Se suele realizar sobre la <strong>12\u00aa semana (de 11<sup>0<\/sup> a 13<sup>+6<\/sup> semanas). <\/strong><\/p>\n<p><img decoding=\"async\" class=\" wp-image-22151 alignleft\" src=\"https:\/\/www.doctoragibert.com\/wp-content\/uploads\/2023\/08\/1T_ECO.jpg\" alt=\"\" width=\"454\" height=\"450\" srcset=\"https:\/\/www.doctoragibert.com\/wp-content\/uploads\/2023\/08\/1T_ECO.jpg 793w, https:\/\/www.doctoragibert.com\/wp-content\/uploads\/2023\/08\/1T_ECO-150x150.jpg 150w\" sizes=\"(max-width: 454px) 100vw, 454px\" \/><\/p>\n<p>Medimos el feto de extremo a extremo, es decir de la cabeza a los gl\u00fateos. Esta medida se denomina <strong>CRL<\/strong> (del ingl\u00e9s, Crown Rump Length o longitud entre la coronilla y las nalgas). La <a href=\"https:\/\/www.doctoragibert.com\/es\/pacientes\/embarazo-y-parto\/data-probable-part\/\" target=\"_blank\" rel=\"noopener\">predicci\u00f3n de la fecha probable del parto (FPP) es m\u00e1s exacta si se calcula mediante mediante el CRL<\/a>.<\/p>\n<p>Tambi\u00e9n se mide <strong>la translucencia nucal<\/strong>, porque se usa se utiliza para el c\u00e1lculo de riesgo del s\u00edndrome de Down y la detecci\u00f3n de anomal\u00edas cardiovasculares.<\/p>\n<p>En cuanto a <strong>la anatom\u00eda fetal<\/strong>, s\u00f3lo <strong>se podr\u00e1n detectar hasta el 50% de los defectos cong\u00e9nitos mayores y el 25% de todos los defectos.<\/strong> Esto se debe a que el feto es muy peque\u00f1o, \u00a1su CRL oscila entre 4,5 y 8,4 cm!<\/p>\n<p>Realizando <strong>la eco a las 11 semanas <\/strong>podemos adelantar el c\u00e1lculo de riesgo del s\u00edndrome de Down, dado que se usan datos de esta ecograf\u00eda junto con el an\u00e1lisis de sangre de la madre. En cambio, si la hacemos <strong>a las 13 semanas<\/strong>, la valoraci\u00f3n anat\u00f3mica es superior porque el feto casi ha duplicado su longitud.<\/p>\n<p>El uso cada vez m\u00e1s frecuente de <a href=\"https:\/\/www.doctoragibert.com\/es\/pacientes\/embarazo-y-parto\/test-prenatal-no-invasivo\/\" target=\"_blank\" rel=\"noopener\"><strong>la prueba del ADN fetal<\/strong><\/a>, que se hace a partir de las 10 semanas de embarazo y nos ofrece un mejor c\u00e1lculo de riesgo de anomal\u00edas cromos\u00f3micas, fomentar\u00e1 el retraso de esta ecograf\u00eda con la consiguiente mejora del estudio de los \u00f3rganos fetales.<\/p>\n<p>Desde hace unos a\u00f1os, se mide <strong>el flujo sangu\u00edneo de las arterias uterinas<\/strong>, con el objetivo de <strong>calcular el riesgo<\/strong> de tensi\u00f3n alta con p\u00e9rdida de prote\u00ednas por orina o <a href=\"https:\/\/www.doctoragibert.com\/es\/pacientes\/embarazo-y-parto\/prevencio-preeclampsia\/\" target=\"_blank\" rel=\"noopener\"><strong>preeclampsia<\/strong><\/a>.<\/p>\n<p>Finalmente, revisamos ovarios y \u00fatero (los miomas y las malformaciones uterinas se diagnostican m\u00e1s f\u00e1cilmente en estas semanas).<\/p>\n<p>&nbsp;<\/p>\n<h3><span style=\"color: #008080;\">ECOGRAF\u00cdA DEL SEGUNDO TRIMESTRE<\/span><\/h3>\n<p>Tambi\u00e9n llamada \u00abECO20\u00bb, porque se hace <strong>entre las 19 y las 21 semanas<\/strong>, cuando las estructuras fetales son suficientemente grandes y las sombras ac\u00fasticas de los huesos fetales todav\u00eda no nos molestan.<\/p>\n<p><strong>Su objetivo principal es la detecci\u00f3n de una gran variedad de procesos malformativos<\/strong>, por eso se la llama tambi\u00e9n \u00abeco morfol\u00f3gica\u00bb.<\/p>\n<p>La revisi\u00f3n anat\u00f3mica fetal es exhaustiva, de pies a cabeza e incluye:<img decoding=\"async\" class=\"alignright size-full wp-image-22153\" src=\"https:\/\/www.doctoragibert.com\/wp-content\/uploads\/2023\/08\/2T_ECO.jpg\" alt=\"\" width=\"427\" height=\"397\" \/><\/p>\n<ol>\n<li>Cabeza: c\u00e1vum del s\u00e9ptum pellucidum, atrios laterales y astas anteriores de los ventr\u00edculos laterales (hemisferios cerebrales), di\u00e1metro transversal del cerebelo, cisterna magna, pliegue nucal.<\/li>\n<li>Cara: \u00f3rbitas, cristalinos, nariz, labios, maxilares superior e inferior. Los pabellones auriculares no se incluyen.<\/li>\n<li>Raquis: especialmente las regiones lumbosacra y cervical (ubicaciones m\u00e1s comunes de una malformaci\u00f3n llamada <a href=\"https:\/\/www.doctoragibert.com\/es\/pacientes\/embarazo-y-parto\/acido-folico\/\" target=\"_blank\" rel=\"noopener\">espina b\u00edfida o mielomeningocele<\/a>).<\/li>\n<li>T\u00f3rax: valoraci\u00f3n de pulmones en el corte de las cuatro c\u00e1maras card\u00edacas.<\/li>\n<li>Coraz\u00f3n: posici\u00f3n, corte de cuatro c\u00e1maras y salida de los grandes vasos.<\/li>\n<li>Abdomen: posici\u00f3n del h\u00edgado y de la burbuja g\u00e1strica, vena umbilical, seno portal, salida del cord\u00f3n umbilical, ri\u00f1ones, vejiga urinaria, n\u00famero de vasos umbilicales.<\/li>\n<li>Brazos y piernas: integridad y proporcionalidad, movilidad.<\/li>\n<li>Sexo fetal: masculino o femenino, eventuales desviaciones de la forma de los genitales externos.<\/li>\n<\/ol>\n<p>Adicionalmente, se mide al feto, se valora la cantidad de l\u00edquido amni\u00f3tico, se localizan la placenta y el cord\u00f3n umbilical, y la longitud del cuello uterino (si es inferior a 26 mm puede indicar un mayor riesgo de <a href=\"https:\/\/www.doctoragibert.com\/es\/pacientes\/embarazo-y-parto\/prematuridad\/\" target=\"_blank\" rel=\"noopener\">parto prematuro<\/a>).<\/p>\n<p>A veces, el explorador recita a la paciente para una nueva ecograf\u00eda en poco tiempo. Esto no nos tiene que preocupar, especialmente si constan en el informe los siguientes argumentos:<\/p>\n<ul>\n<li>Dorso anterior persistente: la sombra ac\u00fastica de la columna vertebral dificulta la valoraci\u00f3n del coraz\u00f3n.<\/li>\n<li>Mala transmisi\u00f3n ac\u00fastica, es decir, la calidad de la imagen no es \u00f3ptima y esto suele depender de:\n<ul>\n<li>Tener m\u00e1s a\u00f1os (menor hidrataci\u00f3n tisular).<\/li>\n<li>Obesidad materna o inserci\u00f3n placentaria anterior (aumenta la profundidad a que se encuentra el feto y, a m\u00e1s hondura, la definici\u00f3n de la imagen empeora).<\/li>\n<li>Aplicaci\u00f3n de cosm\u00e9ticos abdominales antes de la exploraci\u00f3n.<\/li>\n<\/ul>\n<\/li>\n<\/ul>\n<p>La <strong>capacidad de detecci\u00f3n de malformaciones<\/strong> de esta ecograf\u00eda <strong>es, aproximadamente, del 60% de todas las anomal\u00edas cong\u00e9nitas y del 75% de las graves<\/strong>.<\/p>\n<p>&nbsp;<\/p>\n<h3><span style=\"color: #008080;\">ECOGRAF\u00cdA DEL TERCER TRIMESTRE<\/span><\/h3>\n<p><strong><img loading=\"lazy\" decoding=\"async\" class=\"alignright wp-image-22157\" src=\"https:\/\/www.doctoragibert.com\/wp-content\/uploads\/2023\/08\/Doppler_3T.jpg\" alt=\"\" width=\"408\" height=\"454\" \/><\/strong><\/p>\n<p>Se realiza <strong>entre las 32 y 35 semanas<\/strong>, puesto que su objetivo principal es medir el feto y estimar su peso, es decir, <strong>descartar el crecimiento intrauterino restringido o el feto peque\u00f1o por su edad gestacional<\/strong>.<\/p>\n<p>As\u00ed mismo, esta ecograf\u00eda permite <strong>detectar anomal\u00edas cong\u00e9nitas de expresi\u00f3n m\u00e1s tard\u00eda<\/strong>, tal es el caso de ciertos defectos renales o digestivos. De hecho, <strong>encuentra un 10% m\u00e1s de las anomal\u00edas anat\u00f3micas diagnosticables por ecograf\u00eda.<\/strong><\/p>\n<p>Tambi\u00e9n estudiamos la est\u00e1tica (si la cabeza se dirige hacia abajo, hacia arriba o hacia un lado del \u00fatero de la madre) y la vitalidad fetales; la cantidad de l\u00edquido amni\u00f3tico, la inserci\u00f3n y la estructura placentarias.<\/p>\n<p>En algunas circunstancias, se escrutan las corrientes de sangre dentro del feto mediante <strong>Doppler<\/strong> (im\u00e1genes de color azul y rojo o \u201cDoppler color\u201d e im\u00e1genes de picos blancos sobre fondo negro o \u201cDoppler pulsado\u201d).<\/p>\n<p>&nbsp;<\/p>\n<h3><span style=\"color: #008080;\">\u00bfCU\u00c1NTAS ECOGRAF\u00cdAS ME CUBRE MI SEGURO?<\/span><\/h3>\n<p><strong>Cualquier seguro incluye las tres ecograf\u00edas<\/strong> explicadas.<\/p>\n<p>Por otro lado, <strong>a partir de 7 ecograf\u00edas, algunas compa\u00f1\u00edas dejan de ofrecer cobertura<\/strong> bajo el pretexto que no hacen falta m\u00e1s de 3 ecograf\u00edas.<\/p>\n<p>Casi ninguna compa\u00f1\u00eda cubre la <a href=\"https:\/\/www.doctoragibert.com\/es\/servicios\/ecografias-fetales-3d\/\" target=\"_blank\" rel=\"noopener\">ecograf\u00eda 3D<\/a>.<\/p>\n<p>Llegados aqu\u00ed, entendemos que los padres agradecen ver su hijo a las visitas mensuales porque les da <strong>seguridad y refuerza el v\u00ednculo familiar<\/strong>.<\/p>\n<p>&nbsp;<\/p>\n<h3><span style=\"color: #008080;\">MI HIJO HA NACIDO CON UNA MALFORMACI\u00d3N Y TODAS LAS ECOGRAF\u00cdAS ERAN NORMALES. \u00bfQU\u00c9 HA PASADO?<\/span><\/h3>\n<p>La Medicina est\u00e1 para mejorar la salud de la gente, aunque no lo puede todo. Adem\u00e1s, como solemos conseguir resultados bastante buenos, resulta que las \u00abno detecciones\u00bb de anomal\u00edas son muy infrecuentes. Esto hace que crezcan las dudas sobre qu\u00e9 ha fallado en los m\u00e9dicos que nos han atendido o en los aparatos utilizados.<\/p>\n<p>Las <strong>anomal\u00edas anat\u00f3micas, incluyendo graves y leves, afectan el 3% de los neonatos<\/strong>.<\/p>\n<p>Las <strong>tres ecograf\u00edas explicadas detectan entre el 60% y el 90% de todos los defectos al nacimiento<\/strong>.<\/p>\n<p>Tened en cuenta que <strong>por lo menos el 10% de las anomal\u00edas se diagnostican al nacer y en los d\u00edas o semanas posteriores<\/strong>. Igualmente, la ecograf\u00eda, sea en dos o tres dimensiones, no ve ni los colores de la piel (las manchas rojas o angiomas y las oscuras no se pueden diagnosticar antes de nacer), ni las u\u00f1as, ni la forma de las orejas, ni la distribuci\u00f3n del pelo sobre la piel&#8230; Algunos problemas pulmonares o digestivos se hacen evidentes solo cuando el beb\u00e9 empieza a respirar y a comer.<\/p>\n<p>Hay mujeres cuyas ecograf\u00edas obtienen im\u00e1genes de alta definici\u00f3n: las delgadas, las que tienen tejidos hidratados, las de placentas finas o que no se interponen entre el ec\u00f3grafo y el feto. Al contrario, otras mam\u00e1s no nos lo ponen tan f\u00e1cil, pero nosotros somos los m\u00e9dicos de todas.<\/p>\n<p>&nbsp;<\/p>\n<h4><span style=\"color: #008080;\">FUENTES DE LA INFORMACI\u00d3N:<\/span><\/h4>\n<ul>\n<li>Benson CB, Doubilet PM. Sonographic prediction of gestational age: accuracy of second- and third-trimester fetal measurements. Am J Roentgenol. 1991;157:1275-7.<\/li>\n<li>Grandjean H, Larroque D, Levi S. The performance of routine ultrasonographic screening of pregnancies in the Eurofetus Study. Am J Obstet Gynecol. 1999 Aug;181(2):446-54.<\/li>\n<li>Leiroz R, Aquino MA, Santos KP, Monteiro MDC, Aires TSF, Araujo J\u00fanior E, Sarno M. Accuracy of the mid-trimester ultrasound scan in the detection of fetal congenital anomalies in a reference center in Northeastern Brazil. J Gynecol Obstet Hum Reprod. 2021 Dec;50(10):102225.<\/li>\n<li>Rydberg C, Tun\u00f3n K. Detection of fetal abnormalities by second-trimester ultrasound screening in a non-selected population. Acta Obstet Gynecol Scand. 2017 Feb;96(2):176-182.<\/li>\n<li>Sociedad Espa\u00f1ola de Ginecolog\u00eda y Obstetricia. Gu\u00eda de asistencia pr\u00e1ctica. Control prenatal del embarazo normal. Prog Obstet Ginecol 2018;61:510-27.<\/li>\n<li>Sociedad Espa\u00f1ola de Ginecolog\u00eda y Obstetricia. Gu\u00eda de asistencia pr\u00e1ctica. Gu\u00eda de la exploraci\u00f3n ecogr\u00e1fica del I trimestre. Prog Obstet Ginecol 2022;65:240-290.<\/li>\n<li>Sociedad Espa\u00f1ola de Ginecolog\u00eda y Obstetricia. Gu\u00eda de asistencia pr\u00e1ctica. Gu\u00eda sistem\u00e1tica de la exploraci\u00f3n ecogr\u00e1fica del segundo trimestre. Prog Obstet Ginecol 2020;63:99-122.<\/li>\n<li>Sociedad Espa\u00f1ola de Ginecolog\u00eda y Obstetricia. Gu\u00eda de asistencia pr\u00e1ctica. \u00a0Gu\u00eda de la exploraci\u00f3n ecogr\u00e1fica del III trimestre 2020. Prog Obstet Ginecol 2021;64:28-69.<\/li>\n<\/ul>\n","protected":false},"excerpt":{"rendered":"<p>Autora:\u00a0Dra. MJ Gibert. Fecha de actualizaci\u00f3n:\u00a019\/8\/23. Fechas de versiones previas:\u00a028\/9\/15. &nbsp; \u00bfCU\u00c1NTAS ECOGRAF\u00cdA SON NECESARIAS PARA UN EMBARAZO DE FETO \u00daNICO Y SIN FACTORES DE RIESGO? Si esperamos un solo hijo, estamos sanas y nuestro embarazo evoluciona normalmente, las sociedades cient\u00edficas recomiendan tres ecograf\u00edas, una por trimestre. &nbsp; \u00bfPARA QU\u00c9 SIRVEN LAS ECOGRAF\u00cdAS? Aunque sabemos [&hellip;]<\/p>\n","protected":false},"author":12,"featured_media":0,"parent":15253,"menu_order":0,"comment_status":"closed","ping_status":"closed","template":"page-limpia.php","meta":{"footnotes":""},"class_list":["post-22150","page","type-page","status-publish","hentry"],"yoast_head":"<!-- This site is optimized with the Yoast SEO plugin v25.0 - https:\/\/yoast.com\/wordpress\/plugins\/seo\/ -->\n<title>ECOGRAF\u00cdAS: \u00bfcu\u00e1ntas hacen falta?, \u00bfpara qu\u00e9 sirven? - DRA. GIBERT<\/title>\n<meta name=\"robots\" content=\"index, follow, max-snippet:-1, max-image-preview:large, max-video-preview:-1\" \/>\n<link rel=\"canonical\" href=\"https:\/\/www.doctoragibert.com\/es\/pacientes\/embarazo-y-parto\/ecografies-embaras\/\" \/>\n<meta property=\"og:locale\" content=\"es_ES\" \/>\n<meta property=\"og:type\" content=\"article\" \/>\n<meta property=\"og:title\" content=\"ECOGRAF\u00cdAS: \u00bfcu\u00e1ntas hacen falta?, \u00bfpara qu\u00e9 sirven? - DRA. GIBERT\" \/>\n<meta property=\"og:description\" content=\"Autora:\u00a0Dra. MJ Gibert. Fecha de actualizaci\u00f3n:\u00a019\/8\/23. Fechas de versiones previas:\u00a028\/9\/15. &nbsp; \u00bfCU\u00c1NTAS ECOGRAF\u00cdA SON NECESARIAS PARA UN EMBARAZO DE FETO \u00daNICO Y SIN FACTORES DE RIESGO? Si esperamos un solo hijo, estamos sanas y nuestro embarazo evoluciona normalmente, las sociedades cient\u00edficas recomiendan tres ecograf\u00edas, una por trimestre. &nbsp; \u00bfPARA QU\u00c9 SIRVEN LAS ECOGRAF\u00cdAS? Aunque sabemos [&hellip;]\" \/>\n<meta property=\"og:url\" content=\"https:\/\/www.doctoragibert.com\/es\/pacientes\/embarazo-y-parto\/ecografies-embaras\/\" \/>\n<meta property=\"og:site_name\" content=\"DRA. GIBERT\" \/>\n<meta property=\"article:publisher\" content=\"https:\/\/www.facebook.com\/doctoragibert\" \/>\n<meta property=\"article:modified_time\" content=\"2024-11-08T16:14:20+00:00\" \/>\n<meta property=\"og:image\" content=\"https:\/\/www.doctoragibert.com\/wp-content\/uploads\/2023\/08\/ECO_fetal.jpg\" \/>\n<meta name=\"twitter:label1\" content=\"Tiempo de lectura\" \/>\n\t<meta name=\"twitter:data1\" content=\"10 minutos\" \/>\n<script type=\"application\/ld+json\" class=\"yoast-schema-graph\">{\"@context\":\"https:\/\/schema.org\",\"@graph\":[{\"@type\":\"WebPage\",\"@id\":\"https:\/\/www.doctoragibert.com\/es\/pacientes\/embarazo-y-parto\/ecografies-embaras\/\",\"url\":\"https:\/\/www.doctoragibert.com\/es\/pacientes\/embarazo-y-parto\/ecografies-embaras\/\",\"name\":\"ECOGRAF\u00cdAS: \u00bfcu\u00e1ntas hacen falta?, \u00bfpara qu\u00e9 sirven? - DRA. GIBERT\",\"isPartOf\":{\"@id\":\"https:\/\/www.doctoragibert.com\/es\/#website\"},\"primaryImageOfPage\":{\"@id\":\"https:\/\/www.doctoragibert.com\/es\/pacientes\/embarazo-y-parto\/ecografies-embaras\/#primaryimage\"},\"image\":{\"@id\":\"https:\/\/www.doctoragibert.com\/es\/pacientes\/embarazo-y-parto\/ecografies-embaras\/#primaryimage\"},\"thumbnailUrl\":\"https:\/\/www.doctoragibert.com\/wp-content\/uploads\/2023\/08\/ECO_fetal.jpg\",\"datePublished\":\"2023-08-20T13:10:44+00:00\",\"dateModified\":\"2024-11-08T16:14:20+00:00\",\"breadcrumb\":{\"@id\":\"https:\/\/www.doctoragibert.com\/es\/pacientes\/embarazo-y-parto\/ecografies-embaras\/#breadcrumb\"},\"inLanguage\":\"es\",\"potentialAction\":[{\"@type\":\"ReadAction\",\"target\":[\"https:\/\/www.doctoragibert.com\/es\/pacientes\/embarazo-y-parto\/ecografies-embaras\/\"]}]},{\"@type\":\"ImageObject\",\"inLanguage\":\"es\",\"@id\":\"https:\/\/www.doctoragibert.com\/es\/pacientes\/embarazo-y-parto\/ecografies-embaras\/#primaryimage\",\"url\":\"https:\/\/www.doctoragibert.com\/wp-content\/uploads\/2023\/08\/ECO_fetal.jpg\",\"contentUrl\":\"https:\/\/www.doctoragibert.com\/wp-content\/uploads\/2023\/08\/ECO_fetal.jpg\"},{\"@type\":\"BreadcrumbList\",\"@id\":\"https:\/\/www.doctoragibert.com\/es\/pacientes\/embarazo-y-parto\/ecografies-embaras\/#breadcrumb\",\"itemListElement\":[{\"@type\":\"ListItem\",\"position\":1,\"name\":\"PACIENTES\",\"item\":\"https:\/\/www.doctoragibert.com\/es\/pacientes\/\"},{\"@type\":\"ListItem\",\"position\":2,\"name\":\"EMBARAZO Y PARTO\",\"item\":\"https:\/\/www.doctoragibert.com\/es\/pacientes\/embarazo-y-parto\/\"},{\"@type\":\"ListItem\",\"position\":3,\"name\":\"ECOGRAF\u00cdAS: \u00bfcu\u00e1ntas hacen falta?, \u00bfpara qu\u00e9 sirven?\"}]},{\"@type\":\"WebSite\",\"@id\":\"https:\/\/www.doctoragibert.com\/es\/#website\",\"url\":\"https:\/\/www.doctoragibert.com\/es\/\",\"name\":\"DRA. GIBERT\",\"description\":\"Ginecologia i obstetricia\",\"potentialAction\":[{\"@type\":\"SearchAction\",\"target\":{\"@type\":\"EntryPoint\",\"urlTemplate\":\"https:\/\/www.doctoragibert.com\/es\/?s={search_term_string}\"},\"query-input\":{\"@type\":\"PropertyValueSpecification\",\"valueRequired\":true,\"valueName\":\"search_term_string\"}}],\"inLanguage\":\"es\"}]}<\/script>\n<!-- \/ Yoast SEO plugin. -->","yoast_head_json":{"title":"ECOGRAF\u00cdAS: \u00bfcu\u00e1ntas hacen falta?, \u00bfpara qu\u00e9 sirven? - DRA. GIBERT","robots":{"index":"index","follow":"follow","max-snippet":"max-snippet:-1","max-image-preview":"max-image-preview:large","max-video-preview":"max-video-preview:-1"},"canonical":"https:\/\/www.doctoragibert.com\/es\/pacientes\/embarazo-y-parto\/ecografies-embaras\/","og_locale":"es_ES","og_type":"article","og_title":"ECOGRAF\u00cdAS: \u00bfcu\u00e1ntas hacen falta?, \u00bfpara qu\u00e9 sirven? - DRA. GIBERT","og_description":"Autora:\u00a0Dra. MJ Gibert. Fecha de actualizaci\u00f3n:\u00a019\/8\/23. Fechas de versiones previas:\u00a028\/9\/15. &nbsp; \u00bfCU\u00c1NTAS ECOGRAF\u00cdA SON NECESARIAS PARA UN EMBARAZO DE FETO \u00daNICO Y SIN FACTORES DE RIESGO? Si esperamos un solo hijo, estamos sanas y nuestro embarazo evoluciona normalmente, las sociedades cient\u00edficas recomiendan tres ecograf\u00edas, una por trimestre. &nbsp; \u00bfPARA QU\u00c9 SIRVEN LAS ECOGRAF\u00cdAS? Aunque sabemos [&hellip;]","og_url":"https:\/\/www.doctoragibert.com\/es\/pacientes\/embarazo-y-parto\/ecografies-embaras\/","og_site_name":"DRA. GIBERT","article_publisher":"https:\/\/www.facebook.com\/doctoragibert","article_modified_time":"2024-11-08T16:14:20+00:00","og_image":[{"url":"https:\/\/www.doctoragibert.com\/wp-content\/uploads\/2023\/08\/ECO_fetal.jpg","type":"","width":"","height":""}],"twitter_misc":{"Tiempo de lectura":"10 minutos"},"schema":{"@context":"https:\/\/schema.org","@graph":[{"@type":"WebPage","@id":"https:\/\/www.doctoragibert.com\/es\/pacientes\/embarazo-y-parto\/ecografies-embaras\/","url":"https:\/\/www.doctoragibert.com\/es\/pacientes\/embarazo-y-parto\/ecografies-embaras\/","name":"ECOGRAF\u00cdAS: \u00bfcu\u00e1ntas hacen falta?, \u00bfpara qu\u00e9 sirven? - DRA. GIBERT","isPartOf":{"@id":"https:\/\/www.doctoragibert.com\/es\/#website"},"primaryImageOfPage":{"@id":"https:\/\/www.doctoragibert.com\/es\/pacientes\/embarazo-y-parto\/ecografies-embaras\/#primaryimage"},"image":{"@id":"https:\/\/www.doctoragibert.com\/es\/pacientes\/embarazo-y-parto\/ecografies-embaras\/#primaryimage"},"thumbnailUrl":"https:\/\/www.doctoragibert.com\/wp-content\/uploads\/2023\/08\/ECO_fetal.jpg","datePublished":"2023-08-20T13:10:44+00:00","dateModified":"2024-11-08T16:14:20+00:00","breadcrumb":{"@id":"https:\/\/www.doctoragibert.com\/es\/pacientes\/embarazo-y-parto\/ecografies-embaras\/#breadcrumb"},"inLanguage":"es","potentialAction":[{"@type":"ReadAction","target":["https:\/\/www.doctoragibert.com\/es\/pacientes\/embarazo-y-parto\/ecografies-embaras\/"]}]},{"@type":"ImageObject","inLanguage":"es","@id":"https:\/\/www.doctoragibert.com\/es\/pacientes\/embarazo-y-parto\/ecografies-embaras\/#primaryimage","url":"https:\/\/www.doctoragibert.com\/wp-content\/uploads\/2023\/08\/ECO_fetal.jpg","contentUrl":"https:\/\/www.doctoragibert.com\/wp-content\/uploads\/2023\/08\/ECO_fetal.jpg"},{"@type":"BreadcrumbList","@id":"https:\/\/www.doctoragibert.com\/es\/pacientes\/embarazo-y-parto\/ecografies-embaras\/#breadcrumb","itemListElement":[{"@type":"ListItem","position":1,"name":"PACIENTES","item":"https:\/\/www.doctoragibert.com\/es\/pacientes\/"},{"@type":"ListItem","position":2,"name":"EMBARAZO Y PARTO","item":"https:\/\/www.doctoragibert.com\/es\/pacientes\/embarazo-y-parto\/"},{"@type":"ListItem","position":3,"name":"ECOGRAF\u00cdAS: \u00bfcu\u00e1ntas hacen falta?, \u00bfpara qu\u00e9 sirven?"}]},{"@type":"WebSite","@id":"https:\/\/www.doctoragibert.com\/es\/#website","url":"https:\/\/www.doctoragibert.com\/es\/","name":"DRA. GIBERT","description":"Ginecologia i obstetricia","potentialAction":[{"@type":"SearchAction","target":{"@type":"EntryPoint","urlTemplate":"https:\/\/www.doctoragibert.com\/es\/?s={search_term_string}"},"query-input":{"@type":"PropertyValueSpecification","valueRequired":true,"valueName":"search_term_string"}}],"inLanguage":"es"}]}},"_links":{"self":[{"href":"https:\/\/www.doctoragibert.com\/es\/wp-json\/wp\/v2\/pages\/22150","targetHints":{"allow":["GET"]}}],"collection":[{"href":"https:\/\/www.doctoragibert.com\/es\/wp-json\/wp\/v2\/pages"}],"about":[{"href":"https:\/\/www.doctoragibert.com\/es\/wp-json\/wp\/v2\/types\/page"}],"author":[{"embeddable":true,"href":"https:\/\/www.doctoragibert.com\/es\/wp-json\/wp\/v2\/users\/12"}],"replies":[{"embeddable":true,"href":"https:\/\/www.doctoragibert.com\/es\/wp-json\/wp\/v2\/comments?post=22150"}],"version-history":[{"count":3,"href":"https:\/\/www.doctoragibert.com\/es\/wp-json\/wp\/v2\/pages\/22150\/revisions"}],"predecessor-version":[{"id":23149,"href":"https:\/\/www.doctoragibert.com\/es\/wp-json\/wp\/v2\/pages\/22150\/revisions\/23149"}],"up":[{"embeddable":true,"href":"https:\/\/www.doctoragibert.com\/es\/wp-json\/wp\/v2\/pages\/15253"}],"wp:attachment":[{"href":"https:\/\/www.doctoragibert.com\/es\/wp-json\/wp\/v2\/media?parent=22150"}],"curies":[{"name":"wp","href":"https:\/\/api.w.org\/{rel}","templated":true}]}}