{"id":22204,"date":"2023-08-21T17:06:08","date_gmt":"2023-08-21T17:06:08","guid":{"rendered":"https:\/\/www.doctoragibert.com\/?page_id=22204"},"modified":"2023-08-22T16:58:13","modified_gmt":"2023-08-22T16:58:13","slug":"recogida-orina","status":"publish","type":"page","link":"https:\/\/www.doctoragibert.com\/es\/pacientes\/otros\/recogida-orina\/","title":{"rendered":"AN\u00c1LISIS DE ORINA: instrucciones para la recogida"},"content":{"rendered":"<p><em>Autora:<\/em>\u00a0Dra. MJ Gibert.<br \/>\n<em>Fecha de actualizaci\u00f3n:<\/em> 21\/8\/23.<br \/>\n<em>Fechas de versiones previas: <\/em>29\/9\/15, 13\/5\/17.<\/p>\n<p>&nbsp;<\/p>\n<p>Las muestras de orina se solicitan en Ginecolog\u00eda para el estudio de las infecciones urinarias, para la medida de prote\u00ednas y para los tests de embarazo.<\/p>\n<p>Para conseguir una muestra \u00fatil para las finalidades mencionadas debemos observar las siguientes instrucciones:<\/p>\n<h3><span style=\"color: #008080;\">SI LA MUESTRA ES PARA ESTUDIO DE INFECCIONES URINARIAS, TEST DE EMBARAZO O COCIENTE PROTE\u00cdNAS-CREATININA<\/span><\/h3>\n<ul>\n<li><img fetchpriority=\"high\" decoding=\"async\" class=\"wp-image-22194 alignright\" src=\"https:\/\/www.doctoragibert.com\/wp-content\/uploads\/2023\/08\/Flasco_recollida_orina.jpg\" alt=\"\" width=\"326\" height=\"391\" \/>Se te entregar\u00e1 <strong>en la consulta o en el laboratorio<\/strong> un frasco est\u00e9ril con un tap\u00f3n de rosca. Otra opci\u00f3n es adquirirlo directamente <strong>en la farmacia<\/strong>. Os lo mostramos en la ilustraci\u00f3n adjunta.<\/li>\n<li>Com que est\u00e0\u00a0esterilitzat, <strong>no toquis l\u2019interior<\/strong> ni del flasc\u00f3 ni del tap. No l\u2019has d\u2019obrir fins a la recollida de l\u2019orina.<\/li>\n<li>Com est\u00e1 esterilizado, <strong>no toques el interior<\/strong> ni del frasco, ni de la tapa. No debes abrirlo hasta la recogida de la orina.<\/li>\n<li>Recull <strong>la primera orina del mat\u00ed<\/strong>, a no ser que el seu metge et digui el contrari.<\/li>\n<li>Recoge <strong>la primera orina de la ma\u00f1ana<\/strong>, a menos que tu m\u00e9dico te indique lo contrario.<\/li>\n<li>Previamente, <strong>l\u00e1vate los genitales externos con agua y jab\u00f3n.<\/strong> Enju\u00e1gate con agua abundante. No hace falta que te seques, si esperas aproximadamente un minuto.<\/li>\n<li><strong>Desecha el primer chorro de orina<\/strong> y, luego, orina directamente dentro del frasco. No hace falta que lo llenes, con uno o dos dedos de orina es suficiente.<\/li>\n<li>Trasllada la mostra en posici\u00f3 vertical i <strong>tancada herm\u00e8ticament<\/strong> al laboratori. \u00c9s convenient que <strong>no passi massa temps entre l\u2019emissi\u00f3 de l\u2019orina i la seva entrega al laboratori<\/strong>, per\u00f2 <strong>si s\u2019ha de demorar, millor guardar-la a la gelera<\/strong>.<\/li>\n<li>Traslada la muestra en posici\u00f3n vertical y <strong>cerrada herm\u00e9ticamente<\/strong> al laboratorio. Es conveniente que <strong>no pase demasiado tiempo entre la emisi\u00f3n de la orina y su entrega al laboratorio,<\/strong> pero <strong>si se ha de demorar, mejor guardarla en la nevera<\/strong>.<\/li>\n<li><strong>En verano<\/strong> es \u00fatil envolver el frasco con una bolsa de pl\u00e1stico e, incluso, meterlo todo dentro de otra bolsa con hielo.<\/li>\n<\/ul>\n<p>&nbsp;<\/p>\n<h3><span style=\"color: #008080;\">\u00bfY SI ME ENTREGAN UN FRASCO Y UN TUBO?<\/span><\/h3>\n<p><img decoding=\"async\" class=\" wp-image-22196 alignright\" src=\"https:\/\/www.doctoragibert.com\/wp-content\/uploads\/2023\/08\/Kit_recollida_orina_tub_buit.jpg\" alt=\"\" width=\"361\" height=\"435\" \/>Otras veces te entregar\u00e1n un bote de recogida como el explicado, junto con un tubo. Ser\u00e1 similar al kit de la imagen adjunta.<\/p>\n<p>El proceso de recogida es el mismo que en el punto anterior, salvo que, <strong>una vez recogida la muestra dentro del bote grande, la debes transferir t\u00fa misma al tubo.<\/strong><\/p>\n<p>El procedimiento es el que sigue:<\/p>\n<ul>\n<li style=\"list-style-type: none;\">\n<ul>\n<li>Retira la pegatina del bote grande y ver\u00e1s que oculta un vac\u00edo en forma de cilindro.<\/li>\n<li>Introduce la cabeza del tubo dentro de este vac\u00edo y presiona hasta que la orina del bote pase al tubo.<\/li>\n<li>Tan pronto como la orina deje de fluir espont\u00e1neamente del frasco al tubo, sep\u00e1ralos.<\/li>\n<li>Vuelve a adherir la pegatina al frasco y ya lo puedes desechar.<\/li>\n<li>Lleva s\u00f3lo el tubo al lugar de recogida de las muestras que te hayan indicado.<\/li>\n<\/ul>\n<\/li>\n<\/ul>\n<p>&nbsp;<\/p>\n<h3><span style=\"color: #008080;\">SI LA MUESTRA ES PARA ESTUDIO DE ORINA DE 24 HORAS<\/span><\/h3>\n<ul>\n<li><img decoding=\"async\" class=\"alignright wp-image-22198\" src=\"https:\/\/www.doctoragibert.com\/wp-content\/uploads\/2023\/08\/Contenidor_recollector_orina_2L-1.jpg\" alt=\"\" width=\"186\" height=\"338\" \/>Debes tener un <strong>recipiente est\u00e9ril, generalmente de 2 litros de capacidad y boca ancha<\/strong>, que te dar\u00e1n <strong>en el laboratorio<\/strong> o bien que tendr\u00e1s que comprar <strong>en la farmacia<\/strong>.<\/li>\n<li>A la hora en la que te levantes habitualmente (por ejemplo a las 7:30 oa las 8:00 h) debes ir a orinar y <strong>rechazar esta primera orina de la ma\u00f1ana<\/strong>.<\/li>\n<li>Apunta la hora a la que has orinado al levantarte.<\/li>\n<li>A continuaci\u00f3n, guarda toda la orina emitida hasta la hora anotada, pero del d\u00eda siguiente. En otras palabras, <strong>has de desechar la primera orina del d\u00eda en que recoges la orina y debes incluir la primera orina del d\u00eda siguiente.<\/strong><\/li>\n<li>La recogida la puedes hacer directamente en el recipiente de 2 litros, o bien, utilizar <strong>un frasco m\u00e1s peque\u00f1o y est\u00e9ril, de 125 cc<\/strong>, que venden en las farmacias.<\/li>\n<li>La orina se debe <strong>guardar en la nevera o en un lugar bien fr\u00edo<\/strong> hasta que sea el momento de entregarla al laboratorio.<\/li>\n<li>Si <strong>tienes que defecar<\/strong>, mejor que orines antes con el fin de evitar perder parte de la orina emitida.<\/li>\n<li>Es importante llevar <strong>toda la orina al laboratorio<\/strong> sin desechar nada.<\/li>\n<\/ul>\n<p>&nbsp;<\/p>\n<h4><span style=\"color: #008080;\">FUENTES DE LA INFORMACI\u00d3N:<\/span><\/h4>\n<p>Elaboraci\u00f3n propia.<\/p>\n","protected":false},"excerpt":{"rendered":"<p>Autora:\u00a0Dra. MJ Gibert. Fecha de actualizaci\u00f3n: 21\/8\/23. Fechas de versiones previas: 29\/9\/15, 13\/5\/17. &nbsp; Las muestras de orina se solicitan en Ginecolog\u00eda para el estudio de las infecciones urinarias, para la medida de prote\u00ednas y para los tests de embarazo. Para conseguir una muestra \u00fatil para las finalidades mencionadas debemos observar las siguientes instrucciones: SI [&hellip;]<\/p>\n","protected":false},"author":12,"featured_media":0,"parent":15353,"menu_order":0,"comment_status":"closed","ping_status":"closed","template":"page-limpia.php","meta":{"footnotes":""},"class_list":["post-22204","page","type-page","status-publish","hentry"],"yoast_head":"<!-- This site is optimized with the Yoast SEO plugin v25.0 - https:\/\/yoast.com\/wordpress\/plugins\/seo\/ -->\n<title>AN\u00c1LISIS DE ORINA: instrucciones para la recogida - DRA. GIBERT<\/title>\n<meta name=\"robots\" content=\"index, follow, max-snippet:-1, max-image-preview:large, max-video-preview:-1\" \/>\n<link rel=\"canonical\" href=\"https:\/\/www.doctoragibert.com\/es\/pacientes\/otros\/recogida-orina\/\" \/>\n<meta property=\"og:locale\" content=\"es_ES\" \/>\n<meta property=\"og:type\" content=\"article\" \/>\n<meta property=\"og:title\" content=\"AN\u00c1LISIS DE ORINA: instrucciones para la recogida - DRA. GIBERT\" \/>\n<meta property=\"og:description\" content=\"Autora:\u00a0Dra. MJ Gibert. Fecha de actualizaci\u00f3n: 21\/8\/23. Fechas de versiones previas: 29\/9\/15, 13\/5\/17. &nbsp; Las muestras de orina se solicitan en Ginecolog\u00eda para el estudio de las infecciones urinarias, para la medida de prote\u00ednas y para los tests de embarazo. Para conseguir una muestra \u00fatil para las finalidades mencionadas debemos observar las siguientes instrucciones: SI [&hellip;]\" \/>\n<meta property=\"og:url\" content=\"https:\/\/www.doctoragibert.com\/es\/pacientes\/otros\/recogida-orina\/\" \/>\n<meta property=\"og:site_name\" content=\"DRA. GIBERT\" \/>\n<meta property=\"article:publisher\" content=\"https:\/\/www.facebook.com\/doctoragibert\" \/>\n<meta property=\"article:modified_time\" content=\"2023-08-22T16:58:13+00:00\" \/>\n<meta property=\"og:image\" content=\"https:\/\/www.doctoragibert.com\/wp-content\/uploads\/2023\/08\/Flasco_recollida_orina.jpg\" \/>\n<meta name=\"twitter:label1\" content=\"Tiempo de lectura\" \/>\n\t<meta name=\"twitter:data1\" content=\"4 minutos\" \/>\n<script type=\"application\/ld+json\" class=\"yoast-schema-graph\">{\"@context\":\"https:\/\/schema.org\",\"@graph\":[{\"@type\":\"WebPage\",\"@id\":\"https:\/\/www.doctoragibert.com\/es\/pacientes\/otros\/recogida-orina\/\",\"url\":\"https:\/\/www.doctoragibert.com\/es\/pacientes\/otros\/recogida-orina\/\",\"name\":\"AN\u00c1LISIS DE ORINA: instrucciones para la recogida - DRA. GIBERT\",\"isPartOf\":{\"@id\":\"https:\/\/www.doctoragibert.com\/es\/#website\"},\"primaryImageOfPage\":{\"@id\":\"https:\/\/www.doctoragibert.com\/es\/pacientes\/otros\/recogida-orina\/#primaryimage\"},\"image\":{\"@id\":\"https:\/\/www.doctoragibert.com\/es\/pacientes\/otros\/recogida-orina\/#primaryimage\"},\"thumbnailUrl\":\"https:\/\/www.doctoragibert.com\/wp-content\/uploads\/2023\/08\/Flasco_recollida_orina.jpg\",\"datePublished\":\"2023-08-21T17:06:08+00:00\",\"dateModified\":\"2023-08-22T16:58:13+00:00\",\"breadcrumb\":{\"@id\":\"https:\/\/www.doctoragibert.com\/es\/pacientes\/otros\/recogida-orina\/#breadcrumb\"},\"inLanguage\":\"es\",\"potentialAction\":[{\"@type\":\"ReadAction\",\"target\":[\"https:\/\/www.doctoragibert.com\/es\/pacientes\/otros\/recogida-orina\/\"]}]},{\"@type\":\"ImageObject\",\"inLanguage\":\"es\",\"@id\":\"https:\/\/www.doctoragibert.com\/es\/pacientes\/otros\/recogida-orina\/#primaryimage\",\"url\":\"https:\/\/www.doctoragibert.com\/wp-content\/uploads\/2023\/08\/Flasco_recollida_orina.jpg\",\"contentUrl\":\"https:\/\/www.doctoragibert.com\/wp-content\/uploads\/2023\/08\/Flasco_recollida_orina.jpg\"},{\"@type\":\"BreadcrumbList\",\"@id\":\"https:\/\/www.doctoragibert.com\/es\/pacientes\/otros\/recogida-orina\/#breadcrumb\",\"itemListElement\":[{\"@type\":\"ListItem\",\"position\":1,\"name\":\"PACIENTES\",\"item\":\"https:\/\/www.doctoragibert.com\/es\/pacientes\/\"},{\"@type\":\"ListItem\",\"position\":2,\"name\":\"OTROS\",\"item\":\"https:\/\/www.doctoragibert.com\/es\/pacientes\/otros\/\"},{\"@type\":\"ListItem\",\"position\":3,\"name\":\"AN\u00c1LISIS DE ORINA: instrucciones para la recogida\"}]},{\"@type\":\"WebSite\",\"@id\":\"https:\/\/www.doctoragibert.com\/es\/#website\",\"url\":\"https:\/\/www.doctoragibert.com\/es\/\",\"name\":\"DRA. GIBERT\",\"description\":\"Ginecologia i obstetricia\",\"potentialAction\":[{\"@type\":\"SearchAction\",\"target\":{\"@type\":\"EntryPoint\",\"urlTemplate\":\"https:\/\/www.doctoragibert.com\/es\/?s={search_term_string}\"},\"query-input\":{\"@type\":\"PropertyValueSpecification\",\"valueRequired\":true,\"valueName\":\"search_term_string\"}}],\"inLanguage\":\"es\"}]}<\/script>\n<!-- \/ Yoast SEO plugin. -->","yoast_head_json":{"title":"AN\u00c1LISIS DE ORINA: instrucciones para la recogida - DRA. GIBERT","robots":{"index":"index","follow":"follow","max-snippet":"max-snippet:-1","max-image-preview":"max-image-preview:large","max-video-preview":"max-video-preview:-1"},"canonical":"https:\/\/www.doctoragibert.com\/es\/pacientes\/otros\/recogida-orina\/","og_locale":"es_ES","og_type":"article","og_title":"AN\u00c1LISIS DE ORINA: instrucciones para la recogida - DRA. GIBERT","og_description":"Autora:\u00a0Dra. MJ Gibert. Fecha de actualizaci\u00f3n: 21\/8\/23. Fechas de versiones previas: 29\/9\/15, 13\/5\/17. &nbsp; Las muestras de orina se solicitan en Ginecolog\u00eda para el estudio de las infecciones urinarias, para la medida de prote\u00ednas y para los tests de embarazo. Para conseguir una muestra \u00fatil para las finalidades mencionadas debemos observar las siguientes instrucciones: SI [&hellip;]","og_url":"https:\/\/www.doctoragibert.com\/es\/pacientes\/otros\/recogida-orina\/","og_site_name":"DRA. GIBERT","article_publisher":"https:\/\/www.facebook.com\/doctoragibert","article_modified_time":"2023-08-22T16:58:13+00:00","og_image":[{"url":"https:\/\/www.doctoragibert.com\/wp-content\/uploads\/2023\/08\/Flasco_recollida_orina.jpg","type":"","width":"","height":""}],"twitter_misc":{"Tiempo de lectura":"4 minutos"},"schema":{"@context":"https:\/\/schema.org","@graph":[{"@type":"WebPage","@id":"https:\/\/www.doctoragibert.com\/es\/pacientes\/otros\/recogida-orina\/","url":"https:\/\/www.doctoragibert.com\/es\/pacientes\/otros\/recogida-orina\/","name":"AN\u00c1LISIS DE ORINA: instrucciones para la recogida - DRA. GIBERT","isPartOf":{"@id":"https:\/\/www.doctoragibert.com\/es\/#website"},"primaryImageOfPage":{"@id":"https:\/\/www.doctoragibert.com\/es\/pacientes\/otros\/recogida-orina\/#primaryimage"},"image":{"@id":"https:\/\/www.doctoragibert.com\/es\/pacientes\/otros\/recogida-orina\/#primaryimage"},"thumbnailUrl":"https:\/\/www.doctoragibert.com\/wp-content\/uploads\/2023\/08\/Flasco_recollida_orina.jpg","datePublished":"2023-08-21T17:06:08+00:00","dateModified":"2023-08-22T16:58:13+00:00","breadcrumb":{"@id":"https:\/\/www.doctoragibert.com\/es\/pacientes\/otros\/recogida-orina\/#breadcrumb"},"inLanguage":"es","potentialAction":[{"@type":"ReadAction","target":["https:\/\/www.doctoragibert.com\/es\/pacientes\/otros\/recogida-orina\/"]}]},{"@type":"ImageObject","inLanguage":"es","@id":"https:\/\/www.doctoragibert.com\/es\/pacientes\/otros\/recogida-orina\/#primaryimage","url":"https:\/\/www.doctoragibert.com\/wp-content\/uploads\/2023\/08\/Flasco_recollida_orina.jpg","contentUrl":"https:\/\/www.doctoragibert.com\/wp-content\/uploads\/2023\/08\/Flasco_recollida_orina.jpg"},{"@type":"BreadcrumbList","@id":"https:\/\/www.doctoragibert.com\/es\/pacientes\/otros\/recogida-orina\/#breadcrumb","itemListElement":[{"@type":"ListItem","position":1,"name":"PACIENTES","item":"https:\/\/www.doctoragibert.com\/es\/pacientes\/"},{"@type":"ListItem","position":2,"name":"OTROS","item":"https:\/\/www.doctoragibert.com\/es\/pacientes\/otros\/"},{"@type":"ListItem","position":3,"name":"AN\u00c1LISIS DE ORINA: instrucciones para la recogida"}]},{"@type":"WebSite","@id":"https:\/\/www.doctoragibert.com\/es\/#website","url":"https:\/\/www.doctoragibert.com\/es\/","name":"DRA. GIBERT","description":"Ginecologia i obstetricia","potentialAction":[{"@type":"SearchAction","target":{"@type":"EntryPoint","urlTemplate":"https:\/\/www.doctoragibert.com\/es\/?s={search_term_string}"},"query-input":{"@type":"PropertyValueSpecification","valueRequired":true,"valueName":"search_term_string"}}],"inLanguage":"es"}]}},"_links":{"self":[{"href":"https:\/\/www.doctoragibert.com\/es\/wp-json\/wp\/v2\/pages\/22204","targetHints":{"allow":["GET"]}}],"collection":[{"href":"https:\/\/www.doctoragibert.com\/es\/wp-json\/wp\/v2\/pages"}],"about":[{"href":"https:\/\/www.doctoragibert.com\/es\/wp-json\/wp\/v2\/types\/page"}],"author":[{"embeddable":true,"href":"https:\/\/www.doctoragibert.com\/es\/wp-json\/wp\/v2\/users\/12"}],"replies":[{"embeddable":true,"href":"https:\/\/www.doctoragibert.com\/es\/wp-json\/wp\/v2\/comments?post=22204"}],"version-history":[{"count":3,"href":"https:\/\/www.doctoragibert.com\/es\/wp-json\/wp\/v2\/pages\/22204\/revisions"}],"predecessor-version":[{"id":22256,"href":"https:\/\/www.doctoragibert.com\/es\/wp-json\/wp\/v2\/pages\/22204\/revisions\/22256"}],"up":[{"embeddable":true,"href":"https:\/\/www.doctoragibert.com\/es\/wp-json\/wp\/v2\/pages\/15353"}],"wp:attachment":[{"href":"https:\/\/www.doctoragibert.com\/es\/wp-json\/wp\/v2\/media?parent=22204"}],"curies":[{"name":"wp","href":"https:\/\/api.w.org\/{rel}","templated":true}]}}