{"id":22246,"date":"2023-08-22T16:40:47","date_gmt":"2023-08-22T16:40:47","guid":{"rendered":"https:\/\/www.doctoragibert.com\/?page_id=22246"},"modified":"2023-08-22T16:52:16","modified_gmt":"2023-08-22T16:52:16","slug":"autotoma","status":"publish","type":"page","link":"https:\/\/www.doctoragibert.com\/es\/pacientes\/otros\/autotoma\/","title":{"rendered":"AUTOTOMA DE FLUJO VAGINAL: si sospechamos infecci\u00f3n"},"content":{"rendered":"<p><em>Autora:<\/em>\u00a0Dra. MJ Gibert.<br \/>\n<em>Fecha de actualizaci\u00f3n:<\/em>\u00a022\/8\/23.<br \/>\n<em>Fechas de versiones previas:<\/em>\u00a03\/11\/15.<\/p>\n<p>&nbsp;<\/p>\n<h3><span style=\"color: #008080;\">INDICACIONES DE LA AUTOTOMA DE FLUJO<\/span><\/h3>\n<p>Algunas de las pacientes que consult\u00e1is, nos refer\u00eds alteraciones del flujo vaginal con cierta frecuencia: picor y\/o m\u00e1s cantidad y\/o mal olor y\/o aspecto no habitual.<\/p>\n<p>Si ello os pasa en d\u00edas en que acceder a la consulta de forma inmediata es dif\u00edcil, os suelo ofrecer la posibilidad de haceros vosotras mismas la toma del flujo en casa o d\u00f3nde quer\u00e1is. La recogida de muestras biol\u00f3gicas por parte de la persona que las produce se llama <strong>autotoma<\/strong>.<\/p>\n<p>As\u00ed, la pod\u00e9is llevar el mismo d\u00eda o al siguiente al <strong>laboratorio de an\u00e1lisis cl\u00ednicos que teng\u00e1is m\u00e1s cercano<\/strong> y evitar la intermediaci\u00f3n evitable de los profesionales sanitarios.<\/p>\n<p><strong>Ya hace muchos a\u00f1os que usamos la autotoma en nuestras consultas.<\/strong> De hecho, la pandemia por la COVID-19 nos ha servido para fomentar la autotoma oral o nasal con unos resultados inmejorables en cuanto a autonom\u00eda, empoderamiento y autoconocimiento.<\/p>\n<p>&nbsp;<\/p>\n<hr \/>\n<h1 style=\"text-align: center;\"><span style=\"color: #008080;\">La toma de muestras biol\u00f3gicas por parte de los pacientes los empodera y mejora su accesibilidad<\/span><\/h1>\n<hr \/>\n<p>&nbsp;<\/p>\n<h3><span style=\"color: #008080;\">PROCEDIMIENTO PARA RECOGEROS LA MUESTRA<\/span><\/h3>\n<p>Las <strong>condiciones<\/strong> que hay que tener en cuenta <strong>para tomar la muestra<\/strong> son:<\/p>\n<ul>\n<li>Abstinencia sexual 24 horas antes de hacer la toma.<\/li>\n<li>Aseo de manos y genitales externos, pero no de la vagina.<\/li>\n<li>No usar ni \u00f3vulos ni cremas vaginales las 48 horas previas.<\/li>\n<li>No tener la menstruaci\u00f3n.<\/li>\n<\/ul>\n<p>Para tomar la muestra, basta con que s\u00f3lo te separes los labios genitales e introduzcas bien la punta con algod\u00f3n del dispositivo en la vagina. Es conveniente <strong>un movimiento circular<\/strong> de la torunda de forma que <strong>contacte con todas las paredes vaginales<\/strong>.<\/p>\n<p>El manejo del dispositivo para la recogida viene representado en las fotos adjuntas. Hay que tener cuidado de no tocar la punta algodonosa del dispositivo, ni apoyarla sobre superficie alguna.<\/p>\n<p>&nbsp;<\/p>\n<table>\n<tbody>\n<tr style=\"border: none;\">\n<td style=\"border: none;\"><img decoding=\"async\" src=\"https:\/\/www.doctoragibert.com\/wp-content\/uploads\/2015\/11\/fig1.jpg\" alt=\"\" \/><\/td>\n<td style=\"border: none;\"><img decoding=\"async\" src=\"https:\/\/www.doctoragibert.com\/wp-content\/uploads\/2015\/11\/fig2.jpg\" alt=\"\" \/><\/td>\n<td style=\"border: none;\"><img decoding=\"async\" src=\"https:\/\/www.doctoragibert.com\/wp-content\/uploads\/2015\/11\/fig3.jpg\" alt=\"\" \/><\/td>\n<\/tr>\n<tr style=\"border: none;\">\n<td style=\"border: none;\"><b>Figura 1<\/b><\/td>\n<td style=\"border: none;\"><b>Figura 2<\/b><\/td>\n<td style=\"border: none;\"><b>Figura 3<\/b><\/td>\n<\/tr>\n<tr style=\"border: none;\">\n<td style=\"border: none;\"><img decoding=\"async\" src=\"https:\/\/www.doctoragibert.com\/wp-content\/uploads\/2015\/11\/fig4.jpg\" alt=\"\" \/><\/td>\n<td style=\"border: none;\"><img decoding=\"async\" src=\"https:\/\/www.doctoragibert.com\/wp-content\/uploads\/2015\/11\/fig5.jpg\" alt=\"\" \/><\/td>\n<td style=\"border: none;\"><\/td>\n<\/tr>\n<tr style=\"border: none;\">\n<td style=\"border: none;\"><b>Figura 4<\/b><\/td>\n<td style=\"border: none;\"><b>Figura 5<\/b><\/td>\n<td style=\"border: none;\"><\/td>\n<\/tr>\n<\/tbody>\n<\/table>\n<p>&nbsp;<\/p>\n<p>Si vas a tardar <strong>unas horas en entregar la muestra<\/strong>, mejor gu\u00e1rdala <strong>en nevera<\/strong>.<\/p>\n<p>&nbsp;<\/p>\n<h4><span style=\"color: #008080;\">FUENTES DE LA INFORMACI\u00d3N<\/span><\/h4>\n<p>Elaboraci\u00f3n pr\u00f2pia.<\/p>\n","protected":false},"excerpt":{"rendered":"<p>Autora:\u00a0Dra. MJ Gibert. Fecha de actualizaci\u00f3n:\u00a022\/8\/23. Fechas de versiones previas:\u00a03\/11\/15. &nbsp; INDICACIONES DE LA AUTOTOMA DE FLUJO Algunas de las pacientes que consult\u00e1is, nos refer\u00eds alteraciones del flujo vaginal con cierta frecuencia: picor y\/o m\u00e1s cantidad y\/o mal olor y\/o aspecto no habitual. Si ello os pasa en d\u00edas en que acceder a la consulta [&hellip;]<\/p>\n","protected":false},"author":12,"featured_media":0,"parent":15353,"menu_order":0,"comment_status":"closed","ping_status":"closed","template":"page-limpia.php","meta":{"footnotes":""},"class_list":["post-22246","page","type-page","status-publish","hentry"],"yoast_head":"<!-- This site is optimized with the Yoast SEO plugin v25.0 - https:\/\/yoast.com\/wordpress\/plugins\/seo\/ -->\n<title>AUTOTOMA DE FLUJO VAGINAL: si sospechamos infecci\u00f3n - DRA. GIBERT<\/title>\n<meta name=\"robots\" content=\"index, follow, max-snippet:-1, max-image-preview:large, max-video-preview:-1\" \/>\n<link rel=\"canonical\" href=\"https:\/\/www.doctoragibert.com\/es\/pacientes\/otros\/autotoma\/\" \/>\n<meta property=\"og:locale\" content=\"es_ES\" \/>\n<meta property=\"og:type\" content=\"article\" \/>\n<meta property=\"og:title\" content=\"AUTOTOMA DE FLUJO VAGINAL: si sospechamos infecci\u00f3n - DRA. GIBERT\" \/>\n<meta property=\"og:description\" content=\"Autora:\u00a0Dra. MJ Gibert. Fecha de actualizaci\u00f3n:\u00a022\/8\/23. Fechas de versiones previas:\u00a03\/11\/15. &nbsp; INDICACIONES DE LA AUTOTOMA DE FLUJO Algunas de las pacientes que consult\u00e1is, nos refer\u00eds alteraciones del flujo vaginal con cierta frecuencia: picor y\/o m\u00e1s cantidad y\/o mal olor y\/o aspecto no habitual. Si ello os pasa en d\u00edas en que acceder a la consulta [&hellip;]\" \/>\n<meta property=\"og:url\" content=\"https:\/\/www.doctoragibert.com\/es\/pacientes\/otros\/autotoma\/\" \/>\n<meta property=\"og:site_name\" content=\"DRA. GIBERT\" \/>\n<meta property=\"article:publisher\" content=\"https:\/\/www.facebook.com\/doctoragibert\" \/>\n<meta property=\"article:modified_time\" content=\"2023-08-22T16:52:16+00:00\" \/>\n<meta property=\"og:image\" content=\"https:\/\/www.doctoragibert.com\/wp-content\/uploads\/2015\/11\/fig1.jpg\" \/>\n<meta name=\"twitter:label1\" content=\"Tiempo de lectura\" \/>\n\t<meta name=\"twitter:data1\" content=\"3 minutos\" \/>\n<script type=\"application\/ld+json\" class=\"yoast-schema-graph\">{\"@context\":\"https:\/\/schema.org\",\"@graph\":[{\"@type\":\"WebPage\",\"@id\":\"https:\/\/www.doctoragibert.com\/es\/pacientes\/otros\/autotoma\/\",\"url\":\"https:\/\/www.doctoragibert.com\/es\/pacientes\/otros\/autotoma\/\",\"name\":\"AUTOTOMA DE FLUJO VAGINAL: si sospechamos infecci\u00f3n - DRA. GIBERT\",\"isPartOf\":{\"@id\":\"https:\/\/www.doctoragibert.com\/es\/#website\"},\"primaryImageOfPage\":{\"@id\":\"https:\/\/www.doctoragibert.com\/es\/pacientes\/otros\/autotoma\/#primaryimage\"},\"image\":{\"@id\":\"https:\/\/www.doctoragibert.com\/es\/pacientes\/otros\/autotoma\/#primaryimage\"},\"thumbnailUrl\":\"https:\/\/www.doctoragibert.com\/wp-content\/uploads\/2015\/11\/fig1.jpg\",\"datePublished\":\"2023-08-22T16:40:47+00:00\",\"dateModified\":\"2023-08-22T16:52:16+00:00\",\"breadcrumb\":{\"@id\":\"https:\/\/www.doctoragibert.com\/es\/pacientes\/otros\/autotoma\/#breadcrumb\"},\"inLanguage\":\"es\",\"potentialAction\":[{\"@type\":\"ReadAction\",\"target\":[\"https:\/\/www.doctoragibert.com\/es\/pacientes\/otros\/autotoma\/\"]}]},{\"@type\":\"ImageObject\",\"inLanguage\":\"es\",\"@id\":\"https:\/\/www.doctoragibert.com\/es\/pacientes\/otros\/autotoma\/#primaryimage\",\"url\":\"https:\/\/www.doctoragibert.com\/wp-content\/uploads\/2015\/11\/fig1.jpg\",\"contentUrl\":\"https:\/\/www.doctoragibert.com\/wp-content\/uploads\/2015\/11\/fig1.jpg\"},{\"@type\":\"BreadcrumbList\",\"@id\":\"https:\/\/www.doctoragibert.com\/es\/pacientes\/otros\/autotoma\/#breadcrumb\",\"itemListElement\":[{\"@type\":\"ListItem\",\"position\":1,\"name\":\"PACIENTES\",\"item\":\"https:\/\/www.doctoragibert.com\/es\/pacientes\/\"},{\"@type\":\"ListItem\",\"position\":2,\"name\":\"OTROS\",\"item\":\"https:\/\/www.doctoragibert.com\/es\/pacientes\/otros\/\"},{\"@type\":\"ListItem\",\"position\":3,\"name\":\"AUTOTOMA DE FLUJO VAGINAL: si sospechamos infecci\u00f3n\"}]},{\"@type\":\"WebSite\",\"@id\":\"https:\/\/www.doctoragibert.com\/es\/#website\",\"url\":\"https:\/\/www.doctoragibert.com\/es\/\",\"name\":\"DRA. GIBERT\",\"description\":\"Ginecologia i obstetricia\",\"potentialAction\":[{\"@type\":\"SearchAction\",\"target\":{\"@type\":\"EntryPoint\",\"urlTemplate\":\"https:\/\/www.doctoragibert.com\/es\/?s={search_term_string}\"},\"query-input\":{\"@type\":\"PropertyValueSpecification\",\"valueRequired\":true,\"valueName\":\"search_term_string\"}}],\"inLanguage\":\"es\"}]}<\/script>\n<!-- \/ Yoast SEO plugin. -->","yoast_head_json":{"title":"AUTOTOMA DE FLUJO VAGINAL: si sospechamos infecci\u00f3n - DRA. GIBERT","robots":{"index":"index","follow":"follow","max-snippet":"max-snippet:-1","max-image-preview":"max-image-preview:large","max-video-preview":"max-video-preview:-1"},"canonical":"https:\/\/www.doctoragibert.com\/es\/pacientes\/otros\/autotoma\/","og_locale":"es_ES","og_type":"article","og_title":"AUTOTOMA DE FLUJO VAGINAL: si sospechamos infecci\u00f3n - DRA. GIBERT","og_description":"Autora:\u00a0Dra. MJ Gibert. Fecha de actualizaci\u00f3n:\u00a022\/8\/23. Fechas de versiones previas:\u00a03\/11\/15. &nbsp; INDICACIONES DE LA AUTOTOMA DE FLUJO Algunas de las pacientes que consult\u00e1is, nos refer\u00eds alteraciones del flujo vaginal con cierta frecuencia: picor y\/o m\u00e1s cantidad y\/o mal olor y\/o aspecto no habitual. Si ello os pasa en d\u00edas en que acceder a la consulta [&hellip;]","og_url":"https:\/\/www.doctoragibert.com\/es\/pacientes\/otros\/autotoma\/","og_site_name":"DRA. GIBERT","article_publisher":"https:\/\/www.facebook.com\/doctoragibert","article_modified_time":"2023-08-22T16:52:16+00:00","og_image":[{"url":"https:\/\/www.doctoragibert.com\/wp-content\/uploads\/2015\/11\/fig1.jpg","type":"","width":"","height":""}],"twitter_misc":{"Tiempo de lectura":"3 minutos"},"schema":{"@context":"https:\/\/schema.org","@graph":[{"@type":"WebPage","@id":"https:\/\/www.doctoragibert.com\/es\/pacientes\/otros\/autotoma\/","url":"https:\/\/www.doctoragibert.com\/es\/pacientes\/otros\/autotoma\/","name":"AUTOTOMA DE FLUJO VAGINAL: si sospechamos infecci\u00f3n - DRA. GIBERT","isPartOf":{"@id":"https:\/\/www.doctoragibert.com\/es\/#website"},"primaryImageOfPage":{"@id":"https:\/\/www.doctoragibert.com\/es\/pacientes\/otros\/autotoma\/#primaryimage"},"image":{"@id":"https:\/\/www.doctoragibert.com\/es\/pacientes\/otros\/autotoma\/#primaryimage"},"thumbnailUrl":"https:\/\/www.doctoragibert.com\/wp-content\/uploads\/2015\/11\/fig1.jpg","datePublished":"2023-08-22T16:40:47+00:00","dateModified":"2023-08-22T16:52:16+00:00","breadcrumb":{"@id":"https:\/\/www.doctoragibert.com\/es\/pacientes\/otros\/autotoma\/#breadcrumb"},"inLanguage":"es","potentialAction":[{"@type":"ReadAction","target":["https:\/\/www.doctoragibert.com\/es\/pacientes\/otros\/autotoma\/"]}]},{"@type":"ImageObject","inLanguage":"es","@id":"https:\/\/www.doctoragibert.com\/es\/pacientes\/otros\/autotoma\/#primaryimage","url":"https:\/\/www.doctoragibert.com\/wp-content\/uploads\/2015\/11\/fig1.jpg","contentUrl":"https:\/\/www.doctoragibert.com\/wp-content\/uploads\/2015\/11\/fig1.jpg"},{"@type":"BreadcrumbList","@id":"https:\/\/www.doctoragibert.com\/es\/pacientes\/otros\/autotoma\/#breadcrumb","itemListElement":[{"@type":"ListItem","position":1,"name":"PACIENTES","item":"https:\/\/www.doctoragibert.com\/es\/pacientes\/"},{"@type":"ListItem","position":2,"name":"OTROS","item":"https:\/\/www.doctoragibert.com\/es\/pacientes\/otros\/"},{"@type":"ListItem","position":3,"name":"AUTOTOMA DE FLUJO VAGINAL: si sospechamos infecci\u00f3n"}]},{"@type":"WebSite","@id":"https:\/\/www.doctoragibert.com\/es\/#website","url":"https:\/\/www.doctoragibert.com\/es\/","name":"DRA. GIBERT","description":"Ginecologia i obstetricia","potentialAction":[{"@type":"SearchAction","target":{"@type":"EntryPoint","urlTemplate":"https:\/\/www.doctoragibert.com\/es\/?s={search_term_string}"},"query-input":{"@type":"PropertyValueSpecification","valueRequired":true,"valueName":"search_term_string"}}],"inLanguage":"es"}]}},"_links":{"self":[{"href":"https:\/\/www.doctoragibert.com\/es\/wp-json\/wp\/v2\/pages\/22246","targetHints":{"allow":["GET"]}}],"collection":[{"href":"https:\/\/www.doctoragibert.com\/es\/wp-json\/wp\/v2\/pages"}],"about":[{"href":"https:\/\/www.doctoragibert.com\/es\/wp-json\/wp\/v2\/types\/page"}],"author":[{"embeddable":true,"href":"https:\/\/www.doctoragibert.com\/es\/wp-json\/wp\/v2\/users\/12"}],"replies":[{"embeddable":true,"href":"https:\/\/www.doctoragibert.com\/es\/wp-json\/wp\/v2\/comments?post=22246"}],"version-history":[{"count":4,"href":"https:\/\/www.doctoragibert.com\/es\/wp-json\/wp\/v2\/pages\/22246\/revisions"}],"predecessor-version":[{"id":22253,"href":"https:\/\/www.doctoragibert.com\/es\/wp-json\/wp\/v2\/pages\/22246\/revisions\/22253"}],"up":[{"embeddable":true,"href":"https:\/\/www.doctoragibert.com\/es\/wp-json\/wp\/v2\/pages\/15353"}],"wp:attachment":[{"href":"https:\/\/www.doctoragibert.com\/es\/wp-json\/wp\/v2\/media?parent=22246"}],"curies":[{"name":"wp","href":"https:\/\/api.w.org\/{rel}","templated":true}]}}