{"id":22351,"date":"2024-02-11T00:11:55","date_gmt":"2024-02-11T00:11:55","guid":{"rendered":"https:\/\/www.doctoragibert.com\/pacientes\/enfermedades-de-la-mama\/mames-denses\/"},"modified":"2024-02-11T08:14:51","modified_gmt":"2024-02-11T08:14:51","slug":"mames-denses","status":"publish","type":"page","link":"https:\/\/www.doctoragibert.com\/es\/pacientes\/enfermedades-de-la-mama\/mames-denses\/","title":{"rendered":"MAMAS DENSAS EN LA MAMOGRAF\u00cdA: \u00bfpor qu\u00e9 me recomiendan que me haga una ecograf\u00eda mamaria?"},"content":{"rendered":"<p style=\"margin: 0cm; background: white;\"><em><span style=\"font-family: Poppins; color: #404040;\">Autora: Dra. MJ Gibert.<\/span><\/em><\/p>\n<p style=\"margin: 0cm; background: white;\"><em><span style=\"font-family: Poppins; color: #404040;\">Fecha de actualizaci\u00f3n: 11\/2\/24.<\/span><\/em><\/p>\n<p style=\"margin: 0cm; background: white;\"><em><span style=\"font-family: Poppins; color: #404040;\">Fechas de versiones previas: 21\/6\/16.<\/span><\/em><\/p>\n<p>&nbsp;<\/p>\n<h3><span style=\"color: #008080;\"><strong><img fetchpriority=\"high\" decoding=\"async\" class=\"alignright wp-image-22340\" src=\"https:\/\/www.doctoragibert.com\/wp-content\/uploads\/2024\/02\/Anatomia_mama_cast.jpg\" alt=\"\" width=\"285\" height=\"285\" \/><\/strong>LA DENSIDAD MAMARIA TIENE QUE VER CON LA ANATOM\u00cdA<br \/>\n<\/span><\/h3>\n<p>La mama est\u00e1 compuesta de <strong>cuatro tipos diferentes de tejido<\/strong>: una parte \u201cnoble\u201d o <strong>glandular<\/strong> que es la que produce leche y la conduce a la punta del pez\u00f3n (lobulillos y conductos), el <strong>tejido fibroso<\/strong> (une la gl\u00e1ndula a la piel y al m\u00fasculo que est\u00e1 por debajo de la mama o m\u00fasculo pectoral), la <strong>grasa<\/strong> que hace de almohadilla de la gl\u00e1ndula mamaria y la <strong>piel<\/strong> que act\u00faa como una bolsa que lo envuelve y lo mantiene todo junto. La ilustraci\u00f3n adjunta pretende facilitar la comprensi\u00f3n de la anatom\u00eda.<\/p>\n<p>La proporci\u00f3n entre grasa y tejido fibroglandular es variable, predominando la grasa en mujeres m\u00e1s obesas y en la menopausia.<\/p>\n<p>&nbsp;<\/p>\n<hr \/>\n<h1 style=\"text-align: center;\"><span style=\"color: #008080;\">La densidad mamaria suele ser mayor en mujeres en edad de tener la regla, ya que refleja la cantidad de gl\u00e1ndula mamaria en disposici\u00f3n de producir leche<\/span><\/h1>\n<hr \/>\n<p>&nbsp;<\/p>\n<h3><span style=\"color: #008080;\">LAS MAMOGRAF\u00cdAS MUESTRAN LA GL\u00c1NDULA COMO BLANCA Y LA GRASA COMO NEGRA<\/span><\/h3>\n<p><strong><img decoding=\"async\" class=\"wp-image-22344 alignleft\" src=\"https:\/\/www.doctoragibert.com\/wp-content\/uploads\/2024\/02\/Mx_esquema_cast.jpg\" alt=\"\" width=\"267\" height=\"267\" \/><\/strong><strong>En las mamograf\u00edas, el tejido graso se ve negro, mientras que los tejidos \u00a0glandular, fibroso y los tumores se ven blancos.<\/strong> En el dibujo adjunto, se explica la diferencia de colores.<\/p>\n<p style=\"margin-bottom: 18.0pt; background: white;\"><span style=\"font-family: Poppins; color: #404040; background: white;\">Si la <b>mama es muy grasa<\/b>, se la ve muy negra en la mamograf\u00eda, lo cual provocar\u00e1 que, <b>si hay un tumor, destaque f\u00e1cilmente<\/b> como blanco sobre un fondo negro. Al contrario, si la <b>mama es fibrosa<\/b>, porque la paciente es delgada, joven o sus mamas son constitucionalmente as\u00ed (displasia fibroqu\u00edstica), en la mamograf\u00eda se ver\u00e1n parches m\u00e1s o menos extensos de tejido blanco, lo cual <b>puede ocultar un tumor de mama<\/b>.<\/span><\/p>\n<p>&nbsp;<\/p>\n<p>&nbsp;<\/p>\n<hr \/>\n<h1 style=\"text-align: center;\"><span style=\"color: #008080;\">Las mamas densas pueden ocultar tumores tanto por palpaci\u00f3n como por mamograf\u00eda, por tanto, se suele recurrir a la ecograf\u00eda para mejorar el diagn\u00f3stico<\/span><\/h1>\n<hr \/>\n<p>&nbsp;<\/p>\n<h3><span style=\"color: teal;\">LA CLASIFICACI\u00d3N DE LA DENSIDAD<\/span><\/h3>\n<p>En la ilustraci\u00f3n adjunta pod\u00e9is ver <strong>una gradaci\u00f3n de densidad<\/strong> de las mamas, es decir, las de la izquierda son m\u00e1s grasas o negres y las de la dercha son casi blancas.<\/p>\n<p><img decoding=\"async\" class=\" wp-image-22336 aligncenter\" src=\"https:\/\/www.doctoragibert.com\/wp-content\/uploads\/2024\/02\/ACR_densitat_cast.jpg\" alt=\"\" width=\"672\" height=\"504\" \/><\/p>\n<p>Los radi\u00f3logos se fijan mucho en estos aspectos y lo suelen dejar anotado en vuestros informes con una letra seguida de las iniciales <strong>ACR<\/strong> que significan American College of Radiologists o Colegio Americano de Radi\u00f3logos, visto qu es la organizaci\u00f3n que propuso esta clasificaci\u00f3n utilizada mundialmente. As\u00ed, las letras significan:<\/p>\n<ul>\n<li><strong>A:<\/strong> o <strong>predominantemente graso<\/strong>. Es poco frecuente y predomina en las mujeres m\u00e1s mayores.<\/li>\n<li><strong>B:<\/strong> <strong>\u00e1reas dispersas de densidad fibroglandular<\/strong>, pero hay m\u00e1s zonas negras que blancas. Es el m\u00e1s frecuente.<\/li>\n<li><strong>C:<\/strong> <strong>heterog\u00e9neamente denso<\/strong>, esto es, hay m\u00e1s zonas blancas que negras. Es algo menos frecuente que el anterior.<\/li>\n<li><strong>D:<\/strong> <strong>extremadamente denso<\/strong> o casi toda la mama aparece como blanca en la mamograf\u00eda. Si bien no es habitual, es m\u00e1s frecuente que el A al menos en las edades en las que se solicitan las mamograf\u00edas preventivas.<\/li>\n<\/ul>\n<p>Si una mama densa tiene un tumor, es m\u00e1s dif\u00edcil de hallar tambi\u00e9n <strong>por palpaci\u00f3n<\/strong>, porque son mamas dif\u00edciles. Igualmente, la mayor densidad mamaria tiene algo m\u00e1s de riesgo de derivar en un c\u00e1ncer de mama, por tanto, el recurso a otras pruebas de imagen, incluso m\u00e1s frecuentes, son medidas de prudencia.<\/p>\n<p><strong>Los radi\u00f3logos<\/strong>, conscientes de que las mamas fibrosas pueden \u201ctapar\u201d un tumor, <a href=\"https:\/\/www.doctoragibert.com\/es\/pacientes\/enfermedades-de-la-mama\/ecografies-mamografies\/\" target=\"_blank\" rel=\"noopener\"><strong>suelen recomendar que la mamograf\u00eda se complete con una ecograf\u00eda<\/strong><\/a>. Esta \u00faltima prueba permite identificar n\u00f3dulos y clasificarlos en s\u00f3lidos o l\u00edquidos (quistes). Los n\u00f3dulos s\u00f3lidos se definir\u00e1n de acuerdo a una serie de caracter\u00edsticas y, si dudamos o sospechamos un posible c\u00e1ncer, lo mejor ser\u00e1 hacer una biopsia para conocer la naturaleza exacta del mismo. En cambio, los quistes simples son claramente benignos y no precisan tratamiento si no dan s\u00edntomas.<\/p>\n<p>Si prefer\u00eds otro formato u os interesa comprobar si lo hab\u00e9is comprendido, os hemos preparado <a href=\"https:\/\/www.instagram.com\/p\/C3MzDYtJGfz\/\" target=\"_blank\" rel=\"noopener\">un v\u00eddeo explicativo<\/a>.<\/p>\n<p>&nbsp;<\/p>\n<h4><span style=\"color: #008080;\">FUENTES DE LA INFORMACI\u00d3N:<\/span><\/h4>\n<ul>\n<li>Barlow WE, White E, Ballard-Barbash R, Vacek PM, Titus-Ernstoff L, Carney PA, Tice JA, Buist DS, Geller BM, Rosenberg R, Yankaskas BC, Kerlikowske K. Prospective breast cancer risk prediction model for women undergoing screening mammography. J Natl Cancer Inst. 2006;98:1204-14. [acceso 10-3-24], Disponible en: <a href=\"http:\/\/www.ncbi.nlm.nih.gov\/pubmed\/16954473\" target=\"_blank\" rel=\"noopener\">http:\/\/www.ncbi.nlm.nih.gov\/pubmed\/16954473<\/a><\/li>\n<\/ul>\n","protected":false},"excerpt":{"rendered":"<p>Autora: Dra. MJ Gibert. Fecha de actualizaci\u00f3n: 11\/2\/24. Fechas de versiones previas: 21\/6\/16. &nbsp; LA DENSIDAD MAMARIA TIENE QUE VER CON LA ANATOM\u00cdA La mama est\u00e1 compuesta de cuatro tipos diferentes de tejido: una parte \u201cnoble\u201d o glandular que es la que produce leche y la conduce a la punta del pez\u00f3n (lobulillos y conductos), [&hellip;]<\/p>\n","protected":false},"author":12,"featured_media":0,"parent":15516,"menu_order":0,"comment_status":"closed","ping_status":"closed","template":"page-limpia.php","meta":{"footnotes":""},"class_list":["post-22351","page","type-page","status-publish","hentry"],"yoast_head":"<!-- This site is optimized with the Yoast SEO plugin v25.0 - https:\/\/yoast.com\/wordpress\/plugins\/seo\/ -->\n<title>MAMAS DENSAS EN LA MAMOGRAF\u00cdA: \u00bfpor qu\u00e9 me recomiendan que me haga una ecograf\u00eda mamaria? - DRA. GIBERT<\/title>\n<meta name=\"robots\" content=\"index, follow, max-snippet:-1, max-image-preview:large, max-video-preview:-1\" \/>\n<link rel=\"canonical\" href=\"https:\/\/www.doctoragibert.com\/es\/pacientes\/enfermedades-de-la-mama\/mames-denses\/\" \/>\n<meta property=\"og:locale\" content=\"es_ES\" \/>\n<meta property=\"og:type\" content=\"article\" \/>\n<meta property=\"og:title\" content=\"MAMAS DENSAS EN LA MAMOGRAF\u00cdA: \u00bfpor qu\u00e9 me recomiendan que me haga una ecograf\u00eda mamaria? - DRA. GIBERT\" \/>\n<meta property=\"og:description\" content=\"Autora: Dra. MJ Gibert. Fecha de actualizaci\u00f3n: 11\/2\/24. Fechas de versiones previas: 21\/6\/16. &nbsp; LA DENSIDAD MAMARIA TIENE QUE VER CON LA ANATOM\u00cdA La mama est\u00e1 compuesta de cuatro tipos diferentes de tejido: una parte \u201cnoble\u201d o glandular que es la que produce leche y la conduce a la punta del pez\u00f3n (lobulillos y conductos), [&hellip;]\" \/>\n<meta property=\"og:url\" content=\"https:\/\/www.doctoragibert.com\/es\/pacientes\/enfermedades-de-la-mama\/mames-denses\/\" \/>\n<meta property=\"og:site_name\" content=\"DRA. GIBERT\" \/>\n<meta property=\"article:publisher\" content=\"https:\/\/www.facebook.com\/doctoragibert\" \/>\n<meta property=\"article:modified_time\" content=\"2024-02-11T08:14:51+00:00\" \/>\n<meta property=\"og:image\" content=\"https:\/\/www.doctoragibert.com\/wp-content\/uploads\/2024\/02\/Anatomia_mama_cast.jpg\" \/>\n<meta name=\"twitter:label1\" content=\"Tiempo de lectura\" \/>\n\t<meta name=\"twitter:data1\" content=\"4 minutos\" \/>\n<script type=\"application\/ld+json\" class=\"yoast-schema-graph\">{\"@context\":\"https:\/\/schema.org\",\"@graph\":[{\"@type\":\"WebPage\",\"@id\":\"https:\/\/www.doctoragibert.com\/es\/pacientes\/enfermedades-de-la-mama\/mames-denses\/\",\"url\":\"https:\/\/www.doctoragibert.com\/es\/pacientes\/enfermedades-de-la-mama\/mames-denses\/\",\"name\":\"MAMAS DENSAS EN LA MAMOGRAF\u00cdA: \u00bfpor qu\u00e9 me recomiendan que me haga una ecograf\u00eda mamaria? - DRA. GIBERT\",\"isPartOf\":{\"@id\":\"https:\/\/www.doctoragibert.com\/es\/#website\"},\"primaryImageOfPage\":{\"@id\":\"https:\/\/www.doctoragibert.com\/es\/pacientes\/enfermedades-de-la-mama\/mames-denses\/#primaryimage\"},\"image\":{\"@id\":\"https:\/\/www.doctoragibert.com\/es\/pacientes\/enfermedades-de-la-mama\/mames-denses\/#primaryimage\"},\"thumbnailUrl\":\"https:\/\/www.doctoragibert.com\/wp-content\/uploads\/2024\/02\/Anatomia_mama_cast.jpg\",\"datePublished\":\"2024-02-11T00:11:55+00:00\",\"dateModified\":\"2024-02-11T08:14:51+00:00\",\"breadcrumb\":{\"@id\":\"https:\/\/www.doctoragibert.com\/es\/pacientes\/enfermedades-de-la-mama\/mames-denses\/#breadcrumb\"},\"inLanguage\":\"es\",\"potentialAction\":[{\"@type\":\"ReadAction\",\"target\":[\"https:\/\/www.doctoragibert.com\/es\/pacientes\/enfermedades-de-la-mama\/mames-denses\/\"]}]},{\"@type\":\"ImageObject\",\"inLanguage\":\"es\",\"@id\":\"https:\/\/www.doctoragibert.com\/es\/pacientes\/enfermedades-de-la-mama\/mames-denses\/#primaryimage\",\"url\":\"https:\/\/www.doctoragibert.com\/wp-content\/uploads\/2024\/02\/Anatomia_mama_cast.jpg\",\"contentUrl\":\"https:\/\/www.doctoragibert.com\/wp-content\/uploads\/2024\/02\/Anatomia_mama_cast.jpg\"},{\"@type\":\"BreadcrumbList\",\"@id\":\"https:\/\/www.doctoragibert.com\/es\/pacientes\/enfermedades-de-la-mama\/mames-denses\/#breadcrumb\",\"itemListElement\":[{\"@type\":\"ListItem\",\"position\":1,\"name\":\"PACIENTES\",\"item\":\"https:\/\/www.doctoragibert.com\/es\/pacientes\/\"},{\"@type\":\"ListItem\",\"position\":2,\"name\":\"ENFERMEDADES DE LA MAMA\",\"item\":\"https:\/\/www.doctoragibert.com\/es\/pacientes\/enfermedades-de-la-mama\/\"},{\"@type\":\"ListItem\",\"position\":3,\"name\":\"MAMAS DENSAS EN LA MAMOGRAF\u00cdA: \u00bfpor qu\u00e9 me recomiendan que me haga una ecograf\u00eda mamaria?\"}]},{\"@type\":\"WebSite\",\"@id\":\"https:\/\/www.doctoragibert.com\/es\/#website\",\"url\":\"https:\/\/www.doctoragibert.com\/es\/\",\"name\":\"DRA. GIBERT\",\"description\":\"Ginecologia i obstetricia\",\"potentialAction\":[{\"@type\":\"SearchAction\",\"target\":{\"@type\":\"EntryPoint\",\"urlTemplate\":\"https:\/\/www.doctoragibert.com\/es\/?s={search_term_string}\"},\"query-input\":{\"@type\":\"PropertyValueSpecification\",\"valueRequired\":true,\"valueName\":\"search_term_string\"}}],\"inLanguage\":\"es\"}]}<\/script>\n<!-- \/ Yoast SEO plugin. -->","yoast_head_json":{"title":"MAMAS DENSAS EN LA MAMOGRAF\u00cdA: \u00bfpor qu\u00e9 me recomiendan que me haga una ecograf\u00eda mamaria? - DRA. GIBERT","robots":{"index":"index","follow":"follow","max-snippet":"max-snippet:-1","max-image-preview":"max-image-preview:large","max-video-preview":"max-video-preview:-1"},"canonical":"https:\/\/www.doctoragibert.com\/es\/pacientes\/enfermedades-de-la-mama\/mames-denses\/","og_locale":"es_ES","og_type":"article","og_title":"MAMAS DENSAS EN LA MAMOGRAF\u00cdA: \u00bfpor qu\u00e9 me recomiendan que me haga una ecograf\u00eda mamaria? - DRA. GIBERT","og_description":"Autora: Dra. MJ Gibert. Fecha de actualizaci\u00f3n: 11\/2\/24. Fechas de versiones previas: 21\/6\/16. &nbsp; LA DENSIDAD MAMARIA TIENE QUE VER CON LA ANATOM\u00cdA La mama est\u00e1 compuesta de cuatro tipos diferentes de tejido: una parte \u201cnoble\u201d o glandular que es la que produce leche y la conduce a la punta del pez\u00f3n (lobulillos y conductos), [&hellip;]","og_url":"https:\/\/www.doctoragibert.com\/es\/pacientes\/enfermedades-de-la-mama\/mames-denses\/","og_site_name":"DRA. GIBERT","article_publisher":"https:\/\/www.facebook.com\/doctoragibert","article_modified_time":"2024-02-11T08:14:51+00:00","og_image":[{"url":"https:\/\/www.doctoragibert.com\/wp-content\/uploads\/2024\/02\/Anatomia_mama_cast.jpg","type":"","width":"","height":""}],"twitter_misc":{"Tiempo de lectura":"4 minutos"},"schema":{"@context":"https:\/\/schema.org","@graph":[{"@type":"WebPage","@id":"https:\/\/www.doctoragibert.com\/es\/pacientes\/enfermedades-de-la-mama\/mames-denses\/","url":"https:\/\/www.doctoragibert.com\/es\/pacientes\/enfermedades-de-la-mama\/mames-denses\/","name":"MAMAS DENSAS EN LA MAMOGRAF\u00cdA: \u00bfpor qu\u00e9 me recomiendan que me haga una ecograf\u00eda mamaria? - DRA. GIBERT","isPartOf":{"@id":"https:\/\/www.doctoragibert.com\/es\/#website"},"primaryImageOfPage":{"@id":"https:\/\/www.doctoragibert.com\/es\/pacientes\/enfermedades-de-la-mama\/mames-denses\/#primaryimage"},"image":{"@id":"https:\/\/www.doctoragibert.com\/es\/pacientes\/enfermedades-de-la-mama\/mames-denses\/#primaryimage"},"thumbnailUrl":"https:\/\/www.doctoragibert.com\/wp-content\/uploads\/2024\/02\/Anatomia_mama_cast.jpg","datePublished":"2024-02-11T00:11:55+00:00","dateModified":"2024-02-11T08:14:51+00:00","breadcrumb":{"@id":"https:\/\/www.doctoragibert.com\/es\/pacientes\/enfermedades-de-la-mama\/mames-denses\/#breadcrumb"},"inLanguage":"es","potentialAction":[{"@type":"ReadAction","target":["https:\/\/www.doctoragibert.com\/es\/pacientes\/enfermedades-de-la-mama\/mames-denses\/"]}]},{"@type":"ImageObject","inLanguage":"es","@id":"https:\/\/www.doctoragibert.com\/es\/pacientes\/enfermedades-de-la-mama\/mames-denses\/#primaryimage","url":"https:\/\/www.doctoragibert.com\/wp-content\/uploads\/2024\/02\/Anatomia_mama_cast.jpg","contentUrl":"https:\/\/www.doctoragibert.com\/wp-content\/uploads\/2024\/02\/Anatomia_mama_cast.jpg"},{"@type":"BreadcrumbList","@id":"https:\/\/www.doctoragibert.com\/es\/pacientes\/enfermedades-de-la-mama\/mames-denses\/#breadcrumb","itemListElement":[{"@type":"ListItem","position":1,"name":"PACIENTES","item":"https:\/\/www.doctoragibert.com\/es\/pacientes\/"},{"@type":"ListItem","position":2,"name":"ENFERMEDADES DE LA MAMA","item":"https:\/\/www.doctoragibert.com\/es\/pacientes\/enfermedades-de-la-mama\/"},{"@type":"ListItem","position":3,"name":"MAMAS DENSAS EN LA MAMOGRAF\u00cdA: \u00bfpor qu\u00e9 me recomiendan que me haga una ecograf\u00eda mamaria?"}]},{"@type":"WebSite","@id":"https:\/\/www.doctoragibert.com\/es\/#website","url":"https:\/\/www.doctoragibert.com\/es\/","name":"DRA. GIBERT","description":"Ginecologia i obstetricia","potentialAction":[{"@type":"SearchAction","target":{"@type":"EntryPoint","urlTemplate":"https:\/\/www.doctoragibert.com\/es\/?s={search_term_string}"},"query-input":{"@type":"PropertyValueSpecification","valueRequired":true,"valueName":"search_term_string"}}],"inLanguage":"es"}]}},"_links":{"self":[{"href":"https:\/\/www.doctoragibert.com\/es\/wp-json\/wp\/v2\/pages\/22351","targetHints":{"allow":["GET"]}}],"collection":[{"href":"https:\/\/www.doctoragibert.com\/es\/wp-json\/wp\/v2\/pages"}],"about":[{"href":"https:\/\/www.doctoragibert.com\/es\/wp-json\/wp\/v2\/types\/page"}],"author":[{"embeddable":true,"href":"https:\/\/www.doctoragibert.com\/es\/wp-json\/wp\/v2\/users\/12"}],"replies":[{"embeddable":true,"href":"https:\/\/www.doctoragibert.com\/es\/wp-json\/wp\/v2\/comments?post=22351"}],"version-history":[{"count":4,"href":"https:\/\/www.doctoragibert.com\/es\/wp-json\/wp\/v2\/pages\/22351\/revisions"}],"predecessor-version":[{"id":22382,"href":"https:\/\/www.doctoragibert.com\/es\/wp-json\/wp\/v2\/pages\/22351\/revisions\/22382"}],"up":[{"embeddable":true,"href":"https:\/\/www.doctoragibert.com\/es\/wp-json\/wp\/v2\/pages\/15516"}],"wp:attachment":[{"href":"https:\/\/www.doctoragibert.com\/es\/wp-json\/wp\/v2\/media?parent=22351"}],"curies":[{"name":"wp","href":"https:\/\/api.w.org\/{rel}","templated":true}]}}