{"id":22686,"date":"2024-08-14T10:41:45","date_gmt":"2024-08-14T10:41:45","guid":{"rendered":"https:\/\/www.doctoragibert.com\/localitzacio\/"},"modified":"2024-09-05T09:23:23","modified_gmt":"2024-09-05T09:23:23","slug":"localizacion","status":"publish","type":"page","link":"https:\/\/www.doctoragibert.com\/es\/localizacion\/","title":{"rendered":"LOCALIZACI\u00d3N"},"content":{"rendered":"\t\t<div data-elementor-type=\"wp-page\" data-elementor-id=\"22686\" class=\"elementor elementor-22686 elementor-22684\">\n\t\t\t\t\t\t<section class=\"elementor-section elementor-top-section elementor-element elementor-element-670c30c9 elementor-section-boxed elementor-section-height-default elementor-section-height-default\" data-id=\"670c30c9\" data-element_type=\"section\">\n\t\t\t\t\t\t<div class=\"elementor-container elementor-column-gap-default\">\n\t\t\t\t\t<div class=\"elementor-column elementor-col-100 elementor-top-column elementor-element elementor-element-83898fc\" data-id=\"83898fc\" data-element_type=\"column\" data-settings=\"{&quot;background_background&quot;:&quot;classic&quot;}\">\n\t\t\t<div class=\"elementor-widget-wrap elementor-element-populated\">\n\t\t\t\t\t<div class=\"elementor-background-overlay\"><\/div>\n\t\t\t\t\t\t<div class=\"elementor-element elementor-element-19a42c61 elementor-widget elementor-widget-heading\" data-id=\"19a42c61\" data-element_type=\"widget\" data-widget_type=\"heading.default\">\n\t\t\t\t<div class=\"elementor-widget-container\">\n\t\t\t\t\t<h2 class=\"elementor-heading-title elementor-size-default\">Localizaci\u00f3n<\/h2>\t\t\t\t<\/div>\n\t\t\t\t<\/div>\n\t\t\t\t\t<\/div>\n\t\t<\/div>\n\t\t\t\t\t<\/div>\n\t\t<\/section>\n\t\t\t\t<section class=\"elementor-section elementor-top-section elementor-element elementor-element-c33d20a elementor-section-boxed elementor-section-height-default elementor-section-height-default\" data-id=\"c33d20a\" data-element_type=\"section\">\n\t\t\t\t\t\t<div class=\"elementor-container elementor-column-gap-default\">\n\t\t\t\t\t<div class=\"elementor-column elementor-col-100 elementor-top-column elementor-element elementor-element-d7f733e\" data-id=\"d7f733e\" data-element_type=\"column\">\n\t\t\t<div class=\"elementor-widget-wrap elementor-element-populated\">\n\t\t\t\t\t\t<div class=\"elementor-element elementor-element-2db5687 elementor-widget elementor-widget-spacer\" data-id=\"2db5687\" data-element_type=\"widget\" data-widget_type=\"spacer.default\">\n\t\t\t\t<div class=\"elementor-widget-container\">\n\t\t\t\t\t\t\t<div class=\"elementor-spacer\">\n\t\t\t<div class=\"elementor-spacer-inner\"><\/div>\n\t\t<\/div>\n\t\t\t\t\t\t<\/div>\n\t\t\t\t<\/div>\n\t\t\t\t<div class=\"elementor-element elementor-element-6b4517f elementor-view-default elementor-widget elementor-widget-icon\" data-id=\"6b4517f\" data-element_type=\"widget\" data-widget_type=\"icon.default\">\n\t\t\t\t<div class=\"elementor-widget-container\">\n\t\t\t\t\t\t\t<div class=\"elementor-icon-wrapper\">\n\t\t\t<div class=\"elementor-icon\">\n\t\t\t<i aria-hidden=\"true\" class=\"fas fa-map-marker-alt\"><\/i>\t\t\t<\/div>\n\t\t<\/div>\n\t\t\t\t\t\t<\/div>\n\t\t\t\t<\/div>\n\t\t\t\t<div class=\"elementor-element elementor-element-fabff80 elementor-widget elementor-widget-heading\" data-id=\"fabff80\" data-element_type=\"widget\" data-widget_type=\"heading.default\">\n\t\t\t\t<div class=\"elementor-widget-container\">\n\t\t\t\t\t<h2 class=\"elementor-heading-title elementor-size-default\">D\u00f3nde estamos<\/h2>\t\t\t\t<\/div>\n\t\t\t\t<\/div>\n\t\t\t\t<div class=\"elementor-element elementor-element-40fe192 elementor-widget-divider--view-line elementor-widget elementor-widget-divider\" data-id=\"40fe192\" data-element_type=\"widget\" data-widget_type=\"divider.default\">\n\t\t\t\t<div class=\"elementor-widget-container\">\n\t\t\t\t\t\t\t<div class=\"elementor-divider\">\n\t\t\t<span class=\"elementor-divider-separator\">\n\t\t\t\t\t\t<\/span>\n\t\t<\/div>\n\t\t\t\t\t\t<\/div>\n\t\t\t\t<\/div>\n\t\t\t\t\t<\/div>\n\t\t<\/div>\n\t\t\t\t\t<\/div>\n\t\t<\/section>\n\t\t\t\t<section class=\"elementor-section elementor-top-section elementor-element elementor-element-364dfe2 elementor-section-content-middle elementor-section-boxed elementor-section-height-default elementor-section-height-default\" data-id=\"364dfe2\" data-element_type=\"section\">\n\t\t\t\t\t\t<div class=\"elementor-container elementor-column-gap-wider\">\n\t\t\t\t\t<div class=\"elementor-column elementor-col-100 elementor-top-column elementor-element elementor-element-0d1afcb\" data-id=\"0d1afcb\" data-element_type=\"column\">\n\t\t\t<div class=\"elementor-widget-wrap elementor-element-populated\">\n\t\t\t\t\t\t<div class=\"elementor-element elementor-element-a712bd8 elementor-widget elementor-widget-text-editor\" data-id=\"a712bd8\" data-element_type=\"widget\" data-widget_type=\"text-editor.default\">\n\t\t\t\t<div class=\"elementor-widget-container\">\n\t\t\t\t\t\t\t\t\t<div class=\"fusion-text fusion-text-3\"><p><strong>Consulta de la Dra. Gibert a l\u2019Instituto de Fertilidad<\/strong><br \/>Carrer Cal\u00e7at, 6 (esquina con carrer Fertilitzants)<br \/>07011 Pol\u00edgon Son Valent\u00ed \u2013 Palma de Mallorca<\/p><p>Las\u00a0<strong>citas m\u00e8dicas<\/strong>\u00a0son en\u00a0<strong>horas concertadas<\/strong>\u00a0pero, si tiene que\u00a0<strong>recoger alg\u00fan documento<\/strong>\u00a0que tenga depositado a su nombre, el Instituto de Fertilidad tiene su servicio de Recepci\u00f3n abierto de lunes a viernes, de 9 a 20:30, sin interrupci\u00f3n.<br \/>Pr\u00e1cticamente a diario, en el Instituto de Fertilidad pasa visita alg\u00fan ginec\u00f3logo de nuestro equipo. As\u00edmismo, le recomendamos que, antes de ir a nuestra consulta, o bien est\u00e9 citada, o bien se asegure que nuestros ginec\u00f3logos est\u00e9n, llamando antes de desplazarse.<\/p><\/div>\t\t\t\t\t\t\t\t<\/div>\n\t\t\t\t<\/div>\n\t\t\t\t\t<\/div>\n\t\t<\/div>\n\t\t\t\t\t<\/div>\n\t\t<\/section>\n\t\t\t\t<section class=\"elementor-section elementor-top-section elementor-element elementor-element-ee14984 elementor-section-content-middle elementor-section-full_width elementor-section-height-default elementor-section-height-default\" data-id=\"ee14984\" data-element_type=\"section\">\n\t\t\t\t\t\t<div class=\"elementor-container elementor-column-gap-wider\">\n\t\t\t\t\t<div class=\"elementor-column elementor-col-100 elementor-top-column elementor-element elementor-element-d7316d9\" data-id=\"d7316d9\" data-element_type=\"column\">\n\t\t\t<div class=\"elementor-widget-wrap elementor-element-populated\">\n\t\t\t\t\t\t<div class=\"elementor-element elementor-element-38d2477 elementor-widget elementor-widget-text-editor\" data-id=\"38d2477\" data-element_type=\"widget\" data-widget_type=\"text-editor.default\">\n\t\t\t\t<div class=\"elementor-widget-container\">\n\t\t\t\t\t\t\t\t\t<p><iframe style=\"border: 0;\" src=\"https:\/\/www.google.com\/maps\/embed?pb=!1m18!1m12!1m3!1d3074.480555446053!2d2.634330351278605!3d39.59385587936843!2m3!1f0!2f0!3f0!3m2!1i1024!2i768!4f13.1!3m3!1m2!1s0x1297f2b3ffffffbf%3A0xa308e188cb5e92da!2sDra.%20Gibert%20-%20Consulta%20de%20Ginecologia!5e0!3m2!1ses!2ses!4v1631862544033!5m2!1ses!2ses\" width=\"100%\" height=\"300\" allowfullscreen=\"allowfullscreen\"><\/iframe><\/p>\t\t\t\t\t\t\t\t<\/div>\n\t\t\t\t<\/div>\n\t\t\t\t\t<\/div>\n\t\t<\/div>\n\t\t\t\t\t<\/div>\n\t\t<\/section>\n\t\t\t\t<\/div>\n\t\t","protected":false},"excerpt":{"rendered":"<p>Localizaci\u00f3n D\u00f3nde estamos Consulta de la Dra. Gibert a l\u2019Instituto de FertilidadCarrer Cal\u00e7at, 6 (esquina con carrer Fertilitzants)07011 Pol\u00edgon Son Valent\u00ed \u2013 Palma de Mallorca Las\u00a0citas m\u00e8dicas\u00a0son en\u00a0horas concertadas\u00a0pero, si tiene que\u00a0recoger alg\u00fan documento\u00a0que tenga depositado a su nombre, el Instituto de Fertilidad tiene su servicio de Recepci\u00f3n abierto de lunes a viernes, de 9 [&hellip;]<\/p>\n","protected":false},"author":29996,"featured_media":0,"parent":0,"menu_order":0,"comment_status":"closed","ping_status":"closed","template":"elementor_header_footer","meta":{"footnotes":""},"class_list":["post-22686","page","type-page","status-publish","hentry"],"yoast_head":"<!-- This site is optimized with the Yoast SEO plugin v25.0 - https:\/\/yoast.com\/wordpress\/plugins\/seo\/ -->\n<title>DOCTORA MJ GIBERT, com arribar a la seva consulta<\/title>\n<meta name=\"description\" content=\"Dades de localitzaci\u00f3 dels llocs on la doctora MJ Gibert, ginec\u00f2loga i obstetra, realitza consultes i at\u00e9n els seus pacients.\" \/>\n<meta name=\"robots\" content=\"index, follow, max-snippet:-1, max-image-preview:large, max-video-preview:-1\" \/>\n<link rel=\"canonical\" href=\"https:\/\/www.doctoragibert.com\/es\/localizacion\/\" \/>\n<meta property=\"og:locale\" content=\"es_ES\" \/>\n<meta property=\"og:type\" content=\"article\" \/>\n<meta property=\"og:title\" content=\"DOCTORA MJ GIBERT, com arribar a la seva consulta\" \/>\n<meta property=\"og:description\" content=\"Dades de localitzaci\u00f3 dels llocs on la doctora MJ Gibert, ginec\u00f2loga i obstetra, realitza consultes i at\u00e9n els seus pacients.\" \/>\n<meta property=\"og:url\" content=\"https:\/\/www.doctoragibert.com\/es\/localizacion\/\" \/>\n<meta property=\"og:site_name\" content=\"DRA. GIBERT\" \/>\n<meta property=\"article:publisher\" content=\"https:\/\/www.facebook.com\/doctoragibert\" \/>\n<meta property=\"article:modified_time\" content=\"2024-09-05T09:23:23+00:00\" \/>\n<meta name=\"twitter:label1\" content=\"Tiempo de lectura\" \/>\n\t<meta name=\"twitter:data1\" content=\"1 minuto\" \/>\n<script type=\"application\/ld+json\" class=\"yoast-schema-graph\">{\"@context\":\"https:\/\/schema.org\",\"@graph\":[{\"@type\":\"WebPage\",\"@id\":\"https:\/\/www.doctoragibert.com\/es\/localizacion\/\",\"url\":\"https:\/\/www.doctoragibert.com\/es\/localizacion\/\",\"name\":\"DOCTORA MJ GIBERT, com arribar a la seva consulta\",\"isPartOf\":{\"@id\":\"https:\/\/www.doctoragibert.com\/es\/#website\"},\"datePublished\":\"2024-08-14T10:41:45+00:00\",\"dateModified\":\"2024-09-05T09:23:23+00:00\",\"description\":\"Dades de localitzaci\u00f3 dels llocs on la doctora MJ Gibert, ginec\u00f2loga i obstetra, realitza consultes i at\u00e9n els seus pacients.\",\"inLanguage\":\"es\",\"potentialAction\":[{\"@type\":\"ReadAction\",\"target\":[\"https:\/\/www.doctoragibert.com\/es\/localizacion\/\"]}]},{\"@type\":\"WebSite\",\"@id\":\"https:\/\/www.doctoragibert.com\/es\/#website\",\"url\":\"https:\/\/www.doctoragibert.com\/es\/\",\"name\":\"DRA. GIBERT\",\"description\":\"Ginecologia i obstetricia\",\"potentialAction\":[{\"@type\":\"SearchAction\",\"target\":{\"@type\":\"EntryPoint\",\"urlTemplate\":\"https:\/\/www.doctoragibert.com\/es\/?s={search_term_string}\"},\"query-input\":{\"@type\":\"PropertyValueSpecification\",\"valueRequired\":true,\"valueName\":\"search_term_string\"}}],\"inLanguage\":\"es\"}]}<\/script>\n<!-- \/ Yoast SEO plugin. -->","yoast_head_json":{"title":"DOCTORA MJ GIBERT, com arribar a la seva consulta","description":"Dades de localitzaci\u00f3 dels llocs on la doctora MJ Gibert, ginec\u00f2loga i obstetra, realitza consultes i at\u00e9n els seus pacients.","robots":{"index":"index","follow":"follow","max-snippet":"max-snippet:-1","max-image-preview":"max-image-preview:large","max-video-preview":"max-video-preview:-1"},"canonical":"https:\/\/www.doctoragibert.com\/es\/localizacion\/","og_locale":"es_ES","og_type":"article","og_title":"DOCTORA MJ GIBERT, com arribar a la seva consulta","og_description":"Dades de localitzaci\u00f3 dels llocs on la doctora MJ Gibert, ginec\u00f2loga i obstetra, realitza consultes i at\u00e9n els seus pacients.","og_url":"https:\/\/www.doctoragibert.com\/es\/localizacion\/","og_site_name":"DRA. GIBERT","article_publisher":"https:\/\/www.facebook.com\/doctoragibert","article_modified_time":"2024-09-05T09:23:23+00:00","twitter_misc":{"Tiempo de lectura":"1 minuto"},"schema":{"@context":"https:\/\/schema.org","@graph":[{"@type":"WebPage","@id":"https:\/\/www.doctoragibert.com\/es\/localizacion\/","url":"https:\/\/www.doctoragibert.com\/es\/localizacion\/","name":"DOCTORA MJ GIBERT, com arribar a la seva consulta","isPartOf":{"@id":"https:\/\/www.doctoragibert.com\/es\/#website"},"datePublished":"2024-08-14T10:41:45+00:00","dateModified":"2024-09-05T09:23:23+00:00","description":"Dades de localitzaci\u00f3 dels llocs on la doctora MJ Gibert, ginec\u00f2loga i obstetra, realitza consultes i at\u00e9n els seus pacients.","inLanguage":"es","potentialAction":[{"@type":"ReadAction","target":["https:\/\/www.doctoragibert.com\/es\/localizacion\/"]}]},{"@type":"WebSite","@id":"https:\/\/www.doctoragibert.com\/es\/#website","url":"https:\/\/www.doctoragibert.com\/es\/","name":"DRA. GIBERT","description":"Ginecologia i obstetricia","potentialAction":[{"@type":"SearchAction","target":{"@type":"EntryPoint","urlTemplate":"https:\/\/www.doctoragibert.com\/es\/?s={search_term_string}"},"query-input":{"@type":"PropertyValueSpecification","valueRequired":true,"valueName":"search_term_string"}}],"inLanguage":"es"}]}},"_links":{"self":[{"href":"https:\/\/www.doctoragibert.com\/es\/wp-json\/wp\/v2\/pages\/22686","targetHints":{"allow":["GET"]}}],"collection":[{"href":"https:\/\/www.doctoragibert.com\/es\/wp-json\/wp\/v2\/pages"}],"about":[{"href":"https:\/\/www.doctoragibert.com\/es\/wp-json\/wp\/v2\/types\/page"}],"author":[{"embeddable":true,"href":"https:\/\/www.doctoragibert.com\/es\/wp-json\/wp\/v2\/users\/29996"}],"replies":[{"embeddable":true,"href":"https:\/\/www.doctoragibert.com\/es\/wp-json\/wp\/v2\/comments?post=22686"}],"version-history":[{"count":3,"href":"https:\/\/www.doctoragibert.com\/es\/wp-json\/wp\/v2\/pages\/22686\/revisions"}],"predecessor-version":[{"id":22746,"href":"https:\/\/www.doctoragibert.com\/es\/wp-json\/wp\/v2\/pages\/22686\/revisions\/22746"}],"wp:attachment":[{"href":"https:\/\/www.doctoragibert.com\/es\/wp-json\/wp\/v2\/media?parent=22686"}],"curies":[{"name":"wp","href":"https:\/\/api.w.org\/{rel}","templated":true}]}}