{"id":23106,"date":"2024-11-08T11:07:06","date_gmt":"2024-11-08T11:07:06","guid":{"rendered":"https:\/\/www.doctoragibert.com\/?page_id=23106"},"modified":"2024-11-08T11:07:46","modified_gmt":"2024-11-08T11:07:46","slug":"toxoplasmosis","status":"publish","type":"page","link":"https:\/\/www.doctoragibert.com\/es\/pacientes\/embarazo-y-parto\/toxoplasmosis\/","title":{"rendered":"TOXOPLASMOSIS: \u00bfc\u00f3mo prevenirla?"},"content":{"rendered":"<p><em>Autora:<\/em>\u00a0Dra. MJ Gibert.<br \/>\n<em>Fecha de actualizaci\u00f3n:<\/em> 08\/11\/24.<br \/>\n<em>Fechas de versiones previas:<\/em> 2\/9\/18.<\/p>\n<p>&nbsp;<\/p>\n<p><img fetchpriority=\"high\" decoding=\"async\" class=\"alignright wp-image-23095\" src=\"https:\/\/www.doctoragibert.com\/wp-content\/uploads\/2024\/11\/toxoplasmosi-moix-scaled.jpg\" alt=\"\" width=\"400\" height=\"266\" srcset=\"https:\/\/www.doctoragibert.com\/wp-content\/uploads\/2024\/11\/toxoplasmosi-moix-scaled.jpg 2560w, https:\/\/www.doctoragibert.com\/wp-content\/uploads\/2024\/11\/toxoplasmosi-moix-1536x1020.jpg 1536w, https:\/\/www.doctoragibert.com\/wp-content\/uploads\/2024\/11\/toxoplasmosi-moix-2048x1360.jpg 2048w\" sizes=\"(max-width: 400px) 100vw, 400px\" \/>La toxoplasmosis es una de las infecciones m\u00e1s frecuentes en las personas a nivel mundial. No suele producir s\u00edntomas salvo en inmunodeprimidos y fetos. En el adulto, si llega a dar s\u00edntomas, suelen ser ganglios inflamados en el cuello, pero ello es muy poco frecuente y no s\u00f3lo los causan la toxoplasmosis sino otras enfermedades como la faringitis. Afortunadamente, si nuestras defensas son normales, esta enfermedad s\u00f3lo se pasa una vez y nos deja inmunizados de por vida, pero si la mujer se infecta cuando est\u00e1 embarazada hay riesgo de afectaci\u00f3n fetal, sobre todo al principio del embarazo. Los s\u00edntomas en nuestro hijo son variables y oscilan entre pocos o ning\u00fan s\u00edntoma y el aborto, el retraso mental, la epilepsia o la ceguera. El control habitual de los alimentos y la vida alejada del campo ha contribuido a que el n\u00famero de embarazadas que ha pasado la infecci\u00f3n haya ido bajando, de manera que\u00a0<b>s\u00f3lo el 15%, incluso puede ser que menos, de nuestras embarazadas est\u00e1n inmunizadas<\/b>.<\/p>\n<p>&nbsp;<\/p>\n<hr \/>\n<h1 style=\"text-align: center;\"><span style=\"color: #008080;\">Si una mujer se infecta de toxoplasmosis al principio del embarazo hay riesgo de afectaci\u00f3n fetal<\/span><span style=\"color: #008080; font-size: 16px;\">\u00a0<\/span><\/h1>\n<hr \/>\n<p>El Toxoplasma se multiplica en el intestino del gato (hu\u00e9sped definitivo), mientras que los humanos y otros animales son hu\u00e9spedes intermediarios. Las heces de los gatos infectados est\u00e1n llenas de Toxoplasma que pasa a la tierra y de all\u00ed a las frutas y verduras que infectar\u00e1n a los hu\u00e9spedes intermediarios (ovejas, cabras, roedores, cerdos, aves, humanos). Las personas tambi\u00e9n nos infectamos por la ingesta de carnes crudas o poco cocinadas de animales enfermos. Otras formas de contagio son: alimentos contaminados por par\u00e1sitos que transportan al Toxoplasma desde la tierra (moscas, cucarachas\u2026) o por el contacto entre la mano contaminada por la manipulaci\u00f3n de carnes, alimentos o tierra y la mucosa bucal.<\/p>\n<p>Por lo tanto, para evitar infectarnos por el Toxoplasma durante el embarazo hay que seguir las normas que se detallan m\u00e1s abajo, pero sin agobiarse.<\/p>\n<p><b>Piense que durante toda su vida probablemente no ha estado pendiente del contagio del Toxoplasma y sin embargo no lo ha adquirido<\/b>, entonces, ya ser\u00eda muy mala suerte que por dejar de respetar las normas una sola vez se contagiara.<\/p>\n<p>Tambi\u00e9n comentar que\u00a0<strong>la serolog\u00eda sistem\u00e1tica de todas las embarazadas de bajo riesgo se ha dejado de realizar<\/strong>. Lo mejor desde un punto de vista sanitario es manejarlas a todas como si jam\u00e1s se hubieran infectado, esto es, aplicando las normas bajo el ep\u00edgrafe siguiente. A no ser, claro, que tengamos constancia de un an\u00e1lisis previo, realizado antes de la concepci\u00f3n o durante un embarazo anterior, que nos indique que ya est\u00e1 inmunizada contra la toxoplasmosis.<\/p>\n<p>Nuestra insistencia en informarla se basa en que la higiene y el cuidado en la manipulaci\u00f3n de alimentos son las medidas que se han mostrado m\u00e1s eficaces.<\/p>\n<h3><span style=\"color: #008080;\">NORMAS PARA LA PREVENCI\u00d3N DE LA TOXOPLASMOSIS:<\/span><\/h3>\n<p><strong>LA CARNE:<\/strong><\/p>\n<ul>\n<li>Cocinar bien los alimentos y evitar comer la carne cruda (es \u00fatil para evitar otras infecciones aparte de la toxoplasmosis). La\u00a0<b>carne cruda<\/b>\u00a0son: carpaccios, salamis, salchich\u00f3n, chorizo, sobrasada, lomo embuchado o jam\u00f3n serrano que no hayan pasado por la sart\u00e9n o por el horno alcanzando las temperaturas adecuadas\u2026 No lo son: jam\u00f3n cocido, mortadela, fiambre de pavo o pollo.<\/li>\n<li>Es \u00fatil un term\u00f3metro alimentario que mida la temperatura interna de la carne cocinada. La ternera y el cordero han de alcanzar 60\u00baC; el cerdo, la carne picada y la carne de caza los 70\u00baC; y las aves los 200\u00baC.<\/li>\n<li>El Toxoplasma tambi\u00e9n se inactiva congelando los alimentos a -20\u00ba C durante 24 horas.<\/li>\n<li>Utilizar guantes cuando se manipule carne cruda, o lavarse las manos despu\u00e9s de hacerlo. Evitar durante su manipulaci\u00f3n el contacto de las manos con la mucosa de la boca o los ojos.<\/li>\n<\/ul>\n<p>&nbsp;<\/p>\n<p><strong>LAS FRUTAS Y VERDURAS:<\/strong><\/p>\n<ul>\n<li><b>Las frutas y verduras tienen que pelarse y lavarse<\/b>\u00a0antes de su ingesta. Recuerde que las ensaladas comercializadas en bolsas listas para su consumo han sufrido un proceso de lavado suficiente.<\/li>\n<li>Evitar durante su manipulaci\u00f3n el contacto de las manos con la mucosa de la boca o los ojos.<\/li>\n<\/ul>\n<p>&nbsp;<\/p>\n<p><strong>LAS SUPERFICIES DE LA COCINA:<\/strong><\/p>\n<ul>\n<li>Las superficies sobre las que se manejan los alimentos, los cuchillos, a vajilla y las manos han de estar limpios. Hay que lavar estos utensilios con agua caliente y jab\u00f3n tras el contacto con carne cruda, pescado o verduras y frutas sin lavar.<\/li>\n<\/ul>\n<p>&nbsp;<\/p>\n<p><strong>LA TIERRA:<\/strong><\/p>\n<ul>\n<li><b>Usar guantes en cualquier contacto con la tierra o la arena<\/b>\u00a0(gatos). Lavar las manos cuidadosamente despu\u00e9s del contacto con suelo o arena.<\/li>\n<\/ul>\n<p>&nbsp;<\/p>\n<p><strong>LOS GATOS:<\/strong><\/p>\n<ul>\n<li>Evitar cambiar la basura de los gatos, y si no es posible, usar guantes y lavarse despu\u00e9s las manos cuidadosamente.<\/li>\n<li>Alguien debe cambiar diariamente la basura de los gatos.<\/li>\n<li>Guardar los gatos en casa y no acoger gatos salvajes.<\/li>\n<li>Alimentar los gatos s\u00f3lo con alimentos envasados o hechos en casa. Bajo ning\u00fan concepto se les deben administrar alimentos poco cocinados.<\/li>\n<\/ul>\n<p>&nbsp;<\/p>\n<h4><span style=\"color: #008080;\">FUENTES DE LA INFORMACI\u00d3N:<\/span><\/h4>\n<ul>\n<li>Centros para el Control y la Prevenci\u00f3n de Enfermedades. Parasites \u2013 Toxoplasmosis (Toxoplasma infection). Pregnant women. [acceso 2-8-18]. Disponible en:\u00a0<a href=\"https:\/\/www.cdc.gov\/parasites\/toxoplasmosis\/gen_info\/pregnant.html\" target=\"_blank\" rel=\"noopener\">https:\/\/www.cdc.gov\/parasites\/toxoplasmosis\/gen_info\/pregnant.html<\/a><\/li>\n<li>Fabre E, Bartha JL, de Miguel JR, Rodr\u00edguez-Alarc\u00f3n J, Dul\u00edn E, Farr\u00e1n I, Gonz\u00e1lez A. Documento SEGO. Grupo de consenso sobre toxoplasmosis. Prog Obstet Ginecol 2003;46:319-32.<\/li>\n<li>SOGC Clinical Practice Guideline.\u00a0Toxoplasmosis in Pregnancy: Prevention, Screening, and Treatment.\u00a0No. 285, January 2013.\u00a0[acceso 2-8-18]. Disponible en:\u00a0<a href=\"https:\/\/sogc.org\/wp-content\/uploads\/2013\/02\/gui285CPG1301E-Toxoplasmosis.pdf\" target=\"_blank\" rel=\"noopener\">https:\/\/sogc.org\/wp-content\/uploads\/2013\/02\/gui285CPG1301E-Toxoplasmosis.pdf<\/a><\/li>\n<\/ul>\n","protected":false},"excerpt":{"rendered":"<p>Autora:\u00a0Dra. MJ Gibert. Fecha de actualizaci\u00f3n: 08\/11\/24. Fechas de versiones previas: 2\/9\/18. &nbsp; La toxoplasmosis es una de las infecciones m\u00e1s frecuentes en las personas a nivel mundial. No suele producir s\u00edntomas salvo en inmunodeprimidos y fetos. En el adulto, si llega a dar s\u00edntomas, suelen ser ganglios inflamados en el cuello, pero ello es [&hellip;]<\/p>\n","protected":false},"author":12,"featured_media":0,"parent":15253,"menu_order":10,"comment_status":"closed","ping_status":"closed","template":"page-limpia.php","meta":{"footnotes":""},"class_list":["post-23106","page","type-page","status-publish","hentry"],"yoast_head":"<!-- This site is optimized with the Yoast SEO plugin v25.0 - https:\/\/yoast.com\/wordpress\/plugins\/seo\/ -->\n<title>TOXOPLASMOSIS: \u00bfc\u00f3mo prevenirla? - DRA. GIBERT<\/title>\n<meta name=\"robots\" content=\"index, follow, max-snippet:-1, max-image-preview:large, max-video-preview:-1\" \/>\n<link rel=\"canonical\" href=\"https:\/\/www.doctoragibert.com\/es\/pacientes\/embarazo-y-parto\/toxoplasmosis\/\" \/>\n<meta property=\"og:locale\" content=\"es_ES\" \/>\n<meta property=\"og:type\" content=\"article\" \/>\n<meta property=\"og:title\" content=\"TOXOPLASMOSIS: \u00bfc\u00f3mo prevenirla? - DRA. GIBERT\" \/>\n<meta property=\"og:description\" content=\"Autora:\u00a0Dra. MJ Gibert. Fecha de actualizaci\u00f3n: 08\/11\/24. Fechas de versiones previas: 2\/9\/18. &nbsp; La toxoplasmosis es una de las infecciones m\u00e1s frecuentes en las personas a nivel mundial. No suele producir s\u00edntomas salvo en inmunodeprimidos y fetos. En el adulto, si llega a dar s\u00edntomas, suelen ser ganglios inflamados en el cuello, pero ello es [&hellip;]\" \/>\n<meta property=\"og:url\" content=\"https:\/\/www.doctoragibert.com\/es\/pacientes\/embarazo-y-parto\/toxoplasmosis\/\" \/>\n<meta property=\"og:site_name\" content=\"DRA. GIBERT\" \/>\n<meta property=\"article:publisher\" content=\"https:\/\/www.facebook.com\/doctoragibert\" \/>\n<meta property=\"article:modified_time\" content=\"2024-11-08T11:07:46+00:00\" \/>\n<meta property=\"og:image\" content=\"https:\/\/www.doctoragibert.com\/wp-content\/uploads\/2024\/11\/toxoplasmosi-moix-scaled.jpg\" \/>\n<meta name=\"twitter:label1\" content=\"Tiempo de lectura\" \/>\n\t<meta name=\"twitter:data1\" content=\"6 minutos\" \/>\n<script type=\"application\/ld+json\" class=\"yoast-schema-graph\">{\"@context\":\"https:\/\/schema.org\",\"@graph\":[{\"@type\":\"WebPage\",\"@id\":\"https:\/\/www.doctoragibert.com\/es\/pacientes\/embarazo-y-parto\/toxoplasmosis\/\",\"url\":\"https:\/\/www.doctoragibert.com\/es\/pacientes\/embarazo-y-parto\/toxoplasmosis\/\",\"name\":\"TOXOPLASMOSIS: \u00bfc\u00f3mo prevenirla? - DRA. GIBERT\",\"isPartOf\":{\"@id\":\"https:\/\/www.doctoragibert.com\/es\/#website\"},\"primaryImageOfPage\":{\"@id\":\"https:\/\/www.doctoragibert.com\/es\/pacientes\/embarazo-y-parto\/toxoplasmosis\/#primaryimage\"},\"image\":{\"@id\":\"https:\/\/www.doctoragibert.com\/es\/pacientes\/embarazo-y-parto\/toxoplasmosis\/#primaryimage\"},\"thumbnailUrl\":\"https:\/\/www.doctoragibert.com\/wp-content\/uploads\/2024\/11\/toxoplasmosi-moix-scaled.jpg\",\"datePublished\":\"2024-11-08T11:07:06+00:00\",\"dateModified\":\"2024-11-08T11:07:46+00:00\",\"breadcrumb\":{\"@id\":\"https:\/\/www.doctoragibert.com\/es\/pacientes\/embarazo-y-parto\/toxoplasmosis\/#breadcrumb\"},\"inLanguage\":\"es\",\"potentialAction\":[{\"@type\":\"ReadAction\",\"target\":[\"https:\/\/www.doctoragibert.com\/es\/pacientes\/embarazo-y-parto\/toxoplasmosis\/\"]}]},{\"@type\":\"ImageObject\",\"inLanguage\":\"es\",\"@id\":\"https:\/\/www.doctoragibert.com\/es\/pacientes\/embarazo-y-parto\/toxoplasmosis\/#primaryimage\",\"url\":\"https:\/\/www.doctoragibert.com\/wp-content\/uploads\/2024\/11\/toxoplasmosi-moix-scaled.jpg\",\"contentUrl\":\"https:\/\/www.doctoragibert.com\/wp-content\/uploads\/2024\/11\/toxoplasmosi-moix-scaled.jpg\"},{\"@type\":\"BreadcrumbList\",\"@id\":\"https:\/\/www.doctoragibert.com\/es\/pacientes\/embarazo-y-parto\/toxoplasmosis\/#breadcrumb\",\"itemListElement\":[{\"@type\":\"ListItem\",\"position\":1,\"name\":\"PACIENTES\",\"item\":\"https:\/\/www.doctoragibert.com\/es\/pacientes\/\"},{\"@type\":\"ListItem\",\"position\":2,\"name\":\"EMBARAZO Y PARTO\",\"item\":\"https:\/\/www.doctoragibert.com\/es\/pacientes\/embarazo-y-parto\/\"},{\"@type\":\"ListItem\",\"position\":3,\"name\":\"TOXOPLASMOSIS: \u00bfc\u00f3mo prevenirla?\"}]},{\"@type\":\"WebSite\",\"@id\":\"https:\/\/www.doctoragibert.com\/es\/#website\",\"url\":\"https:\/\/www.doctoragibert.com\/es\/\",\"name\":\"DRA. GIBERT\",\"description\":\"Ginecologia i obstetricia\",\"potentialAction\":[{\"@type\":\"SearchAction\",\"target\":{\"@type\":\"EntryPoint\",\"urlTemplate\":\"https:\/\/www.doctoragibert.com\/es\/?s={search_term_string}\"},\"query-input\":{\"@type\":\"PropertyValueSpecification\",\"valueRequired\":true,\"valueName\":\"search_term_string\"}}],\"inLanguage\":\"es\"}]}<\/script>\n<!-- \/ Yoast SEO plugin. -->","yoast_head_json":{"title":"TOXOPLASMOSIS: \u00bfc\u00f3mo prevenirla? - DRA. GIBERT","robots":{"index":"index","follow":"follow","max-snippet":"max-snippet:-1","max-image-preview":"max-image-preview:large","max-video-preview":"max-video-preview:-1"},"canonical":"https:\/\/www.doctoragibert.com\/es\/pacientes\/embarazo-y-parto\/toxoplasmosis\/","og_locale":"es_ES","og_type":"article","og_title":"TOXOPLASMOSIS: \u00bfc\u00f3mo prevenirla? - DRA. GIBERT","og_description":"Autora:\u00a0Dra. MJ Gibert. Fecha de actualizaci\u00f3n: 08\/11\/24. Fechas de versiones previas: 2\/9\/18. &nbsp; La toxoplasmosis es una de las infecciones m\u00e1s frecuentes en las personas a nivel mundial. No suele producir s\u00edntomas salvo en inmunodeprimidos y fetos. En el adulto, si llega a dar s\u00edntomas, suelen ser ganglios inflamados en el cuello, pero ello es [&hellip;]","og_url":"https:\/\/www.doctoragibert.com\/es\/pacientes\/embarazo-y-parto\/toxoplasmosis\/","og_site_name":"DRA. GIBERT","article_publisher":"https:\/\/www.facebook.com\/doctoragibert","article_modified_time":"2024-11-08T11:07:46+00:00","og_image":[{"url":"https:\/\/www.doctoragibert.com\/wp-content\/uploads\/2024\/11\/toxoplasmosi-moix-scaled.jpg","type":"","width":"","height":""}],"twitter_misc":{"Tiempo de lectura":"6 minutos"},"schema":{"@context":"https:\/\/schema.org","@graph":[{"@type":"WebPage","@id":"https:\/\/www.doctoragibert.com\/es\/pacientes\/embarazo-y-parto\/toxoplasmosis\/","url":"https:\/\/www.doctoragibert.com\/es\/pacientes\/embarazo-y-parto\/toxoplasmosis\/","name":"TOXOPLASMOSIS: \u00bfc\u00f3mo prevenirla? - DRA. GIBERT","isPartOf":{"@id":"https:\/\/www.doctoragibert.com\/es\/#website"},"primaryImageOfPage":{"@id":"https:\/\/www.doctoragibert.com\/es\/pacientes\/embarazo-y-parto\/toxoplasmosis\/#primaryimage"},"image":{"@id":"https:\/\/www.doctoragibert.com\/es\/pacientes\/embarazo-y-parto\/toxoplasmosis\/#primaryimage"},"thumbnailUrl":"https:\/\/www.doctoragibert.com\/wp-content\/uploads\/2024\/11\/toxoplasmosi-moix-scaled.jpg","datePublished":"2024-11-08T11:07:06+00:00","dateModified":"2024-11-08T11:07:46+00:00","breadcrumb":{"@id":"https:\/\/www.doctoragibert.com\/es\/pacientes\/embarazo-y-parto\/toxoplasmosis\/#breadcrumb"},"inLanguage":"es","potentialAction":[{"@type":"ReadAction","target":["https:\/\/www.doctoragibert.com\/es\/pacientes\/embarazo-y-parto\/toxoplasmosis\/"]}]},{"@type":"ImageObject","inLanguage":"es","@id":"https:\/\/www.doctoragibert.com\/es\/pacientes\/embarazo-y-parto\/toxoplasmosis\/#primaryimage","url":"https:\/\/www.doctoragibert.com\/wp-content\/uploads\/2024\/11\/toxoplasmosi-moix-scaled.jpg","contentUrl":"https:\/\/www.doctoragibert.com\/wp-content\/uploads\/2024\/11\/toxoplasmosi-moix-scaled.jpg"},{"@type":"BreadcrumbList","@id":"https:\/\/www.doctoragibert.com\/es\/pacientes\/embarazo-y-parto\/toxoplasmosis\/#breadcrumb","itemListElement":[{"@type":"ListItem","position":1,"name":"PACIENTES","item":"https:\/\/www.doctoragibert.com\/es\/pacientes\/"},{"@type":"ListItem","position":2,"name":"EMBARAZO Y PARTO","item":"https:\/\/www.doctoragibert.com\/es\/pacientes\/embarazo-y-parto\/"},{"@type":"ListItem","position":3,"name":"TOXOPLASMOSIS: \u00bfc\u00f3mo prevenirla?"}]},{"@type":"WebSite","@id":"https:\/\/www.doctoragibert.com\/es\/#website","url":"https:\/\/www.doctoragibert.com\/es\/","name":"DRA. GIBERT","description":"Ginecologia i obstetricia","potentialAction":[{"@type":"SearchAction","target":{"@type":"EntryPoint","urlTemplate":"https:\/\/www.doctoragibert.com\/es\/?s={search_term_string}"},"query-input":{"@type":"PropertyValueSpecification","valueRequired":true,"valueName":"search_term_string"}}],"inLanguage":"es"}]}},"_links":{"self":[{"href":"https:\/\/www.doctoragibert.com\/es\/wp-json\/wp\/v2\/pages\/23106","targetHints":{"allow":["GET"]}}],"collection":[{"href":"https:\/\/www.doctoragibert.com\/es\/wp-json\/wp\/v2\/pages"}],"about":[{"href":"https:\/\/www.doctoragibert.com\/es\/wp-json\/wp\/v2\/types\/page"}],"author":[{"embeddable":true,"href":"https:\/\/www.doctoragibert.com\/es\/wp-json\/wp\/v2\/users\/12"}],"replies":[{"embeddable":true,"href":"https:\/\/www.doctoragibert.com\/es\/wp-json\/wp\/v2\/comments?post=23106"}],"version-history":[{"count":4,"href":"https:\/\/www.doctoragibert.com\/es\/wp-json\/wp\/v2\/pages\/23106\/revisions"}],"predecessor-version":[{"id":23113,"href":"https:\/\/www.doctoragibert.com\/es\/wp-json\/wp\/v2\/pages\/23106\/revisions\/23113"}],"up":[{"embeddable":true,"href":"https:\/\/www.doctoragibert.com\/es\/wp-json\/wp\/v2\/pages\/15253"}],"wp:attachment":[{"href":"https:\/\/www.doctoragibert.com\/es\/wp-json\/wp\/v2\/media?parent=23106"}],"curies":[{"name":"wp","href":"https:\/\/api.w.org\/{rel}","templated":true}]}}