{"id":23263,"date":"2025-04-15T19:09:31","date_gmt":"2025-04-15T19:09:31","guid":{"rendered":"https:\/\/www.doctoragibert.com\/?page_id=23263"},"modified":"2025-06-15T18:25:40","modified_gmt":"2025-06-15T18:25:40","slug":"incontinencia-urinaria","status":"publish","type":"page","link":"https:\/\/www.doctoragibert.com\/es\/pacientes\/enfermedades-ginecologicas-benignas\/incontinencia-urinaria\/","title":{"rendered":"INCONTINENCIA URINARIA: \u00bfes lo que me ocurre?"},"content":{"rendered":"<p><em>Autora:\u00a0Dra. MJ Gibert.<br \/>\nFecha de actualizaci\u00f3n: 15\/4\/25.<br \/>\nFechas de versiones previas: 17\/7\/21.<\/em><\/p>\n<p>&nbsp;<\/p>\n<h3><span style=\"color: #008080;\">\u00bfCONTROLO MI ORINA?<\/span><\/h3>\n<p>Si has tenido cualquier p\u00e9rdida de orina en cantidad suficiente como para causarte una situaci\u00f3n comprometida desde el punto de vista higi\u00e9nico y\/o social y si, entre el primero y el \u00faltimo de estos episodios, ha transcurrido m\u00e1s de un mes, est\u00e1 claro, sufres de <strong>incontinencia urinaria<\/strong>. No necesitas que ning\u00fan profesional sanitario te lo confirme.<\/p>\n<p><a href=\"https:\/\/www.doctoragibert.com\/wp-content\/uploads\/2021\/08\/Leak_2-768x512-1.jpeg\"><img fetchpriority=\"high\" decoding=\"async\" class=\"wp-image-16112 alignright\" src=\"https:\/\/www.doctoragibert.com\/wp-content\/uploads\/2021\/08\/Leak_2-768x512-1.jpeg\" alt=\"\" width=\"315\" height=\"210\" \/><\/a><\/p>\n<p>Y has llegado aqu\u00ed porque piensas que el control de tu orina ha empeorado y esto te preocupa. <strong>Quieres saber si hay soluciones m\u00e1s all\u00e1 de las compresas superabsorbentes y antiolores.<\/strong> Tienes una salud m\u00e1s que aceptable y estos escapes imprevistos <strong>limitan tu calidad de vida<\/strong>. Antes de salir de casa, ya est\u00e1s pensando en c\u00f3mo te lo har\u00e1s para encontrar un ba\u00f1o en el momento y en las condiciones adecuadas. Algunas veces has renunciado a algunas actividades que te apetec\u00edan: hacer deporte en grupo, ir de viaje, a fiestas o a eventos. Por otra parte, te lo replanteas y piensas que nadie se muere para sufrir incontinencia, incluso puede ser que dudes de la capacidad de tu m\u00e9dico para escucharte, cuando hay gente que sufre enfermedades realmente graves.<\/p>\n<p>&nbsp;<\/p>\n<blockquote>\n<hr \/>\n<h1 style=\"text-align: center;\"><span style=\"color: #008080;\">Antes de salir de casa, ya est\u00e1s pensando en c\u00f3mo te las arreglar\u00e1s para encontrar un ba\u00f1o<\/span><\/h1>\n<hr \/>\n<\/blockquote>\n<p>&nbsp;<\/p>\n<p>Pero tenemos que felicitarte, porque no te conformas y has dado el primer paso para mejorar sustancialmente tu situaci\u00f3n e, incluso, para curarte totalmente. Tambi\u00e9n queremos decirte que no est\u00e1s sola, que <strong>un 3% de mujeres de menos de 35 a\u00f1os y un 60% de las de m\u00e1s de 60 a\u00f1os sufren de alg\u00fan grado de incontinencia<\/strong>. Ya sabemos que estos problemas no se comentan demasiado con gente de nuestro entorno, son todav\u00eda tab\u00fa. Asociamos la incontinencia a la gente muy mayor, que reside en centros geri\u00e1tricos, en cambio, nosotras todav\u00eda somos j\u00f3venes o no tan mayores\u2026<\/p>\n<p>&nbsp;<\/p>\n<blockquote>\n<hr \/>\n<h1 style=\"text-align: center;\"><span style=\"color: #008080;\">Queremos decirte que no est\u00e1s sola, que un 3% de mujeres de menos de 35 a\u00f1os y un 60% de las de m\u00e1s de 60 sufren de incontinencia<\/span><\/h1>\n<hr \/>\n<\/blockquote>\n<p>&nbsp;<\/p>\n<h3><span style=\"color: #008080;\">\u00bfQU\u00c9 TIPO DE INCONTINENCIA TENGO?<\/span><\/h3>\n<div class=\"textarea-origen col-xs-12 col-sm-6\">\n<div data-testid=\"grammarly-vbars-scroll-mirror-container\">\n<div data-testid=\"grammarly-vbars-field-mirror\">\n<div>Hay <strong>tres clases de incontinencia<\/strong>: de esfuerzo, de urgencia y mixta. Si bien todas tienen un manejo inicial com\u00fan, hay tratamientos espec\u00edficos para cada una de ellas. Puedes hacer el <strong><a href=\"https:\/\/www.doctoragibert.com\/wp-content\/uploads\/2025\/06\/Sandvik_esp.pdf\" target=\"_blank\" rel=\"noopener\">test de Sandvik<\/a><\/strong> y sabr\u00e1s la severidad de tu incontinencia. Adem\u00e1s, si quieres conocer qu\u00e9 tipo de incontinencia tienes, te recomendamos que tambi\u00e9n cumplimentes el <a href=\"https:\/\/www.doctoragibert.com\/wp-content\/uploads\/2025\/06\/IU_4_esp.pdf\" target=\"_blank\" rel=\"noopener\"><strong>cuestionario IU-4<\/strong><\/a>.<\/div>\n<div><\/div>\n<div><\/div>\n<\/div>\n<\/div>\n<\/div>\n<p>&nbsp;<\/p>\n<blockquote>\n<hr \/>\n<h1 style=\"text-align: center;\"><span style=\"color: #008080;\">Para ayudarte, es importante que cumplimentes dos cuestionarios muy sencillos: el de Sandvik y el IU-4<\/span><\/h1>\n<hr \/>\n<\/blockquote>\n<p>&nbsp;<\/p>\n<p>Y fin del primer tramo del trayecto: ya sabes el nombre exacto del problema y nosotros ya te podemos ofrecer las soluciones. En nuestros siguientes art\u00edculos abordaremos los consejos iniciales y la primera visita con nuestro m\u00e9dico de confianza.<\/p>\n<p>&nbsp;<\/p>\n<div class=\"content-sidebar-wrap\">\n<article class=\"post-12042 page type-page status-publish entry\">\n<div class=\"entry-content\">\n<h4><span style=\"color: #008080;\">FUENTES DE LA INFORMACI\u00d3N:<\/span><\/h4>\n<ul>\n<li>Badia Llach X, Castro D\u00edaz D, Perales Caba\u00f1as L, Pena Outeri\u00f1o JM, Mart\u00ednez-Agull\u00f3 E, Conejero Sugra\u00f1\u00e9s J, Ara\u00f1\u00f3 Beltr\u00e1n P, Marqu\u00e9s Queimadelos A, Roset Gamisans M, Perulero Escobar N. Elaboraci\u00f3n y validaci\u00f3n preliminar del cuestionario para la clasificaci\u00f3n cl\u00ednica de la incontinencia urinaria IU-4. Actas Urol Esp. 1999;23:565-72.<\/li>\n<li>Sandvik H, Seim A, Vanvik A, Hunskaar S. A severity index for epidemiological surveys of female urinary incontinence: comparison with 48-hour pad-weighing tests. Neurourol Urodyn. 2000;19:137-45.<\/li>\n<li>Sociedad Espa\u00f1ola de Ginecolog\u00eda y Obstetricia. Gu\u00eda de Asistencia Pr\u00e1ctica. Diagn\u00f3stico de la incontinencia urinaria. Prog Obstet Ginecol. 2019;62:79-91.<\/li>\n<\/ul>\n<\/div>\n<\/article>\n<\/div>\n","protected":false},"excerpt":{"rendered":"<p>Autora:\u00a0Dra. MJ Gibert. Fecha de actualizaci\u00f3n: 15\/4\/25. Fechas de versiones previas: 17\/7\/21. &nbsp; \u00bfCONTROLO MI ORINA? Si has tenido cualquier p\u00e9rdida de orina en cantidad suficiente como para causarte una situaci\u00f3n comprometida desde el punto de vista higi\u00e9nico y\/o social y si, entre el primero y el \u00faltimo de estos episodios, ha transcurrido m\u00e1s de [&hellip;]<\/p>\n","protected":false},"author":12,"featured_media":0,"parent":15325,"menu_order":12,"comment_status":"closed","ping_status":"closed","template":"page-limpia.php","meta":{"footnotes":""},"class_list":["post-23263","page","type-page","status-publish","hentry"],"yoast_head":"<!-- This site is optimized with the Yoast SEO plugin v25.0 - https:\/\/yoast.com\/wordpress\/plugins\/seo\/ -->\n<title>INCONTINENCIA URINARIA: \u00bfes lo que me ocurre? - DRA. GIBERT<\/title>\n<meta name=\"description\" content=\"Las mujeres no debemos resignarnos a las consecuencias de la incontinencia urinaria. Hay soluciones y no son los pa\u00f1ales.\" \/>\n<meta name=\"robots\" content=\"index, follow, max-snippet:-1, max-image-preview:large, max-video-preview:-1\" \/>\n<link rel=\"canonical\" href=\"https:\/\/www.doctoragibert.com\/es\/pacientes\/enfermedades-ginecologicas-benignas\/incontinencia-urinaria\/\" \/>\n<meta property=\"og:locale\" content=\"es_ES\" \/>\n<meta property=\"og:type\" content=\"article\" \/>\n<meta property=\"og:title\" content=\"INCONTINENCIA URINARIA: \u00bfes lo que me ocurre? - DRA. GIBERT\" \/>\n<meta property=\"og:description\" content=\"Las mujeres no debemos resignarnos a las consecuencias de la incontinencia urinaria. Hay soluciones y no son los pa\u00f1ales.\" \/>\n<meta property=\"og:url\" content=\"https:\/\/www.doctoragibert.com\/es\/pacientes\/enfermedades-ginecologicas-benignas\/incontinencia-urinaria\/\" \/>\n<meta property=\"og:site_name\" content=\"DRA. GIBERT\" \/>\n<meta property=\"article:publisher\" content=\"https:\/\/www.facebook.com\/doctoragibert\" \/>\n<meta property=\"article:modified_time\" content=\"2025-06-15T18:25:40+00:00\" \/>\n<meta property=\"og:image\" content=\"https:\/\/www.doctoragibert.com\/wp-content\/uploads\/2021\/08\/Leak_2-768x512-1.jpeg\" \/>\n\t<meta property=\"og:image:width\" content=\"768\" \/>\n\t<meta property=\"og:image:height\" content=\"512\" \/>\n\t<meta property=\"og:image:type\" content=\"image\/jpeg\" \/>\n<meta name=\"twitter:label1\" content=\"Tiempo de lectura\" \/>\n\t<meta name=\"twitter:data1\" content=\"3 minutos\" \/>\n<script type=\"application\/ld+json\" class=\"yoast-schema-graph\">{\"@context\":\"https:\/\/schema.org\",\"@graph\":[{\"@type\":\"WebPage\",\"@id\":\"https:\/\/www.doctoragibert.com\/es\/pacientes\/enfermedades-ginecologicas-benignas\/incontinencia-urinaria\/\",\"url\":\"https:\/\/www.doctoragibert.com\/es\/pacientes\/enfermedades-ginecologicas-benignas\/incontinencia-urinaria\/\",\"name\":\"INCONTINENCIA URINARIA: \u00bfes lo que me ocurre? - DRA. GIBERT\",\"isPartOf\":{\"@id\":\"https:\/\/www.doctoragibert.com\/es\/#website\"},\"primaryImageOfPage\":{\"@id\":\"https:\/\/www.doctoragibert.com\/es\/pacientes\/enfermedades-ginecologicas-benignas\/incontinencia-urinaria\/#primaryimage\"},\"image\":{\"@id\":\"https:\/\/www.doctoragibert.com\/es\/pacientes\/enfermedades-ginecologicas-benignas\/incontinencia-urinaria\/#primaryimage\"},\"thumbnailUrl\":\"https:\/\/www.doctoragibert.com\/wp-content\/uploads\/2021\/08\/Leak_2-768x512-1.jpeg\",\"datePublished\":\"2025-04-15T19:09:31+00:00\",\"dateModified\":\"2025-06-15T18:25:40+00:00\",\"description\":\"Las mujeres no debemos resignarnos a las consecuencias de la incontinencia urinaria. Hay soluciones y no son los pa\u00f1ales.\",\"breadcrumb\":{\"@id\":\"https:\/\/www.doctoragibert.com\/es\/pacientes\/enfermedades-ginecologicas-benignas\/incontinencia-urinaria\/#breadcrumb\"},\"inLanguage\":\"es\",\"potentialAction\":[{\"@type\":\"ReadAction\",\"target\":[\"https:\/\/www.doctoragibert.com\/es\/pacientes\/enfermedades-ginecologicas-benignas\/incontinencia-urinaria\/\"]}]},{\"@type\":\"ImageObject\",\"inLanguage\":\"es\",\"@id\":\"https:\/\/www.doctoragibert.com\/es\/pacientes\/enfermedades-ginecologicas-benignas\/incontinencia-urinaria\/#primaryimage\",\"url\":\"https:\/\/www.doctoragibert.com\/wp-content\/uploads\/2021\/08\/Leak_2-768x512-1.jpeg\",\"contentUrl\":\"https:\/\/www.doctoragibert.com\/wp-content\/uploads\/2021\/08\/Leak_2-768x512-1.jpeg\"},{\"@type\":\"BreadcrumbList\",\"@id\":\"https:\/\/www.doctoragibert.com\/es\/pacientes\/enfermedades-ginecologicas-benignas\/incontinencia-urinaria\/#breadcrumb\",\"itemListElement\":[{\"@type\":\"ListItem\",\"position\":1,\"name\":\"PACIENTES\",\"item\":\"https:\/\/www.doctoragibert.com\/es\/pacientes\/\"},{\"@type\":\"ListItem\",\"position\":2,\"name\":\"ENFERMEDADES GINECOL\u00d3GICAS BENIGNAS\",\"item\":\"https:\/\/www.doctoragibert.com\/es\/pacientes\/enfermedades-ginecologicas-benignas\/\"},{\"@type\":\"ListItem\",\"position\":3,\"name\":\"INCONTINENCIA URINARIA: \u00bfes lo que me ocurre?\"}]},{\"@type\":\"WebSite\",\"@id\":\"https:\/\/www.doctoragibert.com\/es\/#website\",\"url\":\"https:\/\/www.doctoragibert.com\/es\/\",\"name\":\"DRA. GIBERT\",\"description\":\"Ginecologia i obstetricia\",\"potentialAction\":[{\"@type\":\"SearchAction\",\"target\":{\"@type\":\"EntryPoint\",\"urlTemplate\":\"https:\/\/www.doctoragibert.com\/es\/?s={search_term_string}\"},\"query-input\":{\"@type\":\"PropertyValueSpecification\",\"valueRequired\":true,\"valueName\":\"search_term_string\"}}],\"inLanguage\":\"es\"}]}<\/script>\n<!-- \/ Yoast SEO plugin. -->","yoast_head_json":{"title":"INCONTINENCIA URINARIA: \u00bfes lo que me ocurre? - DRA. GIBERT","description":"Las mujeres no debemos resignarnos a las consecuencias de la incontinencia urinaria. Hay soluciones y no son los pa\u00f1ales.","robots":{"index":"index","follow":"follow","max-snippet":"max-snippet:-1","max-image-preview":"max-image-preview:large","max-video-preview":"max-video-preview:-1"},"canonical":"https:\/\/www.doctoragibert.com\/es\/pacientes\/enfermedades-ginecologicas-benignas\/incontinencia-urinaria\/","og_locale":"es_ES","og_type":"article","og_title":"INCONTINENCIA URINARIA: \u00bfes lo que me ocurre? - DRA. GIBERT","og_description":"Las mujeres no debemos resignarnos a las consecuencias de la incontinencia urinaria. Hay soluciones y no son los pa\u00f1ales.","og_url":"https:\/\/www.doctoragibert.com\/es\/pacientes\/enfermedades-ginecologicas-benignas\/incontinencia-urinaria\/","og_site_name":"DRA. GIBERT","article_publisher":"https:\/\/www.facebook.com\/doctoragibert","article_modified_time":"2025-06-15T18:25:40+00:00","og_image":[{"width":768,"height":512,"url":"https:\/\/www.doctoragibert.com\/wp-content\/uploads\/2021\/08\/Leak_2-768x512-1.jpeg","type":"image\/jpeg"}],"twitter_misc":{"Tiempo de lectura":"3 minutos"},"schema":{"@context":"https:\/\/schema.org","@graph":[{"@type":"WebPage","@id":"https:\/\/www.doctoragibert.com\/es\/pacientes\/enfermedades-ginecologicas-benignas\/incontinencia-urinaria\/","url":"https:\/\/www.doctoragibert.com\/es\/pacientes\/enfermedades-ginecologicas-benignas\/incontinencia-urinaria\/","name":"INCONTINENCIA URINARIA: \u00bfes lo que me ocurre? - DRA. GIBERT","isPartOf":{"@id":"https:\/\/www.doctoragibert.com\/es\/#website"},"primaryImageOfPage":{"@id":"https:\/\/www.doctoragibert.com\/es\/pacientes\/enfermedades-ginecologicas-benignas\/incontinencia-urinaria\/#primaryimage"},"image":{"@id":"https:\/\/www.doctoragibert.com\/es\/pacientes\/enfermedades-ginecologicas-benignas\/incontinencia-urinaria\/#primaryimage"},"thumbnailUrl":"https:\/\/www.doctoragibert.com\/wp-content\/uploads\/2021\/08\/Leak_2-768x512-1.jpeg","datePublished":"2025-04-15T19:09:31+00:00","dateModified":"2025-06-15T18:25:40+00:00","description":"Las mujeres no debemos resignarnos a las consecuencias de la incontinencia urinaria. Hay soluciones y no son los pa\u00f1ales.","breadcrumb":{"@id":"https:\/\/www.doctoragibert.com\/es\/pacientes\/enfermedades-ginecologicas-benignas\/incontinencia-urinaria\/#breadcrumb"},"inLanguage":"es","potentialAction":[{"@type":"ReadAction","target":["https:\/\/www.doctoragibert.com\/es\/pacientes\/enfermedades-ginecologicas-benignas\/incontinencia-urinaria\/"]}]},{"@type":"ImageObject","inLanguage":"es","@id":"https:\/\/www.doctoragibert.com\/es\/pacientes\/enfermedades-ginecologicas-benignas\/incontinencia-urinaria\/#primaryimage","url":"https:\/\/www.doctoragibert.com\/wp-content\/uploads\/2021\/08\/Leak_2-768x512-1.jpeg","contentUrl":"https:\/\/www.doctoragibert.com\/wp-content\/uploads\/2021\/08\/Leak_2-768x512-1.jpeg"},{"@type":"BreadcrumbList","@id":"https:\/\/www.doctoragibert.com\/es\/pacientes\/enfermedades-ginecologicas-benignas\/incontinencia-urinaria\/#breadcrumb","itemListElement":[{"@type":"ListItem","position":1,"name":"PACIENTES","item":"https:\/\/www.doctoragibert.com\/es\/pacientes\/"},{"@type":"ListItem","position":2,"name":"ENFERMEDADES GINECOL\u00d3GICAS BENIGNAS","item":"https:\/\/www.doctoragibert.com\/es\/pacientes\/enfermedades-ginecologicas-benignas\/"},{"@type":"ListItem","position":3,"name":"INCONTINENCIA URINARIA: \u00bfes lo que me ocurre?"}]},{"@type":"WebSite","@id":"https:\/\/www.doctoragibert.com\/es\/#website","url":"https:\/\/www.doctoragibert.com\/es\/","name":"DRA. GIBERT","description":"Ginecologia i obstetricia","potentialAction":[{"@type":"SearchAction","target":{"@type":"EntryPoint","urlTemplate":"https:\/\/www.doctoragibert.com\/es\/?s={search_term_string}"},"query-input":{"@type":"PropertyValueSpecification","valueRequired":true,"valueName":"search_term_string"}}],"inLanguage":"es"}]}},"_links":{"self":[{"href":"https:\/\/www.doctoragibert.com\/es\/wp-json\/wp\/v2\/pages\/23263","targetHints":{"allow":["GET"]}}],"collection":[{"href":"https:\/\/www.doctoragibert.com\/es\/wp-json\/wp\/v2\/pages"}],"about":[{"href":"https:\/\/www.doctoragibert.com\/es\/wp-json\/wp\/v2\/types\/page"}],"author":[{"embeddable":true,"href":"https:\/\/www.doctoragibert.com\/es\/wp-json\/wp\/v2\/users\/12"}],"replies":[{"embeddable":true,"href":"https:\/\/www.doctoragibert.com\/es\/wp-json\/wp\/v2\/comments?post=23263"}],"version-history":[{"count":3,"href":"https:\/\/www.doctoragibert.com\/es\/wp-json\/wp\/v2\/pages\/23263\/revisions"}],"predecessor-version":[{"id":23434,"href":"https:\/\/www.doctoragibert.com\/es\/wp-json\/wp\/v2\/pages\/23263\/revisions\/23434"}],"up":[{"embeddable":true,"href":"https:\/\/www.doctoragibert.com\/es\/wp-json\/wp\/v2\/pages\/15325"}],"wp:attachment":[{"href":"https:\/\/www.doctoragibert.com\/es\/wp-json\/wp\/v2\/media?parent=23263"}],"curies":[{"name":"wp","href":"https:\/\/api.w.org\/{rel}","templated":true}]}}