{"id":23446,"date":"2025-06-17T20:45:16","date_gmt":"2025-06-17T20:45:16","guid":{"rendered":"https:\/\/www.doctoragibert.com\/?page_id=23446"},"modified":"2025-06-17T20:59:26","modified_gmt":"2025-06-17T20:59:26","slug":"tractament-berrugues","status":"publish","type":"page","link":"https:\/\/www.doctoragibert.com\/es\/pacientes\/enfermedades-ginecologicas-benignas\/tractament-berrugues\/","title":{"rendered":"VERRUGAS GENITALES O CONDILOMAS: tratamientos actuales"},"content":{"rendered":"<p><em>Autora:<\/em>\u00a0Dra. MJ Gibert.<br \/>\n<em>Fecha de actualizaci\u00f3n:<\/em> 17\/6\/25.<br \/>\n<em>Fechas de versiones previas:<\/em> 29\/9\/15.<\/p>\n<p>&nbsp;<\/p>\n<h3><span style=\"color: #008080;\">\u00bfCU\u00c1NDO HAN DE TRATARSE LAS VERRUGAS?<\/span><\/h3>\n<p><b>S\u00f3lo se deben tratar si hay s\u00edntomas<\/b>\u00a0(prurito, sangrado, ardor, dolor, flujo vaginal, molestias en las relaciones sexuales, vagina ocupada por condilomas que dificulten las relaciones o el parto) o si hay percepci\u00f3n por parte de la paciente de la necesidad de tratarse.<\/p>\n<p><strong>No<\/strong> hace falta tratar las verrugas descubiertas por casualidad, aunque se debe comunicar al paciente la existencia de las lesiones.<\/p>\n<p>&nbsp;<\/p>\n<blockquote>\n<hr \/>\n<h1 style=\"text-align: center;\"><span style=\"color: #008080;\">No hace falta tratar todas las verrugas genitales<\/span><\/h1>\n<hr \/>\n<\/blockquote>\n<p>&nbsp;<\/p>\n<h3><span style=\"color: #008080;\">QUINS TRACTAMENTS HI HA?<\/span><\/h3>\n<p>El\u00a0<b>tratamiento<\/b>\u00a0puede ser con medicamentos o quir\u00fargico, aunque no est\u00e1 claro que uno sea claramente superior al otro.<\/p>\n<p>Es evidente que el efecto del tratamiento quir\u00fargico es inmediato ya que, cuando el paciente abandona el quir\u00f3fano, sale sin condilomas. Por el contrario, el efecto de los medicamentos es m\u00e1s lento, ya que la mejor\u00eda puede demorarse\u00a0<b>3 semanas<\/b>\u00a0y la curaci\u00f3n total\u00a0<b>entre 6 y 12 semanas<\/b>. Si los plazos no se cumplen, se debe reconsiderar el diagn\u00f3stico y\/o cambiar el tratamiento.<\/p>\n<p>Los\u00a0<b>medicamentos<\/b>\u00a0de los que disponemos son: podofilotoxina (Wartec\u00ae), imiquimod (Aldara\u00ae), sinecatequinas (Vereg\u00e9n\u00ae) e interfer\u00f3n t\u00f3pico, que el enfermo se puede aplicar\u00a0<u>en casa<\/u>.<\/p>\n<p><img fetchpriority=\"high\" decoding=\"async\" class=\"alignleft\" src=\"https:\/\/botplusweb.farmaceuticos.com\/Documentos\/AEMPS\/Fotos\/203703\/full\/61338_materialas.jpg\" alt=\"Wartec 1,5 Mg\/G Crema 1 Tubo 5 G - Farmac\u00e9uticos\" width=\"334\" height=\"188\" \/><\/p>\n<p>El \u00e1cido triclorac\u00e9tico es muy \u00fatil para mujeres embarazadas o con lesiones en la mucosa genital, pero tiene el inconveniente de que se debe aplicar semanalmente\u00a0<u>en la consulta<\/u>. El interfer\u00f3n tambi\u00e9n se puede aplicar en mucosa genital pero de mujeres no embarazadas.<\/p>\n<p>Las modalidades de\u00a0<b>cirug\u00eda<\/b>\u00a0disponibles son: la crioterapia (se puede hacer sin anestesia local si las lesiones son peque\u00f1as), el l\u00e1ser (produce una lesi\u00f3n t\u00e9rmica muy localizada ya poca profundidad, por lo tanto es muy \u00fatil para la vagina que tiene poco grosor), quemar las lesiones con el electrobistur\u00ed o extirparlas con un asa diat\u00e9rmica o de la manera convencional.<b><img decoding=\"async\" class=\" wp-image-8922 alignright\" src=\"https:\/\/www.doctoragibert.com\/wp-content\/uploads\/2015\/09\/03e605ad3678f7825443c944892aac17.jpg\" alt=\"03e605ad3678f7825443c944892aac17\" width=\"157\" height=\"236\" \/><\/b><\/p>\n<p>Cualquier modalidad de tratamiento va acompa\u00f1ada de molestias y dolor a corto plazo. A m\u00e1s largo plazo pueden aparecer: dolor vulvar, cicatrices (cirug\u00edas muy profundas) y blanqueamiento u oscurecimiento de la piel (uso de imiquimod o de cirug\u00eda).<\/p>\n<p>Un hecho com\u00fan a todos los tratamientos es la aparici\u00f3n de peque\u00f1as llagas o erosiones de la piel o la mucosa afectada, por tanto, es importante\u00a0<strong>una buena higiene diaria y la vigilancia<\/strong> para advertir el comienzo de cualquier infecci\u00f3n (enrojecimiento, hinchaz\u00f3n, olor desagradable o secreci\u00f3n marr\u00f3n, amarilla o verdosa). Por consiguiente, debemos lavarnos despu\u00e9s de la micci\u00f3n y la defecaci\u00f3n, mientras haya heridas abiertas. Los ba\u00f1os en el bid\u00e9 y el uso de los secadores de pelo a temperatura baja y a una distancia prudencial son muy \u00fatiles.<\/p>\n<p>&nbsp;<\/p>\n<blockquote>\n<hr \/>\n<h1 style=\"text-align: center;\"><span style=\"color: #008080;\">Cualquier tratamiento produce llagas en la piel y molestias<\/span><\/h1>\n<hr \/>\n<\/blockquote>\n<p>&nbsp;<\/p>\n<h4><span style=\"color: #008080;\">FONTS DE LA INFORMACI\u00d3:<\/span><i><\/i><\/h4>\n<ul>\n<li>Fisterra. Condilomas acuminados. Fecha de la \u00faltima revisi\u00f3n: 16\/6\/2016. [acc\u00e9s 17\/6\/25]. Disponible en: <a href=\"http:\/\/www.fisterra.com\" target=\"_blank\" rel=\"noopener\">http:\/\/www.fisterra.com<\/a><\/li>\n<li>Karnes JB, Usatine RP. Management of external genital warts. Am Fam Physician. 2014;90:312-8.<\/li>\n<li>Wiley DJ, Douglas J, Beutner K, Cox T, Fife K, Moscicki AB, Fukumoto L. External Genital Warts: Diagnosis, Treatment, and Prevention. Clin Infect Dis. 2002;35 (Supplement 2): S210-S224.<\/li>\n<li>Workowski KA, Bolan GA; Centers for Disease Control and Prevention. Sexually transmitted diseases treatment guidelines, 2015. MMWR Recomm Rep. 2015 Jun 5;64(RR-03):1-137.<\/li>\n<\/ul>\n","protected":false},"excerpt":{"rendered":"<p>Autora:\u00a0Dra. MJ Gibert. Fecha de actualizaci\u00f3n: 17\/6\/25. Fechas de versiones previas: 29\/9\/15. &nbsp; \u00bfCU\u00c1NDO HAN DE TRATARSE LAS VERRUGAS? S\u00f3lo se deben tratar si hay s\u00edntomas\u00a0(prurito, sangrado, ardor, dolor, flujo vaginal, molestias en las relaciones sexuales, vagina ocupada por condilomas que dificulten las relaciones o el parto) o si hay percepci\u00f3n por parte de la [&hellip;]<\/p>\n","protected":false},"author":12,"featured_media":0,"parent":15325,"menu_order":15,"comment_status":"closed","ping_status":"closed","template":"page-limpia.php","meta":{"footnotes":""},"class_list":["post-23446","page","type-page","status-publish","hentry"],"yoast_head":"<!-- This site is optimized with the Yoast SEO plugin v25.0 - https:\/\/yoast.com\/wordpress\/plugins\/seo\/ -->\n<title>VERRUGAS GENITALES O CONDILOMAS: tratamientos actuales - DRA. GIBERT<\/title>\n<meta name=\"robots\" content=\"index, follow, max-snippet:-1, max-image-preview:large, max-video-preview:-1\" \/>\n<link rel=\"canonical\" href=\"https:\/\/www.doctoragibert.com\/es\/pacientes\/enfermedades-ginecologicas-benignas\/tractament-berrugues\/\" \/>\n<meta property=\"og:locale\" content=\"es_ES\" \/>\n<meta property=\"og:type\" content=\"article\" \/>\n<meta property=\"og:title\" content=\"VERRUGAS GENITALES O CONDILOMAS: tratamientos actuales - DRA. GIBERT\" \/>\n<meta property=\"og:description\" content=\"Autora:\u00a0Dra. MJ Gibert. Fecha de actualizaci\u00f3n: 17\/6\/25. Fechas de versiones previas: 29\/9\/15. &nbsp; \u00bfCU\u00c1NDO HAN DE TRATARSE LAS VERRUGAS? S\u00f3lo se deben tratar si hay s\u00edntomas\u00a0(prurito, sangrado, ardor, dolor, flujo vaginal, molestias en las relaciones sexuales, vagina ocupada por condilomas que dificulten las relaciones o el parto) o si hay percepci\u00f3n por parte de la [&hellip;]\" \/>\n<meta property=\"og:url\" content=\"https:\/\/www.doctoragibert.com\/es\/pacientes\/enfermedades-ginecologicas-benignas\/tractament-berrugues\/\" \/>\n<meta property=\"og:site_name\" content=\"DRA. GIBERT\" \/>\n<meta property=\"article:publisher\" content=\"https:\/\/www.facebook.com\/doctoragibert\" \/>\n<meta property=\"article:modified_time\" content=\"2025-06-17T20:59:26+00:00\" \/>\n<meta property=\"og:image\" content=\"https:\/\/botplusweb.farmaceuticos.com\/Documentos\/AEMPS\/Fotos\/203703\/full\/61338_materialas.jpg\" \/>\n<meta name=\"twitter:label1\" content=\"Tiempo de lectura\" \/>\n\t<meta name=\"twitter:data1\" content=\"4 minutos\" \/>\n<script type=\"application\/ld+json\" class=\"yoast-schema-graph\">{\"@context\":\"https:\/\/schema.org\",\"@graph\":[{\"@type\":\"WebPage\",\"@id\":\"https:\/\/www.doctoragibert.com\/es\/pacientes\/enfermedades-ginecologicas-benignas\/tractament-berrugues\/\",\"url\":\"https:\/\/www.doctoragibert.com\/es\/pacientes\/enfermedades-ginecologicas-benignas\/tractament-berrugues\/\",\"name\":\"VERRUGAS GENITALES O CONDILOMAS: tratamientos actuales - DRA. GIBERT\",\"isPartOf\":{\"@id\":\"https:\/\/www.doctoragibert.com\/es\/#website\"},\"primaryImageOfPage\":{\"@id\":\"https:\/\/www.doctoragibert.com\/es\/pacientes\/enfermedades-ginecologicas-benignas\/tractament-berrugues\/#primaryimage\"},\"image\":{\"@id\":\"https:\/\/www.doctoragibert.com\/es\/pacientes\/enfermedades-ginecologicas-benignas\/tractament-berrugues\/#primaryimage\"},\"thumbnailUrl\":\"https:\/\/botplusweb.farmaceuticos.com\/Documentos\/AEMPS\/Fotos\/203703\/full\/61338_materialas.jpg\",\"datePublished\":\"2025-06-17T20:45:16+00:00\",\"dateModified\":\"2025-06-17T20:59:26+00:00\",\"breadcrumb\":{\"@id\":\"https:\/\/www.doctoragibert.com\/es\/pacientes\/enfermedades-ginecologicas-benignas\/tractament-berrugues\/#breadcrumb\"},\"inLanguage\":\"es\",\"potentialAction\":[{\"@type\":\"ReadAction\",\"target\":[\"https:\/\/www.doctoragibert.com\/es\/pacientes\/enfermedades-ginecologicas-benignas\/tractament-berrugues\/\"]}]},{\"@type\":\"ImageObject\",\"inLanguage\":\"es\",\"@id\":\"https:\/\/www.doctoragibert.com\/es\/pacientes\/enfermedades-ginecologicas-benignas\/tractament-berrugues\/#primaryimage\",\"url\":\"https:\/\/botplusweb.farmaceuticos.com\/Documentos\/AEMPS\/Fotos\/203703\/full\/61338_materialas.jpg\",\"contentUrl\":\"https:\/\/botplusweb.farmaceuticos.com\/Documentos\/AEMPS\/Fotos\/203703\/full\/61338_materialas.jpg\"},{\"@type\":\"BreadcrumbList\",\"@id\":\"https:\/\/www.doctoragibert.com\/es\/pacientes\/enfermedades-ginecologicas-benignas\/tractament-berrugues\/#breadcrumb\",\"itemListElement\":[{\"@type\":\"ListItem\",\"position\":1,\"name\":\"PACIENTES\",\"item\":\"https:\/\/www.doctoragibert.com\/es\/pacientes\/\"},{\"@type\":\"ListItem\",\"position\":2,\"name\":\"ENFERMEDADES GINECOL\u00d3GICAS BENIGNAS\",\"item\":\"https:\/\/www.doctoragibert.com\/es\/pacientes\/enfermedades-ginecologicas-benignas\/\"},{\"@type\":\"ListItem\",\"position\":3,\"name\":\"VERRUGAS GENITALES O CONDILOMAS: tratamientos actuales\"}]},{\"@type\":\"WebSite\",\"@id\":\"https:\/\/www.doctoragibert.com\/es\/#website\",\"url\":\"https:\/\/www.doctoragibert.com\/es\/\",\"name\":\"DRA. GIBERT\",\"description\":\"Ginecologia i obstetricia\",\"potentialAction\":[{\"@type\":\"SearchAction\",\"target\":{\"@type\":\"EntryPoint\",\"urlTemplate\":\"https:\/\/www.doctoragibert.com\/es\/?s={search_term_string}\"},\"query-input\":{\"@type\":\"PropertyValueSpecification\",\"valueRequired\":true,\"valueName\":\"search_term_string\"}}],\"inLanguage\":\"es\"}]}<\/script>\n<!-- \/ Yoast SEO plugin. -->","yoast_head_json":{"title":"VERRUGAS GENITALES O CONDILOMAS: tratamientos actuales - DRA. GIBERT","robots":{"index":"index","follow":"follow","max-snippet":"max-snippet:-1","max-image-preview":"max-image-preview:large","max-video-preview":"max-video-preview:-1"},"canonical":"https:\/\/www.doctoragibert.com\/es\/pacientes\/enfermedades-ginecologicas-benignas\/tractament-berrugues\/","og_locale":"es_ES","og_type":"article","og_title":"VERRUGAS GENITALES O CONDILOMAS: tratamientos actuales - DRA. GIBERT","og_description":"Autora:\u00a0Dra. MJ Gibert. Fecha de actualizaci\u00f3n: 17\/6\/25. Fechas de versiones previas: 29\/9\/15. &nbsp; \u00bfCU\u00c1NDO HAN DE TRATARSE LAS VERRUGAS? S\u00f3lo se deben tratar si hay s\u00edntomas\u00a0(prurito, sangrado, ardor, dolor, flujo vaginal, molestias en las relaciones sexuales, vagina ocupada por condilomas que dificulten las relaciones o el parto) o si hay percepci\u00f3n por parte de la [&hellip;]","og_url":"https:\/\/www.doctoragibert.com\/es\/pacientes\/enfermedades-ginecologicas-benignas\/tractament-berrugues\/","og_site_name":"DRA. GIBERT","article_publisher":"https:\/\/www.facebook.com\/doctoragibert","article_modified_time":"2025-06-17T20:59:26+00:00","og_image":[{"url":"https:\/\/botplusweb.farmaceuticos.com\/Documentos\/AEMPS\/Fotos\/203703\/full\/61338_materialas.jpg","type":"","width":"","height":""}],"twitter_misc":{"Tiempo de lectura":"4 minutos"},"schema":{"@context":"https:\/\/schema.org","@graph":[{"@type":"WebPage","@id":"https:\/\/www.doctoragibert.com\/es\/pacientes\/enfermedades-ginecologicas-benignas\/tractament-berrugues\/","url":"https:\/\/www.doctoragibert.com\/es\/pacientes\/enfermedades-ginecologicas-benignas\/tractament-berrugues\/","name":"VERRUGAS GENITALES O CONDILOMAS: tratamientos actuales - DRA. GIBERT","isPartOf":{"@id":"https:\/\/www.doctoragibert.com\/es\/#website"},"primaryImageOfPage":{"@id":"https:\/\/www.doctoragibert.com\/es\/pacientes\/enfermedades-ginecologicas-benignas\/tractament-berrugues\/#primaryimage"},"image":{"@id":"https:\/\/www.doctoragibert.com\/es\/pacientes\/enfermedades-ginecologicas-benignas\/tractament-berrugues\/#primaryimage"},"thumbnailUrl":"https:\/\/botplusweb.farmaceuticos.com\/Documentos\/AEMPS\/Fotos\/203703\/full\/61338_materialas.jpg","datePublished":"2025-06-17T20:45:16+00:00","dateModified":"2025-06-17T20:59:26+00:00","breadcrumb":{"@id":"https:\/\/www.doctoragibert.com\/es\/pacientes\/enfermedades-ginecologicas-benignas\/tractament-berrugues\/#breadcrumb"},"inLanguage":"es","potentialAction":[{"@type":"ReadAction","target":["https:\/\/www.doctoragibert.com\/es\/pacientes\/enfermedades-ginecologicas-benignas\/tractament-berrugues\/"]}]},{"@type":"ImageObject","inLanguage":"es","@id":"https:\/\/www.doctoragibert.com\/es\/pacientes\/enfermedades-ginecologicas-benignas\/tractament-berrugues\/#primaryimage","url":"https:\/\/botplusweb.farmaceuticos.com\/Documentos\/AEMPS\/Fotos\/203703\/full\/61338_materialas.jpg","contentUrl":"https:\/\/botplusweb.farmaceuticos.com\/Documentos\/AEMPS\/Fotos\/203703\/full\/61338_materialas.jpg"},{"@type":"BreadcrumbList","@id":"https:\/\/www.doctoragibert.com\/es\/pacientes\/enfermedades-ginecologicas-benignas\/tractament-berrugues\/#breadcrumb","itemListElement":[{"@type":"ListItem","position":1,"name":"PACIENTES","item":"https:\/\/www.doctoragibert.com\/es\/pacientes\/"},{"@type":"ListItem","position":2,"name":"ENFERMEDADES GINECOL\u00d3GICAS BENIGNAS","item":"https:\/\/www.doctoragibert.com\/es\/pacientes\/enfermedades-ginecologicas-benignas\/"},{"@type":"ListItem","position":3,"name":"VERRUGAS GENITALES O CONDILOMAS: tratamientos actuales"}]},{"@type":"WebSite","@id":"https:\/\/www.doctoragibert.com\/es\/#website","url":"https:\/\/www.doctoragibert.com\/es\/","name":"DRA. GIBERT","description":"Ginecologia i obstetricia","potentialAction":[{"@type":"SearchAction","target":{"@type":"EntryPoint","urlTemplate":"https:\/\/www.doctoragibert.com\/es\/?s={search_term_string}"},"query-input":{"@type":"PropertyValueSpecification","valueRequired":true,"valueName":"search_term_string"}}],"inLanguage":"es"}]}},"_links":{"self":[{"href":"https:\/\/www.doctoragibert.com\/es\/wp-json\/wp\/v2\/pages\/23446","targetHints":{"allow":["GET"]}}],"collection":[{"href":"https:\/\/www.doctoragibert.com\/es\/wp-json\/wp\/v2\/pages"}],"about":[{"href":"https:\/\/www.doctoragibert.com\/es\/wp-json\/wp\/v2\/types\/page"}],"author":[{"embeddable":true,"href":"https:\/\/www.doctoragibert.com\/es\/wp-json\/wp\/v2\/users\/12"}],"replies":[{"embeddable":true,"href":"https:\/\/www.doctoragibert.com\/es\/wp-json\/wp\/v2\/comments?post=23446"}],"version-history":[{"count":3,"href":"https:\/\/www.doctoragibert.com\/es\/wp-json\/wp\/v2\/pages\/23446\/revisions"}],"predecessor-version":[{"id":23453,"href":"https:\/\/www.doctoragibert.com\/es\/wp-json\/wp\/v2\/pages\/23446\/revisions\/23453"}],"up":[{"embeddable":true,"href":"https:\/\/www.doctoragibert.com\/es\/wp-json\/wp\/v2\/pages\/15325"}],"wp:attachment":[{"href":"https:\/\/www.doctoragibert.com\/es\/wp-json\/wp\/v2\/media?parent=23446"}],"curies":[{"name":"wp","href":"https:\/\/api.w.org\/{rel}","templated":true}]}}