{"id":8348,"date":"2015-09-16T14:02:26","date_gmt":"2015-09-16T14:02:26","guid":{"rendered":"http:\/\/gibert.uxiodigital.com\/?page_id=8348"},"modified":"2024-10-15T07:55:07","modified_gmt":"2024-10-15T07:55:07","slug":"aviso-legal-2","status":"publish","type":"page","link":"https:\/\/www.doctoragibert.com\/es\/aviso-legal-2\/","title":{"rendered":"AVISO LEGAL"},"content":{"rendered":"\t\t<div data-elementor-type=\"wp-page\" data-elementor-id=\"8348\" class=\"elementor elementor-8348\">\n\t\t\t\t\t\t<section class=\"elementor-section elementor-top-section elementor-element elementor-element-e009f64 elementor-section-boxed elementor-section-height-default elementor-section-height-default\" data-id=\"e009f64\" data-element_type=\"section\" data-settings=\"{&quot;background_background&quot;:&quot;classic&quot;}\">\n\t\t\t\t\t\t<div class=\"elementor-container elementor-column-gap-default\">\n\t\t\t\t\t<div class=\"elementor-column elementor-col-100 elementor-top-column elementor-element elementor-element-47e5c35\" data-id=\"47e5c35\" data-element_type=\"column\">\n\t\t\t<div class=\"elementor-widget-wrap elementor-element-populated\">\n\t\t\t\t\t\t<div class=\"elementor-element elementor-element-7081b1a elementor-widget elementor-widget-spacer\" data-id=\"7081b1a\" data-element_type=\"widget\" data-widget_type=\"spacer.default\">\n\t\t\t\t<div class=\"elementor-widget-container\">\n\t\t\t\t\t\t\t<div class=\"elementor-spacer\">\n\t\t\t<div class=\"elementor-spacer-inner\"><\/div>\n\t\t<\/div>\n\t\t\t\t\t\t<\/div>\n\t\t\t\t<\/div>\n\t\t\t\t<div class=\"elementor-element elementor-element-8f6c8f7 elementor-widget elementor-widget-heading\" data-id=\"8f6c8f7\" data-element_type=\"widget\" data-widget_type=\"heading.default\">\n\t\t\t\t<div class=\"elementor-widget-container\">\n\t\t\t\t\t<h2 class=\"elementor-heading-title elementor-size-default\">Aviso Legal<\/h2>\t\t\t\t<\/div>\n\t\t\t\t<\/div>\n\t\t\t\t<div class=\"elementor-element elementor-element-47f8637 elementor-widget-divider--view-line elementor-widget elementor-widget-divider\" data-id=\"47f8637\" data-element_type=\"widget\" data-widget_type=\"divider.default\">\n\t\t\t\t<div class=\"elementor-widget-container\">\n\t\t\t\t\t\t\t<div class=\"elementor-divider\">\n\t\t\t<span class=\"elementor-divider-separator\">\n\t\t\t\t\t\t<\/span>\n\t\t<\/div>\n\t\t\t\t\t\t<\/div>\n\t\t\t\t<\/div>\n\t\t\t\t<div class=\"elementor-element elementor-element-8a47568 elementor-widget elementor-widget-spacer\" data-id=\"8a47568\" data-element_type=\"widget\" data-widget_type=\"spacer.default\">\n\t\t\t\t<div class=\"elementor-widget-container\">\n\t\t\t\t\t\t\t<div class=\"elementor-spacer\">\n\t\t\t<div class=\"elementor-spacer-inner\"><\/div>\n\t\t<\/div>\n\t\t\t\t\t\t<\/div>\n\t\t\t\t<\/div>\n\t\t\t\t\t<\/div>\n\t\t<\/div>\n\t\t\t\t\t<\/div>\n\t\t<\/section>\n\t\t\t\t<section class=\"elementor-section elementor-top-section elementor-element elementor-element-1380c72e elementor-section-boxed elementor-section-height-default elementor-section-height-default\" data-id=\"1380c72e\" data-element_type=\"section\">\n\t\t\t\t\t\t<div class=\"elementor-container elementor-column-gap-default\">\n\t\t\t\t\t<div class=\"elementor-column elementor-col-100 elementor-top-column elementor-element elementor-element-3a8ea6a\" data-id=\"3a8ea6a\" data-element_type=\"column\">\n\t\t\t<div class=\"elementor-widget-wrap elementor-element-populated\">\n\t\t\t\t\t\t<div class=\"elementor-element elementor-element-fb9329f legal elementor-widget elementor-widget-text-editor\" data-id=\"fb9329f\" data-element_type=\"widget\" data-widget_type=\"text-editor.default\">\n\t\t\t\t<div class=\"elementor-widget-container\">\n\t\t\t\t\t\t\t\t\t<h2>CONDICIONES DE USO Y PRIVACIDAD<\/h2>\t\t\t\t\t\t\t\t<\/div>\n\t\t\t\t<\/div>\n\t\t\t\t<div class=\"elementor-element elementor-element-0367218 legal elementor-widget elementor-widget-text-editor\" data-id=\"0367218\" data-element_type=\"widget\" data-widget_type=\"text-editor.default\">\n\t\t\t\t<div class=\"elementor-widget-container\">\n\t\t\t\t\t\t\t\t\t<h2>Gesti\u00f3n y propiedad<\/h2><p>La p\u00e1gina www.doctoragibert.com est\u00e1 gestionada en sus contenidos, dise\u00f1o y distribuci\u00f3n por la Dra. Maria Josep Gibert, m\u00e9dica especialista en Obstetricia y Ginecolog\u00eda, inscrita en el Colegio Oficial de M\u00e9dicos de las Islas Baleares (Espa\u00f1a) con el n\u00famero 070704588, y es propiedad de Inversiones M\u00e9dicas Gibert C. y asociados, SLU, con NIF B57777732.<\/p>\t\t\t\t\t\t\t\t<\/div>\n\t\t\t\t<\/div>\n\t\t\t\t<div class=\"elementor-element elementor-element-e58fd23 legal elementor-widget elementor-widget-text-editor\" data-id=\"e58fd23\" data-element_type=\"widget\" data-widget_type=\"text-editor.default\">\n\t\t\t\t<div class=\"elementor-widget-container\">\n\t\t\t\t\t\t\t\t\t<h2>Misi\u00f3n<\/h2><p>Los objetivos\u00a0de la p\u00e1gina son:<\/p><ul><li>Proporcionar informaci\u00f3n sobre Obstetricia y Ginecolog\u00eda, destinada a las mujeres y su entorno, que sea pr\u00e1ctica, de calidad y en un lenguaje comprensible.<\/li><li>Dar a conocer la labor profesional del equipo de la Dra. Gibert.<\/li><li>Asesorar sobre la especialidad m\u00e9dica mencionada a los internautas que lo demanden (ver apartado<a href=\"#as\"> Asessoramiento a visitantes<\/a>).<\/li><li>Facilitar la comunicaci\u00f3n con las pacientes atendidas en la consulta privada de la ginec\u00f3loga (ver apartado <a href=\"#at\">Atenci\u00f3n a los pacientes de la consulta privada de la Dra. Gibert<\/a>). De lo anterior se infiere que esta plataforma se destina al p\u00fablico general, sin perjuicio de que pueda ser consultada por profesionales de la salud.<\/li><\/ul>\t\t\t\t\t\t\t\t<\/div>\n\t\t\t\t<\/div>\n\t\t\t\t<div class=\"elementor-element elementor-element-f415ee2 legal elementor-widget elementor-widget-text-editor\" data-id=\"f415ee2\" data-element_type=\"widget\" data-widget_type=\"text-editor.default\">\n\t\t\t\t<div class=\"elementor-widget-container\">\n\t\t\t\t\t\t\t\t\t<h2>Autores<\/h2><p>L\u2019autoria dels textos s\u2019especifica en lloc ben visible i \u00e9s La autor\u00eda de los textos se especifica en lugar visible y es de la Dra. Gibert y\/u otros ginec\u00f3logos de su equipo. Los textos pueden reflejar la experiencia y la opini\u00f3n personal del autor y\/o proceden de fuentes bibliogr\u00e1ficas de reconocida solvencia.<\/p>\t\t\t\t\t\t\t\t<\/div>\n\t\t\t\t<\/div>\n\t\t\t\t<div class=\"elementor-element elementor-element-134b7a0 legal elementor-widget elementor-widget-text-editor\" data-id=\"134b7a0\" data-element_type=\"widget\" data-widget_type=\"text-editor.default\">\n\t\t\t\t<div class=\"elementor-widget-container\">\n\t\t\t\t\t\t\t\t\t<h2>Exenci\u00f3n de responsabilidad<\/h2><p>Ni los ginec\u00f3logos del equipo, ni la sociedad propietaria se hacen responsables del uso que pueda hacerse del contenido de la web, ni de los asesoramientos realizados mediante cualquiera de los correos electr\u00f3nicos vinculados por los siguientes motivos:<\/p><ul><li>Aunque nuestra intenci\u00f3n es proporcionar informaci\u00f3n de calidad, no podemos asegurar que algunos de los datos proporcionados sean inexactos o no vigentes.<\/li><li>No gestionamos ni controlamos el contenido de ninguna p\u00e1gina web con enlace a o desde nuestra p\u00e1gina, por tanto, no influimos ni sobre sus contenidos ni sobre sus pr\u00e1cticas de confidencialidad.<\/li><li>En ning\u00fan caso, nuestro consejo puede reemplazar la valoraci\u00f3n de cada caso particular por parte del m\u00e9dico.<\/li><\/ul>\t\t\t\t\t\t\t\t<\/div>\n\t\t\t\t<\/div>\n\t\t\t\t<div class=\"elementor-element elementor-element-e3e6ca0 legal elementor-widget elementor-widget-text-editor\" data-id=\"e3e6ca0\" data-element_type=\"widget\" data-widget_type=\"text-editor.default\">\n\t\t\t\t<div class=\"elementor-widget-container\">\n\t\t\t\t\t\t\t\t\t<h2>Confidencialidad<\/h2><p>Nuestra organizaci\u00f3n se compromete a mantener la confidencialidad y seguridad de la informaci\u00f3n personal de todos nuestros visitantes, y de las personas que rellenan nuestros formularios o con las que intercambiamos llamadas telef\u00f3nicas, mensajes de correo electr\u00f3nico o telef\u00f3nicos.<\/p><ul><li>En cuanto a los visitantes: no recopilamos de forma activa ning\u00fan tipo de informaci\u00f3n individual, aunque s\u00ed se hace una recopilaci\u00f3n pasiva que incluye el nombre del dominio (despu\u00e9s de la @ de la direcci\u00f3n de correo electr\u00f3nico) y eventualmente su direcci\u00f3n completa. La informaci\u00f3n recogida depende de la configuraci\u00f3n de su navegador, por tanto, le recomendamos que revise las opciones activadas en el mismo si desea conocer c\u00f3mo se maneja esta informaci\u00f3n. Los datos recibidos autom\u00e1ticamente de su navegador nos permiten investigar las p\u00e1ginas que visita en nuestra web y las que ha visitado antes y despu\u00e9s de pasar por las nuestras. De acuerdo con esta informaci\u00f3n, podemos desarrollar estad\u00edsticas que nos permitan conocer el uso que se les da en nuestras p\u00e1ginas, de forma que podamos aplicarlas para mejorarlas.<\/li><li>En cuanto a las personas emisoras y\/o receptoras de e-mails y las que rellenan nuestros formularios: les recordamos que la informaci\u00f3n contenida en los e-mails y formularios de nuestra plataforma es de naturaleza estrictamente confidencial y queda abajo las premisas del secreto m\u00e9dico.<\/li><\/ul>\t\t\t\t\t\t\t\t<\/div>\n\t\t\t\t<\/div>\n\t\t\t\t<div class=\"elementor-element elementor-element-8ca96af legal elementor-widget elementor-widget-text-editor\" data-id=\"8ca96af\" data-element_type=\"widget\" data-widget_type=\"text-editor.default\">\n\t\t\t\t<div class=\"elementor-widget-container\">\n\t\t\t\t\t\t\t\t\t<p>La sociedad propietaria se compromete a no compartir con terceros ninguna informaci\u00f3n recopilada tanto de su navegador como de su correo electr\u00f3nico para prop\u00f3sitos de marketing.<\/p><p>En caso de venta, fusi\u00f3n, liquidaci\u00f3n, disoluci\u00f3n o reorganizaci\u00f3n de la sociedad propietaria, la informaci\u00f3n recopilada sobre usted puede transferirse, siempre que la parte adquirente se comprometa a mantener la pol\u00edtica de confidencialidad expresada en esta p\u00e1gina.<\/p>\t\t\t\t\t\t\t\t<\/div>\n\t\t\t\t<\/div>\n\t\t\t\t<div class=\"elementor-element elementor-element-453b285 legal elementor-widget elementor-widget-text-editor\" data-id=\"453b285\" data-element_type=\"widget\" id=\"as\" data-widget_type=\"text-editor.default\">\n\t\t\t\t<div class=\"elementor-widget-container\">\n\t\t\t\t\t\t\t\t\t<h2>Asesoramiento a visitantes<\/h2><p>Se define como cualquier intercambio de informaci\u00f3n en el \u00e1mbito de la Ginecolog\u00eda y la Obstetricia entre un usuario de la web, que no es nuestro paciente, y el equipo de la Consulta de la Dra. Gibert. Ser\u00e1 condici\u00f3n imprescindible que la persona que lo solicite tenga residencia en Espa\u00f1a. Dicho asesoramiento es \u00fanicamente orientativo y de \u00e9l no se derivar\u00e1 en ning\u00fan caso ni diagn\u00f3stico, ni tratamiento, ni, por tanto, responsabilidad profesional. Estos actos por lo general no devengar\u00e1n honorarios, con la excepci\u00f3n de aquellos que supongan el intercambio de varios correos o que necesiten del an\u00e1lisis de informaci\u00f3n compleja. En estos \u00faltimos casos, la doctora informar\u00e1 de la generaci\u00f3n de cargos y de la forma de abono, asimismo, dar\u00e1 la opci\u00f3n al visitante de dar por terminado el asesoramiento antes de que \u00e9ste le ocasione gastos.<\/p>\t\t\t\t\t\t\t\t<\/div>\n\t\t\t\t<\/div>\n\t\t\t\t<div class=\"elementor-element elementor-element-3ce0c3e legal elementor-widget elementor-widget-text-editor\" data-id=\"3ce0c3e\" data-element_type=\"widget\" id=\"at\" data-widget_type=\"text-editor.default\">\n\t\t\t\t<div class=\"elementor-widget-container\">\n\t\t\t\t\t\t\t\t\t<h2>Atenci\u00f3n a las pacientes de la consulta privada de la Dra. Gibert<\/h2><p>Es la atenci\u00f3n m\u00e9dica dispensada, mediante alguno de los correos electr\u00f3nicos vinculados a la web y\/o telef\u00f3nicamente, a las pacientes que han sido diagnosticadas y tratadas recientemente por el equipo de la doctora en su consulta y, adem\u00e1s, son objeto de seguimiento por su parte. Dicha consulta puede generar honorarios en ciertos casos, aunque el equipo de la doctora se obliga a pactarlos con antelaci\u00f3n y mediante otorgamiento de consentimiento expreso y por escrito de la paciente. Dicho acto m\u00e9dico s\u00f3lo se abonar\u00eda si, de no llevarse a cabo, necesitara una visita presencial en la consulta de la doctora.<\/p>\t\t\t\t\t\t\t\t<\/div>\n\t\t\t\t<\/div>\n\t\t\t\t<div class=\"elementor-element elementor-element-2d6b82a legal elementor-widget elementor-widget-text-editor\" data-id=\"2d6b82a\" data-element_type=\"widget\" data-widget_type=\"text-editor.default\">\n\t\t\t\t<div class=\"elementor-widget-container\">\n\t\t\t\t\t\t\t\t\t<h2>Financiaci\u00f3n<\/h2><p>Esta web se publica y mantiene con fondos de la sociedad Inversiones M\u00e9dicas Gibert C. y asociados, SLU. No recibimos financiaci\u00f3n de ninguna otra organizaci\u00f3n ni empresa, ni siquiera de aquellas webs a las que se pueda acceder mediante hiperv\u00ednculos incluidos en nuestra p\u00e1gina.<\/p>\t\t\t\t\t\t\t\t<\/div>\n\t\t\t\t<\/div>\n\t\t\t\t<div class=\"elementor-element elementor-element-673beae legal elementor-widget elementor-widget-text-editor\" data-id=\"673beae\" data-element_type=\"widget\" data-widget_type=\"text-editor.default\">\n\t\t\t\t<div class=\"elementor-widget-container\">\n\t\t\t\t\t\t\t\t\t<h2>Publicidad<\/h2><p>La plataforma www.doctoragibert.com no acepta ni se plantea aceptar espacios publicitarios pagados. Cualquier apoyo eventual que pueda recibir en el futuro de organizaciones o empresas ajenas debe cumplir la condici\u00f3n de no interferir en modo alguno en la redacci\u00f3n y\/o elecci\u00f3n de los contenidos publicados. Dichos soportes, si los hubiere, se har\u00e1n constar en la web de forma expl\u00edcita.<\/p>\t\t\t\t\t\t\t\t<\/div>\n\t\t\t\t<\/div>\n\t\t\t\t<div class=\"elementor-element elementor-element-a995dbc legal elementor-widget elementor-widget-text-editor\" data-id=\"a995dbc\" data-element_type=\"widget\" data-widget_type=\"text-editor.default\">\n\t\t\t\t<div class=\"elementor-widget-container\">\n\t\t\t\t\t\t\t\t\t<h2>Derechos de autor<\/h2><p>El dise\u00f1o de la web y sus contenidos son propiedad intelectual de Inversiones M\u00e9dicas Gibert C. y asociados, SLU y otros autores a los que se les ha solicitado y\/o abonado la licencia pertinente de uso. Usted puede compartir o imprimir una copia de los contenidos de nuestra web para uso propio y con prop\u00f3sitos no comerciales. No autorizamos la modificaci\u00f3n o explotaci\u00f3n de la totalidad o parte de los contenidos, salvo autorizaci\u00f3n expresa que debe solicitar a doctoragibert@doctoragibert.com. Bajo ninguna circunstancia, vamos a conceder ning\u00fan derecho, ni propiedad sobre nuestros contenidos.<\/p>\t\t\t\t\t\t\t\t<\/div>\n\t\t\t\t<\/div>\n\t\t\t\t<div class=\"elementor-element elementor-element-44be4d1 legal elementor-widget elementor-widget-text-editor\" data-id=\"44be4d1\" data-element_type=\"widget\" data-widget_type=\"text-editor.default\">\n\t\t\t\t<div class=\"elementor-widget-container\">\n\t\t\t\t\t\t\t\t\t<h2>Leyes y jurisdicci\u00f3n de aplicaci\u00f3n<\/h2><p>Las condiciones de este aviso legal se rigen por las leyes espa\u00f1olas. Cualquier controversia en relaci\u00f3n con el uso de esta web se sustanciar\u00e1 ante la jurisdicci\u00f3n espa\u00f1ola, someti\u00e9ndose a las partes, con renuncia expresa a cualquier otro fuero, a los Juzgados y Tribunales de Palma de Mallorca (Illes Balears).<\/p>\t\t\t\t\t\t\t\t<\/div>\n\t\t\t\t<\/div>\n\t\t\t\t<div class=\"elementor-element elementor-element-01b4b1d legal elementor-widget elementor-widget-text-editor\" data-id=\"01b4b1d\" data-element_type=\"widget\" data-widget_type=\"text-editor.default\">\n\t\t\t\t<div class=\"elementor-widget-container\">\n\t\t\t\t\t\t\t\t\t<h2>Notificaciones sobre abusos<\/h2><p>A pesar de la estricta vigilancia que mantenemos sobre nuestra p\u00e1gina, rogamos a nuestros visitantes que nos informen sobre abusos que puedan ocurrir en los contenidos de nuestra web mediante:<\/p><ul><li>Correo electr\u00f3nico a <a href=\"mailto:recepcio@doctoragibert.com\">recepcio@doctoragibert.com<\/a>.<\/li><li>Correo postal: Inversiones M\u00e9dicas Gibert C. y asociados, SLU. C\/ Archiduque Luis Salvador, 90. 07004, Palma. Espa\u00f1a.<\/li><\/ul>\t\t\t\t\t\t\t\t<\/div>\n\t\t\t\t<\/div>\n\t\t\t\t<div class=\"elementor-element elementor-element-19e3d0b legal elementor-widget elementor-widget-text-editor\" data-id=\"19e3d0b\" data-element_type=\"widget\" data-widget_type=\"text-editor.default\">\n\t\t\t\t<div class=\"elementor-widget-container\">\n\t\t\t\t\t\t\t\t\t<h2>Modificaciones<\/h2><p>El contenido de esta p\u00e1gina puede variar sin previo aviso. La fecha de actualizaci\u00f3n de los textos le resultar\u00e1 \u00fatil para ese prop\u00f3sito.<\/p>\t\t\t\t\t\t\t\t<\/div>\n\t\t\t\t<\/div>\n\t\t\t\t<div class=\"elementor-element elementor-element-aec4db6 legal elementor-widget elementor-widget-text-editor\" data-id=\"aec4db6\" data-element_type=\"widget\" data-widget_type=\"text-editor.default\">\n\t\t\t\t<div class=\"elementor-widget-container\">\n\t\t\t\t\t\t\t\t\t<h2>Aceptaci\u00f3n<\/h2><p>La utilizaci\u00f3n de esta web implica la aceptaci\u00f3n de las citadas condiciones de uso.<\/p>\t\t\t\t\t\t\t\t<\/div>\n\t\t\t\t<\/div>\n\t\t\t\t\t<\/div>\n\t\t<\/div>\n\t\t\t\t\t<\/div>\n\t\t<\/section>\n\t\t\t\t<\/div>\n\t\t","protected":false},"excerpt":{"rendered":"<p>Aviso Legal CONDICIONES DE USO Y PRIVACIDAD Gesti\u00f3n y propiedad La p\u00e1gina www.doctoragibert.com est\u00e1 gestionada en sus contenidos, dise\u00f1o y distribuci\u00f3n por la Dra. Maria Josep Gibert, m\u00e9dica especialista en Obstetricia y Ginecolog\u00eda, inscrita en el Colegio Oficial de M\u00e9dicos de las Islas Baleares (Espa\u00f1a) con el n\u00famero 070704588, y es propiedad de Inversiones M\u00e9dicas [&hellip;]<\/p>\n","protected":false},"author":12,"featured_media":0,"parent":0,"menu_order":0,"comment_status":"open","ping_status":"open","template":"elementor_header_footer","meta":{"footnotes":""},"class_list":["post-8348","page","type-page","status-publish","hentry"],"yoast_head":"<!-- This site is optimized with the Yoast SEO plugin v25.0 - https:\/\/yoast.com\/wordpress\/plugins\/seo\/ -->\n<title>Aviso legal de la web de la ginec\u00f3loga Dra. Gibert<\/title>\n<meta name=\"description\" content=\"C\u00f3digo \u00e9tico, derechos de autor, aspectos legales, notificaciones sobre abusos, modificaciones y condiciones de uso de la web.\" \/>\n<meta name=\"robots\" content=\"index, follow, max-snippet:-1, max-image-preview:large, max-video-preview:-1\" \/>\n<link rel=\"canonical\" href=\"https:\/\/www.doctoragibert.com\/es\/aviso-legal-2\/\" \/>\n<meta property=\"og:locale\" content=\"es_ES\" \/>\n<meta property=\"og:type\" content=\"article\" \/>\n<meta property=\"og:title\" content=\"Aviso legal de la web de la ginec\u00f3loga Dra. Gibert\" \/>\n<meta property=\"og:description\" content=\"C\u00f3digo \u00e9tico, derechos de autor, aspectos legales, notificaciones sobre abusos, modificaciones y condiciones de uso de la web.\" \/>\n<meta property=\"og:url\" content=\"https:\/\/www.doctoragibert.com\/es\/aviso-legal-2\/\" \/>\n<meta property=\"og:site_name\" content=\"DRA. GIBERT\" \/>\n<meta property=\"article:publisher\" content=\"https:\/\/www.facebook.com\/doctoragibert\" \/>\n<meta property=\"article:modified_time\" content=\"2024-10-15T07:55:07+00:00\" \/>\n<meta name=\"twitter:label1\" content=\"Tiempo de lectura\" \/>\n\t<meta name=\"twitter:data1\" content=\"6 minutos\" \/>\n<script type=\"application\/ld+json\" class=\"yoast-schema-graph\">{\"@context\":\"https:\/\/schema.org\",\"@graph\":[{\"@type\":\"WebPage\",\"@id\":\"https:\/\/www.doctoragibert.com\/es\/aviso-legal-2\/\",\"url\":\"https:\/\/www.doctoragibert.com\/es\/aviso-legal-2\/\",\"name\":\"Aviso legal de la web de la ginec\u00f3loga Dra. Gibert\",\"isPartOf\":{\"@id\":\"https:\/\/www.doctoragibert.com\/es\/#website\"},\"datePublished\":\"2015-09-16T14:02:26+00:00\",\"dateModified\":\"2024-10-15T07:55:07+00:00\",\"description\":\"C\u00f3digo \u00e9tico, derechos de autor, aspectos legales, notificaciones sobre abusos, modificaciones y condiciones de uso de la web.\",\"inLanguage\":\"es\",\"potentialAction\":[{\"@type\":\"ReadAction\",\"target\":[\"https:\/\/www.doctoragibert.com\/es\/aviso-legal-2\/\"]}]},{\"@type\":\"WebSite\",\"@id\":\"https:\/\/www.doctoragibert.com\/es\/#website\",\"url\":\"https:\/\/www.doctoragibert.com\/es\/\",\"name\":\"DRA. GIBERT\",\"description\":\"Ginecologia i obstetricia\",\"potentialAction\":[{\"@type\":\"SearchAction\",\"target\":{\"@type\":\"EntryPoint\",\"urlTemplate\":\"https:\/\/www.doctoragibert.com\/es\/?s={search_term_string}\"},\"query-input\":{\"@type\":\"PropertyValueSpecification\",\"valueRequired\":true,\"valueName\":\"search_term_string\"}}],\"inLanguage\":\"es\"}]}<\/script>\n<!-- \/ Yoast SEO plugin. -->","yoast_head_json":{"title":"Aviso legal de la web de la ginec\u00f3loga Dra. Gibert","description":"C\u00f3digo \u00e9tico, derechos de autor, aspectos legales, notificaciones sobre abusos, modificaciones y condiciones de uso de la web.","robots":{"index":"index","follow":"follow","max-snippet":"max-snippet:-1","max-image-preview":"max-image-preview:large","max-video-preview":"max-video-preview:-1"},"canonical":"https:\/\/www.doctoragibert.com\/es\/aviso-legal-2\/","og_locale":"es_ES","og_type":"article","og_title":"Aviso legal de la web de la ginec\u00f3loga Dra. Gibert","og_description":"C\u00f3digo \u00e9tico, derechos de autor, aspectos legales, notificaciones sobre abusos, modificaciones y condiciones de uso de la web.","og_url":"https:\/\/www.doctoragibert.com\/es\/aviso-legal-2\/","og_site_name":"DRA. GIBERT","article_publisher":"https:\/\/www.facebook.com\/doctoragibert","article_modified_time":"2024-10-15T07:55:07+00:00","twitter_misc":{"Tiempo de lectura":"6 minutos"},"schema":{"@context":"https:\/\/schema.org","@graph":[{"@type":"WebPage","@id":"https:\/\/www.doctoragibert.com\/es\/aviso-legal-2\/","url":"https:\/\/www.doctoragibert.com\/es\/aviso-legal-2\/","name":"Aviso legal de la web de la ginec\u00f3loga Dra. Gibert","isPartOf":{"@id":"https:\/\/www.doctoragibert.com\/es\/#website"},"datePublished":"2015-09-16T14:02:26+00:00","dateModified":"2024-10-15T07:55:07+00:00","description":"C\u00f3digo \u00e9tico, derechos de autor, aspectos legales, notificaciones sobre abusos, modificaciones y condiciones de uso de la web.","inLanguage":"es","potentialAction":[{"@type":"ReadAction","target":["https:\/\/www.doctoragibert.com\/es\/aviso-legal-2\/"]}]},{"@type":"WebSite","@id":"https:\/\/www.doctoragibert.com\/es\/#website","url":"https:\/\/www.doctoragibert.com\/es\/","name":"DRA. GIBERT","description":"Ginecologia i obstetricia","potentialAction":[{"@type":"SearchAction","target":{"@type":"EntryPoint","urlTemplate":"https:\/\/www.doctoragibert.com\/es\/?s={search_term_string}"},"query-input":{"@type":"PropertyValueSpecification","valueRequired":true,"valueName":"search_term_string"}}],"inLanguage":"es"}]}},"_links":{"self":[{"href":"https:\/\/www.doctoragibert.com\/es\/wp-json\/wp\/v2\/pages\/8348","targetHints":{"allow":["GET"]}}],"collection":[{"href":"https:\/\/www.doctoragibert.com\/es\/wp-json\/wp\/v2\/pages"}],"about":[{"href":"https:\/\/www.doctoragibert.com\/es\/wp-json\/wp\/v2\/types\/page"}],"author":[{"embeddable":true,"href":"https:\/\/www.doctoragibert.com\/es\/wp-json\/wp\/v2\/users\/12"}],"replies":[{"embeddable":true,"href":"https:\/\/www.doctoragibert.com\/es\/wp-json\/wp\/v2\/comments?post=8348"}],"version-history":[{"count":3,"href":"https:\/\/www.doctoragibert.com\/es\/wp-json\/wp\/v2\/pages\/8348\/revisions"}],"predecessor-version":[{"id":22941,"href":"https:\/\/www.doctoragibert.com\/es\/wp-json\/wp\/v2\/pages\/8348\/revisions\/22941"}],"wp:attachment":[{"href":"https:\/\/www.doctoragibert.com\/es\/wp-json\/wp\/v2\/media?parent=8348"}],"curies":[{"name":"wp","href":"https:\/\/api.w.org\/{rel}","templated":true}]}}