{"id":8599,"date":"2015-09-28T14:38:36","date_gmt":"2015-09-28T14:38:36","guid":{"rendered":"http:\/\/gibert.uxiodigital.com\/embaras-i-part\/estreptococ-del-grup-b\/"},"modified":"2021-08-04T12:21:27","modified_gmt":"2021-08-04T12:21:27","slug":"estreptococo-del-grupo-b","status":"publish","type":"page","link":"https:\/\/www.doctoragibert.com\/es\/pacientes\/embarazo-y-parto\/estreptococo-del-grupo-b\/","title":{"rendered":"ESTREPTOCOCO DEL GRUPO B"},"content":{"rendered":"\t\t<div data-elementor-type=\"wp-page\" data-elementor-id=\"8599\" class=\"elementor elementor-8599 elementor-8595\">\n\t\t\t\t\t\t<section class=\"elementor-section elementor-top-section elementor-element elementor-element-15b2f70 elementor-section-boxed elementor-section-height-default elementor-section-height-default\" data-id=\"15b2f70\" data-element_type=\"section\" data-settings=\"{&quot;background_background&quot;:&quot;classic&quot;}\">\n\t\t\t\t\t\t<div class=\"elementor-container elementor-column-gap-default\">\n\t\t\t\t\t<div class=\"elementor-column elementor-col-100 elementor-top-column elementor-element elementor-element-b936e61\" data-id=\"b936e61\" data-element_type=\"column\">\n\t\t\t<div class=\"elementor-widget-wrap elementor-element-populated\">\n\t\t\t\t\t\t<div class=\"elementor-element elementor-element-4a4b35c elementor-widget elementor-widget-spacer\" data-id=\"4a4b35c\" data-element_type=\"widget\" data-widget_type=\"spacer.default\">\n\t\t\t\t<div class=\"elementor-widget-container\">\n\t\t\t\t\t\t\t<div class=\"elementor-spacer\">\n\t\t\t<div class=\"elementor-spacer-inner\"><\/div>\n\t\t<\/div>\n\t\t\t\t\t\t<\/div>\n\t\t\t\t<\/div>\n\t\t\t\t<div class=\"elementor-element elementor-element-8f864cf elementor-widget elementor-widget-heading\" data-id=\"8f864cf\" data-element_type=\"widget\" data-widget_type=\"heading.default\">\n\t\t\t\t<div class=\"elementor-widget-container\">\n\t\t\t\t\t<h2 class=\"elementor-heading-title elementor-size-default\">ESTREPTOCOCO DEL GRUPO B<\/h2>\t\t\t\t<\/div>\n\t\t\t\t<\/div>\n\t\t\t\t<div class=\"elementor-element elementor-element-c878ba1 elementor-widget-divider--view-line elementor-widget elementor-widget-divider\" data-id=\"c878ba1\" data-element_type=\"widget\" data-widget_type=\"divider.default\">\n\t\t\t\t<div class=\"elementor-widget-container\">\n\t\t\t\t\t\t\t<div class=\"elementor-divider\">\n\t\t\t<span class=\"elementor-divider-separator\">\n\t\t\t\t\t\t<\/span>\n\t\t<\/div>\n\t\t\t\t\t\t<\/div>\n\t\t\t\t<\/div>\n\t\t\t\t<div class=\"elementor-element elementor-element-3b080ef migasdepan elementor-widget elementor-widget-wp-widget-bcn_widget\" data-id=\"3b080ef\" data-element_type=\"widget\" data-widget_type=\"wp-widget-bcn_widget.default\">\n\t\t\t\t<div class=\"elementor-widget-container\">\n\t\t\t\t\t<div class=\"breadcrumbs\" vocab=\"https:\/\/schema.org\/\" typeof=\"BreadcrumbList\"><!-- Breadcrumb NavXT 7.4.1 -->\n<span property=\"itemListElement\" typeof=\"ListItem\"><a property=\"item\" typeof=\"WebPage\" title=\"Ir a DRA. GIBERT.\" href=\"https:\/\/www.doctoragibert.com\/es\/\" class=\"home\" aria-current=\"page\"><span property=\"name\">DRA. GIBERT<\/span><\/a><meta property=\"position\" content=\"1\"><\/span><\/div>\t\t\t\t<\/div>\n\t\t\t\t<\/div>\n\t\t\t\t<div class=\"elementor-element elementor-element-2c8163b elementor-widget elementor-widget-spacer\" data-id=\"2c8163b\" data-element_type=\"widget\" data-widget_type=\"spacer.default\">\n\t\t\t\t<div class=\"elementor-widget-container\">\n\t\t\t\t\t\t\t<div class=\"elementor-spacer\">\n\t\t\t<div class=\"elementor-spacer-inner\"><\/div>\n\t\t<\/div>\n\t\t\t\t\t\t<\/div>\n\t\t\t\t<\/div>\n\t\t\t\t\t<\/div>\n\t\t<\/div>\n\t\t\t\t\t<\/div>\n\t\t<\/section>\n\t\t\t\t<section class=\"elementor-section elementor-top-section elementor-element elementor-element-554df8a9 elementor-section-boxed elementor-section-height-default elementor-section-height-default\" data-id=\"554df8a9\" data-element_type=\"section\">\n\t\t\t\t\t\t<div class=\"elementor-container elementor-column-gap-default\">\n\t\t\t\t\t<div class=\"elementor-column elementor-col-100 elementor-top-column elementor-element elementor-element-7b6a1f4d\" data-id=\"7b6a1f4d\" data-element_type=\"column\">\n\t\t\t<div class=\"elementor-widget-wrap elementor-element-populated\">\n\t\t\t\t\t\t<div class=\"elementor-element elementor-element-5a54484b elementor-widget elementor-widget-text-editor\" data-id=\"5a54484b\" data-element_type=\"widget\" data-widget_type=\"text-editor.default\">\n\t\t\t\t<div class=\"elementor-widget-container\">\n\t\t\t\t\t\t\t\t\t<p><img decoding=\"async\" class=\"alignleft size-full wp-image-8596\" src=\"https:\/\/www.doctoragibert.com\/wp-content\/uploads\/2015\/09\/9f6db74704fc286b4971b4f968bb5c71.png\" alt=\"9f6db74704fc286b4971b4f968bb5c71\" width=\"176\" height=\"177\" srcset=\"https:\/\/www.doctoragibert.com\/wp-content\/uploads\/2015\/09\/9f6db74704fc286b4971b4f968bb5c71.png 176w, https:\/\/www.doctoragibert.com\/wp-content\/uploads\/2015\/09\/9f6db74704fc286b4971b4f968bb5c71-150x150.png 150w\" sizes=\"(max-width: 176px) 100vw, 176px\" \/><\/p><p>En el \u00faltimo trimestre del embarazo (<b>35-37 semanas o antes si hay m\u00e1s riesgo de parto prematuro<\/b>) solemos hacer una toma de material, primero vaginal y luego rectal, para el escrutinio del estreptococo del grupo B (SGB), tambi\u00e9n llamado Streptococcus agalactiae. En los siguientes p\u00e1rrafos intentaremos resolver las dudas m\u00e1s frecuentes planteadas por nuestras embarazadas:<\/p><p>\u2013 <b>\u00bfPor qu\u00e9 se busca el SGB?<\/b> Porque es la causa m\u00e1s frecuente de infecciones de los reci\u00e9n nacidos en pa\u00edses de nuestro entorno.<\/p><p>\u2013 <b>\u00bfQu\u00e9 es el SGB?<\/b> Es una bacteria que est\u00e1 en el 15% de las personas sanas. Suele encontrarse en el recto, pero por su proximidad, puede pasar a la vagina de forma intermitente, e incluso, algo m\u00e1s lejos, al meato uretral y a la vejiga urinaria. Suele convivir con nosotros sin producir enfermedad, aunque si tenemos nuestras defensas bajas o somos reci\u00e9n nacidos o embarazadas, las posibilidades de que sea nocivo aumentan. Aun con todo, s\u00f3lo la mitad de los hijos de las mujeres portadoras lo adquieren, y al 1-2% de ellos les causa infecci\u00f3n.<\/p><p>\u2013 <b>\u00bfQue enfermedades produce?<\/b> A las mujeres embarazadas les puede causar infecci\u00f3n uterina (fiebre intraparto y posparto) que se soluciona f\u00e1cilmente con antibi\u00f3ticos. Los lactantes pueden sufrir <b>infecciones graves por su causa durante sus primeros 90 d\u00edas de vida<\/b>. 2\/3 partes de las infecciones de los neonatos dan s\u00edntomas durante la primera semana de vida (infecci\u00f3n precoz) y 1\/3 restante son tard\u00edas (se manifiestan entre 7 y 90 d\u00edas posparto). La infecci\u00f3n precoz produce de m\u00e1s a menos: sepsis (infecci\u00f3n diseminada), neumon\u00eda y meningitis; mientras que la tard\u00eda, aparte de la sepsis, causa meningitis con bastante frecuencia. La infecci\u00f3n precoz puede producir la muerte del neonato en el 6% de los casos y en el 3% si es tard\u00eda. Asimismo, otro problema importante es la meningitis, pues 1\/4 de los afectados tendr\u00e1 retraso psicomotor moderado-severo y\/o sordera y\/o ceguera.<\/p><p>\u2013 \u00bf<b>En qu\u00e9 consiste la prevenci\u00f3n del SGB?<\/b> En la administraci\u00f3n de antibi\u00f3ticos endovenosos durante el parto (sobre todo ampicilina y penicilina). Los protocolos de uso habitual requieren iniciar los antibi\u00f3ticos al menos 4 horas antes del parto y la administraci\u00f3n de las dosis sucesivas en tiempo y forma. Si ello no se cumple, el neonato precisar\u00e1 an\u00e1lisis de sangre e incluso antibi\u00f3ticos intramusculares, entonces,<b> es importante que no demoremos nuestra llegada a la Cl\u00ednica u Hospital si estamos de parto<\/b>, sobre todo, si no es nuestro primer hijo, pues los partos son m\u00e1s r\u00e1pidos. Lamentablemente, <b>los antibi\u00f3ticos s\u00f3lo previenen la infecci\u00f3n precoz<\/b> y no la tard\u00eda.<\/p><p>\u2013 <b>\u00bfA qui\u00e9n hay que administrar antibi\u00f3ticos?<\/b> A cualquier embarazada de parto con un cultivo urinario o vaginal positivo para esta bacteria en cualquier momento del embarazo o con un cultivo vaginorrectal en agar Granada diagn\u00f3stico realizado en el transcurso de las 5 semanas antes del parto. Si no disponemos de cultivo, prescribiremos antibi\u00f3ticos en presencia de factores de riesgo de infecci\u00f3n por el SGB: prematuros, bolsa rota hace m\u00e1s de 18 horas, fiebre intraparto y hermano infectado por SGB. No hay que administrarlos, aun con cultivo positivo, a las ces\u00e1reas programadas, pues al no tener ni la bolsa rota ni contracciones, el riesgo de transmisi\u00f3n del microbio al feto es m\u00ednimo.<\/p><p>\u2013 <b>\u00bfCu\u00e1l es la utilidad de los antibi\u00f3ticos intraparto?<\/b> Una revisi\u00f3n de estudios de cierta calidad, auspiciada por la organizaci\u00f3n independiente Colaboraci\u00f3n Cochrane, constat\u00f3 que reduc\u00edan la infecci\u00f3n neonatal precoz, pero los problemas metodol\u00f3gicos y de ejecuci\u00f3n de las investigaciones disponibles comprometen seriamente la credibilidad de los resultados. En una auditor\u00eda realizada en el Hospital Son Dureta (Palma de Mallorca) antes de que se hiciera el cultivo rectovaginal (\u00e9poca en la que s\u00f3lo se prescrib\u00edan antibi\u00f3ticos si hab\u00eda factores de riesgo) se contaron 16 casos de infecci\u00f3n precoz entre 28.197 nacidos vivos, cifra que es muy baja. Como la capacidad de detecci\u00f3n de portadoras mediante cultivo vaginorrectal es s\u00f3lo del 90% y la eficacia de los antib\u00f3ticos para prevenir la infecci\u00f3n neonatal precoz es del 80%, se calcula que con la administraci\u00f3n de antibi\u00f3ticos no s\u00f3lo a las parturientas con factores de riesgo, sino tambi\u00e9n a las que tengan cultivo vaginorrectal positivo, se puede evitar una sepsis neonatal cada 10.000 partos, una meningitis cada 40.000, un retraso psicomotor cada 160.000 y una muerte neonatal cada 50.000 partos. Hemos podido apreciar que <b>las bases cient\u00edficas de la profilaxis distan de ser \u00abbrillantes\u00bb<\/b> y, por tanto, otros pa\u00edses como el Reino Unido han seguido como en Espa\u00f1a hace una d\u00e9cada, esto es, administrando antibi\u00f3ticos s\u00f3lo si hab\u00eda factores de riesgo para la infecci\u00f3n del SGB y no hacen rutinariamente cultivo vaginorrectal.<\/p><div class=\"clear\">\u00a0<\/div><p><b>Fuentes de la informaci\u00f3n:<\/b><i><\/i><\/p><ul><li><i>Sociedad Espa\u00f1ola de Obstetricia y Ginecolog\u00eda, Sociedad Espa\u00f1ola de Neonatolog\u00eda, Sociedad Espa\u00f1ola de Enfermedades Infecciosas y Microbiolog\u00eda Cl\u00ednica, Sociedad Espa\u00f1ola de Quimioterapia y Sociedad Espa\u00f1ola de Medicina Familiar y Comunitaria. Prevenci\u00f3n de la infecci\u00f3n perinatal por estreptococo del grupo B. Recomendaciones espa\u00f1olas revisadas. Rev Esp Quimioterap. 2003;16:335-42.<\/i><\/li><li><i>Gonz\u00e1lez L, Montoliu E, Usandizaga M, Borrell N, P\u00e9rez JL. Protocolo del Hospital Son Dureta para actualizar la estrategia de prevenci\u00f3n de la la infecci\u00f3n perinatal por el estreptococo del grupo B (EGB). 19-7-04 [acceso 14-10-13]. Disponible en: <a href=\"http:\/\/www.elcomprimido.com\/FARHSD\/PROTestreptoB.doc\" target=\"_blank\" rel=\"noopener\">http:\/\/www.elcomprimido.com\/FARHSD\/PROTestreptoB.doc<\/a>.<\/i><\/li><li><i>Royal College of Obstetricians and Gynaecologists.Prevention of early onset neonatal group B streptococcal disease. Guideline No. 36, 2nd. edition. July 2012 [acceso 14-10-13]. Disponible en: <a href=\"http:\/\/www.rcog.org.uk\/files\/rcog-corp\/GTG36_GBS.pdf\" target=\"_blank\" rel=\"noopener\">http:\/\/www.rcog.org.uk\/files\/rcog-corp\/GTG36_GBS.pdf<\/a>.<\/i><\/li><li><i>Ohlsson A, Shah VS. Intrapartum antibiotics for known maternal Group B streptococcal colonization. Cochrane Database Syst Rev. 2013 Jan 31;1:CD007467. doi: 10.1002\/14651858.CD007467.pub3.<\/i><\/li><\/ul><div class=\"clear\">\u00a0<\/div>\t\t\t\t\t\t\t\t<\/div>\n\t\t\t\t<\/div>\n\t\t\t\t\t<\/div>\n\t\t<\/div>\n\t\t\t\t\t<\/div>\n\t\t<\/section>\n\t\t\t\t<section class=\"elementor-section elementor-top-section elementor-element elementor-element-9e08da6 elementor-section-boxed elementor-section-height-default elementor-section-height-default\" data-id=\"9e08da6\" data-element_type=\"section\">\n\t\t\t\t\t\t<div class=\"elementor-container elementor-column-gap-default\">\n\t\t\t\t\t<div class=\"elementor-column elementor-col-100 elementor-top-column elementor-element elementor-element-feb7b07\" data-id=\"feb7b07\" data-element_type=\"column\">\n\t\t\t<div class=\"elementor-widget-wrap elementor-element-populated\">\n\t\t\t\t\t\t<div class=\"elementor-element elementor-element-7043382 elementor-widget elementor-widget-shortcode\" data-id=\"7043382\" data-element_type=\"widget\" data-widget_type=\"shortcode.default\">\n\t\t\t\t<div class=\"elementor-widget-container\">\n\t\t\t\t\t\t\t<div class=\"elementor-shortcode\">[ssba-buttons]<\/div>\n\t\t\t\t\t\t<\/div>\n\t\t\t\t<\/div>\n\t\t\t\t\t<\/div>\n\t\t<\/div>\n\t\t\t\t\t<\/div>\n\t\t<\/section>\n\t\t\t\t<\/div>\n\t\t","protected":false},"excerpt":{"rendered":"<p>ESTREPTOCOCO DEL GRUPO B En el \u00faltimo trimestre del embarazo (35-37 semanas o antes si hay m\u00e1s riesgo de parto prematuro) solemos hacer una toma de material, primero vaginal y luego rectal, para el escrutinio del estreptococo del grupo B (SGB), tambi\u00e9n llamado Streptococcus agalactiae. En los siguientes p\u00e1rrafos intentaremos resolver las dudas m\u00e1s frecuentes [&hellip;]<\/p>\n","protected":false},"author":12,"featured_media":0,"parent":15253,"menu_order":0,"comment_status":"open","ping_status":"closed","template":"elementor_header_footer","meta":{"footnotes":""},"class_list":["post-8599","page","type-page","status-publish","hentry"],"yoast_head":"<!-- This site is optimized with the Yoast SEO plugin v25.0 - https:\/\/yoast.com\/wordpress\/plugins\/seo\/ -->\n<title>Estreptococ del grup B<\/title>\n<meta name=\"description\" content=\"Explicaci\u00f3 dels dubtes m\u00e9s freq\u00fcents sobre la infecci\u00f3 pel estreptococ del grup B i la seva prevenci\u00f3 durant el part.\" \/>\n<meta name=\"robots\" content=\"index, follow, max-snippet:-1, max-image-preview:large, max-video-preview:-1\" \/>\n<link rel=\"canonical\" href=\"https:\/\/www.doctoragibert.com\/es\/pacientes\/embarazo-y-parto\/estreptococo-del-grupo-b\/\" \/>\n<meta property=\"og:locale\" content=\"es_ES\" \/>\n<meta property=\"og:type\" content=\"article\" \/>\n<meta property=\"og:title\" content=\"Estreptococ del grup B\" \/>\n<meta property=\"og:description\" content=\"Explicaci\u00f3 dels dubtes m\u00e9s freq\u00fcents sobre la infecci\u00f3 pel estreptococ del grup B i la seva prevenci\u00f3 durant el part.\" \/>\n<meta property=\"og:url\" content=\"https:\/\/www.doctoragibert.com\/es\/pacientes\/embarazo-y-parto\/estreptococo-del-grupo-b\/\" \/>\n<meta property=\"og:site_name\" content=\"DRA. GIBERT\" \/>\n<meta property=\"article:publisher\" content=\"https:\/\/www.facebook.com\/doctoragibert\" \/>\n<meta property=\"article:modified_time\" content=\"2021-08-04T12:21:27+00:00\" \/>\n<meta property=\"og:image\" content=\"https:\/\/www.doctoragibert.com\/wp-content\/uploads\/2015\/09\/9f6db74704fc286b4971b4f968bb5c71.png\" \/>\n<meta name=\"twitter:label1\" content=\"Tiempo de lectura\" \/>\n\t<meta name=\"twitter:data1\" content=\"6 minutos\" \/>\n<script type=\"application\/ld+json\" class=\"yoast-schema-graph\">{\"@context\":\"https:\/\/schema.org\",\"@graph\":[{\"@type\":\"WebPage\",\"@id\":\"https:\/\/www.doctoragibert.com\/es\/pacientes\/embarazo-y-parto\/estreptococo-del-grupo-b\/\",\"url\":\"https:\/\/www.doctoragibert.com\/es\/pacientes\/embarazo-y-parto\/estreptococo-del-grupo-b\/\",\"name\":\"Estreptococ del grup B\",\"isPartOf\":{\"@id\":\"https:\/\/www.doctoragibert.com\/es\/#website\"},\"primaryImageOfPage\":{\"@id\":\"https:\/\/www.doctoragibert.com\/es\/pacientes\/embarazo-y-parto\/estreptococo-del-grupo-b\/#primaryimage\"},\"image\":{\"@id\":\"https:\/\/www.doctoragibert.com\/es\/pacientes\/embarazo-y-parto\/estreptococo-del-grupo-b\/#primaryimage\"},\"thumbnailUrl\":\"https:\/\/www.doctoragibert.com\/wp-content\/uploads\/2015\/09\/9f6db74704fc286b4971b4f968bb5c71.png\",\"datePublished\":\"2015-09-28T14:38:36+00:00\",\"dateModified\":\"2021-08-04T12:21:27+00:00\",\"description\":\"Explicaci\u00f3 dels dubtes m\u00e9s freq\u00fcents sobre la infecci\u00f3 pel estreptococ del grup B i la seva prevenci\u00f3 durant el part.\",\"breadcrumb\":{\"@id\":\"https:\/\/www.doctoragibert.com\/es\/pacientes\/embarazo-y-parto\/estreptococo-del-grupo-b\/#breadcrumb\"},\"inLanguage\":\"es\",\"potentialAction\":[{\"@type\":\"ReadAction\",\"target\":[\"https:\/\/www.doctoragibert.com\/es\/pacientes\/embarazo-y-parto\/estreptococo-del-grupo-b\/\"]}]},{\"@type\":\"ImageObject\",\"inLanguage\":\"es\",\"@id\":\"https:\/\/www.doctoragibert.com\/es\/pacientes\/embarazo-y-parto\/estreptococo-del-grupo-b\/#primaryimage\",\"url\":\"https:\/\/www.doctoragibert.com\/wp-content\/uploads\/2015\/09\/9f6db74704fc286b4971b4f968bb5c71.png\",\"contentUrl\":\"https:\/\/www.doctoragibert.com\/wp-content\/uploads\/2015\/09\/9f6db74704fc286b4971b4f968bb5c71.png\"},{\"@type\":\"BreadcrumbList\",\"@id\":\"https:\/\/www.doctoragibert.com\/es\/pacientes\/embarazo-y-parto\/estreptococo-del-grupo-b\/#breadcrumb\",\"itemListElement\":[{\"@type\":\"ListItem\",\"position\":1,\"name\":\"PACIENTES\",\"item\":\"https:\/\/www.doctoragibert.com\/es\/pacientes\/\"},{\"@type\":\"ListItem\",\"position\":2,\"name\":\"EMBARAZO Y PARTO\",\"item\":\"https:\/\/www.doctoragibert.com\/es\/pacientes\/embarazo-y-parto\/\"},{\"@type\":\"ListItem\",\"position\":3,\"name\":\"ESTREPTOCOCO DEL GRUPO B\"}]},{\"@type\":\"WebSite\",\"@id\":\"https:\/\/www.doctoragibert.com\/es\/#website\",\"url\":\"https:\/\/www.doctoragibert.com\/es\/\",\"name\":\"DRA. GIBERT\",\"description\":\"Ginecologia i obstetricia\",\"potentialAction\":[{\"@type\":\"SearchAction\",\"target\":{\"@type\":\"EntryPoint\",\"urlTemplate\":\"https:\/\/www.doctoragibert.com\/es\/?s={search_term_string}\"},\"query-input\":{\"@type\":\"PropertyValueSpecification\",\"valueRequired\":true,\"valueName\":\"search_term_string\"}}],\"inLanguage\":\"es\"}]}<\/script>\n<!-- \/ Yoast SEO plugin. -->","yoast_head_json":{"title":"Estreptococ del grup B","description":"Explicaci\u00f3 dels dubtes m\u00e9s freq\u00fcents sobre la infecci\u00f3 pel estreptococ del grup B i la seva prevenci\u00f3 durant el part.","robots":{"index":"index","follow":"follow","max-snippet":"max-snippet:-1","max-image-preview":"max-image-preview:large","max-video-preview":"max-video-preview:-1"},"canonical":"https:\/\/www.doctoragibert.com\/es\/pacientes\/embarazo-y-parto\/estreptococo-del-grupo-b\/","og_locale":"es_ES","og_type":"article","og_title":"Estreptococ del grup B","og_description":"Explicaci\u00f3 dels dubtes m\u00e9s freq\u00fcents sobre la infecci\u00f3 pel estreptococ del grup B i la seva prevenci\u00f3 durant el part.","og_url":"https:\/\/www.doctoragibert.com\/es\/pacientes\/embarazo-y-parto\/estreptococo-del-grupo-b\/","og_site_name":"DRA. GIBERT","article_publisher":"https:\/\/www.facebook.com\/doctoragibert","article_modified_time":"2021-08-04T12:21:27+00:00","og_image":[{"url":"https:\/\/www.doctoragibert.com\/wp-content\/uploads\/2015\/09\/9f6db74704fc286b4971b4f968bb5c71.png","type":"","width":"","height":""}],"twitter_misc":{"Tiempo de lectura":"6 minutos"},"schema":{"@context":"https:\/\/schema.org","@graph":[{"@type":"WebPage","@id":"https:\/\/www.doctoragibert.com\/es\/pacientes\/embarazo-y-parto\/estreptococo-del-grupo-b\/","url":"https:\/\/www.doctoragibert.com\/es\/pacientes\/embarazo-y-parto\/estreptococo-del-grupo-b\/","name":"Estreptococ del grup B","isPartOf":{"@id":"https:\/\/www.doctoragibert.com\/es\/#website"},"primaryImageOfPage":{"@id":"https:\/\/www.doctoragibert.com\/es\/pacientes\/embarazo-y-parto\/estreptococo-del-grupo-b\/#primaryimage"},"image":{"@id":"https:\/\/www.doctoragibert.com\/es\/pacientes\/embarazo-y-parto\/estreptococo-del-grupo-b\/#primaryimage"},"thumbnailUrl":"https:\/\/www.doctoragibert.com\/wp-content\/uploads\/2015\/09\/9f6db74704fc286b4971b4f968bb5c71.png","datePublished":"2015-09-28T14:38:36+00:00","dateModified":"2021-08-04T12:21:27+00:00","description":"Explicaci\u00f3 dels dubtes m\u00e9s freq\u00fcents sobre la infecci\u00f3 pel estreptococ del grup B i la seva prevenci\u00f3 durant el part.","breadcrumb":{"@id":"https:\/\/www.doctoragibert.com\/es\/pacientes\/embarazo-y-parto\/estreptococo-del-grupo-b\/#breadcrumb"},"inLanguage":"es","potentialAction":[{"@type":"ReadAction","target":["https:\/\/www.doctoragibert.com\/es\/pacientes\/embarazo-y-parto\/estreptococo-del-grupo-b\/"]}]},{"@type":"ImageObject","inLanguage":"es","@id":"https:\/\/www.doctoragibert.com\/es\/pacientes\/embarazo-y-parto\/estreptococo-del-grupo-b\/#primaryimage","url":"https:\/\/www.doctoragibert.com\/wp-content\/uploads\/2015\/09\/9f6db74704fc286b4971b4f968bb5c71.png","contentUrl":"https:\/\/www.doctoragibert.com\/wp-content\/uploads\/2015\/09\/9f6db74704fc286b4971b4f968bb5c71.png"},{"@type":"BreadcrumbList","@id":"https:\/\/www.doctoragibert.com\/es\/pacientes\/embarazo-y-parto\/estreptococo-del-grupo-b\/#breadcrumb","itemListElement":[{"@type":"ListItem","position":1,"name":"PACIENTES","item":"https:\/\/www.doctoragibert.com\/es\/pacientes\/"},{"@type":"ListItem","position":2,"name":"EMBARAZO Y PARTO","item":"https:\/\/www.doctoragibert.com\/es\/pacientes\/embarazo-y-parto\/"},{"@type":"ListItem","position":3,"name":"ESTREPTOCOCO DEL GRUPO B"}]},{"@type":"WebSite","@id":"https:\/\/www.doctoragibert.com\/es\/#website","url":"https:\/\/www.doctoragibert.com\/es\/","name":"DRA. GIBERT","description":"Ginecologia i obstetricia","potentialAction":[{"@type":"SearchAction","target":{"@type":"EntryPoint","urlTemplate":"https:\/\/www.doctoragibert.com\/es\/?s={search_term_string}"},"query-input":{"@type":"PropertyValueSpecification","valueRequired":true,"valueName":"search_term_string"}}],"inLanguage":"es"}]}},"_links":{"self":[{"href":"https:\/\/www.doctoragibert.com\/es\/wp-json\/wp\/v2\/pages\/8599","targetHints":{"allow":["GET"]}}],"collection":[{"href":"https:\/\/www.doctoragibert.com\/es\/wp-json\/wp\/v2\/pages"}],"about":[{"href":"https:\/\/www.doctoragibert.com\/es\/wp-json\/wp\/v2\/types\/page"}],"author":[{"embeddable":true,"href":"https:\/\/www.doctoragibert.com\/es\/wp-json\/wp\/v2\/users\/12"}],"replies":[{"embeddable":true,"href":"https:\/\/www.doctoragibert.com\/es\/wp-json\/wp\/v2\/comments?post=8599"}],"version-history":[{"count":5,"href":"https:\/\/www.doctoragibert.com\/es\/wp-json\/wp\/v2\/pages\/8599\/revisions"}],"predecessor-version":[{"id":15702,"href":"https:\/\/www.doctoragibert.com\/es\/wp-json\/wp\/v2\/pages\/8599\/revisions\/15702"}],"up":[{"embeddable":true,"href":"https:\/\/www.doctoragibert.com\/es\/wp-json\/wp\/v2\/pages\/15253"}],"wp:attachment":[{"href":"https:\/\/www.doctoragibert.com\/es\/wp-json\/wp\/v2\/media?parent=8599"}],"curies":[{"name":"wp","href":"https:\/\/api.w.org\/{rel}","templated":true}]}}