{"id":8619,"date":"2015-09-28T14:49:25","date_gmt":"2015-09-28T14:49:25","guid":{"rendered":"http:\/\/gibert.uxiodigital.com\/embaras-i-part\/iode-per-que-cal-assegurar-ne-la-presa-suficient-durant-embaras-lactancia-i-infancia\/"},"modified":"2023-06-01T22:03:34","modified_gmt":"2023-06-01T22:03:34","slug":"yodo","status":"publish","type":"page","link":"https:\/\/www.doctoragibert.com\/es\/pacientes\/embarazo-y-parto\/yodo\/","title":{"rendered":"YODO: \u00bfpor qu\u00e9 hay que asegurar la toma suficiente durante embarazo, lactancia e infancia?"},"content":{"rendered":"\t\t<div data-elementor-type=\"wp-page\" data-elementor-id=\"8619\" class=\"elementor elementor-8619 elementor-8614\">\n\t\t\t\t\t\t<section class=\"elementor-section elementor-top-section elementor-element elementor-element-298a85c3 elementor-section-boxed elementor-section-height-default elementor-section-height-default\" data-id=\"298a85c3\" data-element_type=\"section\" data-settings=\"{&quot;background_background&quot;:&quot;classic&quot;}\">\n\t\t\t\t\t\t<div class=\"elementor-container elementor-column-gap-default\">\n\t\t\t\t\t<div class=\"elementor-column elementor-col-100 elementor-top-column elementor-element elementor-element-4b0c4ef8\" data-id=\"4b0c4ef8\" data-element_type=\"column\">\n\t\t\t<div class=\"elementor-widget-wrap elementor-element-populated\">\n\t\t\t\t\t\t<div class=\"elementor-element elementor-element-43f580ed elementor-widget elementor-widget-spacer\" data-id=\"43f580ed\" data-element_type=\"widget\" data-widget_type=\"spacer.default\">\n\t\t\t\t<div class=\"elementor-widget-container\">\n\t\t\t\t\t\t\t<div class=\"elementor-spacer\">\n\t\t\t<div class=\"elementor-spacer-inner\"><\/div>\n\t\t<\/div>\n\t\t\t\t\t\t<\/div>\n\t\t\t\t<\/div>\n\t\t\t\t<div class=\"elementor-element elementor-element-2ea4e350 elementor-widget elementor-widget-heading\" data-id=\"2ea4e350\" data-element_type=\"widget\" data-widget_type=\"heading.default\">\n\t\t\t\t<div class=\"elementor-widget-container\">\n\t\t\t\t\t<h2 class=\"elementor-heading-title elementor-size-default\">YODO: \u00bfpor qu\u00e9 hay que asegurar la toma suficiente durante embarazo, lactancia e infancia?<\/h2>\t\t\t\t<\/div>\n\t\t\t\t<\/div>\n\t\t\t\t<div class=\"elementor-element elementor-element-5a6b3f7a elementor-widget-divider--view-line elementor-widget elementor-widget-divider\" data-id=\"5a6b3f7a\" data-element_type=\"widget\" data-widget_type=\"divider.default\">\n\t\t\t\t<div class=\"elementor-widget-container\">\n\t\t\t\t\t\t\t<div class=\"elementor-divider\">\n\t\t\t<span class=\"elementor-divider-separator\">\n\t\t\t\t\t\t<\/span>\n\t\t<\/div>\n\t\t\t\t\t\t<\/div>\n\t\t\t\t<\/div>\n\t\t\t\t<div class=\"elementor-element elementor-element-7f52070d migasdepan elementor-widget elementor-widget-wp-widget-bcn_widget\" data-id=\"7f52070d\" data-element_type=\"widget\" data-widget_type=\"wp-widget-bcn_widget.default\">\n\t\t\t\t<div class=\"elementor-widget-container\">\n\t\t\t\t\t<div class=\"breadcrumbs\" vocab=\"https:\/\/schema.org\/\" typeof=\"BreadcrumbList\"><!-- Breadcrumb NavXT 7.4.1 -->\n<span property=\"itemListElement\" typeof=\"ListItem\"><a property=\"item\" typeof=\"WebPage\" title=\"Ir a DRA. GIBERT.\" href=\"https:\/\/www.doctoragibert.com\/es\/\" class=\"home\" aria-current=\"page\"><span property=\"name\">DRA. GIBERT<\/span><\/a><meta property=\"position\" content=\"1\"><\/span><\/div>\t\t\t\t<\/div>\n\t\t\t\t<\/div>\n\t\t\t\t<div class=\"elementor-element elementor-element-72b4da1 elementor-widget elementor-widget-spacer\" data-id=\"72b4da1\" data-element_type=\"widget\" data-widget_type=\"spacer.default\">\n\t\t\t\t<div class=\"elementor-widget-container\">\n\t\t\t\t\t\t\t<div class=\"elementor-spacer\">\n\t\t\t<div class=\"elementor-spacer-inner\"><\/div>\n\t\t<\/div>\n\t\t\t\t\t\t<\/div>\n\t\t\t\t<\/div>\n\t\t\t\t\t<\/div>\n\t\t<\/div>\n\t\t\t\t\t<\/div>\n\t\t<\/section>\n\t\t\t\t<section class=\"elementor-section elementor-top-section elementor-element elementor-element-1d428e83 elementor-section-boxed elementor-section-height-default elementor-section-height-default\" data-id=\"1d428e83\" data-element_type=\"section\">\n\t\t\t\t\t\t<div class=\"elementor-container elementor-column-gap-default\">\n\t\t\t\t\t<div class=\"elementor-column elementor-col-100 elementor-top-column elementor-element elementor-element-7d60e61b\" data-id=\"7d60e61b\" data-element_type=\"column\">\n\t\t\t<div class=\"elementor-widget-wrap elementor-element-populated\">\n\t\t\t\t\t\t<div class=\"elementor-element elementor-element-61f2e14d elementor-widget elementor-widget-text-editor\" data-id=\"61f2e14d\" data-element_type=\"widget\" data-widget_type=\"text-editor.default\">\n\t\t\t\t<div class=\"elementor-widget-container\">\n\t\t\t\t\t\t\t\t\t<p><img fetchpriority=\"high\" decoding=\"async\" class=\"alignleft size-full wp-image-8616\" src=\"https:\/\/www.doctoragibert.com\/wp-content\/uploads\/2015\/09\/147e43b755442e0a2749c5b6fe398cf9.jpg\" alt=\"147e43b755442e0a2749c5b6fe398cf9\" width=\"300\" height=\"426\" srcset=\"https:\/\/www.doctoragibert.com\/wp-content\/uploads\/2015\/09\/147e43b755442e0a2749c5b6fe398cf9.jpg 300w, https:\/\/www.doctoragibert.com\/wp-content\/uploads\/2015\/09\/147e43b755442e0a2749c5b6fe398cf9-211x300.jpg 211w\" sizes=\"(max-width: 300px) 100vw, 300px\" \/>La importancia de tomar yodo en cantidad suficiente reside en que es un elemento imprescindible para que nuestro cuerpo produzca hormonas tiroideas y \u00e9stas, a su vez, son <b>necesarias durante toda la vida para una funci\u00f3n normal de nuestro cerebro<\/b> y sus conexiones.Afortunadamente, han pasado las \u00e9pocas de d\u00e9ficit severo de yodo, pero en Espa\u00f1a sigue habiendo un d\u00e9ficit leve. Las consecuencias del mismo son <b>un cociente intelectual (unos 13 puntos menos) y una agudeza auditiva<\/b> <b>inferiores<\/b> en los ni\u00f1os que han tomado menos yodo frente a los que lo han tomado en cantidad suficiente desde su concepci\u00f3n.<\/p>\n<p><\/p>\n<p>La buena noticia es que conseguir que nuestra familia consuma la cantidad adecuada (que es muy poca, esto es, alrededor de 0,1 mg en ni\u00f1os, 0,15 mg en adultos y <b>0,25 mg diarios en embarazadas y madres lactantes)<\/b> es muy, muy f\u00e1cil, y consiste en lo siguiente:<\/p>\n<ul>\n<li>Tomar suplementos vitam\u00ednicos con 0,2 mg de yodo diarios <b>durante el embarazo y la lactancia<\/b>, que se pueden tomar en cualquier momento del d\u00eda, e incluso en ayunas.<\/li>\n<li>Usar sal com\u00fan yodada (se vende en supermercados y tiendas de comestibles a precios an\u00e1logos a la sal sin yodar) para condimentar los alimentos. Ya sabemos que la sal endurece las arterias y es deseable restringir su uso, pero cada gramo de sal yodada contiene 0,06 mg de yodo, entonces, con 2-3 g de sal al d\u00eda es suficiente (la Organizaci\u00f3n Mundial de la Salud aconseja un m\u00e1ximo de 5 g diarios de sal, aunque lo habitual es consumir mucha m\u00e1s). Es importante que la sal se ponga <b>al final de la cocci\u00f3n<\/b>, para evitar que el yodo \u201cvuele\u201d con el calor.<\/li>\n<li>Educar a nuestros hijos y familiares en el h\u00e1bito de comer pescado de mar o marisco de forma peri\u00f3dica.<\/li>\n<li>Utilizar en los comedores escolares sal yodada (lamentablemente, por la falta de conciencia ante este problema, se usan sacos de sal no yodada). A trav\u00e9s de las Asociaciones de Padres de Alumnos podemos ayudar a cambiar esta realidad.<\/li>\n<\/ul>\n<p>Muchas pacientes me preguntan por qu\u00e9 tienen que seguir tomando yodo durante la lactancia, si ellas ya no est\u00e1n embarazadas y efectivamente con la sal de la dieta les basta. La respuesta es que si bien ya no lo necesitan, parte del yodo que ingieren pasa a la leche y de ah\u00ed al beb\u00e9. Si no lo toman en cantidad suficiente, su leche puede ser pobre en yodo.<\/p>\n<p>Otro tema de preocupaci\u00f3n son las <b>contraindicaciones<\/b> del yodo, a saber: el hipertiroidismo autoinmune (enfermedad de Graves) y el bocio. Asimismo, algunos compa\u00f1eros endocrin\u00f3logos prefieren que no se prescriban suplementos de yodo a las mujeres que toman hormona tiroidea (Levothroid\u00ae, Dexn\u00f3n\u00ae o Eutirox\u00ae) pues consideran que dificulta encontrar la dosis adecuada para cada momento del embarazo. Sin embargo, en este \u00faltimo caso, las pacientes deben estar especialmente tranquilas, pues el yodo es el \u201ccombustible\u201d que utiliza el cuerpo para producir hormona tiroidea, y ellas ya la toman directamente, lo que redunda en los mismos beneficios para su hijo.<\/p>\n<p>A ra\u00edz de lo explicado, uno puede creer que el yodo es bueno en cualquier cantidad, pero no, hay que usarlo en su justa medida y evitar tanto su falta como su exceso. Una situaci\u00f3n que nos expone a <b>demasiado yodo<\/b> es el uso de antis\u00e9pticos como la povidona yodada (Betadine\u00ae y similares), pues s\u00f3lo 1 mL de yodo contiene 100 mg (\u00a1lo que necesitar\u00eda una embarazada o madre lactante durante un a\u00f1o!!). El uso de estos antis\u00e9pticos de forma espor\u00e1dica no es un problema en adultos no gestantes, pero s\u00ed lo es en embarazadas y ni\u00f1os, ya que se traduce en un aporte excesivo de yodo a nuestro hijo que, al ser a\u00fan inmaduro, puede sufrir una falta de funci\u00f3n s\u00fabita de su tiroides. Por tanto, es mejor usar como antis\u00e9ptico el alcohol o la clorhexidina.<\/p>\n<p>Un dato objetivo sobre la importancia del yodo es que en todas las estanter\u00edas de las tiendas en las que se vende sal, hay sal yodada sin coste adicional, sin embargo, a la mayor\u00eda de nosotros no nos constan campa\u00f1as informativas sobre el tema\u2026 La raz\u00f3n es que el Gobierno Espa\u00f1ol apur\u00f3 el plazo para aplicar las recomendaciones de la Organizaci\u00f3n de las Naciones Unidas (ONU) para erradicar el d\u00e9ficit de yodo. En el \u00faltimo momento, en 2005, el Ministerio de Sanidad y Consumo empez\u00f3 a promocionar el uso de yodo entre los profesionales sanitarios y suponemos que, por falta de presupuesto, confi\u00f3 gran parte de esta misi\u00f3n al \u00fanico fabricante del medicamento que s\u00f3lo contiene yodo, que es el Yoduk\u00ae. El motivo de que no se gastara el dinero de todos en un asunto de inter\u00e9s general ya es otra historia\u2026<\/p>\n<p><\/p>\n<div class=\"clear\">&nbsp;<\/div>\n<p><b>Fuentes de la informaci\u00f3n:&nbsp;<\/b><i><\/i><\/p>\n<ul>\n<li>Morreale de Escobar G y Escobar del Rey F. El yodo durante la gestaci\u00f3n, lactancia y primera infancia. Cantidades m\u00ednimas y m\u00e1ximas: de microgramos a gramos. An Esp Pediatr. 2000;53:1-5.<\/li>\n<li>Arena Ansotegui J, Empranza Kn\u00f6rr JJ. Los antis\u00e9pticos yodados no son inocuos. An Esp Pediatr. 2000;53:25-9.<\/li>\n<li>Morreale de Escobar G y Escobar del Rey F. Consequences of Iodine Deficiency for Brain Development. En: Gabriela Morreale de Escobar, Jan J. M. De Vijlder, Sigrid Butz y Ulrike Hostalek, editores. The Thyroid and Brain. Stuttgart, Germany; 2003. p.33-56.<\/li>\n<\/ul>\n<div class=\"clear\">&nbsp;<\/div>\t\t\t\t\t\t\t\t<\/div>\n\t\t\t\t<\/div>\n\t\t\t\t\t<\/div>\n\t\t<\/div>\n\t\t\t\t\t<\/div>\n\t\t<\/section>\n\t\t\t\t<section class=\"elementor-section elementor-top-section elementor-element elementor-element-c366e8b elementor-section-boxed elementor-section-height-default elementor-section-height-default\" data-id=\"c366e8b\" data-element_type=\"section\">\n\t\t\t\t\t\t<div class=\"elementor-container elementor-column-gap-default\">\n\t\t\t\t\t<div class=\"elementor-column elementor-col-100 elementor-top-column elementor-element elementor-element-f3eab2e\" data-id=\"f3eab2e\" data-element_type=\"column\">\n\t\t\t<div class=\"elementor-widget-wrap elementor-element-populated\">\n\t\t\t\t\t\t<div class=\"elementor-element elementor-element-2e1e8a3 elementor-widget elementor-widget-shortcode\" data-id=\"2e1e8a3\" data-element_type=\"widget\" data-widget_type=\"shortcode.default\">\n\t\t\t\t<div class=\"elementor-widget-container\">\n\t\t\t\t\t\t\t<div class=\"elementor-shortcode\">[ssba-buttons]<\/div>\n\t\t\t\t\t\t<\/div>\n\t\t\t\t<\/div>\n\t\t\t\t\t<\/div>\n\t\t<\/div>\n\t\t\t\t\t<\/div>\n\t\t<\/section>\n\t\t\t\t<\/div>\n\t\t","protected":false},"excerpt":{"rendered":"<p>YODO: \u00bfpor qu\u00e9 hay que asegurar la toma suficiente durante embarazo, lactancia e infancia? La importancia de tomar yodo en cantidad suficiente reside en que es un elemento imprescindible para que nuestro cuerpo produzca hormonas tiroideas y \u00e9stas, a su vez, son necesarias durante toda la vida para una funci\u00f3n normal de nuestro cerebro y [&hellip;]<\/p>\n","protected":false},"author":12,"featured_media":0,"parent":15253,"menu_order":0,"comment_status":"open","ping_status":"open","template":"elementor_header_footer","meta":{"footnotes":""},"class_list":["post-8619","page","type-page","status-publish","hentry"],"yoast_head":"<!-- This site is optimized with the Yoast SEO plugin v25.0 - https:\/\/yoast.com\/wordpress\/plugins\/seo\/ -->\n<title>YODO: \u00bfpor qu\u00e9 hay que asegurar la toma suficiente durante embarazo, lactancia e infancia? - DRA. GIBERT<\/title>\n<meta name=\"robots\" content=\"index, follow, max-snippet:-1, max-image-preview:large, max-video-preview:-1\" \/>\n<link rel=\"canonical\" href=\"https:\/\/www.doctoragibert.com\/es\/pacientes\/embarazo-y-parto\/yodo\/\" \/>\n<meta property=\"og:locale\" content=\"es_ES\" \/>\n<meta property=\"og:type\" content=\"article\" \/>\n<meta property=\"og:title\" content=\"YODO: \u00bfpor qu\u00e9 hay que asegurar la toma suficiente durante embarazo, lactancia e infancia? - DRA. GIBERT\" \/>\n<meta property=\"og:description\" content=\"YODO: \u00bfpor qu\u00e9 hay que asegurar la toma suficiente durante embarazo, lactancia e infancia? La importancia de tomar yodo en cantidad suficiente reside en que es un elemento imprescindible para que nuestro cuerpo produzca hormonas tiroideas y \u00e9stas, a su vez, son necesarias durante toda la vida para una funci\u00f3n normal de nuestro cerebro y [&hellip;]\" \/>\n<meta property=\"og:url\" content=\"https:\/\/www.doctoragibert.com\/es\/pacientes\/embarazo-y-parto\/yodo\/\" \/>\n<meta property=\"og:site_name\" content=\"DRA. GIBERT\" \/>\n<meta property=\"article:publisher\" content=\"https:\/\/www.facebook.com\/doctoragibert\" \/>\n<meta property=\"article:modified_time\" content=\"2023-06-01T22:03:34+00:00\" \/>\n<meta property=\"og:image\" content=\"https:\/\/www.doctoragibert.com\/wp-content\/uploads\/2015\/09\/147e43b755442e0a2749c5b6fe398cf9.jpg\" \/>\n<meta name=\"twitter:label1\" content=\"Tiempo de lectura\" \/>\n\t<meta name=\"twitter:data1\" content=\"5 minutos\" \/>\n<script type=\"application\/ld+json\" class=\"yoast-schema-graph\">{\"@context\":\"https:\/\/schema.org\",\"@graph\":[{\"@type\":\"WebPage\",\"@id\":\"https:\/\/www.doctoragibert.com\/es\/pacientes\/embarazo-y-parto\/yodo\/\",\"url\":\"https:\/\/www.doctoragibert.com\/es\/pacientes\/embarazo-y-parto\/yodo\/\",\"name\":\"YODO: \u00bfpor qu\u00e9 hay que asegurar la toma suficiente durante embarazo, lactancia e infancia? - DRA. GIBERT\",\"isPartOf\":{\"@id\":\"https:\/\/www.doctoragibert.com\/es\/#website\"},\"primaryImageOfPage\":{\"@id\":\"https:\/\/www.doctoragibert.com\/es\/pacientes\/embarazo-y-parto\/yodo\/#primaryimage\"},\"image\":{\"@id\":\"https:\/\/www.doctoragibert.com\/es\/pacientes\/embarazo-y-parto\/yodo\/#primaryimage\"},\"thumbnailUrl\":\"https:\/\/www.doctoragibert.com\/wp-content\/uploads\/2015\/09\/147e43b755442e0a2749c5b6fe398cf9.jpg\",\"datePublished\":\"2015-09-28T14:49:25+00:00\",\"dateModified\":\"2023-06-01T22:03:34+00:00\",\"breadcrumb\":{\"@id\":\"https:\/\/www.doctoragibert.com\/es\/pacientes\/embarazo-y-parto\/yodo\/#breadcrumb\"},\"inLanguage\":\"es\",\"potentialAction\":[{\"@type\":\"ReadAction\",\"target\":[\"https:\/\/www.doctoragibert.com\/es\/pacientes\/embarazo-y-parto\/yodo\/\"]}]},{\"@type\":\"ImageObject\",\"inLanguage\":\"es\",\"@id\":\"https:\/\/www.doctoragibert.com\/es\/pacientes\/embarazo-y-parto\/yodo\/#primaryimage\",\"url\":\"https:\/\/www.doctoragibert.com\/wp-content\/uploads\/2015\/09\/147e43b755442e0a2749c5b6fe398cf9.jpg\",\"contentUrl\":\"https:\/\/www.doctoragibert.com\/wp-content\/uploads\/2015\/09\/147e43b755442e0a2749c5b6fe398cf9.jpg\"},{\"@type\":\"BreadcrumbList\",\"@id\":\"https:\/\/www.doctoragibert.com\/es\/pacientes\/embarazo-y-parto\/yodo\/#breadcrumb\",\"itemListElement\":[{\"@type\":\"ListItem\",\"position\":1,\"name\":\"PACIENTES\",\"item\":\"https:\/\/www.doctoragibert.com\/es\/pacientes\/\"},{\"@type\":\"ListItem\",\"position\":2,\"name\":\"EMBARAZO Y PARTO\",\"item\":\"https:\/\/www.doctoragibert.com\/es\/pacientes\/embarazo-y-parto\/\"},{\"@type\":\"ListItem\",\"position\":3,\"name\":\"YODO: \u00bfpor qu\u00e9 hay que asegurar la toma suficiente durante embarazo, lactancia e infancia?\"}]},{\"@type\":\"WebSite\",\"@id\":\"https:\/\/www.doctoragibert.com\/es\/#website\",\"url\":\"https:\/\/www.doctoragibert.com\/es\/\",\"name\":\"DRA. GIBERT\",\"description\":\"Ginecologia i obstetricia\",\"potentialAction\":[{\"@type\":\"SearchAction\",\"target\":{\"@type\":\"EntryPoint\",\"urlTemplate\":\"https:\/\/www.doctoragibert.com\/es\/?s={search_term_string}\"},\"query-input\":{\"@type\":\"PropertyValueSpecification\",\"valueRequired\":true,\"valueName\":\"search_term_string\"}}],\"inLanguage\":\"es\"}]}<\/script>\n<!-- \/ Yoast SEO plugin. -->","yoast_head_json":{"title":"YODO: \u00bfpor qu\u00e9 hay que asegurar la toma suficiente durante embarazo, lactancia e infancia? - DRA. GIBERT","robots":{"index":"index","follow":"follow","max-snippet":"max-snippet:-1","max-image-preview":"max-image-preview:large","max-video-preview":"max-video-preview:-1"},"canonical":"https:\/\/www.doctoragibert.com\/es\/pacientes\/embarazo-y-parto\/yodo\/","og_locale":"es_ES","og_type":"article","og_title":"YODO: \u00bfpor qu\u00e9 hay que asegurar la toma suficiente durante embarazo, lactancia e infancia? - DRA. GIBERT","og_description":"YODO: \u00bfpor qu\u00e9 hay que asegurar la toma suficiente durante embarazo, lactancia e infancia? La importancia de tomar yodo en cantidad suficiente reside en que es un elemento imprescindible para que nuestro cuerpo produzca hormonas tiroideas y \u00e9stas, a su vez, son necesarias durante toda la vida para una funci\u00f3n normal de nuestro cerebro y [&hellip;]","og_url":"https:\/\/www.doctoragibert.com\/es\/pacientes\/embarazo-y-parto\/yodo\/","og_site_name":"DRA. GIBERT","article_publisher":"https:\/\/www.facebook.com\/doctoragibert","article_modified_time":"2023-06-01T22:03:34+00:00","og_image":[{"url":"https:\/\/www.doctoragibert.com\/wp-content\/uploads\/2015\/09\/147e43b755442e0a2749c5b6fe398cf9.jpg","type":"","width":"","height":""}],"twitter_misc":{"Tiempo de lectura":"5 minutos"},"schema":{"@context":"https:\/\/schema.org","@graph":[{"@type":"WebPage","@id":"https:\/\/www.doctoragibert.com\/es\/pacientes\/embarazo-y-parto\/yodo\/","url":"https:\/\/www.doctoragibert.com\/es\/pacientes\/embarazo-y-parto\/yodo\/","name":"YODO: \u00bfpor qu\u00e9 hay que asegurar la toma suficiente durante embarazo, lactancia e infancia? - DRA. GIBERT","isPartOf":{"@id":"https:\/\/www.doctoragibert.com\/es\/#website"},"primaryImageOfPage":{"@id":"https:\/\/www.doctoragibert.com\/es\/pacientes\/embarazo-y-parto\/yodo\/#primaryimage"},"image":{"@id":"https:\/\/www.doctoragibert.com\/es\/pacientes\/embarazo-y-parto\/yodo\/#primaryimage"},"thumbnailUrl":"https:\/\/www.doctoragibert.com\/wp-content\/uploads\/2015\/09\/147e43b755442e0a2749c5b6fe398cf9.jpg","datePublished":"2015-09-28T14:49:25+00:00","dateModified":"2023-06-01T22:03:34+00:00","breadcrumb":{"@id":"https:\/\/www.doctoragibert.com\/es\/pacientes\/embarazo-y-parto\/yodo\/#breadcrumb"},"inLanguage":"es","potentialAction":[{"@type":"ReadAction","target":["https:\/\/www.doctoragibert.com\/es\/pacientes\/embarazo-y-parto\/yodo\/"]}]},{"@type":"ImageObject","inLanguage":"es","@id":"https:\/\/www.doctoragibert.com\/es\/pacientes\/embarazo-y-parto\/yodo\/#primaryimage","url":"https:\/\/www.doctoragibert.com\/wp-content\/uploads\/2015\/09\/147e43b755442e0a2749c5b6fe398cf9.jpg","contentUrl":"https:\/\/www.doctoragibert.com\/wp-content\/uploads\/2015\/09\/147e43b755442e0a2749c5b6fe398cf9.jpg"},{"@type":"BreadcrumbList","@id":"https:\/\/www.doctoragibert.com\/es\/pacientes\/embarazo-y-parto\/yodo\/#breadcrumb","itemListElement":[{"@type":"ListItem","position":1,"name":"PACIENTES","item":"https:\/\/www.doctoragibert.com\/es\/pacientes\/"},{"@type":"ListItem","position":2,"name":"EMBARAZO Y PARTO","item":"https:\/\/www.doctoragibert.com\/es\/pacientes\/embarazo-y-parto\/"},{"@type":"ListItem","position":3,"name":"YODO: \u00bfpor qu\u00e9 hay que asegurar la toma suficiente durante embarazo, lactancia e infancia?"}]},{"@type":"WebSite","@id":"https:\/\/www.doctoragibert.com\/es\/#website","url":"https:\/\/www.doctoragibert.com\/es\/","name":"DRA. GIBERT","description":"Ginecologia i obstetricia","potentialAction":[{"@type":"SearchAction","target":{"@type":"EntryPoint","urlTemplate":"https:\/\/www.doctoragibert.com\/es\/?s={search_term_string}"},"query-input":{"@type":"PropertyValueSpecification","valueRequired":true,"valueName":"search_term_string"}}],"inLanguage":"es"}]}},"_links":{"self":[{"href":"https:\/\/www.doctoragibert.com\/es\/wp-json\/wp\/v2\/pages\/8619","targetHints":{"allow":["GET"]}}],"collection":[{"href":"https:\/\/www.doctoragibert.com\/es\/wp-json\/wp\/v2\/pages"}],"about":[{"href":"https:\/\/www.doctoragibert.com\/es\/wp-json\/wp\/v2\/types\/page"}],"author":[{"embeddable":true,"href":"https:\/\/www.doctoragibert.com\/es\/wp-json\/wp\/v2\/users\/12"}],"replies":[{"embeddable":true,"href":"https:\/\/www.doctoragibert.com\/es\/wp-json\/wp\/v2\/comments?post=8619"}],"version-history":[{"count":5,"href":"https:\/\/www.doctoragibert.com\/es\/wp-json\/wp\/v2\/pages\/8619\/revisions"}],"predecessor-version":[{"id":21491,"href":"https:\/\/www.doctoragibert.com\/es\/wp-json\/wp\/v2\/pages\/8619\/revisions\/21491"}],"up":[{"embeddable":true,"href":"https:\/\/www.doctoragibert.com\/es\/wp-json\/wp\/v2\/pages\/15253"}],"wp:attachment":[{"href":"https:\/\/www.doctoragibert.com\/es\/wp-json\/wp\/v2\/media?parent=8619"}],"curies":[{"name":"wp","href":"https:\/\/api.w.org\/{rel}","templated":true}]}}