{"id":8628,"date":"2015-09-28T14:58:45","date_gmt":"2015-09-28T14:58:45","guid":{"rendered":"http:\/\/gibert.uxiodigital.com\/embaras-i-part\/massatge-perineal-prenatal-una-manera-senzilla-per-preparar-un-bon-part\/"},"modified":"2021-08-06T12:45:15","modified_gmt":"2021-08-06T12:45:15","slug":"masaje-perineal-prenatal-una-manera-sencilla-de-preparar-un-buen-parto","status":"publish","type":"page","link":"https:\/\/www.doctoragibert.com\/es\/pacientes\/embarazo-y-parto\/masaje-perineal-prenatal-una-manera-sencilla-de-preparar-un-buen-parto\/","title":{"rendered":"MASAJE PERINEAL PRENATAL: una manera sencilla de preparar un buen parto"},"content":{"rendered":"\t\t<div data-elementor-type=\"wp-page\" data-elementor-id=\"8628\" class=\"elementor elementor-8628 elementor-8624\">\n\t\t\t\t\t\t<section class=\"elementor-section elementor-top-section elementor-element elementor-element-24061677 elementor-section-boxed elementor-section-height-default elementor-section-height-default\" data-id=\"24061677\" data-element_type=\"section\" data-settings=\"{&quot;background_background&quot;:&quot;classic&quot;}\">\n\t\t\t\t\t\t<div class=\"elementor-container elementor-column-gap-default\">\n\t\t\t\t\t<div class=\"elementor-column elementor-col-100 elementor-top-column elementor-element elementor-element-5d771b3f\" data-id=\"5d771b3f\" data-element_type=\"column\">\n\t\t\t<div class=\"elementor-widget-wrap elementor-element-populated\">\n\t\t\t\t\t\t<div class=\"elementor-element elementor-element-33ef623d elementor-widget elementor-widget-spacer\" data-id=\"33ef623d\" data-element_type=\"widget\" data-widget_type=\"spacer.default\">\n\t\t\t\t<div class=\"elementor-widget-container\">\n\t\t\t\t\t\t\t<div class=\"elementor-spacer\">\n\t\t\t<div class=\"elementor-spacer-inner\"><\/div>\n\t\t<\/div>\n\t\t\t\t\t\t<\/div>\n\t\t\t\t<\/div>\n\t\t\t\t<div class=\"elementor-element elementor-element-db0bc35 elementor-widget elementor-widget-heading\" data-id=\"db0bc35\" data-element_type=\"widget\" data-widget_type=\"heading.default\">\n\t\t\t\t<div class=\"elementor-widget-container\">\n\t\t\t\t\t<h2 class=\"elementor-heading-title elementor-size-default\">MASAJE PERINEAL PRENATAL: una manera sencilla de preparar un buen parto<\/h2>\t\t\t\t<\/div>\n\t\t\t\t<\/div>\n\t\t\t\t<div class=\"elementor-element elementor-element-4a1b4fdf elementor-widget-divider--view-line elementor-widget elementor-widget-divider\" data-id=\"4a1b4fdf\" data-element_type=\"widget\" data-widget_type=\"divider.default\">\n\t\t\t\t<div class=\"elementor-widget-container\">\n\t\t\t\t\t\t\t<div class=\"elementor-divider\">\n\t\t\t<span class=\"elementor-divider-separator\">\n\t\t\t\t\t\t<\/span>\n\t\t<\/div>\n\t\t\t\t\t\t<\/div>\n\t\t\t\t<\/div>\n\t\t\t\t<div class=\"elementor-element elementor-element-7557f259 migasdepan elementor-widget elementor-widget-wp-widget-bcn_widget\" data-id=\"7557f259\" data-element_type=\"widget\" data-widget_type=\"wp-widget-bcn_widget.default\">\n\t\t\t\t<div class=\"elementor-widget-container\">\n\t\t\t\t\t<div class=\"breadcrumbs\" vocab=\"https:\/\/schema.org\/\" typeof=\"BreadcrumbList\"><!-- Breadcrumb NavXT 7.4.1 -->\n<span property=\"itemListElement\" typeof=\"ListItem\"><a property=\"item\" typeof=\"WebPage\" title=\"Ir a DRA. GIBERT.\" href=\"https:\/\/www.doctoragibert.com\/es\/\" class=\"home\" aria-current=\"page\"><span property=\"name\">DRA. GIBERT<\/span><\/a><meta property=\"position\" content=\"1\"><\/span><\/div>\t\t\t\t<\/div>\n\t\t\t\t<\/div>\n\t\t\t\t<div class=\"elementor-element elementor-element-6cde0aec elementor-widget elementor-widget-spacer\" data-id=\"6cde0aec\" data-element_type=\"widget\" data-widget_type=\"spacer.default\">\n\t\t\t\t<div class=\"elementor-widget-container\">\n\t\t\t\t\t\t\t<div class=\"elementor-spacer\">\n\t\t\t<div class=\"elementor-spacer-inner\"><\/div>\n\t\t<\/div>\n\t\t\t\t\t\t<\/div>\n\t\t\t\t<\/div>\n\t\t\t\t\t<\/div>\n\t\t<\/div>\n\t\t\t\t\t<\/div>\n\t\t<\/section>\n\t\t\t\t<section class=\"elementor-section elementor-top-section elementor-element elementor-element-18497dfa elementor-section-boxed elementor-section-height-default elementor-section-height-default\" data-id=\"18497dfa\" data-element_type=\"section\">\n\t\t\t\t\t\t<div class=\"elementor-container elementor-column-gap-default\">\n\t\t\t\t\t<div class=\"elementor-column elementor-col-100 elementor-top-column elementor-element elementor-element-317ee587\" data-id=\"317ee587\" data-element_type=\"column\">\n\t\t\t<div class=\"elementor-widget-wrap elementor-element-populated\">\n\t\t\t\t\t\t<div class=\"elementor-element elementor-element-77917220 elementor-widget elementor-widget-text-editor\" data-id=\"77917220\" data-element_type=\"widget\" data-widget_type=\"text-editor.default\">\n\t\t\t\t<div class=\"elementor-widget-container\">\n\t\t\t\t\t\t\t\t\t<p><img fetchpriority=\"high\" decoding=\"async\" class=\"alignleft size-full wp-image-8625\" src=\"https:\/\/www.doctoragibert.com\/wp-content\/uploads\/2015\/09\/5f788fcdcb4a4bba6e00de29d4cd4c79.jpg\" alt=\"5f788fcdcb4a4bba6e00de29d4cd4c79\" width=\"250\" height=\"250\" srcset=\"https:\/\/www.doctoragibert.com\/wp-content\/uploads\/2015\/09\/5f788fcdcb4a4bba6e00de29d4cd4c79.jpg 250w, https:\/\/www.doctoragibert.com\/wp-content\/uploads\/2015\/09\/5f788fcdcb4a4bba6e00de29d4cd4c79-150x150.jpg 150w\" sizes=\"(max-width: 250px) 100vw, 250px\" \/><\/p><p>Antes del parto, se acumulan los temores. Uno de ellos tiene que ver con la posibilidad de que se haga <b>episiotom\u00eda<\/b>, esto es, que se tenga que cortar la parte m\u00e1s inferior de la vagina, con parte de m\u00fasculo y piel del perin\u00e9 (zona entre la vagina y el ano), para facilitar el parto de nuestro hijo.<\/p><p>La tendencia actual es a limitar la realizaci\u00f3n de la misma y, si se hace, se la realiza con la longitud m\u00ednima necesaria. Las indicaciones estrictas son: latido fetal anormal, canal del parto r\u00edgido que frena la salida de la cabeza de nuestro hijo, riesgo de desgarros m\u00faltiples y\/o que afecten el ano, o bien por tener que usar f\u00f3rceps o esp\u00e1tulas.<\/p><p>Normalmente, la episiotom\u00eda se asocia a molestias que duran unos pocos d\u00edas tras el parto (al sentarse o al cicatrizar) y es m\u00e1s frecuente despu\u00e9s del primer parto que tras los sucesivos. Por suerte, no se ha podido constatar que su realizaci\u00f3n por s\u00ed misma aumente el riesgo de trastornos del suelo p\u00e9lvico (incontinencias urinaria y fecal, prolapso uterino). Aun con todo, siempre es mejor parir con las menos heridas posibles, lo que nos permite estar m\u00e1s c\u00f3modas, con menos dolor, movernos mejor y mantener el estado de \u00e1nimo y la fortaleza suficientes para atender a nuestro hijo.<\/p><p>La prestigiosa Colaboraci\u00f3n Cochrane revis\u00f3 estudios cient\u00edficos de alta calidad (ensayos cl\u00ednicos) con la finalidad de saber si el masaje perineal durante al menos las \u00faltimas 4 semanas del embarazo y una o dos veces por semana, era \u00fatil para disminuir la posibilidad de lesiones del perin\u00e9. Incluyeron casi 2.500 mujeres y objetivaron que por cada 21 mujeres que se realizaban el masaje perineal digital se hac\u00eda una episiotom\u00eda menos y que por cada 15 hab\u00eda un desgarro menos que precisara de material de sutura, adem\u00e1s el dolor perineal en los tres primeros meses despu\u00e9s del parto era dos veces menos frecuente en las que practicaron el masaje que en las que no lo hicieron. Por otra parte, estos resultados beneficiosos s\u00f3lo se restring\u00edan a las mujeres sin parto vaginal alguno previo (esto es, s\u00f3lo son \u00fatiles para las que nunca han parido o lo han hecho s\u00f3lo mediante ces\u00e1rea). Ni el n\u00famero de partos instrumentales (f\u00f3rceps, ventosa o esp\u00e1tulas), ni la incontinencia de heces, gases o de orina, ni la satisfacci\u00f3n en las relaciones sexuales se vieron influidos por la realizaci\u00f3n o no del mencionado masaje. En resumen, <b>el masaje perineal disminuye el dolor perineal postparto y protege moderadamente de la realizaci\u00f3n de una episiotom\u00eda o de que se produzca un desgarro que se tenga que suturar, pero s\u00f3lo para las que no han parido nunca por v\u00eda vaginal<\/b>.<\/p><p>A continuaci\u00f3n, les describimos el masaje perineal posparto que pueden realizar ustedes mismas en casa:<\/p><ul><li>Las <b>34 semanas de gestaci\u00f3n<\/b> son un buen momento para empezar.<\/li><li>Se puede realizar todos los d\u00edas, pero <b>dos veces por semana<\/b> son suficientes para notar sus beneficios.<\/li><li>Busque un sitio en el que se encuentre c\u00f3moda, relajada y en el que pueda realizarse el masaje sin interrupciones.<\/li><li>Se puede realizar tumbada en la cama o en cuclillas con la espalda apoyada en la pared.<\/li><li>Si se encuentra tensa, puede aplicarse compresas empapadas en agua templada durante 10 minutos o ba\u00f1arse en agua caliente antes del masaje.<\/li><li>Conviene lavarse las manos con agua y jab\u00f3n. Impregne sus dedos con un lubricante (aceite de rosa de mosqueta, aceite de almendras, lubricante para relaciones sexuales\u2026).<\/li><li>Inserte sus dos pulgares unos dos cent\u00edmetros dentro la vagina y presione hacia abajo y hacia los lados. Realice peque\u00f1os movimientos con sus dedos en la parte inferior de la vagina. Debe presionar lo suficiente para sentir cierto estiramiento o ardor, pero la maniobra no le debe causar dolor intenso. Debe mantener la presi\u00f3n durante unos dos minutos o hasta que note hormigueo en la zona.<\/li><li>Presione con sus pulgares la vagina hacia afuera, de la misma manera que lo har\u00e1 la cabeza de su hijo durante su nacimiento.<\/li><li>Evite masajear la parte de la vagina m\u00e1s cercana al pubis, pues all\u00ed est\u00e1 el meato uretral (conducto por el que sale la orina) y manipularlo le podr\u00eda ocasionar una infecci\u00f3n urinaria.<\/li><li>Si tiene herpes genital activo, no realice el masaje mientras tenga las lesiones, pues \u00e9ste las puede extender.<\/li><li>Su pareja le puede hacer el masaje, puede usar los dedos \u00edndice y pulgar. Es importante que lo haga con delicadeza y est\u00e9 atenta a las posibles molestias derivadas de un masaje intenso, para moderar la fuerza aplicada sobre su perin\u00e9.<\/li><\/ul><p>Es conveniente que comenten con su ginec\u00f3logo o matrona que practican el masaje perineal, pues es una forma de hacerles saber qu\u00e9 tipo de parto desean.<br \/>Para concluir, le hemos seleccionado dos v\u00eddeos sobre el masaje perineal que le pueden ser \u00fatiles: el de <a href=\"http:\/\/www.youtube.com\/watch?v=tdEPW4IRoM8\" target=\"_blank\" rel=\"noopener\">Pharma 2.0<\/a>\u00a0y el de <a href=\"http:\/\/www.youtube.com\/watch?v=5EtMFK77oIc\" target=\"_blank\" rel=\"noopener\">Laboratorios Rubi\u00f3<\/a>.<\/p><div class=\"clear\">\u00a0<\/div><p><b>Fuentes de la informaci\u00f3n:<\/b> <i><\/i><\/p><ul><li><i>Beckmann MM, Stock OM. Antenatal perineal massage for reducing perineal trauma. Cochrane Database Syst Rev. 2013 Apr 30;4:CD005123.<\/i><\/li><li><i>Seehusen DA, Raleigh M. Antenatal perineal massage to prevent birth trauma. Am Fam Physician. 2014;89:335-6.<\/i><\/li><\/ul>\t\t\t\t\t\t\t\t<\/div>\n\t\t\t\t<\/div>\n\t\t\t\t\t<\/div>\n\t\t<\/div>\n\t\t\t\t\t<\/div>\n\t\t<\/section>\n\t\t\t\t<section class=\"elementor-section elementor-top-section elementor-element elementor-element-bf99427 elementor-section-boxed elementor-section-height-default elementor-section-height-default\" data-id=\"bf99427\" data-element_type=\"section\">\n\t\t\t\t\t\t<div class=\"elementor-container elementor-column-gap-default\">\n\t\t\t\t\t<div class=\"elementor-column elementor-col-100 elementor-top-column elementor-element elementor-element-1d723d4\" data-id=\"1d723d4\" data-element_type=\"column\">\n\t\t\t<div class=\"elementor-widget-wrap elementor-element-populated\">\n\t\t\t\t\t\t<div class=\"elementor-element elementor-element-d7e1cee elementor-widget elementor-widget-shortcode\" data-id=\"d7e1cee\" data-element_type=\"widget\" data-widget_type=\"shortcode.default\">\n\t\t\t\t<div class=\"elementor-widget-container\">\n\t\t\t\t\t\t\t<div class=\"elementor-shortcode\">[ssba-buttons]<\/div>\n\t\t\t\t\t\t<\/div>\n\t\t\t\t<\/div>\n\t\t\t\t\t<\/div>\n\t\t<\/div>\n\t\t\t\t\t<\/div>\n\t\t<\/section>\n\t\t\t\t<\/div>\n\t\t","protected":false},"excerpt":{"rendered":"<p>MASAJE PERINEAL PRENATAL: una manera sencilla de preparar un buen parto Antes del parto, se acumulan los temores. Uno de ellos tiene que ver con la posibilidad de que se haga episiotom\u00eda, esto es, que se tenga que cortar la parte m\u00e1s inferior de la vagina, con parte de m\u00fasculo y piel del perin\u00e9 (zona [&hellip;]<\/p>\n","protected":false},"author":12,"featured_media":0,"parent":15253,"menu_order":0,"comment_status":"open","ping_status":"open","template":"elementor_header_footer","meta":{"footnotes":""},"class_list":["post-8628","page","type-page","status-publish","hentry"],"yoast_head":"<!-- This site is optimized with the Yoast SEO plugin v25.0 - https:\/\/yoast.com\/wordpress\/plugins\/seo\/ -->\n<title>MASAJE PERINEAL PRENATAL: una manera sencilla de preparar un buen parto - DRA. GIBERT<\/title>\n<meta name=\"robots\" content=\"index, follow, max-snippet:-1, max-image-preview:large, max-video-preview:-1\" \/>\n<link rel=\"canonical\" href=\"https:\/\/www.doctoragibert.com\/es\/pacientes\/embarazo-y-parto\/masaje-perineal-prenatal-una-manera-sencilla-de-preparar-un-buen-parto\/\" \/>\n<meta property=\"og:locale\" content=\"es_ES\" \/>\n<meta property=\"og:type\" content=\"article\" \/>\n<meta property=\"og:title\" content=\"MASAJE PERINEAL PRENATAL: una manera sencilla de preparar un buen parto - DRA. GIBERT\" \/>\n<meta property=\"og:description\" content=\"MASAJE PERINEAL PRENATAL: una manera sencilla de preparar un buen parto Antes del parto, se acumulan los temores. Uno de ellos tiene que ver con la posibilidad de que se haga episiotom\u00eda, esto es, que se tenga que cortar la parte m\u00e1s inferior de la vagina, con parte de m\u00fasculo y piel del perin\u00e9 (zona [&hellip;]\" \/>\n<meta property=\"og:url\" content=\"https:\/\/www.doctoragibert.com\/es\/pacientes\/embarazo-y-parto\/masaje-perineal-prenatal-una-manera-sencilla-de-preparar-un-buen-parto\/\" \/>\n<meta property=\"og:site_name\" content=\"DRA. GIBERT\" \/>\n<meta property=\"article:publisher\" content=\"https:\/\/www.facebook.com\/doctoragibert\" \/>\n<meta property=\"article:modified_time\" content=\"2021-08-06T12:45:15+00:00\" \/>\n<meta property=\"og:image\" content=\"https:\/\/www.doctoragibert.com\/wp-content\/uploads\/2015\/09\/5f788fcdcb4a4bba6e00de29d4cd4c79.jpg\" \/>\n<meta name=\"twitter:label1\" content=\"Tiempo de lectura\" \/>\n\t<meta name=\"twitter:data1\" content=\"5 minutos\" \/>\n<script type=\"application\/ld+json\" class=\"yoast-schema-graph\">{\"@context\":\"https:\/\/schema.org\",\"@graph\":[{\"@type\":\"WebPage\",\"@id\":\"https:\/\/www.doctoragibert.com\/es\/pacientes\/embarazo-y-parto\/masaje-perineal-prenatal-una-manera-sencilla-de-preparar-un-buen-parto\/\",\"url\":\"https:\/\/www.doctoragibert.com\/es\/pacientes\/embarazo-y-parto\/masaje-perineal-prenatal-una-manera-sencilla-de-preparar-un-buen-parto\/\",\"name\":\"MASAJE PERINEAL PRENATAL: una manera sencilla de preparar un buen parto - DRA. GIBERT\",\"isPartOf\":{\"@id\":\"https:\/\/www.doctoragibert.com\/es\/#website\"},\"primaryImageOfPage\":{\"@id\":\"https:\/\/www.doctoragibert.com\/es\/pacientes\/embarazo-y-parto\/masaje-perineal-prenatal-una-manera-sencilla-de-preparar-un-buen-parto\/#primaryimage\"},\"image\":{\"@id\":\"https:\/\/www.doctoragibert.com\/es\/pacientes\/embarazo-y-parto\/masaje-perineal-prenatal-una-manera-sencilla-de-preparar-un-buen-parto\/#primaryimage\"},\"thumbnailUrl\":\"https:\/\/www.doctoragibert.com\/wp-content\/uploads\/2015\/09\/5f788fcdcb4a4bba6e00de29d4cd4c79.jpg\",\"datePublished\":\"2015-09-28T14:58:45+00:00\",\"dateModified\":\"2021-08-06T12:45:15+00:00\",\"breadcrumb\":{\"@id\":\"https:\/\/www.doctoragibert.com\/es\/pacientes\/embarazo-y-parto\/masaje-perineal-prenatal-una-manera-sencilla-de-preparar-un-buen-parto\/#breadcrumb\"},\"inLanguage\":\"es\",\"potentialAction\":[{\"@type\":\"ReadAction\",\"target\":[\"https:\/\/www.doctoragibert.com\/es\/pacientes\/embarazo-y-parto\/masaje-perineal-prenatal-una-manera-sencilla-de-preparar-un-buen-parto\/\"]}]},{\"@type\":\"ImageObject\",\"inLanguage\":\"es\",\"@id\":\"https:\/\/www.doctoragibert.com\/es\/pacientes\/embarazo-y-parto\/masaje-perineal-prenatal-una-manera-sencilla-de-preparar-un-buen-parto\/#primaryimage\",\"url\":\"https:\/\/www.doctoragibert.com\/wp-content\/uploads\/2015\/09\/5f788fcdcb4a4bba6e00de29d4cd4c79.jpg\",\"contentUrl\":\"https:\/\/www.doctoragibert.com\/wp-content\/uploads\/2015\/09\/5f788fcdcb4a4bba6e00de29d4cd4c79.jpg\"},{\"@type\":\"BreadcrumbList\",\"@id\":\"https:\/\/www.doctoragibert.com\/es\/pacientes\/embarazo-y-parto\/masaje-perineal-prenatal-una-manera-sencilla-de-preparar-un-buen-parto\/#breadcrumb\",\"itemListElement\":[{\"@type\":\"ListItem\",\"position\":1,\"name\":\"PACIENTES\",\"item\":\"https:\/\/www.doctoragibert.com\/es\/pacientes\/\"},{\"@type\":\"ListItem\",\"position\":2,\"name\":\"EMBARAZO Y PARTO\",\"item\":\"https:\/\/www.doctoragibert.com\/es\/pacientes\/embarazo-y-parto\/\"},{\"@type\":\"ListItem\",\"position\":3,\"name\":\"MASAJE PERINEAL PRENATAL: una manera sencilla de preparar un buen parto\"}]},{\"@type\":\"WebSite\",\"@id\":\"https:\/\/www.doctoragibert.com\/es\/#website\",\"url\":\"https:\/\/www.doctoragibert.com\/es\/\",\"name\":\"DRA. GIBERT\",\"description\":\"Ginecologia i obstetricia\",\"potentialAction\":[{\"@type\":\"SearchAction\",\"target\":{\"@type\":\"EntryPoint\",\"urlTemplate\":\"https:\/\/www.doctoragibert.com\/es\/?s={search_term_string}\"},\"query-input\":{\"@type\":\"PropertyValueSpecification\",\"valueRequired\":true,\"valueName\":\"search_term_string\"}}],\"inLanguage\":\"es\"}]}<\/script>\n<!-- \/ Yoast SEO plugin. -->","yoast_head_json":{"title":"MASAJE PERINEAL PRENATAL: una manera sencilla de preparar un buen parto - DRA. GIBERT","robots":{"index":"index","follow":"follow","max-snippet":"max-snippet:-1","max-image-preview":"max-image-preview:large","max-video-preview":"max-video-preview:-1"},"canonical":"https:\/\/www.doctoragibert.com\/es\/pacientes\/embarazo-y-parto\/masaje-perineal-prenatal-una-manera-sencilla-de-preparar-un-buen-parto\/","og_locale":"es_ES","og_type":"article","og_title":"MASAJE PERINEAL PRENATAL: una manera sencilla de preparar un buen parto - DRA. GIBERT","og_description":"MASAJE PERINEAL PRENATAL: una manera sencilla de preparar un buen parto Antes del parto, se acumulan los temores. Uno de ellos tiene que ver con la posibilidad de que se haga episiotom\u00eda, esto es, que se tenga que cortar la parte m\u00e1s inferior de la vagina, con parte de m\u00fasculo y piel del perin\u00e9 (zona [&hellip;]","og_url":"https:\/\/www.doctoragibert.com\/es\/pacientes\/embarazo-y-parto\/masaje-perineal-prenatal-una-manera-sencilla-de-preparar-un-buen-parto\/","og_site_name":"DRA. GIBERT","article_publisher":"https:\/\/www.facebook.com\/doctoragibert","article_modified_time":"2021-08-06T12:45:15+00:00","og_image":[{"url":"https:\/\/www.doctoragibert.com\/wp-content\/uploads\/2015\/09\/5f788fcdcb4a4bba6e00de29d4cd4c79.jpg","type":"","width":"","height":""}],"twitter_misc":{"Tiempo de lectura":"5 minutos"},"schema":{"@context":"https:\/\/schema.org","@graph":[{"@type":"WebPage","@id":"https:\/\/www.doctoragibert.com\/es\/pacientes\/embarazo-y-parto\/masaje-perineal-prenatal-una-manera-sencilla-de-preparar-un-buen-parto\/","url":"https:\/\/www.doctoragibert.com\/es\/pacientes\/embarazo-y-parto\/masaje-perineal-prenatal-una-manera-sencilla-de-preparar-un-buen-parto\/","name":"MASAJE PERINEAL PRENATAL: una manera sencilla de preparar un buen parto - DRA. GIBERT","isPartOf":{"@id":"https:\/\/www.doctoragibert.com\/es\/#website"},"primaryImageOfPage":{"@id":"https:\/\/www.doctoragibert.com\/es\/pacientes\/embarazo-y-parto\/masaje-perineal-prenatal-una-manera-sencilla-de-preparar-un-buen-parto\/#primaryimage"},"image":{"@id":"https:\/\/www.doctoragibert.com\/es\/pacientes\/embarazo-y-parto\/masaje-perineal-prenatal-una-manera-sencilla-de-preparar-un-buen-parto\/#primaryimage"},"thumbnailUrl":"https:\/\/www.doctoragibert.com\/wp-content\/uploads\/2015\/09\/5f788fcdcb4a4bba6e00de29d4cd4c79.jpg","datePublished":"2015-09-28T14:58:45+00:00","dateModified":"2021-08-06T12:45:15+00:00","breadcrumb":{"@id":"https:\/\/www.doctoragibert.com\/es\/pacientes\/embarazo-y-parto\/masaje-perineal-prenatal-una-manera-sencilla-de-preparar-un-buen-parto\/#breadcrumb"},"inLanguage":"es","potentialAction":[{"@type":"ReadAction","target":["https:\/\/www.doctoragibert.com\/es\/pacientes\/embarazo-y-parto\/masaje-perineal-prenatal-una-manera-sencilla-de-preparar-un-buen-parto\/"]}]},{"@type":"ImageObject","inLanguage":"es","@id":"https:\/\/www.doctoragibert.com\/es\/pacientes\/embarazo-y-parto\/masaje-perineal-prenatal-una-manera-sencilla-de-preparar-un-buen-parto\/#primaryimage","url":"https:\/\/www.doctoragibert.com\/wp-content\/uploads\/2015\/09\/5f788fcdcb4a4bba6e00de29d4cd4c79.jpg","contentUrl":"https:\/\/www.doctoragibert.com\/wp-content\/uploads\/2015\/09\/5f788fcdcb4a4bba6e00de29d4cd4c79.jpg"},{"@type":"BreadcrumbList","@id":"https:\/\/www.doctoragibert.com\/es\/pacientes\/embarazo-y-parto\/masaje-perineal-prenatal-una-manera-sencilla-de-preparar-un-buen-parto\/#breadcrumb","itemListElement":[{"@type":"ListItem","position":1,"name":"PACIENTES","item":"https:\/\/www.doctoragibert.com\/es\/pacientes\/"},{"@type":"ListItem","position":2,"name":"EMBARAZO Y PARTO","item":"https:\/\/www.doctoragibert.com\/es\/pacientes\/embarazo-y-parto\/"},{"@type":"ListItem","position":3,"name":"MASAJE PERINEAL PRENATAL: una manera sencilla de preparar un buen parto"}]},{"@type":"WebSite","@id":"https:\/\/www.doctoragibert.com\/es\/#website","url":"https:\/\/www.doctoragibert.com\/es\/","name":"DRA. GIBERT","description":"Ginecologia i obstetricia","potentialAction":[{"@type":"SearchAction","target":{"@type":"EntryPoint","urlTemplate":"https:\/\/www.doctoragibert.com\/es\/?s={search_term_string}"},"query-input":{"@type":"PropertyValueSpecification","valueRequired":true,"valueName":"search_term_string"}}],"inLanguage":"es"}]}},"_links":{"self":[{"href":"https:\/\/www.doctoragibert.com\/es\/wp-json\/wp\/v2\/pages\/8628","targetHints":{"allow":["GET"]}}],"collection":[{"href":"https:\/\/www.doctoragibert.com\/es\/wp-json\/wp\/v2\/pages"}],"about":[{"href":"https:\/\/www.doctoragibert.com\/es\/wp-json\/wp\/v2\/types\/page"}],"author":[{"embeddable":true,"href":"https:\/\/www.doctoragibert.com\/es\/wp-json\/wp\/v2\/users\/12"}],"replies":[{"embeddable":true,"href":"https:\/\/www.doctoragibert.com\/es\/wp-json\/wp\/v2\/comments?post=8628"}],"version-history":[{"count":5,"href":"https:\/\/www.doctoragibert.com\/es\/wp-json\/wp\/v2\/pages\/8628\/revisions"}],"predecessor-version":[{"id":15769,"href":"https:\/\/www.doctoragibert.com\/es\/wp-json\/wp\/v2\/pages\/8628\/revisions\/15769"}],"up":[{"embeddable":true,"href":"https:\/\/www.doctoragibert.com\/es\/wp-json\/wp\/v2\/pages\/15253"}],"wp:attachment":[{"href":"https:\/\/www.doctoragibert.com\/es\/wp-json\/wp\/v2\/media?parent=8628"}],"curies":[{"name":"wp","href":"https:\/\/api.w.org\/{rel}","templated":true}]}}