{"id":8636,"date":"2015-09-28T15:02:00","date_gmt":"2015-09-28T15:02:00","guid":{"rendered":"http:\/\/gibert.uxiodigital.com\/embaras-i-part\/molesties-frequents\/"},"modified":"2021-08-06T12:42:50","modified_gmt":"2021-08-06T12:42:50","slug":"molestias-frecuentes","status":"publish","type":"page","link":"https:\/\/www.doctoragibert.com\/es\/pacientes\/embarazo-y-parto\/molestias-frecuentes\/","title":{"rendered":"MOLESTIAS FRECUENTES"},"content":{"rendered":"\t\t<div data-elementor-type=\"wp-page\" data-elementor-id=\"8636\" class=\"elementor elementor-8636 elementor-8632\">\n\t\t\t\t\t\t<section class=\"elementor-section elementor-top-section elementor-element elementor-element-5db275b7 elementor-section-boxed elementor-section-height-default elementor-section-height-default\" data-id=\"5db275b7\" data-element_type=\"section\" data-settings=\"{&quot;background_background&quot;:&quot;classic&quot;}\">\n\t\t\t\t\t\t<div class=\"elementor-container elementor-column-gap-default\">\n\t\t\t\t\t<div class=\"elementor-column elementor-col-100 elementor-top-column elementor-element elementor-element-7869cd05\" data-id=\"7869cd05\" data-element_type=\"column\">\n\t\t\t<div class=\"elementor-widget-wrap elementor-element-populated\">\n\t\t\t\t\t\t<div class=\"elementor-element elementor-element-1a64a236 elementor-widget elementor-widget-spacer\" data-id=\"1a64a236\" data-element_type=\"widget\" data-widget_type=\"spacer.default\">\n\t\t\t\t<div class=\"elementor-widget-container\">\n\t\t\t\t\t\t\t<div class=\"elementor-spacer\">\n\t\t\t<div class=\"elementor-spacer-inner\"><\/div>\n\t\t<\/div>\n\t\t\t\t\t\t<\/div>\n\t\t\t\t<\/div>\n\t\t\t\t<div class=\"elementor-element elementor-element-51aaca94 elementor-widget elementor-widget-heading\" data-id=\"51aaca94\" data-element_type=\"widget\" data-widget_type=\"heading.default\">\n\t\t\t\t<div class=\"elementor-widget-container\">\n\t\t\t\t\t<h2 class=\"elementor-heading-title elementor-size-default\">MOLESTIAS FRECUENTES<\/h2>\t\t\t\t<\/div>\n\t\t\t\t<\/div>\n\t\t\t\t<div class=\"elementor-element elementor-element-29624b12 elementor-widget-divider--view-line elementor-widget elementor-widget-divider\" data-id=\"29624b12\" data-element_type=\"widget\" data-widget_type=\"divider.default\">\n\t\t\t\t<div class=\"elementor-widget-container\">\n\t\t\t\t\t\t\t<div class=\"elementor-divider\">\n\t\t\t<span class=\"elementor-divider-separator\">\n\t\t\t\t\t\t<\/span>\n\t\t<\/div>\n\t\t\t\t\t\t<\/div>\n\t\t\t\t<\/div>\n\t\t\t\t<div class=\"elementor-element elementor-element-340746f3 migasdepan elementor-widget elementor-widget-wp-widget-bcn_widget\" data-id=\"340746f3\" data-element_type=\"widget\" data-widget_type=\"wp-widget-bcn_widget.default\">\n\t\t\t\t<div class=\"elementor-widget-container\">\n\t\t\t\t\t<div class=\"breadcrumbs\" vocab=\"https:\/\/schema.org\/\" typeof=\"BreadcrumbList\"><!-- Breadcrumb NavXT 7.4.1 -->\n<span property=\"itemListElement\" typeof=\"ListItem\"><a property=\"item\" typeof=\"WebPage\" title=\"Ir a DRA. GIBERT.\" href=\"https:\/\/www.doctoragibert.com\/es\/\" class=\"home\" aria-current=\"page\"><span property=\"name\">DRA. GIBERT<\/span><\/a><meta property=\"position\" content=\"1\"><\/span><\/div>\t\t\t\t<\/div>\n\t\t\t\t<\/div>\n\t\t\t\t<div class=\"elementor-element elementor-element-49639a78 elementor-widget elementor-widget-spacer\" data-id=\"49639a78\" data-element_type=\"widget\" data-widget_type=\"spacer.default\">\n\t\t\t\t<div class=\"elementor-widget-container\">\n\t\t\t\t\t\t\t<div class=\"elementor-spacer\">\n\t\t\t<div class=\"elementor-spacer-inner\"><\/div>\n\t\t<\/div>\n\t\t\t\t\t\t<\/div>\n\t\t\t\t<\/div>\n\t\t\t\t\t<\/div>\n\t\t<\/div>\n\t\t\t\t\t<\/div>\n\t\t<\/section>\n\t\t\t\t<section class=\"elementor-section elementor-top-section elementor-element elementor-element-508c7c8b elementor-section-boxed elementor-section-height-default elementor-section-height-default\" data-id=\"508c7c8b\" data-element_type=\"section\">\n\t\t\t\t\t\t<div class=\"elementor-container elementor-column-gap-default\">\n\t\t\t\t\t<div class=\"elementor-column elementor-col-100 elementor-top-column elementor-element elementor-element-5d13587e\" data-id=\"5d13587e\" data-element_type=\"column\">\n\t\t\t<div class=\"elementor-widget-wrap elementor-element-populated\">\n\t\t\t\t\t\t<div class=\"elementor-element elementor-element-5eba012c elementor-widget elementor-widget-text-editor\" data-id=\"5eba012c\" data-element_type=\"widget\" data-widget_type=\"text-editor.default\">\n\t\t\t\t<div class=\"elementor-widget-container\">\n\t\t\t\t\t\t\t\t\t<p><img fetchpriority=\"high\" decoding=\"async\" class=\"alignleft size-full wp-image-8633\" src=\"https:\/\/www.doctoragibert.com\/wp-content\/uploads\/2015\/09\/d2058d9de05da2b2adbb2d93fae4943e.jpg\" alt=\"d2058d9de05da2b2adbb2d93fae4943e\" width=\"300\" height=\"224\" \/><\/p><p>Detallamos aqu\u00ed algunas de las causas m\u00e1s comunes de consulta por parte de las gestantes:<\/p><p><b>PRIMERA MITAD DEL EMBARAZO:<\/b><\/p><p><i>\u2013 Mareo y s\u00edncope (desmayo):<\/i> ocurre frecuentemente al principio de la gestaci\u00f3n, pues la tensi\u00f3n es m\u00e1s baja de lo que es habitual en nosotras. Para evitar que ocurra, no hay que ir a lugares muy concurridos, ni estar de pie mucho tiempo, ni ayunar muchas horas.<\/p><p><i>\u2013 N\u00e1useas y v\u00f3mitos:<\/i> son m\u00e1s frecuentes en los tres primeros meses, por la ma\u00f1ana y pueden ir acompa\u00f1ados de salivaci\u00f3n excesiva. \u00a0Se manejan con medidas diet\u00e9ticas sencillas: comer poca cantidad, muchas veces, mejor alimentos fr\u00edos y con poca grasa (gelatina, galletas). Si no es suficiente con lo anterior o los v\u00f3mitos impiden que estemos hidratadas (orina escasa, boca muy seca), es conveniente consultar.<\/p><p><b>SEGUNDA MITAD DEL EMBARAZO:<\/b><\/p><p><i>\u2013 Hinchaz\u00f3n de pies (edema): <\/i>aparece en el \u00faltimo trimestre de embarazo y es el resultado de un retorno dif\u00edcil de la sangre al coraz\u00f3n, pues las embarazadas van acumulando m\u00e1s l\u00edquidos y sangre seg\u00fan avanza el embarazo (\u00a1hay que tener suficiente sangre para oxigenar y nutrir a un feto que va aumentando sus necesidades!) y adem\u00e1s \u00e9stos se concentran de cintura hacia abajo (\u00fatero, piernas y acci\u00f3n de la gravedad cuando estamos mucho tiempo sentadas o de pie). Si la hinchaz\u00f3n es poca, se resuelve con el reposo con piernas en alto (al dormir, es \u00fatil poner una almohada bajo el colch\u00f3n, a la altura de nuestros pies), pero si es severa, el reposo s\u00f3lo la mejora un poco. Las medias de compresi\u00f3n son \u00fatiles, sin embargo, conviene pon\u00e9rselas antes de levantarse por la ma\u00f1ana. No hay que preocuparse, pues a las pocas semanas despu\u00e9s del parto volvemos a nuestra situaci\u00f3n de partida y recuperamos nuestras piernas de siempre. Hay que consultar si la hinchaz\u00f3n va acompa\u00f1ada de un aumento brusco de peso en pocos d\u00edas, o si la tensi\u00f3n arterial alcanza los 140 y\/o 90 mmHg, o si se nos hincha s\u00f3lo una pierna.<\/p><p><i>\u2013 Varices:<\/i> se deben tambi\u00e9n a un retorno venoso dif\u00edcil, a haber tenido varios hijos y\/o a tener sobrepeso. Algunas de nosotras tenemos venas poco resistentes o deformables, lo cual es una caracter\u00edstica innata sobre la que nada podemos hacer. El manejo de la situaci\u00f3n es muy similar a la hinchaz\u00f3n de pies: reposo con piernas en alto, paseos cortos, evitar estar demasiado tiempo seguido de pie o sentada, medias el\u00e1sticas, movimientos de rotaci\u00f3n y estiramiento de tobillos\u2026 Despu\u00e9s del embarazo se hacen menos visibles, pero no suelen desaparecer, por tanto, puede necesitar con el tiempo una operaci\u00f3n o esclerosis, pero si ha de realizarse, mejor que sea cuando ya tenemos claro que no tendremos m\u00e1s hijos.<\/p><p><i>\u2013 Tensi\u00f3n baja de dec\u00fabito (al tumbarnos boca arriba):<\/i> el peso del \u00fatero sobre la vena cava, que tiene las paredes muy blandas, dificulta seriamente el retorno de la sangre al coraz\u00f3n y, por tanto, se ponen en marcha una serie de mecanismos de \u201cemergencia\u201d: mareo y palpitaciones. Para evitar esta situaci\u00f3n, hay que tumbarse siempre de lado.<\/p><p><i>\u2013 Hemorroides:<\/i> pueden deberse a compresi\u00f3n de las venas de la zona por parte del \u00fatero y\/o estre\u00f1imiento. Las medidas detalladas en el apartado de estre\u00f1imiento, los ba\u00f1os de asiento y las pomadas antihemorroidales alivian la situaci\u00f3n. Mejor abstenerse de especias y tambi\u00e9n de bebidas alcoh\u00f3licas (ya sabemos que el alcohol est\u00e1 contraindicado en el embarazo).<\/p><p><i>\u2013 Calambres nocturnos:<\/i> se atribuyen a la compresi\u00f3n de nervios y vasos sangu\u00edneos, as\u00ed como a una posible deficiencia de magnesio. Ocurre en la mitad de las embarazadas y aparecen sobre todo por la noche. Levantarse de la cama, caminar, el estiramiento suave y pasivo o el masaje del miembro afectado resultan beneficiosos. Si a\u00fan as\u00ed le siguen molestando, consulte con su m\u00e9dico, que puede prescribirle un suplemento de magnesio.<\/p><p><i>\u2013 Dolores lumbar y p\u00e9lvico:<\/i> se atribuyen a la exageraci\u00f3n de la curva de la parte baja de la columna vertebral como respuesta al peso del \u00fatero y\/o a la relajaci\u00f3n de las articulaciones de la pelvis. El uso de zapatos planos, de asientos c\u00f3modos que sujeten la regi\u00f3n lumbar, el reposo en cama dura e incluso una faja alivian estos s\u00edntomas.<\/p><p><i>\u2013 Fatiga respiratoria (disnea):<\/i> puede ocurrir al final del embarazo, sobre todo si el feto es muy grande y\/o somos portadoras de un embarazo gemelar. Se explica por el \u201cllenado\u201d abdominal que impide que el diafragma (que act\u00faa como fuelle) pueda bajar lo suficiente para adquirir el ox\u00edgeno que necesitamos. En estos casos es \u00fatil dormir con m\u00e1s almohadas, evitar las comidas copiosas (tendremos el est\u00f3mago m\u00e1s vac\u00edo y podremos respirar mejor) y no fumar. Si la fatiga descrita aparece la primera mitad del embarazo,\u00a0 dificulta nuestras actividades de la vida diaria, aparece bruscamente, o va acompa\u00f1ada de hinchaz\u00f3n o dolor en una pierna, hay que acudir a un profesional.<\/p><p><i>\u2013 Estr\u00edas grav\u00eddicas:<\/i> casi a la mitad de las mujeres les aparece alguna estr\u00eda, sobre todo en abdomen, mamas y caderas. Para reducir su aparici\u00f3n hay que cuidar la alimentaci\u00f3n para no aumentar bruscamente de peso y se puede usar alg\u00fan hidratante (crema, vaselina l\u00edquida, aceite de rosa de mosqueta\u2026).<\/p><p><i>\u2013 Pigmentaci\u00f3n:<\/i> afecta a casi todas las embarazadas al final, sobre todo si se exponen al sol. Se puede localizar en la cara (cloasma), areola mamaria y l\u00ednea media del abdomen. Una vez concluido el embarazo, desaparece muy lentamente. Como el oscurecimiento de la piel es irregular y poco est\u00e9tico, recomiendo usar fotoprotectores y evitar la exposici\u00f3n directa a la luz solar.<\/p><p><b>CUALQUIER MOMENTO DEL EMBARAZO:<\/b><\/p><p><i>\u2013 Pirosis:<\/i> sensaci\u00f3n de ardor o quemaz\u00f3n en la parte del t\u00f3rax que cubrir\u00eda una corbata. Se debe a los cambios hormonales y al desplazamiento del est\u00f3mago por el \u00fatero en crecimiento. Hay que evitar el consumo de: chocolate, tomate, c\u00edtricos, bebidas con\u00a0 gas, tabaco\u2026 El reposo con elevaci\u00f3n de la cabeza y cenar al menos 2 horas antes de acostarse tambi\u00e9n pueden ser \u00fatiles. En el caso de que, a pesar de las medidas anteriores, tuvi\u00e9ramos molestias, es mejor consultar con Ginecolog\u00eda.<\/p><p><i>\u2013 Estre\u00f1imiento:<\/i> relacionado tambi\u00e9n con los cambios hormonales y la compresi\u00f3n del recto por el \u00fatero. Suele ocurrir en mujeres predispuestas ya antes del embarazo. Beber agua abundante, hacer ejercicio regular, tomar alg\u00fan caf\u00e9 y evitar comidas astringentes (p. ej. el arroz) nos ayuda a normalizar nuestras deposiciones. Se pueden tomar varios f\u00e1rmacos laxantes previa consulta con el m\u00e9dico.<\/p><p><i>\u2013 Polaquiuria (orinar frecuentemente):<\/i> causada por compresi\u00f3n de la vejiga por parte del \u00fatero (primer trimestre) o por parte de la cabeza fetal (final del embarazo), junto a la mayor producci\u00f3n de orina propia de la gestaci\u00f3n. Para manejar estas molestias, mejor vaciar la vejiga con frecuencia y no beber mucha agua si prevemos que no vamos a tener un aseo cerca.<\/p><div class=\"clear\">\u00a0<\/div><p><b>Fuentes de la informaci\u00f3n:<\/b> <i>Carroza MA, Cord\u00f3n Scharfhausen J, Troyano J, Bajo JM. Duraci\u00f3n del embarazo. Modificaciones de los \u00f3rganos genitales y de las mamas. Molestias comunes del embarazo normal. En: Bajo Arenas J, Melchor Marcos JC, Merc\u00e9 LT, editores. Fundamentos de Obstetricia (SEGO). Madrid; 2007. p.171-181. <\/i><\/p><div class=\"clear\">\u00a0<\/div>\t\t\t\t\t\t\t\t<\/div>\n\t\t\t\t<\/div>\n\t\t\t\t\t<\/div>\n\t\t<\/div>\n\t\t\t\t\t<\/div>\n\t\t<\/section>\n\t\t\t\t<section class=\"elementor-section elementor-top-section elementor-element elementor-element-452ed2f elementor-section-boxed elementor-section-height-default elementor-section-height-default\" data-id=\"452ed2f\" data-element_type=\"section\">\n\t\t\t\t\t\t<div class=\"elementor-container elementor-column-gap-default\">\n\t\t\t\t\t<div class=\"elementor-column elementor-col-100 elementor-top-column elementor-element elementor-element-fab76b9\" data-id=\"fab76b9\" data-element_type=\"column\">\n\t\t\t<div class=\"elementor-widget-wrap elementor-element-populated\">\n\t\t\t\t\t\t<div class=\"elementor-element elementor-element-1f92c74 elementor-widget elementor-widget-shortcode\" data-id=\"1f92c74\" data-element_type=\"widget\" data-widget_type=\"shortcode.default\">\n\t\t\t\t<div class=\"elementor-widget-container\">\n\t\t\t\t\t\t\t<div class=\"elementor-shortcode\">[ssba-buttons]<\/div>\n\t\t\t\t\t\t<\/div>\n\t\t\t\t<\/div>\n\t\t\t\t\t<\/div>\n\t\t<\/div>\n\t\t\t\t\t<\/div>\n\t\t<\/section>\n\t\t\t\t<\/div>\n\t\t","protected":false},"excerpt":{"rendered":"<p>MOLESTIAS FRECUENTES Detallamos aqu\u00ed algunas de las causas m\u00e1s comunes de consulta por parte de las gestantes: PRIMERA MITAD DEL EMBARAZO: \u2013 Mareo y s\u00edncope (desmayo): ocurre frecuentemente al principio de la gestaci\u00f3n, pues la tensi\u00f3n es m\u00e1s baja de lo que es habitual en nosotras. Para evitar que ocurra, no hay que ir a [&hellip;]<\/p>\n","protected":false},"author":12,"featured_media":0,"parent":15253,"menu_order":0,"comment_status":"open","ping_status":"open","template":"elementor_header_footer","meta":{"footnotes":""},"class_list":["post-8636","page","type-page","status-publish","hentry"],"yoast_head":"<!-- This site is optimized with the Yoast SEO plugin v25.0 - https:\/\/yoast.com\/wordpress\/plugins\/seo\/ -->\n<title>MOLESTIAS FRECUENTES - DRA. GIBERT<\/title>\n<meta name=\"robots\" content=\"index, follow, max-snippet:-1, max-image-preview:large, max-video-preview:-1\" \/>\n<link rel=\"canonical\" href=\"https:\/\/www.doctoragibert.com\/es\/pacientes\/embarazo-y-parto\/molestias-frecuentes\/\" \/>\n<meta property=\"og:locale\" content=\"es_ES\" \/>\n<meta property=\"og:type\" content=\"article\" \/>\n<meta property=\"og:title\" content=\"MOLESTIAS FRECUENTES - DRA. GIBERT\" \/>\n<meta property=\"og:description\" content=\"MOLESTIAS FRECUENTES Detallamos aqu\u00ed algunas de las causas m\u00e1s comunes de consulta por parte de las gestantes: PRIMERA MITAD DEL EMBARAZO: \u2013 Mareo y s\u00edncope (desmayo): ocurre frecuentemente al principio de la gestaci\u00f3n, pues la tensi\u00f3n es m\u00e1s baja de lo que es habitual en nosotras. Para evitar que ocurra, no hay que ir a [&hellip;]\" \/>\n<meta property=\"og:url\" content=\"https:\/\/www.doctoragibert.com\/es\/pacientes\/embarazo-y-parto\/molestias-frecuentes\/\" \/>\n<meta property=\"og:site_name\" content=\"DRA. GIBERT\" \/>\n<meta property=\"article:publisher\" content=\"https:\/\/www.facebook.com\/doctoragibert\" \/>\n<meta property=\"article:modified_time\" content=\"2021-08-06T12:42:50+00:00\" \/>\n<meta property=\"og:image\" content=\"https:\/\/www.doctoragibert.com\/wp-content\/uploads\/2015\/09\/d2058d9de05da2b2adbb2d93fae4943e.jpg\" \/>\n<meta name=\"twitter:label1\" content=\"Tiempo de lectura\" \/>\n\t<meta name=\"twitter:data1\" content=\"7 minutos\" \/>\n<script type=\"application\/ld+json\" class=\"yoast-schema-graph\">{\"@context\":\"https:\/\/schema.org\",\"@graph\":[{\"@type\":\"WebPage\",\"@id\":\"https:\/\/www.doctoragibert.com\/es\/pacientes\/embarazo-y-parto\/molestias-frecuentes\/\",\"url\":\"https:\/\/www.doctoragibert.com\/es\/pacientes\/embarazo-y-parto\/molestias-frecuentes\/\",\"name\":\"MOLESTIAS FRECUENTES - DRA. GIBERT\",\"isPartOf\":{\"@id\":\"https:\/\/www.doctoragibert.com\/es\/#website\"},\"primaryImageOfPage\":{\"@id\":\"https:\/\/www.doctoragibert.com\/es\/pacientes\/embarazo-y-parto\/molestias-frecuentes\/#primaryimage\"},\"image\":{\"@id\":\"https:\/\/www.doctoragibert.com\/es\/pacientes\/embarazo-y-parto\/molestias-frecuentes\/#primaryimage\"},\"thumbnailUrl\":\"https:\/\/www.doctoragibert.com\/wp-content\/uploads\/2015\/09\/d2058d9de05da2b2adbb2d93fae4943e.jpg\",\"datePublished\":\"2015-09-28T15:02:00+00:00\",\"dateModified\":\"2021-08-06T12:42:50+00:00\",\"breadcrumb\":{\"@id\":\"https:\/\/www.doctoragibert.com\/es\/pacientes\/embarazo-y-parto\/molestias-frecuentes\/#breadcrumb\"},\"inLanguage\":\"es\",\"potentialAction\":[{\"@type\":\"ReadAction\",\"target\":[\"https:\/\/www.doctoragibert.com\/es\/pacientes\/embarazo-y-parto\/molestias-frecuentes\/\"]}]},{\"@type\":\"ImageObject\",\"inLanguage\":\"es\",\"@id\":\"https:\/\/www.doctoragibert.com\/es\/pacientes\/embarazo-y-parto\/molestias-frecuentes\/#primaryimage\",\"url\":\"https:\/\/www.doctoragibert.com\/wp-content\/uploads\/2015\/09\/d2058d9de05da2b2adbb2d93fae4943e.jpg\",\"contentUrl\":\"https:\/\/www.doctoragibert.com\/wp-content\/uploads\/2015\/09\/d2058d9de05da2b2adbb2d93fae4943e.jpg\"},{\"@type\":\"BreadcrumbList\",\"@id\":\"https:\/\/www.doctoragibert.com\/es\/pacientes\/embarazo-y-parto\/molestias-frecuentes\/#breadcrumb\",\"itemListElement\":[{\"@type\":\"ListItem\",\"position\":1,\"name\":\"PACIENTES\",\"item\":\"https:\/\/www.doctoragibert.com\/es\/pacientes\/\"},{\"@type\":\"ListItem\",\"position\":2,\"name\":\"EMBARAZO Y PARTO\",\"item\":\"https:\/\/www.doctoragibert.com\/es\/pacientes\/embarazo-y-parto\/\"},{\"@type\":\"ListItem\",\"position\":3,\"name\":\"MOLESTIAS FRECUENTES\"}]},{\"@type\":\"WebSite\",\"@id\":\"https:\/\/www.doctoragibert.com\/es\/#website\",\"url\":\"https:\/\/www.doctoragibert.com\/es\/\",\"name\":\"DRA. GIBERT\",\"description\":\"Ginecologia i obstetricia\",\"potentialAction\":[{\"@type\":\"SearchAction\",\"target\":{\"@type\":\"EntryPoint\",\"urlTemplate\":\"https:\/\/www.doctoragibert.com\/es\/?s={search_term_string}\"},\"query-input\":{\"@type\":\"PropertyValueSpecification\",\"valueRequired\":true,\"valueName\":\"search_term_string\"}}],\"inLanguage\":\"es\"}]}<\/script>\n<!-- \/ Yoast SEO plugin. -->","yoast_head_json":{"title":"MOLESTIAS FRECUENTES - DRA. GIBERT","robots":{"index":"index","follow":"follow","max-snippet":"max-snippet:-1","max-image-preview":"max-image-preview:large","max-video-preview":"max-video-preview:-1"},"canonical":"https:\/\/www.doctoragibert.com\/es\/pacientes\/embarazo-y-parto\/molestias-frecuentes\/","og_locale":"es_ES","og_type":"article","og_title":"MOLESTIAS FRECUENTES - DRA. GIBERT","og_description":"MOLESTIAS FRECUENTES Detallamos aqu\u00ed algunas de las causas m\u00e1s comunes de consulta por parte de las gestantes: PRIMERA MITAD DEL EMBARAZO: \u2013 Mareo y s\u00edncope (desmayo): ocurre frecuentemente al principio de la gestaci\u00f3n, pues la tensi\u00f3n es m\u00e1s baja de lo que es habitual en nosotras. Para evitar que ocurra, no hay que ir a [&hellip;]","og_url":"https:\/\/www.doctoragibert.com\/es\/pacientes\/embarazo-y-parto\/molestias-frecuentes\/","og_site_name":"DRA. GIBERT","article_publisher":"https:\/\/www.facebook.com\/doctoragibert","article_modified_time":"2021-08-06T12:42:50+00:00","og_image":[{"url":"https:\/\/www.doctoragibert.com\/wp-content\/uploads\/2015\/09\/d2058d9de05da2b2adbb2d93fae4943e.jpg","type":"","width":"","height":""}],"twitter_misc":{"Tiempo de lectura":"7 minutos"},"schema":{"@context":"https:\/\/schema.org","@graph":[{"@type":"WebPage","@id":"https:\/\/www.doctoragibert.com\/es\/pacientes\/embarazo-y-parto\/molestias-frecuentes\/","url":"https:\/\/www.doctoragibert.com\/es\/pacientes\/embarazo-y-parto\/molestias-frecuentes\/","name":"MOLESTIAS FRECUENTES - DRA. GIBERT","isPartOf":{"@id":"https:\/\/www.doctoragibert.com\/es\/#website"},"primaryImageOfPage":{"@id":"https:\/\/www.doctoragibert.com\/es\/pacientes\/embarazo-y-parto\/molestias-frecuentes\/#primaryimage"},"image":{"@id":"https:\/\/www.doctoragibert.com\/es\/pacientes\/embarazo-y-parto\/molestias-frecuentes\/#primaryimage"},"thumbnailUrl":"https:\/\/www.doctoragibert.com\/wp-content\/uploads\/2015\/09\/d2058d9de05da2b2adbb2d93fae4943e.jpg","datePublished":"2015-09-28T15:02:00+00:00","dateModified":"2021-08-06T12:42:50+00:00","breadcrumb":{"@id":"https:\/\/www.doctoragibert.com\/es\/pacientes\/embarazo-y-parto\/molestias-frecuentes\/#breadcrumb"},"inLanguage":"es","potentialAction":[{"@type":"ReadAction","target":["https:\/\/www.doctoragibert.com\/es\/pacientes\/embarazo-y-parto\/molestias-frecuentes\/"]}]},{"@type":"ImageObject","inLanguage":"es","@id":"https:\/\/www.doctoragibert.com\/es\/pacientes\/embarazo-y-parto\/molestias-frecuentes\/#primaryimage","url":"https:\/\/www.doctoragibert.com\/wp-content\/uploads\/2015\/09\/d2058d9de05da2b2adbb2d93fae4943e.jpg","contentUrl":"https:\/\/www.doctoragibert.com\/wp-content\/uploads\/2015\/09\/d2058d9de05da2b2adbb2d93fae4943e.jpg"},{"@type":"BreadcrumbList","@id":"https:\/\/www.doctoragibert.com\/es\/pacientes\/embarazo-y-parto\/molestias-frecuentes\/#breadcrumb","itemListElement":[{"@type":"ListItem","position":1,"name":"PACIENTES","item":"https:\/\/www.doctoragibert.com\/es\/pacientes\/"},{"@type":"ListItem","position":2,"name":"EMBARAZO Y PARTO","item":"https:\/\/www.doctoragibert.com\/es\/pacientes\/embarazo-y-parto\/"},{"@type":"ListItem","position":3,"name":"MOLESTIAS FRECUENTES"}]},{"@type":"WebSite","@id":"https:\/\/www.doctoragibert.com\/es\/#website","url":"https:\/\/www.doctoragibert.com\/es\/","name":"DRA. GIBERT","description":"Ginecologia i obstetricia","potentialAction":[{"@type":"SearchAction","target":{"@type":"EntryPoint","urlTemplate":"https:\/\/www.doctoragibert.com\/es\/?s={search_term_string}"},"query-input":{"@type":"PropertyValueSpecification","valueRequired":true,"valueName":"search_term_string"}}],"inLanguage":"es"}]}},"_links":{"self":[{"href":"https:\/\/www.doctoragibert.com\/es\/wp-json\/wp\/v2\/pages\/8636","targetHints":{"allow":["GET"]}}],"collection":[{"href":"https:\/\/www.doctoragibert.com\/es\/wp-json\/wp\/v2\/pages"}],"about":[{"href":"https:\/\/www.doctoragibert.com\/es\/wp-json\/wp\/v2\/types\/page"}],"author":[{"embeddable":true,"href":"https:\/\/www.doctoragibert.com\/es\/wp-json\/wp\/v2\/users\/12"}],"replies":[{"embeddable":true,"href":"https:\/\/www.doctoragibert.com\/es\/wp-json\/wp\/v2\/comments?post=8636"}],"version-history":[{"count":5,"href":"https:\/\/www.doctoragibert.com\/es\/wp-json\/wp\/v2\/pages\/8636\/revisions"}],"predecessor-version":[{"id":15768,"href":"https:\/\/www.doctoragibert.com\/es\/wp-json\/wp\/v2\/pages\/8636\/revisions\/15768"}],"up":[{"embeddable":true,"href":"https:\/\/www.doctoragibert.com\/es\/wp-json\/wp\/v2\/pages\/15253"}],"wp:attachment":[{"href":"https:\/\/www.doctoragibert.com\/es\/wp-json\/wp\/v2\/media?parent=8636"}],"curies":[{"name":"wp","href":"https:\/\/api.w.org\/{rel}","templated":true}]}}