{"id":8645,"date":"2015-09-28T15:04:33","date_gmt":"2015-09-28T15:04:33","guid":{"rendered":"http:\/\/gibert.uxiodigital.com\/embaras-i-part\/pes-quant-sha-daugmentar-durant-lembaras\/"},"modified":"2021-09-12T16:34:38","modified_gmt":"2021-09-12T16:34:38","slug":"peso-cuanto-hay-que-aumentar-durante-el-embarazo","status":"publish","type":"page","link":"https:\/\/www.doctoragibert.com\/es\/pacientes\/embarazo-y-parto\/peso-cuanto-hay-que-aumentar-durante-el-embarazo\/","title":{"rendered":"PESO: \u00bfcu\u00e1nto hay que aumentar durante el embarazo?"},"content":{"rendered":"\t\t<div data-elementor-type=\"wp-page\" data-elementor-id=\"8645\" class=\"elementor elementor-8645 elementor-8640\">\n\t\t\t\t\t\t<section class=\"elementor-section elementor-top-section elementor-element elementor-element-4723bd5f elementor-section-boxed elementor-section-height-default elementor-section-height-default\" data-id=\"4723bd5f\" data-element_type=\"section\" data-settings=\"{&quot;background_background&quot;:&quot;classic&quot;}\">\n\t\t\t\t\t\t<div class=\"elementor-container elementor-column-gap-default\">\n\t\t\t\t\t<div class=\"elementor-column elementor-col-100 elementor-top-column elementor-element elementor-element-42e67f12\" data-id=\"42e67f12\" data-element_type=\"column\">\n\t\t\t<div class=\"elementor-widget-wrap elementor-element-populated\">\n\t\t\t\t\t\t<div class=\"elementor-element elementor-element-28ab09bc elementor-widget elementor-widget-spacer\" data-id=\"28ab09bc\" data-element_type=\"widget\" data-widget_type=\"spacer.default\">\n\t\t\t\t<div class=\"elementor-widget-container\">\n\t\t\t\t\t\t\t<div class=\"elementor-spacer\">\n\t\t\t<div class=\"elementor-spacer-inner\"><\/div>\n\t\t<\/div>\n\t\t\t\t\t\t<\/div>\n\t\t\t\t<\/div>\n\t\t\t\t<div class=\"elementor-element elementor-element-6b33add3 elementor-widget elementor-widget-heading\" data-id=\"6b33add3\" data-element_type=\"widget\" data-widget_type=\"heading.default\">\n\t\t\t\t<div class=\"elementor-widget-container\">\n\t\t\t\t\t<h2 class=\"elementor-heading-title elementor-size-default\">PESO: \u00bfcu\u00e1nto hay que aumentar durante el embarazo?<\/h2>\t\t\t\t<\/div>\n\t\t\t\t<\/div>\n\t\t\t\t<div class=\"elementor-element elementor-element-a5cb7e8 elementor-widget-divider--view-line elementor-widget elementor-widget-divider\" data-id=\"a5cb7e8\" data-element_type=\"widget\" data-widget_type=\"divider.default\">\n\t\t\t\t<div class=\"elementor-widget-container\">\n\t\t\t\t\t\t\t<div class=\"elementor-divider\">\n\t\t\t<span class=\"elementor-divider-separator\">\n\t\t\t\t\t\t<\/span>\n\t\t<\/div>\n\t\t\t\t\t\t<\/div>\n\t\t\t\t<\/div>\n\t\t\t\t<div class=\"elementor-element elementor-element-797704c5 migasdepan elementor-widget elementor-widget-wp-widget-bcn_widget\" data-id=\"797704c5\" data-element_type=\"widget\" data-widget_type=\"wp-widget-bcn_widget.default\">\n\t\t\t\t<div class=\"elementor-widget-container\">\n\t\t\t\t\t<div class=\"breadcrumbs\" vocab=\"https:\/\/schema.org\/\" typeof=\"BreadcrumbList\"><!-- Breadcrumb NavXT 7.4.1 -->\n<span property=\"itemListElement\" typeof=\"ListItem\"><a property=\"item\" typeof=\"WebPage\" title=\"Ir a DRA. GIBERT.\" href=\"https:\/\/www.doctoragibert.com\/es\/\" class=\"home\" aria-current=\"page\"><span property=\"name\">DRA. GIBERT<\/span><\/a><meta property=\"position\" content=\"1\"><\/span><\/div>\t\t\t\t<\/div>\n\t\t\t\t<\/div>\n\t\t\t\t<div class=\"elementor-element elementor-element-600319cf elementor-widget elementor-widget-spacer\" data-id=\"600319cf\" data-element_type=\"widget\" data-widget_type=\"spacer.default\">\n\t\t\t\t<div class=\"elementor-widget-container\">\n\t\t\t\t\t\t\t<div class=\"elementor-spacer\">\n\t\t\t<div class=\"elementor-spacer-inner\"><\/div>\n\t\t<\/div>\n\t\t\t\t\t\t<\/div>\n\t\t\t\t<\/div>\n\t\t\t\t\t<\/div>\n\t\t<\/div>\n\t\t\t\t\t<\/div>\n\t\t<\/section>\n\t\t\t\t<section class=\"elementor-section elementor-top-section elementor-element elementor-element-3a39d657 elementor-section-boxed elementor-section-height-default elementor-section-height-default\" data-id=\"3a39d657\" data-element_type=\"section\">\n\t\t\t\t\t\t<div class=\"elementor-container elementor-column-gap-default\">\n\t\t\t\t\t<div class=\"elementor-column elementor-col-100 elementor-top-column elementor-element elementor-element-2e7fc9a2\" data-id=\"2e7fc9a2\" data-element_type=\"column\">\n\t\t\t<div class=\"elementor-widget-wrap elementor-element-populated\">\n\t\t\t\t\t\t<div class=\"elementor-element elementor-element-5006c738 elementor-widget elementor-widget-text-editor\" data-id=\"5006c738\" data-element_type=\"widget\" data-widget_type=\"text-editor.default\">\n\t\t\t\t<div class=\"elementor-widget-container\">\n\t\t\t\t\t\t\t\t\t<p><img decoding=\"async\" class=\"alignleft size-full wp-image-8642\" src=\"https:\/\/www.doctoragibert.com\/wp-content\/uploads\/2015\/09\/844f0a82836ec363b2a0feb90db0564b.jpg\" alt=\"844f0a82836ec363b2a0feb90db0564b\" width=\"200\" height=\"150\" \/><\/p><p>En primer lugar, hay que conocer nuestro <a href=\"http:\/\/www.ocu.org\/alimentacion\/adelgazar\/calculadora\/indice-de-masa-corporal\" target=\"_blank\" rel=\"noopener\">\u00edndice de masa corporal (IMC)<\/a> incluyendo talla y peso aproximado en la fecha de \u00faltima regla. Este c\u00e1lculo nos permitir\u00e1 saber si nuestro peso es normal, escaso o excesivo.<\/p><p>Cl\u00e1sicamente se admite que la gestante <b>normopeso<\/b> precisar\u00e1 un incremento de ingesta de <b>200 kcal\/d\u00eda<\/b> (300 en las mujeres delgadas y 100 en las que tienen sobrepeso), siempre y cuando mantenga el mismo nivel de ejercicio pregestacional (lo cual no suele ocurrir). Este aporte energ\u00e9tico adicional se debe obtener por medio del consumo de cereales, leche y derivados (salvo quesos curados), frutas y verduras. <b>Hay que evitar el incremento de grasas, ya que su consumo en nuestro medio es de por s\u00ed excesivo<\/b>. El mencionado aumento de peso permitir\u00e1 a la gestante recuperar su peso pregestacional al concluir la lactancia materna exclusiva (<b>4-6 meses<\/b>).<\/p><p>Las <b>mujeres obesas o con sobrepeso al inicio de su embarazo ganan, en general, menos peso que las normopeso o de peso bajo<\/b>. Este menor incremento ponderal se asocia a que la mujer obesa o con sobrepeso var\u00eda menos su consumo cal\u00f3rico que la gestante de peso inferior. Sin embargo el peso de los hijos de las gestantes obesas es en promedio superior. En otras palabras, <b>el condicionante m\u00e1s importante del peso neonatal es el peso materno al inicio del embarazo<\/b>. Por otra parte, las mujeres bien nutridas antes de la gestaci\u00f3n que presentan una escasa ganancia ponderal no han de constituir motivo de gran preocupaci\u00f3n, ya que el efecto de la desnutrici\u00f3n moderada o leve sobre el embarazo es escaso o nulo, posiblemente porque existe una reserva energ\u00e9tica importante. De hecho, las deficiencias nutricionales y de aumento ponderal han de ser muy importantes para que produzcan efectos demostrables sobre el crecimiento fetal.<\/p><p>Al final del embarazo ha destinado en promedio, e independientemente de su peso, unos <b>tres litros<\/b> en l\u00edquidos y unos <b>tres kilos<\/b> a sus dep\u00f3sitos grasos que se consumir\u00e1n durante la \u201ccuarentena\u201d. Por consiguiente, estimamos que una vez concluidas las seis primeras semanas postparto la gestante habr\u00e1 perdido unos\u00a0<b>seis kilos<\/b>.<\/p><p>Se cree que durante los <b>primeros seis meses<\/b>\u00a0las grasas y prote\u00ednas ingeridas son almacenadas fundamentalmente por la madre, al contrario en los <b>\u00faltimos tres meses<\/b> es el feto quien utiliza estas reservas para su crecimiento r\u00e1pido. A pesar de que la ingesta cal\u00f3rica suele ser inferior en el \u00faltimo trimestre, el aumento ponderal es m\u00e1s intenso. Este fen\u00f3meno se atribuye al crecimiento fetal y a la retenci\u00f3n de agua, mientras que los dep\u00f3sitos de grasa maternos se estabilizan e incluso descienden. Por consiguiente, no es recomendable restringir la dieta durante las \u00faltimas semanas.<b>Si se sigue una dieta adecuada, el aumento de peso\u00a0<\/b>durante todo el embarazo<b> ser\u00e1 de 10-12 kg en las normopeso, de 12-14 kg en las de peso bajo, y de menos de 5-7 kg en las obesas.<\/b><\/p><div class=\"clear\">\u00a0<\/div><p><b>Fuentes de la informaci\u00f3n:<\/b> <i>Gonz\u00e1lez de Ag\u00fcero R, Sobreviela M, Torrijo C, Fabre E. Alimentaci\u00f3n y nutrici\u00f3n materna durante el embarazo. En Fabre Gonz\u00e1lez E, editor. Manual de Asistencia al Embarazo Normal, 2\u00aa ed. Editorial Ino Reproducciones. 2001. P. 265-313. <\/i><\/p><div class=\"clear\">\u00a0<\/div>\t\t\t\t\t\t\t\t<\/div>\n\t\t\t\t<\/div>\n\t\t\t\t\t<\/div>\n\t\t<\/div>\n\t\t\t\t\t<\/div>\n\t\t<\/section>\n\t\t\t\t<section class=\"elementor-section elementor-top-section elementor-element elementor-element-5ad1e9d elementor-section-boxed elementor-section-height-default elementor-section-height-default\" data-id=\"5ad1e9d\" data-element_type=\"section\">\n\t\t\t\t\t\t<div class=\"elementor-container elementor-column-gap-default\">\n\t\t\t\t\t<div class=\"elementor-column elementor-col-100 elementor-top-column elementor-element elementor-element-76ae710\" data-id=\"76ae710\" data-element_type=\"column\">\n\t\t\t<div class=\"elementor-widget-wrap elementor-element-populated\">\n\t\t\t\t\t\t<div class=\"elementor-element elementor-element-fea90ba elementor-widget elementor-widget-shortcode\" data-id=\"fea90ba\" data-element_type=\"widget\" data-widget_type=\"shortcode.default\">\n\t\t\t\t<div class=\"elementor-widget-container\">\n\t\t\t\t\t\t\t<div class=\"elementor-shortcode\">[ssba-buttons]<\/div>\n\t\t\t\t\t\t<\/div>\n\t\t\t\t<\/div>\n\t\t\t\t\t<\/div>\n\t\t<\/div>\n\t\t\t\t\t<\/div>\n\t\t<\/section>\n\t\t\t\t<\/div>\n\t\t","protected":false},"excerpt":{"rendered":"<p>PESO: \u00bfcu\u00e1nto hay que aumentar durante el embarazo? En primer lugar, hay que conocer nuestro \u00edndice de masa corporal (IMC) incluyendo talla y peso aproximado en la fecha de \u00faltima regla. Este c\u00e1lculo nos permitir\u00e1 saber si nuestro peso es normal, escaso o excesivo. Cl\u00e1sicamente se admite que la gestante normopeso precisar\u00e1 un incremento de [&hellip;]<\/p>\n","protected":false},"author":12,"featured_media":0,"parent":15253,"menu_order":0,"comment_status":"open","ping_status":"open","template":"elementor_header_footer","meta":{"footnotes":""},"class_list":["post-8645","page","type-page","status-publish","hentry"],"yoast_head":"<!-- This site is optimized with the Yoast SEO plugin v25.0 - https:\/\/yoast.com\/wordpress\/plugins\/seo\/ -->\n<title>PESO: \u00bfcu\u00e1nto hay que aumentar durante el embarazo? - DRA. GIBERT<\/title>\n<meta name=\"robots\" content=\"index, follow, max-snippet:-1, max-image-preview:large, max-video-preview:-1\" \/>\n<link rel=\"canonical\" href=\"https:\/\/www.doctoragibert.com\/es\/pacientes\/embarazo-y-parto\/peso-cuanto-hay-que-aumentar-durante-el-embarazo\/\" \/>\n<meta property=\"og:locale\" content=\"es_ES\" \/>\n<meta property=\"og:type\" content=\"article\" \/>\n<meta property=\"og:title\" content=\"PESO: \u00bfcu\u00e1nto hay que aumentar durante el embarazo? - DRA. GIBERT\" \/>\n<meta property=\"og:description\" content=\"PESO: \u00bfcu\u00e1nto hay que aumentar durante el embarazo? En primer lugar, hay que conocer nuestro \u00edndice de masa corporal (IMC) incluyendo talla y peso aproximado en la fecha de \u00faltima regla. Este c\u00e1lculo nos permitir\u00e1 saber si nuestro peso es normal, escaso o excesivo. Cl\u00e1sicamente se admite que la gestante normopeso precisar\u00e1 un incremento de [&hellip;]\" \/>\n<meta property=\"og:url\" content=\"https:\/\/www.doctoragibert.com\/es\/pacientes\/embarazo-y-parto\/peso-cuanto-hay-que-aumentar-durante-el-embarazo\/\" \/>\n<meta property=\"og:site_name\" content=\"DRA. GIBERT\" \/>\n<meta property=\"article:publisher\" content=\"https:\/\/www.facebook.com\/doctoragibert\" \/>\n<meta property=\"article:modified_time\" content=\"2021-09-12T16:34:38+00:00\" \/>\n<meta property=\"og:image\" content=\"https:\/\/www.doctoragibert.com\/wp-content\/uploads\/2015\/09\/844f0a82836ec363b2a0feb90db0564b.jpg\" \/>\n<meta name=\"twitter:label1\" content=\"Tiempo de lectura\" \/>\n\t<meta name=\"twitter:data1\" content=\"4 minutos\" \/>\n<script type=\"application\/ld+json\" class=\"yoast-schema-graph\">{\"@context\":\"https:\/\/schema.org\",\"@graph\":[{\"@type\":\"WebPage\",\"@id\":\"https:\/\/www.doctoragibert.com\/es\/pacientes\/embarazo-y-parto\/peso-cuanto-hay-que-aumentar-durante-el-embarazo\/\",\"url\":\"https:\/\/www.doctoragibert.com\/es\/pacientes\/embarazo-y-parto\/peso-cuanto-hay-que-aumentar-durante-el-embarazo\/\",\"name\":\"PESO: \u00bfcu\u00e1nto hay que aumentar durante el embarazo? - DRA. GIBERT\",\"isPartOf\":{\"@id\":\"https:\/\/www.doctoragibert.com\/es\/#website\"},\"primaryImageOfPage\":{\"@id\":\"https:\/\/www.doctoragibert.com\/es\/pacientes\/embarazo-y-parto\/peso-cuanto-hay-que-aumentar-durante-el-embarazo\/#primaryimage\"},\"image\":{\"@id\":\"https:\/\/www.doctoragibert.com\/es\/pacientes\/embarazo-y-parto\/peso-cuanto-hay-que-aumentar-durante-el-embarazo\/#primaryimage\"},\"thumbnailUrl\":\"https:\/\/www.doctoragibert.com\/wp-content\/uploads\/2015\/09\/844f0a82836ec363b2a0feb90db0564b.jpg\",\"datePublished\":\"2015-09-28T15:04:33+00:00\",\"dateModified\":\"2021-09-12T16:34:38+00:00\",\"breadcrumb\":{\"@id\":\"https:\/\/www.doctoragibert.com\/es\/pacientes\/embarazo-y-parto\/peso-cuanto-hay-que-aumentar-durante-el-embarazo\/#breadcrumb\"},\"inLanguage\":\"es\",\"potentialAction\":[{\"@type\":\"ReadAction\",\"target\":[\"https:\/\/www.doctoragibert.com\/es\/pacientes\/embarazo-y-parto\/peso-cuanto-hay-que-aumentar-durante-el-embarazo\/\"]}]},{\"@type\":\"ImageObject\",\"inLanguage\":\"es\",\"@id\":\"https:\/\/www.doctoragibert.com\/es\/pacientes\/embarazo-y-parto\/peso-cuanto-hay-que-aumentar-durante-el-embarazo\/#primaryimage\",\"url\":\"https:\/\/www.doctoragibert.com\/wp-content\/uploads\/2015\/09\/844f0a82836ec363b2a0feb90db0564b.jpg\",\"contentUrl\":\"https:\/\/www.doctoragibert.com\/wp-content\/uploads\/2015\/09\/844f0a82836ec363b2a0feb90db0564b.jpg\"},{\"@type\":\"BreadcrumbList\",\"@id\":\"https:\/\/www.doctoragibert.com\/es\/pacientes\/embarazo-y-parto\/peso-cuanto-hay-que-aumentar-durante-el-embarazo\/#breadcrumb\",\"itemListElement\":[{\"@type\":\"ListItem\",\"position\":1,\"name\":\"PACIENTES\",\"item\":\"https:\/\/www.doctoragibert.com\/es\/pacientes\/\"},{\"@type\":\"ListItem\",\"position\":2,\"name\":\"EMBARAZO Y PARTO\",\"item\":\"https:\/\/www.doctoragibert.com\/es\/pacientes\/embarazo-y-parto\/\"},{\"@type\":\"ListItem\",\"position\":3,\"name\":\"PESO: \u00bfcu\u00e1nto hay que aumentar durante el embarazo?\"}]},{\"@type\":\"WebSite\",\"@id\":\"https:\/\/www.doctoragibert.com\/es\/#website\",\"url\":\"https:\/\/www.doctoragibert.com\/es\/\",\"name\":\"DRA. GIBERT\",\"description\":\"Ginecologia i obstetricia\",\"potentialAction\":[{\"@type\":\"SearchAction\",\"target\":{\"@type\":\"EntryPoint\",\"urlTemplate\":\"https:\/\/www.doctoragibert.com\/es\/?s={search_term_string}\"},\"query-input\":{\"@type\":\"PropertyValueSpecification\",\"valueRequired\":true,\"valueName\":\"search_term_string\"}}],\"inLanguage\":\"es\"}]}<\/script>\n<!-- \/ Yoast SEO plugin. -->","yoast_head_json":{"title":"PESO: \u00bfcu\u00e1nto hay que aumentar durante el embarazo? - DRA. GIBERT","robots":{"index":"index","follow":"follow","max-snippet":"max-snippet:-1","max-image-preview":"max-image-preview:large","max-video-preview":"max-video-preview:-1"},"canonical":"https:\/\/www.doctoragibert.com\/es\/pacientes\/embarazo-y-parto\/peso-cuanto-hay-que-aumentar-durante-el-embarazo\/","og_locale":"es_ES","og_type":"article","og_title":"PESO: \u00bfcu\u00e1nto hay que aumentar durante el embarazo? - DRA. GIBERT","og_description":"PESO: \u00bfcu\u00e1nto hay que aumentar durante el embarazo? En primer lugar, hay que conocer nuestro \u00edndice de masa corporal (IMC) incluyendo talla y peso aproximado en la fecha de \u00faltima regla. Este c\u00e1lculo nos permitir\u00e1 saber si nuestro peso es normal, escaso o excesivo. Cl\u00e1sicamente se admite que la gestante normopeso precisar\u00e1 un incremento de [&hellip;]","og_url":"https:\/\/www.doctoragibert.com\/es\/pacientes\/embarazo-y-parto\/peso-cuanto-hay-que-aumentar-durante-el-embarazo\/","og_site_name":"DRA. GIBERT","article_publisher":"https:\/\/www.facebook.com\/doctoragibert","article_modified_time":"2021-09-12T16:34:38+00:00","og_image":[{"url":"https:\/\/www.doctoragibert.com\/wp-content\/uploads\/2015\/09\/844f0a82836ec363b2a0feb90db0564b.jpg","type":"","width":"","height":""}],"twitter_misc":{"Tiempo de lectura":"4 minutos"},"schema":{"@context":"https:\/\/schema.org","@graph":[{"@type":"WebPage","@id":"https:\/\/www.doctoragibert.com\/es\/pacientes\/embarazo-y-parto\/peso-cuanto-hay-que-aumentar-durante-el-embarazo\/","url":"https:\/\/www.doctoragibert.com\/es\/pacientes\/embarazo-y-parto\/peso-cuanto-hay-que-aumentar-durante-el-embarazo\/","name":"PESO: \u00bfcu\u00e1nto hay que aumentar durante el embarazo? - DRA. GIBERT","isPartOf":{"@id":"https:\/\/www.doctoragibert.com\/es\/#website"},"primaryImageOfPage":{"@id":"https:\/\/www.doctoragibert.com\/es\/pacientes\/embarazo-y-parto\/peso-cuanto-hay-que-aumentar-durante-el-embarazo\/#primaryimage"},"image":{"@id":"https:\/\/www.doctoragibert.com\/es\/pacientes\/embarazo-y-parto\/peso-cuanto-hay-que-aumentar-durante-el-embarazo\/#primaryimage"},"thumbnailUrl":"https:\/\/www.doctoragibert.com\/wp-content\/uploads\/2015\/09\/844f0a82836ec363b2a0feb90db0564b.jpg","datePublished":"2015-09-28T15:04:33+00:00","dateModified":"2021-09-12T16:34:38+00:00","breadcrumb":{"@id":"https:\/\/www.doctoragibert.com\/es\/pacientes\/embarazo-y-parto\/peso-cuanto-hay-que-aumentar-durante-el-embarazo\/#breadcrumb"},"inLanguage":"es","potentialAction":[{"@type":"ReadAction","target":["https:\/\/www.doctoragibert.com\/es\/pacientes\/embarazo-y-parto\/peso-cuanto-hay-que-aumentar-durante-el-embarazo\/"]}]},{"@type":"ImageObject","inLanguage":"es","@id":"https:\/\/www.doctoragibert.com\/es\/pacientes\/embarazo-y-parto\/peso-cuanto-hay-que-aumentar-durante-el-embarazo\/#primaryimage","url":"https:\/\/www.doctoragibert.com\/wp-content\/uploads\/2015\/09\/844f0a82836ec363b2a0feb90db0564b.jpg","contentUrl":"https:\/\/www.doctoragibert.com\/wp-content\/uploads\/2015\/09\/844f0a82836ec363b2a0feb90db0564b.jpg"},{"@type":"BreadcrumbList","@id":"https:\/\/www.doctoragibert.com\/es\/pacientes\/embarazo-y-parto\/peso-cuanto-hay-que-aumentar-durante-el-embarazo\/#breadcrumb","itemListElement":[{"@type":"ListItem","position":1,"name":"PACIENTES","item":"https:\/\/www.doctoragibert.com\/es\/pacientes\/"},{"@type":"ListItem","position":2,"name":"EMBARAZO Y PARTO","item":"https:\/\/www.doctoragibert.com\/es\/pacientes\/embarazo-y-parto\/"},{"@type":"ListItem","position":3,"name":"PESO: \u00bfcu\u00e1nto hay que aumentar durante el embarazo?"}]},{"@type":"WebSite","@id":"https:\/\/www.doctoragibert.com\/es\/#website","url":"https:\/\/www.doctoragibert.com\/es\/","name":"DRA. GIBERT","description":"Ginecologia i obstetricia","potentialAction":[{"@type":"SearchAction","target":{"@type":"EntryPoint","urlTemplate":"https:\/\/www.doctoragibert.com\/es\/?s={search_term_string}"},"query-input":{"@type":"PropertyValueSpecification","valueRequired":true,"valueName":"search_term_string"}}],"inLanguage":"es"}]}},"_links":{"self":[{"href":"https:\/\/www.doctoragibert.com\/es\/wp-json\/wp\/v2\/pages\/8645","targetHints":{"allow":["GET"]}}],"collection":[{"href":"https:\/\/www.doctoragibert.com\/es\/wp-json\/wp\/v2\/pages"}],"about":[{"href":"https:\/\/www.doctoragibert.com\/es\/wp-json\/wp\/v2\/types\/page"}],"author":[{"embeddable":true,"href":"https:\/\/www.doctoragibert.com\/es\/wp-json\/wp\/v2\/users\/12"}],"replies":[{"embeddable":true,"href":"https:\/\/www.doctoragibert.com\/es\/wp-json\/wp\/v2\/comments?post=8645"}],"version-history":[{"count":5,"href":"https:\/\/www.doctoragibert.com\/es\/wp-json\/wp\/v2\/pages\/8645\/revisions"}],"predecessor-version":[{"id":18006,"href":"https:\/\/www.doctoragibert.com\/es\/wp-json\/wp\/v2\/pages\/8645\/revisions\/18006"}],"up":[{"embeddable":true,"href":"https:\/\/www.doctoragibert.com\/es\/wp-json\/wp\/v2\/pages\/15253"}],"wp:attachment":[{"href":"https:\/\/www.doctoragibert.com\/es\/wp-json\/wp\/v2\/media?parent=8645"}],"curies":[{"name":"wp","href":"https:\/\/api.w.org\/{rel}","templated":true}]}}