{"id":8663,"date":"2015-09-28T15:12:10","date_gmt":"2015-09-28T15:12:10","guid":{"rendered":"http:\/\/gibert.uxiodigital.com\/embaras-i-part\/preparacio-al-part-per-que-com-i-quan\/"},"modified":"2021-08-30T07:19:40","modified_gmt":"2021-08-30T07:19:40","slug":"preparacion-al-parto-por-que-como-cuando","status":"publish","type":"page","link":"https:\/\/www.doctoragibert.com\/es\/pacientes\/embarazo-y-parto\/preparacion-al-parto-por-que-como-cuando\/","title":{"rendered":"PREPARACI\u00d3N AL PARTO: por qu\u00e9, c\u00f3mo y cu\u00e1ndo"},"content":{"rendered":"\t\t<div data-elementor-type=\"wp-page\" data-elementor-id=\"8663\" class=\"elementor elementor-8663 elementor-8658\">\n\t\t\t\t\t\t<section class=\"elementor-section elementor-top-section elementor-element elementor-element-8992862 elementor-section-boxed elementor-section-height-default elementor-section-height-default\" data-id=\"8992862\" data-element_type=\"section\" data-settings=\"{&quot;background_background&quot;:&quot;classic&quot;}\">\n\t\t\t\t\t\t<div class=\"elementor-container elementor-column-gap-default\">\n\t\t\t\t\t<div class=\"elementor-column elementor-col-100 elementor-top-column elementor-element elementor-element-a11a9fd\" data-id=\"a11a9fd\" data-element_type=\"column\">\n\t\t\t<div class=\"elementor-widget-wrap elementor-element-populated\">\n\t\t\t\t\t\t<div class=\"elementor-element elementor-element-21e72a1 elementor-widget elementor-widget-spacer\" data-id=\"21e72a1\" data-element_type=\"widget\" data-widget_type=\"spacer.default\">\n\t\t\t\t<div class=\"elementor-widget-container\">\n\t\t\t\t\t\t\t<div class=\"elementor-spacer\">\n\t\t\t<div class=\"elementor-spacer-inner\"><\/div>\n\t\t<\/div>\n\t\t\t\t\t\t<\/div>\n\t\t\t\t<\/div>\n\t\t\t\t<div class=\"elementor-element elementor-element-e1fcbac elementor-widget elementor-widget-heading\" data-id=\"e1fcbac\" data-element_type=\"widget\" data-widget_type=\"heading.default\">\n\t\t\t\t<div class=\"elementor-widget-container\">\n\t\t\t\t\t<h2 class=\"elementor-heading-title elementor-size-default\">PREPARACI\u00d3N AL PARTO: por qu\u00e9, c\u00f3mo y cu\u00e1ndo<\/h2>\t\t\t\t<\/div>\n\t\t\t\t<\/div>\n\t\t\t\t<div class=\"elementor-element elementor-element-cfd5761 elementor-widget-divider--view-line elementor-widget elementor-widget-divider\" data-id=\"cfd5761\" data-element_type=\"widget\" data-widget_type=\"divider.default\">\n\t\t\t\t<div class=\"elementor-widget-container\">\n\t\t\t\t\t\t\t<div class=\"elementor-divider\">\n\t\t\t<span class=\"elementor-divider-separator\">\n\t\t\t\t\t\t<\/span>\n\t\t<\/div>\n\t\t\t\t\t\t<\/div>\n\t\t\t\t<\/div>\n\t\t\t\t<div class=\"elementor-element elementor-element-2222c21 migasdepan elementor-widget elementor-widget-wp-widget-bcn_widget\" data-id=\"2222c21\" data-element_type=\"widget\" data-widget_type=\"wp-widget-bcn_widget.default\">\n\t\t\t\t<div class=\"elementor-widget-container\">\n\t\t\t\t\t<div class=\"breadcrumbs\" vocab=\"https:\/\/schema.org\/\" typeof=\"BreadcrumbList\"><!-- Breadcrumb NavXT 7.4.1 -->\n<span property=\"itemListElement\" typeof=\"ListItem\"><a property=\"item\" typeof=\"WebPage\" title=\"Ir a DRA. GIBERT.\" href=\"https:\/\/www.doctoragibert.com\/es\/\" class=\"home\" aria-current=\"page\"><span property=\"name\">DRA. GIBERT<\/span><\/a><meta property=\"position\" content=\"1\"><\/span><\/div>\t\t\t\t<\/div>\n\t\t\t\t<\/div>\n\t\t\t\t<div class=\"elementor-element elementor-element-a672b89 elementor-widget elementor-widget-spacer\" data-id=\"a672b89\" data-element_type=\"widget\" data-widget_type=\"spacer.default\">\n\t\t\t\t<div class=\"elementor-widget-container\">\n\t\t\t\t\t\t\t<div class=\"elementor-spacer\">\n\t\t\t<div class=\"elementor-spacer-inner\"><\/div>\n\t\t<\/div>\n\t\t\t\t\t\t<\/div>\n\t\t\t\t<\/div>\n\t\t\t\t\t<\/div>\n\t\t<\/div>\n\t\t\t\t\t<\/div>\n\t\t<\/section>\n\t\t\t\t<section class=\"elementor-section elementor-top-section elementor-element elementor-element-1bc18390 elementor-section-boxed elementor-section-height-default elementor-section-height-default\" data-id=\"1bc18390\" data-element_type=\"section\">\n\t\t\t\t\t\t<div class=\"elementor-container elementor-column-gap-default\">\n\t\t\t\t\t<div class=\"elementor-column elementor-col-100 elementor-top-column elementor-element elementor-element-6af3483b\" data-id=\"6af3483b\" data-element_type=\"column\">\n\t\t\t<div class=\"elementor-widget-wrap elementor-element-populated\">\n\t\t\t\t\t\t<div class=\"elementor-element elementor-element-1041b36f elementor-widget elementor-widget-text-editor\" data-id=\"1041b36f\" data-element_type=\"widget\" data-widget_type=\"text-editor.default\">\n\t\t\t\t<div class=\"elementor-widget-container\">\n\t\t\t\t\t\t\t\t\t<p><img decoding=\"async\" class=\"alignleft size-full wp-image-8660\" src=\"https:\/\/www.doctoragibert.com\/wp-content\/uploads\/2015\/09\/0912cc9c5c37c862193a1b8ec61f21d3.jpg\" alt=\"0912cc9c5c37c862193a1b8ec61f21d3\" width=\"150\" height=\"204\"><\/p>\n<p>La&nbsp;<b>preparaci\u00f3n al parto<\/b>&nbsp;tambi\u00e9n se denomina educaci\u00f3n maternal, clases preparto, psicoprofilaxis obst\u00e9trica o sofrolog\u00eda. Todos estos t\u00e9rminos se refieren al entrenamiento para afrontar el embarazo, el parto y el postparto de la mejor manera posible, de forma que la anticipaci\u00f3n y la comprensi\u00f3n del proceso nos ayuden a disfrutar y a valorar esta etapa tan importante en nuestras vidas.<\/p>\n<p>Tal ha sido el \u00e9xito de estas actividades que, desde su introducci\u00f3n en Europa en la d\u00e9cada de los 50 (Dr. Ferdinand Lamaze en Francia y Dr. \u00c1lvaro Aguirre de C\u00e1rcer en Espa\u00f1a), se han ido estableciendo numerosos centros liderados por matronas, sin perjuicio de la participaci\u00f3n de otros profesionales (anestesistas, fisioterapeutas, ginec\u00f3logos, pediatras, psic\u00f3logos\u2026).<\/p>\n<p>En una revisi\u00f3n de estudios cient\u00edficos de alt\u00edsima calidad sobre m\u00e1s de mil mujeres se han demostrado una serie de beneficios de las t\u00e9cnicas de relajaci\u00f3n ense\u00f1adas durante las clases de preparaci\u00f3n, a saber: reducci\u00f3n de la intensidad del dolor tanto durante el preparto como en el parto, mayor satisfacci\u00f3n con el manejo del dolor y menos partos vaginales asistidos con f\u00f3rceps y ventosas obst\u00e9tricas.<\/p>\n<p>La reuni\u00f3n con otras mujeres en condiciones similares constituyen una eficaz&nbsp;<b>psicoterapia de grupo<\/b>, adem\u00e1s&nbsp;<b>se fomenta la participaci\u00f3n de las parejas<\/b>&nbsp;tanto durante el embarazo y el parto como en el cuidado del reci\u00e9n nacido. En cuanto al uso de calmantes intraparto, si bien las mujeres que acuden a las clases toleran mejor el dolor, se admite y explica la anestesia epidural. De hecho, en un estudio de 2009 con m\u00e1s de dos mil mujeres, la mitad de las cuales fueron entrenadas en la respiraci\u00f3n y la relajaci\u00f3n, no se pudo demostrar que estas t\u00e9cnicas disminuyeran el uso de la epidural.<\/p>\n<p>Las <b>sesiones<\/b> de preparaci\u00f3n al parto suelen contener informaci\u00f3n, ejercicios gimn\u00e1sticos, de relajaci\u00f3n y respiratorios:<\/p>\n<ul>\n<li><em>Informaci\u00f3n:<\/em> se suele impartir en forma de charlas y simulaciones que destacan aspectos pr\u00e1cticos del embarazo y su control, el parto, el postparto, la lactancia y los cuidados del beb\u00e9. Es habitual la visita al paritorio para que los futuros padres se familiaricen con las instalaciones y los recursos que tendr\u00e1n a su alcance.<\/li>\n<li><em>Ejercicios gimn\u00e1sticos:<\/em> los objetivos son mejorar la flexibilidad de las articulaciones y fortalecer aquellos grupos musculares implicados de modo m\u00e1s directo en el parto; trabajar los m\u00fasculos abdominales y lumbares para aliviar la sobrecarga lumbar; fomentar la recuperaci\u00f3n postparto con ejercicios para restablecer el tono muscular abdominal y del suelo p\u00e9lvico.<\/li>\n<li><em>T\u00e9cnicas de relajaci\u00f3n:<\/em> fomentan el control por parte de la parturienta. Se basan en la contracci\u00f3n y relajaci\u00f3n progresiva de diferentes grupos musculares, por tanto, la embarazada tanto es consciente de la contracci\u00f3n muscular como de la relajaci\u00f3n posterior. Una vez relajados los distintos grupos musculares se efect\u00faa una relajaci\u00f3n corporal total, lo que produce un bienestar profundo.<\/li>\n<li><em>Ejercicios respiratorios:<\/em> una respiraci\u00f3n correcta oxigena mejor la madre y el feto, hace que nos cansemos menos durante el parto y permite cambiar la asociaci\u00f3n contracci\u00f3n uterina-dolor por contracci\u00f3n uterina-respiraci\u00f3n, de forma que el dolor del parto se sobrelleve mejor. Hay varios tipos de respiraci\u00f3n que practicar\u00e9is:<\/li>\n<\/ul>\n<p>RESPIRACI\u00d3N PARA LA FASE DE DILATACI\u00d3N:<\/p>\n<ul>\n<li>Respiraci\u00f3n superficial: consiste en coger y expulsar poca cantidad de aire y de forma r\u00e1pida durante el tiempo que dura la contracci\u00f3n y de forma seguida.<\/li>\n<li>Respiraci\u00f3n profunda o de limpieza: la inspiraci\u00f3n y la espiraci\u00f3n son lentas, se realiza en los intervalos entre contracciones.<\/li>\n<\/ul>\n<p>RESPIRACI\u00d3N PARA LA FASE DE EXPULSIVO:<\/p>\n<ul>\n<li>Respiraci\u00f3n soplante: se utiliza al sentir necesidad de empujar, pero a\u00fan no hay la dilataci\u00f3n cervical necesaria para hacerlo. Puede ser lenta (inspiraci\u00f3n profunda y espiraci\u00f3n lenta) o r\u00e1pida-jadeo (inspirar y espirar por la boca r\u00e1pida y profundamente, aunque es m\u00e1s eficaz que la anterior, no se puede realizar durante mucho tiempo ya que cansa bastante).<\/li>\n<li>Respiraci\u00f3n de expulsi\u00f3n: indicadas para los pujos, que se hacen coincidir con inspiraciones muy profundas.<\/li>\n<\/ul>\n<p>Las clases <b>suelen empezar a las 28-30 semanas de gestaci\u00f3n<\/b>, suelen tener una frecuencia <b>semanal<\/b> y una duraci\u00f3n <b>de una hora<\/b>, de modo que en el momento del parto habremos realizado entre 8 y 12 sesiones.<\/p>\n<p>En el Hospital Quir\u00f3n Palmaplanas disponemos de clases de preparaci\u00f3n al parto y al postparto, impartidas por el experimentado equipo de matronas de <b>Mater6<\/b>. Pod\u00e9is informaros en&nbsp;<a href=\"http:\/\/www.mater6.com\/\" target=\"_blank\" rel=\"noopener\">su p\u00e1gina web<\/a>&nbsp;y acceder a ellas mediante llamada telef\u00f3nica (971.918.020 y 971.918.000, extensi\u00f3n 27845) o inform\u00e1ndoos directamente en sus instalaciones los lunes y mi\u00e9rcoles de 16 a 18 h (planta -1, consulta C-1). Si vuestro seguro os cubre estas actividades, no os olvid\u00e9is de pedirnos un volante mensual para poder acceder a ellas sin coste adicional.<\/p>\n<p><\/p>\n<div class=\"clear\"><br><\/div>\n<p><b>Fuentes de la informaci\u00f3n:&nbsp;<\/b><i><\/i><\/p>\n<ul>\n<li>Bergstr\u00f6m M, Kieler H, Waldenstr\u00f6m U. Effects of natural childbirth preparation versus standard antenatal education on epidural rates, experience of childbirth and parental stress in mothers and fathers: a randomised controlled multicentre trial. BJOG. 2009;116:1167-76.&nbsp; [acceso 12-10-14]. Disponible en: <a href=\"http:\/\/www.ncbi.nlm.nih.gov\/pmc\/articles\/PMC2759981\/\" target=\"_blank\" rel=\"noopener\">http:\/\/www.ncbi.nlm.nih.gov\/pmc\/articles\/PMC2759981\/<\/a><\/li>\n<li>Smith CA, Levett KM, Collins CT, Crowther CA. Relaxation techniques for pain management in labour. Cochrane Database Syst Rev. 2011 Dec 7;(12):CD009514.<\/li>\n<\/ul>\n<div class=\"clear\">&nbsp;<\/div>\t\t\t\t\t\t\t\t<\/div>\n\t\t\t\t<\/div>\n\t\t\t\t\t<\/div>\n\t\t<\/div>\n\t\t\t\t\t<\/div>\n\t\t<\/section>\n\t\t\t\t<section class=\"elementor-section elementor-top-section elementor-element elementor-element-fa28db0 elementor-section-boxed elementor-section-height-default elementor-section-height-default\" data-id=\"fa28db0\" data-element_type=\"section\">\n\t\t\t\t\t\t<div class=\"elementor-container elementor-column-gap-default\">\n\t\t\t\t\t<div class=\"elementor-column elementor-col-100 elementor-top-column elementor-element elementor-element-dbfdcc6\" data-id=\"dbfdcc6\" data-element_type=\"column\">\n\t\t\t<div class=\"elementor-widget-wrap elementor-element-populated\">\n\t\t\t\t\t\t<div class=\"elementor-element elementor-element-d88989f elementor-widget elementor-widget-shortcode\" data-id=\"d88989f\" data-element_type=\"widget\" data-widget_type=\"shortcode.default\">\n\t\t\t\t<div class=\"elementor-widget-container\">\n\t\t\t\t\t\t\t<div class=\"elementor-shortcode\">[ssba-buttons]<\/div>\n\t\t\t\t\t\t<\/div>\n\t\t\t\t<\/div>\n\t\t\t\t\t<\/div>\n\t\t<\/div>\n\t\t\t\t\t<\/div>\n\t\t<\/section>\n\t\t\t\t<\/div>\n\t\t","protected":false},"excerpt":{"rendered":"<p>PREPARACI\u00d3N AL PARTO: por qu\u00e9, c\u00f3mo y cu\u00e1ndo La&nbsp;preparaci\u00f3n al parto&nbsp;tambi\u00e9n se denomina educaci\u00f3n maternal, clases preparto, psicoprofilaxis obst\u00e9trica o sofrolog\u00eda. Todos estos t\u00e9rminos se refieren al entrenamiento para afrontar el embarazo, el parto y el postparto de la mejor manera posible, de forma que la anticipaci\u00f3n y la comprensi\u00f3n del proceso nos ayuden a [&hellip;]<\/p>\n","protected":false},"author":12,"featured_media":0,"parent":15253,"menu_order":0,"comment_status":"open","ping_status":"open","template":"elementor_header_footer","meta":{"footnotes":""},"class_list":["post-8663","page","type-page","status-publish","hentry"],"yoast_head":"<!-- This site is optimized with the Yoast SEO plugin v25.0 - https:\/\/yoast.com\/wordpress\/plugins\/seo\/ -->\n<title>PREPARACI\u00d3N AL PARTO: por qu\u00e9, c\u00f3mo y cu\u00e1ndo - DRA. GIBERT<\/title>\n<meta name=\"robots\" content=\"index, follow, max-snippet:-1, max-image-preview:large, max-video-preview:-1\" \/>\n<link rel=\"canonical\" href=\"https:\/\/www.doctoragibert.com\/es\/pacientes\/embarazo-y-parto\/preparacion-al-parto-por-que-como-cuando\/\" \/>\n<meta property=\"og:locale\" content=\"es_ES\" \/>\n<meta property=\"og:type\" content=\"article\" \/>\n<meta property=\"og:title\" content=\"PREPARACI\u00d3N AL PARTO: por qu\u00e9, c\u00f3mo y cu\u00e1ndo - DRA. GIBERT\" \/>\n<meta property=\"og:description\" content=\"PREPARACI\u00d3N AL PARTO: por qu\u00e9, c\u00f3mo y cu\u00e1ndo La&nbsp;preparaci\u00f3n al parto&nbsp;tambi\u00e9n se denomina educaci\u00f3n maternal, clases preparto, psicoprofilaxis obst\u00e9trica o sofrolog\u00eda. Todos estos t\u00e9rminos se refieren al entrenamiento para afrontar el embarazo, el parto y el postparto de la mejor manera posible, de forma que la anticipaci\u00f3n y la comprensi\u00f3n del proceso nos ayuden a [&hellip;]\" \/>\n<meta property=\"og:url\" content=\"https:\/\/www.doctoragibert.com\/es\/pacientes\/embarazo-y-parto\/preparacion-al-parto-por-que-como-cuando\/\" \/>\n<meta property=\"og:site_name\" content=\"DRA. GIBERT\" \/>\n<meta property=\"article:publisher\" content=\"https:\/\/www.facebook.com\/doctoragibert\" \/>\n<meta property=\"article:modified_time\" content=\"2021-08-30T07:19:40+00:00\" \/>\n<meta property=\"og:image\" content=\"https:\/\/www.doctoragibert.com\/wp-content\/uploads\/2015\/09\/0912cc9c5c37c862193a1b8ec61f21d3.jpg\" \/>\n<meta name=\"twitter:label1\" content=\"Tiempo de lectura\" \/>\n\t<meta name=\"twitter:data1\" content=\"5 minutos\" \/>\n<script type=\"application\/ld+json\" class=\"yoast-schema-graph\">{\"@context\":\"https:\/\/schema.org\",\"@graph\":[{\"@type\":\"WebPage\",\"@id\":\"https:\/\/www.doctoragibert.com\/es\/pacientes\/embarazo-y-parto\/preparacion-al-parto-por-que-como-cuando\/\",\"url\":\"https:\/\/www.doctoragibert.com\/es\/pacientes\/embarazo-y-parto\/preparacion-al-parto-por-que-como-cuando\/\",\"name\":\"PREPARACI\u00d3N AL PARTO: por qu\u00e9, c\u00f3mo y cu\u00e1ndo - DRA. GIBERT\",\"isPartOf\":{\"@id\":\"https:\/\/www.doctoragibert.com\/es\/#website\"},\"primaryImageOfPage\":{\"@id\":\"https:\/\/www.doctoragibert.com\/es\/pacientes\/embarazo-y-parto\/preparacion-al-parto-por-que-como-cuando\/#primaryimage\"},\"image\":{\"@id\":\"https:\/\/www.doctoragibert.com\/es\/pacientes\/embarazo-y-parto\/preparacion-al-parto-por-que-como-cuando\/#primaryimage\"},\"thumbnailUrl\":\"https:\/\/www.doctoragibert.com\/wp-content\/uploads\/2015\/09\/0912cc9c5c37c862193a1b8ec61f21d3.jpg\",\"datePublished\":\"2015-09-28T15:12:10+00:00\",\"dateModified\":\"2021-08-30T07:19:40+00:00\",\"breadcrumb\":{\"@id\":\"https:\/\/www.doctoragibert.com\/es\/pacientes\/embarazo-y-parto\/preparacion-al-parto-por-que-como-cuando\/#breadcrumb\"},\"inLanguage\":\"es\",\"potentialAction\":[{\"@type\":\"ReadAction\",\"target\":[\"https:\/\/www.doctoragibert.com\/es\/pacientes\/embarazo-y-parto\/preparacion-al-parto-por-que-como-cuando\/\"]}]},{\"@type\":\"ImageObject\",\"inLanguage\":\"es\",\"@id\":\"https:\/\/www.doctoragibert.com\/es\/pacientes\/embarazo-y-parto\/preparacion-al-parto-por-que-como-cuando\/#primaryimage\",\"url\":\"https:\/\/www.doctoragibert.com\/wp-content\/uploads\/2015\/09\/0912cc9c5c37c862193a1b8ec61f21d3.jpg\",\"contentUrl\":\"https:\/\/www.doctoragibert.com\/wp-content\/uploads\/2015\/09\/0912cc9c5c37c862193a1b8ec61f21d3.jpg\"},{\"@type\":\"BreadcrumbList\",\"@id\":\"https:\/\/www.doctoragibert.com\/es\/pacientes\/embarazo-y-parto\/preparacion-al-parto-por-que-como-cuando\/#breadcrumb\",\"itemListElement\":[{\"@type\":\"ListItem\",\"position\":1,\"name\":\"PACIENTES\",\"item\":\"https:\/\/www.doctoragibert.com\/es\/pacientes\/\"},{\"@type\":\"ListItem\",\"position\":2,\"name\":\"EMBARAZO Y PARTO\",\"item\":\"https:\/\/www.doctoragibert.com\/es\/pacientes\/embarazo-y-parto\/\"},{\"@type\":\"ListItem\",\"position\":3,\"name\":\"PREPARACI\u00d3N AL PARTO: por qu\u00e9, c\u00f3mo y cu\u00e1ndo\"}]},{\"@type\":\"WebSite\",\"@id\":\"https:\/\/www.doctoragibert.com\/es\/#website\",\"url\":\"https:\/\/www.doctoragibert.com\/es\/\",\"name\":\"DRA. GIBERT\",\"description\":\"Ginecologia i obstetricia\",\"potentialAction\":[{\"@type\":\"SearchAction\",\"target\":{\"@type\":\"EntryPoint\",\"urlTemplate\":\"https:\/\/www.doctoragibert.com\/es\/?s={search_term_string}\"},\"query-input\":{\"@type\":\"PropertyValueSpecification\",\"valueRequired\":true,\"valueName\":\"search_term_string\"}}],\"inLanguage\":\"es\"}]}<\/script>\n<!-- \/ Yoast SEO plugin. -->","yoast_head_json":{"title":"PREPARACI\u00d3N AL PARTO: por qu\u00e9, c\u00f3mo y cu\u00e1ndo - DRA. GIBERT","robots":{"index":"index","follow":"follow","max-snippet":"max-snippet:-1","max-image-preview":"max-image-preview:large","max-video-preview":"max-video-preview:-1"},"canonical":"https:\/\/www.doctoragibert.com\/es\/pacientes\/embarazo-y-parto\/preparacion-al-parto-por-que-como-cuando\/","og_locale":"es_ES","og_type":"article","og_title":"PREPARACI\u00d3N AL PARTO: por qu\u00e9, c\u00f3mo y cu\u00e1ndo - DRA. GIBERT","og_description":"PREPARACI\u00d3N AL PARTO: por qu\u00e9, c\u00f3mo y cu\u00e1ndo La&nbsp;preparaci\u00f3n al parto&nbsp;tambi\u00e9n se denomina educaci\u00f3n maternal, clases preparto, psicoprofilaxis obst\u00e9trica o sofrolog\u00eda. Todos estos t\u00e9rminos se refieren al entrenamiento para afrontar el embarazo, el parto y el postparto de la mejor manera posible, de forma que la anticipaci\u00f3n y la comprensi\u00f3n del proceso nos ayuden a [&hellip;]","og_url":"https:\/\/www.doctoragibert.com\/es\/pacientes\/embarazo-y-parto\/preparacion-al-parto-por-que-como-cuando\/","og_site_name":"DRA. GIBERT","article_publisher":"https:\/\/www.facebook.com\/doctoragibert","article_modified_time":"2021-08-30T07:19:40+00:00","og_image":[{"url":"https:\/\/www.doctoragibert.com\/wp-content\/uploads\/2015\/09\/0912cc9c5c37c862193a1b8ec61f21d3.jpg","type":"","width":"","height":""}],"twitter_misc":{"Tiempo de lectura":"5 minutos"},"schema":{"@context":"https:\/\/schema.org","@graph":[{"@type":"WebPage","@id":"https:\/\/www.doctoragibert.com\/es\/pacientes\/embarazo-y-parto\/preparacion-al-parto-por-que-como-cuando\/","url":"https:\/\/www.doctoragibert.com\/es\/pacientes\/embarazo-y-parto\/preparacion-al-parto-por-que-como-cuando\/","name":"PREPARACI\u00d3N AL PARTO: por qu\u00e9, c\u00f3mo y cu\u00e1ndo - DRA. GIBERT","isPartOf":{"@id":"https:\/\/www.doctoragibert.com\/es\/#website"},"primaryImageOfPage":{"@id":"https:\/\/www.doctoragibert.com\/es\/pacientes\/embarazo-y-parto\/preparacion-al-parto-por-que-como-cuando\/#primaryimage"},"image":{"@id":"https:\/\/www.doctoragibert.com\/es\/pacientes\/embarazo-y-parto\/preparacion-al-parto-por-que-como-cuando\/#primaryimage"},"thumbnailUrl":"https:\/\/www.doctoragibert.com\/wp-content\/uploads\/2015\/09\/0912cc9c5c37c862193a1b8ec61f21d3.jpg","datePublished":"2015-09-28T15:12:10+00:00","dateModified":"2021-08-30T07:19:40+00:00","breadcrumb":{"@id":"https:\/\/www.doctoragibert.com\/es\/pacientes\/embarazo-y-parto\/preparacion-al-parto-por-que-como-cuando\/#breadcrumb"},"inLanguage":"es","potentialAction":[{"@type":"ReadAction","target":["https:\/\/www.doctoragibert.com\/es\/pacientes\/embarazo-y-parto\/preparacion-al-parto-por-que-como-cuando\/"]}]},{"@type":"ImageObject","inLanguage":"es","@id":"https:\/\/www.doctoragibert.com\/es\/pacientes\/embarazo-y-parto\/preparacion-al-parto-por-que-como-cuando\/#primaryimage","url":"https:\/\/www.doctoragibert.com\/wp-content\/uploads\/2015\/09\/0912cc9c5c37c862193a1b8ec61f21d3.jpg","contentUrl":"https:\/\/www.doctoragibert.com\/wp-content\/uploads\/2015\/09\/0912cc9c5c37c862193a1b8ec61f21d3.jpg"},{"@type":"BreadcrumbList","@id":"https:\/\/www.doctoragibert.com\/es\/pacientes\/embarazo-y-parto\/preparacion-al-parto-por-que-como-cuando\/#breadcrumb","itemListElement":[{"@type":"ListItem","position":1,"name":"PACIENTES","item":"https:\/\/www.doctoragibert.com\/es\/pacientes\/"},{"@type":"ListItem","position":2,"name":"EMBARAZO Y PARTO","item":"https:\/\/www.doctoragibert.com\/es\/pacientes\/embarazo-y-parto\/"},{"@type":"ListItem","position":3,"name":"PREPARACI\u00d3N AL PARTO: por qu\u00e9, c\u00f3mo y cu\u00e1ndo"}]},{"@type":"WebSite","@id":"https:\/\/www.doctoragibert.com\/es\/#website","url":"https:\/\/www.doctoragibert.com\/es\/","name":"DRA. GIBERT","description":"Ginecologia i obstetricia","potentialAction":[{"@type":"SearchAction","target":{"@type":"EntryPoint","urlTemplate":"https:\/\/www.doctoragibert.com\/es\/?s={search_term_string}"},"query-input":{"@type":"PropertyValueSpecification","valueRequired":true,"valueName":"search_term_string"}}],"inLanguage":"es"}]}},"_links":{"self":[{"href":"https:\/\/www.doctoragibert.com\/es\/wp-json\/wp\/v2\/pages\/8663","targetHints":{"allow":["GET"]}}],"collection":[{"href":"https:\/\/www.doctoragibert.com\/es\/wp-json\/wp\/v2\/pages"}],"about":[{"href":"https:\/\/www.doctoragibert.com\/es\/wp-json\/wp\/v2\/types\/page"}],"author":[{"embeddable":true,"href":"https:\/\/www.doctoragibert.com\/es\/wp-json\/wp\/v2\/users\/12"}],"replies":[{"embeddable":true,"href":"https:\/\/www.doctoragibert.com\/es\/wp-json\/wp\/v2\/comments?post=8663"}],"version-history":[{"count":5,"href":"https:\/\/www.doctoragibert.com\/es\/wp-json\/wp\/v2\/pages\/8663\/revisions"}],"predecessor-version":[{"id":17261,"href":"https:\/\/www.doctoragibert.com\/es\/wp-json\/wp\/v2\/pages\/8663\/revisions\/17261"}],"up":[{"embeddable":true,"href":"https:\/\/www.doctoragibert.com\/es\/wp-json\/wp\/v2\/pages\/15253"}],"wp:attachment":[{"href":"https:\/\/www.doctoragibert.com\/es\/wp-json\/wp\/v2\/media?parent=8663"}],"curies":[{"name":"wp","href":"https:\/\/api.w.org\/{rel}","templated":true}]}}