{"id":8669,"date":"2015-09-28T15:15:58","date_gmt":"2015-09-28T15:15:58","guid":{"rendered":"http:\/\/gibert.uxiodigital.com\/embaras-i-part\/sindrome-de-down-deteccio-prenatal\/"},"modified":"2023-05-28T22:02:56","modified_gmt":"2023-05-28T22:02:56","slug":"sindrome-de-down-deteccion-prenatal","status":"publish","type":"page","link":"https:\/\/www.doctoragibert.com\/es\/pacientes\/embarazo-y-parto\/sindrome-de-down-deteccion-prenatal\/","title":{"rendered":"S\u00cdNDROME DE DOWN: detecci\u00f3n prenatal"},"content":{"rendered":"\t\t<div data-elementor-type=\"wp-page\" data-elementor-id=\"8669\" class=\"elementor elementor-8669 elementor-8667\">\n\t\t\t\t\t\t<section class=\"elementor-section elementor-top-section elementor-element elementor-element-db5bd51 elementor-section-boxed elementor-section-height-default elementor-section-height-default\" data-id=\"db5bd51\" data-element_type=\"section\" data-settings=\"{&quot;background_background&quot;:&quot;classic&quot;}\">\n\t\t\t\t\t\t<div class=\"elementor-container elementor-column-gap-default\">\n\t\t\t\t\t<div class=\"elementor-column elementor-col-100 elementor-top-column elementor-element elementor-element-ef89e70\" data-id=\"ef89e70\" data-element_type=\"column\">\n\t\t\t<div class=\"elementor-widget-wrap elementor-element-populated\">\n\t\t\t\t\t\t<div class=\"elementor-element elementor-element-34f0600 elementor-widget elementor-widget-spacer\" data-id=\"34f0600\" data-element_type=\"widget\" data-widget_type=\"spacer.default\">\n\t\t\t\t<div class=\"elementor-widget-container\">\n\t\t\t\t\t\t\t<div class=\"elementor-spacer\">\n\t\t\t<div class=\"elementor-spacer-inner\"><\/div>\n\t\t<\/div>\n\t\t\t\t\t\t<\/div>\n\t\t\t\t<\/div>\n\t\t\t\t<div class=\"elementor-element elementor-element-35bdb9d elementor-widget elementor-widget-heading\" data-id=\"35bdb9d\" data-element_type=\"widget\" data-widget_type=\"heading.default\">\n\t\t\t\t<div class=\"elementor-widget-container\">\n\t\t\t\t\t<h2 class=\"elementor-heading-title elementor-size-default\">S\u00cdNDROME DE DOWN: detecci\u00f3n prenatal<\/h2>\t\t\t\t<\/div>\n\t\t\t\t<\/div>\n\t\t\t\t<div class=\"elementor-element elementor-element-7d36e8f elementor-widget-divider--view-line elementor-widget elementor-widget-divider\" data-id=\"7d36e8f\" data-element_type=\"widget\" data-widget_type=\"divider.default\">\n\t\t\t\t<div class=\"elementor-widget-container\">\n\t\t\t\t\t\t\t<div class=\"elementor-divider\">\n\t\t\t<span class=\"elementor-divider-separator\">\n\t\t\t\t\t\t<\/span>\n\t\t<\/div>\n\t\t\t\t\t\t<\/div>\n\t\t\t\t<\/div>\n\t\t\t\t<div class=\"elementor-element elementor-element-fe1c556 migasdepan elementor-widget elementor-widget-wp-widget-bcn_widget\" data-id=\"fe1c556\" data-element_type=\"widget\" data-widget_type=\"wp-widget-bcn_widget.default\">\n\t\t\t\t<div class=\"elementor-widget-container\">\n\t\t\t\t\t<div class=\"breadcrumbs\" vocab=\"https:\/\/schema.org\/\" typeof=\"BreadcrumbList\"><!-- Breadcrumb NavXT 7.4.1 -->\n<span property=\"itemListElement\" typeof=\"ListItem\"><a property=\"item\" typeof=\"WebPage\" title=\"Ir a DRA. GIBERT.\" href=\"https:\/\/www.doctoragibert.com\/es\/\" class=\"home\" aria-current=\"page\"><span property=\"name\">DRA. GIBERT<\/span><\/a><meta property=\"position\" content=\"1\"><\/span><\/div>\t\t\t\t<\/div>\n\t\t\t\t<\/div>\n\t\t\t\t<div class=\"elementor-element elementor-element-e042a8c elementor-widget elementor-widget-spacer\" data-id=\"e042a8c\" data-element_type=\"widget\" data-widget_type=\"spacer.default\">\n\t\t\t\t<div class=\"elementor-widget-container\">\n\t\t\t\t\t\t\t<div class=\"elementor-spacer\">\n\t\t\t<div class=\"elementor-spacer-inner\"><\/div>\n\t\t<\/div>\n\t\t\t\t\t\t<\/div>\n\t\t\t\t<\/div>\n\t\t\t\t\t<\/div>\n\t\t<\/div>\n\t\t\t\t\t<\/div>\n\t\t<\/section>\n\t\t\t\t<section class=\"elementor-section elementor-top-section elementor-element elementor-element-5c399612 elementor-section-boxed elementor-section-height-default elementor-section-height-default\" data-id=\"5c399612\" data-element_type=\"section\">\n\t\t\t\t\t\t<div class=\"elementor-container elementor-column-gap-default\">\n\t\t\t\t\t<div class=\"elementor-column elementor-col-100 elementor-top-column elementor-element elementor-element-252d5357\" data-id=\"252d5357\" data-element_type=\"column\">\n\t\t\t<div class=\"elementor-widget-wrap elementor-element-populated\">\n\t\t\t\t\t\t<div class=\"elementor-element elementor-element-2865d25d elementor-widget elementor-widget-text-editor\" data-id=\"2865d25d\" data-element_type=\"widget\" data-widget_type=\"text-editor.default\">\n\t\t\t\t<div class=\"elementor-widget-container\">\n\t\t\t\t\t\t\t\t\t<p>En nuestro entorno se ofrece la detecci\u00f3n prenatal del s\u00edndrome de Down (tambi\u00e9n llamada cribado o screening) a todas aquellas madres que deseen conocer el riesgo de que su hijo padezca esta enfermedad. Aunque ello consiste s\u00f3lo en una ecograf\u00eda y un an\u00e1lisis de sangre, debe quedar claro que es opcional.<\/p><p><b>Esta prueba est\u00e1 dise\u00f1ada para detectar s\u00f3lo el s\u00edndrome de Down (trisom\u00eda 21)<\/b>, aunque tambi\u00e9n nos ayuda a diagnosticar otros problemas graves de cromosomas como las trisom\u00edas 18 y 13 (s\u00edndromes de Edwards y Patau, respectivamente), sin embargo, <b>no sirve para detectar otras causas de retraso mental<\/b> (anomal\u00edas cromos\u00f3micas, gen\u00e9ticas o el autismo).<\/p><p>Para el c\u00e1lculo de riesgo de s\u00edndrome de Down se utilizan: la edad de la madre en la fecha probable del parto, los resultados del an\u00e1lisis de sangre y los de la ecograf\u00eda del primer trimestre (siempre que se pueda realizar entre las 11 y 14 semanas).<\/p><p>En general, <b>un riesgo de s\u00edndrome de Down de uno entre 270 o superior<\/b> se considera <b>alto<\/b> (1\/270, 1\/269,\u2026., 1\/50,\u2026.., 1\/10, etc.), <b>mientras que uno entre 271 o inferior<\/b> (1\/272,\u2026., 1\/300,\u2026., 1\/3.000,\u2026, 1\/100.000, etc.) se considera <b>bajo<\/b>. Hay que tener en cuenta que hablamos de <b>quebrados<\/b>, entonces, si la prueba cuantifica nuestro riesgo en 1\/1.000 significa que tenemos la misma probabilidad de ser portadoras de un feto con s\u00edndrome de Down que de sacar una bola negra de un saco en el que haya 1.000 bolas, 999 de ellas blancas y una negra.<\/p><p><b>Si el riesgo es alto, lo m\u00e1s aconsejable es realizar una amniocentesis o una biopsia corial<\/b>, pues la ecograf\u00eda de las 20 semanas puede ser normal en la mitad de los fetos con s\u00edndrome de Down. Otra opci\u00f3n novedosa que nos ofrece una exactitud diagn\u00f3stica casi tan alta como la amniocentesis o la biopsia corial es <b><a href=\"https:\/\/www.doctoragibert.com\/es\/test-de-ultima-generacion-para-el-diagnostico-prenatal-no-invasivo\" target=\"_blank\" rel=\"noopener\">el estudio de ADN fetal en sangre materna<\/a><\/b>, pero por el momento ni las aseguradoras privadas, ni la Seguridad Social la cubren, por lo que cada mujer que lo desee lo deber\u00e1 abonar por su cuenta. La gran ventaja de esta prueba es que tampoco supone riesgo alguno para el feto, pues s\u00f3lo es un an\u00e1lisis de sangre, a diferencia de la amniocentesis (uno de entre cada 200-300 fetos puede morir intra\u00fatero como consecuencia de la t\u00e9cnica) o de la biopsia corial (1-2% de abortos). S\u00f3lo en los embarazos obtenidos por donaci\u00f3n de \u00f3vulos los estudios de ADN fetal en sangre materna no deben realizarse.<\/p><p>Como las pruebas habituales para la detecci\u00f3n de s\u00edndrome de Down se usan desde hace m\u00e1s de dos d\u00e9cadas, se han perfeccionado mucho. Entonces, <b>la edad materna ha dejado de ser una indicaci\u00f3n de amniocentesis directa<\/b>. Aun con todo, la edad sigue pesando mucho, y si bien es frecuente que las madres m\u00e1s mayores tengan resultados peores, las que obtienen resultados de bajo riesgo pueden estar tanto o m\u00e1s tranquilas que las madres m\u00e1s j\u00f3venes.<\/p><div class=\"clear\">\u00a0<\/div><p><b>Fuentes de la informaci\u00f3n:<\/b> <i><\/i><\/p><ul><li>Estrada MD, coordinadora. Guill\u00e9n M, Estrada MD, Iruretagoiena ML, Taboada J, L\u00f3pez de Argumedo M, Lapuente JL, Guti\u00e9rrez MA, Feijas A, Cunt\u00edn LG, Gestoso JF, Garc\u00eda AL, Cerd\u00e1 T. Descripci\u00f3n del estado de situaci\u00f3n del cribado prenatal de las cromosomopat\u00edas fetales m\u00e1s frecuentes -principalmente S\u00edndrome de Down- en el Estado espa\u00f1ol y propuestas de mejora en la pr\u00e1ctica cl\u00ednica habitual. Madrid: Plan de Calidad para el Sistema Nacional de Salud. Ministerio de Sanidad y Consumo. Ag\u00e8ncia d\u2019Avaluaci\u00f3 de Tecnologia i Recerca M\u00e8diques de Catalunya; 2007. Informes de Evaluaci\u00f3n de Tecnolog\u00edas Sanitarias, AATRM n\u00fam. 2006\/03.<\/li><li>ACOG Committee on Practice Bulletins. ACOG Practice Bulletin No. 77: screening for fetal chromosomal abnormalities. Obstet Gynecol. 2007;109:217-27.<\/li><li>Langlois S, Brock JA; Genetics Committee, Wilson RD, Audibert F, Brock JA, Carroll J, Cartier L, Gagnon A, Johnson JA, Langlois S, Macdonald W, Murphy-Kaulbeck L, Okun N, Pastuck M, Senikas V. Current status in non-invasive prenatal detection of down syndrome, trisomy 18, and trisomy 13 using cell-free DNA in maternal plasma. J Obstet Gynaecol Can. 2013;35:177-81.<\/li><\/ul>\t\t\t\t\t\t\t\t<\/div>\n\t\t\t\t<\/div>\n\t\t\t\t\t<\/div>\n\t\t<\/div>\n\t\t\t\t\t<\/div>\n\t\t<\/section>\n\t\t\t\t<section class=\"elementor-section elementor-top-section elementor-element elementor-element-40a3c10 elementor-section-boxed elementor-section-height-default elementor-section-height-default\" data-id=\"40a3c10\" data-element_type=\"section\">\n\t\t\t\t\t\t<div class=\"elementor-container elementor-column-gap-default\">\n\t\t\t\t\t<div class=\"elementor-column elementor-col-100 elementor-top-column elementor-element elementor-element-b88b7ed\" data-id=\"b88b7ed\" data-element_type=\"column\">\n\t\t\t<div class=\"elementor-widget-wrap elementor-element-populated\">\n\t\t\t\t\t\t<div class=\"elementor-element elementor-element-e071e03 elementor-widget elementor-widget-shortcode\" data-id=\"e071e03\" data-element_type=\"widget\" data-widget_type=\"shortcode.default\">\n\t\t\t\t<div class=\"elementor-widget-container\">\n\t\t\t\t\t\t\t<div class=\"elementor-shortcode\">[ssba-buttons]<\/div>\n\t\t\t\t\t\t<\/div>\n\t\t\t\t<\/div>\n\t\t\t\t\t<\/div>\n\t\t<\/div>\n\t\t\t\t\t<\/div>\n\t\t<\/section>\n\t\t\t\t<\/div>\n\t\t","protected":false},"excerpt":{"rendered":"<p>S\u00cdNDROME DE DOWN: detecci\u00f3n prenatal En nuestro entorno se ofrece la detecci\u00f3n prenatal del s\u00edndrome de Down (tambi\u00e9n llamada cribado o screening) a todas aquellas madres que deseen conocer el riesgo de que su hijo padezca esta enfermedad. Aunque ello consiste s\u00f3lo en una ecograf\u00eda y un an\u00e1lisis de sangre, debe quedar claro que es [&hellip;]<\/p>\n","protected":false},"author":12,"featured_media":0,"parent":15253,"menu_order":0,"comment_status":"open","ping_status":"open","template":"elementor_header_footer","meta":{"footnotes":""},"class_list":["post-8669","page","type-page","status-publish","hentry"],"yoast_head":"<!-- This site is optimized with the Yoast SEO plugin v25.0 - https:\/\/yoast.com\/wordpress\/plugins\/seo\/ -->\n<title>S\u00cdNDROME DE DOWN: detecci\u00f3n prenatal - DRA. GIBERT<\/title>\n<meta name=\"robots\" content=\"index, follow, max-snippet:-1, max-image-preview:large, max-video-preview:-1\" \/>\n<link rel=\"canonical\" href=\"https:\/\/www.doctoragibert.com\/es\/pacientes\/embarazo-y-parto\/sindrome-de-down-deteccion-prenatal\/\" \/>\n<meta property=\"og:locale\" content=\"es_ES\" \/>\n<meta property=\"og:type\" content=\"article\" \/>\n<meta property=\"og:title\" content=\"S\u00cdNDROME DE DOWN: detecci\u00f3n prenatal - DRA. GIBERT\" \/>\n<meta property=\"og:description\" content=\"S\u00cdNDROME DE DOWN: detecci\u00f3n prenatal En nuestro entorno se ofrece la detecci\u00f3n prenatal del s\u00edndrome de Down (tambi\u00e9n llamada cribado o screening) a todas aquellas madres que deseen conocer el riesgo de que su hijo padezca esta enfermedad. Aunque ello consiste s\u00f3lo en una ecograf\u00eda y un an\u00e1lisis de sangre, debe quedar claro que es [&hellip;]\" \/>\n<meta property=\"og:url\" content=\"https:\/\/www.doctoragibert.com\/es\/pacientes\/embarazo-y-parto\/sindrome-de-down-deteccion-prenatal\/\" \/>\n<meta property=\"og:site_name\" content=\"DRA. GIBERT\" \/>\n<meta property=\"article:publisher\" content=\"https:\/\/www.facebook.com\/doctoragibert\" \/>\n<meta property=\"article:modified_time\" content=\"2023-05-28T22:02:56+00:00\" \/>\n<meta name=\"twitter:label1\" content=\"Tiempo de lectura\" \/>\n\t<meta name=\"twitter:data1\" content=\"4 minutos\" \/>\n<script type=\"application\/ld+json\" class=\"yoast-schema-graph\">{\"@context\":\"https:\/\/schema.org\",\"@graph\":[{\"@type\":\"WebPage\",\"@id\":\"https:\/\/www.doctoragibert.com\/es\/pacientes\/embarazo-y-parto\/sindrome-de-down-deteccion-prenatal\/\",\"url\":\"https:\/\/www.doctoragibert.com\/es\/pacientes\/embarazo-y-parto\/sindrome-de-down-deteccion-prenatal\/\",\"name\":\"S\u00cdNDROME DE DOWN: detecci\u00f3n prenatal - DRA. GIBERT\",\"isPartOf\":{\"@id\":\"https:\/\/www.doctoragibert.com\/es\/#website\"},\"datePublished\":\"2015-09-28T15:15:58+00:00\",\"dateModified\":\"2023-05-28T22:02:56+00:00\",\"breadcrumb\":{\"@id\":\"https:\/\/www.doctoragibert.com\/es\/pacientes\/embarazo-y-parto\/sindrome-de-down-deteccion-prenatal\/#breadcrumb\"},\"inLanguage\":\"es\",\"potentialAction\":[{\"@type\":\"ReadAction\",\"target\":[\"https:\/\/www.doctoragibert.com\/es\/pacientes\/embarazo-y-parto\/sindrome-de-down-deteccion-prenatal\/\"]}]},{\"@type\":\"BreadcrumbList\",\"@id\":\"https:\/\/www.doctoragibert.com\/es\/pacientes\/embarazo-y-parto\/sindrome-de-down-deteccion-prenatal\/#breadcrumb\",\"itemListElement\":[{\"@type\":\"ListItem\",\"position\":1,\"name\":\"PACIENTES\",\"item\":\"https:\/\/www.doctoragibert.com\/es\/pacientes\/\"},{\"@type\":\"ListItem\",\"position\":2,\"name\":\"EMBARAZO Y PARTO\",\"item\":\"https:\/\/www.doctoragibert.com\/es\/pacientes\/embarazo-y-parto\/\"},{\"@type\":\"ListItem\",\"position\":3,\"name\":\"S\u00cdNDROME DE DOWN: detecci\u00f3n prenatal\"}]},{\"@type\":\"WebSite\",\"@id\":\"https:\/\/www.doctoragibert.com\/es\/#website\",\"url\":\"https:\/\/www.doctoragibert.com\/es\/\",\"name\":\"DRA. GIBERT\",\"description\":\"Ginecologia i obstetricia\",\"potentialAction\":[{\"@type\":\"SearchAction\",\"target\":{\"@type\":\"EntryPoint\",\"urlTemplate\":\"https:\/\/www.doctoragibert.com\/es\/?s={search_term_string}\"},\"query-input\":{\"@type\":\"PropertyValueSpecification\",\"valueRequired\":true,\"valueName\":\"search_term_string\"}}],\"inLanguage\":\"es\"}]}<\/script>\n<!-- \/ Yoast SEO plugin. -->","yoast_head_json":{"title":"S\u00cdNDROME DE DOWN: detecci\u00f3n prenatal - DRA. GIBERT","robots":{"index":"index","follow":"follow","max-snippet":"max-snippet:-1","max-image-preview":"max-image-preview:large","max-video-preview":"max-video-preview:-1"},"canonical":"https:\/\/www.doctoragibert.com\/es\/pacientes\/embarazo-y-parto\/sindrome-de-down-deteccion-prenatal\/","og_locale":"es_ES","og_type":"article","og_title":"S\u00cdNDROME DE DOWN: detecci\u00f3n prenatal - DRA. GIBERT","og_description":"S\u00cdNDROME DE DOWN: detecci\u00f3n prenatal En nuestro entorno se ofrece la detecci\u00f3n prenatal del s\u00edndrome de Down (tambi\u00e9n llamada cribado o screening) a todas aquellas madres que deseen conocer el riesgo de que su hijo padezca esta enfermedad. Aunque ello consiste s\u00f3lo en una ecograf\u00eda y un an\u00e1lisis de sangre, debe quedar claro que es [&hellip;]","og_url":"https:\/\/www.doctoragibert.com\/es\/pacientes\/embarazo-y-parto\/sindrome-de-down-deteccion-prenatal\/","og_site_name":"DRA. GIBERT","article_publisher":"https:\/\/www.facebook.com\/doctoragibert","article_modified_time":"2023-05-28T22:02:56+00:00","twitter_misc":{"Tiempo de lectura":"4 minutos"},"schema":{"@context":"https:\/\/schema.org","@graph":[{"@type":"WebPage","@id":"https:\/\/www.doctoragibert.com\/es\/pacientes\/embarazo-y-parto\/sindrome-de-down-deteccion-prenatal\/","url":"https:\/\/www.doctoragibert.com\/es\/pacientes\/embarazo-y-parto\/sindrome-de-down-deteccion-prenatal\/","name":"S\u00cdNDROME DE DOWN: detecci\u00f3n prenatal - DRA. GIBERT","isPartOf":{"@id":"https:\/\/www.doctoragibert.com\/es\/#website"},"datePublished":"2015-09-28T15:15:58+00:00","dateModified":"2023-05-28T22:02:56+00:00","breadcrumb":{"@id":"https:\/\/www.doctoragibert.com\/es\/pacientes\/embarazo-y-parto\/sindrome-de-down-deteccion-prenatal\/#breadcrumb"},"inLanguage":"es","potentialAction":[{"@type":"ReadAction","target":["https:\/\/www.doctoragibert.com\/es\/pacientes\/embarazo-y-parto\/sindrome-de-down-deteccion-prenatal\/"]}]},{"@type":"BreadcrumbList","@id":"https:\/\/www.doctoragibert.com\/es\/pacientes\/embarazo-y-parto\/sindrome-de-down-deteccion-prenatal\/#breadcrumb","itemListElement":[{"@type":"ListItem","position":1,"name":"PACIENTES","item":"https:\/\/www.doctoragibert.com\/es\/pacientes\/"},{"@type":"ListItem","position":2,"name":"EMBARAZO Y PARTO","item":"https:\/\/www.doctoragibert.com\/es\/pacientes\/embarazo-y-parto\/"},{"@type":"ListItem","position":3,"name":"S\u00cdNDROME DE DOWN: detecci\u00f3n prenatal"}]},{"@type":"WebSite","@id":"https:\/\/www.doctoragibert.com\/es\/#website","url":"https:\/\/www.doctoragibert.com\/es\/","name":"DRA. GIBERT","description":"Ginecologia i obstetricia","potentialAction":[{"@type":"SearchAction","target":{"@type":"EntryPoint","urlTemplate":"https:\/\/www.doctoragibert.com\/es\/?s={search_term_string}"},"query-input":{"@type":"PropertyValueSpecification","valueRequired":true,"valueName":"search_term_string"}}],"inLanguage":"es"}]}},"_links":{"self":[{"href":"https:\/\/www.doctoragibert.com\/es\/wp-json\/wp\/v2\/pages\/8669","targetHints":{"allow":["GET"]}}],"collection":[{"href":"https:\/\/www.doctoragibert.com\/es\/wp-json\/wp\/v2\/pages"}],"about":[{"href":"https:\/\/www.doctoragibert.com\/es\/wp-json\/wp\/v2\/types\/page"}],"author":[{"embeddable":true,"href":"https:\/\/www.doctoragibert.com\/es\/wp-json\/wp\/v2\/users\/12"}],"replies":[{"embeddable":true,"href":"https:\/\/www.doctoragibert.com\/es\/wp-json\/wp\/v2\/comments?post=8669"}],"version-history":[{"count":5,"href":"https:\/\/www.doctoragibert.com\/es\/wp-json\/wp\/v2\/pages\/8669\/revisions"}],"predecessor-version":[{"id":21427,"href":"https:\/\/www.doctoragibert.com\/es\/wp-json\/wp\/v2\/pages\/8669\/revisions\/21427"}],"up":[{"embeddable":true,"href":"https:\/\/www.doctoragibert.com\/es\/wp-json\/wp\/v2\/pages\/15253"}],"wp:attachment":[{"href":"https:\/\/www.doctoragibert.com\/es\/wp-json\/wp\/v2\/media?parent=8669"}],"curies":[{"name":"wp","href":"https:\/\/api.w.org\/{rel}","templated":true}]}}