{"id":8695,"date":"2015-09-28T15:27:21","date_gmt":"2015-09-28T15:27:21","guid":{"rendered":"http:\/\/gibert.uxiodigital.com\/embaras-i-part\/versio-cefalica-externa-un-procediment-per-a-que-els-fetus-mal-col%e2%80%a2locats-puguin-optar-a-un-part-normal\/"},"modified":"2021-08-10T11:11:51","modified_gmt":"2021-08-10T11:11:51","slug":"versio-cefalica-externa-procedimiento-para-que-los-fetos-mal-colocados-puedan-optar-a-un-parto-normal","status":"publish","type":"page","link":"https:\/\/www.doctoragibert.com\/es\/pacientes\/embarazo-y-parto\/versio-cefalica-externa-procedimiento-para-que-los-fetos-mal-colocados-puedan-optar-a-un-parto-normal\/","title":{"rendered":"VERSI\u00d3N CEF\u00c1LICA EXTERNA: un procedimiento para que los fetos mal colocados puedan optar a un parto normal"},"content":{"rendered":"\t\t<div data-elementor-type=\"wp-page\" data-elementor-id=\"8695\" class=\"elementor elementor-8695 elementor-8690\">\n\t\t\t\t\t\t<section class=\"elementor-section elementor-top-section elementor-element elementor-element-2fc26cc elementor-section-boxed elementor-section-height-default elementor-section-height-default\" data-id=\"2fc26cc\" data-element_type=\"section\" data-settings=\"{&quot;background_background&quot;:&quot;classic&quot;}\">\n\t\t\t\t\t\t<div class=\"elementor-container elementor-column-gap-default\">\n\t\t\t\t\t<div class=\"elementor-column elementor-col-100 elementor-top-column elementor-element elementor-element-40dfd84\" data-id=\"40dfd84\" data-element_type=\"column\">\n\t\t\t<div class=\"elementor-widget-wrap elementor-element-populated\">\n\t\t\t\t\t\t<div class=\"elementor-element elementor-element-c879934 elementor-widget elementor-widget-spacer\" data-id=\"c879934\" data-element_type=\"widget\" data-widget_type=\"spacer.default\">\n\t\t\t\t<div class=\"elementor-widget-container\">\n\t\t\t\t\t\t\t<div class=\"elementor-spacer\">\n\t\t\t<div class=\"elementor-spacer-inner\"><\/div>\n\t\t<\/div>\n\t\t\t\t\t\t<\/div>\n\t\t\t\t<\/div>\n\t\t\t\t<div class=\"elementor-element elementor-element-ad98ee4 elementor-widget elementor-widget-heading\" data-id=\"ad98ee4\" data-element_type=\"widget\" data-widget_type=\"heading.default\">\n\t\t\t\t<div class=\"elementor-widget-container\">\n\t\t\t\t\t<h2 class=\"elementor-heading-title elementor-size-default\">VERSI\u00d3N CEF\u00c1LICA EXTERNA: un procedimiento para que los fetos mal colocados puedan optar a un parto normal<\/h2>\t\t\t\t<\/div>\n\t\t\t\t<\/div>\n\t\t\t\t<div class=\"elementor-element elementor-element-3a09d4b elementor-widget-divider--view-line elementor-widget elementor-widget-divider\" data-id=\"3a09d4b\" data-element_type=\"widget\" data-widget_type=\"divider.default\">\n\t\t\t\t<div class=\"elementor-widget-container\">\n\t\t\t\t\t\t\t<div class=\"elementor-divider\">\n\t\t\t<span class=\"elementor-divider-separator\">\n\t\t\t\t\t\t<\/span>\n\t\t<\/div>\n\t\t\t\t\t\t<\/div>\n\t\t\t\t<\/div>\n\t\t\t\t<div class=\"elementor-element elementor-element-165e3d0 migasdepan elementor-widget elementor-widget-wp-widget-bcn_widget\" data-id=\"165e3d0\" data-element_type=\"widget\" data-widget_type=\"wp-widget-bcn_widget.default\">\n\t\t\t\t<div class=\"elementor-widget-container\">\n\t\t\t\t\t<div class=\"breadcrumbs\" vocab=\"https:\/\/schema.org\/\" typeof=\"BreadcrumbList\"><!-- Breadcrumb NavXT 7.4.1 -->\n<span property=\"itemListElement\" typeof=\"ListItem\"><a property=\"item\" typeof=\"WebPage\" title=\"Ir a DRA. GIBERT.\" href=\"https:\/\/www.doctoragibert.com\/es\/\" class=\"home\" aria-current=\"page\"><span property=\"name\">DRA. GIBERT<\/span><\/a><meta property=\"position\" content=\"1\"><\/span><\/div>\t\t\t\t<\/div>\n\t\t\t\t<\/div>\n\t\t\t\t<div class=\"elementor-element elementor-element-d9d60be elementor-widget elementor-widget-spacer\" data-id=\"d9d60be\" data-element_type=\"widget\" data-widget_type=\"spacer.default\">\n\t\t\t\t<div class=\"elementor-widget-container\">\n\t\t\t\t\t\t\t<div class=\"elementor-spacer\">\n\t\t\t<div class=\"elementor-spacer-inner\"><\/div>\n\t\t<\/div>\n\t\t\t\t\t\t<\/div>\n\t\t\t\t<\/div>\n\t\t\t\t\t<\/div>\n\t\t<\/div>\n\t\t\t\t\t<\/div>\n\t\t<\/section>\n\t\t\t\t<section class=\"elementor-section elementor-top-section elementor-element elementor-element-2bd8979e elementor-section-boxed elementor-section-height-default elementor-section-height-default\" data-id=\"2bd8979e\" data-element_type=\"section\">\n\t\t\t\t\t\t<div class=\"elementor-container elementor-column-gap-default\">\n\t\t\t\t\t<div class=\"elementor-column elementor-col-100 elementor-top-column elementor-element elementor-element-6fab8418\" data-id=\"6fab8418\" data-element_type=\"column\">\n\t\t\t<div class=\"elementor-widget-wrap elementor-element-populated\">\n\t\t\t\t\t\t<div class=\"elementor-element elementor-element-7d751d94 elementor-widget elementor-widget-text-editor\" data-id=\"7d751d94\" data-element_type=\"widget\" data-widget_type=\"text-editor.default\">\n\t\t\t\t<div class=\"elementor-widget-container\">\n\t\t\t\t\t\t\t\t\t<p><img decoding=\"async\" class=\"alignleft size-full wp-image-8692\" src=\"https:\/\/www.doctoragibert.com\/wp-content\/uploads\/2015\/09\/26863e74a57778195853173278ebe90f.jpg\" alt=\"26863e74a57778195853173278ebe90f\" width=\"100\" height=\"165\" \/><\/p><p>La versi\u00f3n es la manipulaci\u00f3n del feto antes del parto, mediante las manos del ginec\u00f3logo, para que el feto ponga la cabeza en la pelvis materna. En otras palabras, <b>es intentar transformar un parto de alto riesgo<\/b> (parto de nalgas y de fetos en situaci\u00f3n transversa) <b>en uno de bajo riesgo<\/b> (parto de cabeza o en cef\u00e1lica).<\/p><p>Esta maniobra se ofrece al final de la gestaci\u00f3n, ya que a las 32 semanas casi uno de cada 6 fetos est\u00e1 sentado, mientras que al final del embarazo s\u00f3lo pasa en uno de cada 33 casos aproximadamente. En resumen, muchos casos se resuelven espont\u00e1neamente.<\/p><p>La versi\u00f3n es ciertamente un intento, ya que <b>s\u00f3lo en 2 de cada 3 versiones conseguimos el cambio de posici\u00f3n fetal deseado<\/b>. Otros inconvenientes son que algunos fetos se vuelven a colocar mal al poco tiempo de haberse realizado el procedimiento y otros terminan en ces\u00e1rea por causas m\u00faltiples, de manera que al final <b>algo menos de la mitad de las mujeres sometidas a versi\u00f3n cef\u00e1lica acaban en ces\u00e1rea<\/b>, lo que se debe comparar con pr\u00e1cticamente el 100% de ces\u00e1reas si no hici\u00e9ramos nada. En los casos en que la versi\u00f3n ha sido exitosa, algo m\u00e1s del 20% acabar\u00e1n en ces\u00e1rea.<\/p><p>Los <b>casos que van mejor<\/b> son: las situaciones transversas, las presentaciones de nalgas y pies (nalgas completas), las placentas posteriores, el l\u00edquido amni\u00f3tico en cantidad suficiente y la raza negra. Por el contrario, las presentaciones de nalgas puras, las mujeres que no han parido nunca, las que tienen los m\u00fasculos abdominales o el \u00fatero muy tensos, las obesas, los casos con placenta anterior o los fetos de bajo peso o con poco l\u00edquido amni\u00f3tico tienen <b>peores resultados<\/b>.<\/p><p>Un caso especial es el de los <b>fetos en situaci\u00f3n transversa<\/b>\u00a0ya que, aunque girarlos no suele presentar demasiadas dificultades, es frecuente que vuelvan a la posici\u00f3n an\u00f3mala, por tanto, una vez girados, se les rompe la bolsa de las aguas y se les provoca el parto.<\/p><p>Quiz\u00e1s ahora, sobre todo si usted ha sufrido una ces\u00e1rea por feto en presentaci\u00f3n pod\u00e1lica o en situaci\u00f3n transversa, se preguntar\u00e1 por qu\u00e9 no se ofrecen m\u00e1s estos procedimientos en la pr\u00e1ctica cl\u00ednica habitual. La respuesta es b\u00e1sicamente que la ces\u00e1rea es m\u00e1s r\u00e1pida y que las mujeres de nuestro entorno no tienen demasiados hijos, as\u00ed que si se las opera para parir tampoco es un gran problema. Tambi\u00e9n se debe a que vivimos en un entorno donde se piden unos resultados perfectos tanto para la madre como para el feto y, claro, la versi\u00f3n tiene un peque\u00f1o riesgo de complicaciones, aunque \u00e9ste es perfectamente asumible. Adem\u00e1s, a muchas embarazadas les estresa tener que pasar unas horas en el hospital por el procedimiento, la administraci\u00f3n de la medicaci\u00f3n y las posibles molestias derivadas de la manipulaci\u00f3n. De cualquier manera, opinamos que se debe respetar la individualidad de la paciente, no todo el mundo quiere ces\u00e1reas, no todo el mundo quiere tener pocos hijos y, claro, ofrecer una versi\u00f3n externa es intentar aumentar las posibilidades de parto vaginal para el embarazo actual y los sucesivos que pueda haber.<\/p><p>Un <b>6%<\/b> de mujeres experimentar\u00e1n <b>alguna complicaci\u00f3n<\/b>, siendo la m\u00e1s frecuente la alteraci\u00f3n transitoria del latido fetal, mientras que otras m\u00e1s graves como el desprendimiento de placenta o la muerte fetal son excepcionales (un caso de entre 2.000 procedimientos para el desprendimiento y uno entre 5.000 para el \u00f3bito fetal), por tanto, la versi\u00f3n debe hacerse dentro o cerca de un paritorio.<\/p><p>La versi\u00f3n est\u00e1 <b>contraindicada<\/b> si: el registro del latido fetal es anormal antes de empezar, si se ha roto la bolsa de las aguas, si la cabeza fetal est\u00e1 hiperextendida, si se esperan gemelos, si el \u00fatero tiene alguna malformaci\u00f3n o si las pruebas de Coombs indirecto o del virus del SIDA son positivas.<\/p><p>Se recomienda <b>a las 36-37 semanas<\/b>, aunque se puede hacer m\u00e1s tarde, e incluso durante el parto. La ventaja de hacerlo tarde es que algunos casos se resuelven espont\u00e1neamente, mientras que los inconvenientes son perder la oportunidad de hacerla si se rompe la bolsa de las aguas o el parto evoluciona r\u00e1pidamente.<\/p><p>Los <b>pasos del procedimiento<\/b> son:<\/p><ul><li>Se explica la t\u00e9cnica a la paciente y se recoge su consentimiento informado firmado.<\/li><li>Es aconsejable orinar antes de la versi\u00f3n.<\/li><li>Se hace una ecograf\u00eda para verificar que no hay contraindicaciones al procedimiento.<\/li><li>Se realiza tambi\u00e9n un registro cardiotocogr\u00e1fico (<a href=\"https:\/\/www.doctoragibert.com\/categoria.php?lang=es&amp;id=49\" target=\"_blank\" rel=\"noopener\">prueba de las correas<\/a>) para demostrar el bienestar fetal previo a la versi\u00f3n.<\/li><li>Se administra una medicaci\u00f3n endovenosa para relajar el \u00fatero y, opcionalmente, un calmante endovenoso. El ritodrine (Prepar\u00ae) es el que m\u00e1s se utiliza en nuestro entorno para frenar las contracciones. Debe saber que dicha medicaci\u00f3n le puede causar palpitaciones, temblor y sensaci\u00f3n de mareo, pero duran poco tiempo y se resuelven espont\u00e1neamente.<\/li><li>La paciente se estira en dec\u00fabito supino sobre una cama dura, ligeramente en Trendelemburg (posici\u00f3n en la que la cabeza queda en un plano m\u00e1s bajo que la pelvis) y se impregna el abdomen con gel de ultrasonidos. Uno o dos m\u00e9dicos hacen las maniobras manuales pertinentes, primero para desencajar la presentaci\u00f3n fetal y luego para rotar el feto.<\/li><li>Se controla el latido fetal con ecograf\u00eda durante todo el procedimiento y despu\u00e9s con la prueba de las correas. Si el latido fuera muy lento dejar\u00edamos de maniobrar.<\/li><li>En general, se hacen hasta cuatro intentos de versi\u00f3n de 5 minutos de duraci\u00f3n cada uno y, si no se consigue el cambio de posici\u00f3n, se da el procedimiento como fallido.<\/li><li>Si el factor Rh es negativo, se le administra la gammaglobulina preventiva de la enfermedad por incompatibilidad del Rh.<\/li><\/ul><p>Hemos seleccionado unos <b>v\u00eddeos<\/b> muy ilustrativos para complementar la informaci\u00f3n anterior:<\/p><ul><li><a href=\"http:\/\/www.youtube.com\/watch?v=Zsv1v8LZJM0\" target=\"_blank\" rel=\"noopener\">Versi\u00f3n externa realizada en el Hospital de Nuestra Se\u00f1ora del Prado<\/a> (Talavera de la Reina, Toledo).<\/li><li><a href=\"http:\/\/www.youtube.com\/watch?v=rP3UGIiPMek\" target=\"_blank\" rel=\"noopener\">\u201cVersi\u00f3n cef\u00e1lica externa \u2013 C\u00f3mo y por qu\u00e9 \u2013 Recomendaciones OMS.\u201d<\/a> es un v\u00eddeo traducido al castellano y que explica las diferentes modalidades de la versi\u00f3n.<\/li><li><a href=\"http:\/\/www.youtube.com\/watch?v=i66P5malx3E\" target=\"_blank\" rel=\"noopener\">\u201cNHS External Cephalic Version\u201d<\/a> procede de la Seguridad Social brit\u00e1nica, comienza explicando las indicaciones y luego muestra muy bien el procedimiento, en ingl\u00e9s.<\/li><li><a href=\"http:\/\/www.youtube.com\/watch?v=qT2jBxVoOQc\" target=\"_blank\" rel=\"noopener\">\u201cSuccessful External Cephalic Version (ECV) \u2013 Turning a breech baby in just 2 minutes!\u201d<\/a> es una filmaci\u00f3n muy corta en lengua inglesa que se centra en el procedimiento.<\/li><\/ul><p>Igualmente, puede acceder al <a href=\"https:\/\/www.doctoragibert.com\/intranet\/archivos\/19_02_1310_03_58Versio_externa.pdf\" target=\"_blank\" rel=\"noopener\">documento de consentimiento informado<\/a> que ofrecemos en nuestra web.<\/p><p>\u00a0<\/p><div class=\"clear\">\u00a0<\/div><p><b>Fuentes de la informaci\u00f3n:<\/b> <i><\/i><\/p><ul><li>American College of Obstetricians and Gynecologists. External cephalic version. ACOG practice bulletin Number 13, February 2000.<\/li><li>de Hundt M, Velzel J, de Groot CJ, Mol BW, Kok M. Mode of delivery after successful external cephalic version: a systematic review and meta-analysis. Obstet Gynecol. 2014;123:1327-34.<\/li><li>Grootscholten K, Kok M, Oei SG, Mol BW, van der Post JA. External Cephalic Version-Related Risks: A Meta-analysis. Obstet Gynecol. 2008;112:1143-51.<\/li><li>Hofmeyr GJ, Kulier R. External cephalic version for breech presentation at term. Cochrane Database Syst Rev. 2012;10:CD000083.<\/li><li>Kok M, Cnossen J, Gravendeel L, van der Post J, Opmeer B, Mol BW. Clinical factors to predict the outcome of external cephalic version: a metaanalysis. Am J Obstet Gynecol. 2008;199:630.:630.e1-7.<\/li><li>Kok M, Cnossen J, Gravendeel L, van Der Post JA, Mol BW. Ultrasound factors to predict the outcome of external cephalic version: a meta-analysis. Ultrasound Obstet Gynecol. 2009;33:76-84.<\/li><li>Sociedad Espa\u00f1ola de Ginecolog\u00eda y Obstetricia. Protocolos de Procedimientos Diagn\u00f3sticos y Terap\u00e9uticos en Obstetricia. Versi\u00f3n cef\u00e1lica externa. Actualizado Marzo 2014.<\/li><\/ul><div class=\"clear\">\u00a0<\/div>\t\t\t\t\t\t\t\t<\/div>\n\t\t\t\t<\/div>\n\t\t\t\t\t<\/div>\n\t\t<\/div>\n\t\t\t\t\t<\/div>\n\t\t<\/section>\n\t\t\t\t<section class=\"elementor-section elementor-top-section elementor-element elementor-element-f10d85a elementor-section-boxed elementor-section-height-default elementor-section-height-default\" data-id=\"f10d85a\" data-element_type=\"section\">\n\t\t\t\t\t\t<div class=\"elementor-container elementor-column-gap-default\">\n\t\t\t\t\t<div class=\"elementor-column elementor-col-100 elementor-top-column elementor-element elementor-element-e51c7f2\" data-id=\"e51c7f2\" data-element_type=\"column\">\n\t\t\t<div class=\"elementor-widget-wrap elementor-element-populated\">\n\t\t\t\t\t\t<div class=\"elementor-element elementor-element-4acadab elementor-widget elementor-widget-shortcode\" data-id=\"4acadab\" data-element_type=\"widget\" data-widget_type=\"shortcode.default\">\n\t\t\t\t<div class=\"elementor-widget-container\">\n\t\t\t\t\t\t\t<div class=\"elementor-shortcode\">[ssba-buttons]<\/div>\n\t\t\t\t\t\t<\/div>\n\t\t\t\t<\/div>\n\t\t\t\t\t<\/div>\n\t\t<\/div>\n\t\t\t\t\t<\/div>\n\t\t<\/section>\n\t\t\t\t<\/div>\n\t\t","protected":false},"excerpt":{"rendered":"<p>VERSI\u00d3N CEF\u00c1LICA EXTERNA: un procedimiento para que los fetos mal colocados puedan optar a un parto normal La versi\u00f3n es la manipulaci\u00f3n del feto antes del parto, mediante las manos del ginec\u00f3logo, para que el feto ponga la cabeza en la pelvis materna. En otras palabras, es intentar transformar un parto de alto riesgo (parto [&hellip;]<\/p>\n","protected":false},"author":12,"featured_media":0,"parent":15253,"menu_order":0,"comment_status":"open","ping_status":"open","template":"elementor_header_footer","meta":{"footnotes":""},"class_list":["post-8695","page","type-page","status-publish","hentry"],"yoast_head":"<!-- This site is optimized with the Yoast SEO plugin v25.0 - https:\/\/yoast.com\/wordpress\/plugins\/seo\/ -->\n<title>VERSI\u00d3N CEF\u00c1LICA EXTERNA: un procedimiento para que los fetos mal colocados puedan optar a un parto normal - DRA. GIBERT<\/title>\n<meta name=\"robots\" content=\"index, follow, max-snippet:-1, max-image-preview:large, max-video-preview:-1\" \/>\n<link rel=\"canonical\" href=\"https:\/\/www.doctoragibert.com\/es\/pacientes\/embarazo-y-parto\/versio-cefalica-externa-procedimiento-para-que-los-fetos-mal-colocados-puedan-optar-a-un-parto-normal\/\" \/>\n<meta property=\"og:locale\" content=\"es_ES\" \/>\n<meta property=\"og:type\" content=\"article\" \/>\n<meta property=\"og:title\" content=\"VERSI\u00d3N CEF\u00c1LICA EXTERNA: un procedimiento para que los fetos mal colocados puedan optar a un parto normal - DRA. GIBERT\" \/>\n<meta property=\"og:description\" content=\"VERSI\u00d3N CEF\u00c1LICA EXTERNA: un procedimiento para que los fetos mal colocados puedan optar a un parto normal La versi\u00f3n es la manipulaci\u00f3n del feto antes del parto, mediante las manos del ginec\u00f3logo, para que el feto ponga la cabeza en la pelvis materna. En otras palabras, es intentar transformar un parto de alto riesgo (parto [&hellip;]\" \/>\n<meta property=\"og:url\" content=\"https:\/\/www.doctoragibert.com\/es\/pacientes\/embarazo-y-parto\/versio-cefalica-externa-procedimiento-para-que-los-fetos-mal-colocados-puedan-optar-a-un-parto-normal\/\" \/>\n<meta property=\"og:site_name\" content=\"DRA. GIBERT\" \/>\n<meta property=\"article:publisher\" content=\"https:\/\/www.facebook.com\/doctoragibert\" \/>\n<meta property=\"article:modified_time\" content=\"2021-08-10T11:11:51+00:00\" \/>\n<meta property=\"og:image\" content=\"https:\/\/www.doctoragibert.com\/wp-content\/uploads\/2015\/09\/26863e74a57778195853173278ebe90f.jpg\" \/>\n<meta name=\"twitter:label1\" content=\"Tiempo de lectura\" \/>\n\t<meta name=\"twitter:data1\" content=\"7 minutos\" \/>\n<script type=\"application\/ld+json\" class=\"yoast-schema-graph\">{\"@context\":\"https:\/\/schema.org\",\"@graph\":[{\"@type\":\"WebPage\",\"@id\":\"https:\/\/www.doctoragibert.com\/es\/pacientes\/embarazo-y-parto\/versio-cefalica-externa-procedimiento-para-que-los-fetos-mal-colocados-puedan-optar-a-un-parto-normal\/\",\"url\":\"https:\/\/www.doctoragibert.com\/es\/pacientes\/embarazo-y-parto\/versio-cefalica-externa-procedimiento-para-que-los-fetos-mal-colocados-puedan-optar-a-un-parto-normal\/\",\"name\":\"VERSI\u00d3N CEF\u00c1LICA EXTERNA: un procedimiento para que los fetos mal colocados puedan optar a un parto normal - DRA. GIBERT\",\"isPartOf\":{\"@id\":\"https:\/\/www.doctoragibert.com\/es\/#website\"},\"primaryImageOfPage\":{\"@id\":\"https:\/\/www.doctoragibert.com\/es\/pacientes\/embarazo-y-parto\/versio-cefalica-externa-procedimiento-para-que-los-fetos-mal-colocados-puedan-optar-a-un-parto-normal\/#primaryimage\"},\"image\":{\"@id\":\"https:\/\/www.doctoragibert.com\/es\/pacientes\/embarazo-y-parto\/versio-cefalica-externa-procedimiento-para-que-los-fetos-mal-colocados-puedan-optar-a-un-parto-normal\/#primaryimage\"},\"thumbnailUrl\":\"https:\/\/www.doctoragibert.com\/wp-content\/uploads\/2015\/09\/26863e74a57778195853173278ebe90f.jpg\",\"datePublished\":\"2015-09-28T15:27:21+00:00\",\"dateModified\":\"2021-08-10T11:11:51+00:00\",\"breadcrumb\":{\"@id\":\"https:\/\/www.doctoragibert.com\/es\/pacientes\/embarazo-y-parto\/versio-cefalica-externa-procedimiento-para-que-los-fetos-mal-colocados-puedan-optar-a-un-parto-normal\/#breadcrumb\"},\"inLanguage\":\"es\",\"potentialAction\":[{\"@type\":\"ReadAction\",\"target\":[\"https:\/\/www.doctoragibert.com\/es\/pacientes\/embarazo-y-parto\/versio-cefalica-externa-procedimiento-para-que-los-fetos-mal-colocados-puedan-optar-a-un-parto-normal\/\"]}]},{\"@type\":\"ImageObject\",\"inLanguage\":\"es\",\"@id\":\"https:\/\/www.doctoragibert.com\/es\/pacientes\/embarazo-y-parto\/versio-cefalica-externa-procedimiento-para-que-los-fetos-mal-colocados-puedan-optar-a-un-parto-normal\/#primaryimage\",\"url\":\"https:\/\/www.doctoragibert.com\/wp-content\/uploads\/2015\/09\/26863e74a57778195853173278ebe90f.jpg\",\"contentUrl\":\"https:\/\/www.doctoragibert.com\/wp-content\/uploads\/2015\/09\/26863e74a57778195853173278ebe90f.jpg\"},{\"@type\":\"BreadcrumbList\",\"@id\":\"https:\/\/www.doctoragibert.com\/es\/pacientes\/embarazo-y-parto\/versio-cefalica-externa-procedimiento-para-que-los-fetos-mal-colocados-puedan-optar-a-un-parto-normal\/#breadcrumb\",\"itemListElement\":[{\"@type\":\"ListItem\",\"position\":1,\"name\":\"PACIENTES\",\"item\":\"https:\/\/www.doctoragibert.com\/es\/pacientes\/\"},{\"@type\":\"ListItem\",\"position\":2,\"name\":\"EMBARAZO Y PARTO\",\"item\":\"https:\/\/www.doctoragibert.com\/es\/pacientes\/embarazo-y-parto\/\"},{\"@type\":\"ListItem\",\"position\":3,\"name\":\"VERSI\u00d3N CEF\u00c1LICA EXTERNA: un procedimiento para que los fetos mal colocados puedan optar a un parto normal\"}]},{\"@type\":\"WebSite\",\"@id\":\"https:\/\/www.doctoragibert.com\/es\/#website\",\"url\":\"https:\/\/www.doctoragibert.com\/es\/\",\"name\":\"DRA. GIBERT\",\"description\":\"Ginecologia i obstetricia\",\"potentialAction\":[{\"@type\":\"SearchAction\",\"target\":{\"@type\":\"EntryPoint\",\"urlTemplate\":\"https:\/\/www.doctoragibert.com\/es\/?s={search_term_string}\"},\"query-input\":{\"@type\":\"PropertyValueSpecification\",\"valueRequired\":true,\"valueName\":\"search_term_string\"}}],\"inLanguage\":\"es\"}]}<\/script>\n<!-- \/ Yoast SEO plugin. -->","yoast_head_json":{"title":"VERSI\u00d3N CEF\u00c1LICA EXTERNA: un procedimiento para que los fetos mal colocados puedan optar a un parto normal - DRA. GIBERT","robots":{"index":"index","follow":"follow","max-snippet":"max-snippet:-1","max-image-preview":"max-image-preview:large","max-video-preview":"max-video-preview:-1"},"canonical":"https:\/\/www.doctoragibert.com\/es\/pacientes\/embarazo-y-parto\/versio-cefalica-externa-procedimiento-para-que-los-fetos-mal-colocados-puedan-optar-a-un-parto-normal\/","og_locale":"es_ES","og_type":"article","og_title":"VERSI\u00d3N CEF\u00c1LICA EXTERNA: un procedimiento para que los fetos mal colocados puedan optar a un parto normal - DRA. GIBERT","og_description":"VERSI\u00d3N CEF\u00c1LICA EXTERNA: un procedimiento para que los fetos mal colocados puedan optar a un parto normal La versi\u00f3n es la manipulaci\u00f3n del feto antes del parto, mediante las manos del ginec\u00f3logo, para que el feto ponga la cabeza en la pelvis materna. En otras palabras, es intentar transformar un parto de alto riesgo (parto [&hellip;]","og_url":"https:\/\/www.doctoragibert.com\/es\/pacientes\/embarazo-y-parto\/versio-cefalica-externa-procedimiento-para-que-los-fetos-mal-colocados-puedan-optar-a-un-parto-normal\/","og_site_name":"DRA. GIBERT","article_publisher":"https:\/\/www.facebook.com\/doctoragibert","article_modified_time":"2021-08-10T11:11:51+00:00","og_image":[{"url":"https:\/\/www.doctoragibert.com\/wp-content\/uploads\/2015\/09\/26863e74a57778195853173278ebe90f.jpg","type":"","width":"","height":""}],"twitter_misc":{"Tiempo de lectura":"7 minutos"},"schema":{"@context":"https:\/\/schema.org","@graph":[{"@type":"WebPage","@id":"https:\/\/www.doctoragibert.com\/es\/pacientes\/embarazo-y-parto\/versio-cefalica-externa-procedimiento-para-que-los-fetos-mal-colocados-puedan-optar-a-un-parto-normal\/","url":"https:\/\/www.doctoragibert.com\/es\/pacientes\/embarazo-y-parto\/versio-cefalica-externa-procedimiento-para-que-los-fetos-mal-colocados-puedan-optar-a-un-parto-normal\/","name":"VERSI\u00d3N CEF\u00c1LICA EXTERNA: un procedimiento para que los fetos mal colocados puedan optar a un parto normal - DRA. GIBERT","isPartOf":{"@id":"https:\/\/www.doctoragibert.com\/es\/#website"},"primaryImageOfPage":{"@id":"https:\/\/www.doctoragibert.com\/es\/pacientes\/embarazo-y-parto\/versio-cefalica-externa-procedimiento-para-que-los-fetos-mal-colocados-puedan-optar-a-un-parto-normal\/#primaryimage"},"image":{"@id":"https:\/\/www.doctoragibert.com\/es\/pacientes\/embarazo-y-parto\/versio-cefalica-externa-procedimiento-para-que-los-fetos-mal-colocados-puedan-optar-a-un-parto-normal\/#primaryimage"},"thumbnailUrl":"https:\/\/www.doctoragibert.com\/wp-content\/uploads\/2015\/09\/26863e74a57778195853173278ebe90f.jpg","datePublished":"2015-09-28T15:27:21+00:00","dateModified":"2021-08-10T11:11:51+00:00","breadcrumb":{"@id":"https:\/\/www.doctoragibert.com\/es\/pacientes\/embarazo-y-parto\/versio-cefalica-externa-procedimiento-para-que-los-fetos-mal-colocados-puedan-optar-a-un-parto-normal\/#breadcrumb"},"inLanguage":"es","potentialAction":[{"@type":"ReadAction","target":["https:\/\/www.doctoragibert.com\/es\/pacientes\/embarazo-y-parto\/versio-cefalica-externa-procedimiento-para-que-los-fetos-mal-colocados-puedan-optar-a-un-parto-normal\/"]}]},{"@type":"ImageObject","inLanguage":"es","@id":"https:\/\/www.doctoragibert.com\/es\/pacientes\/embarazo-y-parto\/versio-cefalica-externa-procedimiento-para-que-los-fetos-mal-colocados-puedan-optar-a-un-parto-normal\/#primaryimage","url":"https:\/\/www.doctoragibert.com\/wp-content\/uploads\/2015\/09\/26863e74a57778195853173278ebe90f.jpg","contentUrl":"https:\/\/www.doctoragibert.com\/wp-content\/uploads\/2015\/09\/26863e74a57778195853173278ebe90f.jpg"},{"@type":"BreadcrumbList","@id":"https:\/\/www.doctoragibert.com\/es\/pacientes\/embarazo-y-parto\/versio-cefalica-externa-procedimiento-para-que-los-fetos-mal-colocados-puedan-optar-a-un-parto-normal\/#breadcrumb","itemListElement":[{"@type":"ListItem","position":1,"name":"PACIENTES","item":"https:\/\/www.doctoragibert.com\/es\/pacientes\/"},{"@type":"ListItem","position":2,"name":"EMBARAZO Y PARTO","item":"https:\/\/www.doctoragibert.com\/es\/pacientes\/embarazo-y-parto\/"},{"@type":"ListItem","position":3,"name":"VERSI\u00d3N CEF\u00c1LICA EXTERNA: un procedimiento para que los fetos mal colocados puedan optar a un parto normal"}]},{"@type":"WebSite","@id":"https:\/\/www.doctoragibert.com\/es\/#website","url":"https:\/\/www.doctoragibert.com\/es\/","name":"DRA. GIBERT","description":"Ginecologia i obstetricia","potentialAction":[{"@type":"SearchAction","target":{"@type":"EntryPoint","urlTemplate":"https:\/\/www.doctoragibert.com\/es\/?s={search_term_string}"},"query-input":{"@type":"PropertyValueSpecification","valueRequired":true,"valueName":"search_term_string"}}],"inLanguage":"es"}]}},"_links":{"self":[{"href":"https:\/\/www.doctoragibert.com\/es\/wp-json\/wp\/v2\/pages\/8695","targetHints":{"allow":["GET"]}}],"collection":[{"href":"https:\/\/www.doctoragibert.com\/es\/wp-json\/wp\/v2\/pages"}],"about":[{"href":"https:\/\/www.doctoragibert.com\/es\/wp-json\/wp\/v2\/types\/page"}],"author":[{"embeddable":true,"href":"https:\/\/www.doctoragibert.com\/es\/wp-json\/wp\/v2\/users\/12"}],"replies":[{"embeddable":true,"href":"https:\/\/www.doctoragibert.com\/es\/wp-json\/wp\/v2\/comments?post=8695"}],"version-history":[{"count":5,"href":"https:\/\/www.doctoragibert.com\/es\/wp-json\/wp\/v2\/pages\/8695\/revisions"}],"predecessor-version":[{"id":15859,"href":"https:\/\/www.doctoragibert.com\/es\/wp-json\/wp\/v2\/pages\/8695\/revisions\/15859"}],"up":[{"embeddable":true,"href":"https:\/\/www.doctoragibert.com\/es\/wp-json\/wp\/v2\/pages\/15253"}],"wp:attachment":[{"href":"https:\/\/www.doctoragibert.com\/es\/wp-json\/wp\/v2\/media?parent=8695"}],"curies":[{"name":"wp","href":"https:\/\/api.w.org\/{rel}","templated":true}]}}